{"id":21304,"date":"2025-12-17T12:21:21","date_gmt":"2025-12-17T12:21:21","guid":{"rendered":"https:\/\/staging.genekas24.ee\/?post_type=product&#038;p=21304"},"modified":"2025-12-17T12:57:12","modified_gmt":"2025-12-17T12:57:12","slug":"akuga-kettsaag-ks-cs20v-12","status":"publish","type":"product","link":"https:\/\/staging.genekas24.ee\/en\/product\/akuga-kettsaag-ks-cs20v-12\/","title":{"rendered":"Akuga kettsaag KS CS20V-12"},"content":{"rendered":"<p>&nbsp;<\/p>\n<p><img fetchpriority=\"high\" decoding=\"async\" class=\"alignleft\" src=\"https:\/\/konner-sohnen.ee\/cdn\/shop\/files\/cordless-chainsaw-ks-photo.jpg?v=1723486320&amp;width=980\" width=\"585\" height=\"390\" \/><\/p>\n<p>Juhtmeta kettsaed\u00a0<strong>K\u00f6nner &amp; S\u00f6hnen\u00ae<\/strong>\u00a0on kaasaegsed aiat\u00f6\u00f6riistad, mis p\u00f5hinevad liitiumioonakudel. Juhtmeta kettsaagide peamine eelis on nende liikuvus &#8211; t\u00f6\u00f6riista saab kasutada raskesti ligip\u00e4\u00e4setavates kohtades, eemal kesksest elektriv\u00f5rgust.<\/p>\n<p>K\u00f6nner &amp; S\u00f6hnen\u00ae juhtmeta kettsaed eristuvad oma kompaktsete m\u00f5\u00f5tmete ja kerge kaalu poolest, tagades maksimaalse kasutusmugavuse. KS CS20V-12, mille mootori kiirus on 3000 p\/min, on k\u00e4ep\u00e4rane, kompaktne mudel ja ideaalne lahendus aias okste k\u00e4rpimiseks.<\/p>\n<p>Akude kompaktne suurus ja kerge disain muudavad need ideaalseks seadmetega t\u00f6\u00f6tamiseks ilma lisaraskuse tundeta. Need akud v\u00f5ivad kiidelda oma k\u00f5rge efektiivsuse, kiire laadimisv\u00f5ime ja minimaalse energiakadu \u00fcle ooteajal.<\/p>\n<p>&nbsp;<\/p>\n<p>&nbsp;<\/p>\n<p>&nbsp;<\/p>\n<p>&nbsp;<\/p>\n<p><img decoding=\"async\" class=\"aligncenter\" src=\"https:\/\/konner-sohnen.ee\/cdn\/shop\/files\/one-battery-en.png?v=1723486305&amp;width=1920\" \/><\/p>\n<table style=\"border-collapse: collapse; width: 100%;\">\n<tbody>\n<tr>\n<td style=\"width: 50%;\">\n<div class=\"accu-custom-list-title\">\n<p>FINANTSILINE KASU<\/p>\n<\/div>\n<p>M\u00e4rkimisv\u00e4\u00e4rne osa akutoitel t\u00f6\u00f6riistade maksumusest on seotud akudega. V\u00f5imalus kasutada sama akut mitme t\u00f6\u00f6riista jaoks tagab m\u00e4rkimisv\u00e4\u00e4rse kulude kokkuhoiu. K\u00f6nner &amp; S\u00f6hnen\u00ae universaalsed akud on \u00fchilduvad k\u00f5igi meie kaubam\u00e4rgi akutoitel aiat\u00f6\u00f6riistadega. Seega peavad kasutajad ostma ainult soovitud mahutavusega aku ja laadimisseadme ning seej\u00e4rel kasutama neid meie seeria mis tahes akutoitel t\u00f6\u00f6riistaga.<\/p>\n<p>*Aku ja laadija ei kuulu komplekti<\/td>\n<td style=\"width: 50%;\">\n<div class=\"accu-custom-list-title\"><\/div>\n<div class=\"accu-custom-list-title\">\n<p>MUGAVUS T\u00d6\u00d6 K\u00c4IGUS<\/p>\n<\/div>\n<p>\u00dche aku kasutamine mitme t\u00f6\u00f6riista jaoks lihtsustab oluliselt t\u00f6\u00f6protsessi, s\u00e4\u00e4stab aega ja v\u00e4hendab t\u00f6\u00f6katkestusi. Pole vaja liigutada, hoiustada ega j\u00e4lgida erinevate akude laetuse olekut. Kui teil on mitu \u00fclesannet, v\u00f5tke lihtsalt \u00fcks aku kaasa ja kasutage seda erinevate t\u00f6\u00f6riistadega. Akudeta seadmed on palju kergemad, mis suurendab t\u00f6\u00f6 mugavust.<\/td>\n<\/tr>\n<\/tbody>\n<\/table>\n<p>&nbsp;<\/p>\n<table style=\"border-collapse: collapse; width: 100%;\">\n<tbody>\n<tr>\n<td style=\"width: 49.8552%;\"><img decoding=\"async\" class=\"aligncenter\" src=\"https:\/\/konner-sohnen.ee\/cdn\/shop\/files\/cordless-chainsaw-ks-cs20v-12-ergonomic.jpg?v=1723486321&amp;width=1920\" width=\"628\" height=\"377\" \/><\/p>\n<p style=\"text-align: center;\"><strong>Ergonoomiline kummist libisemisvastane k\u00e4epide v\u00e4hendab t\u00f5husalt vibratsiooni ja libisemist<\/strong><\/p>\n<\/td>\n<td style=\"width: 50.1448%;\"><img decoding=\"async\" class=\"aligncenter\" src=\"https:\/\/konner-sohnen.ee\/cdn\/shop\/files\/cordless-chainsaw-ks-cs20v-12-light-weight_3a0b4b1c-2bfa-473a-9512-0566625abe2d.jpg?v=1723486322&amp;width=1920\" width=\"634\" height=\"380\" \/><\/p>\n<p style=\"text-align: center;\"><strong>Kerge disain tagab lihtsa man\u00f6\u00f6verdusv\u00f5ime erinevates l\u00f5ikeasendites<\/strong><\/p>\n<\/td>\n<\/tr>\n<\/tbody>\n<\/table>\n<p>&nbsp;<\/p>\n<table style=\"border-collapse: collapse; width: 100%;\">\n<tbody>\n<tr>\n<td style=\"width: 17.8494%;\"><img decoding=\"async\" src=\"https:\/\/konner-sohnen.ee\/cdn\/shop\/files\/automatic-chain-lubrication_bc767cb3-19d3-40e0-a625-8c9efd4d4b89.jpg?v=1723486298&amp;width=500\" alt=\"Automaatne ketim\u00e4\u00e4rimine\" \/><\/td>\n<td style=\"width: 82.1506%;\">\n<h3>Automaatne ketim\u00e4\u00e4rimine<\/h3>\n<div class=\"text-sm\">K\u00f6nner &amp; S\u00f6hnen\u00ae kettsaed on varustatud kaasaegse automaatse ketim\u00e4\u00e4rimiss\u00fcsteemiga. T\u00f6\u00f6 k\u00e4igus varustab integreeritud pump vajaliku koguse m\u00e4\u00e4rdeainet lati ja ketti, tagades usaldusv\u00e4\u00e4rse ja katkematu m\u00e4\u00e4rimise optimaalse tootlikkuse ja pikema sae t\u00f6\u00f6ea saavutamiseks.<\/div>\n<\/td>\n<\/tr>\n<tr>\n<td style=\"width: 17.8494%;\"><img decoding=\"async\" src=\"https:\/\/konner-sohnen.ee\/cdn\/shop\/files\/free-tool-battery.jpg?v=1723486299&amp;width=500\" alt=\"&quot;t\u00f6\u00f6riistavaba&quot; ketipingutusmehhanism\" \/><\/td>\n<td style=\"width: 82.1506%;\">\n<h3>&#8220;T\u00f6\u00f6riistavaba&#8221; ketipingutusmehhanism<\/h3>\n<div class=\"text-sm\">T\u00f6\u00f6riistavaba ketipingutuss\u00fcsteem, mis on loodud ilma t\u00f6\u00f6riistadeta, on v\u00e4ga mugav ja oluline funktsioon, mis v\u00f5imaldab kiiret ja lihtsat keti pingutuse reguleerimist latil. Pole vaja kasutada lisat\u00f6\u00f6riistu! \u00d5ige ketipingutus parandab l\u00f5ikamise efektiivsust, aitab v\u00e4ltida liigset kulumist ja tagab t\u00f6\u00f6riista usaldusv\u00e4\u00e4rse ja ohutu t\u00f6\u00f6.<\/div>\n<\/td>\n<\/tr>\n<\/tbody>\n<\/table>","protected":false},"excerpt":{"rendered":"<table>\n<tbody>\n<tr>\n<td>Rated voltage, V<\/td>\n<td>20<\/td>\n<\/tr>\n<tr>\n<td>Soovitatav aku mahtuvus<\/td>\n<td>2 Ah, 4 Ah, 6 Ah, 8 Ah<\/td>\n<\/tr>\n<tr>\n<td>Battery Type<\/td>\n<td>Laetav liitiumioonaku<\/td>\n<\/tr>\n<tr>\n<td>Aku ja laadija<\/td>\n<td>ei kuulu komplekti<\/td>\n<\/tr>\n<tr>\n<td>Engine type<\/td>\n<td>Harjamootor<\/td>\n<\/tr>\n<tr>\n<td>T\u00f6\u00f6sagedus, p\/min<\/td>\n<td>3000<\/td>\n<\/tr>\n<tr>\n<td>Juhtplaat<\/td>\n<td>Oregon 120SDEA041<\/td>\n<\/tr>\n<tr>\n<td>Keti pikkus<\/td>\n<td>12\u201d (30 cm)<\/td>\n<\/tr>\n<tr>\n<td>Keti samm<\/td>\n<td>3\/8\u201d<\/td>\n<\/tr>\n<tr>\n<td>Keti m\u00f5\u00f5dik<\/td>\n<td>050\u201d (1.3 mm)<\/td>\n<\/tr>\n<tr>\n<td>Juhtivate linkide arv<\/td>\n<td>45<\/td>\n<\/tr>\n<tr>\n<td>Keti kiirus, m\/s<\/td>\n<td>5.6<\/td>\n<\/tr>\n<tr>\n<td>\u00d5lipaagi maht, ml<\/td>\n<td>300<\/td>\n<\/tr>\n<tr>\n<td>Keti pingutamine ilma t\u00f6\u00f6riistata<\/td>\n<td>+<\/td>\n<\/tr>\n<tr>\n<td>\u00dcldm\u00f5\u00f5tmed (PxLxK), mm<\/td>\n<td>455\u00d7225&#215;230<\/td>\n<\/tr>\n<tr>\n<td>Net weight, kg<\/td>\n<td>3.5<\/td>\n<\/tr>\n<tr>\n<td>Kogukaal, kg<\/td>\n<td>4.2<\/td>\n<\/tr>\n<tr>\n<td>SKU<\/td>\n<td>KS CS20V-12<\/td>\n<\/tr>\n<tr>\n<td>V\u00f6\u00f6tkood<\/td>\n<td>4260405367061<\/td>\n<\/tr>\n<\/tbody>\n<\/table>\n<p>*Aku ja laadija ei kuulu komplekti<\/p>","protected":false},"featured_media":21308,"template":"","meta":{"_acf_changed":false,"inline_featured_image":false},"product_brand":[],"product_cat":[159,184,182],"product_tag":[],"class_list":{"0":"post-21304","1":"product","2":"type-product","3":"status-publish","4":"has-post-thumbnail","6":"product_cat-aiatooriistad","7":"product_cat-juhtmeta-kettsaed","8":"product_cat-saed","9":"brand-konner-sohnen","11":"first","12":"instock","13":"taxable","14":"shipping-taxable","15":"purchasable","16":"product-type-simple"},"acf":[],"yoast_head":"<!-- This site is optimized with the Yoast SEO plugin v26.2 - https:\/\/yoast.com\/wordpress\/plugins\/seo\/ -->\n<title>Akuga kettsaag KS CS20V-12 - Genekas24<\/title>\n<meta name=\"robots\" content=\"index, follow, max-snippet:-1, max-image-preview:large, max-video-preview:-1\" \/>\n<link rel=\"canonical\" href=\"https:\/\/staging.genekas24.ee\/en\/product\/akuga-kettsaag-ks-cs20v-12\/\" \/>\n<meta property=\"og:locale\" content=\"en_GB\" \/>\n<meta property=\"og:type\" content=\"article\" \/>\n<meta property=\"og:title\" content=\"Akuga kettsaag KS CS20V-12 - Genekas24\" \/>\n<meta property=\"og:description\" content=\"Nimipinge, V 20   Soovitatav aku mahtuvus 2 Ah, 4 Ah, 6 Ah, 8 Ah   Aku t\u00fc\u00fcp Laetav liitiumioonaku   Aku ja laadija ei kuulu komplekti   Mootori t\u00fc\u00fcp Harjamootor   T\u00f6\u00f6sagedus, p\/min 3000   Juhtplaat Oregon 120SDEA041   Keti pikkus 12\u201d (30 cm)   Keti samm 3\/8\u201d   Keti m\u00f5\u00f5dik 050\u201d (1.3 mm)   Juhtivate linkide arv 45   Keti kiirus, m\/s 5.6   \u00d5lipaagi maht, ml 300   Keti pingutamine ilma t\u00f6\u00f6riistata +   \u00dcldm\u00f5\u00f5tmed (PxLxK), mm 455\u00d7225x230   Netokaal, kg 3.5   Kogukaal, kg 4.2   SKU KS CS20V-12   V\u00f6\u00f6tkood 4260405367061    *Aku ja laadija ei kuulu komplekti\" \/>\n<meta property=\"og:url\" content=\"https:\/\/staging.genekas24.ee\/en\/product\/akuga-kettsaag-ks-cs20v-12\/\" \/>\n<meta property=\"og:site_name\" content=\"Genekas24\" \/>\n<meta property=\"article:modified_time\" content=\"2025-12-17T12:57:12+00:00\" \/>\n<meta property=\"og:image\" content=\"https:\/\/staging.genekas24.ee\/wp-content\/uploads\/2025\/12\/ks-cs20v-12_01.webp\" \/>\n\t<meta property=\"og:image:width\" content=\"1600\" \/>\n\t<meta property=\"og:image:height\" content=\"1200\" \/>\n\t<meta property=\"og:image:type\" content=\"image\/webp\" \/>\n<meta name=\"twitter:card\" content=\"summary_large_image\" \/>\n<meta name=\"twitter:label1\" content=\"Estimated reading time\" \/>\n\t<meta name=\"twitter:data1\" content=\"3 minutes\" \/>\n<script type=\"application\/ld+json\" class=\"yoast-schema-graph\">{\"@context\":\"https:\/\/schema.org\",\"@graph\":[{\"@type\":\"WebPage\",\"@id\":\"https:\/\/staging.genekas24.ee\/toode\/akuga-kettsaag-ks-cs20v-12\/\",\"url\":\"https:\/\/staging.genekas24.ee\/toode\/akuga-kettsaag-ks-cs20v-12\/\",\"name\":\"Akuga kettsaag KS CS20V-12 - Genekas24\",\"isPartOf\":{\"@id\":\"https:\/\/staging.genekas24.ee\/#website\"},\"primaryImageOfPage\":{\"@id\":\"https:\/\/staging.genekas24.ee\/toode\/akuga-kettsaag-ks-cs20v-12\/#primaryimage\"},\"image\":{\"@id\":\"https:\/\/staging.genekas24.ee\/toode\/akuga-kettsaag-ks-cs20v-12\/#primaryimage\"},\"thumbnailUrl\":\"https:\/\/staging.genekas24.ee\/wp-content\/uploads\/2025\/12\/ks-cs20v-12_01.webp\",\"datePublished\":\"2025-12-17T12:21:21+00:00\",\"dateModified\":\"2025-12-17T12:57:12+00:00\",\"breadcrumb\":{\"@id\":\"https:\/\/staging.genekas24.ee\/toode\/akuga-kettsaag-ks-cs20v-12\/#breadcrumb\"},\"inLanguage\":\"en-GB\",\"potentialAction\":[{\"@type\":\"ReadAction\",\"target\":[\"https:\/\/staging.genekas24.ee\/toode\/akuga-kettsaag-ks-cs20v-12\/\"]}]},{\"@type\":\"ImageObject\",\"inLanguage\":\"en-GB\",\"@id\":\"https:\/\/staging.genekas24.ee\/toode\/akuga-kettsaag-ks-cs20v-12\/#primaryimage\",\"url\":\"https:\/\/staging.genekas24.ee\/wp-content\/uploads\/2025\/12\/ks-cs20v-12_01.webp\",\"contentUrl\":\"https:\/\/staging.genekas24.ee\/wp-content\/uploads\/2025\/12\/ks-cs20v-12_01.webp\",\"width\":1600,\"height\":1200},{\"@type\":\"BreadcrumbList\",\"@id\":\"https:\/\/staging.genekas24.ee\/toode\/akuga-kettsaag-ks-cs20v-12\/#breadcrumb\",\"itemListElement\":[{\"@type\":\"ListItem\",\"position\":1,\"name\":\"Home\",\"item\":\"https:\/\/staging.genekas24.ee\/\"},{\"@type\":\"ListItem\",\"position\":2,\"name\":\"Pood\",\"item\":\"https:\/\/staging.genekas24.ee\/pood\/\"},{\"@type\":\"ListItem\",\"position\":3,\"name\":\"Akuga kettsaag KS CS20V-12\"}]},{\"@type\":\"WebSite\",\"@id\":\"https:\/\/staging.genekas24.ee\/#website\",\"url\":\"https:\/\/staging.genekas24.ee\/\",\"name\":\"Genekas24\",\"description\":\"Generaatorid | K&ouml;nner S&ouml;hnen tooted | Genekas24\",\"publisher\":{\"@id\":\"https:\/\/staging.genekas24.ee\/#organization\"},\"potentialAction\":[{\"@type\":\"SearchAction\",\"target\":{\"@type\":\"EntryPoint\",\"urlTemplate\":\"https:\/\/staging.genekas24.ee\/?s={search_term_string}\"},\"query-input\":{\"@type\":\"PropertyValueSpecification\",\"valueRequired\":true,\"valueName\":\"search_term_string\"}}],\"inLanguage\":\"en-GB\"},{\"@type\":\"Organization\",\"@id\":\"https:\/\/staging.genekas24.ee\/#organization\",\"name\":\"Genekas24\",\"url\":\"https:\/\/staging.genekas24.ee\/\",\"logo\":{\"@type\":\"ImageObject\",\"inLanguage\":\"en-GB\",\"@id\":\"https:\/\/staging.genekas24.ee\/#\/schema\/logo\/image\/\",\"url\":\"https:\/\/staging.genekas24.ee\/wp-content\/uploads\/2026\/01\/genekas24-logo_black.svg\",\"contentUrl\":\"https:\/\/staging.genekas24.ee\/wp-content\/uploads\/2026\/01\/genekas24-logo_black.svg\",\"width\":840,\"height\":131,\"caption\":\"Genekas24\"},\"image\":{\"@id\":\"https:\/\/staging.genekas24.ee\/#\/schema\/logo\/image\/\"}}]}<\/script>\n<!-- \/ Yoast SEO plugin. -->","yoast_head_json":{"title":"Akuga kettsaag KS CS20V-12 - Genekas24","robots":{"index":"index","follow":"follow","max-snippet":"max-snippet:-1","max-image-preview":"max-image-preview:large","max-video-preview":"max-video-preview:-1"},"canonical":"https:\/\/staging.genekas24.ee\/en\/product\/akuga-kettsaag-ks-cs20v-12\/","og_locale":"en_GB","og_type":"article","og_title":"Akuga kettsaag KS CS20V-12 - Genekas24","og_description":"Nimipinge, V 20   Soovitatav aku mahtuvus 2 Ah, 4 Ah, 6 Ah, 8 Ah   Aku t\u00fc\u00fcp Laetav liitiumioonaku   Aku ja laadija ei kuulu komplekti   Mootori t\u00fc\u00fcp Harjamootor   T\u00f6\u00f6sagedus, p\/min 3000   Juhtplaat Oregon 120SDEA041   Keti pikkus 12\u201d (30 cm)   Keti samm 3\/8\u201d   Keti m\u00f5\u00f5dik 050\u201d (1.3 mm)   Juhtivate linkide arv 45   Keti kiirus, m\/s 5.6   \u00d5lipaagi maht, ml 300   Keti pingutamine ilma t\u00f6\u00f6riistata +   \u00dcldm\u00f5\u00f5tmed (PxLxK), mm 455\u00d7225x230   Netokaal, kg 3.5   Kogukaal, kg 4.2   SKU KS CS20V-12   V\u00f6\u00f6tkood 4260405367061    *Aku ja laadija ei kuulu komplekti","og_url":"https:\/\/staging.genekas24.ee\/en\/product\/akuga-kettsaag-ks-cs20v-12\/","og_site_name":"Genekas24","article_modified_time":"2025-12-17T12:57:12+00:00","og_image":[{"width":1600,"height":1200,"url":"https:\/\/staging.genekas24.ee\/wp-content\/uploads\/2025\/12\/ks-cs20v-12_01.webp","type":"image\/webp"}],"twitter_card":"summary_large_image","twitter_misc":{"Estimated reading time":"3 minutes"},"schema":{"@context":"https:\/\/schema.org","@graph":[{"@type":"WebPage","@id":"https:\/\/staging.genekas24.ee\/toode\/akuga-kettsaag-ks-cs20v-12\/","url":"https:\/\/staging.genekas24.ee\/toode\/akuga-kettsaag-ks-cs20v-12\/","name":"Akuga kettsaag KS CS20V-12 - Genekas24","isPartOf":{"@id":"https:\/\/staging.genekas24.ee\/#website"},"primaryImageOfPage":{"@id":"https:\/\/staging.genekas24.ee\/toode\/akuga-kettsaag-ks-cs20v-12\/#primaryimage"},"image":{"@id":"https:\/\/staging.genekas24.ee\/toode\/akuga-kettsaag-ks-cs20v-12\/#primaryimage"},"thumbnailUrl":"https:\/\/staging.genekas24.ee\/wp-content\/uploads\/2025\/12\/ks-cs20v-12_01.webp","datePublished":"2025-12-17T12:21:21+00:00","dateModified":"2025-12-17T12:57:12+00:00","breadcrumb":{"@id":"https:\/\/staging.genekas24.ee\/toode\/akuga-kettsaag-ks-cs20v-12\/#breadcrumb"},"inLanguage":"en-GB","potentialAction":[{"@type":"ReadAction","target":["https:\/\/staging.genekas24.ee\/toode\/akuga-kettsaag-ks-cs20v-12\/"]}]},{"@type":"ImageObject","inLanguage":"en-GB","@id":"https:\/\/staging.genekas24.ee\/toode\/akuga-kettsaag-ks-cs20v-12\/#primaryimage","url":"https:\/\/staging.genekas24.ee\/wp-content\/uploads\/2025\/12\/ks-cs20v-12_01.webp","contentUrl":"https:\/\/staging.genekas24.ee\/wp-content\/uploads\/2025\/12\/ks-cs20v-12_01.webp","width":1600,"height":1200},{"@type":"BreadcrumbList","@id":"https:\/\/staging.genekas24.ee\/toode\/akuga-kettsaag-ks-cs20v-12\/#breadcrumb","itemListElement":[{"@type":"ListItem","position":1,"name":"Home","item":"https:\/\/staging.genekas24.ee\/"},{"@type":"ListItem","position":2,"name":"Pood","item":"https:\/\/staging.genekas24.ee\/pood\/"},{"@type":"ListItem","position":3,"name":"Akuga kettsaag KS CS20V-12"}]},{"@type":"WebSite","@id":"https:\/\/staging.genekas24.ee\/#website","url":"https:\/\/staging.genekas24.ee\/","name":"Genekas24","description":"Generaatorid | K&ouml;nner S&ouml;hnen tooted | Genekas24","publisher":{"@id":"https:\/\/staging.genekas24.ee\/#organization"},"potentialAction":[{"@type":"SearchAction","target":{"@type":"EntryPoint","urlTemplate":"https:\/\/staging.genekas24.ee\/?s={search_term_string}"},"query-input":{"@type":"PropertyValueSpecification","valueRequired":true,"valueName":"search_term_string"}}],"inLanguage":"en-GB"},{"@type":"Organization","@id":"https:\/\/staging.genekas24.ee\/#organization","name":"Genekas24","url":"https:\/\/staging.genekas24.ee\/","logo":{"@type":"ImageObject","inLanguage":"en-GB","@id":"https:\/\/staging.genekas24.ee\/#\/schema\/logo\/image\/","url":"https:\/\/staging.genekas24.ee\/wp-content\/uploads\/2026\/01\/genekas24-logo_black.svg","contentUrl":"https:\/\/staging.genekas24.ee\/wp-content\/uploads\/2026\/01\/genekas24-logo_black.svg","width":840,"height":131,"caption":"Genekas24"},"image":{"@id":"https:\/\/staging.genekas24.ee\/#\/schema\/logo\/image\/"}}]}},"_links":{"self":[{"href":"https:\/\/staging.genekas24.ee\/en\/wp-json\/wp\/v2\/product\/21304","targetHints":{"allow":["GET"]}}],"collection":[{"href":"https:\/\/staging.genekas24.ee\/en\/wp-json\/wp\/v2\/product"}],"about":[{"href":"https:\/\/staging.genekas24.ee\/en\/wp-json\/wp\/v2\/types\/product"}],"version-history":[{"count":7,"href":"https:\/\/staging.genekas24.ee\/en\/wp-json\/wp\/v2\/product\/21304\/revisions"}],"predecessor-version":[{"id":21459,"href":"https:\/\/staging.genekas24.ee\/en\/wp-json\/wp\/v2\/product\/21304\/revisions\/21459"}],"wp:featuredmedia":[{"embeddable":true,"href":"https:\/\/staging.genekas24.ee\/en\/wp-json\/wp\/v2\/media\/21308"}],"wp:attachment":[{"href":"https:\/\/staging.genekas24.ee\/en\/wp-json\/wp\/v2\/media?parent=21304"}],"wp:term":[{"taxonomy":"product_brand","embeddable":true,"href":"https:\/\/staging.genekas24.ee\/en\/wp-json\/wp\/v2\/product_brand?post=21304"},{"taxonomy":"product_cat","embeddable":true,"href":"https:\/\/staging.genekas24.ee\/en\/wp-json\/wp\/v2\/product_cat?post=21304"},{"taxonomy":"product_tag","embeddable":true,"href":"https:\/\/staging.genekas24.ee\/en\/wp-json\/wp\/v2\/product_tag?post=21304"}],"curies":[{"name":"wp","href":"https:\/\/api.w.org\/{rel}","templated":true}]}}