{"id":21203,"date":"2025-12-10T08:47:03","date_gmt":"2025-12-10T08:47:03","guid":{"rendered":"https:\/\/staging.genekas24.ee\/?post_type=product&#038;p=21203"},"modified":"2025-12-31T08:53:34","modified_gmt":"2025-12-31T08:53:34","slug":"invertergeneraator-ksb-31i","status":"publish","type":"product","link":"https:\/\/staging.genekas24.ee\/en\/product\/invertergeneraator-ksb-31i\/","title":{"rendered":"Invertergeneraator KSB 31i"},"content":{"rendered":"<p>Saksa br\u00e4ndi K\u00f6nner &amp; S\u00f6hnen\u00ae KSB 31i invertergeneraator on usaldusv\u00e4\u00e4rne autonoomse energia allikas kodu, suvila, telkimise v\u00f5i v\u00e4listingimustes t\u00f6\u00f6tamise jaoks. Pinge: 230 V. V\u00f5imsus: 3,0 kW (max) \/ 2,8 kW (nominaalne). T\u00e4nu oma uuenduslikule disainile on generaator taskukohase hinnaga\u2014l\u00e4hedane tavaliste AVR mudelitega. Invertertehnoloogia tagab stabiilse ja puhta siinuslaine, toites ohutult tundlikku elektroonikat ja kaasaegseid seadmeid. Kompaktne ja lihtne transportida. Varustatud usaldusv\u00e4\u00e4rse 4-taktilise EURO 5 mootoriga\u2014t\u00f5hus, v\u00f5imas ja keskkonnas\u00f5bralik. 100% vasest m\u00e4hisega generaator tagab stabiilse t\u00f6\u00f6.<\/p>\n<table style=\"width: 100%; height: 940px;\">\n<tbody>\n<tr class=\"even\" style=\"height: 116px;\">\n<td style=\"height: 116px;\"><img fetchpriority=\"high\" decoding=\"async\" class=\"alignnone size-medium wp-image-2888\" src=\"https:\/\/staging.genekas24.ee\/wp-content\/uploads\/2021\/12\/Pure-sine-wave-300x237.jpg\" alt=\"\" width=\"300\" height=\"237\" \/><\/td>\n<td style=\"height: 116px;\">\n<h3>Invertertehnoloogia<\/h3>\n<p>Tagab stabiilse puhta siinuslaine v\u00e4ljundi, muutes selle ohutuks tundlike elektroonikaseadmete usaldusv\u00e4\u00e4rseks kasutamiseks<\/td>\n<\/tr>\n<tr class=\"odd\" style=\"height: 116px;\">\n<td style=\"height: 116px;\"><img decoding=\"async\" class=\"\" src=\"https:\/\/konner-sohnen.ee\/cdn\/shop\/files\/02-31i-Affordable-Price.jpg?v=1754560096&amp;width=500\" alt=\"Taskukohane hind\" width=\"277\" height=\"277\" \/><\/td>\n<td style=\"height: 116px;\">\n<h3>Taskukohane hind<\/h3>\n<p>T\u00e4nu oma uuenduslikule disainile on generaatori hind l\u00e4hedane tavaliste AVR mudelite omale.<\/td>\n<\/tr>\n<tr class=\"even\" style=\"height: 116px;\">\n<td style=\"height: 116px;\"><img decoding=\"async\" class=\"\" src=\"https:\/\/konner-sohnen.ee\/cdn\/shop\/files\/04-31i-Compact-and-Portable.jpg?v=1754560099&amp;width=500\" alt=\"Kompaktne ja kaasaskantav\" width=\"311\" height=\"311\" \/><\/td>\n<td style=\"height: 116px;\">\n<h3>Kompaktne ja kaasaskantav<\/h3>\n<p>Lihtne transportida s\u00f5iduautos, mugav hoiustada v\u00f5i kaasa v\u00f5tta v\u00e4litingimustes kasutamiseks.<\/td>\n<\/tr>\n<tr class=\"odd\" style=\"height: 140px;\">\n<td style=\"height: 140px;\"><img loading=\"lazy\" decoding=\"async\" class=\"alignnone size-medium wp-image-19990\" src=\"https:\/\/staging.genekas24.ee\/wp-content\/uploads\/2025\/07\/alternator-inverter_b96fd349-e130-429f-85c1-28e0bcf2600a-300x300.webp\" alt=\"\" width=\"300\" height=\"300\" srcset=\"https:\/\/staging.genekas24.ee\/wp-content\/uploads\/2025\/07\/alternator-inverter_b96fd349-e130-429f-85c1-28e0bcf2600a-300x300.webp 300w, https:\/\/staging.genekas24.ee\/wp-content\/uploads\/2025\/07\/alternator-inverter_b96fd349-e130-429f-85c1-28e0bcf2600a-150x150.webp 150w, https:\/\/staging.genekas24.ee\/wp-content\/uploads\/2025\/07\/alternator-inverter_b96fd349-e130-429f-85c1-28e0bcf2600a-12x12.webp 12w, https:\/\/staging.genekas24.ee\/wp-content\/uploads\/2025\/07\/alternator-inverter_b96fd349-e130-429f-85c1-28e0bcf2600a-100x100.webp 100w, https:\/\/staging.genekas24.ee\/wp-content\/uploads\/2025\/07\/alternator-inverter_b96fd349-e130-429f-85c1-28e0bcf2600a.webp 500w\" sizes=\"(max-width: 300px) 100vw, 300px\" \/><\/td>\n<td style=\"height: 140px;\"><strong>100% VASKM\u00c4HISEGA GENERAATOR<\/strong><\/p>\n<p>K&amp;S Basic generaatorid on varustatud tipptasemel s\u00fcnkroongeneraatoriga, millel on 100% vaskm\u00e4his. Ainult vaskm\u00e4his talub maksimaalset koormust ilma kahjustusteta, tagades generaatorikomplekti pikaajalise t\u00f6\u00f6kindluse.<\/td>\n<\/tr>\n<tr class=\"even\" style=\"height: 98px;\">\n<td style=\"height: 98px;\"><img loading=\"lazy\" decoding=\"async\" class=\"\" src=\"https:\/\/konner-sohnen.ee\/cdn\/shop\/files\/05-31i-Accessory-Kit-Included.jpg?v=1754560093&amp;width=500\" alt=\"Lisatarvikute komplekt kaasas\" width=\"240\" height=\"240\" \/><\/td>\n<td style=\"height: 98px;\">\n<h3>Lisatarvikute komplekt kaasas<\/h3>\n<p>Komplektis on \u00f5lit\u00e4ite lehter ja s\u00fc\u00fctek\u00fc\u00fcnla v\u00f5ti \u2014 k\u00f5ik vajalik koheseks kasutamiseks.<\/td>\n<\/tr>\n<\/tbody>\n<\/table>","protected":false},"excerpt":{"rendered":"<table style=\"width: 100%; height: 576px;\">\n<tbody>\n<tr class=\"even\" style=\"height: 24px;\">\n<td style=\"height: 24px;\" width=\"60%\">Voltage, V<\/td>\n<td style=\"height: 24px;\">230<\/td>\n<\/tr>\n<tr class=\"odd\" style=\"height: 24px;\">\n<td style=\"height: 24px;\">\n<div class=\"col-xs-6\">Max power, kW<\/div>\n<\/td>\n<td style=\"height: 24px;\">3.0<\/td>\n<\/tr>\n<tr class=\"even\" style=\"height: 24px;\">\n<td style=\"height: 24px;\">\n<div class=\"col-xs-6\">Nominal power, kW<\/div>\n<\/td>\n<td style=\"height: 24px;\">\n<div class=\"attribute row\">\n<div class=\"col-xs-6\">2.8<\/div>\n<\/div>\n<\/td>\n<\/tr>\n<tr class=\"odd\" style=\"height: 24px;\">\n<td style=\"height: 24px;\">\n<div class=\"col-xs-6\">Frequency, Hz<\/div>\n<\/td>\n<td style=\"height: 24px;\">50<\/td>\n<\/tr>\n<tr class=\"even\" style=\"height: 24px;\">\n<td style=\"height: 24px;\">\n<div class=\"col-xs-6\">Current (max), \u0410<\/div>\n<\/td>\n<td style=\"height: 24px;\">\n<div class=\"attribute row\">\n<div class=\"col-xs-6\">13<\/div>\n<\/div>\n<\/td>\n<\/tr>\n<tr class=\"odd\" style=\"height: 24px;\">\n<td style=\"height: 24px;\">Outlets<\/td>\n<td style=\"height: 24px;\">\n<div class=\"attribute row\">\n<div class=\"col-xs-6\">1 x Schuko 230 V<\/div>\n<\/div>\n<\/td>\n<\/tr>\n<tr class=\"even\" style=\"height: 24px;\">\n<td style=\"height: 24px;\">\n<div class=\"col-xs-6\">Engine start<\/div>\n<\/td>\n<td style=\"height: 24px;\">Manual<\/td>\n<\/tr>\n<tr class=\"odd\" style=\"height: 24px;\">\n<td style=\"height: 24px;\">\n<div class=\"col-xs-6\">Fuel tank volume, l<\/div>\n<\/td>\n<td style=\"height: 24px;\">5.0<\/td>\n<\/tr>\n<tr class=\"even\" style=\"height: 24px;\">\n<td style=\"height: 24px;\">\n<div class=\"col-xs-6\">Keskmine. t\u00f6\u00f6aeg (power 50%), h***<\/div>\n<\/td>\n<td style=\"height: 24px;\">\n<div class=\"attribute row\">\n<div class=\"col-xs-6\">4.0<\/div>\n<\/div>\n<\/td>\n<\/tr>\n<tr class=\"even\" style=\"height: 24px;\">\n<td style=\"height: 24px;\">\n<div class=\"col-xs-6\">Noise level Lpa (7m)\/Lwa, dB<\/div>\n<\/td>\n<td style=\"height: 24px;\">\n<div class=\"attribute row\">\n<div class=\"col-xs-6\">71\/96<\/div>\n<\/div>\n<\/td>\n<\/tr>\n<tr class=\"odd\" style=\"height: 24px;\">\n<td style=\"height: 24px;\">\n<div class=\"col-xs-6\">Engine model<\/div>\n<\/td>\n<td style=\"height: 24px;\">\n<div class=\"attribute row\">\n<div class=\"col-xs-6\">KS 210i<\/div>\n<\/div>\n<\/td>\n<\/tr>\n<tr class=\"even\" style=\"height: 24px;\">\n<td style=\"height: 24px;\">\n<div class=\"col-xs-6\">Engine cylinder volume, cm3<\/div>\n<\/td>\n<td style=\"height: 24px;\">\n<div class=\"attribute row\">\n<div class=\"col-xs-6\">208<\/div>\n<\/div>\n<\/td>\n<\/tr>\n<tr class=\"odd\" style=\"height: 48px;\">\n<td style=\"height: 48px;\">\n<div class=\"col-xs-6\">Engine type<\/div>\n<\/td>\n<td style=\"height: 48px;\">\n<div class=\"attribute row\">\n<div class=\"col-xs-6\">Gasoline powered one-cylinder, four-stroke air-cooled<\/div>\n<\/div>\n<\/td>\n<\/tr>\n<tr class=\"even\" style=\"height: 24px;\">\n<td style=\"height: 24px;\">\n<div class=\"col-xs-6\">Engine power, hp<\/div>\n<\/td>\n<td style=\"height: 24px;\">\n<div class=\"attribute row\">\n<div class=\"col-xs-6\">5.4<\/div>\n<\/div>\n<\/td>\n<\/tr>\n<tr class=\"odd\" style=\"height: 24px;\">\n<td style=\"height: 24px;\">\n<div class=\"col-xs-6\">Possibility of parallel connection<\/div>\n<\/td>\n<td style=\"height: 24px;\">&#8211;<\/td>\n<\/tr>\n<tr class=\"even\" style=\"height: 24px;\">\n<td style=\"height: 24px;\">\n<div class=\"col-xs-6\">Crank case volume, L<\/div>\n<\/td>\n<td style=\"height: 24px;\">0.6<\/td>\n<\/tr>\n<tr class=\"odd\" style=\"height: 24px;\">\n<td style=\"height: 24px;\">\n<div class=\"col-xs-6\">Generaatori m\u00e4his<\/div>\n<\/td>\n<td style=\"height: 24px;\">Copper<\/td>\n<\/tr>\n<tr class=\"even\" style=\"height: 24px;\">\n<td style=\"height: 24px;\">\n<div class=\"col-xs-6\">Protection class<\/div>\n<\/td>\n<td style=\"height: 24px;\">IP23M<\/td>\n<\/tr>\n<tr style=\"height: 24px;\">\n<td style=\"height: 24px;\">Net dimensions (LxWxH), mm<\/td>\n<td style=\"height: 24px;\">495x385x495<\/td>\n<\/tr>\n<tr style=\"height: 24px;\">\n<td style=\"height: 24px;\">Gross dimensions (LxWxH), mm<\/td>\n<td style=\"height: 24px;\">505\u0445405\u0445510<\/td>\n<\/tr>\n<tr style=\"height: 24px;\">\n<td style=\"height: 24px;\">Net weight, kg<\/td>\n<td style=\"height: 24px;\">23<\/td>\n<\/tr>\n<tr style=\"height: 24px;\">\n<td style=\"height: 24px;\">Gross weight, kg<\/td>\n<td style=\"height: 24px;\">25<\/td>\n<\/tr>\n<tr style=\"height: 24px;\">\n<td style=\"height: 24px;\">EAN code<\/td>\n<td style=\"height: 24px;\">4260405368518<\/td>\n<\/tr>\n<\/tbody>\n<\/table>\n<p>&nbsp;<\/p>\n<p><span style=\"font-size: 10pt;\"><em>Soovitame kasutada 10W-30 v\u00f5i 10W-40 \u00f5li. Kontrollige alati \u00f5litaset enne iga kasutamist. Kasutage ainult pliivaba bensiini, mille oktaaniarv on 90\u201395 ja mis sisaldab kuni 10% etanooli.<\/em><\/span><\/p>","protected":false},"featured_media":21205,"template":"","meta":{"_acf_changed":false,"inline_featured_image":false},"product_brand":[],"product_cat":[94,23],"product_tag":[],"class_list":{"0":"post-21203","1":"product","2":"type-product","3":"status-publish","4":"has-post-thumbnail","6":"product_cat-generaatorid","7":"product_cat-invertergeneraatorid","8":"product_shipping_class-poolalus","9":"brand-konner-sohnen","11":"first","12":"instock","13":"sale","14":"taxable","15":"shipping-taxable","16":"purchasable","17":"product-type-simple"},"acf":[],"yoast_head":"<!-- This site is optimized with the Yoast SEO plugin v26.2 - https:\/\/yoast.com\/wordpress\/plugins\/seo\/ -->\n<title>Invertergeneraator KSB 31i - Genekas24<\/title>\n<meta name=\"robots\" content=\"index, follow, max-snippet:-1, max-image-preview:large, max-video-preview:-1\" \/>\n<link rel=\"canonical\" href=\"https:\/\/staging.genekas24.ee\/en\/product\/invertergeneraator-ksb-31i\/\" \/>\n<meta property=\"og:locale\" content=\"en_GB\" \/>\n<meta property=\"og:type\" content=\"article\" \/>\n<meta property=\"og:title\" content=\"Invertergeneraator KSB 31i - Genekas24\" \/>\n<meta property=\"og:description\" content=\"Pinge, V 230    Max v\u00f5imsus, kW 3.0    Nominaalne v\u00f5imsus, kW   2.8     Sagedus, Hz 50    Vool (max), \u0410   13    Pistikupesad   1 x Schuko 230 V     Mootori k\u00e4ivitamine Manuaalne    K\u00fctusepaagi maht, l 5.0    Keskmine. t\u00f6\u00f6aeg (power 50%), h***   4.0     M\u00fcratase Lpa (7m)\/Lwa, dB   71\/96     Mootori mudel   KS 210i     Mootori silindri maht, cm3   208     Mootori t\u00fc\u00fcp   Bensiinimootoriga \u00fchesilindriline, neljataktiline \u00f5hkjahutusega     Mootori v\u00f5imsus, hp   5.4     Paralleel\u00fchenduse v\u00f5imalus -    Karteri maht, l 0.6    Generaatori m\u00e4his Vask    Kaitseklass IP23M   Neto m\u00f5\u00f5dud (PxLxK), mm 495x385x495   Bruto m\u00f5\u00f5dud (PxLxK), mm 505\u0445405\u0445510   Netokaal, kg 23   Brutokaal, kg 25   EAN kood 4260405368518    &nbsp;  Soovitame kasutada 10W-30 v\u00f5i 10W-40 \u00f5li. Kontrollige alati \u00f5litaset enne iga kasutamist. Kasutage ainult pliivaba bensiini, mille oktaaniarv on 90\u201395 ja mis sisaldab kuni 10% etanooli.\" \/>\n<meta property=\"og:url\" content=\"https:\/\/staging.genekas24.ee\/en\/product\/invertergeneraator-ksb-31i\/\" \/>\n<meta property=\"og:site_name\" content=\"Genekas24\" \/>\n<meta property=\"article:modified_time\" content=\"2025-12-31T08:53:34+00:00\" \/>\n<meta property=\"og:image\" content=\"https:\/\/staging.genekas24.ee\/wp-content\/uploads\/2025\/12\/KS_Basic_31i_2.webp\" \/>\n\t<meta property=\"og:image:width\" content=\"1600\" \/>\n\t<meta property=\"og:image:height\" content=\"1600\" \/>\n\t<meta property=\"og:image:type\" content=\"image\/webp\" \/>\n<meta name=\"twitter:card\" content=\"summary_large_image\" \/>\n<meta name=\"twitter:label1\" content=\"Estimated reading time\" \/>\n\t<meta name=\"twitter:data1\" content=\"3 minutes\" \/>\n<script type=\"application\/ld+json\" class=\"yoast-schema-graph\">{\"@context\":\"https:\/\/schema.org\",\"@graph\":[{\"@type\":\"WebPage\",\"@id\":\"https:\/\/staging.genekas24.ee\/toode\/invertergeneraator-ksb-31i\/\",\"url\":\"https:\/\/staging.genekas24.ee\/toode\/invertergeneraator-ksb-31i\/\",\"name\":\"Invertergeneraator KSB 31i - Genekas24\",\"isPartOf\":{\"@id\":\"https:\/\/staging.genekas24.ee\/#website\"},\"primaryImageOfPage\":{\"@id\":\"https:\/\/staging.genekas24.ee\/toode\/invertergeneraator-ksb-31i\/#primaryimage\"},\"image\":{\"@id\":\"https:\/\/staging.genekas24.ee\/toode\/invertergeneraator-ksb-31i\/#primaryimage\"},\"thumbnailUrl\":\"https:\/\/staging.genekas24.ee\/wp-content\/uploads\/2025\/12\/KS_Basic_31i_2.webp\",\"datePublished\":\"2025-12-10T08:47:03+00:00\",\"dateModified\":\"2025-12-31T08:53:34+00:00\",\"breadcrumb\":{\"@id\":\"https:\/\/staging.genekas24.ee\/toode\/invertergeneraator-ksb-31i\/#breadcrumb\"},\"inLanguage\":\"en-GB\",\"potentialAction\":[{\"@type\":\"ReadAction\",\"target\":[\"https:\/\/staging.genekas24.ee\/toode\/invertergeneraator-ksb-31i\/\"]}]},{\"@type\":\"ImageObject\",\"inLanguage\":\"en-GB\",\"@id\":\"https:\/\/staging.genekas24.ee\/toode\/invertergeneraator-ksb-31i\/#primaryimage\",\"url\":\"https:\/\/staging.genekas24.ee\/wp-content\/uploads\/2025\/12\/KS_Basic_31i_2.webp\",\"contentUrl\":\"https:\/\/staging.genekas24.ee\/wp-content\/uploads\/2025\/12\/KS_Basic_31i_2.webp\",\"width\":1600,\"height\":1600},{\"@type\":\"BreadcrumbList\",\"@id\":\"https:\/\/staging.genekas24.ee\/toode\/invertergeneraator-ksb-31i\/#breadcrumb\",\"itemListElement\":[{\"@type\":\"ListItem\",\"position\":1,\"name\":\"Home\",\"item\":\"https:\/\/staging.genekas24.ee\/\"},{\"@type\":\"ListItem\",\"position\":2,\"name\":\"Pood\",\"item\":\"https:\/\/staging.genekas24.ee\/pood\/\"},{\"@type\":\"ListItem\",\"position\":3,\"name\":\"Invertergeneraator KSB 31i\"}]},{\"@type\":\"WebSite\",\"@id\":\"https:\/\/staging.genekas24.ee\/#website\",\"url\":\"https:\/\/staging.genekas24.ee\/\",\"name\":\"Genekas24\",\"description\":\"Generaatorid | K&ouml;nner S&ouml;hnen tooted | Genekas24\",\"publisher\":{\"@id\":\"https:\/\/staging.genekas24.ee\/#organization\"},\"potentialAction\":[{\"@type\":\"SearchAction\",\"target\":{\"@type\":\"EntryPoint\",\"urlTemplate\":\"https:\/\/staging.genekas24.ee\/?s={search_term_string}\"},\"query-input\":{\"@type\":\"PropertyValueSpecification\",\"valueRequired\":true,\"valueName\":\"search_term_string\"}}],\"inLanguage\":\"en-GB\"},{\"@type\":\"Organization\",\"@id\":\"https:\/\/staging.genekas24.ee\/#organization\",\"name\":\"Genekas24\",\"url\":\"https:\/\/staging.genekas24.ee\/\",\"logo\":{\"@type\":\"ImageObject\",\"inLanguage\":\"en-GB\",\"@id\":\"https:\/\/staging.genekas24.ee\/#\/schema\/logo\/image\/\",\"url\":\"https:\/\/staging.genekas24.ee\/wp-content\/uploads\/2026\/01\/genekas24-logo_black.svg\",\"contentUrl\":\"https:\/\/staging.genekas24.ee\/wp-content\/uploads\/2026\/01\/genekas24-logo_black.svg\",\"width\":840,\"height\":131,\"caption\":\"Genekas24\"},\"image\":{\"@id\":\"https:\/\/staging.genekas24.ee\/#\/schema\/logo\/image\/\"}}]}<\/script>\n<!-- \/ Yoast SEO plugin. -->","yoast_head_json":{"title":"Invertergeneraator KSB 31i - Genekas24","robots":{"index":"index","follow":"follow","max-snippet":"max-snippet:-1","max-image-preview":"max-image-preview:large","max-video-preview":"max-video-preview:-1"},"canonical":"https:\/\/staging.genekas24.ee\/en\/product\/invertergeneraator-ksb-31i\/","og_locale":"en_GB","og_type":"article","og_title":"Invertergeneraator KSB 31i - Genekas24","og_description":"Pinge, V 230    Max v\u00f5imsus, kW 3.0    Nominaalne v\u00f5imsus, kW   2.8     Sagedus, Hz 50    Vool (max), \u0410   13    Pistikupesad   1 x Schuko 230 V     Mootori k\u00e4ivitamine Manuaalne    K\u00fctusepaagi maht, l 5.0    Keskmine. t\u00f6\u00f6aeg (power 50%), h***   4.0     M\u00fcratase Lpa (7m)\/Lwa, dB   71\/96     Mootori mudel   KS 210i     Mootori silindri maht, cm3   208     Mootori t\u00fc\u00fcp   Bensiinimootoriga \u00fchesilindriline, neljataktiline \u00f5hkjahutusega     Mootori v\u00f5imsus, hp   5.4     Paralleel\u00fchenduse v\u00f5imalus -    Karteri maht, l 0.6    Generaatori m\u00e4his Vask    Kaitseklass IP23M   Neto m\u00f5\u00f5dud (PxLxK), mm 495x385x495   Bruto m\u00f5\u00f5dud (PxLxK), mm 505\u0445405\u0445510   Netokaal, kg 23   Brutokaal, kg 25   EAN kood 4260405368518    &nbsp;  Soovitame kasutada 10W-30 v\u00f5i 10W-40 \u00f5li. Kontrollige alati \u00f5litaset enne iga kasutamist. Kasutage ainult pliivaba bensiini, mille oktaaniarv on 90\u201395 ja mis sisaldab kuni 10% etanooli.","og_url":"https:\/\/staging.genekas24.ee\/en\/product\/invertergeneraator-ksb-31i\/","og_site_name":"Genekas24","article_modified_time":"2025-12-31T08:53:34+00:00","og_image":[{"width":1600,"height":1600,"url":"https:\/\/staging.genekas24.ee\/wp-content\/uploads\/2025\/12\/KS_Basic_31i_2.webp","type":"image\/webp"}],"twitter_card":"summary_large_image","twitter_misc":{"Estimated reading time":"3 minutes"},"schema":{"@context":"https:\/\/schema.org","@graph":[{"@type":"WebPage","@id":"https:\/\/staging.genekas24.ee\/toode\/invertergeneraator-ksb-31i\/","url":"https:\/\/staging.genekas24.ee\/toode\/invertergeneraator-ksb-31i\/","name":"Invertergeneraator KSB 31i - Genekas24","isPartOf":{"@id":"https:\/\/staging.genekas24.ee\/#website"},"primaryImageOfPage":{"@id":"https:\/\/staging.genekas24.ee\/toode\/invertergeneraator-ksb-31i\/#primaryimage"},"image":{"@id":"https:\/\/staging.genekas24.ee\/toode\/invertergeneraator-ksb-31i\/#primaryimage"},"thumbnailUrl":"https:\/\/staging.genekas24.ee\/wp-content\/uploads\/2025\/12\/KS_Basic_31i_2.webp","datePublished":"2025-12-10T08:47:03+00:00","dateModified":"2025-12-31T08:53:34+00:00","breadcrumb":{"@id":"https:\/\/staging.genekas24.ee\/toode\/invertergeneraator-ksb-31i\/#breadcrumb"},"inLanguage":"en-GB","potentialAction":[{"@type":"ReadAction","target":["https:\/\/staging.genekas24.ee\/toode\/invertergeneraator-ksb-31i\/"]}]},{"@type":"ImageObject","inLanguage":"en-GB","@id":"https:\/\/staging.genekas24.ee\/toode\/invertergeneraator-ksb-31i\/#primaryimage","url":"https:\/\/staging.genekas24.ee\/wp-content\/uploads\/2025\/12\/KS_Basic_31i_2.webp","contentUrl":"https:\/\/staging.genekas24.ee\/wp-content\/uploads\/2025\/12\/KS_Basic_31i_2.webp","width":1600,"height":1600},{"@type":"BreadcrumbList","@id":"https:\/\/staging.genekas24.ee\/toode\/invertergeneraator-ksb-31i\/#breadcrumb","itemListElement":[{"@type":"ListItem","position":1,"name":"Home","item":"https:\/\/staging.genekas24.ee\/"},{"@type":"ListItem","position":2,"name":"Pood","item":"https:\/\/staging.genekas24.ee\/pood\/"},{"@type":"ListItem","position":3,"name":"Invertergeneraator KSB 31i"}]},{"@type":"WebSite","@id":"https:\/\/staging.genekas24.ee\/#website","url":"https:\/\/staging.genekas24.ee\/","name":"Genekas24","description":"Generaatorid | K&ouml;nner S&ouml;hnen tooted | Genekas24","publisher":{"@id":"https:\/\/staging.genekas24.ee\/#organization"},"potentialAction":[{"@type":"SearchAction","target":{"@type":"EntryPoint","urlTemplate":"https:\/\/staging.genekas24.ee\/?s={search_term_string}"},"query-input":{"@type":"PropertyValueSpecification","valueRequired":true,"valueName":"search_term_string"}}],"inLanguage":"en-GB"},{"@type":"Organization","@id":"https:\/\/staging.genekas24.ee\/#organization","name":"Genekas24","url":"https:\/\/staging.genekas24.ee\/","logo":{"@type":"ImageObject","inLanguage":"en-GB","@id":"https:\/\/staging.genekas24.ee\/#\/schema\/logo\/image\/","url":"https:\/\/staging.genekas24.ee\/wp-content\/uploads\/2026\/01\/genekas24-logo_black.svg","contentUrl":"https:\/\/staging.genekas24.ee\/wp-content\/uploads\/2026\/01\/genekas24-logo_black.svg","width":840,"height":131,"caption":"Genekas24"},"image":{"@id":"https:\/\/staging.genekas24.ee\/#\/schema\/logo\/image\/"}}]}},"_links":{"self":[{"href":"https:\/\/staging.genekas24.ee\/en\/wp-json\/wp\/v2\/product\/21203","targetHints":{"allow":["GET"]}}],"collection":[{"href":"https:\/\/staging.genekas24.ee\/en\/wp-json\/wp\/v2\/product"}],"about":[{"href":"https:\/\/staging.genekas24.ee\/en\/wp-json\/wp\/v2\/types\/product"}],"version-history":[{"count":2,"href":"https:\/\/staging.genekas24.ee\/en\/wp-json\/wp\/v2\/product\/21203\/revisions"}],"predecessor-version":[{"id":21210,"href":"https:\/\/staging.genekas24.ee\/en\/wp-json\/wp\/v2\/product\/21203\/revisions\/21210"}],"wp:featuredmedia":[{"embeddable":true,"href":"https:\/\/staging.genekas24.ee\/en\/wp-json\/wp\/v2\/media\/21205"}],"wp:attachment":[{"href":"https:\/\/staging.genekas24.ee\/en\/wp-json\/wp\/v2\/media?parent=21203"}],"wp:term":[{"taxonomy":"product_brand","embeddable":true,"href":"https:\/\/staging.genekas24.ee\/en\/wp-json\/wp\/v2\/product_brand?post=21203"},{"taxonomy":"product_cat","embeddable":true,"href":"https:\/\/staging.genekas24.ee\/en\/wp-json\/wp\/v2\/product_cat?post=21203"},{"taxonomy":"product_tag","embeddable":true,"href":"https:\/\/staging.genekas24.ee\/en\/wp-json\/wp\/v2\/product_tag?post=21203"}],"curies":[{"name":"wp","href":"https:\/\/api.w.org\/{rel}","templated":true}]}}