{"id":21195,"date":"2025-12-08T14:53:00","date_gmt":"2025-12-08T14:53:00","guid":{"rendered":"https:\/\/staging.genekas24.ee\/?post_type=product&#038;p=21195"},"modified":"2025-12-17T16:31:28","modified_gmt":"2025-12-17T16:31:28","slug":"invertergeneraator-ksb-33i-s","status":"publish","type":"product","link":"https:\/\/staging.genekas24.ee\/en\/product\/invertergeneraator-ksb-33i-s\/","title":{"rendered":"Invertergeneraator KSB 33i S"},"content":{"rendered":"<p>Saksa kaubam\u00e4rgi K\u00f6nner &amp; S\u00f6hnen\u00ae invertergeneraator KSB 33i S (3,0\u20133,3 kW) on universaalne toiteallikas kodu, aktiivse puhkuse v\u00f5i h\u00e4daolukordade jaoks. T\u00e4nu mikroprotsessori juhtimisele s\u00e4ilitab see stabiilse pinge 230V 50Hz korrektse siinuslainega, mis on ohutu tundlikele elektroonikaseadmetele: s\u00fclearvutid, telerid, laadijad. Varustatud kaasaegse mootoriga, mis vastab EURO 5 standardile, harjadeta generaatoriga, millel on 100% vase m\u00e4his, ja heli neelava korpusega. ECONOMY MODE funktsioon v\u00f5imaldab v\u00e4hendada k\u00fctusekulu. Kompaktne, kerge ja lihtne transportida. Ideaalne telkimiseks, reisimiseks, kalastamiseks ja varutoiteks kodus.<\/p>\n<p>&nbsp;<\/p>\n<table style=\"width: 100%; height: 702px;\">\n<tbody>\n<tr class=\"even\" style=\"height: 116px;\">\n<td style=\"height: 116px; width: 12.8892%;\"><img fetchpriority=\"high\" decoding=\"async\" class=\"alignnone size-medium wp-image-2888\" src=\"https:\/\/staging.genekas24.ee\/wp-content\/uploads\/2021\/12\/Pure-sine-wave-300x237.jpg\" alt=\"\" width=\"300\" height=\"237\" \/><\/td>\n<td style=\"height: 116px; width: 86.5315%;\">&nbsp;<\/p>\n<h3>Inverteri tehnoloogia<\/h3>\n<p>Tagab stabiilse v\u00e4ljundpinge \u00f5ige siinuslaine kujuga, sobib tundlike elektroonikaseadmete usaldusv\u00e4\u00e4rseks t\u00f6\u00f6ks.<\/td>\n<\/tr>\n<tr class=\"odd\" style=\"height: 116px;\">\n<td style=\"height: 116px; width: 12.8892%;\"><img decoding=\"async\" class=\"alignnone size-medium wp-image-19988\" src=\"https:\/\/staging.genekas24.ee\/wp-content\/uploads\/2025\/07\/kompact_22i_s-300x300.webp\" alt=\"\" width=\"300\" height=\"300\" srcset=\"https:\/\/staging.genekas24.ee\/wp-content\/uploads\/2025\/07\/kompact_22i_s-300x300.webp 300w, https:\/\/staging.genekas24.ee\/wp-content\/uploads\/2025\/07\/kompact_22i_s-150x150.webp 150w, https:\/\/staging.genekas24.ee\/wp-content\/uploads\/2025\/07\/kompact_22i_s-12x12.webp 12w, https:\/\/staging.genekas24.ee\/wp-content\/uploads\/2025\/07\/kompact_22i_s-100x100.webp 100w, https:\/\/staging.genekas24.ee\/wp-content\/uploads\/2025\/07\/kompact_22i_s.webp 500w\" sizes=\"(max-width: 300px) 100vw, 300px\" \/><\/td>\n<td style=\"height: 116px; width: 86.5315%;\">\n<h3>Kompaktsed m\u00f5\u00f5tmed<\/h3>\n<p>Selle mudeli kompaktne suurus v\u00f5imaldab seda k\u00f5ikjale kaasa v\u00f5tta. See muutub usaldusv\u00e4\u00e4rseks abiliseks v\u00e4ljas\u00f5itudel, telkimisel, kalap\u00fc\u00fcgil, pakkudes vajalikku energiat<\/td>\n<\/tr>\n<tr class=\"even\" style=\"height: 116px;\">\n<td style=\"height: 116px; width: 12.8892%;\"><img decoding=\"async\" src=\"https:\/\/konner-sohnen.ee\/cdn\/shop\/files\/3-33is-economy-mode.jpg?v=1758882324&amp;width=500\" alt=\"S\u00e4\u00e4sture\u017eiim\" \/><\/td>\n<td style=\"height: 116px; width: 86.5315%;\">\n<h3>S\u00e4\u00e4sture\u017eiim<\/h3>\n<p>K\u00fctuse s\u00e4\u00e4sture\u017eiim ECONOMY MODE v\u00e4hendab k\u00fctusekulu madalatel koormustel, v\u00e4hendades mootori p\u00f6\u00f6rdeid.<\/td>\n<\/tr>\n<tr class=\"odd\" style=\"height: 140px;\">\n<td style=\"height: 140px; width: 12.8892%;\"><img decoding=\"async\" class=\"alignnone size-medium wp-image-19990\" src=\"https:\/\/staging.genekas24.ee\/wp-content\/uploads\/2025\/07\/alternator-inverter_b96fd349-e130-429f-85c1-28e0bcf2600a-300x300.webp\" alt=\"\" width=\"300\" height=\"300\" srcset=\"https:\/\/staging.genekas24.ee\/wp-content\/uploads\/2025\/07\/alternator-inverter_b96fd349-e130-429f-85c1-28e0bcf2600a-300x300.webp 300w, https:\/\/staging.genekas24.ee\/wp-content\/uploads\/2025\/07\/alternator-inverter_b96fd349-e130-429f-85c1-28e0bcf2600a-150x150.webp 150w, https:\/\/staging.genekas24.ee\/wp-content\/uploads\/2025\/07\/alternator-inverter_b96fd349-e130-429f-85c1-28e0bcf2600a-12x12.webp 12w, https:\/\/staging.genekas24.ee\/wp-content\/uploads\/2025\/07\/alternator-inverter_b96fd349-e130-429f-85c1-28e0bcf2600a-100x100.webp 100w, https:\/\/staging.genekas24.ee\/wp-content\/uploads\/2025\/07\/alternator-inverter_b96fd349-e130-429f-85c1-28e0bcf2600a.webp 500w\" sizes=\"(max-width: 300px) 100vw, 300px\" \/><\/td>\n<td style=\"height: 140px; width: 86.5315%;\">\n<h3>K\u00f5rgekvaliteediline generaator<\/h3>\n<p>K&amp;S Basic invertergeneraatorid on varustatud kvaliteetse harjadeta generaatoriga, millel on 100% vase m\u00e4his. Usaldusv\u00e4\u00e4rne ja kompaktne p\u00fcsimagnetitega generaator suudab taluda maksimaalseid koormusi kahjustusteta, tagades generaatori seadme pikaajalise usaldusv\u00e4\u00e4rse t\u00f6\u00f6.<\/td>\n<\/tr>\n<tr class=\"even\" style=\"height: 98px;\">\n<td style=\"height: 98px; width: 12.8892%;\"><img decoding=\"async\" src=\"https:\/\/konner-sohnen.ee\/cdn\/shop\/files\/5-33is-design.jpg?v=1758882324&amp;width=500\" alt=\"K\u00f5rgeima klassi esinduslik disain\" \/><\/td>\n<td style=\"height: 98px; width: 86.5315%;\">\n<h3>K\u00f5rgeima klassi esinduslik disain<\/h3>\n<p>Moodne, l\u00e4bim\u00f5eldud korpuse disain ei anna mitte ainult esteetilist v\u00e4limust, vaid aitab kaasa ka seadme stabiilsele t\u00f6\u00f6le. Heli neelavad materjalid v\u00e4hendavad m\u00fcrataset 68 dB-ni 7 meetri kaugusel, muutes generaatori mugavaks kasutamiseks nii kodus kui ka looduses<\/td>\n<\/tr>\n<\/tbody>\n<\/table>","protected":false},"excerpt":{"rendered":"<table>\n<tbody>\n<tr class=\"even\" style=\"height: 24px;\">\n<td style=\"height: 24px;\" width=\"60%\">Voltage, V<\/td>\n<td style=\"height: 24px;\">230<\/td>\n<\/tr>\n<tr class=\"odd\" style=\"height: 24px;\">\n<td style=\"height: 24px;\">\n<div class=\"col-xs-6\">Max power, kW<\/div>\n<\/td>\n<td style=\"height: 24px;\">3.3<\/td>\n<\/tr>\n<tr class=\"even\" style=\"height: 24px;\">\n<td style=\"height: 24px;\">\n<div class=\"col-xs-6\">Nominal power, kW<\/div>\n<\/td>\n<td style=\"height: 24px;\">\n<div class=\"attribute row\">\n<div class=\"col-xs-6\">3.0<\/div>\n<\/div>\n<\/td>\n<\/tr>\n<tr class=\"odd\" style=\"height: 24px;\">\n<td style=\"height: 24px;\">\n<div class=\"col-xs-6\">Frequency, Hz<\/div>\n<\/td>\n<td style=\"height: 24px;\">50<\/td>\n<\/tr>\n<tr class=\"even\" style=\"height: 24px;\">\n<td style=\"height: 24px;\">\n<div class=\"col-xs-6\">Current (max), \u0410<\/div>\n<\/td>\n<td style=\"height: 24px;\">\n<div class=\"attribute row\">\n<div class=\"col-xs-6\">14.3<\/div>\n<\/div>\n<\/td>\n<\/tr>\n<tr class=\"odd\" style=\"height: 24px;\">\n<td style=\"height: 24px;\">Outlets<\/td>\n<td style=\"height: 24px;\">\n<div class=\"attribute row\">\n<div class=\"col-xs-6\">2 x Schuko 230 V<\/div>\n<\/div>\n<\/td>\n<\/tr>\n<tr class=\"even\" style=\"height: 24px;\">\n<td style=\"height: 24px;\">\n<div class=\"col-xs-6\">Engine start<\/div>\n<\/td>\n<td style=\"height: 24px;\">Manual<\/td>\n<\/tr>\n<tr class=\"odd\" style=\"height: 24px;\">\n<td style=\"height: 24px;\">\n<div class=\"col-xs-6\">Fuel tank volume, l<\/div>\n<\/td>\n<td style=\"height: 24px;\">4.0<\/td>\n<\/tr>\n<tr class=\"even\" style=\"height: 24px;\">\n<td style=\"height: 24px;\">\n<div class=\"col-xs-6\">Keskmine. t\u00f6\u00f6aeg (power 50%), h***<\/div>\n<\/td>\n<td style=\"height: 24px;\">\n<div class=\"attribute row\">\n<div class=\"col-xs-6\">5.9<\/div>\n<\/div>\n<\/td>\n<\/tr>\n<tr class=\"even\" style=\"height: 24px;\">\n<td style=\"height: 24px;\">\n<div class=\"col-xs-6\">Noise level Lpa (7m)\/Lwa, dB<\/div>\n<\/td>\n<td style=\"height: 24px;\">\n<div class=\"attribute row\">\n<div class=\"col-xs-6\">68\/95<\/div>\n<\/div>\n<\/td>\n<\/tr>\n<tr class=\"odd\" style=\"height: 24px;\">\n<td style=\"height: 24px;\">\n<div class=\"col-xs-6\">Engine model<\/div>\n<\/td>\n<td style=\"height: 24px;\">\n<div class=\"attribute row\">\n<div class=\"col-xs-6\">KS 170i<\/div>\n<\/div>\n<\/td>\n<\/tr>\n<tr class=\"even\" style=\"height: 24px;\">\n<td style=\"height: 24px;\">\n<div class=\"col-xs-6\">Engine cylinder volume, cm3<\/div>\n<\/td>\n<td style=\"height: 24px;\">\n<div class=\"attribute row\">\n<div class=\"col-xs-6\">150<\/div>\n<\/div>\n<\/td>\n<\/tr>\n<tr class=\"odd\" style=\"height: 48px;\">\n<td style=\"height: 48px;\">\n<div class=\"col-xs-6\">Engine type<\/div>\n<\/td>\n<td style=\"height: 48px;\">\n<div class=\"attribute row\">\n<div class=\"col-xs-6\">Gasoline powered one-cylinder, four-stroke air-cooled<\/div>\n<\/div>\n<\/td>\n<\/tr>\n<tr class=\"even\" style=\"height: 24px;\">\n<td style=\"height: 24px;\">\n<div class=\"col-xs-6\">Engine power, hp<\/div>\n<\/td>\n<td style=\"height: 24px;\">\n<div class=\"attribute row\">\n<div class=\"col-xs-6\">5<\/div>\n<\/div>\n<\/td>\n<\/tr>\n<tr class=\"odd\" style=\"height: 24px;\">\n<td style=\"height: 24px;\">\n<div class=\"col-xs-6\">Possibility of parallel connection<\/div>\n<\/td>\n<td style=\"height: 24px;\">&#8211;<\/td>\n<\/tr>\n<tr class=\"even\" style=\"height: 24px;\">\n<td style=\"height: 24px;\">\n<div class=\"col-xs-6\">Crank case volume, L<\/div>\n<\/td>\n<td style=\"height: 24px;\">0.4<\/td>\n<\/tr>\n<tr class=\"odd\" style=\"height: 24px;\">\n<td style=\"height: 24px;\">\n<div class=\"col-xs-6\">Generaatori m\u00e4his<\/div>\n<\/td>\n<td style=\"height: 24px;\">Copper<\/td>\n<\/tr>\n<tr class=\"even\" style=\"height: 24px;\">\n<td style=\"height: 24px;\">\n<div class=\"col-xs-6\">Protection class<\/div>\n<\/td>\n<td style=\"height: 24px;\">IP23M<\/td>\n<\/tr>\n<tr style=\"height: 24px;\">\n<td style=\"height: 24px;\">Net dimensions (LxWxH), mm<\/td>\n<td style=\"height: 24px;\">492x285x460<\/td>\n<\/tr>\n<tr style=\"height: 24px;\">\n<td style=\"height: 24px;\">Gross dimensions (LxWxH), mm<\/td>\n<td style=\"height: 24px;\">525\u0445325\u0445550<\/td>\n<\/tr>\n<tr style=\"height: 24px;\">\n<td style=\"height: 24px;\">Net weight, kg<\/td>\n<td style=\"height: 24px;\">21.5<\/td>\n<\/tr>\n<tr style=\"height: 24px;\">\n<td style=\"height: 24px;\">Gross weight, kg<\/td>\n<td style=\"height: 24px;\">23.5<\/td>\n<\/tr>\n<tr style=\"height: 24px;\">\n<td style=\"height: 24px;\">EAN code<\/td>\n<td style=\"height: 24px;\">4260405368631<\/td>\n<\/tr>\n<\/tbody>\n<\/table>\n<p><span style=\"font-size: 10pt;\"><em>Soovitame kasutada 10W-30 v\u00f5i 10W-40 \u00f5li. Kontrollige alati \u00f5litaset enne iga kasutamist. Kasutage ainult pliivaba bensiini, mille oktaaniarv on 90\u201395 ja mis sisaldab kuni 10% etanooli.<\/em><\/span><\/p>","protected":false},"featured_media":21197,"template":"","meta":{"_acf_changed":false,"inline_featured_image":false},"product_brand":[],"product_cat":[179,181,94,23],"product_tag":[],"class_list":{"0":"post-21195","1":"product","2":"type-product","3":"status-publish","4":"has-post-thumbnail","6":"product_cat-allahinnatud","7":"product_cat-laos-olemas","8":"product_cat-generaatorid","9":"product_cat-invertergeneraatorid","10":"product_shipping_class-poolalus","11":"brand-konner-sohnen","13":"first","14":"instock","15":"sale","16":"taxable","17":"shipping-taxable","18":"purchasable","19":"product-type-simple"},"acf":[],"yoast_head":"<!-- This site is optimized with the Yoast SEO plugin v26.2 - https:\/\/yoast.com\/wordpress\/plugins\/seo\/ -->\n<title>Invertergeneraator KSB 33i S - Genekas24<\/title>\n<meta name=\"robots\" content=\"index, follow, max-snippet:-1, max-image-preview:large, max-video-preview:-1\" \/>\n<link rel=\"canonical\" href=\"https:\/\/staging.genekas24.ee\/en\/product\/invertergeneraator-ksb-33i-s\/\" \/>\n<meta property=\"og:locale\" content=\"en_GB\" \/>\n<meta property=\"og:type\" content=\"article\" \/>\n<meta property=\"og:title\" content=\"Invertergeneraator KSB 33i S - Genekas24\" \/>\n<meta property=\"og:description\" content=\"Pinge, V 230    Max v\u00f5imsus, kW 3.3    Nominaalne v\u00f5imsus, kW   3.0     Sagedus, Hz 50    Vool (max), \u0410   14.3    Pistikupesad   2 x Schuko 230 V     Mootori k\u00e4ivitamine Manuaalne    K\u00fctusepaagi maht, l 4.0    Keskmine. t\u00f6\u00f6aeg (power 50%), h***   5.9     M\u00fcratase Lpa (7m)\/Lwa, dB   68\/95     Mootori mudel   KS 170i     Mootori silindri maht, cm3   150     Mootori t\u00fc\u00fcp   Bensiinimootoriga \u00fchesilindriline, neljataktiline \u00f5hkjahutusega     Mootori v\u00f5imsus, hp   5     Paralleel\u00fchenduse v\u00f5imalus -    Karteri maht, l 0.4    Generaatori m\u00e4his Vask    Kaitseklass IP23M   Neto m\u00f5\u00f5dud (PxLxK), mm 492x285x460   Bruto m\u00f5\u00f5dud (PxLxK), mm 525\u0445325\u0445550   Netokaal, kg 21.5   Brutokaal, kg 23.5   EAN kood 4260405368631    Soovitame kasutada 10W-30 v\u00f5i 10W-40 \u00f5li. Kontrollige alati \u00f5litaset enne iga kasutamist. Kasutage ainult pliivaba bensiini, mille oktaaniarv on 90\u201395 ja mis sisaldab kuni 10% etanooli.\" \/>\n<meta property=\"og:url\" content=\"https:\/\/staging.genekas24.ee\/en\/product\/invertergeneraator-ksb-33i-s\/\" \/>\n<meta property=\"og:site_name\" content=\"Genekas24\" \/>\n<meta property=\"article:modified_time\" content=\"2025-12-17T16:31:28+00:00\" \/>\n<meta property=\"og:image\" content=\"https:\/\/staging.genekas24.ee\/wp-content\/uploads\/2025\/12\/2500x2500_KSB-33i-S_1.webp\" \/>\n\t<meta property=\"og:image:width\" content=\"1600\" \/>\n\t<meta property=\"og:image:height\" content=\"1600\" \/>\n\t<meta property=\"og:image:type\" content=\"image\/webp\" \/>\n<meta name=\"twitter:card\" content=\"summary_large_image\" \/>\n<meta name=\"twitter:label1\" content=\"Estimated reading time\" \/>\n\t<meta name=\"twitter:data1\" content=\"3 minutes\" \/>\n<script type=\"application\/ld+json\" class=\"yoast-schema-graph\">{\"@context\":\"https:\/\/schema.org\",\"@graph\":[{\"@type\":\"WebPage\",\"@id\":\"https:\/\/staging.genekas24.ee\/toode\/invertergeneraator-ksb-33i-s\/\",\"url\":\"https:\/\/staging.genekas24.ee\/toode\/invertergeneraator-ksb-33i-s\/\",\"name\":\"Invertergeneraator KSB 33i S - Genekas24\",\"isPartOf\":{\"@id\":\"https:\/\/staging.genekas24.ee\/#website\"},\"primaryImageOfPage\":{\"@id\":\"https:\/\/staging.genekas24.ee\/toode\/invertergeneraator-ksb-33i-s\/#primaryimage\"},\"image\":{\"@id\":\"https:\/\/staging.genekas24.ee\/toode\/invertergeneraator-ksb-33i-s\/#primaryimage\"},\"thumbnailUrl\":\"https:\/\/staging.genekas24.ee\/wp-content\/uploads\/2025\/12\/2500x2500_KSB-33i-S_1.webp\",\"datePublished\":\"2025-12-08T14:53:00+00:00\",\"dateModified\":\"2025-12-17T16:31:28+00:00\",\"breadcrumb\":{\"@id\":\"https:\/\/staging.genekas24.ee\/toode\/invertergeneraator-ksb-33i-s\/#breadcrumb\"},\"inLanguage\":\"en-GB\",\"potentialAction\":[{\"@type\":\"ReadAction\",\"target\":[\"https:\/\/staging.genekas24.ee\/toode\/invertergeneraator-ksb-33i-s\/\"]}]},{\"@type\":\"ImageObject\",\"inLanguage\":\"en-GB\",\"@id\":\"https:\/\/staging.genekas24.ee\/toode\/invertergeneraator-ksb-33i-s\/#primaryimage\",\"url\":\"https:\/\/staging.genekas24.ee\/wp-content\/uploads\/2025\/12\/2500x2500_KSB-33i-S_1.webp\",\"contentUrl\":\"https:\/\/staging.genekas24.ee\/wp-content\/uploads\/2025\/12\/2500x2500_KSB-33i-S_1.webp\",\"width\":1600,\"height\":1600},{\"@type\":\"BreadcrumbList\",\"@id\":\"https:\/\/staging.genekas24.ee\/toode\/invertergeneraator-ksb-33i-s\/#breadcrumb\",\"itemListElement\":[{\"@type\":\"ListItem\",\"position\":1,\"name\":\"Home\",\"item\":\"https:\/\/staging.genekas24.ee\/\"},{\"@type\":\"ListItem\",\"position\":2,\"name\":\"Pood\",\"item\":\"https:\/\/staging.genekas24.ee\/pood\/\"},{\"@type\":\"ListItem\",\"position\":3,\"name\":\"Invertergeneraator KSB 33i S\"}]},{\"@type\":\"WebSite\",\"@id\":\"https:\/\/staging.genekas24.ee\/#website\",\"url\":\"https:\/\/staging.genekas24.ee\/\",\"name\":\"Genekas24\",\"description\":\"Generaatorid | K&ouml;nner S&ouml;hnen tooted | Genekas24\",\"publisher\":{\"@id\":\"https:\/\/staging.genekas24.ee\/#organization\"},\"potentialAction\":[{\"@type\":\"SearchAction\",\"target\":{\"@type\":\"EntryPoint\",\"urlTemplate\":\"https:\/\/staging.genekas24.ee\/?s={search_term_string}\"},\"query-input\":{\"@type\":\"PropertyValueSpecification\",\"valueRequired\":true,\"valueName\":\"search_term_string\"}}],\"inLanguage\":\"en-GB\"},{\"@type\":\"Organization\",\"@id\":\"https:\/\/staging.genekas24.ee\/#organization\",\"name\":\"Genekas24\",\"url\":\"https:\/\/staging.genekas24.ee\/\",\"logo\":{\"@type\":\"ImageObject\",\"inLanguage\":\"en-GB\",\"@id\":\"https:\/\/staging.genekas24.ee\/#\/schema\/logo\/image\/\",\"url\":\"https:\/\/staging.genekas24.ee\/wp-content\/uploads\/2026\/01\/genekas24-logo_black.svg\",\"contentUrl\":\"https:\/\/staging.genekas24.ee\/wp-content\/uploads\/2026\/01\/genekas24-logo_black.svg\",\"width\":840,\"height\":131,\"caption\":\"Genekas24\"},\"image\":{\"@id\":\"https:\/\/staging.genekas24.ee\/#\/schema\/logo\/image\/\"}}]}<\/script>\n<!-- \/ Yoast SEO plugin. -->","yoast_head_json":{"title":"Invertergeneraator KSB 33i S - Genekas24","robots":{"index":"index","follow":"follow","max-snippet":"max-snippet:-1","max-image-preview":"max-image-preview:large","max-video-preview":"max-video-preview:-1"},"canonical":"https:\/\/staging.genekas24.ee\/en\/product\/invertergeneraator-ksb-33i-s\/","og_locale":"en_GB","og_type":"article","og_title":"Invertergeneraator KSB 33i S - Genekas24","og_description":"Pinge, V 230    Max v\u00f5imsus, kW 3.3    Nominaalne v\u00f5imsus, kW   3.0     Sagedus, Hz 50    Vool (max), \u0410   14.3    Pistikupesad   2 x Schuko 230 V     Mootori k\u00e4ivitamine Manuaalne    K\u00fctusepaagi maht, l 4.0    Keskmine. t\u00f6\u00f6aeg (power 50%), h***   5.9     M\u00fcratase Lpa (7m)\/Lwa, dB   68\/95     Mootori mudel   KS 170i     Mootori silindri maht, cm3   150     Mootori t\u00fc\u00fcp   Bensiinimootoriga \u00fchesilindriline, neljataktiline \u00f5hkjahutusega     Mootori v\u00f5imsus, hp   5     Paralleel\u00fchenduse v\u00f5imalus -    Karteri maht, l 0.4    Generaatori m\u00e4his Vask    Kaitseklass IP23M   Neto m\u00f5\u00f5dud (PxLxK), mm 492x285x460   Bruto m\u00f5\u00f5dud (PxLxK), mm 525\u0445325\u0445550   Netokaal, kg 21.5   Brutokaal, kg 23.5   EAN kood 4260405368631    Soovitame kasutada 10W-30 v\u00f5i 10W-40 \u00f5li. Kontrollige alati \u00f5litaset enne iga kasutamist. Kasutage ainult pliivaba bensiini, mille oktaaniarv on 90\u201395 ja mis sisaldab kuni 10% etanooli.","og_url":"https:\/\/staging.genekas24.ee\/en\/product\/invertergeneraator-ksb-33i-s\/","og_site_name":"Genekas24","article_modified_time":"2025-12-17T16:31:28+00:00","og_image":[{"width":1600,"height":1600,"url":"https:\/\/staging.genekas24.ee\/wp-content\/uploads\/2025\/12\/2500x2500_KSB-33i-S_1.webp","type":"image\/webp"}],"twitter_card":"summary_large_image","twitter_misc":{"Estimated reading time":"3 minutes"},"schema":{"@context":"https:\/\/schema.org","@graph":[{"@type":"WebPage","@id":"https:\/\/staging.genekas24.ee\/toode\/invertergeneraator-ksb-33i-s\/","url":"https:\/\/staging.genekas24.ee\/toode\/invertergeneraator-ksb-33i-s\/","name":"Invertergeneraator KSB 33i S - Genekas24","isPartOf":{"@id":"https:\/\/staging.genekas24.ee\/#website"},"primaryImageOfPage":{"@id":"https:\/\/staging.genekas24.ee\/toode\/invertergeneraator-ksb-33i-s\/#primaryimage"},"image":{"@id":"https:\/\/staging.genekas24.ee\/toode\/invertergeneraator-ksb-33i-s\/#primaryimage"},"thumbnailUrl":"https:\/\/staging.genekas24.ee\/wp-content\/uploads\/2025\/12\/2500x2500_KSB-33i-S_1.webp","datePublished":"2025-12-08T14:53:00+00:00","dateModified":"2025-12-17T16:31:28+00:00","breadcrumb":{"@id":"https:\/\/staging.genekas24.ee\/toode\/invertergeneraator-ksb-33i-s\/#breadcrumb"},"inLanguage":"en-GB","potentialAction":[{"@type":"ReadAction","target":["https:\/\/staging.genekas24.ee\/toode\/invertergeneraator-ksb-33i-s\/"]}]},{"@type":"ImageObject","inLanguage":"en-GB","@id":"https:\/\/staging.genekas24.ee\/toode\/invertergeneraator-ksb-33i-s\/#primaryimage","url":"https:\/\/staging.genekas24.ee\/wp-content\/uploads\/2025\/12\/2500x2500_KSB-33i-S_1.webp","contentUrl":"https:\/\/staging.genekas24.ee\/wp-content\/uploads\/2025\/12\/2500x2500_KSB-33i-S_1.webp","width":1600,"height":1600},{"@type":"BreadcrumbList","@id":"https:\/\/staging.genekas24.ee\/toode\/invertergeneraator-ksb-33i-s\/#breadcrumb","itemListElement":[{"@type":"ListItem","position":1,"name":"Home","item":"https:\/\/staging.genekas24.ee\/"},{"@type":"ListItem","position":2,"name":"Pood","item":"https:\/\/staging.genekas24.ee\/pood\/"},{"@type":"ListItem","position":3,"name":"Invertergeneraator KSB 33i S"}]},{"@type":"WebSite","@id":"https:\/\/staging.genekas24.ee\/#website","url":"https:\/\/staging.genekas24.ee\/","name":"Genekas24","description":"Generaatorid | K&ouml;nner S&ouml;hnen tooted | Genekas24","publisher":{"@id":"https:\/\/staging.genekas24.ee\/#organization"},"potentialAction":[{"@type":"SearchAction","target":{"@type":"EntryPoint","urlTemplate":"https:\/\/staging.genekas24.ee\/?s={search_term_string}"},"query-input":{"@type":"PropertyValueSpecification","valueRequired":true,"valueName":"search_term_string"}}],"inLanguage":"en-GB"},{"@type":"Organization","@id":"https:\/\/staging.genekas24.ee\/#organization","name":"Genekas24","url":"https:\/\/staging.genekas24.ee\/","logo":{"@type":"ImageObject","inLanguage":"en-GB","@id":"https:\/\/staging.genekas24.ee\/#\/schema\/logo\/image\/","url":"https:\/\/staging.genekas24.ee\/wp-content\/uploads\/2026\/01\/genekas24-logo_black.svg","contentUrl":"https:\/\/staging.genekas24.ee\/wp-content\/uploads\/2026\/01\/genekas24-logo_black.svg","width":840,"height":131,"caption":"Genekas24"},"image":{"@id":"https:\/\/staging.genekas24.ee\/#\/schema\/logo\/image\/"}}]}},"_links":{"self":[{"href":"https:\/\/staging.genekas24.ee\/en\/wp-json\/wp\/v2\/product\/21195","targetHints":{"allow":["GET"]}}],"collection":[{"href":"https:\/\/staging.genekas24.ee\/en\/wp-json\/wp\/v2\/product"}],"about":[{"href":"https:\/\/staging.genekas24.ee\/en\/wp-json\/wp\/v2\/types\/product"}],"version-history":[{"count":2,"href":"https:\/\/staging.genekas24.ee\/en\/wp-json\/wp\/v2\/product\/21195\/revisions"}],"predecessor-version":[{"id":21202,"href":"https:\/\/staging.genekas24.ee\/en\/wp-json\/wp\/v2\/product\/21195\/revisions\/21202"}],"wp:featuredmedia":[{"embeddable":true,"href":"https:\/\/staging.genekas24.ee\/en\/wp-json\/wp\/v2\/media\/21197"}],"wp:attachment":[{"href":"https:\/\/staging.genekas24.ee\/en\/wp-json\/wp\/v2\/media?parent=21195"}],"wp:term":[{"taxonomy":"product_brand","embeddable":true,"href":"https:\/\/staging.genekas24.ee\/en\/wp-json\/wp\/v2\/product_brand?post=21195"},{"taxonomy":"product_cat","embeddable":true,"href":"https:\/\/staging.genekas24.ee\/en\/wp-json\/wp\/v2\/product_cat?post=21195"},{"taxonomy":"product_tag","embeddable":true,"href":"https:\/\/staging.genekas24.ee\/en\/wp-json\/wp\/v2\/product_tag?post=21195"}],"curies":[{"name":"wp","href":"https:\/\/api.w.org\/{rel}","templated":true}]}}