{"id":21067,"date":"2025-11-18T16:56:49","date_gmt":"2025-11-18T16:56:49","guid":{"rendered":"https:\/\/staging.genekas24.ee\/?post_type=product&#038;p=21067"},"modified":"2025-12-22T15:19:47","modified_gmt":"2025-12-22T15:19:47","slug":"invertergeneraator-f-5001-isg","status":"publish","type":"product","link":"https:\/\/staging.genekas24.ee\/en\/product\/invertergeneraator-f-5001-isg\/","title":{"rendered":"Invertergeneraator F 5001 iSG"},"content":{"rendered":"<p data-start=\"44\" data-end=\"104\">Tutvustame meie uut toodet \u2013 F 5001 iSG invertergeneraatorit<\/p>\n<p data-start=\"106\" data-end=\"126\"><strong data-start=\"106\" data-end=\"126\">Miks F 5001 iSG?<\/strong><\/p>\n<p data-start=\"128\" data-end=\"500\">Meie uusim generaatorimudel kasutab t\u00e4iustatud invertertehnoloogiat, mis tagab stabiilse 50 Hz sageduse ja pinge stabiliseerimise \u00b1 1% piires. See t\u00e4hendab, et isegi k\u00f5ige tundlikumaid elektroonikaseadmeid saab ohutult toita. Lisaks tagab madal THD (\u2264 3%) puhta energia ning v\u00e4ga vaikne t\u00f6\u00f6 (94 dB(A)) v\u00f5imaldab generaatorit kasutada ka kohtades, kus m\u00fcra ei ole soovitav.<\/p>\n<p data-start=\"502\" data-end=\"524\"><strong data-start=\"502\" data-end=\"524\">Kerge, kuid v\u00f5imas<\/strong><\/p>\n<p data-start=\"526\" data-end=\"790\">Seade kaalub vaid 48 kg, mis muudab selle erakordselt mobiilseks. Kompaktsetele m\u00f5\u00f5tmetele vaatamata annab generaator maksimaalselt 4 kW bensiinil ja 3,8 kW gaasil, muutes selle ideaalset lahendust nii kodus (v\u00e4ljalaskes\u00fcsteemi kasutamisel) kui ka v\u00e4litingimustes.<\/p>\n<p data-start=\"792\" data-end=\"822\"><strong data-start=\"792\" data-end=\"822\">S\u00e4\u00e4stlikkus ja paindlikkus<\/strong><\/p>\n<p data-start=\"824\" data-end=\"1105\">K\u00fctuses\u00e4\u00e4stufunktsioon v\u00e4hendab nutikalt mootori p\u00f6\u00f6rdeid v\u00e4ikese koormuse korral, mis aitab v\u00e4hendada k\u00fctusekulu. Veelgi enam \u2013 t\u00e4nu v\u00f5imalusele valida bensiini v\u00f5i gaasi vahel, 8,3-liitrisele k\u00fctusepaagile ja gaasiballooni kasutamisele pakub F 5001 iSG enneolematut paindlikkust.<\/p>\n<p data-start=\"1107\" data-end=\"1126\"><strong data-start=\"1107\" data-end=\"1126\">Alati k\u00e4ep\u00e4rast<\/strong><\/p>\n<p data-start=\"1128\" data-end=\"1437\">Elektristart muudab generaatori k\u00e4ivitamise lihtsaks ja kiireks. Kahe F 5001 iSG seadme s\u00fcnkroniseerimisv\u00f5imalus avab uusi v\u00f5imalusi n\u00f5udlikumateks rakendusteks, pakkudes vajadusel kahekordset v\u00f5imsust. Lisaks saab generaatorit varustada automaatikaga, mis tagab automaatse k\u00e4ivitumise voolukatkestuse korral.<\/p>\n<p data-start=\"1439\" data-end=\"1471\"><strong data-start=\"1439\" data-end=\"1471\">Meie vastus turu vajadustele<\/strong><\/p>\n<p data-start=\"1473\" data-end=\"1802\">FOGO F 5001 iSG invertergeneraator ei ole lihtsalt seade, mis tagab usaldusv\u00e4\u00e4rse toite igas olukorras \u2013 see on ka tunnistus meie p\u00fchendumusest innovatsioonile ning toodetele, mis vastavad k\u00f5rgeimatele efektiivsuse, ohutuse ja kasutusmugavuse standarditele. Avastage FOGO-ga mobiilse energia uus tase ja lubage endal teha rohkem!<\/p>","protected":false},"excerpt":{"rendered":"<table style=\"width: 100%; height: 744px;\">\n<tbody>\n<tr class=\"even\" style=\"height: 24px;\">\n<td style=\"height: 24px;\" width=\"60%\">Voltage<\/td>\n<td style=\"height: 24px;\">230<\/td>\n<\/tr>\n<tr class=\"odd\" style=\"height: 24px;\">\n<td style=\"height: 24px;\">\n<div class=\"col-xs-6\">Max v\u00f5imsus, kW(Gaas\/Bensiin)<\/div>\n<\/td>\n<td style=\"height: 24px;\">3.8\/4,0<\/td>\n<\/tr>\n<tr class=\"even\" style=\"height: 24px;\">\n<td style=\"height: 24px;\">\n<div class=\"col-xs-6\">Nominaalne v\u00f5imsus, kW (Gaas\/Bensiin)<\/div>\n<\/td>\n<td style=\"height: 24px;\">3.4\/3.8<\/td>\n<\/tr>\n<tr class=\"odd\" style=\"height: 24px;\">\n<td style=\"height: 24px;\">\n<div class=\"col-xs-6\">Frequency, Hz<\/div>\n<\/td>\n<td style=\"height: 24px;\">50<\/td>\n<\/tr>\n<tr class=\"even\" style=\"height: 24px;\">\n<td style=\"height: 24px;\">\n<div class=\"col-xs-6\">Current (max), \u0410<\/div>\n<\/td>\n<td style=\"height: 24px;\">13,9<\/td>\n<\/tr>\n<tr class=\"odd\" style=\"height: 48px;\">\n<td style=\"height: 48px;\">Outlets<\/td>\n<td style=\"height: 48px;\">\n<div class=\"attribute row\">\n<div class=\"col-xs-6\">2 x 230 V 16 A<\/div>\n<div class=\"col-xs-6\"><\/div>\n<\/div>\n<\/td>\n<\/tr>\n<tr class=\"odd\" style=\"height: 24px;\">\n<td style=\"height: 24px;\">\n<div class=\"col-xs-6\">Fuel tank volume, l<\/div>\n<\/td>\n<td style=\"height: 24px;\">8,3 L \/ 11 kg*<\/td>\n<\/tr>\n<tr class=\"even\" style=\"height: 24px;\">\n<td style=\"height: 24px;\">\n<div class=\"col-xs-6\">K\u00fctusekulu (50% \/ 100%)<\/div>\n<\/td>\n<td style=\"height: 24px;\">1,5 \/ 2,7 l\/h (bensiin) \u2014 1,0 \/ 1,8 kg\/h (gaas)<\/td>\n<\/tr>\n<tr class=\"odd\" style=\"height: 48px;\">\n<td style=\"height: 48px;\">\n<div class=\"col-xs-6\">LED display<\/div>\n<\/td>\n<td style=\"height: 48px;\">\n<div class=\"attribute row\">\n<div class=\"col-xs-6\">&#8211;<\/div>\n<\/div>\n<\/td>\n<\/tr>\n<tr class=\"even\" style=\"height: 24px;\">\n<td style=\"height: 24px;\">\n<div class=\"col-xs-6\">M\u00fcratase Lwa, dB (A)<\/div>\n<\/td>\n<td style=\"height: 24px;\">\n<div class=\"attribute row\">\n<div class=\"col-xs-6\">94<\/div>\n<\/div>\n<\/td>\n<\/tr>\n<tr class=\"even\" style=\"height: 72px;\">\n<td style=\"height: 72px;\">\n<div class=\"col-xs-6\">Engine type<\/div>\n<\/td>\n<td style=\"height: 72px;\">\n<div class=\"attribute row\">\n<div class=\"col-xs-6\">\u00dchesilindriline, neljataktilise \u00f5hkjahutusega<\/div>\n<\/div>\n<\/td>\n<\/tr>\n<tr class=\"odd\" style=\"height: 24px;\">\n<td style=\"height: 24px;\">\n<div class=\"col-xs-6\">Engine model<\/div>\n<\/td>\n<td style=\"height: 24px;\">\n<div class=\"attribute row\">\n<div class=\"col-xs-6\">R 225 D-Vi<\/div>\n<\/div>\n<\/td>\n<\/tr>\n<tr class=\"even\" style=\"height: 24px;\">\n<td style=\"height: 24px;\">\n<div class=\"col-xs-6\">Engine cylinder volume, cm3<\/div>\n<\/td>\n<td style=\"height: 24px;\">225<\/td>\n<\/tr>\n<tr class=\"even\" style=\"height: 24px;\">\n<td style=\"height: 24px;\">\n<div class=\"col-xs-6\">Crank case volume, L<\/div>\n<\/td>\n<td style=\"height: 24px;\">0.6<\/td>\n<\/tr>\n<tr class=\"odd\" style=\"height: 24px;\">\n<td style=\"height: 24px;\">\n<div class=\"col-xs-6\">Engine start<\/div>\n<\/td>\n<td style=\"height: 24px;\">\n<div class=\"attribute row\">\n<div class=\"col-xs-6\">K\u00e4sistarter + elektristarter<\/div>\n<\/div>\n<\/td>\n<\/tr>\n<tr class=\"odd\" style=\"height: 24px;\">\n<td style=\"height: 24px;\">\n<div class=\"col-xs-6\">Protection class<\/div>\n<\/td>\n<td style=\"height: 24px;\">\n<div class=\"attribute row\">\n<div class=\"col-xs-6\">IP23<\/div>\n<\/div>\n<\/td>\n<\/tr>\n<tr style=\"height: 24px;\">\n<td style=\"height: 24px;\">Net weight, kg<\/td>\n<td style=\"height: 24px;\">48<\/td>\n<\/tr>\n<\/tbody>\n<\/table>\n<p>* Tavaline gaasiballoon<\/p>\n<p>*** Fuel consumption depends on many factors, such as load, fuel quality, season, altitude, technical condition of the generator.<\/p>\n<p>Toodetud Poolas.<\/p>\n<p>&nbsp;<\/p>","protected":false},"featured_media":21068,"template":"","meta":{"_acf_changed":false,"inline_featured_image":false},"product_brand":[],"product_cat":[179,94,23],"product_tag":[],"class_list":{"0":"post-21067","1":"product","2":"type-product","3":"status-publish","4":"has-post-thumbnail","6":"product_cat-allahinnatud","7":"product_cat-generaatorid","8":"product_cat-invertergeneraatorid","9":"product_shipping_class-poolalus","10":"brand-fogo","12":"first","13":"instock","14":"sale","15":"taxable","16":"shipping-taxable","17":"purchasable","18":"product-type-simple"},"acf":[],"yoast_head":"<!-- This site is optimized with the Yoast SEO plugin v26.2 - https:\/\/yoast.com\/wordpress\/plugins\/seo\/ -->\n<title>Invertergeneraator F 5001 iSG - Genekas24<\/title>\n<meta name=\"robots\" content=\"index, follow, max-snippet:-1, max-image-preview:large, max-video-preview:-1\" \/>\n<link rel=\"canonical\" href=\"https:\/\/staging.genekas24.ee\/en\/product\/invertergeneraator-f-5001-isg\/\" \/>\n<meta property=\"og:locale\" content=\"en_GB\" \/>\n<meta property=\"og:type\" content=\"article\" \/>\n<meta property=\"og:title\" content=\"Invertergeneraator F 5001 iSG - Genekas24\" \/>\n<meta property=\"og:description\" content=\"Pinge 230    Max v\u00f5imsus, kW(Gaas\/Bensiin) 3.8\/4,0    Nominaalne v\u00f5imsus, kW (Gaas\/Bensiin) 3.4\/3.8    Sagedus, Hz 50    Vool (max), \u0410 13,9   Pistikupesad   2 x 230 V 16 A      K\u00fctusepaagi maht, l 8,3 L \/ 11 kg*    K\u00fctusekulu (50% \/ 100%) 1,5 \/ 2,7 l\/h (bensiin) \u2014 1,0 \/ 1,8 kg\/h (gaas)    LED-ekraan   -     M\u00fcratase Lwa, dB (A)   94     Mootori t\u00fc\u00fcp   \u00dchesilindriline, neljataktilise \u00f5hkjahutusega     Mootori mudel   R 225 D-Vi     Mootori silindri t\u00f6\u00f6maht, cm3 225    Karteri maht, l 0.6    Mootori k\u00e4ivitamine   K\u00e4sistarter + elektristarter     Kaitseklass   IP23    Netokaal, kg 48    * Tavaline gaasiballoon  *** K\u00fctusekulu s\u00f5ltub paljudest teguritest: nagu koormus, k\u00fctuse kvaliteet, aastaaeg, k\u00f5rgus merepinnast, generaatori tehniline seisukord.  Toodetud Poolas.  &nbsp;\" \/>\n<meta property=\"og:url\" content=\"https:\/\/staging.genekas24.ee\/en\/product\/invertergeneraator-f-5001-isg\/\" \/>\n<meta property=\"og:site_name\" content=\"Genekas24\" \/>\n<meta property=\"article:modified_time\" content=\"2025-12-22T15:19:47+00:00\" \/>\n<meta property=\"og:image\" content=\"https:\/\/staging.genekas24.ee\/wp-content\/uploads\/2025\/11\/F5001iSG-nowosc-1920w.webp\" \/>\n\t<meta property=\"og:image:width\" content=\"1920\" \/>\n\t<meta property=\"og:image:height\" content=\"1243\" \/>\n\t<meta property=\"og:image:type\" content=\"image\/webp\" \/>\n<meta name=\"twitter:card\" content=\"summary_large_image\" \/>\n<meta name=\"twitter:label1\" content=\"Estimated reading time\" \/>\n\t<meta name=\"twitter:data1\" content=\"2 minutes\" \/>\n<script type=\"application\/ld+json\" class=\"yoast-schema-graph\">{\"@context\":\"https:\/\/schema.org\",\"@graph\":[{\"@type\":\"WebPage\",\"@id\":\"https:\/\/staging.genekas24.ee\/toode\/invertergeneraator-f-5001-isg\/\",\"url\":\"https:\/\/staging.genekas24.ee\/toode\/invertergeneraator-f-5001-isg\/\",\"name\":\"Invertergeneraator F 5001 iSG - Genekas24\",\"isPartOf\":{\"@id\":\"https:\/\/staging.genekas24.ee\/#website\"},\"primaryImageOfPage\":{\"@id\":\"https:\/\/staging.genekas24.ee\/toode\/invertergeneraator-f-5001-isg\/#primaryimage\"},\"image\":{\"@id\":\"https:\/\/staging.genekas24.ee\/toode\/invertergeneraator-f-5001-isg\/#primaryimage\"},\"thumbnailUrl\":\"https:\/\/staging.genekas24.ee\/wp-content\/uploads\/2025\/11\/F5001iSG-nowosc-1920w.webp\",\"datePublished\":\"2025-11-18T16:56:49+00:00\",\"dateModified\":\"2025-12-22T15:19:47+00:00\",\"breadcrumb\":{\"@id\":\"https:\/\/staging.genekas24.ee\/toode\/invertergeneraator-f-5001-isg\/#breadcrumb\"},\"inLanguage\":\"en-GB\",\"potentialAction\":[{\"@type\":\"ReadAction\",\"target\":[\"https:\/\/staging.genekas24.ee\/toode\/invertergeneraator-f-5001-isg\/\"]}]},{\"@type\":\"ImageObject\",\"inLanguage\":\"en-GB\",\"@id\":\"https:\/\/staging.genekas24.ee\/toode\/invertergeneraator-f-5001-isg\/#primaryimage\",\"url\":\"https:\/\/staging.genekas24.ee\/wp-content\/uploads\/2025\/11\/F5001iSG-nowosc-1920w.webp\",\"contentUrl\":\"https:\/\/staging.genekas24.ee\/wp-content\/uploads\/2025\/11\/F5001iSG-nowosc-1920w.webp\",\"width\":1920,\"height\":1243},{\"@type\":\"BreadcrumbList\",\"@id\":\"https:\/\/staging.genekas24.ee\/toode\/invertergeneraator-f-5001-isg\/#breadcrumb\",\"itemListElement\":[{\"@type\":\"ListItem\",\"position\":1,\"name\":\"Home\",\"item\":\"https:\/\/staging.genekas24.ee\/\"},{\"@type\":\"ListItem\",\"position\":2,\"name\":\"Pood\",\"item\":\"https:\/\/staging.genekas24.ee\/pood\/\"},{\"@type\":\"ListItem\",\"position\":3,\"name\":\"Invertergeneraator F 5001 iSG\"}]},{\"@type\":\"WebSite\",\"@id\":\"https:\/\/staging.genekas24.ee\/#website\",\"url\":\"https:\/\/staging.genekas24.ee\/\",\"name\":\"Genekas24\",\"description\":\"Generaatorid | K&ouml;nner S&ouml;hnen tooted | Genekas24\",\"publisher\":{\"@id\":\"https:\/\/staging.genekas24.ee\/#organization\"},\"potentialAction\":[{\"@type\":\"SearchAction\",\"target\":{\"@type\":\"EntryPoint\",\"urlTemplate\":\"https:\/\/staging.genekas24.ee\/?s={search_term_string}\"},\"query-input\":{\"@type\":\"PropertyValueSpecification\",\"valueRequired\":true,\"valueName\":\"search_term_string\"}}],\"inLanguage\":\"en-GB\"},{\"@type\":\"Organization\",\"@id\":\"https:\/\/staging.genekas24.ee\/#organization\",\"name\":\"Genekas24\",\"url\":\"https:\/\/staging.genekas24.ee\/\",\"logo\":{\"@type\":\"ImageObject\",\"inLanguage\":\"en-GB\",\"@id\":\"https:\/\/staging.genekas24.ee\/#\/schema\/logo\/image\/\",\"url\":\"https:\/\/staging.genekas24.ee\/wp-content\/uploads\/2026\/01\/genekas24-logo_black.svg\",\"contentUrl\":\"https:\/\/staging.genekas24.ee\/wp-content\/uploads\/2026\/01\/genekas24-logo_black.svg\",\"width\":840,\"height\":131,\"caption\":\"Genekas24\"},\"image\":{\"@id\":\"https:\/\/staging.genekas24.ee\/#\/schema\/logo\/image\/\"}}]}<\/script>\n<!-- \/ Yoast SEO plugin. -->","yoast_head_json":{"title":"Invertergeneraator F 5001 iSG - Genekas24","robots":{"index":"index","follow":"follow","max-snippet":"max-snippet:-1","max-image-preview":"max-image-preview:large","max-video-preview":"max-video-preview:-1"},"canonical":"https:\/\/staging.genekas24.ee\/en\/product\/invertergeneraator-f-5001-isg\/","og_locale":"en_GB","og_type":"article","og_title":"Invertergeneraator F 5001 iSG - Genekas24","og_description":"Pinge 230    Max v\u00f5imsus, kW(Gaas\/Bensiin) 3.8\/4,0    Nominaalne v\u00f5imsus, kW (Gaas\/Bensiin) 3.4\/3.8    Sagedus, Hz 50    Vool (max), \u0410 13,9   Pistikupesad   2 x 230 V 16 A      K\u00fctusepaagi maht, l 8,3 L \/ 11 kg*    K\u00fctusekulu (50% \/ 100%) 1,5 \/ 2,7 l\/h (bensiin) \u2014 1,0 \/ 1,8 kg\/h (gaas)    LED-ekraan   -     M\u00fcratase Lwa, dB (A)   94     Mootori t\u00fc\u00fcp   \u00dchesilindriline, neljataktilise \u00f5hkjahutusega     Mootori mudel   R 225 D-Vi     Mootori silindri t\u00f6\u00f6maht, cm3 225    Karteri maht, l 0.6    Mootori k\u00e4ivitamine   K\u00e4sistarter + elektristarter     Kaitseklass   IP23    Netokaal, kg 48    * Tavaline gaasiballoon  *** K\u00fctusekulu s\u00f5ltub paljudest teguritest: nagu koormus, k\u00fctuse kvaliteet, aastaaeg, k\u00f5rgus merepinnast, generaatori tehniline seisukord.  Toodetud Poolas.  &nbsp;","og_url":"https:\/\/staging.genekas24.ee\/en\/product\/invertergeneraator-f-5001-isg\/","og_site_name":"Genekas24","article_modified_time":"2025-12-22T15:19:47+00:00","og_image":[{"width":1920,"height":1243,"url":"https:\/\/staging.genekas24.ee\/wp-content\/uploads\/2025\/11\/F5001iSG-nowosc-1920w.webp","type":"image\/webp"}],"twitter_card":"summary_large_image","twitter_misc":{"Estimated reading time":"2 minutes"},"schema":{"@context":"https:\/\/schema.org","@graph":[{"@type":"WebPage","@id":"https:\/\/staging.genekas24.ee\/toode\/invertergeneraator-f-5001-isg\/","url":"https:\/\/staging.genekas24.ee\/toode\/invertergeneraator-f-5001-isg\/","name":"Invertergeneraator F 5001 iSG - Genekas24","isPartOf":{"@id":"https:\/\/staging.genekas24.ee\/#website"},"primaryImageOfPage":{"@id":"https:\/\/staging.genekas24.ee\/toode\/invertergeneraator-f-5001-isg\/#primaryimage"},"image":{"@id":"https:\/\/staging.genekas24.ee\/toode\/invertergeneraator-f-5001-isg\/#primaryimage"},"thumbnailUrl":"https:\/\/staging.genekas24.ee\/wp-content\/uploads\/2025\/11\/F5001iSG-nowosc-1920w.webp","datePublished":"2025-11-18T16:56:49+00:00","dateModified":"2025-12-22T15:19:47+00:00","breadcrumb":{"@id":"https:\/\/staging.genekas24.ee\/toode\/invertergeneraator-f-5001-isg\/#breadcrumb"},"inLanguage":"en-GB","potentialAction":[{"@type":"ReadAction","target":["https:\/\/staging.genekas24.ee\/toode\/invertergeneraator-f-5001-isg\/"]}]},{"@type":"ImageObject","inLanguage":"en-GB","@id":"https:\/\/staging.genekas24.ee\/toode\/invertergeneraator-f-5001-isg\/#primaryimage","url":"https:\/\/staging.genekas24.ee\/wp-content\/uploads\/2025\/11\/F5001iSG-nowosc-1920w.webp","contentUrl":"https:\/\/staging.genekas24.ee\/wp-content\/uploads\/2025\/11\/F5001iSG-nowosc-1920w.webp","width":1920,"height":1243},{"@type":"BreadcrumbList","@id":"https:\/\/staging.genekas24.ee\/toode\/invertergeneraator-f-5001-isg\/#breadcrumb","itemListElement":[{"@type":"ListItem","position":1,"name":"Home","item":"https:\/\/staging.genekas24.ee\/"},{"@type":"ListItem","position":2,"name":"Pood","item":"https:\/\/staging.genekas24.ee\/pood\/"},{"@type":"ListItem","position":3,"name":"Invertergeneraator F 5001 iSG"}]},{"@type":"WebSite","@id":"https:\/\/staging.genekas24.ee\/#website","url":"https:\/\/staging.genekas24.ee\/","name":"Genekas24","description":"Generaatorid | K&ouml;nner S&ouml;hnen tooted | Genekas24","publisher":{"@id":"https:\/\/staging.genekas24.ee\/#organization"},"potentialAction":[{"@type":"SearchAction","target":{"@type":"EntryPoint","urlTemplate":"https:\/\/staging.genekas24.ee\/?s={search_term_string}"},"query-input":{"@type":"PropertyValueSpecification","valueRequired":true,"valueName":"search_term_string"}}],"inLanguage":"en-GB"},{"@type":"Organization","@id":"https:\/\/staging.genekas24.ee\/#organization","name":"Genekas24","url":"https:\/\/staging.genekas24.ee\/","logo":{"@type":"ImageObject","inLanguage":"en-GB","@id":"https:\/\/staging.genekas24.ee\/#\/schema\/logo\/image\/","url":"https:\/\/staging.genekas24.ee\/wp-content\/uploads\/2026\/01\/genekas24-logo_black.svg","contentUrl":"https:\/\/staging.genekas24.ee\/wp-content\/uploads\/2026\/01\/genekas24-logo_black.svg","width":840,"height":131,"caption":"Genekas24"},"image":{"@id":"https:\/\/staging.genekas24.ee\/#\/schema\/logo\/image\/"}}]}},"_links":{"self":[{"href":"https:\/\/staging.genekas24.ee\/en\/wp-json\/wp\/v2\/product\/21067","targetHints":{"allow":["GET"]}}],"collection":[{"href":"https:\/\/staging.genekas24.ee\/en\/wp-json\/wp\/v2\/product"}],"about":[{"href":"https:\/\/staging.genekas24.ee\/en\/wp-json\/wp\/v2\/types\/product"}],"version-history":[{"count":5,"href":"https:\/\/staging.genekas24.ee\/en\/wp-json\/wp\/v2\/product\/21067\/revisions"}],"predecessor-version":[{"id":21083,"href":"https:\/\/staging.genekas24.ee\/en\/wp-json\/wp\/v2\/product\/21067\/revisions\/21083"}],"wp:featuredmedia":[{"embeddable":true,"href":"https:\/\/staging.genekas24.ee\/en\/wp-json\/wp\/v2\/media\/21068"}],"wp:attachment":[{"href":"https:\/\/staging.genekas24.ee\/en\/wp-json\/wp\/v2\/media?parent=21067"}],"wp:term":[{"taxonomy":"product_brand","embeddable":true,"href":"https:\/\/staging.genekas24.ee\/en\/wp-json\/wp\/v2\/product_brand?post=21067"},{"taxonomy":"product_cat","embeddable":true,"href":"https:\/\/staging.genekas24.ee\/en\/wp-json\/wp\/v2\/product_cat?post=21067"},{"taxonomy":"product_tag","embeddable":true,"href":"https:\/\/staging.genekas24.ee\/en\/wp-json\/wp\/v2\/product_tag?post=21067"}],"curies":[{"name":"wp","href":"https:\/\/api.w.org\/{rel}","templated":true}]}}