{"id":20469,"date":"2025-09-10T10:32:10","date_gmt":"2025-09-10T10:32:10","guid":{"rendered":"https:\/\/staging.genekas24.ee\/?post_type=product&#038;p=20469"},"modified":"2025-12-02T09:47:52","modified_gmt":"2025-12-02T09:47:52","slug":"halumasin-giljotiin-bensiinimootoriga","status":"publish","type":"product","link":"https:\/\/staging.genekas24.ee\/en\/product\/halumasin-giljotiin-bensiinimootoriga\/","title":{"rendered":"Halumasin-giljotiin bensiinimootoriga"},"content":{"rendered":"<p>Soodsa hinna ja tugeva konstruksiooniga halumasin<br \/>\non parim lahendus k\u00fcttepuude tegemisel.<\/p>","protected":false},"excerpt":{"rendered":"<table style=\"width: 93.842%;\">\n<tbody>\n<tr>\n<td style=\"width: 50.2941%;\">Halupuu max diameeter<\/td>\n<td style=\"width: 234.237%;\">300mm<\/td>\n<\/tr>\n<tr>\n<td style=\"width: 50.2941%;\">Halupikkus max<\/td>\n<td style=\"width: 234.237%;\">680mm<\/td>\n<\/tr>\n<tr>\n<td style=\"width: 50.2941%;\">H\u00fcdro\u00f5lipaak<\/td>\n<td style=\"width: 234.237%;\">32 l<\/td>\n<\/tr>\n<tr>\n<td style=\"width: 50.2941%;\">H\u00fcdropumba tootlikkus<\/td>\n<td style=\"width: 234.237%;\">25 l\/min, 220 bar<\/td>\n<\/tr>\n<tr>\n<td style=\"width: 50.2941%;\">Mootor<\/td>\n<td style=\"width: 234.237%;\">bensiinimootor 6,5 HJ<\/td>\n<\/tr>\n<tr>\n<td style=\"width: 50.2941%;\">L\u00f5hkumisj\u00f5ud<\/td>\n<td style=\"width: 234.237%;\">20 t<\/td>\n<\/tr>\n<tr>\n<td style=\"width: 50.2941%;\">Kaal<\/td>\n<td style=\"width: 234.237%;\">305 kg<\/td>\n<\/tr>\n<\/tbody>\n<\/table>\n<p>Vaata lisa ja osta: <a href=\"https:\/\/mets24.ee\/index.php?route=product\/product&amp;path=20_127&amp;product_id=54\" target=\"_blank\" rel=\"noopener\">Halumasin-giljotiin bensiinimootoriga<\/a><\/p>","protected":false},"featured_media":20470,"template":"","meta":{"_acf_changed":false,"inline_featured_image":false},"product_brand":[],"product_cat":[159,176],"product_tag":[],"class_list":{"0":"post-20469","1":"product","2":"type-product","3":"status-publish","4":"has-post-thumbnail","6":"product_cat-aiatooriistad","7":"product_cat-halumasinad","9":"first","10":"instock","11":"taxable","12":"shipping-taxable","13":"product-type-simple"},"acf":[],"yoast_head":"<!-- This site is optimized with the Yoast SEO plugin v26.2 - https:\/\/yoast.com\/wordpress\/plugins\/seo\/ -->\n<title>Halumasin-giljotiin bensiinimootoriga - Genekas24<\/title>\n<meta name=\"robots\" content=\"index, follow, max-snippet:-1, max-image-preview:large, max-video-preview:-1\" \/>\n<link rel=\"canonical\" href=\"https:\/\/staging.genekas24.ee\/en\/product\/halumasin-giljotiin-bensiinimootoriga\/\" \/>\n<meta property=\"og:locale\" content=\"en_GB\" \/>\n<meta property=\"og:type\" content=\"article\" \/>\n<meta property=\"og:title\" content=\"Halumasin-giljotiin bensiinimootoriga - Genekas24\" \/>\n<meta property=\"og:description\" content=\"Halupuu max diameeter 300mm   Halupikkus max 680mm   H\u00fcdro\u00f5lipaak 32 l   H\u00fcdropumba tootlikkus 25 l\/min, 220 bar   Mootor bensiinimootor 6,5 HJ   L\u00f5hkumisj\u00f5ud 20 t   Kaal 305 kg    Vaata lisa ja osta: Halumasin-giljotiin bensiinimootoriga\" \/>\n<meta property=\"og:url\" content=\"https:\/\/staging.genekas24.ee\/en\/product\/halumasin-giljotiin-bensiinimootoriga\/\" \/>\n<meta property=\"og:site_name\" content=\"Genekas24\" \/>\n<meta property=\"article:modified_time\" content=\"2025-12-02T09:47:52+00:00\" \/>\n<meta property=\"og:image\" content=\"https:\/\/staging.genekas24.ee\/wp-content\/uploads\/2025\/09\/Giljotiin-bensiinimootoriga-2-500x500-1.jpg\" \/>\n\t<meta property=\"og:image:width\" content=\"500\" \/>\n\t<meta property=\"og:image:height\" content=\"500\" \/>\n\t<meta property=\"og:image:type\" content=\"image\/jpeg\" \/>\n<meta name=\"twitter:card\" content=\"summary_large_image\" \/>\n<meta name=\"twitter:label1\" content=\"Estimated reading time\" \/>\n\t<meta name=\"twitter:data1\" content=\"1 minute\" \/>\n<script type=\"application\/ld+json\" class=\"yoast-schema-graph\">{\"@context\":\"https:\/\/schema.org\",\"@graph\":[{\"@type\":\"WebPage\",\"@id\":\"https:\/\/staging.genekas24.ee\/toode\/halumasin-giljotiin-bensiinimootoriga\/\",\"url\":\"https:\/\/staging.genekas24.ee\/toode\/halumasin-giljotiin-bensiinimootoriga\/\",\"name\":\"Halumasin-giljotiin bensiinimootoriga - Genekas24\",\"isPartOf\":{\"@id\":\"https:\/\/staging.genekas24.ee\/#website\"},\"primaryImageOfPage\":{\"@id\":\"https:\/\/staging.genekas24.ee\/toode\/halumasin-giljotiin-bensiinimootoriga\/#primaryimage\"},\"image\":{\"@id\":\"https:\/\/staging.genekas24.ee\/toode\/halumasin-giljotiin-bensiinimootoriga\/#primaryimage\"},\"thumbnailUrl\":\"https:\/\/staging.genekas24.ee\/wp-content\/uploads\/2025\/09\/Giljotiin-bensiinimootoriga-2-500x500-1.jpg\",\"datePublished\":\"2025-09-10T10:32:10+00:00\",\"dateModified\":\"2025-12-02T09:47:52+00:00\",\"breadcrumb\":{\"@id\":\"https:\/\/staging.genekas24.ee\/toode\/halumasin-giljotiin-bensiinimootoriga\/#breadcrumb\"},\"inLanguage\":\"en-GB\",\"potentialAction\":[{\"@type\":\"ReadAction\",\"target\":[\"https:\/\/staging.genekas24.ee\/toode\/halumasin-giljotiin-bensiinimootoriga\/\"]}]},{\"@type\":\"ImageObject\",\"inLanguage\":\"en-GB\",\"@id\":\"https:\/\/staging.genekas24.ee\/toode\/halumasin-giljotiin-bensiinimootoriga\/#primaryimage\",\"url\":\"https:\/\/staging.genekas24.ee\/wp-content\/uploads\/2025\/09\/Giljotiin-bensiinimootoriga-2-500x500-1.jpg\",\"contentUrl\":\"https:\/\/staging.genekas24.ee\/wp-content\/uploads\/2025\/09\/Giljotiin-bensiinimootoriga-2-500x500-1.jpg\",\"width\":500,\"height\":500},{\"@type\":\"BreadcrumbList\",\"@id\":\"https:\/\/staging.genekas24.ee\/toode\/halumasin-giljotiin-bensiinimootoriga\/#breadcrumb\",\"itemListElement\":[{\"@type\":\"ListItem\",\"position\":1,\"name\":\"Home\",\"item\":\"https:\/\/staging.genekas24.ee\/\"},{\"@type\":\"ListItem\",\"position\":2,\"name\":\"Pood\",\"item\":\"https:\/\/staging.genekas24.ee\/pood\/\"},{\"@type\":\"ListItem\",\"position\":3,\"name\":\"Halumasin-giljotiin bensiinimootoriga\"}]},{\"@type\":\"WebSite\",\"@id\":\"https:\/\/staging.genekas24.ee\/#website\",\"url\":\"https:\/\/staging.genekas24.ee\/\",\"name\":\"Genekas24\",\"description\":\"Generaatorid | K&ouml;nner S&ouml;hnen tooted | Genekas24\",\"publisher\":{\"@id\":\"https:\/\/staging.genekas24.ee\/#organization\"},\"potentialAction\":[{\"@type\":\"SearchAction\",\"target\":{\"@type\":\"EntryPoint\",\"urlTemplate\":\"https:\/\/staging.genekas24.ee\/?s={search_term_string}\"},\"query-input\":{\"@type\":\"PropertyValueSpecification\",\"valueRequired\":true,\"valueName\":\"search_term_string\"}}],\"inLanguage\":\"en-GB\"},{\"@type\":\"Organization\",\"@id\":\"https:\/\/staging.genekas24.ee\/#organization\",\"name\":\"Genekas24\",\"url\":\"https:\/\/staging.genekas24.ee\/\",\"logo\":{\"@type\":\"ImageObject\",\"inLanguage\":\"en-GB\",\"@id\":\"https:\/\/staging.genekas24.ee\/#\/schema\/logo\/image\/\",\"url\":\"https:\/\/staging.genekas24.ee\/wp-content\/uploads\/2026\/01\/genekas24-logo_black.svg\",\"contentUrl\":\"https:\/\/staging.genekas24.ee\/wp-content\/uploads\/2026\/01\/genekas24-logo_black.svg\",\"width\":840,\"height\":131,\"caption\":\"Genekas24\"},\"image\":{\"@id\":\"https:\/\/staging.genekas24.ee\/#\/schema\/logo\/image\/\"}}]}<\/script>\n<!-- \/ Yoast SEO plugin. -->","yoast_head_json":{"title":"Halumasin-giljotiin bensiinimootoriga - Genekas24","robots":{"index":"index","follow":"follow","max-snippet":"max-snippet:-1","max-image-preview":"max-image-preview:large","max-video-preview":"max-video-preview:-1"},"canonical":"https:\/\/staging.genekas24.ee\/en\/product\/halumasin-giljotiin-bensiinimootoriga\/","og_locale":"en_GB","og_type":"article","og_title":"Halumasin-giljotiin bensiinimootoriga - Genekas24","og_description":"Halupuu max diameeter 300mm   Halupikkus max 680mm   H\u00fcdro\u00f5lipaak 32 l   H\u00fcdropumba tootlikkus 25 l\/min, 220 bar   Mootor bensiinimootor 6,5 HJ   L\u00f5hkumisj\u00f5ud 20 t   Kaal 305 kg    Vaata lisa ja osta: Halumasin-giljotiin bensiinimootoriga","og_url":"https:\/\/staging.genekas24.ee\/en\/product\/halumasin-giljotiin-bensiinimootoriga\/","og_site_name":"Genekas24","article_modified_time":"2025-12-02T09:47:52+00:00","og_image":[{"width":500,"height":500,"url":"https:\/\/staging.genekas24.ee\/wp-content\/uploads\/2025\/09\/Giljotiin-bensiinimootoriga-2-500x500-1.jpg","type":"image\/jpeg"}],"twitter_card":"summary_large_image","twitter_misc":{"Estimated reading time":"1 minute"},"schema":{"@context":"https:\/\/schema.org","@graph":[{"@type":"WebPage","@id":"https:\/\/staging.genekas24.ee\/toode\/halumasin-giljotiin-bensiinimootoriga\/","url":"https:\/\/staging.genekas24.ee\/toode\/halumasin-giljotiin-bensiinimootoriga\/","name":"Halumasin-giljotiin bensiinimootoriga - Genekas24","isPartOf":{"@id":"https:\/\/staging.genekas24.ee\/#website"},"primaryImageOfPage":{"@id":"https:\/\/staging.genekas24.ee\/toode\/halumasin-giljotiin-bensiinimootoriga\/#primaryimage"},"image":{"@id":"https:\/\/staging.genekas24.ee\/toode\/halumasin-giljotiin-bensiinimootoriga\/#primaryimage"},"thumbnailUrl":"https:\/\/staging.genekas24.ee\/wp-content\/uploads\/2025\/09\/Giljotiin-bensiinimootoriga-2-500x500-1.jpg","datePublished":"2025-09-10T10:32:10+00:00","dateModified":"2025-12-02T09:47:52+00:00","breadcrumb":{"@id":"https:\/\/staging.genekas24.ee\/toode\/halumasin-giljotiin-bensiinimootoriga\/#breadcrumb"},"inLanguage":"en-GB","potentialAction":[{"@type":"ReadAction","target":["https:\/\/staging.genekas24.ee\/toode\/halumasin-giljotiin-bensiinimootoriga\/"]}]},{"@type":"ImageObject","inLanguage":"en-GB","@id":"https:\/\/staging.genekas24.ee\/toode\/halumasin-giljotiin-bensiinimootoriga\/#primaryimage","url":"https:\/\/staging.genekas24.ee\/wp-content\/uploads\/2025\/09\/Giljotiin-bensiinimootoriga-2-500x500-1.jpg","contentUrl":"https:\/\/staging.genekas24.ee\/wp-content\/uploads\/2025\/09\/Giljotiin-bensiinimootoriga-2-500x500-1.jpg","width":500,"height":500},{"@type":"BreadcrumbList","@id":"https:\/\/staging.genekas24.ee\/toode\/halumasin-giljotiin-bensiinimootoriga\/#breadcrumb","itemListElement":[{"@type":"ListItem","position":1,"name":"Home","item":"https:\/\/staging.genekas24.ee\/"},{"@type":"ListItem","position":2,"name":"Pood","item":"https:\/\/staging.genekas24.ee\/pood\/"},{"@type":"ListItem","position":3,"name":"Halumasin-giljotiin bensiinimootoriga"}]},{"@type":"WebSite","@id":"https:\/\/staging.genekas24.ee\/#website","url":"https:\/\/staging.genekas24.ee\/","name":"Genekas24","description":"Generaatorid | K&ouml;nner S&ouml;hnen tooted | Genekas24","publisher":{"@id":"https:\/\/staging.genekas24.ee\/#organization"},"potentialAction":[{"@type":"SearchAction","target":{"@type":"EntryPoint","urlTemplate":"https:\/\/staging.genekas24.ee\/?s={search_term_string}"},"query-input":{"@type":"PropertyValueSpecification","valueRequired":true,"valueName":"search_term_string"}}],"inLanguage":"en-GB"},{"@type":"Organization","@id":"https:\/\/staging.genekas24.ee\/#organization","name":"Genekas24","url":"https:\/\/staging.genekas24.ee\/","logo":{"@type":"ImageObject","inLanguage":"en-GB","@id":"https:\/\/staging.genekas24.ee\/#\/schema\/logo\/image\/","url":"https:\/\/staging.genekas24.ee\/wp-content\/uploads\/2026\/01\/genekas24-logo_black.svg","contentUrl":"https:\/\/staging.genekas24.ee\/wp-content\/uploads\/2026\/01\/genekas24-logo_black.svg","width":840,"height":131,"caption":"Genekas24"},"image":{"@id":"https:\/\/staging.genekas24.ee\/#\/schema\/logo\/image\/"}}]}},"_links":{"self":[{"href":"https:\/\/staging.genekas24.ee\/en\/wp-json\/wp\/v2\/product\/20469","targetHints":{"allow":["GET"]}}],"collection":[{"href":"https:\/\/staging.genekas24.ee\/en\/wp-json\/wp\/v2\/product"}],"about":[{"href":"https:\/\/staging.genekas24.ee\/en\/wp-json\/wp\/v2\/types\/product"}],"version-history":[{"count":4,"href":"https:\/\/staging.genekas24.ee\/en\/wp-json\/wp\/v2\/product\/20469\/revisions"}],"predecessor-version":[{"id":20479,"href":"https:\/\/staging.genekas24.ee\/en\/wp-json\/wp\/v2\/product\/20469\/revisions\/20479"}],"wp:featuredmedia":[{"embeddable":true,"href":"https:\/\/staging.genekas24.ee\/en\/wp-json\/wp\/v2\/media\/20470"}],"wp:attachment":[{"href":"https:\/\/staging.genekas24.ee\/en\/wp-json\/wp\/v2\/media?parent=20469"}],"wp:term":[{"taxonomy":"product_brand","embeddable":true,"href":"https:\/\/staging.genekas24.ee\/en\/wp-json\/wp\/v2\/product_brand?post=20469"},{"taxonomy":"product_cat","embeddable":true,"href":"https:\/\/staging.genekas24.ee\/en\/wp-json\/wp\/v2\/product_cat?post=20469"},{"taxonomy":"product_tag","embeddable":true,"href":"https:\/\/staging.genekas24.ee\/en\/wp-json\/wp\/v2\/product_tag?post=20469"}],"curies":[{"name":"wp","href":"https:\/\/api.w.org\/{rel}","templated":true}]}}