{"id":20322,"date":"2025-09-02T11:07:18","date_gmt":"2025-09-02T11:07:18","guid":{"rendered":"https:\/\/staging.genekas24.ee\/?post_type=product&#038;p=20322"},"modified":"2025-12-22T08:53:00","modified_gmt":"2025-12-22T08:53:00","slug":"elektriline-jalgratas-500w-mootor-20%e2%80%b3-paksud-rehvid-shimano-7-kaiguline-kaigukast-koos-15ah-eemaldatava-akuga-kokkulapitav-magiratas","status":"publish","type":"product","link":"https:\/\/staging.genekas24.ee\/en\/product\/elektriline-jalgratas-500w-mootor-20%e2%80%b3-paksud-rehvid-shimano-7-kaiguline-kaigukast-koos-15ah-eemaldatava-akuga-kokkulapitav-magiratas\/","title":{"rendered":"Elektriline jalgratas, 500W mootor, 20\u2033 Laiad rehvid, Shimano 7-k\u00e4iguline k\u00e4igukast koos 15Ah eemaldatava akuga, kokkulapitav m\u00e4giratas"},"content":{"rendered":"<p>P40 elektriratta info<\/p>\n<ul>\n<li>V\u00f5imas mootor ja aku: P40 elektriratas on varustatud t\u00e4iustatud <strong data-start=\"173\" data-end=\"208\">500 W\u00a0 mootoriga<\/strong> ning <strong data-start=\"214\" data-end=\"245\">48 V 15 Ah liitiumioonakuga<\/strong>. See tagab hea ja piisava j\u00f5udluse nii igap\u00e4evaseks t\u00f6\u00f6les\u00f5iduks, m\u00e4giteedele kui ka vabaajas\u00f5itudeks. Maksimaalne kiirus ulatub kuni <strong data-start=\"396\" data-end=\"407\">25 km\/h<\/strong>, viies teid kiiresti ja mugavalt sihtkohta.<\/li>\n<li>Kerge ja vastupidav raam: Kokkupandav raam on valmistatud <strong data-start=\"516\" data-end=\"543\">6061 alumiiniumsulamist<\/strong>, mis on \u00fchtaegu kerge ja tugev. Reguleeritav iste ja juhtraud v\u00f5imaldavad ratast mugandada erineva pikkuse ja s\u00f5idustiiliga kasutajatele, pakkudes mugavat ja stabiilset s\u00f5idukogemust.<\/li>\n<li>20-tollised rattad: Mugavuse ja stabiilsuse tagamiseks on rattal <strong data-start=\"1225\" data-end=\"1256\">20 \u00d7 4,0 tolli laiad rehvid<\/strong>, mis pakuvad head haarduvust igasugustes teeoludes \u2013 lumel, liival, ebatasasel ja m\u00e4rjal pinnasel.<\/li>\n<li>Shimano 7-k\u00e4iguline s\u00fcsteem: Elektriratas on varustatud <strong data-start=\"969\" data-end=\"1008\">Shimano 7-k\u00e4igulise k\u00e4iguvahetusega<\/strong>, mis parandab ronimisv\u00f5imet ja v\u00f5imaldab kohandada kiirust vastavalt maastikule.<\/li>\n<\/ul>\n<p><strong>T\u00e4iustatud tehnilised andmed teevad P40 elektrirattast oma klassi parima.<\/strong><\/p>\n<table style=\"border-collapse: collapse; width: 100%; height: 260px;\">\n<tbody>\n<tr style=\"height: 24px;\">\n<td style=\"width: 33.3333%; height: 24px;\"><img fetchpriority=\"high\" decoding=\"async\" class=\"size-full wp-image-20338 aligncenter\" src=\"https:\/\/staging.genekas24.ee\/wp-content\/uploads\/2025\/09\/a9910bf1-d89c-42ee-a8af-928def5bf2fd.__CR00300300_PT0_SX300_V1___.jpg\" alt=\"\" width=\"300\" height=\"300\" srcset=\"https:\/\/staging.genekas24.ee\/wp-content\/uploads\/2025\/09\/a9910bf1-d89c-42ee-a8af-928def5bf2fd.__CR00300300_PT0_SX300_V1___.jpg 300w, https:\/\/staging.genekas24.ee\/wp-content\/uploads\/2025\/09\/a9910bf1-d89c-42ee-a8af-928def5bf2fd.__CR00300300_PT0_SX300_V1___-150x150.jpg 150w, https:\/\/staging.genekas24.ee\/wp-content\/uploads\/2025\/09\/a9910bf1-d89c-42ee-a8af-928def5bf2fd.__CR00300300_PT0_SX300_V1___-12x12.jpg 12w, https:\/\/staging.genekas24.ee\/wp-content\/uploads\/2025\/09\/a9910bf1-d89c-42ee-a8af-928def5bf2fd.__CR00300300_PT0_SX300_V1___-100x100.jpg 100w\" sizes=\"(max-width: 300px) 100vw, 300px\" \/><\/td>\n<td style=\"width: 33.3333%; height: 24px;\"><img decoding=\"async\" class=\"size-full wp-image-20341 aligncenter\" src=\"https:\/\/staging.genekas24.ee\/wp-content\/uploads\/2025\/09\/QQ\u56fe\u724720230116140401.jpg\" alt=\"\" width=\"300\" height=\"300\" srcset=\"https:\/\/staging.genekas24.ee\/wp-content\/uploads\/2025\/09\/QQ\u56fe\u724720230116140401.jpg 300w, https:\/\/staging.genekas24.ee\/wp-content\/uploads\/2025\/09\/QQ\u56fe\u724720230116140401-150x150.jpg 150w, https:\/\/staging.genekas24.ee\/wp-content\/uploads\/2025\/09\/QQ\u56fe\u724720230116140401-12x12.jpg 12w, https:\/\/staging.genekas24.ee\/wp-content\/uploads\/2025\/09\/QQ\u56fe\u724720230116140401-100x100.jpg 100w\" sizes=\"(max-width: 300px) 100vw, 300px\" \/><\/td>\n<td style=\"width: 33.3333%; height: 24px;\"><img decoding=\"async\" class=\"size-full wp-image-20340 aligncenter\" src=\"https:\/\/staging.genekas24.ee\/wp-content\/uploads\/2025\/09\/e640e655-42bf-4f51-94d9-b54047761591.__CR00300300_PT0_SX300_V1___.jpg\" alt=\"\" width=\"300\" height=\"300\" srcset=\"https:\/\/staging.genekas24.ee\/wp-content\/uploads\/2025\/09\/e640e655-42bf-4f51-94d9-b54047761591.__CR00300300_PT0_SX300_V1___.jpg 300w, https:\/\/staging.genekas24.ee\/wp-content\/uploads\/2025\/09\/e640e655-42bf-4f51-94d9-b54047761591.__CR00300300_PT0_SX300_V1___-150x150.jpg 150w, https:\/\/staging.genekas24.ee\/wp-content\/uploads\/2025\/09\/e640e655-42bf-4f51-94d9-b54047761591.__CR00300300_PT0_SX300_V1___-12x12.jpg 12w, https:\/\/staging.genekas24.ee\/wp-content\/uploads\/2025\/09\/e640e655-42bf-4f51-94d9-b54047761591.__CR00300300_PT0_SX300_V1___-100x100.jpg 100w\" sizes=\"(max-width: 300px) 100vw, 300px\" \/><\/td>\n<\/tr>\n<tr style=\"height: 140px;\">\n<td style=\"width: 33.3333%; height: 140px;\"><strong>500 W harjadeta k\u00e4igukastiga tagumine rummumootor<\/strong><\/p>\n<p>Valluta m\u00e4gesid ja saavuta v\u00f5imsust lahtisel maastikul nagu ei kunagi varem.<\/td>\n<td style=\"width: 33.3333%; height: 140px;\"><strong>V\u00f5imas 48 V \/ 15 Ah aku<\/strong><\/p>\n<p>V\u00f5imas 15 Ah, 48 V liitiumioonaku tagab terve p\u00e4eva s\u00f5iduaega. L\u00e4bis\u00f5it kuni 72+ kilomeetrit; laadimisaeg 4\u20136 tundi.<\/td>\n<td style=\"width: 33.3333%; height: 140px;\"><strong>Torkekindlad 4-tollised laiad rehvid<\/strong><\/p>\n<p>Pakuvad lisakaitset klaasi ja muude v\u00e4ikeste materjalide tekitatud torgete eest.<\/td>\n<\/tr>\n<tr style=\"height: 24px;\">\n<td style=\"width: 99.9999%; height: 24px;\" colspan=\"3\"><img loading=\"lazy\" decoding=\"async\" class=\"size-full wp-image-20337 aligncenter\" src=\"https:\/\/staging.genekas24.ee\/wp-content\/uploads\/2025\/09\/50589952-145c-4fa9-a326-351cfe17dc14.__CR00300300_PT0_SX300_V1___.jpg\" alt=\"\" width=\"300\" height=\"300\" srcset=\"https:\/\/staging.genekas24.ee\/wp-content\/uploads\/2025\/09\/50589952-145c-4fa9-a326-351cfe17dc14.__CR00300300_PT0_SX300_V1___.jpg 300w, https:\/\/staging.genekas24.ee\/wp-content\/uploads\/2025\/09\/50589952-145c-4fa9-a326-351cfe17dc14.__CR00300300_PT0_SX300_V1___-150x150.jpg 150w, https:\/\/staging.genekas24.ee\/wp-content\/uploads\/2025\/09\/50589952-145c-4fa9-a326-351cfe17dc14.__CR00300300_PT0_SX300_V1___-12x12.jpg 12w, https:\/\/staging.genekas24.ee\/wp-content\/uploads\/2025\/09\/50589952-145c-4fa9-a326-351cfe17dc14.__CR00300300_PT0_SX300_V1___-100x100.jpg 100w\" sizes=\"(max-width: 300px) 100vw, 300px\" \/><\/td>\n<\/tr>\n<tr style=\"height: 24px;\">\n<td style=\"width: 99.9999%; height: 24px;\" colspan=\"3\"><strong>Shimano 7 k\u00e4iku, 11-34 hambaga vabak\u00e4ik<\/strong><\/p>\n<p>Laiem k\u00e4iguvalik t\u00e4hendab suuremat p\u00f6\u00f6rdemomenti keerulisteks \u00fclesm\u00e4gedeks ja pedaalide autoriteedi s\u00e4ilitamist tippkiirusel.<\/td>\n<\/tr>\n<tr style=\"height: 24px;\">\n<td style=\"width: 33.3333%; height: 24px;\" colspan=\"3\"><img loading=\"lazy\" decoding=\"async\" class=\"size-full wp-image-20339 aligncenter\" src=\"https:\/\/staging.genekas24.ee\/wp-content\/uploads\/2025\/09\/db1cfd28-e2e5-4331-b5b4-006d14a927dd.__CR00300300_PT0_SX300_V1___.jpg\" alt=\"\" width=\"300\" height=\"300\" srcset=\"https:\/\/staging.genekas24.ee\/wp-content\/uploads\/2025\/09\/db1cfd28-e2e5-4331-b5b4-006d14a927dd.__CR00300300_PT0_SX300_V1___.jpg 300w, https:\/\/staging.genekas24.ee\/wp-content\/uploads\/2025\/09\/db1cfd28-e2e5-4331-b5b4-006d14a927dd.__CR00300300_PT0_SX300_V1___-150x150.jpg 150w, https:\/\/staging.genekas24.ee\/wp-content\/uploads\/2025\/09\/db1cfd28-e2e5-4331-b5b4-006d14a927dd.__CR00300300_PT0_SX300_V1___-12x12.jpg 12w, https:\/\/staging.genekas24.ee\/wp-content\/uploads\/2025\/09\/db1cfd28-e2e5-4331-b5b4-006d14a927dd.__CR00300300_PT0_SX300_V1___-100x100.jpg 100w\" sizes=\"(max-width: 300px) 100vw, 300px\" \/><\/td>\n<\/tr>\n<tr style=\"height: 24px;\">\n<td style=\"width: 33.3333%; height: 24px;\" colspan=\"3\"><strong>Tektro ketaspidur ja Shimano 7-k\u00e4iguline k\u00e4igukast<\/strong><\/p>\n<p>160 mm ees, 160 mm taga, v\u00e4hendades t\u00f5husalt pidurdusteekonda. Klassikaline Shimano 7-k\u00e4iguline k\u00e4igukast ja tipptasemel ketaspidurid usaldusv\u00e4\u00e4rseks k\u00e4iguvahetuseks ja tundlikuks pidurdamiseks.<\/td>\n<\/tr>\n<\/tbody>\n<\/table>\n<p><strong>V\u00f5luv disain<\/strong><\/p>\n<p>Eesmised ja tagumised poritiivad<\/p>\n<p>Kaasas on vastupidavast PVC-st ja roostevabast terasest valmistatud esi- ja tagaporitiivad.<\/p>\n<p><strong>Lihtne kokku panna ja lahti voltida<\/strong><\/p>\n<p>Spetsiaalne metalltoe disain kokku- ja lahti voltimisel; see kaitseb teie jalgratast kokku- ja lahti voltimisel.<\/p>","protected":false},"excerpt":{"rendered":"<table style=\"border-collapse: collapse; width: 100%;\">\n<tbody>\n<tr>\n<td style=\"width: 50%;\">Ratta t\u00fc\u00fcp<\/td>\n<td style=\"width: 50%;\">Kokkulapitav ratas<\/td>\n<\/tr>\n<tr>\n<td style=\"width: 50%;\">Vanusepiirang<\/td>\n<td style=\"width: 50%;\">T\u00e4iskasvanud<\/td>\n<\/tr>\n<tr>\n<td style=\"width: 50%;\">Ratta suurus<\/td>\n<td style=\"width: 50%;\">20&#8243;<\/td>\n<\/tr>\n<tr>\n<td style=\"width: 50%;\">Vedrustuse t\u00fc\u00fcp<\/td>\n<td style=\"width: 50%;\">J\u00e4ik<\/td>\n<\/tr>\n<tr>\n<td style=\"width: 50%;\">Erip\u00e4ra<\/td>\n<td style=\"width: 50%;\">Kokkulapitav<\/td>\n<\/tr>\n<tr>\n<td style=\"width: 50%;\">Kaasatud komponendid<\/td>\n<td style=\"width: 50%;\">Kell<\/td>\n<\/tr>\n<tr>\n<td style=\"width: 50%;\">K\u00e4ikude arv<\/td>\n<td style=\"width: 50%;\">7<\/td>\n<\/tr>\n<tr>\n<td style=\"width: 50%;\">V\u00e4rv<\/td>\n<td style=\"width: 50%;\">Must<\/td>\n<\/tr>\n<tr>\n<td style=\"width: 50%;\">Raami materjal<\/td>\n<td style=\"width: 50%;\">Alumiinium<\/td>\n<\/tr>\n<tr>\n<td style=\"width: 50%;\">Mudel<\/td>\n<td style=\"width: 50%;\">P40<\/td>\n<\/tr>\n<tr>\n<td style=\"width: 50%;\">Toote pakendi m\u00f5\u00f5tmed(PxLxK, cm)<\/td>\n<td style=\"width: 50%;\">97.2 x 81.3 x 50.8<\/td>\n<\/tr>\n<tr>\n<td style=\"width: 50%;\">Paki kaal, kg<\/td>\n<td style=\"width: 50%;\">35<\/td>\n<\/tr>\n<\/tbody>\n<\/table>","protected":false},"featured_media":20359,"template":"","meta":{"_acf_changed":false,"inline_featured_image":false},"product_brand":[],"product_cat":[179,173,181],"product_tag":[],"class_list":{"0":"post-20322","1":"product","2":"type-product","3":"status-publish","4":"has-post-thumbnail","6":"product_cat-allahinnatud","7":"product_cat-elektrijalgratas","8":"product_cat-laos-olemas","9":"product_shipping_class-euroalus","10":"brand-pionver","12":"first","13":"instock","14":"sale","15":"taxable","16":"shipping-taxable","17":"purchasable","18":"product-type-simple"},"acf":[],"yoast_head":"<!-- This site is optimized with the Yoast SEO plugin v26.2 - https:\/\/yoast.com\/wordpress\/plugins\/seo\/ -->\n<title>Elektriline kokkupandav jalgratas 500W ,15Ah aku \u2013 Genekas24.ee<\/title>\n<meta name=\"description\" content=\"Osta Genekas24.ee-st elektriline kokkupandav jalgratas 500W mootoriga, Shimano 7-k\u00e4iguline k\u00e4igukast, 20&quot; paksud rehvid ja 15Ah eemaldatav aku.\" \/>\n<meta name=\"robots\" content=\"index, follow, max-snippet:-1, max-image-preview:large, max-video-preview:-1\" \/>\n<link rel=\"canonical\" href=\"https:\/\/staging.genekas24.ee\/en\/product\/elektriline-jalgratas-500w-mootor-20\u2033-paksud-rehvid-shimano-7-kaiguline-kaigukast-koos-15ah-eemaldatava-akuga-kokkulapitav-magiratas\/\" \/>\n<meta property=\"og:locale\" content=\"en_GB\" \/>\n<meta property=\"og:type\" content=\"article\" \/>\n<meta property=\"og:title\" content=\"Elektriline kokkupandav jalgratas 500W ,15Ah aku \u2013 Genekas24.ee\" \/>\n<meta property=\"og:description\" content=\"Osta Genekas24.ee-st elektriline kokkupandav jalgratas 500W mootoriga, Shimano 7-k\u00e4iguline k\u00e4igukast, 20&quot; paksud rehvid ja 15Ah eemaldatav aku.\" \/>\n<meta property=\"og:url\" content=\"https:\/\/staging.genekas24.ee\/en\/product\/elektriline-jalgratas-500w-mootor-20\u2033-paksud-rehvid-shimano-7-kaiguline-kaigukast-koos-15ah-eemaldatava-akuga-kokkulapitav-magiratas\/\" \/>\n<meta property=\"og:site_name\" content=\"Genekas24\" \/>\n<meta property=\"article:modified_time\" content=\"2025-12-22T08:53:00+00:00\" \/>\n<meta property=\"og:image\" content=\"https:\/\/staging.genekas24.ee\/wp-content\/uploads\/2025\/09\/IMG_285120240325-202647-1.jpg\" \/>\n\t<meta property=\"og:image:width\" content=\"1347\" \/>\n\t<meta property=\"og:image:height\" content=\"1500\" \/>\n\t<meta property=\"og:image:type\" content=\"image\/jpeg\" \/>\n<meta name=\"twitter:card\" content=\"summary_large_image\" \/>\n<meta name=\"twitter:label1\" content=\"Estimated reading time\" \/>\n\t<meta name=\"twitter:data1\" content=\"3 minutes\" \/>\n<script type=\"application\/ld+json\" class=\"yoast-schema-graph\">{\"@context\":\"https:\/\/schema.org\",\"@graph\":[{\"@type\":\"WebPage\",\"@id\":\"https:\/\/staging.genekas24.ee\/toode\/elektriline-jalgratas-500w-mootor-20%e2%80%b3-paksud-rehvid-shimano-7-kaiguline-kaigukast-koos-15ah-eemaldatava-akuga-kokkulapitav-magiratas\/\",\"url\":\"https:\/\/staging.genekas24.ee\/toode\/elektriline-jalgratas-500w-mootor-20%e2%80%b3-paksud-rehvid-shimano-7-kaiguline-kaigukast-koos-15ah-eemaldatava-akuga-kokkulapitav-magiratas\/\",\"name\":\"Elektriline kokkupandav jalgratas 500W ,15Ah aku \u2013 Genekas24.ee\",\"isPartOf\":{\"@id\":\"https:\/\/staging.genekas24.ee\/#website\"},\"primaryImageOfPage\":{\"@id\":\"https:\/\/staging.genekas24.ee\/toode\/elektriline-jalgratas-500w-mootor-20%e2%80%b3-paksud-rehvid-shimano-7-kaiguline-kaigukast-koos-15ah-eemaldatava-akuga-kokkulapitav-magiratas\/#primaryimage\"},\"image\":{\"@id\":\"https:\/\/staging.genekas24.ee\/toode\/elektriline-jalgratas-500w-mootor-20%e2%80%b3-paksud-rehvid-shimano-7-kaiguline-kaigukast-koos-15ah-eemaldatava-akuga-kokkulapitav-magiratas\/#primaryimage\"},\"thumbnailUrl\":\"https:\/\/staging.genekas24.ee\/wp-content\/uploads\/2025\/09\/IMG_285120240325-202647-1.jpg\",\"datePublished\":\"2025-09-02T11:07:18+00:00\",\"dateModified\":\"2025-12-22T08:53:00+00:00\",\"description\":\"Osta Genekas24.ee-st elektriline kokkupandav jalgratas 500W mootoriga, Shimano 7-k\u00e4iguline k\u00e4igukast, 20\\\" paksud rehvid ja 15Ah eemaldatav aku.\",\"breadcrumb\":{\"@id\":\"https:\/\/staging.genekas24.ee\/toode\/elektriline-jalgratas-500w-mootor-20%e2%80%b3-paksud-rehvid-shimano-7-kaiguline-kaigukast-koos-15ah-eemaldatava-akuga-kokkulapitav-magiratas\/#breadcrumb\"},\"inLanguage\":\"en-GB\",\"potentialAction\":[{\"@type\":\"ReadAction\",\"target\":[\"https:\/\/staging.genekas24.ee\/toode\/elektriline-jalgratas-500w-mootor-20%e2%80%b3-paksud-rehvid-shimano-7-kaiguline-kaigukast-koos-15ah-eemaldatava-akuga-kokkulapitav-magiratas\/\"]}]},{\"@type\":\"ImageObject\",\"inLanguage\":\"en-GB\",\"@id\":\"https:\/\/staging.genekas24.ee\/toode\/elektriline-jalgratas-500w-mootor-20%e2%80%b3-paksud-rehvid-shimano-7-kaiguline-kaigukast-koos-15ah-eemaldatava-akuga-kokkulapitav-magiratas\/#primaryimage\",\"url\":\"https:\/\/staging.genekas24.ee\/wp-content\/uploads\/2025\/09\/IMG_285120240325-202647-1.jpg\",\"contentUrl\":\"https:\/\/staging.genekas24.ee\/wp-content\/uploads\/2025\/09\/IMG_285120240325-202647-1.jpg\",\"width\":1347,\"height\":1500},{\"@type\":\"BreadcrumbList\",\"@id\":\"https:\/\/staging.genekas24.ee\/toode\/elektriline-jalgratas-500w-mootor-20%e2%80%b3-paksud-rehvid-shimano-7-kaiguline-kaigukast-koos-15ah-eemaldatava-akuga-kokkulapitav-magiratas\/#breadcrumb\",\"itemListElement\":[{\"@type\":\"ListItem\",\"position\":1,\"name\":\"Home\",\"item\":\"https:\/\/staging.genekas24.ee\/\"},{\"@type\":\"ListItem\",\"position\":2,\"name\":\"Pood\",\"item\":\"https:\/\/staging.genekas24.ee\/pood\/\"},{\"@type\":\"ListItem\",\"position\":3,\"name\":\"Elektriline jalgratas, 500W mootor, 20\u2033 Laiad rehvid, Shimano 7-k\u00e4iguline k\u00e4igukast koos 15Ah eemaldatava akuga, kokkulapitav m\u00e4giratas\"}]},{\"@type\":\"WebSite\",\"@id\":\"https:\/\/staging.genekas24.ee\/#website\",\"url\":\"https:\/\/staging.genekas24.ee\/\",\"name\":\"Genekas24\",\"description\":\"Generaatorid | K&ouml;nner S&ouml;hnen tooted | Genekas24\",\"publisher\":{\"@id\":\"https:\/\/staging.genekas24.ee\/#organization\"},\"potentialAction\":[{\"@type\":\"SearchAction\",\"target\":{\"@type\":\"EntryPoint\",\"urlTemplate\":\"https:\/\/staging.genekas24.ee\/?s={search_term_string}\"},\"query-input\":{\"@type\":\"PropertyValueSpecification\",\"valueRequired\":true,\"valueName\":\"search_term_string\"}}],\"inLanguage\":\"en-GB\"},{\"@type\":\"Organization\",\"@id\":\"https:\/\/staging.genekas24.ee\/#organization\",\"name\":\"Genekas24\",\"url\":\"https:\/\/staging.genekas24.ee\/\",\"logo\":{\"@type\":\"ImageObject\",\"inLanguage\":\"en-GB\",\"@id\":\"https:\/\/staging.genekas24.ee\/#\/schema\/logo\/image\/\",\"url\":\"https:\/\/staging.genekas24.ee\/wp-content\/uploads\/2026\/01\/genekas24-logo_black.svg\",\"contentUrl\":\"https:\/\/staging.genekas24.ee\/wp-content\/uploads\/2026\/01\/genekas24-logo_black.svg\",\"width\":840,\"height\":131,\"caption\":\"Genekas24\"},\"image\":{\"@id\":\"https:\/\/staging.genekas24.ee\/#\/schema\/logo\/image\/\"}}]}<\/script>\n<!-- \/ Yoast SEO plugin. -->","yoast_head_json":{"title":"Elektriline kokkupandav jalgratas 500W ,15Ah aku \u2013 Genekas24.ee","description":"Osta Genekas24.ee-st elektriline kokkupandav jalgratas 500W mootoriga, Shimano 7-k\u00e4iguline k\u00e4igukast, 20\" paksud rehvid ja 15Ah eemaldatav aku.","robots":{"index":"index","follow":"follow","max-snippet":"max-snippet:-1","max-image-preview":"max-image-preview:large","max-video-preview":"max-video-preview:-1"},"canonical":"https:\/\/staging.genekas24.ee\/en\/product\/elektriline-jalgratas-500w-mootor-20\u2033-paksud-rehvid-shimano-7-kaiguline-kaigukast-koos-15ah-eemaldatava-akuga-kokkulapitav-magiratas\/","og_locale":"en_GB","og_type":"article","og_title":"Elektriline kokkupandav jalgratas 500W ,15Ah aku \u2013 Genekas24.ee","og_description":"Osta Genekas24.ee-st elektriline kokkupandav jalgratas 500W mootoriga, Shimano 7-k\u00e4iguline k\u00e4igukast, 20\" paksud rehvid ja 15Ah eemaldatav aku.","og_url":"https:\/\/staging.genekas24.ee\/en\/product\/elektriline-jalgratas-500w-mootor-20\u2033-paksud-rehvid-shimano-7-kaiguline-kaigukast-koos-15ah-eemaldatava-akuga-kokkulapitav-magiratas\/","og_site_name":"Genekas24","article_modified_time":"2025-12-22T08:53:00+00:00","og_image":[{"width":1347,"height":1500,"url":"https:\/\/staging.genekas24.ee\/wp-content\/uploads\/2025\/09\/IMG_285120240325-202647-1.jpg","type":"image\/jpeg"}],"twitter_card":"summary_large_image","twitter_misc":{"Estimated reading time":"3 minutes"},"schema":{"@context":"https:\/\/schema.org","@graph":[{"@type":"WebPage","@id":"https:\/\/staging.genekas24.ee\/toode\/elektriline-jalgratas-500w-mootor-20%e2%80%b3-paksud-rehvid-shimano-7-kaiguline-kaigukast-koos-15ah-eemaldatava-akuga-kokkulapitav-magiratas\/","url":"https:\/\/staging.genekas24.ee\/toode\/elektriline-jalgratas-500w-mootor-20%e2%80%b3-paksud-rehvid-shimano-7-kaiguline-kaigukast-koos-15ah-eemaldatava-akuga-kokkulapitav-magiratas\/","name":"Elektriline kokkupandav jalgratas 500W ,15Ah aku \u2013 Genekas24.ee","isPartOf":{"@id":"https:\/\/staging.genekas24.ee\/#website"},"primaryImageOfPage":{"@id":"https:\/\/staging.genekas24.ee\/toode\/elektriline-jalgratas-500w-mootor-20%e2%80%b3-paksud-rehvid-shimano-7-kaiguline-kaigukast-koos-15ah-eemaldatava-akuga-kokkulapitav-magiratas\/#primaryimage"},"image":{"@id":"https:\/\/staging.genekas24.ee\/toode\/elektriline-jalgratas-500w-mootor-20%e2%80%b3-paksud-rehvid-shimano-7-kaiguline-kaigukast-koos-15ah-eemaldatava-akuga-kokkulapitav-magiratas\/#primaryimage"},"thumbnailUrl":"https:\/\/staging.genekas24.ee\/wp-content\/uploads\/2025\/09\/IMG_285120240325-202647-1.jpg","datePublished":"2025-09-02T11:07:18+00:00","dateModified":"2025-12-22T08:53:00+00:00","description":"Osta Genekas24.ee-st elektriline kokkupandav jalgratas 500W mootoriga, Shimano 7-k\u00e4iguline k\u00e4igukast, 20\" paksud rehvid ja 15Ah eemaldatav aku.","breadcrumb":{"@id":"https:\/\/staging.genekas24.ee\/toode\/elektriline-jalgratas-500w-mootor-20%e2%80%b3-paksud-rehvid-shimano-7-kaiguline-kaigukast-koos-15ah-eemaldatava-akuga-kokkulapitav-magiratas\/#breadcrumb"},"inLanguage":"en-GB","potentialAction":[{"@type":"ReadAction","target":["https:\/\/staging.genekas24.ee\/toode\/elektriline-jalgratas-500w-mootor-20%e2%80%b3-paksud-rehvid-shimano-7-kaiguline-kaigukast-koos-15ah-eemaldatava-akuga-kokkulapitav-magiratas\/"]}]},{"@type":"ImageObject","inLanguage":"en-GB","@id":"https:\/\/staging.genekas24.ee\/toode\/elektriline-jalgratas-500w-mootor-20%e2%80%b3-paksud-rehvid-shimano-7-kaiguline-kaigukast-koos-15ah-eemaldatava-akuga-kokkulapitav-magiratas\/#primaryimage","url":"https:\/\/staging.genekas24.ee\/wp-content\/uploads\/2025\/09\/IMG_285120240325-202647-1.jpg","contentUrl":"https:\/\/staging.genekas24.ee\/wp-content\/uploads\/2025\/09\/IMG_285120240325-202647-1.jpg","width":1347,"height":1500},{"@type":"BreadcrumbList","@id":"https:\/\/staging.genekas24.ee\/toode\/elektriline-jalgratas-500w-mootor-20%e2%80%b3-paksud-rehvid-shimano-7-kaiguline-kaigukast-koos-15ah-eemaldatava-akuga-kokkulapitav-magiratas\/#breadcrumb","itemListElement":[{"@type":"ListItem","position":1,"name":"Home","item":"https:\/\/staging.genekas24.ee\/"},{"@type":"ListItem","position":2,"name":"Pood","item":"https:\/\/staging.genekas24.ee\/pood\/"},{"@type":"ListItem","position":3,"name":"Elektriline jalgratas, 500W mootor, 20\u2033 Laiad rehvid, Shimano 7-k\u00e4iguline k\u00e4igukast koos 15Ah eemaldatava akuga, kokkulapitav m\u00e4giratas"}]},{"@type":"WebSite","@id":"https:\/\/staging.genekas24.ee\/#website","url":"https:\/\/staging.genekas24.ee\/","name":"Genekas24","description":"Generaatorid | K&ouml;nner S&ouml;hnen tooted | Genekas24","publisher":{"@id":"https:\/\/staging.genekas24.ee\/#organization"},"potentialAction":[{"@type":"SearchAction","target":{"@type":"EntryPoint","urlTemplate":"https:\/\/staging.genekas24.ee\/?s={search_term_string}"},"query-input":{"@type":"PropertyValueSpecification","valueRequired":true,"valueName":"search_term_string"}}],"inLanguage":"en-GB"},{"@type":"Organization","@id":"https:\/\/staging.genekas24.ee\/#organization","name":"Genekas24","url":"https:\/\/staging.genekas24.ee\/","logo":{"@type":"ImageObject","inLanguage":"en-GB","@id":"https:\/\/staging.genekas24.ee\/#\/schema\/logo\/image\/","url":"https:\/\/staging.genekas24.ee\/wp-content\/uploads\/2026\/01\/genekas24-logo_black.svg","contentUrl":"https:\/\/staging.genekas24.ee\/wp-content\/uploads\/2026\/01\/genekas24-logo_black.svg","width":840,"height":131,"caption":"Genekas24"},"image":{"@id":"https:\/\/staging.genekas24.ee\/#\/schema\/logo\/image\/"}}]}},"_links":{"self":[{"href":"https:\/\/staging.genekas24.ee\/en\/wp-json\/wp\/v2\/product\/20322","targetHints":{"allow":["GET"]}}],"collection":[{"href":"https:\/\/staging.genekas24.ee\/en\/wp-json\/wp\/v2\/product"}],"about":[{"href":"https:\/\/staging.genekas24.ee\/en\/wp-json\/wp\/v2\/types\/product"}],"version-history":[{"count":4,"href":"https:\/\/staging.genekas24.ee\/en\/wp-json\/wp\/v2\/product\/20322\/revisions"}],"predecessor-version":[{"id":21583,"href":"https:\/\/staging.genekas24.ee\/en\/wp-json\/wp\/v2\/product\/20322\/revisions\/21583"}],"wp:featuredmedia":[{"embeddable":true,"href":"https:\/\/staging.genekas24.ee\/en\/wp-json\/wp\/v2\/media\/20359"}],"wp:attachment":[{"href":"https:\/\/staging.genekas24.ee\/en\/wp-json\/wp\/v2\/media?parent=20322"}],"wp:term":[{"taxonomy":"product_brand","embeddable":true,"href":"https:\/\/staging.genekas24.ee\/en\/wp-json\/wp\/v2\/product_brand?post=20322"},{"taxonomy":"product_cat","embeddable":true,"href":"https:\/\/staging.genekas24.ee\/en\/wp-json\/wp\/v2\/product_cat?post=20322"},{"taxonomy":"product_tag","embeddable":true,"href":"https:\/\/staging.genekas24.ee\/en\/wp-json\/wp\/v2\/product_tag?post=20322"}],"curies":[{"name":"wp","href":"https:\/\/api.w.org\/{rel}","templated":true}]}}