{"id":20258,"date":"2025-08-18T11:02:06","date_gmt":"2025-08-18T11:02:06","guid":{"rendered":"https:\/\/staging.genekas24.ee\/?post_type=product&#038;p=20258"},"modified":"2025-12-22T15:25:12","modified_gmt":"2025-12-22T15:25:12","slug":"invertergeneraator-ks-4500i","status":"publish","type":"product","link":"https:\/\/staging.genekas24.ee\/en\/product\/invertergeneraator-ks-4500i\/","title":{"rendered":"Invertergeneraator KS 4500i"},"content":{"rendered":"<p><strong>KS 4500i<\/strong> inverterbensiinigeneraator nimiv\u00f5imsusega 4,2 kW pakub kodumasinatele stabiilset ja kvaliteetset toiteallikat, tagades kontorite, kaupluste, v\u00e4ikeettev\u00f5tete, meditsiinikeskuste katkematu t\u00f6\u00f6 v\u00f5i v\u00e4ikeste elektriliste t\u00f6\u00f6riistade toite t\u00f6\u00f6kodades.<\/p>\n<p>Erinevalt traditsioonilistest generaatoritest kasutab <strong>KS 4500i<\/strong> invertertehnoloogiat, mis tagab puhta siinuslaine \u2013 see on kriitilise t\u00e4htsusega tundliku elektroonika, n\u00e4iteks arvutite, telerite ja meditsiiniseadmete toiteks.<\/p>\n<p><strong>KS 4500i<\/strong> \u00fcks peamisi eeliseid on selle mitmek\u00fclgsus. See sobib laiaks valikuks rakendusteks, alates avariitoiteallikast kuni v\u00e4lit\u00f6\u00f6de ja vaba aja tegevusteni. <strong>KS 4500i<\/strong> on saadaval hinnaga, mis on peaaegu sama, mis tavalistel sarnase v\u00f5imsusega bensiinigeneraatoritel. Saate kvaliteetse ja usaldusv\u00e4\u00e4rse generaatori taskukohase hinnaga.<\/p>\n<table style=\"border-collapse: collapse; width: 100%; height: 399px;\">\n<tbody>\n<tr style=\"height: 123px;\">\n<td style=\"width: 13.6675%; height: 123px;\"><img fetchpriority=\"high\" decoding=\"async\" class=\"alignnone size-medium wp-image-20259\" src=\"https:\/\/staging.genekas24.ee\/wp-content\/uploads\/2025\/08\/gasoline-inverter-generator-ks-4500i_inverter-sinusoid-300x237.webp\" alt=\"\" width=\"300\" height=\"237\" srcset=\"https:\/\/staging.genekas24.ee\/wp-content\/uploads\/2025\/08\/gasoline-inverter-generator-ks-4500i_inverter-sinusoid-300x237.webp 300w, https:\/\/staging.genekas24.ee\/wp-content\/uploads\/2025\/08\/gasoline-inverter-generator-ks-4500i_inverter-sinusoid-15x12.webp 15w, https:\/\/staging.genekas24.ee\/wp-content\/uploads\/2025\/08\/gasoline-inverter-generator-ks-4500i_inverter-sinusoid.webp 500w\" sizes=\"(max-width: 300px) 100vw, 300px\" \/><\/td>\n<td style=\"width: 86.3325%; height: 123px;\"><strong>PURE SINE WAVE<\/strong><\/p>\n<p>Integreeritud mikroprotsessori juhtimisega elektroonikamoodul haldab generaatori t\u00f6\u00f6d ja tagab stabiilse 230 V 50 Hz siinuslaine v\u00e4ljundi, mis sobib tundliku elektroonika usaldusv\u00e4\u00e4rseks t\u00f6\u00f6ks.<\/td>\n<\/tr>\n<tr style=\"height: 156px;\">\n<td style=\"width: 13.6675%; height: 156px;\"><img decoding=\"async\" class=\"alignnone size-medium wp-image-20260\" src=\"https:\/\/staging.genekas24.ee\/wp-content\/uploads\/2025\/08\/gasoline-inverter-generator-ks-4500i_dvigun-300x300.webp\" alt=\"\" width=\"300\" height=\"300\" srcset=\"https:\/\/staging.genekas24.ee\/wp-content\/uploads\/2025\/08\/gasoline-inverter-generator-ks-4500i_dvigun-300x300.webp 300w, https:\/\/staging.genekas24.ee\/wp-content\/uploads\/2025\/08\/gasoline-inverter-generator-ks-4500i_dvigun-150x150.webp 150w, https:\/\/staging.genekas24.ee\/wp-content\/uploads\/2025\/08\/gasoline-inverter-generator-ks-4500i_dvigun-12x12.webp 12w, https:\/\/staging.genekas24.ee\/wp-content\/uploads\/2025\/08\/gasoline-inverter-generator-ks-4500i_dvigun-100x100.webp 100w, https:\/\/staging.genekas24.ee\/wp-content\/uploads\/2025\/08\/gasoline-inverter-generator-ks-4500i_dvigun.webp 500w\" sizes=\"(max-width: 300px) 100vw, 300px\" \/><\/td>\n<td style=\"width: 86.3325%; height: 156px;\"><strong>RELIABLE ENGINE<\/strong><\/p>\n<p>Kaubam\u00e4rgiga usaldusv\u00e4\u00e4rne K&amp;S mootor eristub suurenenud kulumiskindluse, pikaajalise ja stabiilse t\u00f6\u00f6 poolest ning vastab k\u00f5igile Euroopa kvaliteedistandarditele, sealhulgas EURO V-le.<\/td>\n<\/tr>\n<tr style=\"height: 24px;\">\n<td style=\"width: 13.6675%; height: 24px;\"><img decoding=\"async\" class=\"alignnone size-medium wp-image-20261\" src=\"https:\/\/staging.genekas24.ee\/wp-content\/uploads\/2025\/08\/gasoline-inverter-generator-ks-4500i_ecomode-300x300.webp\" alt=\"\" width=\"300\" height=\"300\" srcset=\"https:\/\/staging.genekas24.ee\/wp-content\/uploads\/2025\/08\/gasoline-inverter-generator-ks-4500i_ecomode-300x300.webp 300w, https:\/\/staging.genekas24.ee\/wp-content\/uploads\/2025\/08\/gasoline-inverter-generator-ks-4500i_ecomode-150x150.webp 150w, https:\/\/staging.genekas24.ee\/wp-content\/uploads\/2025\/08\/gasoline-inverter-generator-ks-4500i_ecomode-12x12.webp 12w, https:\/\/staging.genekas24.ee\/wp-content\/uploads\/2025\/08\/gasoline-inverter-generator-ks-4500i_ecomode-100x100.webp 100w, https:\/\/staging.genekas24.ee\/wp-content\/uploads\/2025\/08\/gasoline-inverter-generator-ks-4500i_ecomode.webp 500w\" sizes=\"(max-width: 300px) 100vw, 300px\" \/><\/td>\n<td style=\"width: 86.3325%; height: 24px;\"><strong>S\u00c4\u00c4STUREE\u017dIIM <\/strong><\/p>\n<p>S\u00e4\u00e4sture\u017eiimi k\u00fctuses\u00e4\u00e4stufunktsioon v\u00e4hendab madala koormuse korral k\u00fctusekulu kuni 50%, v\u00e4hendades mootori p\u00f6\u00f6rlemiskiirust.<\/td>\n<\/tr>\n<tr style=\"height: 24px;\">\n<td style=\"width: 13.6675%; height: 24px;\"><img loading=\"lazy\" decoding=\"async\" class=\"alignnone size-medium wp-image-20262\" src=\"https:\/\/staging.genekas24.ee\/wp-content\/uploads\/2025\/08\/gasoline-inverter-generator-ks-4500i_panel-300x300.webp\" alt=\"\" width=\"300\" height=\"300\" srcset=\"https:\/\/staging.genekas24.ee\/wp-content\/uploads\/2025\/08\/gasoline-inverter-generator-ks-4500i_panel-300x300.webp 300w, https:\/\/staging.genekas24.ee\/wp-content\/uploads\/2025\/08\/gasoline-inverter-generator-ks-4500i_panel-150x150.webp 150w, https:\/\/staging.genekas24.ee\/wp-content\/uploads\/2025\/08\/gasoline-inverter-generator-ks-4500i_panel-12x12.webp 12w, https:\/\/staging.genekas24.ee\/wp-content\/uploads\/2025\/08\/gasoline-inverter-generator-ks-4500i_panel-100x100.webp 100w, https:\/\/staging.genekas24.ee\/wp-content\/uploads\/2025\/08\/gasoline-inverter-generator-ks-4500i_panel.webp 500w\" sizes=\"(max-width: 300px) 100vw, 300px\" \/><\/td>\n<td style=\"width: 86.3325%; height: 24px;\"><strong>ERGONOMILINE JUHTPANEEL<\/strong><\/p>\n<p>Ergonoomiline juhtpaneel on varustatud: LED-ekraaniga, 16A pistikupesadega, t\u00f6\u00f6oleku indikaatoritega, universaalse 12V autopistikupesaga ja RESET-nupuga juhts\u00fcsteemi taask\u00e4ivitamiseks (elektroonilise kaitse aktiveerumise korral \u00fclekoormuse v\u00f5i l\u00fchise t\u00f5ttu) ja pinge taastamiseks ilma mootorit seiskamata.<\/td>\n<\/tr>\n<tr style=\"height: 24px;\">\n<td style=\"width: 13.6675%; height: 24px;\"><img loading=\"lazy\" decoding=\"async\" class=\"alignnone size-medium wp-image-20263\" src=\"https:\/\/staging.genekas24.ee\/wp-content\/uploads\/2025\/08\/gasoline-inverter-generator-ks-4500i_alternator-inverter-300x300.webp\" alt=\"\" width=\"300\" height=\"300\" srcset=\"https:\/\/staging.genekas24.ee\/wp-content\/uploads\/2025\/08\/gasoline-inverter-generator-ks-4500i_alternator-inverter-300x300.webp 300w, https:\/\/staging.genekas24.ee\/wp-content\/uploads\/2025\/08\/gasoline-inverter-generator-ks-4500i_alternator-inverter-150x150.webp 150w, https:\/\/staging.genekas24.ee\/wp-content\/uploads\/2025\/08\/gasoline-inverter-generator-ks-4500i_alternator-inverter-12x12.webp 12w, https:\/\/staging.genekas24.ee\/wp-content\/uploads\/2025\/08\/gasoline-inverter-generator-ks-4500i_alternator-inverter-100x100.webp 100w, https:\/\/staging.genekas24.ee\/wp-content\/uploads\/2025\/08\/gasoline-inverter-generator-ks-4500i_alternator-inverter.webp 500w\" sizes=\"(max-width: 300px) 100vw, 300px\" \/><\/td>\n<td style=\"width: 86.3325%; height: 24px;\"><strong>KVALITEETNE GENERAATOR<\/strong><\/p>\n<p>K\u00f6nner &amp; S\u00f6hneni invertert\u00fc\u00fcpi generaatorid on varustatud kvaliteetse harjadeta generaatoriga, millel on 100% vaskm\u00e4hised. Usaldusv\u00e4\u00e4rne ja kompaktne generaator on paigaldatud p\u00fcsimagnetitele, mis on \u00fcmbritsetud plastkorpusega ja talub maksimaalseid koormusi ilma kahjustusteta, tagades generaatori pikaajalise ja usaldusv\u00e4\u00e4rse t\u00f6\u00f6.<\/td>\n<\/tr>\n<tr style=\"height: 24px;\">\n<td style=\"width: 13.6675%; height: 24px;\"><img loading=\"lazy\" decoding=\"async\" class=\"alignnone size-medium wp-image-20264\" src=\"https:\/\/staging.genekas24.ee\/wp-content\/uploads\/2025\/08\/gasoline-inverter-generator-ks-4500i_compact-size-300x300.webp\" alt=\"\" width=\"300\" height=\"300\" srcset=\"https:\/\/staging.genekas24.ee\/wp-content\/uploads\/2025\/08\/gasoline-inverter-generator-ks-4500i_compact-size-300x300.webp 300w, https:\/\/staging.genekas24.ee\/wp-content\/uploads\/2025\/08\/gasoline-inverter-generator-ks-4500i_compact-size-150x150.webp 150w, https:\/\/staging.genekas24.ee\/wp-content\/uploads\/2025\/08\/gasoline-inverter-generator-ks-4500i_compact-size-12x12.webp 12w, https:\/\/staging.genekas24.ee\/wp-content\/uploads\/2025\/08\/gasoline-inverter-generator-ks-4500i_compact-size-100x100.webp 100w, https:\/\/staging.genekas24.ee\/wp-content\/uploads\/2025\/08\/gasoline-inverter-generator-ks-4500i_compact-size.webp 500w\" sizes=\"(max-width: 300px) 100vw, 300px\" \/><\/td>\n<td style=\"width: 86.3325%; height: 24px;\"><strong>KOMPAKTNE SUURUS<\/strong><\/p>\n<p>Selle mudeli kompaktne suurus v\u00f5imaldab teil seda k\u00f5ikjale kaasa v\u00f5tta. Sellest saab usaldusv\u00e4\u00e4rne abiline v\u00e4litegevuste, n\u00e4iteks telkimise v\u00f5i kalap\u00fc\u00fcgi ajal, pakkudes vajalikku energiat.<\/td>\n<\/tr>\n<tr style=\"height: 24px;\">\n<td style=\"width: 13.6675%; height: 24px;\"><img loading=\"lazy\" decoding=\"async\" class=\"alignnone size-medium wp-image-20265\" src=\"https:\/\/staging.genekas24.ee\/wp-content\/uploads\/2025\/08\/gasoline-inverter-generator-ks-4500i_legs-300x300.webp\" alt=\"\" width=\"300\" height=\"300\" srcset=\"https:\/\/staging.genekas24.ee\/wp-content\/uploads\/2025\/08\/gasoline-inverter-generator-ks-4500i_legs-300x300.webp 300w, https:\/\/staging.genekas24.ee\/wp-content\/uploads\/2025\/08\/gasoline-inverter-generator-ks-4500i_legs-150x150.webp 150w, https:\/\/staging.genekas24.ee\/wp-content\/uploads\/2025\/08\/gasoline-inverter-generator-ks-4500i_legs-12x12.webp 12w, https:\/\/staging.genekas24.ee\/wp-content\/uploads\/2025\/08\/gasoline-inverter-generator-ks-4500i_legs-100x100.webp 100w, https:\/\/staging.genekas24.ee\/wp-content\/uploads\/2025\/08\/gasoline-inverter-generator-ks-4500i_legs.webp 500w\" sizes=\"(max-width: 300px) 100vw, 300px\" \/><\/td>\n<td style=\"width: 86.3325%; height: 24px;\"><strong>SUPPORT FEET <\/strong><\/p>\n<p>Tugijalgadega varustatud generaator tagab stabiilse t\u00f6\u00f6 ilma \u00fcmbermineku v\u00f5i libisemiseta.<\/td>\n<\/tr>\n<\/tbody>\n<\/table>","protected":false},"excerpt":{"rendered":"<table style=\"border-collapse: collapse; width: 100%;\">\n<tbody>\n<tr>\n<td style=\"width: 50%;\">Voltage, V<\/td>\n<td style=\"width: 50%;\">230<\/td>\n<\/tr>\n<tr>\n<td style=\"width: 50%;\">Max power, kW<\/td>\n<td style=\"width: 50%;\">4,5<\/td>\n<\/tr>\n<tr>\n<td style=\"width: 50%;\">Nominal power, kW<\/td>\n<td style=\"width: 50%;\">4,2<\/td>\n<\/tr>\n<tr>\n<td style=\"width: 50%;\">V\u00f5imsustegur, cos\u03c6<\/td>\n<td style=\"width: 50%;\">1<\/td>\n<\/tr>\n<tr>\n<td style=\"width: 50%;\">Frequency, Hz<\/td>\n<td style=\"width: 50%;\">50<\/td>\n<\/tr>\n<tr>\n<td style=\"width: 50%;\">Current (max), \u0410<\/td>\n<td style=\"width: 50%;\">19,6<\/td>\n<\/tr>\n<tr>\n<td style=\"width: 50%;\">Outlets<\/td>\n<td style=\"width: 50%;\">2x Schuko 230V<\/td>\n<\/tr>\n<tr>\n<td style=\"width: 50%;\">Mootori k\u00e4ivitus<\/td>\n<td style=\"width: 50%;\">Manual<\/td>\n<\/tr>\n<tr>\n<td style=\"width: 50%;\">K\u00fctusepaak, l<\/td>\n<td style=\"width: 50%;\">13<\/td>\n<\/tr>\n<tr>\n<td style=\"width: 50%;\">Keskmine t\u00f6\u00f6aeg 50% v\u00f5imsusega, h***<\/td>\n<td style=\"width: 50%;\">9,18<\/td>\n<\/tr>\n<tr>\n<td style=\"width: 50%;\">Led ekraan<\/td>\n<td style=\"width: 50%;\">Tunnilugeja, sagedus, pinge<\/td>\n<\/tr>\n<tr>\n<td style=\"width: 50%;\">M\u00fcratase Lpa (7m)\/lwa, dB<\/td>\n<td style=\"width: 50%;\">72\/97<\/td>\n<\/tr>\n<tr>\n<td style=\"width: 50%;\">V\u00e4ljundv\u00f5imsus DC, V\/A<\/td>\n<td style=\"width: 50%;\">12V\/8,3A<\/td>\n<\/tr>\n<tr>\n<td style=\"width: 50%;\">USB output<\/td>\n<td style=\"width: 50%;\">USB QC 3.0 + Type C<\/td>\n<\/tr>\n<tr>\n<td style=\"width: 50%;\">Engine model<\/td>\n<td style=\"width: 50%;\">KS 240i<\/td>\n<\/tr>\n<tr>\n<td style=\"width: 50%;\">Mootori silindri maht, cm<sup>3<\/sup><\/td>\n<td style=\"width: 50%;\">223<\/td>\n<\/tr>\n<tr>\n<td style=\"width: 50%;\">Engine type<\/td>\n<td style=\"width: 50%;\">4 taktiline bensiin<\/td>\n<\/tr>\n<tr>\n<td style=\"width: 50%;\">Engine power, hp<\/td>\n<td style=\"width: 50%;\">6,1<\/td>\n<\/tr>\n<tr>\n<td style=\"width: 50%;\">Karteri mahutavus, l<\/td>\n<td style=\"width: 50%;\">0,6<\/td>\n<\/tr>\n<tr>\n<td style=\"width: 50%;\">Generaatori m\u00e4his<\/td>\n<td style=\"width: 50%;\">Copper<\/td>\n<\/tr>\n<tr>\n<td style=\"width: 50%;\">Neto m\u00f5\u00f5dud (LxWxH), mm<\/td>\n<td style=\"width: 50%;\">455x440x480<\/td>\n<\/tr>\n<tr>\n<td style=\"width: 50%;\">Gross dimensions (LxWxH), mm<\/td>\n<td style=\"width: 50%;\">480x460x525<\/td>\n<\/tr>\n<tr>\n<td style=\"width: 50%;\">Net weight, kg<\/td>\n<td style=\"width: 50%;\">33<\/td>\n<\/tr>\n<tr>\n<td style=\"width: 50%;\">Gross weight, kg<\/td>\n<td style=\"width: 50%;\">35<\/td>\n<\/tr>\n<tr>\n<td style=\"width: 50%;\">EAN code<\/td>\n<td style=\"width: 50%;\">4260405368327<\/td>\n<\/tr>\n<\/tbody>\n<\/table>\n<p>***K\u00fctusekulu s\u00f5ltub paljudest teguritest, n\u00e4iteks koormusest, k\u00fctuse kvaliteedist, aastaajast, k\u00f5rgusest merepinnast ja generaatori tehnilisest seisukorrast.<\/p>\n<p>T\u00c4HELEPANU! Toodet m\u00fc\u00fcakse ilma mootori\u00f5li v\u00f5i bensiinita. Enne esmakordset k\u00e4ivitamist tuleb lisada neljataktilise bensiinimootori mootori\u00f5li. Soovitame \u00f5li 10W-30 v\u00f5i 10W-40. Kontrollige enne iga kasutamist alati \u00f5litaset. Kasutage ainult pliivaba bensiini oktaanarvuga 90\u201395, mis ei sisalda \u00fcle 10% etanooli.<\/p>","protected":false},"featured_media":20266,"template":"","meta":{"_acf_changed":false,"inline_featured_image":false},"product_brand":[],"product_cat":[179,94,23],"product_tag":[],"class_list":{"0":"post-20258","1":"product","2":"type-product","3":"status-publish","4":"has-post-thumbnail","6":"product_cat-allahinnatud","7":"product_cat-generaatorid","8":"product_cat-invertergeneraatorid","9":"product_shipping_class-poolalus","10":"brand-konner-sohnen","12":"first","13":"instock","14":"sale","15":"featured","16":"taxable","17":"shipping-taxable","18":"purchasable","19":"product-type-simple"},"acf":[],"yoast_head":"<!-- This site is optimized with the Yoast SEO plugin v26.2 - https:\/\/yoast.com\/wordpress\/plugins\/seo\/ -->\n<title>Invertergeneraator KS 4500i - Genekas24<\/title>\n<meta name=\"robots\" content=\"index, follow, max-snippet:-1, max-image-preview:large, max-video-preview:-1\" \/>\n<link rel=\"canonical\" href=\"https:\/\/staging.genekas24.ee\/en\/product\/invertergeneraator-ks-4500i\/\" \/>\n<meta property=\"og:locale\" content=\"en_GB\" \/>\n<meta property=\"og:type\" content=\"article\" \/>\n<meta property=\"og:title\" content=\"Invertergeneraator KS 4500i - Genekas24\" \/>\n<meta property=\"og:description\" content=\"Pinge, V 230   Max v\u00f5imsus, kW 4,5   Nominaalne v\u00f5imsus, kW 4,2   V\u00f5imsustegur, cos\u03c6 1   Sagedus, Hz 50   Vool (max), A 19,6   V\u00e4ljundid 2x Schuko 230V   Mootori k\u00e4ivitus Manuaalne   K\u00fctusepaak, l 13   Keskmine t\u00f6\u00f6aeg 50% v\u00f5imsusega, h*** 9,18   Led ekraan Tunnilugeja, sagedus, pinge   M\u00fcratase Lpa (7m)\/lwa, dB 72\/97   V\u00e4ljundv\u00f5imsus DC, V\/A 12V\/8,3A   USB v\u00e4ljundid USB QC 3.0 + Type C   Mootori mudel KS 240i   Mootori silindri maht, cm3 223   Mootori t\u00fc\u00fcp 4 taktiline bensiin   Mootori v\u00f5imsus, hp 6,1   Karteri mahutavus, l 0,6   Generaatori m\u00e4his Vask   Neto m\u00f5\u00f5dud (LxWxH), mm 455x440x480   Bruto m\u00f5\u00f5dud (LxWxH), mm 480x460x525   Neto kaal, kg 33   Bruto kaal, kg 35   EAN kood 4260405368327    ***K\u00fctusekulu s\u00f5ltub paljudest teguritest, n\u00e4iteks koormusest, k\u00fctuse kvaliteedist, aastaajast, k\u00f5rgusest merepinnast ja generaatori tehnilisest seisukorrast.  T\u00c4HELEPANU! Toodet m\u00fc\u00fcakse ilma mootori\u00f5li v\u00f5i bensiinita. Enne esmakordset k\u00e4ivitamist tuleb lisada neljataktilise bensiinimootori mootori\u00f5li. Soovitame \u00f5li 10W-30 v\u00f5i 10W-40. Kontrollige enne iga kasutamist alati \u00f5litaset. Kasutage ainult pliivaba bensiini oktaanarvuga 90\u201395, mis ei sisalda \u00fcle 10% etanooli.\" \/>\n<meta property=\"og:url\" content=\"https:\/\/staging.genekas24.ee\/en\/product\/invertergeneraator-ks-4500i\/\" \/>\n<meta property=\"og:site_name\" content=\"Genekas24\" \/>\n<meta property=\"article:modified_time\" content=\"2025-12-22T15:25:12+00:00\" \/>\n<meta property=\"og:image\" content=\"https:\/\/staging.genekas24.ee\/wp-content\/uploads\/2025\/08\/gasoline-inverter-generator-ks-4500i_01.webp\" \/>\n\t<meta property=\"og:image:width\" content=\"1600\" \/>\n\t<meta property=\"og:image:height\" content=\"1600\" \/>\n\t<meta property=\"og:image:type\" content=\"image\/webp\" \/>\n<meta name=\"twitter:card\" content=\"summary_large_image\" \/>\n<meta name=\"twitter:label1\" content=\"Estimated reading time\" \/>\n\t<meta name=\"twitter:data1\" content=\"3 minutes\" \/>\n<script type=\"application\/ld+json\" class=\"yoast-schema-graph\">{\"@context\":\"https:\/\/schema.org\",\"@graph\":[{\"@type\":\"WebPage\",\"@id\":\"https:\/\/staging.genekas24.ee\/toode\/invertergeneraator-ks-4500i\/\",\"url\":\"https:\/\/staging.genekas24.ee\/toode\/invertergeneraator-ks-4500i\/\",\"name\":\"Invertergeneraator KS 4500i - Genekas24\",\"isPartOf\":{\"@id\":\"https:\/\/staging.genekas24.ee\/#website\"},\"primaryImageOfPage\":{\"@id\":\"https:\/\/staging.genekas24.ee\/toode\/invertergeneraator-ks-4500i\/#primaryimage\"},\"image\":{\"@id\":\"https:\/\/staging.genekas24.ee\/toode\/invertergeneraator-ks-4500i\/#primaryimage\"},\"thumbnailUrl\":\"https:\/\/staging.genekas24.ee\/wp-content\/uploads\/2025\/08\/gasoline-inverter-generator-ks-4500i_01.webp\",\"datePublished\":\"2025-08-18T11:02:06+00:00\",\"dateModified\":\"2025-12-22T15:25:12+00:00\",\"breadcrumb\":{\"@id\":\"https:\/\/staging.genekas24.ee\/toode\/invertergeneraator-ks-4500i\/#breadcrumb\"},\"inLanguage\":\"en-GB\",\"potentialAction\":[{\"@type\":\"ReadAction\",\"target\":[\"https:\/\/staging.genekas24.ee\/toode\/invertergeneraator-ks-4500i\/\"]}]},{\"@type\":\"ImageObject\",\"inLanguage\":\"en-GB\",\"@id\":\"https:\/\/staging.genekas24.ee\/toode\/invertergeneraator-ks-4500i\/#primaryimage\",\"url\":\"https:\/\/staging.genekas24.ee\/wp-content\/uploads\/2025\/08\/gasoline-inverter-generator-ks-4500i_01.webp\",\"contentUrl\":\"https:\/\/staging.genekas24.ee\/wp-content\/uploads\/2025\/08\/gasoline-inverter-generator-ks-4500i_01.webp\",\"width\":1600,\"height\":1600},{\"@type\":\"BreadcrumbList\",\"@id\":\"https:\/\/staging.genekas24.ee\/toode\/invertergeneraator-ks-4500i\/#breadcrumb\",\"itemListElement\":[{\"@type\":\"ListItem\",\"position\":1,\"name\":\"Home\",\"item\":\"https:\/\/staging.genekas24.ee\/\"},{\"@type\":\"ListItem\",\"position\":2,\"name\":\"Pood\",\"item\":\"https:\/\/staging.genekas24.ee\/pood\/\"},{\"@type\":\"ListItem\",\"position\":3,\"name\":\"Invertergeneraator KS 4500i\"}]},{\"@type\":\"WebSite\",\"@id\":\"https:\/\/staging.genekas24.ee\/#website\",\"url\":\"https:\/\/staging.genekas24.ee\/\",\"name\":\"Genekas24\",\"description\":\"Generaatorid | K&ouml;nner S&ouml;hnen tooted | Genekas24\",\"publisher\":{\"@id\":\"https:\/\/staging.genekas24.ee\/#organization\"},\"potentialAction\":[{\"@type\":\"SearchAction\",\"target\":{\"@type\":\"EntryPoint\",\"urlTemplate\":\"https:\/\/staging.genekas24.ee\/?s={search_term_string}\"},\"query-input\":{\"@type\":\"PropertyValueSpecification\",\"valueRequired\":true,\"valueName\":\"search_term_string\"}}],\"inLanguage\":\"en-GB\"},{\"@type\":\"Organization\",\"@id\":\"https:\/\/staging.genekas24.ee\/#organization\",\"name\":\"Genekas24\",\"url\":\"https:\/\/staging.genekas24.ee\/\",\"logo\":{\"@type\":\"ImageObject\",\"inLanguage\":\"en-GB\",\"@id\":\"https:\/\/staging.genekas24.ee\/#\/schema\/logo\/image\/\",\"url\":\"https:\/\/staging.genekas24.ee\/wp-content\/uploads\/2026\/01\/genekas24-logo_black.svg\",\"contentUrl\":\"https:\/\/staging.genekas24.ee\/wp-content\/uploads\/2026\/01\/genekas24-logo_black.svg\",\"width\":840,\"height\":131,\"caption\":\"Genekas24\"},\"image\":{\"@id\":\"https:\/\/staging.genekas24.ee\/#\/schema\/logo\/image\/\"}}]}<\/script>\n<!-- \/ Yoast SEO plugin. -->","yoast_head_json":{"title":"Invertergeneraator KS 4500i - Genekas24","robots":{"index":"index","follow":"follow","max-snippet":"max-snippet:-1","max-image-preview":"max-image-preview:large","max-video-preview":"max-video-preview:-1"},"canonical":"https:\/\/staging.genekas24.ee\/en\/product\/invertergeneraator-ks-4500i\/","og_locale":"en_GB","og_type":"article","og_title":"Invertergeneraator KS 4500i - Genekas24","og_description":"Pinge, V 230   Max v\u00f5imsus, kW 4,5   Nominaalne v\u00f5imsus, kW 4,2   V\u00f5imsustegur, cos\u03c6 1   Sagedus, Hz 50   Vool (max), A 19,6   V\u00e4ljundid 2x Schuko 230V   Mootori k\u00e4ivitus Manuaalne   K\u00fctusepaak, l 13   Keskmine t\u00f6\u00f6aeg 50% v\u00f5imsusega, h*** 9,18   Led ekraan Tunnilugeja, sagedus, pinge   M\u00fcratase Lpa (7m)\/lwa, dB 72\/97   V\u00e4ljundv\u00f5imsus DC, V\/A 12V\/8,3A   USB v\u00e4ljundid USB QC 3.0 + Type C   Mootori mudel KS 240i   Mootori silindri maht, cm3 223   Mootori t\u00fc\u00fcp 4 taktiline bensiin   Mootori v\u00f5imsus, hp 6,1   Karteri mahutavus, l 0,6   Generaatori m\u00e4his Vask   Neto m\u00f5\u00f5dud (LxWxH), mm 455x440x480   Bruto m\u00f5\u00f5dud (LxWxH), mm 480x460x525   Neto kaal, kg 33   Bruto kaal, kg 35   EAN kood 4260405368327    ***K\u00fctusekulu s\u00f5ltub paljudest teguritest, n\u00e4iteks koormusest, k\u00fctuse kvaliteedist, aastaajast, k\u00f5rgusest merepinnast ja generaatori tehnilisest seisukorrast.  T\u00c4HELEPANU! Toodet m\u00fc\u00fcakse ilma mootori\u00f5li v\u00f5i bensiinita. Enne esmakordset k\u00e4ivitamist tuleb lisada neljataktilise bensiinimootori mootori\u00f5li. Soovitame \u00f5li 10W-30 v\u00f5i 10W-40. Kontrollige enne iga kasutamist alati \u00f5litaset. Kasutage ainult pliivaba bensiini oktaanarvuga 90\u201395, mis ei sisalda \u00fcle 10% etanooli.","og_url":"https:\/\/staging.genekas24.ee\/en\/product\/invertergeneraator-ks-4500i\/","og_site_name":"Genekas24","article_modified_time":"2025-12-22T15:25:12+00:00","og_image":[{"width":1600,"height":1600,"url":"https:\/\/staging.genekas24.ee\/wp-content\/uploads\/2025\/08\/gasoline-inverter-generator-ks-4500i_01.webp","type":"image\/webp"}],"twitter_card":"summary_large_image","twitter_misc":{"Estimated reading time":"3 minutes"},"schema":{"@context":"https:\/\/schema.org","@graph":[{"@type":"WebPage","@id":"https:\/\/staging.genekas24.ee\/toode\/invertergeneraator-ks-4500i\/","url":"https:\/\/staging.genekas24.ee\/toode\/invertergeneraator-ks-4500i\/","name":"Invertergeneraator KS 4500i - Genekas24","isPartOf":{"@id":"https:\/\/staging.genekas24.ee\/#website"},"primaryImageOfPage":{"@id":"https:\/\/staging.genekas24.ee\/toode\/invertergeneraator-ks-4500i\/#primaryimage"},"image":{"@id":"https:\/\/staging.genekas24.ee\/toode\/invertergeneraator-ks-4500i\/#primaryimage"},"thumbnailUrl":"https:\/\/staging.genekas24.ee\/wp-content\/uploads\/2025\/08\/gasoline-inverter-generator-ks-4500i_01.webp","datePublished":"2025-08-18T11:02:06+00:00","dateModified":"2025-12-22T15:25:12+00:00","breadcrumb":{"@id":"https:\/\/staging.genekas24.ee\/toode\/invertergeneraator-ks-4500i\/#breadcrumb"},"inLanguage":"en-GB","potentialAction":[{"@type":"ReadAction","target":["https:\/\/staging.genekas24.ee\/toode\/invertergeneraator-ks-4500i\/"]}]},{"@type":"ImageObject","inLanguage":"en-GB","@id":"https:\/\/staging.genekas24.ee\/toode\/invertergeneraator-ks-4500i\/#primaryimage","url":"https:\/\/staging.genekas24.ee\/wp-content\/uploads\/2025\/08\/gasoline-inverter-generator-ks-4500i_01.webp","contentUrl":"https:\/\/staging.genekas24.ee\/wp-content\/uploads\/2025\/08\/gasoline-inverter-generator-ks-4500i_01.webp","width":1600,"height":1600},{"@type":"BreadcrumbList","@id":"https:\/\/staging.genekas24.ee\/toode\/invertergeneraator-ks-4500i\/#breadcrumb","itemListElement":[{"@type":"ListItem","position":1,"name":"Home","item":"https:\/\/staging.genekas24.ee\/"},{"@type":"ListItem","position":2,"name":"Pood","item":"https:\/\/staging.genekas24.ee\/pood\/"},{"@type":"ListItem","position":3,"name":"Invertergeneraator KS 4500i"}]},{"@type":"WebSite","@id":"https:\/\/staging.genekas24.ee\/#website","url":"https:\/\/staging.genekas24.ee\/","name":"Genekas24","description":"Generaatorid | K&ouml;nner S&ouml;hnen tooted | Genekas24","publisher":{"@id":"https:\/\/staging.genekas24.ee\/#organization"},"potentialAction":[{"@type":"SearchAction","target":{"@type":"EntryPoint","urlTemplate":"https:\/\/staging.genekas24.ee\/?s={search_term_string}"},"query-input":{"@type":"PropertyValueSpecification","valueRequired":true,"valueName":"search_term_string"}}],"inLanguage":"en-GB"},{"@type":"Organization","@id":"https:\/\/staging.genekas24.ee\/#organization","name":"Genekas24","url":"https:\/\/staging.genekas24.ee\/","logo":{"@type":"ImageObject","inLanguage":"en-GB","@id":"https:\/\/staging.genekas24.ee\/#\/schema\/logo\/image\/","url":"https:\/\/staging.genekas24.ee\/wp-content\/uploads\/2026\/01\/genekas24-logo_black.svg","contentUrl":"https:\/\/staging.genekas24.ee\/wp-content\/uploads\/2026\/01\/genekas24-logo_black.svg","width":840,"height":131,"caption":"Genekas24"},"image":{"@id":"https:\/\/staging.genekas24.ee\/#\/schema\/logo\/image\/"}}]}},"_links":{"self":[{"href":"https:\/\/staging.genekas24.ee\/en\/wp-json\/wp\/v2\/product\/20258","targetHints":{"allow":["GET"]}}],"collection":[{"href":"https:\/\/staging.genekas24.ee\/en\/wp-json\/wp\/v2\/product"}],"about":[{"href":"https:\/\/staging.genekas24.ee\/en\/wp-json\/wp\/v2\/types\/product"}],"version-history":[{"count":2,"href":"https:\/\/staging.genekas24.ee\/en\/wp-json\/wp\/v2\/product\/20258\/revisions"}],"predecessor-version":[{"id":20549,"href":"https:\/\/staging.genekas24.ee\/en\/wp-json\/wp\/v2\/product\/20258\/revisions\/20549"}],"wp:featuredmedia":[{"embeddable":true,"href":"https:\/\/staging.genekas24.ee\/en\/wp-json\/wp\/v2\/media\/20266"}],"wp:attachment":[{"href":"https:\/\/staging.genekas24.ee\/en\/wp-json\/wp\/v2\/media?parent=20258"}],"wp:term":[{"taxonomy":"product_brand","embeddable":true,"href":"https:\/\/staging.genekas24.ee\/en\/wp-json\/wp\/v2\/product_brand?post=20258"},{"taxonomy":"product_cat","embeddable":true,"href":"https:\/\/staging.genekas24.ee\/en\/wp-json\/wp\/v2\/product_cat?post=20258"},{"taxonomy":"product_tag","embeddable":true,"href":"https:\/\/staging.genekas24.ee\/en\/wp-json\/wp\/v2\/product_tag?post=20258"}],"curies":[{"name":"wp","href":"https:\/\/api.w.org\/{rel}","templated":true}]}}