{"id":20216,"date":"2025-08-05T12:01:19","date_gmt":"2025-08-05T12:01:19","guid":{"rendered":"https:\/\/staging.genekas24.ee\/?post_type=product&#038;p=20216"},"modified":"2025-12-02T09:47:59","modified_gmt":"2025-12-02T09:47:59","slug":"shibaura-sb22m","status":"publish","type":"product","link":"https:\/\/staging.genekas24.ee\/en\/product\/shibaura-sb22m\/","title":{"rendered":"Shibaura SB22m"},"content":{"rendered":"<p><strong>LISAD<\/strong><\/p>\n<ul>\n<li>Eesmine t\u00f5stuk<\/li>\n<li>Eesmine PTO 2000rpm<\/li>\n<li>Eesmine laadur 121cm<\/li>\n<li>Kabiin soojendusega<\/li>\n<li>Toetab nii haakekonksu kui pukseerimiskuuli \u00fchendust<\/li>\n<\/ul>\n<p><strong>RATTAD<\/strong><\/p>\n<p>Valik standardina:<\/p>\n<ul>\n<li>P\u00f5llumajandus rehvid<\/li>\n<\/ul>\n<p>Valikuline:<\/p>\n<ul>\n<li>Muru rehvid<\/li>\n<li>T\u00f6\u00f6stuslikud rehvid<\/li>\n<\/ul>\n<p><strong>NB! Toote hind muutub s\u00f5ltuvalt valitud rehvidest ja lisadest.<\/strong><\/p>","protected":false},"excerpt":{"rendered":"<table style=\"border-collapse: collapse; width: 100%; height: 936px;\">\n<tbody>\n<tr style=\"height: 24px;\">\n<td style=\"width: 50%; height: 24px;\" colspan=\"2\"><strong>Mootor<\/strong><\/td>\n<\/tr>\n<tr style=\"height: 24px;\">\n<td style=\"width: 50%; height: 24px;\">Mudel<\/td>\n<td style=\"width: 50%; height: 24px;\">A1000N3<\/td>\n<\/tr>\n<tr style=\"height: 24px;\">\n<td style=\"width: 50%; height: 24px;\">T\u00fc\u00fcp<\/td>\n<td style=\"width: 50%; height: 24px;\">Vesijahutusega 3-silindriline diisel, STAGE V<\/td>\n<\/tr>\n<tr style=\"height: 24px;\">\n<td style=\"width: 50%; height: 24px;\">T\u00f6\u00f6maht, cc<\/td>\n<td style=\"width: 50%; height: 24px;\">1058<\/td>\n<\/tr>\n<tr style=\"height: 24px;\">\n<td style=\"width: 50%; height: 24px;\">V\u00f5imsus, hp\/kW<\/td>\n<td style=\"width: 50%; height: 24px;\">21\/15,3<\/td>\n<\/tr>\n<tr style=\"height: 24px;\">\n<td style=\"width: 50%; height: 24px;\">Nimip\u00f6\u00f6rded, rpm<\/td>\n<td style=\"width: 50%; height: 24px;\">2600<\/td>\n<\/tr>\n<tr style=\"height: 24px;\">\n<td style=\"width: 50%; height: 24px;\">P\u00f6\u00f6rdemoment, Nm @ rpm<\/td>\n<td style=\"width: 50%; height: 24px;\">62 @ 2100<\/td>\n<\/tr>\n<tr style=\"height: 24px;\">\n<td style=\"width: 50%; height: 24px;\">Fuel tank volume, l<\/td>\n<td style=\"width: 50%; height: 24px;\">23<\/td>\n<\/tr>\n<tr style=\"height: 24px;\">\n<td style=\"width: 50%; height: 24px;\">P\u00f5lemiss\u00fcsteem<\/td>\n<td style=\"width: 50%; height: 24px;\">Kaudne<\/td>\n<\/tr>\n<tr style=\"height: 24px;\">\n<td style=\"width: 50%; height: 24px;\">Aku, V<\/td>\n<td style=\"width: 50%; height: 24px;\">12<\/td>\n<\/tr>\n<tr style=\"height: 24px;\">\n<td style=\"width: 50%; height: 24px;\">\u00d5hu puhasti<\/td>\n<td style=\"width: 50%; height: 24px;\">Kuiv, elementaalne<\/td>\n<\/tr>\n<tr style=\"height: 24px;\">\n<td style=\"width: 50%; height: 24px;\" colspan=\"2\"><strong>S\u00f5idus\u00fcsteem<\/strong><\/td>\n<\/tr>\n<tr style=\"height: 24px;\">\n<td style=\"width: 50%; height: 24px;\">K\u00e4igukast<\/td>\n<td style=\"width: 50%; height: 24px;\">Mehaaniline<\/td>\n<\/tr>\n<tr style=\"height: 24px;\">\n<td style=\"width: 50%; height: 24px;\">K\u00e4igugrupid<\/td>\n<td style=\"width: 50%; height: 24px;\">6F\/2R<\/td>\n<\/tr>\n<tr style=\"height: 24px;\">\n<td style=\"width: 50%; height: 24px;\">Max kiirus, km\/h<\/td>\n<td style=\"width: 50%; height: 24px;\">19<\/td>\n<\/tr>\n<tr style=\"height: 24px;\">\n<td style=\"width: 50%; height: 24px;\">Ajamis\u00fcsteem<\/td>\n<td style=\"width: 50%; height: 24px;\">4WD<\/td>\n<\/tr>\n<tr style=\"height: 24px;\">\n<td style=\"width: 50%; height: 24px;\">Sidur<\/td>\n<td style=\"width: 50%; height: 24px;\">Kuiv, \u00fcks plaat<\/td>\n<\/tr>\n<tr style=\"height: 24px;\">\n<td style=\"width: 50%; height: 24px;\">Pidur<\/td>\n<td style=\"width: 50%; height: 24px;\">M\u00e4rg, multiketas<\/td>\n<\/tr>\n<tr style=\"height: 24px;\">\n<td style=\"width: 50%; height: 24px;\">Piiratud libisemisega differentsiaal<\/td>\n<td style=\"width: 50%; height: 24px;\">Taga<\/td>\n<\/tr>\n<tr style=\"height: 24px;\">\n<td style=\"width: 50%; height: 24px;\" colspan=\"2\"><strong>Rehvid<\/strong><\/td>\n<\/tr>\n<tr style=\"height: 24px;\">\n<td style=\"width: 50%; height: 24px;\">P\u00f5llumajandus, eesmised<\/td>\n<td style=\"width: 50%; height: 24px;\">6-12<\/td>\n<\/tr>\n<tr style=\"height: 24px;\">\n<td style=\"width: 50%; height: 24px;\">P\u00f5llumajandus, tagumised<\/td>\n<td style=\"width: 50%; height: 24px;\">9,5-16<\/td>\n<\/tr>\n<tr style=\"height: 24px;\">\n<td style=\"width: 50%; height: 24px;\">Muru, eesmised<\/td>\n<td style=\"width: 50%; height: 24px;\">23&#215;8,5&#215;12<\/td>\n<\/tr>\n<tr style=\"height: 24px;\">\n<td style=\"width: 50%; height: 24px;\">Muru, tagumised<\/td>\n<td style=\"width: 50%; height: 24px;\">33&#215;12,5-16,5<\/td>\n<\/tr>\n<tr style=\"height: 24px;\">\n<td style=\"width: 50%; height: 24px;\">T\u00f6\u00f6stuslikud, eesmised<\/td>\n<td style=\"width: 50%; height: 24px;\">23&#215;8,5&#215;12<\/td>\n<\/tr>\n<tr style=\"height: 24px;\">\n<td style=\"width: 50%; height: 24px;\">T\u00f6\u00f6stuslikud, tagumised<\/td>\n<td style=\"width: 50%; height: 24px;\">12-16,5<\/td>\n<\/tr>\n<tr style=\"height: 24px;\">\n<td style=\"width: 50%; height: 24px;\" colspan=\"2\"><strong>PTO<\/strong><\/td>\n<\/tr>\n<tr style=\"height: 24px;\">\n<td style=\"width: 50%; height: 24px;\">Tagumine PTO, rpm<\/td>\n<td style=\"width: 50%; height: 24px;\">540 ja 960<\/td>\n<\/tr>\n<tr style=\"height: 24px;\">\n<td style=\"width: 50%; height: 24px;\">Keskmine PTO, rpm<\/td>\n<td style=\"width: 50%; height: 24px;\">2600<\/td>\n<\/tr>\n<tr style=\"height: 24px;\">\n<td style=\"width: 50%; height: 24px;\" colspan=\"2\"><strong>H\u00fcdraulika s\u00fcsteem<\/strong><\/td>\n<\/tr>\n<tr style=\"height: 24px;\">\n<td style=\"width: 50%; height: 24px;\">Peamine, lpm<\/td>\n<td style=\"width: 50%; height: 24px;\">18,2<\/td>\n<\/tr>\n<tr style=\"height: 24px;\">\n<td style=\"width: 50%; height: 24px;\">Roolimine, lpm<\/td>\n<td style=\"width: 50%; height: 24px;\">13<\/td>\n<\/tr>\n<tr style=\"height: 24px;\">\n<td style=\"width: 50%; height: 24px;\">Roolimise kategooria<\/td>\n<td style=\"width: 50%; height: 24px;\">H\u00fcdrostaatiline rooliv\u00f5imendi<\/td>\n<\/tr>\n<tr style=\"height: 24px;\">\n<td style=\"width: 50%; height: 24px;\">Juhtimist\u00fc\u00fcp<\/td>\n<td style=\"width: 50%; height: 24px;\">Asendjuhtimine<\/td>\n<\/tr>\n<tr style=\"height: 24px;\">\n<td style=\"width: 50%; height: 24px;\">Kaugjuhitav h\u00fcdroventiil<\/td>\n<td style=\"width: 50%; height: 24px;\">1x kahetoimeline, tagumine<\/td>\n<\/tr>\n<tr style=\"height: 24px;\">\n<td style=\"width: 50%; height: 24px;\">Haakeseadme kategooria<\/td>\n<td style=\"width: 50%; height: 24px;\">Kategooria I<\/td>\n<\/tr>\n<tr style=\"height: 24px;\">\n<td style=\"width: 50%; height: 24px;\">Max t\u00f5ste j\u00f5ud, kg<\/td>\n<td style=\"width: 50%; height: 24px;\">650<\/td>\n<\/tr>\n<tr style=\"height: 24px;\">\n<td style=\"width: 50%; height: 24px;\" colspan=\"2\"><strong>M\u00f5\u00f5tmed<\/strong><\/td>\n<\/tr>\n<tr style=\"height: 24px;\">\n<td style=\"width: 50%; height: 24px;\">Pikkus, mm<\/td>\n<td style=\"width: 50%; height: 24px;\">3066<\/td>\n<\/tr>\n<tr>\n<td style=\"width: 50%;\">Laius, mm<\/td>\n<td style=\"width: 50%;\">1124<\/td>\n<\/tr>\n<tr>\n<td style=\"width: 50%;\">Altitude, mm<\/td>\n<td style=\"width: 50%;\">2216<\/td>\n<\/tr>\n<tr>\n<td style=\"width: 50%;\">Kliirens, mm<\/td>\n<td style=\"width: 50%;\">315<\/td>\n<\/tr>\n<tr>\n<td style=\"width: 50%;\">Teljevahe<\/td>\n<td style=\"width: 50%;\">1502<\/td>\n<\/tr>\n<tr>\n<td style=\"width: 50%;\">Kaal (ROPS ka), kg<\/td>\n<td style=\"width: 50%;\">770<\/td>\n<\/tr>\n<\/tbody>\n<\/table>","protected":false},"featured_media":20234,"template":"","meta":{"_acf_changed":false,"inline_featured_image":false},"product_brand":[],"product_cat":[172],"product_tag":[],"class_list":{"0":"post-20216","1":"product","2":"type-product","3":"status-publish","4":"has-post-thumbnail","6":"product_cat-traktorid","7":"product_shipping_class-diisel-joujaamad","8":"brand-shibaura","10":"first","11":"instock","12":"taxable","13":"shipping-taxable","14":"purchasable","15":"product-type-simple"},"acf":[],"yoast_head":"<!-- This site is optimized with the Yoast SEO plugin v26.2 - https:\/\/yoast.com\/wordpress\/plugins\/seo\/ -->\n<title>Shibaura SB22m - Genekas24<\/title>\n<meta name=\"robots\" content=\"index, follow, max-snippet:-1, max-image-preview:large, max-video-preview:-1\" \/>\n<link rel=\"canonical\" href=\"https:\/\/staging.genekas24.ee\/en\/product\/shibaura-sb22m\/\" \/>\n<meta property=\"og:locale\" content=\"en_GB\" \/>\n<meta property=\"og:type\" content=\"article\" \/>\n<meta property=\"og:title\" content=\"Shibaura SB22m - Genekas24\" \/>\n<meta property=\"og:description\" content=\"Mootor   Mudel A1000N3   T\u00fc\u00fcp Vesijahutusega 3-silindriline diisel, STAGE V   T\u00f6\u00f6maht, cc 1058   V\u00f5imsus, hp\/kW 21\/15,3   Nimip\u00f6\u00f6rded, rpm 2600   P\u00f6\u00f6rdemoment, Nm @ rpm 62 @ 2100   K\u00fctusepaagi maht, l 23   P\u00f5lemiss\u00fcsteem Kaudne   Aku, V 12   \u00d5hu puhasti Kuiv, elementaalne   S\u00f5idus\u00fcsteem   K\u00e4igukast Mehaaniline   K\u00e4igugrupid 6F\/2R   Max kiirus, km\/h 19   Ajamis\u00fcsteem 4WD   Sidur Kuiv, \u00fcks plaat   Pidur M\u00e4rg, multiketas   Piiratud libisemisega differentsiaal Taga   Rehvid   P\u00f5llumajandus, eesmised 6-12   P\u00f5llumajandus, tagumised 9,5-16   Muru, eesmised 23x8,5x12   Muru, tagumised 33x12,5-16,5   T\u00f6\u00f6stuslikud, eesmised 23x8,5x12   T\u00f6\u00f6stuslikud, tagumised 12-16,5   PTO   Tagumine PTO, rpm 540 ja 960   Keskmine PTO, rpm 2600   H\u00fcdraulika s\u00fcsteem   Peamine, lpm 18,2   Roolimine, lpm 13   Roolimise kategooria H\u00fcdrostaatiline rooliv\u00f5imendi   Juhtimist\u00fc\u00fcp Asendjuhtimine   Kaugjuhitav h\u00fcdroventiil 1x kahetoimeline, tagumine   Haakeseadme kategooria Kategooria I   Max t\u00f5ste j\u00f5ud, kg 650   M\u00f5\u00f5tmed   Pikkus, mm 3066   Laius, mm 1124   K\u00f5rgus, mm 2216   Kliirens, mm 315   Teljevahe 1502   Kaal (ROPS ka), kg 770\" \/>\n<meta property=\"og:url\" content=\"https:\/\/staging.genekas24.ee\/en\/product\/shibaura-sb22m\/\" \/>\n<meta property=\"og:site_name\" content=\"Genekas24\" \/>\n<meta property=\"article:modified_time\" content=\"2025-12-02T09:47:59+00:00\" \/>\n<meta property=\"og:image\" content=\"https:\/\/staging.genekas24.ee\/wp-content\/uploads\/2025\/08\/image00029-1024x683-1.jpeg\" \/>\n\t<meta property=\"og:image:width\" content=\"1024\" \/>\n\t<meta property=\"og:image:height\" content=\"683\" \/>\n\t<meta property=\"og:image:type\" content=\"image\/jpeg\" \/>\n<meta name=\"twitter:card\" content=\"summary_large_image\" \/>\n<meta name=\"twitter:label1\" content=\"Estimated reading time\" \/>\n\t<meta name=\"twitter:data1\" content=\"1 minute\" \/>\n<script type=\"application\/ld+json\" class=\"yoast-schema-graph\">{\"@context\":\"https:\/\/schema.org\",\"@graph\":[{\"@type\":\"WebPage\",\"@id\":\"https:\/\/staging.genekas24.ee\/toode\/shibaura-sb22m\/\",\"url\":\"https:\/\/staging.genekas24.ee\/toode\/shibaura-sb22m\/\",\"name\":\"Shibaura SB22m - Genekas24\",\"isPartOf\":{\"@id\":\"https:\/\/staging.genekas24.ee\/#website\"},\"primaryImageOfPage\":{\"@id\":\"https:\/\/staging.genekas24.ee\/toode\/shibaura-sb22m\/#primaryimage\"},\"image\":{\"@id\":\"https:\/\/staging.genekas24.ee\/toode\/shibaura-sb22m\/#primaryimage\"},\"thumbnailUrl\":\"https:\/\/staging.genekas24.ee\/wp-content\/uploads\/2025\/08\/image00029-1024x683-1.jpeg\",\"datePublished\":\"2025-08-05T12:01:19+00:00\",\"dateModified\":\"2025-12-02T09:47:59+00:00\",\"breadcrumb\":{\"@id\":\"https:\/\/staging.genekas24.ee\/toode\/shibaura-sb22m\/#breadcrumb\"},\"inLanguage\":\"en-GB\",\"potentialAction\":[{\"@type\":\"ReadAction\",\"target\":[\"https:\/\/staging.genekas24.ee\/toode\/shibaura-sb22m\/\"]}]},{\"@type\":\"ImageObject\",\"inLanguage\":\"en-GB\",\"@id\":\"https:\/\/staging.genekas24.ee\/toode\/shibaura-sb22m\/#primaryimage\",\"url\":\"https:\/\/staging.genekas24.ee\/wp-content\/uploads\/2025\/08\/image00029-1024x683-1.jpeg\",\"contentUrl\":\"https:\/\/staging.genekas24.ee\/wp-content\/uploads\/2025\/08\/image00029-1024x683-1.jpeg\",\"width\":1024,\"height\":683},{\"@type\":\"BreadcrumbList\",\"@id\":\"https:\/\/staging.genekas24.ee\/toode\/shibaura-sb22m\/#breadcrumb\",\"itemListElement\":[{\"@type\":\"ListItem\",\"position\":1,\"name\":\"Home\",\"item\":\"https:\/\/staging.genekas24.ee\/\"},{\"@type\":\"ListItem\",\"position\":2,\"name\":\"Pood\",\"item\":\"https:\/\/staging.genekas24.ee\/pood\/\"},{\"@type\":\"ListItem\",\"position\":3,\"name\":\"Shibaura SB22m\"}]},{\"@type\":\"WebSite\",\"@id\":\"https:\/\/staging.genekas24.ee\/#website\",\"url\":\"https:\/\/staging.genekas24.ee\/\",\"name\":\"Genekas24\",\"description\":\"Generaatorid | K&ouml;nner S&ouml;hnen tooted | Genekas24\",\"publisher\":{\"@id\":\"https:\/\/staging.genekas24.ee\/#organization\"},\"potentialAction\":[{\"@type\":\"SearchAction\",\"target\":{\"@type\":\"EntryPoint\",\"urlTemplate\":\"https:\/\/staging.genekas24.ee\/?s={search_term_string}\"},\"query-input\":{\"@type\":\"PropertyValueSpecification\",\"valueRequired\":true,\"valueName\":\"search_term_string\"}}],\"inLanguage\":\"en-GB\"},{\"@type\":\"Organization\",\"@id\":\"https:\/\/staging.genekas24.ee\/#organization\",\"name\":\"Genekas24\",\"url\":\"https:\/\/staging.genekas24.ee\/\",\"logo\":{\"@type\":\"ImageObject\",\"inLanguage\":\"en-GB\",\"@id\":\"https:\/\/staging.genekas24.ee\/#\/schema\/logo\/image\/\",\"url\":\"https:\/\/staging.genekas24.ee\/wp-content\/uploads\/2026\/01\/genekas24-logo_black.svg\",\"contentUrl\":\"https:\/\/staging.genekas24.ee\/wp-content\/uploads\/2026\/01\/genekas24-logo_black.svg\",\"width\":840,\"height\":131,\"caption\":\"Genekas24\"},\"image\":{\"@id\":\"https:\/\/staging.genekas24.ee\/#\/schema\/logo\/image\/\"}}]}<\/script>\n<!-- \/ Yoast SEO plugin. -->","yoast_head_json":{"title":"Shibaura SB22m - Genekas24","robots":{"index":"index","follow":"follow","max-snippet":"max-snippet:-1","max-image-preview":"max-image-preview:large","max-video-preview":"max-video-preview:-1"},"canonical":"https:\/\/staging.genekas24.ee\/en\/product\/shibaura-sb22m\/","og_locale":"en_GB","og_type":"article","og_title":"Shibaura SB22m - Genekas24","og_description":"Mootor   Mudel A1000N3   T\u00fc\u00fcp Vesijahutusega 3-silindriline diisel, STAGE V   T\u00f6\u00f6maht, cc 1058   V\u00f5imsus, hp\/kW 21\/15,3   Nimip\u00f6\u00f6rded, rpm 2600   P\u00f6\u00f6rdemoment, Nm @ rpm 62 @ 2100   K\u00fctusepaagi maht, l 23   P\u00f5lemiss\u00fcsteem Kaudne   Aku, V 12   \u00d5hu puhasti Kuiv, elementaalne   S\u00f5idus\u00fcsteem   K\u00e4igukast Mehaaniline   K\u00e4igugrupid 6F\/2R   Max kiirus, km\/h 19   Ajamis\u00fcsteem 4WD   Sidur Kuiv, \u00fcks plaat   Pidur M\u00e4rg, multiketas   Piiratud libisemisega differentsiaal Taga   Rehvid   P\u00f5llumajandus, eesmised 6-12   P\u00f5llumajandus, tagumised 9,5-16   Muru, eesmised 23x8,5x12   Muru, tagumised 33x12,5-16,5   T\u00f6\u00f6stuslikud, eesmised 23x8,5x12   T\u00f6\u00f6stuslikud, tagumised 12-16,5   PTO   Tagumine PTO, rpm 540 ja 960   Keskmine PTO, rpm 2600   H\u00fcdraulika s\u00fcsteem   Peamine, lpm 18,2   Roolimine, lpm 13   Roolimise kategooria H\u00fcdrostaatiline rooliv\u00f5imendi   Juhtimist\u00fc\u00fcp Asendjuhtimine   Kaugjuhitav h\u00fcdroventiil 1x kahetoimeline, tagumine   Haakeseadme kategooria Kategooria I   Max t\u00f5ste j\u00f5ud, kg 650   M\u00f5\u00f5tmed   Pikkus, mm 3066   Laius, mm 1124   K\u00f5rgus, mm 2216   Kliirens, mm 315   Teljevahe 1502   Kaal (ROPS ka), kg 770","og_url":"https:\/\/staging.genekas24.ee\/en\/product\/shibaura-sb22m\/","og_site_name":"Genekas24","article_modified_time":"2025-12-02T09:47:59+00:00","og_image":[{"width":1024,"height":683,"url":"https:\/\/staging.genekas24.ee\/wp-content\/uploads\/2025\/08\/image00029-1024x683-1.jpeg","type":"image\/jpeg"}],"twitter_card":"summary_large_image","twitter_misc":{"Estimated reading time":"1 minute"},"schema":{"@context":"https:\/\/schema.org","@graph":[{"@type":"WebPage","@id":"https:\/\/staging.genekas24.ee\/toode\/shibaura-sb22m\/","url":"https:\/\/staging.genekas24.ee\/toode\/shibaura-sb22m\/","name":"Shibaura SB22m - Genekas24","isPartOf":{"@id":"https:\/\/staging.genekas24.ee\/#website"},"primaryImageOfPage":{"@id":"https:\/\/staging.genekas24.ee\/toode\/shibaura-sb22m\/#primaryimage"},"image":{"@id":"https:\/\/staging.genekas24.ee\/toode\/shibaura-sb22m\/#primaryimage"},"thumbnailUrl":"https:\/\/staging.genekas24.ee\/wp-content\/uploads\/2025\/08\/image00029-1024x683-1.jpeg","datePublished":"2025-08-05T12:01:19+00:00","dateModified":"2025-12-02T09:47:59+00:00","breadcrumb":{"@id":"https:\/\/staging.genekas24.ee\/toode\/shibaura-sb22m\/#breadcrumb"},"inLanguage":"en-GB","potentialAction":[{"@type":"ReadAction","target":["https:\/\/staging.genekas24.ee\/toode\/shibaura-sb22m\/"]}]},{"@type":"ImageObject","inLanguage":"en-GB","@id":"https:\/\/staging.genekas24.ee\/toode\/shibaura-sb22m\/#primaryimage","url":"https:\/\/staging.genekas24.ee\/wp-content\/uploads\/2025\/08\/image00029-1024x683-1.jpeg","contentUrl":"https:\/\/staging.genekas24.ee\/wp-content\/uploads\/2025\/08\/image00029-1024x683-1.jpeg","width":1024,"height":683},{"@type":"BreadcrumbList","@id":"https:\/\/staging.genekas24.ee\/toode\/shibaura-sb22m\/#breadcrumb","itemListElement":[{"@type":"ListItem","position":1,"name":"Home","item":"https:\/\/staging.genekas24.ee\/"},{"@type":"ListItem","position":2,"name":"Pood","item":"https:\/\/staging.genekas24.ee\/pood\/"},{"@type":"ListItem","position":3,"name":"Shibaura SB22m"}]},{"@type":"WebSite","@id":"https:\/\/staging.genekas24.ee\/#website","url":"https:\/\/staging.genekas24.ee\/","name":"Genekas24","description":"Generaatorid | K&ouml;nner S&ouml;hnen tooted | Genekas24","publisher":{"@id":"https:\/\/staging.genekas24.ee\/#organization"},"potentialAction":[{"@type":"SearchAction","target":{"@type":"EntryPoint","urlTemplate":"https:\/\/staging.genekas24.ee\/?s={search_term_string}"},"query-input":{"@type":"PropertyValueSpecification","valueRequired":true,"valueName":"search_term_string"}}],"inLanguage":"en-GB"},{"@type":"Organization","@id":"https:\/\/staging.genekas24.ee\/#organization","name":"Genekas24","url":"https:\/\/staging.genekas24.ee\/","logo":{"@type":"ImageObject","inLanguage":"en-GB","@id":"https:\/\/staging.genekas24.ee\/#\/schema\/logo\/image\/","url":"https:\/\/staging.genekas24.ee\/wp-content\/uploads\/2026\/01\/genekas24-logo_black.svg","contentUrl":"https:\/\/staging.genekas24.ee\/wp-content\/uploads\/2026\/01\/genekas24-logo_black.svg","width":840,"height":131,"caption":"Genekas24"},"image":{"@id":"https:\/\/staging.genekas24.ee\/#\/schema\/logo\/image\/"}}]}},"_links":{"self":[{"href":"https:\/\/staging.genekas24.ee\/en\/wp-json\/wp\/v2\/product\/20216","targetHints":{"allow":["GET"]}}],"collection":[{"href":"https:\/\/staging.genekas24.ee\/en\/wp-json\/wp\/v2\/product"}],"about":[{"href":"https:\/\/staging.genekas24.ee\/en\/wp-json\/wp\/v2\/types\/product"}],"version-history":[{"count":1,"href":"https:\/\/staging.genekas24.ee\/en\/wp-json\/wp\/v2\/product\/20216\/revisions"}],"predecessor-version":[{"id":20217,"href":"https:\/\/staging.genekas24.ee\/en\/wp-json\/wp\/v2\/product\/20216\/revisions\/20217"}],"wp:featuredmedia":[{"embeddable":true,"href":"https:\/\/staging.genekas24.ee\/en\/wp-json\/wp\/v2\/media\/20234"}],"wp:attachment":[{"href":"https:\/\/staging.genekas24.ee\/en\/wp-json\/wp\/v2\/media?parent=20216"}],"wp:term":[{"taxonomy":"product_brand","embeddable":true,"href":"https:\/\/staging.genekas24.ee\/en\/wp-json\/wp\/v2\/product_brand?post=20216"},{"taxonomy":"product_cat","embeddable":true,"href":"https:\/\/staging.genekas24.ee\/en\/wp-json\/wp\/v2\/product_cat?post=20216"},{"taxonomy":"product_tag","embeddable":true,"href":"https:\/\/staging.genekas24.ee\/en\/wp-json\/wp\/v2\/product_tag?post=20216"}],"curies":[{"name":"wp","href":"https:\/\/api.w.org\/{rel}","templated":true}]}}