{"id":20158,"date":"2025-08-05T12:40:42","date_gmt":"2025-08-05T12:40:42","guid":{"rendered":"https:\/\/staging.genekas24.ee\/?post_type=product&#038;p=20158"},"modified":"2025-12-02T09:47:58","modified_gmt":"2025-12-02T09:47:58","slug":"mitsubishi-mtu26rh","status":"publish","type":"product","link":"https:\/\/staging.genekas24.ee\/en\/product\/mitsubishi-mtu26rh\/","title":{"rendered":"Mitsubishi MTU26RH"},"content":{"rendered":"<p>Mitsubishi MTU26R on t\u00e4ielikult Jaapanis toodetud ja varustatud v\u00f5imsa 3-silindrilise diiselmootoriga, mis annab 24,7 hj ja t\u00f6\u00f6mahuga 1318 cm\u00b3.<\/p>\n<p>Vaikne ja minimaalse vibratsiooniga mootor stabiliseerib p\u00f6\u00f6rdemomenti.<\/p>\n<p>Mehaanilise ajamiga MTU26R-l on elektriline, iseseisvalt l\u00fclitatav j\u00f5uv\u00f5ll.<\/p>\n<p>Selge armatuurlaud aitab tagada ohutu ja mugava t\u00f6\u00f6.<\/p>\n<p>Suured rattad tagavad piisava kliirensi, stabiilsuse ja haarduvuse isegi keerulisel maastikul.<\/p>\n<p>Lihtsalt avatav kapott v\u00f5imaldab h\u00f5lpsat juurdep\u00e4\u00e4su sellistele osadele nagu aku, radiaatoriv\u00f5re, \u00f5hufilter, jahutusvedeliku paak ja mootori\u00f5li taseme n\u00e4idik, mis teeb hoolduse kiireks ja lihtsaks.<\/p>\n<p>Mitsubishi MTU26-s on \u00fchendatud v\u00f5imsus, mugavus ja kasutusmugavus.<\/p>\n<p><strong>LISAD<\/strong><\/p>\n<ul>\n<li>Eesmine t\u00f5stuk<\/li>\n<li>Eesmine PTO<\/li>\n<li>Esilaadur(paralleel t\u00f5stukiga ja ilma)<\/li>\n<li>Kopp 140cm<\/li>\n<li>Soojendusega kabiin<\/li>\n<\/ul>\n<p><strong>RATTAD<\/strong><\/p>\n<ul>\n<li>Muru rehvid<\/li>\n<li>P\u00f5llu rehvid<\/li>\n<li>Laiad p\u00f5llu rehvid<\/li>\n<\/ul>\n<p><strong>NB! Toote hind muutub s\u00f5ltuvalt valitud rehvidest ja lisadest.<\/strong><\/p>","protected":false},"excerpt":{"rendered":"<table style=\"border-collapse: collapse; width: 100%; height: 897px;\">\n<tbody>\n<tr style=\"height: 10px;\">\n<td style=\"width: 50%; height: 10px;\" colspan=\"2\"><strong>Mootor<\/strong><\/td>\n<\/tr>\n<tr style=\"height: 24px;\">\n<td style=\"width: 50%; height: 24px;\">T\u00fc\u00fcp<\/td>\n<td style=\"width: 50%; height: 24px;\">vesijahutusega diisel<\/td>\n<\/tr>\n<tr style=\"height: 24px;\">\n<td style=\"width: 50%; height: 24px;\">V\u00f5imsus, hp<\/td>\n<td style=\"width: 50%; height: 24px;\">24,7<\/td>\n<\/tr>\n<tr style=\"height: 24px;\">\n<td style=\"width: 50%; height: 24px;\">Silindrite arv<\/td>\n<td style=\"width: 50%; height: 24px;\">3<\/td>\n<\/tr>\n<tr style=\"height: 24px;\">\n<td style=\"width: 50%; height: 24px;\">T\u00f6\u00f6maht, cc<\/td>\n<td style=\"width: 50%; height: 24px;\">1318<\/td>\n<\/tr>\n<tr style=\"height: 24px;\">\n<td style=\"width: 50%; height: 24px;\">P\u00f6\u00f6rdekiirus, rpm<\/td>\n<td style=\"width: 50%; height: 24px;\">2500<\/td>\n<\/tr>\n<tr style=\"height: 24px;\">\n<td style=\"width: 50%; height: 24px;\">PTO v\u00f5imsus, hp<\/td>\n<td style=\"width: 50%; height: 24px;\">18,5<\/td>\n<\/tr>\n<tr style=\"height: 24px;\">\n<td style=\"width: 50%; height: 24px;\" colspan=\"2\"><strong>K\u00fctuses\u00fcsteem<\/strong><\/td>\n<\/tr>\n<tr style=\"height: 24px;\">\n<td style=\"width: 50%; height: 24px;\">Paagi mahutavus, l<\/td>\n<td style=\"width: 50%; height: 24px;\">27<\/td>\n<\/tr>\n<tr style=\"height: 24px;\">\n<td style=\"width: 50%; height: 24px;\">Sissepritse t\u00fc\u00fcp<\/td>\n<td style=\"width: 50%; height: 24px;\">kaudne diisli sissepritse<\/td>\n<\/tr>\n<tr style=\"height: 24px;\">\n<td style=\"width: 50%; height: 24px;\" colspan=\"2\"><strong>J\u00f5u\u00fclekanne<\/strong><\/td>\n<\/tr>\n<tr style=\"height: 24px;\">\n<td style=\"width: 50%; height: 24px;\">K\u00e4igukasti t\u00fc\u00fcp<\/td>\n<td style=\"width: 50%; height: 24px;\">K\u00e4ik<\/td>\n<\/tr>\n<tr style=\"height: 24px;\">\n<td style=\"width: 50%; height: 24px;\">Kiirus(k\u00e4ik F\/R)<\/td>\n<td style=\"width: 50%; height: 24px;\">8\/8 (synchro shuttle)<\/td>\n<\/tr>\n<tr style=\"height: 24px;\">\n<td style=\"width: 50%; height: 24px;\">Pidurid<\/td>\n<td style=\"width: 50%; height: 24px;\">m\u00e4rg ketas<\/td>\n<\/tr>\n<tr style=\"height: 24px;\">\n<td style=\"width: 50%; height: 24px;\" colspan=\"2\"><strong>H\u00fcdraulika<\/strong><\/td>\n<\/tr>\n<tr style=\"height: 24px;\">\n<td style=\"width: 50%; height: 24px;\">Asendi kontroll<\/td>\n<td style=\"width: 50%; height: 24px;\">standard<\/td>\n<\/tr>\n<tr style=\"height: 24px;\">\n<td style=\"width: 50%; height: 24px;\">H\u00fcdraulilise pumba mahutavus, l\/min<\/td>\n<td style=\"width: 50%; height: 24px;\">28,5<\/td>\n<\/tr>\n<tr style=\"height: 24px;\">\n<td style=\"width: 50%; height: 24px;\">H\u00fcdraulilise pumba max surve, bar<\/td>\n<td style=\"width: 50%; height: 24px;\">155<\/td>\n<\/tr>\n<tr style=\"height: 24px;\">\n<td style=\"width: 50%; height: 24px;\">Roolimispumba mahutavus, l\/min<\/td>\n<td style=\"width: 50%; height: 24px;\">12,2<\/td>\n<\/tr>\n<tr style=\"height: 24px;\">\n<td style=\"width: 50%; height: 24px;\">Roolimispumba max surve, bar<\/td>\n<td style=\"width: 50%; height: 24px;\">105<\/td>\n<\/tr>\n<tr style=\"height: 24px;\">\n<td style=\"width: 50%; height: 24px;\">Abiventiil<\/td>\n<td style=\"width: 50%; height: 24px;\">valikus<\/td>\n<\/tr>\n<tr style=\"height: 24px;\">\n<td style=\"width: 50%; height: 24px;\" colspan=\"2\"><strong>PTO<\/strong><\/td>\n<\/tr>\n<tr style=\"height: 24px;\">\n<td style=\"width: 50%; height: 24px;\">T\u00fc\u00fcp<\/td>\n<td style=\"width: 50%; height: 24px;\">iseseisev<\/td>\n<\/tr>\n<tr style=\"height: 24px;\">\n<td style=\"width: 50%; height: 24px;\">Tagumise PTO rpm<\/td>\n<td style=\"width: 50%; height: 24px;\">540\/1000<\/td>\n<\/tr>\n<tr style=\"height: 24px;\">\n<td style=\"width: 50%; height: 24px;\">Tagumise PTO v\u00f5lli suurus<\/td>\n<td style=\"width: 50%; height: 24px;\">1-3\/8<\/td>\n<\/tr>\n<tr style=\"height: 24px;\">\n<td style=\"width: 50%; height: 24px;\" colspan=\"2\"><strong>Roolimine<\/strong><\/td>\n<\/tr>\n<tr style=\"height: 24px;\">\n<td style=\"width: 50%; height: 24px;\">Rooliv\u00f5imendi<\/td>\n<td style=\"width: 50%; height: 24px;\">h\u00fcdrostaatiline<\/td>\n<\/tr>\n<tr style=\"height: 24px;\">\n<td style=\"width: 50%; height: 24px;\">P\u00f6\u00f6rderaadius (P\u00f5llu rehvid\/pidur), m<\/td>\n<td style=\"width: 50%; height: 24px;\">2,4<\/td>\n<\/tr>\n<tr style=\"height: 24px;\">\n<td style=\"width: 50%; height: 24px;\" colspan=\"2\"><strong>Haakeseade<\/strong><\/td>\n<\/tr>\n<tr style=\"height: 24px;\">\n<td style=\"width: 50%; height: 24px;\">T\u00fc\u00fcp<\/td>\n<td style=\"width: 50%; height: 24px;\">Kategooria I<\/td>\n<\/tr>\n<tr style=\"height: 24px;\">\n<td style=\"width: 50%; height: 24px;\">Haakekuuli t\u00f5stev\u00f5ime, kg<\/td>\n<td style=\"width: 50%; height: 24px;\">1200<\/td>\n<\/tr>\n<tr style=\"height: 23px;\">\n<td style=\"width: 50%; height: 23px;\" colspan=\"2\"><strong>Rehvid<\/strong><\/td>\n<\/tr>\n<tr style=\"height: 24px;\">\n<td style=\"width: 50%; height: 24px;\">P\u00f5llurehvid eesmised<\/td>\n<td style=\"width: 50%; height: 24px;\">7-16<\/td>\n<\/tr>\n<tr style=\"height: 24px;\">\n<td style=\"width: 50%; height: 24px;\">P\u00f5llurehvid tagumised<\/td>\n<td style=\"width: 50%; height: 24px;\">11,2-24<\/td>\n<\/tr>\n<tr style=\"height: 24px;\">\n<td style=\"width: 50%; height: 24px;\">Mururehvid eesmised<\/td>\n<td style=\"width: 50%; height: 24px;\">212\/80D15<\/td>\n<\/tr>\n<tr style=\"height: 24px;\">\n<td style=\"width: 50%; height: 24px;\">Mururehvid tagumised<\/td>\n<td style=\"width: 50%; height: 24px;\">355\/80D20<\/td>\n<\/tr>\n<tr style=\"height: 24px;\">\n<td style=\"width: 50%; height: 24px;\" colspan=\"2\"><strong>M\u00f5\u00f5dud (P\u00f5llurehvidega)<\/strong><\/td>\n<\/tr>\n<tr style=\"height: 24px;\">\n<td style=\"width: 50%; height: 24px;\">Teljevahe, mm<\/td>\n<td style=\"width: 50%; height: 24px;\">1710<\/td>\n<\/tr>\n<tr>\n<td style=\"width: 50%;\">Kogu laius, mm<\/td>\n<td style=\"width: 50%;\">1400<\/td>\n<\/tr>\n<tr>\n<td style=\"width: 50%;\">Kogu pikkus, mm<\/td>\n<td style=\"width: 50%;\">3190<\/td>\n<\/tr>\n<tr>\n<td style=\"width: 50%;\">Altitude, mm<\/td>\n<td style=\"width: 50%;\">2389<\/td>\n<\/tr>\n<tr>\n<td style=\"width: 50%;\">Kliirens, mm<\/td>\n<td style=\"width: 50%;\">325<\/td>\n<\/tr>\n<tr>\n<td style=\"width: 50%;\">Weight, kg<\/td>\n<td style=\"width: 50%;\">1176<\/td>\n<\/tr>\n<\/tbody>\n<\/table>","protected":false},"featured_media":20227,"template":"","meta":{"_acf_changed":false,"inline_featured_image":false},"product_brand":[],"product_cat":[172],"product_tag":[],"class_list":{"0":"post-20158","1":"product","2":"type-product","3":"status-publish","4":"has-post-thumbnail","6":"product_cat-traktorid","7":"product_shipping_class-diisel-joujaamad","8":"brand-mitsubishi","10":"first","11":"instock","12":"taxable","13":"shipping-taxable","14":"purchasable","15":"product-type-simple"},"acf":[],"yoast_head":"<!-- This site is optimized with the Yoast SEO plugin v26.2 - https:\/\/yoast.com\/wordpress\/plugins\/seo\/ -->\n<title>Mitsubishi MTU26RH - Genekas24<\/title>\n<meta name=\"robots\" content=\"index, follow, max-snippet:-1, max-image-preview:large, max-video-preview:-1\" \/>\n<link rel=\"canonical\" href=\"https:\/\/staging.genekas24.ee\/en\/product\/mitsubishi-mtu26rh\/\" \/>\n<meta property=\"og:locale\" content=\"en_GB\" \/>\n<meta property=\"og:type\" content=\"article\" \/>\n<meta property=\"og:title\" content=\"Mitsubishi MTU26RH - Genekas24\" \/>\n<meta property=\"og:description\" content=\"Mootor   T\u00fc\u00fcp vesijahutusega diisel   V\u00f5imsus, hp 24,7   Silindrite arv 3   T\u00f6\u00f6maht, cc 1318   P\u00f6\u00f6rdekiirus, rpm 2500   PTO v\u00f5imsus, hp 18,5   K\u00fctuses\u00fcsteem   Paagi mahutavus, l 27   Sissepritse t\u00fc\u00fcp kaudne diisli sissepritse   J\u00f5u\u00fclekanne   K\u00e4igukasti t\u00fc\u00fcp K\u00e4ik   Kiirus(k\u00e4ik F\/R) 8\/8 (synchro shuttle)   Pidurid m\u00e4rg ketas   H\u00fcdraulika   Asendi kontroll standard   H\u00fcdraulilise pumba mahutavus, l\/min 28,5   H\u00fcdraulilise pumba max surve, bar 155   Roolimispumba mahutavus, l\/min 12,2   Roolimispumba max surve, bar 105   Abiventiil valikus   PTO   T\u00fc\u00fcp iseseisev   Tagumise PTO rpm 540\/1000   Tagumise PTO v\u00f5lli suurus 1-3\/8   Roolimine   Rooliv\u00f5imendi h\u00fcdrostaatiline   P\u00f6\u00f6rderaadius (P\u00f5llu rehvid\/pidur), m 2,4   Haakeseade   T\u00fc\u00fcp Kategooria I   Haakekuuli t\u00f5stev\u00f5ime, kg 1200   Rehvid   P\u00f5llurehvid eesmised 7-16   P\u00f5llurehvid tagumised 11,2-24   Mururehvid eesmised 212\/80D15   Mururehvid tagumised 355\/80D20   M\u00f5\u00f5dud (P\u00f5llurehvidega)   Teljevahe, mm 1710   Kogu laius, mm 1400   Kogu pikkus, mm 3190   K\u00f5rgus, mm 2389   Kliirens, mm 325   Kaal, kg 1176\" \/>\n<meta property=\"og:url\" content=\"https:\/\/staging.genekas24.ee\/en\/product\/mitsubishi-mtu26rh\/\" \/>\n<meta property=\"og:site_name\" content=\"Genekas24\" \/>\n<meta property=\"article:modified_time\" content=\"2025-12-02T09:47:58+00:00\" \/>\n<meta property=\"og:image\" content=\"https:\/\/staging.genekas24.ee\/wp-content\/uploads\/2025\/08\/MTU26RH-11-1024x683-1.jpeg\" \/>\n\t<meta property=\"og:image:width\" content=\"1024\" \/>\n\t<meta property=\"og:image:height\" content=\"683\" \/>\n\t<meta property=\"og:image:type\" content=\"image\/jpeg\" \/>\n<meta name=\"twitter:card\" content=\"summary_large_image\" \/>\n<meta name=\"twitter:label1\" content=\"Estimated reading time\" \/>\n\t<meta name=\"twitter:data1\" content=\"1 minute\" \/>\n<script type=\"application\/ld+json\" class=\"yoast-schema-graph\">{\"@context\":\"https:\/\/schema.org\",\"@graph\":[{\"@type\":\"WebPage\",\"@id\":\"https:\/\/staging.genekas24.ee\/toode\/mitsubishi-mtu26rh\/\",\"url\":\"https:\/\/staging.genekas24.ee\/toode\/mitsubishi-mtu26rh\/\",\"name\":\"Mitsubishi MTU26RH - Genekas24\",\"isPartOf\":{\"@id\":\"https:\/\/staging.genekas24.ee\/#website\"},\"primaryImageOfPage\":{\"@id\":\"https:\/\/staging.genekas24.ee\/toode\/mitsubishi-mtu26rh\/#primaryimage\"},\"image\":{\"@id\":\"https:\/\/staging.genekas24.ee\/toode\/mitsubishi-mtu26rh\/#primaryimage\"},\"thumbnailUrl\":\"https:\/\/staging.genekas24.ee\/wp-content\/uploads\/2025\/08\/MTU26RH-11-1024x683-1.jpeg\",\"datePublished\":\"2025-08-05T12:40:42+00:00\",\"dateModified\":\"2025-12-02T09:47:58+00:00\",\"breadcrumb\":{\"@id\":\"https:\/\/staging.genekas24.ee\/toode\/mitsubishi-mtu26rh\/#breadcrumb\"},\"inLanguage\":\"en-GB\",\"potentialAction\":[{\"@type\":\"ReadAction\",\"target\":[\"https:\/\/staging.genekas24.ee\/toode\/mitsubishi-mtu26rh\/\"]}]},{\"@type\":\"ImageObject\",\"inLanguage\":\"en-GB\",\"@id\":\"https:\/\/staging.genekas24.ee\/toode\/mitsubishi-mtu26rh\/#primaryimage\",\"url\":\"https:\/\/staging.genekas24.ee\/wp-content\/uploads\/2025\/08\/MTU26RH-11-1024x683-1.jpeg\",\"contentUrl\":\"https:\/\/staging.genekas24.ee\/wp-content\/uploads\/2025\/08\/MTU26RH-11-1024x683-1.jpeg\",\"width\":1024,\"height\":683},{\"@type\":\"BreadcrumbList\",\"@id\":\"https:\/\/staging.genekas24.ee\/toode\/mitsubishi-mtu26rh\/#breadcrumb\",\"itemListElement\":[{\"@type\":\"ListItem\",\"position\":1,\"name\":\"Home\",\"item\":\"https:\/\/staging.genekas24.ee\/\"},{\"@type\":\"ListItem\",\"position\":2,\"name\":\"Pood\",\"item\":\"https:\/\/staging.genekas24.ee\/pood\/\"},{\"@type\":\"ListItem\",\"position\":3,\"name\":\"Mitsubishi MTU26RH\"}]},{\"@type\":\"WebSite\",\"@id\":\"https:\/\/staging.genekas24.ee\/#website\",\"url\":\"https:\/\/staging.genekas24.ee\/\",\"name\":\"Genekas24\",\"description\":\"Generaatorid | K&ouml;nner S&ouml;hnen tooted | Genekas24\",\"publisher\":{\"@id\":\"https:\/\/staging.genekas24.ee\/#organization\"},\"potentialAction\":[{\"@type\":\"SearchAction\",\"target\":{\"@type\":\"EntryPoint\",\"urlTemplate\":\"https:\/\/staging.genekas24.ee\/?s={search_term_string}\"},\"query-input\":{\"@type\":\"PropertyValueSpecification\",\"valueRequired\":true,\"valueName\":\"search_term_string\"}}],\"inLanguage\":\"en-GB\"},{\"@type\":\"Organization\",\"@id\":\"https:\/\/staging.genekas24.ee\/#organization\",\"name\":\"Genekas24\",\"url\":\"https:\/\/staging.genekas24.ee\/\",\"logo\":{\"@type\":\"ImageObject\",\"inLanguage\":\"en-GB\",\"@id\":\"https:\/\/staging.genekas24.ee\/#\/schema\/logo\/image\/\",\"url\":\"https:\/\/staging.genekas24.ee\/wp-content\/uploads\/2026\/01\/genekas24-logo_black.svg\",\"contentUrl\":\"https:\/\/staging.genekas24.ee\/wp-content\/uploads\/2026\/01\/genekas24-logo_black.svg\",\"width\":840,\"height\":131,\"caption\":\"Genekas24\"},\"image\":{\"@id\":\"https:\/\/staging.genekas24.ee\/#\/schema\/logo\/image\/\"}}]}<\/script>\n<!-- \/ Yoast SEO plugin. -->","yoast_head_json":{"title":"Mitsubishi MTU26RH - Genekas24","robots":{"index":"index","follow":"follow","max-snippet":"max-snippet:-1","max-image-preview":"max-image-preview:large","max-video-preview":"max-video-preview:-1"},"canonical":"https:\/\/staging.genekas24.ee\/en\/product\/mitsubishi-mtu26rh\/","og_locale":"en_GB","og_type":"article","og_title":"Mitsubishi MTU26RH - Genekas24","og_description":"Mootor   T\u00fc\u00fcp vesijahutusega diisel   V\u00f5imsus, hp 24,7   Silindrite arv 3   T\u00f6\u00f6maht, cc 1318   P\u00f6\u00f6rdekiirus, rpm 2500   PTO v\u00f5imsus, hp 18,5   K\u00fctuses\u00fcsteem   Paagi mahutavus, l 27   Sissepritse t\u00fc\u00fcp kaudne diisli sissepritse   J\u00f5u\u00fclekanne   K\u00e4igukasti t\u00fc\u00fcp K\u00e4ik   Kiirus(k\u00e4ik F\/R) 8\/8 (synchro shuttle)   Pidurid m\u00e4rg ketas   H\u00fcdraulika   Asendi kontroll standard   H\u00fcdraulilise pumba mahutavus, l\/min 28,5   H\u00fcdraulilise pumba max surve, bar 155   Roolimispumba mahutavus, l\/min 12,2   Roolimispumba max surve, bar 105   Abiventiil valikus   PTO   T\u00fc\u00fcp iseseisev   Tagumise PTO rpm 540\/1000   Tagumise PTO v\u00f5lli suurus 1-3\/8   Roolimine   Rooliv\u00f5imendi h\u00fcdrostaatiline   P\u00f6\u00f6rderaadius (P\u00f5llu rehvid\/pidur), m 2,4   Haakeseade   T\u00fc\u00fcp Kategooria I   Haakekuuli t\u00f5stev\u00f5ime, kg 1200   Rehvid   P\u00f5llurehvid eesmised 7-16   P\u00f5llurehvid tagumised 11,2-24   Mururehvid eesmised 212\/80D15   Mururehvid tagumised 355\/80D20   M\u00f5\u00f5dud (P\u00f5llurehvidega)   Teljevahe, mm 1710   Kogu laius, mm 1400   Kogu pikkus, mm 3190   K\u00f5rgus, mm 2389   Kliirens, mm 325   Kaal, kg 1176","og_url":"https:\/\/staging.genekas24.ee\/en\/product\/mitsubishi-mtu26rh\/","og_site_name":"Genekas24","article_modified_time":"2025-12-02T09:47:58+00:00","og_image":[{"width":1024,"height":683,"url":"https:\/\/staging.genekas24.ee\/wp-content\/uploads\/2025\/08\/MTU26RH-11-1024x683-1.jpeg","type":"image\/jpeg"}],"twitter_card":"summary_large_image","twitter_misc":{"Estimated reading time":"1 minute"},"schema":{"@context":"https:\/\/schema.org","@graph":[{"@type":"WebPage","@id":"https:\/\/staging.genekas24.ee\/toode\/mitsubishi-mtu26rh\/","url":"https:\/\/staging.genekas24.ee\/toode\/mitsubishi-mtu26rh\/","name":"Mitsubishi MTU26RH - Genekas24","isPartOf":{"@id":"https:\/\/staging.genekas24.ee\/#website"},"primaryImageOfPage":{"@id":"https:\/\/staging.genekas24.ee\/toode\/mitsubishi-mtu26rh\/#primaryimage"},"image":{"@id":"https:\/\/staging.genekas24.ee\/toode\/mitsubishi-mtu26rh\/#primaryimage"},"thumbnailUrl":"https:\/\/staging.genekas24.ee\/wp-content\/uploads\/2025\/08\/MTU26RH-11-1024x683-1.jpeg","datePublished":"2025-08-05T12:40:42+00:00","dateModified":"2025-12-02T09:47:58+00:00","breadcrumb":{"@id":"https:\/\/staging.genekas24.ee\/toode\/mitsubishi-mtu26rh\/#breadcrumb"},"inLanguage":"en-GB","potentialAction":[{"@type":"ReadAction","target":["https:\/\/staging.genekas24.ee\/toode\/mitsubishi-mtu26rh\/"]}]},{"@type":"ImageObject","inLanguage":"en-GB","@id":"https:\/\/staging.genekas24.ee\/toode\/mitsubishi-mtu26rh\/#primaryimage","url":"https:\/\/staging.genekas24.ee\/wp-content\/uploads\/2025\/08\/MTU26RH-11-1024x683-1.jpeg","contentUrl":"https:\/\/staging.genekas24.ee\/wp-content\/uploads\/2025\/08\/MTU26RH-11-1024x683-1.jpeg","width":1024,"height":683},{"@type":"BreadcrumbList","@id":"https:\/\/staging.genekas24.ee\/toode\/mitsubishi-mtu26rh\/#breadcrumb","itemListElement":[{"@type":"ListItem","position":1,"name":"Home","item":"https:\/\/staging.genekas24.ee\/"},{"@type":"ListItem","position":2,"name":"Pood","item":"https:\/\/staging.genekas24.ee\/pood\/"},{"@type":"ListItem","position":3,"name":"Mitsubishi MTU26RH"}]},{"@type":"WebSite","@id":"https:\/\/staging.genekas24.ee\/#website","url":"https:\/\/staging.genekas24.ee\/","name":"Genekas24","description":"Generaatorid | K&ouml;nner S&ouml;hnen tooted | Genekas24","publisher":{"@id":"https:\/\/staging.genekas24.ee\/#organization"},"potentialAction":[{"@type":"SearchAction","target":{"@type":"EntryPoint","urlTemplate":"https:\/\/staging.genekas24.ee\/?s={search_term_string}"},"query-input":{"@type":"PropertyValueSpecification","valueRequired":true,"valueName":"search_term_string"}}],"inLanguage":"en-GB"},{"@type":"Organization","@id":"https:\/\/staging.genekas24.ee\/#organization","name":"Genekas24","url":"https:\/\/staging.genekas24.ee\/","logo":{"@type":"ImageObject","inLanguage":"en-GB","@id":"https:\/\/staging.genekas24.ee\/#\/schema\/logo\/image\/","url":"https:\/\/staging.genekas24.ee\/wp-content\/uploads\/2026\/01\/genekas24-logo_black.svg","contentUrl":"https:\/\/staging.genekas24.ee\/wp-content\/uploads\/2026\/01\/genekas24-logo_black.svg","width":840,"height":131,"caption":"Genekas24"},"image":{"@id":"https:\/\/staging.genekas24.ee\/#\/schema\/logo\/image\/"}}]}},"_links":{"self":[{"href":"https:\/\/staging.genekas24.ee\/en\/wp-json\/wp\/v2\/product\/20158","targetHints":{"allow":["GET"]}}],"collection":[{"href":"https:\/\/staging.genekas24.ee\/en\/wp-json\/wp\/v2\/product"}],"about":[{"href":"https:\/\/staging.genekas24.ee\/en\/wp-json\/wp\/v2\/types\/product"}],"version-history":[{"count":3,"href":"https:\/\/staging.genekas24.ee\/en\/wp-json\/wp\/v2\/product\/20158\/revisions"}],"predecessor-version":[{"id":20252,"href":"https:\/\/staging.genekas24.ee\/en\/wp-json\/wp\/v2\/product\/20158\/revisions\/20252"}],"wp:featuredmedia":[{"embeddable":true,"href":"https:\/\/staging.genekas24.ee\/en\/wp-json\/wp\/v2\/media\/20227"}],"wp:attachment":[{"href":"https:\/\/staging.genekas24.ee\/en\/wp-json\/wp\/v2\/media?parent=20158"}],"wp:term":[{"taxonomy":"product_brand","embeddable":true,"href":"https:\/\/staging.genekas24.ee\/en\/wp-json\/wp\/v2\/product_brand?post=20158"},{"taxonomy":"product_cat","embeddable":true,"href":"https:\/\/staging.genekas24.ee\/en\/wp-json\/wp\/v2\/product_cat?post=20158"},{"taxonomy":"product_tag","embeddable":true,"href":"https:\/\/staging.genekas24.ee\/en\/wp-json\/wp\/v2\/product_tag?post=20158"}],"curies":[{"name":"wp","href":"https:\/\/api.w.org\/{rel}","templated":true}]}}