{"id":19384,"date":"2025-06-13T07:47:42","date_gmt":"2025-06-13T07:47:42","guid":{"rendered":"https:\/\/staging.genekas24.ee\/?post_type=product&#038;p=19384"},"modified":"2025-09-05T10:11:45","modified_gmt":"2025-09-05T10:11:45","slug":"1-4-3-8-ja-1-2-176-osaline-padrunvotmete-komplekt","status":"publish","type":"product","link":"https:\/\/staging.genekas24.ee\/en\/product\/1-4-3-8-ja-1-2-176-osaline-padrunvotmete-komplekt\/","title":{"rendered":"Gson 1\/4\u201d, 3\/8\u201d ja 1\/2\u201d 176-osaline padrunv\u00f5tmete komplekt"},"content":{"rendered":"","protected":false},"excerpt":{"rendered":"<table>\n<tbody>\n<tr>\n<td>M\u00f5\u00f5tmed (LxSxK)<\/td>\n<td>550 \u00d7 410 \u00d7 100 mm<\/td>\n<\/tr>\n<tr>\n<td>Kaal<\/td>\n<td>12 600 g<\/td>\n<\/tr>\n<tr>\n<td>Pakendis<\/td>\n<td>2 tk<\/td>\n<\/tr>\n<tr>\n<td><strong>1\/4\u201d<\/strong><\/td>\n<td><\/td>\n<\/tr>\n<tr>\n<td>Padrunid<\/td>\n<td>4; 4.5; 5; 5.5; 6; 7; 8; 9; 10; 11; 12; 13; 14 mm<\/td>\n<\/tr>\n<tr>\n<td>Torx padrunid<\/td>\n<td>E4, E5, E6, E7, E8<\/td>\n<\/tr>\n<tr>\n<td>S\u00fcgavad padrunid<\/td>\n<td>4, 5, 6, 7, 8, 9, 10 mm<\/td>\n<\/tr>\n<tr>\n<td>Pikendused<\/td>\n<td>50 mm, 100 mm<\/td>\n<\/tr>\n<tr>\n<td>Libisev T-k\u00e4epide<\/td>\n<td>110 mm (1 tk)<\/td>\n<\/tr>\n<tr>\n<td>Universaalliigend<\/td>\n<td>1 tk<\/td>\n<\/tr>\n<tr>\n<td>Otsikuadapter<\/td>\n<td>6.35 mm (1 tk)<\/td>\n<\/tr>\n<tr>\n<td>P\u00f6\u00f6rdk\u00e4epide<\/td>\n<td>150 mm (1 tk)<\/td>\n<\/tr>\n<tr>\n<td>Padrunv\u00f5ti (ratchet)<\/td>\n<td>150 mm (1 tk)<\/td>\n<\/tr>\n<tr>\n<td>Otsikud: Philips<\/td>\n<td>PH0, PH1, PH2<\/td>\n<\/tr>\n<tr>\n<td>Otsikud: Lame<\/td>\n<td>4, 5.5, 6.5, 7 mm<\/td>\n<\/tr>\n<tr>\n<td>Otsikud: Kuuskant (Hex)<\/td>\n<td>3, 4, 5, 6, 7, 8 mm<\/td>\n<\/tr>\n<tr>\n<td>Otsikud: Pozidriv<\/td>\n<td>PZ0, PZ1, PZ2<\/td>\n<\/tr>\n<tr>\n<td>Otsikud: Torx Tamper<\/td>\n<td>T8, T9, T10, T15, T20, T25, T27, T30<\/td>\n<\/tr>\n<tr>\n<td>Otsikud: Torx<\/td>\n<td>T8, T9, T10, T15, T20, T25, T27, T30, T40<\/td>\n<\/tr>\n<tr>\n<td><strong>3\/8\u201d<\/strong><\/td>\n<td><\/td>\n<\/tr>\n<tr>\n<td>Padrunid<\/td>\n<td>10\u201319 mm<\/td>\n<\/tr>\n<tr>\n<td>Torx padrunid<\/td>\n<td>E10, E11, E12, E14, E16, E18<\/td>\n<\/tr>\n<tr>\n<td>S\u00fcgavad padrunid<\/td>\n<td>10\u201315 mm<\/td>\n<\/tr>\n<tr>\n<td>Pikendus<\/td>\n<td>125 mm (1 tk)<\/td>\n<\/tr>\n<tr>\n<td>Padrunv\u00f5ti (ratchet)<\/td>\n<td>200 mm (1 tk)<\/td>\n<\/tr>\n<tr>\n<td>S\u00fc\u00fctek\u00fc\u00fcnlapadrun<\/td>\n<td>18 mm (1 tk)<\/td>\n<\/tr>\n<tr>\n<td>Otsikuadapter<\/td>\n<td>8 mm (1 tk)<\/td>\n<\/tr>\n<tr>\n<td>Universaalliigend<\/td>\n<td>1 tk<\/td>\n<\/tr>\n<tr>\n<td><strong>1\/2\u201d<\/strong><\/td>\n<td><\/td>\n<\/tr>\n<tr>\n<td>S\u00fcgavad padrunid<\/td>\n<td>16, 18 mm<\/td>\n<\/tr>\n<tr>\n<td>Padrunid<\/td>\n<td>10\u201332 mm<\/td>\n<\/tr>\n<tr>\n<td>Torx padrunid<\/td>\n<td>E20, E24<\/td>\n<\/tr>\n<tr>\n<td>Universaalliigend<\/td>\n<td>1 tk<\/td>\n<\/tr>\n<tr>\n<td>Pikendus + T-adapter<\/td>\n<td>250 mm (1 tk)<\/td>\n<\/tr>\n<tr>\n<td>Pikendus<\/td>\n<td>150 mm (1 tk)<\/td>\n<\/tr>\n<tr>\n<td>S\u00fc\u00fctek\u00fc\u00fcnlapadrunid<\/td>\n<td>16, 21 mm<\/td>\n<\/tr>\n<tr>\n<td>Padrunv\u00f5ti (ratchet)<\/td>\n<td>250 mm (1 tk)<\/td>\n<\/tr>\n<tr>\n<td>Otsikuadapter<\/td>\n<td>10 mm (1 tk)<\/td>\n<\/tr>\n<tr>\n<td>\u00d5hukeseseinalised l\u00f6\u00f6gipadrunid<\/td>\n<td>17, 19, 21 mm<\/td>\n<\/tr>\n<tr>\n<td><strong>30 mm otsikud (8\u201310 mm)<\/strong><\/td>\n<td><\/td>\n<\/tr>\n<tr>\n<td>Lame<\/td>\n<td>8, 10, 12 mm<\/td>\n<\/tr>\n<tr>\n<td>Philips<\/td>\n<td>PH3, PH4<\/td>\n<\/tr>\n<tr>\n<td>Pozidriv<\/td>\n<td>PZ3, PZ4<\/td>\n<\/tr>\n<tr>\n<td>Kuuskant<\/td>\n<td>7, 8, 10, 12, 14 mm<\/td>\n<\/tr>\n<tr>\n<td>Torx<\/td>\n<td>T40, T45, T50, T55, T60, T70<\/td>\n<\/tr>\n<tr>\n<td>Torx Tamper<\/td>\n<td>T40, T45, T50, T55, T60, T70<\/td>\n<\/tr>\n<tr>\n<td>Kuuskantv\u00f5tmed<\/td>\n<td>1.5, 2, 2.5, 3, 4, 5, 6, 8, 10 mm<\/td>\n<\/tr>\n<tr>\n<td>Torx-v\u00f5tmed<\/td>\n<td>T10, T15, T20, T25, T27, T30, T40, T45, T50<\/td>\n<\/tr>\n<tr>\n<td><strong>25 mm otsikud (6.35 mm)<\/strong><\/td>\n<td><\/td>\n<\/tr>\n<tr>\n<td>Lame<\/td>\n<td>6\u20138, 8\u201310, 8\u201310, 12 mm<\/td>\n<\/tr>\n<tr>\n<td>Philips<\/td>\n<td>PH0, PH1, PH2, PH3<\/td>\n<\/tr>\n<tr>\n<td>Pozidriv<\/td>\n<td>PZ1, PZ2, PZ3<\/td>\n<\/tr>\n<tr>\n<td>Ruut<\/td>\n<td>1, 2, 3 mm<\/td>\n<\/tr>\n<tr>\n<td>Torx<\/td>\n<td>T10, T15, T20, T25, T27, T30<\/td>\n<\/tr>\n<tr>\n<td><strong>Ratsellv\u00f5ti (ratchet wrench)<\/strong><\/td>\n<td>8\u201319 mm<\/td>\n<\/tr>\n<\/tbody>\n<\/table>","protected":false},"featured_media":19385,"template":"","meta":{"_acf_changed":false,"inline_featured_image":false},"product_brand":[],"product_cat":[149],"product_tag":[],"class_list":{"0":"post-19384","1":"product","2":"type-product","3":"status-publish","4":"has-post-thumbnail","6":"product_cat-puurid-ja-padrunid","7":"product_shipping_class-vaikepakk","8":"brand-gson","10":"first","11":"instock","12":"taxable","13":"shipping-taxable","14":"purchasable","15":"product-type-simple"},"acf":[],"yoast_head":"<!-- This site is optimized with the Yoast SEO plugin v26.2 - https:\/\/yoast.com\/wordpress\/plugins\/seo\/ -->\n<title>Gson 1\/4\u201d, 3\/8\u201d ja 1\/2\u201d 176-osaline padrunv\u00f5tmete komplekt - Genekas24<\/title>\n<meta name=\"robots\" content=\"index, follow, max-snippet:-1, max-image-preview:large, max-video-preview:-1\" \/>\n<link rel=\"canonical\" href=\"https:\/\/staging.genekas24.ee\/en\/product\/1-4-3-8-ja-1-2-176-osaline-padrunvotmete-komplekt\/\" \/>\n<meta property=\"og:locale\" content=\"en_GB\" \/>\n<meta property=\"og:type\" content=\"article\" \/>\n<meta property=\"og:title\" content=\"Gson 1\/4\u201d, 3\/8\u201d ja 1\/2\u201d 176-osaline padrunv\u00f5tmete komplekt - Genekas24\" \/>\n<meta property=\"og:description\" content=\"M\u00f5\u00f5tmed (LxSxK) 550 \u00d7 410 \u00d7 100 mm   Kaal 12 600 g   Pakendis 2 tk   1\/4\u201d    Padrunid 4; 4.5; 5; 5.5; 6; 7; 8; 9; 10; 11; 12; 13; 14 mm   Torx padrunid E4, E5, E6, E7, E8   S\u00fcgavad padrunid 4, 5, 6, 7, 8, 9, 10 mm   Pikendused 50 mm, 100 mm   Libisev T-k\u00e4epide 110 mm (1 tk)   Universaalliigend 1 tk   Otsikuadapter 6.35 mm (1 tk)   P\u00f6\u00f6rdk\u00e4epide 150 mm (1 tk)   Padrunv\u00f5ti (ratchet) 150 mm (1 tk)   Otsikud: Philips PH0, PH1, PH2   Otsikud: Lame 4, 5.5, 6.5, 7 mm   Otsikud: Kuuskant (Hex) 3, 4, 5, 6, 7, 8 mm   Otsikud: Pozidriv PZ0, PZ1, PZ2   Otsikud: Torx Tamper T8, T9, T10, T15, T20, T25, T27, T30   Otsikud: Torx T8, T9, T10, T15, T20, T25, T27, T30, T40   3\/8\u201d    Padrunid 10\u201319 mm   Torx padrunid E10, E11, E12, E14, E16, E18   S\u00fcgavad padrunid 10\u201315 mm   Pikendus 125 mm (1 tk)   Padrunv\u00f5ti (ratchet) 200 mm (1 tk)   S\u00fc\u00fctek\u00fc\u00fcnlapadrun 18 mm (1 tk)   Otsikuadapter 8 mm (1 tk)   Universaalliigend 1 tk   1\/2\u201d    S\u00fcgavad padrunid 16, 18 mm   Padrunid 10\u201332 mm   Torx padrunid E20, E24   Universaalliigend 1 tk   Pikendus + T-adapter 250 mm (1 tk)   Pikendus 150 mm (1 tk)   S\u00fc\u00fctek\u00fc\u00fcnlapadrunid 16, 21 mm   Padrunv\u00f5ti (ratchet) 250 mm (1 tk)   Otsikuadapter 10 mm (1 tk)   \u00d5hukeseseinalised l\u00f6\u00f6gipadrunid 17, 19, 21 mm   30 mm otsikud (8\u201310 mm)    Lame 8, 10, 12 mm   Philips PH3, PH4   Pozidriv PZ3, PZ4   Kuuskant 7, 8, 10, 12, 14 mm   Torx T40, T45, T50, T55, T60, T70   Torx Tamper T40, T45, T50, T55, T60, T70   Kuuskantv\u00f5tmed 1.5, 2, 2.5, 3, 4, 5, 6, 8, 10 mm   Torx-v\u00f5tmed T10, T15, T20, T25, T27, T30, T40, T45, T50   25 mm otsikud (6.35 mm)    Lame 6\u20138, 8\u201310, 8\u201310, 12 mm   Philips PH0, PH1, PH2, PH3   Pozidriv PZ1, PZ2, PZ3   Ruut 1, 2, 3 mm   Torx T10, T15, T20, T25, T27, T30   Ratsellv\u00f5ti (ratchet wrench) 8\u201319 mm\" \/>\n<meta property=\"og:url\" content=\"https:\/\/staging.genekas24.ee\/en\/product\/1-4-3-8-ja-1-2-176-osaline-padrunvotmete-komplekt\/\" \/>\n<meta property=\"og:site_name\" content=\"Genekas24\" \/>\n<meta property=\"article:modified_time\" content=\"2025-09-05T10:11:45+00:00\" \/>\n<meta property=\"og:image\" content=\"https:\/\/staging.genekas24.ee\/wp-content\/uploads\/2025\/06\/500040-DrSocketSet-176pcs.jpg\" \/>\n\t<meta property=\"og:image:width\" content=\"1600\" \/>\n\t<meta property=\"og:image:height\" content=\"1600\" \/>\n\t<meta property=\"og:image:type\" content=\"image\/jpeg\" \/>\n<meta name=\"twitter:card\" content=\"summary_large_image\" \/>\n<meta name=\"twitter:label1\" content=\"Estimated reading time\" \/>\n\t<meta name=\"twitter:data1\" content=\"1 minute\" \/>\n<script type=\"application\/ld+json\" class=\"yoast-schema-graph\">{\"@context\":\"https:\/\/schema.org\",\"@graph\":[{\"@type\":\"WebPage\",\"@id\":\"https:\/\/staging.genekas24.ee\/toode\/1-4-3-8-ja-1-2-176-osaline-padrunvotmete-komplekt\/\",\"url\":\"https:\/\/staging.genekas24.ee\/toode\/1-4-3-8-ja-1-2-176-osaline-padrunvotmete-komplekt\/\",\"name\":\"Gson 1\/4\u201d, 3\/8\u201d ja 1\/2\u201d 176-osaline padrunv\u00f5tmete komplekt - Genekas24\",\"isPartOf\":{\"@id\":\"https:\/\/staging.genekas24.ee\/#website\"},\"primaryImageOfPage\":{\"@id\":\"https:\/\/staging.genekas24.ee\/toode\/1-4-3-8-ja-1-2-176-osaline-padrunvotmete-komplekt\/#primaryimage\"},\"image\":{\"@id\":\"https:\/\/staging.genekas24.ee\/toode\/1-4-3-8-ja-1-2-176-osaline-padrunvotmete-komplekt\/#primaryimage\"},\"thumbnailUrl\":\"https:\/\/staging.genekas24.ee\/wp-content\/uploads\/2025\/06\/500040-DrSocketSet-176pcs.jpg\",\"datePublished\":\"2025-06-13T07:47:42+00:00\",\"dateModified\":\"2025-09-05T10:11:45+00:00\",\"breadcrumb\":{\"@id\":\"https:\/\/staging.genekas24.ee\/toode\/1-4-3-8-ja-1-2-176-osaline-padrunvotmete-komplekt\/#breadcrumb\"},\"inLanguage\":\"en-GB\",\"potentialAction\":[{\"@type\":\"ReadAction\",\"target\":[\"https:\/\/staging.genekas24.ee\/toode\/1-4-3-8-ja-1-2-176-osaline-padrunvotmete-komplekt\/\"]}]},{\"@type\":\"ImageObject\",\"inLanguage\":\"en-GB\",\"@id\":\"https:\/\/staging.genekas24.ee\/toode\/1-4-3-8-ja-1-2-176-osaline-padrunvotmete-komplekt\/#primaryimage\",\"url\":\"https:\/\/staging.genekas24.ee\/wp-content\/uploads\/2025\/06\/500040-DrSocketSet-176pcs.jpg\",\"contentUrl\":\"https:\/\/staging.genekas24.ee\/wp-content\/uploads\/2025\/06\/500040-DrSocketSet-176pcs.jpg\",\"width\":1600,\"height\":1600},{\"@type\":\"BreadcrumbList\",\"@id\":\"https:\/\/staging.genekas24.ee\/toode\/1-4-3-8-ja-1-2-176-osaline-padrunvotmete-komplekt\/#breadcrumb\",\"itemListElement\":[{\"@type\":\"ListItem\",\"position\":1,\"name\":\"Home\",\"item\":\"https:\/\/staging.genekas24.ee\/\"},{\"@type\":\"ListItem\",\"position\":2,\"name\":\"Pood\",\"item\":\"https:\/\/staging.genekas24.ee\/pood\/\"},{\"@type\":\"ListItem\",\"position\":3,\"name\":\"Gson 1\/4\u201d, 3\/8\u201d ja 1\/2\u201d 176-osaline padrunv\u00f5tmete komplekt\"}]},{\"@type\":\"WebSite\",\"@id\":\"https:\/\/staging.genekas24.ee\/#website\",\"url\":\"https:\/\/staging.genekas24.ee\/\",\"name\":\"Genekas24\",\"description\":\"Generaatorid | K&ouml;nner S&ouml;hnen tooted | Genekas24\",\"publisher\":{\"@id\":\"https:\/\/staging.genekas24.ee\/#organization\"},\"potentialAction\":[{\"@type\":\"SearchAction\",\"target\":{\"@type\":\"EntryPoint\",\"urlTemplate\":\"https:\/\/staging.genekas24.ee\/?s={search_term_string}\"},\"query-input\":{\"@type\":\"PropertyValueSpecification\",\"valueRequired\":true,\"valueName\":\"search_term_string\"}}],\"inLanguage\":\"en-GB\"},{\"@type\":\"Organization\",\"@id\":\"https:\/\/staging.genekas24.ee\/#organization\",\"name\":\"Genekas24\",\"url\":\"https:\/\/staging.genekas24.ee\/\",\"logo\":{\"@type\":\"ImageObject\",\"inLanguage\":\"en-GB\",\"@id\":\"https:\/\/staging.genekas24.ee\/#\/schema\/logo\/image\/\",\"url\":\"https:\/\/staging.genekas24.ee\/wp-content\/uploads\/2026\/01\/genekas24-logo_black.svg\",\"contentUrl\":\"https:\/\/staging.genekas24.ee\/wp-content\/uploads\/2026\/01\/genekas24-logo_black.svg\",\"width\":840,\"height\":131,\"caption\":\"Genekas24\"},\"image\":{\"@id\":\"https:\/\/staging.genekas24.ee\/#\/schema\/logo\/image\/\"}}]}<\/script>\n<!-- \/ Yoast SEO plugin. -->","yoast_head_json":{"title":"Gson 1\/4\u201d, 3\/8\u201d ja 1\/2\u201d 176-osaline padrunv\u00f5tmete komplekt - Genekas24","robots":{"index":"index","follow":"follow","max-snippet":"max-snippet:-1","max-image-preview":"max-image-preview:large","max-video-preview":"max-video-preview:-1"},"canonical":"https:\/\/staging.genekas24.ee\/en\/product\/1-4-3-8-ja-1-2-176-osaline-padrunvotmete-komplekt\/","og_locale":"en_GB","og_type":"article","og_title":"Gson 1\/4\u201d, 3\/8\u201d ja 1\/2\u201d 176-osaline padrunv\u00f5tmete komplekt - Genekas24","og_description":"M\u00f5\u00f5tmed (LxSxK) 550 \u00d7 410 \u00d7 100 mm   Kaal 12 600 g   Pakendis 2 tk   1\/4\u201d    Padrunid 4; 4.5; 5; 5.5; 6; 7; 8; 9; 10; 11; 12; 13; 14 mm   Torx padrunid E4, E5, E6, E7, E8   S\u00fcgavad padrunid 4, 5, 6, 7, 8, 9, 10 mm   Pikendused 50 mm, 100 mm   Libisev T-k\u00e4epide 110 mm (1 tk)   Universaalliigend 1 tk   Otsikuadapter 6.35 mm (1 tk)   P\u00f6\u00f6rdk\u00e4epide 150 mm (1 tk)   Padrunv\u00f5ti (ratchet) 150 mm (1 tk)   Otsikud: Philips PH0, PH1, PH2   Otsikud: Lame 4, 5.5, 6.5, 7 mm   Otsikud: Kuuskant (Hex) 3, 4, 5, 6, 7, 8 mm   Otsikud: Pozidriv PZ0, PZ1, PZ2   Otsikud: Torx Tamper T8, T9, T10, T15, T20, T25, T27, T30   Otsikud: Torx T8, T9, T10, T15, T20, T25, T27, T30, T40   3\/8\u201d    Padrunid 10\u201319 mm   Torx padrunid E10, E11, E12, E14, E16, E18   S\u00fcgavad padrunid 10\u201315 mm   Pikendus 125 mm (1 tk)   Padrunv\u00f5ti (ratchet) 200 mm (1 tk)   S\u00fc\u00fctek\u00fc\u00fcnlapadrun 18 mm (1 tk)   Otsikuadapter 8 mm (1 tk)   Universaalliigend 1 tk   1\/2\u201d    S\u00fcgavad padrunid 16, 18 mm   Padrunid 10\u201332 mm   Torx padrunid E20, E24   Universaalliigend 1 tk   Pikendus + T-adapter 250 mm (1 tk)   Pikendus 150 mm (1 tk)   S\u00fc\u00fctek\u00fc\u00fcnlapadrunid 16, 21 mm   Padrunv\u00f5ti (ratchet) 250 mm (1 tk)   Otsikuadapter 10 mm (1 tk)   \u00d5hukeseseinalised l\u00f6\u00f6gipadrunid 17, 19, 21 mm   30 mm otsikud (8\u201310 mm)    Lame 8, 10, 12 mm   Philips PH3, PH4   Pozidriv PZ3, PZ4   Kuuskant 7, 8, 10, 12, 14 mm   Torx T40, T45, T50, T55, T60, T70   Torx Tamper T40, T45, T50, T55, T60, T70   Kuuskantv\u00f5tmed 1.5, 2, 2.5, 3, 4, 5, 6, 8, 10 mm   Torx-v\u00f5tmed T10, T15, T20, T25, T27, T30, T40, T45, T50   25 mm otsikud (6.35 mm)    Lame 6\u20138, 8\u201310, 8\u201310, 12 mm   Philips PH0, PH1, PH2, PH3   Pozidriv PZ1, PZ2, PZ3   Ruut 1, 2, 3 mm   Torx T10, T15, T20, T25, T27, T30   Ratsellv\u00f5ti (ratchet wrench) 8\u201319 mm","og_url":"https:\/\/staging.genekas24.ee\/en\/product\/1-4-3-8-ja-1-2-176-osaline-padrunvotmete-komplekt\/","og_site_name":"Genekas24","article_modified_time":"2025-09-05T10:11:45+00:00","og_image":[{"width":1600,"height":1600,"url":"https:\/\/staging.genekas24.ee\/wp-content\/uploads\/2025\/06\/500040-DrSocketSet-176pcs.jpg","type":"image\/jpeg"}],"twitter_card":"summary_large_image","twitter_misc":{"Estimated reading time":"1 minute"},"schema":{"@context":"https:\/\/schema.org","@graph":[{"@type":"WebPage","@id":"https:\/\/staging.genekas24.ee\/toode\/1-4-3-8-ja-1-2-176-osaline-padrunvotmete-komplekt\/","url":"https:\/\/staging.genekas24.ee\/toode\/1-4-3-8-ja-1-2-176-osaline-padrunvotmete-komplekt\/","name":"Gson 1\/4\u201d, 3\/8\u201d ja 1\/2\u201d 176-osaline padrunv\u00f5tmete komplekt - Genekas24","isPartOf":{"@id":"https:\/\/staging.genekas24.ee\/#website"},"primaryImageOfPage":{"@id":"https:\/\/staging.genekas24.ee\/toode\/1-4-3-8-ja-1-2-176-osaline-padrunvotmete-komplekt\/#primaryimage"},"image":{"@id":"https:\/\/staging.genekas24.ee\/toode\/1-4-3-8-ja-1-2-176-osaline-padrunvotmete-komplekt\/#primaryimage"},"thumbnailUrl":"https:\/\/staging.genekas24.ee\/wp-content\/uploads\/2025\/06\/500040-DrSocketSet-176pcs.jpg","datePublished":"2025-06-13T07:47:42+00:00","dateModified":"2025-09-05T10:11:45+00:00","breadcrumb":{"@id":"https:\/\/staging.genekas24.ee\/toode\/1-4-3-8-ja-1-2-176-osaline-padrunvotmete-komplekt\/#breadcrumb"},"inLanguage":"en-GB","potentialAction":[{"@type":"ReadAction","target":["https:\/\/staging.genekas24.ee\/toode\/1-4-3-8-ja-1-2-176-osaline-padrunvotmete-komplekt\/"]}]},{"@type":"ImageObject","inLanguage":"en-GB","@id":"https:\/\/staging.genekas24.ee\/toode\/1-4-3-8-ja-1-2-176-osaline-padrunvotmete-komplekt\/#primaryimage","url":"https:\/\/staging.genekas24.ee\/wp-content\/uploads\/2025\/06\/500040-DrSocketSet-176pcs.jpg","contentUrl":"https:\/\/staging.genekas24.ee\/wp-content\/uploads\/2025\/06\/500040-DrSocketSet-176pcs.jpg","width":1600,"height":1600},{"@type":"BreadcrumbList","@id":"https:\/\/staging.genekas24.ee\/toode\/1-4-3-8-ja-1-2-176-osaline-padrunvotmete-komplekt\/#breadcrumb","itemListElement":[{"@type":"ListItem","position":1,"name":"Home","item":"https:\/\/staging.genekas24.ee\/"},{"@type":"ListItem","position":2,"name":"Pood","item":"https:\/\/staging.genekas24.ee\/pood\/"},{"@type":"ListItem","position":3,"name":"Gson 1\/4\u201d, 3\/8\u201d ja 1\/2\u201d 176-osaline padrunv\u00f5tmete komplekt"}]},{"@type":"WebSite","@id":"https:\/\/staging.genekas24.ee\/#website","url":"https:\/\/staging.genekas24.ee\/","name":"Genekas24","description":"Generaatorid | K&ouml;nner S&ouml;hnen tooted | Genekas24","publisher":{"@id":"https:\/\/staging.genekas24.ee\/#organization"},"potentialAction":[{"@type":"SearchAction","target":{"@type":"EntryPoint","urlTemplate":"https:\/\/staging.genekas24.ee\/?s={search_term_string}"},"query-input":{"@type":"PropertyValueSpecification","valueRequired":true,"valueName":"search_term_string"}}],"inLanguage":"en-GB"},{"@type":"Organization","@id":"https:\/\/staging.genekas24.ee\/#organization","name":"Genekas24","url":"https:\/\/staging.genekas24.ee\/","logo":{"@type":"ImageObject","inLanguage":"en-GB","@id":"https:\/\/staging.genekas24.ee\/#\/schema\/logo\/image\/","url":"https:\/\/staging.genekas24.ee\/wp-content\/uploads\/2026\/01\/genekas24-logo_black.svg","contentUrl":"https:\/\/staging.genekas24.ee\/wp-content\/uploads\/2026\/01\/genekas24-logo_black.svg","width":840,"height":131,"caption":"Genekas24"},"image":{"@id":"https:\/\/staging.genekas24.ee\/#\/schema\/logo\/image\/"}}]}},"_links":{"self":[{"href":"https:\/\/staging.genekas24.ee\/en\/wp-json\/wp\/v2\/product\/19384","targetHints":{"allow":["GET"]}}],"collection":[{"href":"https:\/\/staging.genekas24.ee\/en\/wp-json\/wp\/v2\/product"}],"about":[{"href":"https:\/\/staging.genekas24.ee\/en\/wp-json\/wp\/v2\/types\/product"}],"version-history":[{"count":3,"href":"https:\/\/staging.genekas24.ee\/en\/wp-json\/wp\/v2\/product\/19384\/revisions"}],"predecessor-version":[{"id":19560,"href":"https:\/\/staging.genekas24.ee\/en\/wp-json\/wp\/v2\/product\/19384\/revisions\/19560"}],"wp:featuredmedia":[{"embeddable":true,"href":"https:\/\/staging.genekas24.ee\/en\/wp-json\/wp\/v2\/media\/19385"}],"wp:attachment":[{"href":"https:\/\/staging.genekas24.ee\/en\/wp-json\/wp\/v2\/media?parent=19384"}],"wp:term":[{"taxonomy":"product_brand","embeddable":true,"href":"https:\/\/staging.genekas24.ee\/en\/wp-json\/wp\/v2\/product_brand?post=19384"},{"taxonomy":"product_cat","embeddable":true,"href":"https:\/\/staging.genekas24.ee\/en\/wp-json\/wp\/v2\/product_cat?post=19384"},{"taxonomy":"product_tag","embeddable":true,"href":"https:\/\/staging.genekas24.ee\/en\/wp-json\/wp\/v2\/product_tag?post=19384"}],"curies":[{"name":"wp","href":"https:\/\/api.w.org\/{rel}","templated":true}]}}