{"id":19351,"date":"2025-06-13T07:50:11","date_gmt":"2025-06-13T07:50:11","guid":{"rendered":"https:\/\/staging.genekas24.ee\/?post_type=product&#038;p=19351"},"modified":"2025-09-05T09:16:12","modified_gmt":"2025-09-05T09:16:12","slug":"l-taskulamp-uv-ga","status":"publish","type":"product","link":"https:\/\/staging.genekas24.ee\/en\/product\/l-taskulamp-uv-ga\/","title":{"rendered":"Gson L-taskulamp UV-ga"},"content":{"rendered":"<p data-start=\"34\" data-end=\"635\">Mitmeotstarbeline, suure j\u00f5udlusega taskulamp, mis valgustab pimedust neljal erineval viisil. LED-valgus omab 4 re\u017eiimi (madal\/keskmine\/k\u00f5rge\/UV), mida saab h\u00f5lpsalt kohandada vastavalt valgustingimustele. Praktilise klambri ja p\u00f5hja v\u00f5imsa magneti abil on lampi lihtne paigaldada n\u00e4iteks jaotuskarpidesse, vabastades m\u00f5lemad k\u00e4ed. Lampi saab keerata L-kujuliseks, pakkudes veelgi paindlikumat valgustust. UV-valguse juhuslik aktiveerimine on takistatud 2-sekundilise k\u00e4ivitumisajaga. Taskulamp sobib ideaalselt tehnilisteks kontrollideks, n\u00e4iteks lekkete avastamiseks t\u00e4nu integreeritud UV-valgusele.<\/p>\n<p data-start=\"637\" data-end=\"708\">\u2022 Pikkus: 159 mm<br data-start=\"653\" data-end=\"656\" \/>\u2022 L\u00e4bim\u00f5\u00f5t: 28 mm<br data-start=\"673\" data-end=\"676\" \/>\u2022 Kaal (ilma patareideta): 155 g<\/p>","protected":false},"excerpt":{"rendered":"<table class=\"w-fit min-w-(--thread-content-width)\" data-start=\"0\" data-end=\"270\" data-is-last-node=\"\" data-is-only-node=\"\">\n<tbody data-start=\"108\" data-end=\"270\" data-is-last-node=\"\">\n<tr data-start=\"108\" data-end=\"162\">\n<td data-start=\"108\" data-end=\"129\" data-col-size=\"sm\">LED<\/td>\n<td data-start=\"129\" data-end=\"162\" data-col-size=\"sm\">CREE XPG2 S3 &amp; CHINA 395nm UV<\/td>\n<\/tr>\n<tr data-start=\"163\" data-end=\"216\">\n<td data-start=\"163\" data-end=\"184\" data-col-size=\"sm\">Aku<\/td>\n<td data-start=\"184\" data-end=\"216\" data-col-size=\"sm\">18650 Li-ion 2600 mAh<\/td>\n<\/tr>\n<tr data-start=\"217\" data-end=\"270\" data-is-last-node=\"\">\n<td data-start=\"217\" data-end=\"238\" data-col-size=\"sm\">Valgusvoog (lumen)<\/td>\n<td data-start=\"238\" data-end=\"270\" data-is-last-node=\"\" data-col-size=\"sm\">90 \/ 400 \/ 900<\/td>\n<\/tr>\n<\/tbody>\n<\/table>","protected":false},"featured_media":19354,"template":"","meta":{"_acf_changed":false,"inline_featured_image":false},"product_brand":[],"product_cat":[152],"product_tag":[],"class_list":{"0":"post-19351","1":"product","2":"type-product","3":"status-publish","4":"has-post-thumbnail","6":"product_cat-lambid","7":"product_shipping_class-vaikepakk","8":"brand-gson","10":"first","11":"instock","12":"taxable","13":"shipping-taxable","14":"purchasable","15":"product-type-simple"},"acf":[],"yoast_head":"<!-- This site is optimized with the Yoast SEO plugin v26.2 - https:\/\/yoast.com\/wordpress\/plugins\/seo\/ -->\n<title>Gson L-taskulamp UV-ga - Genekas24<\/title>\n<meta name=\"robots\" content=\"index, follow, max-snippet:-1, max-image-preview:large, max-video-preview:-1\" \/>\n<link rel=\"canonical\" href=\"https:\/\/staging.genekas24.ee\/en\/product\/l-taskulamp-uv-ga\/\" \/>\n<meta property=\"og:locale\" content=\"en_GB\" \/>\n<meta property=\"og:type\" content=\"article\" \/>\n<meta property=\"og:title\" content=\"Gson L-taskulamp UV-ga - Genekas24\" \/>\n<meta property=\"og:description\" content=\"LED CREE XPG2 S3 &amp; CHINA 395nm UV   Aku 18650 Li-ion 2600 mAh   Valgusvoog (lumen) 90 \/ 400 \/ 900\" \/>\n<meta property=\"og:url\" content=\"https:\/\/staging.genekas24.ee\/en\/product\/l-taskulamp-uv-ga\/\" \/>\n<meta property=\"og:site_name\" content=\"Genekas24\" \/>\n<meta property=\"article:modified_time\" content=\"2025-09-05T09:16:12+00:00\" \/>\n<meta property=\"og:image\" content=\"https:\/\/staging.genekas24.ee\/wp-content\/uploads\/2025\/06\/T271-L-Flashlight-UV-vinklad-.jpg\" \/>\n\t<meta property=\"og:image:width\" content=\"1600\" \/>\n\t<meta property=\"og:image:height\" content=\"1600\" \/>\n\t<meta property=\"og:image:type\" content=\"image\/jpeg\" \/>\n<meta name=\"twitter:card\" content=\"summary_large_image\" \/>\n<meta name=\"twitter:label1\" content=\"Estimated reading time\" \/>\n\t<meta name=\"twitter:data1\" content=\"1 minute\" \/>\n<script type=\"application\/ld+json\" class=\"yoast-schema-graph\">{\"@context\":\"https:\/\/schema.org\",\"@graph\":[{\"@type\":\"WebPage\",\"@id\":\"https:\/\/staging.genekas24.ee\/toode\/l-taskulamp-uv-ga\/\",\"url\":\"https:\/\/staging.genekas24.ee\/toode\/l-taskulamp-uv-ga\/\",\"name\":\"Gson L-taskulamp UV-ga - Genekas24\",\"isPartOf\":{\"@id\":\"https:\/\/staging.genekas24.ee\/#website\"},\"primaryImageOfPage\":{\"@id\":\"https:\/\/staging.genekas24.ee\/toode\/l-taskulamp-uv-ga\/#primaryimage\"},\"image\":{\"@id\":\"https:\/\/staging.genekas24.ee\/toode\/l-taskulamp-uv-ga\/#primaryimage\"},\"thumbnailUrl\":\"https:\/\/staging.genekas24.ee\/wp-content\/uploads\/2025\/06\/T271-L-Flashlight-UV-vinklad-.jpg\",\"datePublished\":\"2025-06-13T07:50:11+00:00\",\"dateModified\":\"2025-09-05T09:16:12+00:00\",\"breadcrumb\":{\"@id\":\"https:\/\/staging.genekas24.ee\/toode\/l-taskulamp-uv-ga\/#breadcrumb\"},\"inLanguage\":\"en-GB\",\"potentialAction\":[{\"@type\":\"ReadAction\",\"target\":[\"https:\/\/staging.genekas24.ee\/toode\/l-taskulamp-uv-ga\/\"]}]},{\"@type\":\"ImageObject\",\"inLanguage\":\"en-GB\",\"@id\":\"https:\/\/staging.genekas24.ee\/toode\/l-taskulamp-uv-ga\/#primaryimage\",\"url\":\"https:\/\/staging.genekas24.ee\/wp-content\/uploads\/2025\/06\/T271-L-Flashlight-UV-vinklad-.jpg\",\"contentUrl\":\"https:\/\/staging.genekas24.ee\/wp-content\/uploads\/2025\/06\/T271-L-Flashlight-UV-vinklad-.jpg\",\"width\":1600,\"height\":1600},{\"@type\":\"BreadcrumbList\",\"@id\":\"https:\/\/staging.genekas24.ee\/toode\/l-taskulamp-uv-ga\/#breadcrumb\",\"itemListElement\":[{\"@type\":\"ListItem\",\"position\":1,\"name\":\"Home\",\"item\":\"https:\/\/staging.genekas24.ee\/\"},{\"@type\":\"ListItem\",\"position\":2,\"name\":\"Pood\",\"item\":\"https:\/\/staging.genekas24.ee\/pood\/\"},{\"@type\":\"ListItem\",\"position\":3,\"name\":\"Gson L-taskulamp UV-ga\"}]},{\"@type\":\"WebSite\",\"@id\":\"https:\/\/staging.genekas24.ee\/#website\",\"url\":\"https:\/\/staging.genekas24.ee\/\",\"name\":\"Genekas24\",\"description\":\"Generaatorid | K&ouml;nner S&ouml;hnen tooted | Genekas24\",\"publisher\":{\"@id\":\"https:\/\/staging.genekas24.ee\/#organization\"},\"potentialAction\":[{\"@type\":\"SearchAction\",\"target\":{\"@type\":\"EntryPoint\",\"urlTemplate\":\"https:\/\/staging.genekas24.ee\/?s={search_term_string}\"},\"query-input\":{\"@type\":\"PropertyValueSpecification\",\"valueRequired\":true,\"valueName\":\"search_term_string\"}}],\"inLanguage\":\"en-GB\"},{\"@type\":\"Organization\",\"@id\":\"https:\/\/staging.genekas24.ee\/#organization\",\"name\":\"Genekas24\",\"url\":\"https:\/\/staging.genekas24.ee\/\",\"logo\":{\"@type\":\"ImageObject\",\"inLanguage\":\"en-GB\",\"@id\":\"https:\/\/staging.genekas24.ee\/#\/schema\/logo\/image\/\",\"url\":\"https:\/\/staging.genekas24.ee\/wp-content\/uploads\/2026\/01\/genekas24-logo_black.svg\",\"contentUrl\":\"https:\/\/staging.genekas24.ee\/wp-content\/uploads\/2026\/01\/genekas24-logo_black.svg\",\"width\":840,\"height\":131,\"caption\":\"Genekas24\"},\"image\":{\"@id\":\"https:\/\/staging.genekas24.ee\/#\/schema\/logo\/image\/\"}}]}<\/script>\n<!-- \/ Yoast SEO plugin. -->","yoast_head_json":{"title":"Gson L-taskulamp UV-ga - Genekas24","robots":{"index":"index","follow":"follow","max-snippet":"max-snippet:-1","max-image-preview":"max-image-preview:large","max-video-preview":"max-video-preview:-1"},"canonical":"https:\/\/staging.genekas24.ee\/en\/product\/l-taskulamp-uv-ga\/","og_locale":"en_GB","og_type":"article","og_title":"Gson L-taskulamp UV-ga - Genekas24","og_description":"LED CREE XPG2 S3 &amp; CHINA 395nm UV   Aku 18650 Li-ion 2600 mAh   Valgusvoog (lumen) 90 \/ 400 \/ 900","og_url":"https:\/\/staging.genekas24.ee\/en\/product\/l-taskulamp-uv-ga\/","og_site_name":"Genekas24","article_modified_time":"2025-09-05T09:16:12+00:00","og_image":[{"width":1600,"height":1600,"url":"https:\/\/staging.genekas24.ee\/wp-content\/uploads\/2025\/06\/T271-L-Flashlight-UV-vinklad-.jpg","type":"image\/jpeg"}],"twitter_card":"summary_large_image","twitter_misc":{"Estimated reading time":"1 minute"},"schema":{"@context":"https:\/\/schema.org","@graph":[{"@type":"WebPage","@id":"https:\/\/staging.genekas24.ee\/toode\/l-taskulamp-uv-ga\/","url":"https:\/\/staging.genekas24.ee\/toode\/l-taskulamp-uv-ga\/","name":"Gson L-taskulamp UV-ga - Genekas24","isPartOf":{"@id":"https:\/\/staging.genekas24.ee\/#website"},"primaryImageOfPage":{"@id":"https:\/\/staging.genekas24.ee\/toode\/l-taskulamp-uv-ga\/#primaryimage"},"image":{"@id":"https:\/\/staging.genekas24.ee\/toode\/l-taskulamp-uv-ga\/#primaryimage"},"thumbnailUrl":"https:\/\/staging.genekas24.ee\/wp-content\/uploads\/2025\/06\/T271-L-Flashlight-UV-vinklad-.jpg","datePublished":"2025-06-13T07:50:11+00:00","dateModified":"2025-09-05T09:16:12+00:00","breadcrumb":{"@id":"https:\/\/staging.genekas24.ee\/toode\/l-taskulamp-uv-ga\/#breadcrumb"},"inLanguage":"en-GB","potentialAction":[{"@type":"ReadAction","target":["https:\/\/staging.genekas24.ee\/toode\/l-taskulamp-uv-ga\/"]}]},{"@type":"ImageObject","inLanguage":"en-GB","@id":"https:\/\/staging.genekas24.ee\/toode\/l-taskulamp-uv-ga\/#primaryimage","url":"https:\/\/staging.genekas24.ee\/wp-content\/uploads\/2025\/06\/T271-L-Flashlight-UV-vinklad-.jpg","contentUrl":"https:\/\/staging.genekas24.ee\/wp-content\/uploads\/2025\/06\/T271-L-Flashlight-UV-vinklad-.jpg","width":1600,"height":1600},{"@type":"BreadcrumbList","@id":"https:\/\/staging.genekas24.ee\/toode\/l-taskulamp-uv-ga\/#breadcrumb","itemListElement":[{"@type":"ListItem","position":1,"name":"Home","item":"https:\/\/staging.genekas24.ee\/"},{"@type":"ListItem","position":2,"name":"Pood","item":"https:\/\/staging.genekas24.ee\/pood\/"},{"@type":"ListItem","position":3,"name":"Gson L-taskulamp UV-ga"}]},{"@type":"WebSite","@id":"https:\/\/staging.genekas24.ee\/#website","url":"https:\/\/staging.genekas24.ee\/","name":"Genekas24","description":"Generaatorid | K&ouml;nner S&ouml;hnen tooted | Genekas24","publisher":{"@id":"https:\/\/staging.genekas24.ee\/#organization"},"potentialAction":[{"@type":"SearchAction","target":{"@type":"EntryPoint","urlTemplate":"https:\/\/staging.genekas24.ee\/?s={search_term_string}"},"query-input":{"@type":"PropertyValueSpecification","valueRequired":true,"valueName":"search_term_string"}}],"inLanguage":"en-GB"},{"@type":"Organization","@id":"https:\/\/staging.genekas24.ee\/#organization","name":"Genekas24","url":"https:\/\/staging.genekas24.ee\/","logo":{"@type":"ImageObject","inLanguage":"en-GB","@id":"https:\/\/staging.genekas24.ee\/#\/schema\/logo\/image\/","url":"https:\/\/staging.genekas24.ee\/wp-content\/uploads\/2026\/01\/genekas24-logo_black.svg","contentUrl":"https:\/\/staging.genekas24.ee\/wp-content\/uploads\/2026\/01\/genekas24-logo_black.svg","width":840,"height":131,"caption":"Genekas24"},"image":{"@id":"https:\/\/staging.genekas24.ee\/#\/schema\/logo\/image\/"}}]}},"_links":{"self":[{"href":"https:\/\/staging.genekas24.ee\/en\/wp-json\/wp\/v2\/product\/19351","targetHints":{"allow":["GET"]}}],"collection":[{"href":"https:\/\/staging.genekas24.ee\/en\/wp-json\/wp\/v2\/product"}],"about":[{"href":"https:\/\/staging.genekas24.ee\/en\/wp-json\/wp\/v2\/types\/product"}],"version-history":[{"count":2,"href":"https:\/\/staging.genekas24.ee\/en\/wp-json\/wp\/v2\/product\/19351\/revisions"}],"predecessor-version":[{"id":19548,"href":"https:\/\/staging.genekas24.ee\/en\/wp-json\/wp\/v2\/product\/19351\/revisions\/19548"}],"wp:featuredmedia":[{"embeddable":true,"href":"https:\/\/staging.genekas24.ee\/en\/wp-json\/wp\/v2\/media\/19354"}],"wp:attachment":[{"href":"https:\/\/staging.genekas24.ee\/en\/wp-json\/wp\/v2\/media?parent=19351"}],"wp:term":[{"taxonomy":"product_brand","embeddable":true,"href":"https:\/\/staging.genekas24.ee\/en\/wp-json\/wp\/v2\/product_brand?post=19351"},{"taxonomy":"product_cat","embeddable":true,"href":"https:\/\/staging.genekas24.ee\/en\/wp-json\/wp\/v2\/product_cat?post=19351"},{"taxonomy":"product_tag","embeddable":true,"href":"https:\/\/staging.genekas24.ee\/en\/wp-json\/wp\/v2\/product_tag?post=19351"}],"curies":[{"name":"wp","href":"https:\/\/api.w.org\/{rel}","templated":true}]}}