{"id":19335,"date":"2025-06-13T07:55:11","date_gmt":"2025-06-13T07:55:11","guid":{"rendered":"https:\/\/staging.genekas24.ee\/?post_type=product&#038;p=19335"},"modified":"2025-09-05T09:10:16","modified_gmt":"2025-09-05T09:10:16","slug":"hss-g-70-osaline-koobaltpuuride-komplekt-1-102-mm","status":"publish","type":"product","link":"https:\/\/staging.genekas24.ee\/en\/product\/hss-g-70-osaline-koobaltpuuride-komplekt-1-102-mm\/","title":{"rendered":"Gson HSS-G 70-osaline koobaltpuuride komplekt 1\u201310,2 mm"},"content":{"rendered":"<p>Eriline l\u00f5ikeviis v\u00f5imaldab puurimist ilma keskpunktm\u00e4rgita. K\u00f5rge legeeritusastmega (5% koobalt) teras tagab 5\u201310 korda pikema t\u00f6\u00f6ea v\u00f5rreldes tavalise HSS-puuriga. Puuriteral on vaakumoks\u00fcdeeritud koobaltpind, mis v\u00e4hendab h\u00f5\u00f5rdumist. Sobib puurimiseks terases, roostevabas terases, legeerterasest ning k\u00f5ikides valurahades.<\/p>\n<p data-start=\"29\" data-end=\"38\">Sisaldab:<\/p>\n<ul data-start=\"39\" data-end=\"207\">\n<li data-start=\"39\" data-end=\"99\">\n<p data-start=\"41\" data-end=\"99\">5 tk l\u00e4bim\u00f5\u00f5duga 1, 1,5, 2, 2,5, 3, 3,5, 4, 4,5, 5, 6 mm<\/p>\n<\/li>\n<li data-start=\"100\" data-end=\"138\">\n<p data-start=\"102\" data-end=\"138\">3 tk l\u00e4bim\u00f5\u00f5duga 3,3, 4,2, 7, 8 mm<\/p>\n<\/li>\n<li data-start=\"139\" data-end=\"175\">\n<p data-start=\"141\" data-end=\"175\">2 tk l\u00e4bim\u00f5\u00f5duga 6,8, 8,5, 10 mm<\/p>\n<\/li>\n<li data-start=\"176\" data-end=\"207\">\n<p data-start=\"178\" data-end=\"207\">1 tk l\u00e4bim\u00f5\u00f5duga 9, 10,2 mm<\/p>\n<\/li>\n<\/ul>","protected":false},"excerpt":{"rendered":"<p>Eriline l\u00f5ikeviis v\u00f5imaldab puurimist ilma keskpunktm\u00e4rgita. K\u00f5rge legeeritusastmega (5% koobalt) teras tagab 5\u201310 korda pikema t\u00f6\u00f6ea v\u00f5rreldes tavalise HSS-puuriga. Puuriteral on vaakumoks\u00fcdeeritud koobaltpind, mis v\u00e4hendab h\u00f5\u00f5rdumist. Sobib puurimiseks terases, roostevabas terases, legeerterasest ning k\u00f5ikides valurahades. Sisaldab: 5 tk l\u00e4bim\u00f5\u00f5duga 1, 1,5, 2, 2,5, 3, 3,5, 4, 4,5, 5, 6 mm 3 tk l\u00e4bim\u00f5\u00f5duga 3,3, 4,2, [&hellip;]<\/p>","protected":false},"featured_media":19336,"template":"","meta":{"_acf_changed":false,"inline_featured_image":false},"product_brand":[],"product_cat":[149],"product_tag":[],"class_list":{"0":"post-19335","1":"product","2":"type-product","3":"status-publish","4":"has-post-thumbnail","6":"product_cat-puurid-ja-padrunid","7":"product_shipping_class-vaikepakk","8":"brand-gson","10":"first","11":"instock","12":"taxable","13":"shipping-taxable","14":"purchasable","15":"product-type-simple"},"acf":[],"yoast_head":"<!-- This site is optimized with the Yoast SEO plugin v26.2 - https:\/\/yoast.com\/wordpress\/plugins\/seo\/ -->\n<title>Gson HSS-G 70-osaline koobaltpuuride komplekt 1\u201310,2 mm - Genekas24<\/title>\n<meta name=\"robots\" content=\"index, follow, max-snippet:-1, max-image-preview:large, max-video-preview:-1\" \/>\n<link rel=\"canonical\" href=\"https:\/\/staging.genekas24.ee\/en\/product\/hss-g-70-osaline-koobaltpuuride-komplekt-1-102-mm\/\" \/>\n<meta property=\"og:locale\" content=\"en_GB\" \/>\n<meta property=\"og:type\" content=\"article\" \/>\n<meta property=\"og:title\" content=\"Gson HSS-G 70-osaline koobaltpuuride komplekt 1\u201310,2 mm - Genekas24\" \/>\n<meta property=\"og:description\" content=\"Eriline l\u00f5ikeviis v\u00f5imaldab puurimist ilma keskpunktm\u00e4rgita. K\u00f5rge legeeritusastmega (5% koobalt) teras tagab 5\u201310 korda pikema t\u00f6\u00f6ea v\u00f5rreldes tavalise HSS-puuriga. Puuriteral on vaakumoks\u00fcdeeritud koobaltpind, mis v\u00e4hendab h\u00f5\u00f5rdumist. Sobib puurimiseks terases, roostevabas terases, legeerterasest ning k\u00f5ikides valurahades. Sisaldab: 5 tk l\u00e4bim\u00f5\u00f5duga 1, 1,5, 2, 2,5, 3, 3,5, 4, 4,5, 5, 6 mm 3 tk l\u00e4bim\u00f5\u00f5duga 3,3, 4,2, [&hellip;]\" \/>\n<meta property=\"og:url\" content=\"https:\/\/staging.genekas24.ee\/en\/product\/hss-g-70-osaline-koobaltpuuride-komplekt-1-102-mm\/\" \/>\n<meta property=\"og:site_name\" content=\"Genekas24\" \/>\n<meta property=\"article:modified_time\" content=\"2025-09-05T09:10:16+00:00\" \/>\n<meta property=\"og:image\" content=\"https:\/\/staging.genekas24.ee\/wp-content\/uploads\/2025\/06\/B830-Cobolt-Drill-Set-1-10.2.jpg\" \/>\n\t<meta property=\"og:image:width\" content=\"1600\" \/>\n\t<meta property=\"og:image:height\" content=\"1600\" \/>\n\t<meta property=\"og:image:type\" content=\"image\/jpeg\" \/>\n<meta name=\"twitter:card\" content=\"summary_large_image\" \/>\n<meta name=\"twitter:label1\" content=\"Estimated reading time\" \/>\n\t<meta name=\"twitter:data1\" content=\"1 minute\" \/>\n<script type=\"application\/ld+json\" class=\"yoast-schema-graph\">{\"@context\":\"https:\/\/schema.org\",\"@graph\":[{\"@type\":\"WebPage\",\"@id\":\"https:\/\/staging.genekas24.ee\/toode\/hss-g-70-osaline-koobaltpuuride-komplekt-1-102-mm\/\",\"url\":\"https:\/\/staging.genekas24.ee\/toode\/hss-g-70-osaline-koobaltpuuride-komplekt-1-102-mm\/\",\"name\":\"Gson HSS-G 70-osaline koobaltpuuride komplekt 1\u201310,2 mm - Genekas24\",\"isPartOf\":{\"@id\":\"https:\/\/staging.genekas24.ee\/#website\"},\"primaryImageOfPage\":{\"@id\":\"https:\/\/staging.genekas24.ee\/toode\/hss-g-70-osaline-koobaltpuuride-komplekt-1-102-mm\/#primaryimage\"},\"image\":{\"@id\":\"https:\/\/staging.genekas24.ee\/toode\/hss-g-70-osaline-koobaltpuuride-komplekt-1-102-mm\/#primaryimage\"},\"thumbnailUrl\":\"https:\/\/staging.genekas24.ee\/wp-content\/uploads\/2025\/06\/B830-Cobolt-Drill-Set-1-10.2.jpg\",\"datePublished\":\"2025-06-13T07:55:11+00:00\",\"dateModified\":\"2025-09-05T09:10:16+00:00\",\"breadcrumb\":{\"@id\":\"https:\/\/staging.genekas24.ee\/toode\/hss-g-70-osaline-koobaltpuuride-komplekt-1-102-mm\/#breadcrumb\"},\"inLanguage\":\"en-GB\",\"potentialAction\":[{\"@type\":\"ReadAction\",\"target\":[\"https:\/\/staging.genekas24.ee\/toode\/hss-g-70-osaline-koobaltpuuride-komplekt-1-102-mm\/\"]}]},{\"@type\":\"ImageObject\",\"inLanguage\":\"en-GB\",\"@id\":\"https:\/\/staging.genekas24.ee\/toode\/hss-g-70-osaline-koobaltpuuride-komplekt-1-102-mm\/#primaryimage\",\"url\":\"https:\/\/staging.genekas24.ee\/wp-content\/uploads\/2025\/06\/B830-Cobolt-Drill-Set-1-10.2.jpg\",\"contentUrl\":\"https:\/\/staging.genekas24.ee\/wp-content\/uploads\/2025\/06\/B830-Cobolt-Drill-Set-1-10.2.jpg\",\"width\":1600,\"height\":1600},{\"@type\":\"BreadcrumbList\",\"@id\":\"https:\/\/staging.genekas24.ee\/toode\/hss-g-70-osaline-koobaltpuuride-komplekt-1-102-mm\/#breadcrumb\",\"itemListElement\":[{\"@type\":\"ListItem\",\"position\":1,\"name\":\"Home\",\"item\":\"https:\/\/staging.genekas24.ee\/\"},{\"@type\":\"ListItem\",\"position\":2,\"name\":\"Pood\",\"item\":\"https:\/\/staging.genekas24.ee\/pood\/\"},{\"@type\":\"ListItem\",\"position\":3,\"name\":\"Gson HSS-G 70-osaline koobaltpuuride komplekt 1\u201310,2 mm\"}]},{\"@type\":\"WebSite\",\"@id\":\"https:\/\/staging.genekas24.ee\/#website\",\"url\":\"https:\/\/staging.genekas24.ee\/\",\"name\":\"Genekas24\",\"description\":\"Generaatorid | K&ouml;nner S&ouml;hnen tooted | Genekas24\",\"publisher\":{\"@id\":\"https:\/\/staging.genekas24.ee\/#organization\"},\"potentialAction\":[{\"@type\":\"SearchAction\",\"target\":{\"@type\":\"EntryPoint\",\"urlTemplate\":\"https:\/\/staging.genekas24.ee\/?s={search_term_string}\"},\"query-input\":{\"@type\":\"PropertyValueSpecification\",\"valueRequired\":true,\"valueName\":\"search_term_string\"}}],\"inLanguage\":\"en-GB\"},{\"@type\":\"Organization\",\"@id\":\"https:\/\/staging.genekas24.ee\/#organization\",\"name\":\"Genekas24\",\"url\":\"https:\/\/staging.genekas24.ee\/\",\"logo\":{\"@type\":\"ImageObject\",\"inLanguage\":\"en-GB\",\"@id\":\"https:\/\/staging.genekas24.ee\/#\/schema\/logo\/image\/\",\"url\":\"https:\/\/staging.genekas24.ee\/wp-content\/uploads\/2026\/01\/genekas24-logo_black.svg\",\"contentUrl\":\"https:\/\/staging.genekas24.ee\/wp-content\/uploads\/2026\/01\/genekas24-logo_black.svg\",\"width\":840,\"height\":131,\"caption\":\"Genekas24\"},\"image\":{\"@id\":\"https:\/\/staging.genekas24.ee\/#\/schema\/logo\/image\/\"}}]}<\/script>\n<!-- \/ Yoast SEO plugin. -->","yoast_head_json":{"title":"Gson HSS-G 70-osaline koobaltpuuride komplekt 1\u201310,2 mm - Genekas24","robots":{"index":"index","follow":"follow","max-snippet":"max-snippet:-1","max-image-preview":"max-image-preview:large","max-video-preview":"max-video-preview:-1"},"canonical":"https:\/\/staging.genekas24.ee\/en\/product\/hss-g-70-osaline-koobaltpuuride-komplekt-1-102-mm\/","og_locale":"en_GB","og_type":"article","og_title":"Gson HSS-G 70-osaline koobaltpuuride komplekt 1\u201310,2 mm - Genekas24","og_description":"Eriline l\u00f5ikeviis v\u00f5imaldab puurimist ilma keskpunktm\u00e4rgita. K\u00f5rge legeeritusastmega (5% koobalt) teras tagab 5\u201310 korda pikema t\u00f6\u00f6ea v\u00f5rreldes tavalise HSS-puuriga. Puuriteral on vaakumoks\u00fcdeeritud koobaltpind, mis v\u00e4hendab h\u00f5\u00f5rdumist. Sobib puurimiseks terases, roostevabas terases, legeerterasest ning k\u00f5ikides valurahades. Sisaldab: 5 tk l\u00e4bim\u00f5\u00f5duga 1, 1,5, 2, 2,5, 3, 3,5, 4, 4,5, 5, 6 mm 3 tk l\u00e4bim\u00f5\u00f5duga 3,3, 4,2, [&hellip;]","og_url":"https:\/\/staging.genekas24.ee\/en\/product\/hss-g-70-osaline-koobaltpuuride-komplekt-1-102-mm\/","og_site_name":"Genekas24","article_modified_time":"2025-09-05T09:10:16+00:00","og_image":[{"width":1600,"height":1600,"url":"https:\/\/staging.genekas24.ee\/wp-content\/uploads\/2025\/06\/B830-Cobolt-Drill-Set-1-10.2.jpg","type":"image\/jpeg"}],"twitter_card":"summary_large_image","twitter_misc":{"Estimated reading time":"1 minute"},"schema":{"@context":"https:\/\/schema.org","@graph":[{"@type":"WebPage","@id":"https:\/\/staging.genekas24.ee\/toode\/hss-g-70-osaline-koobaltpuuride-komplekt-1-102-mm\/","url":"https:\/\/staging.genekas24.ee\/toode\/hss-g-70-osaline-koobaltpuuride-komplekt-1-102-mm\/","name":"Gson HSS-G 70-osaline koobaltpuuride komplekt 1\u201310,2 mm - Genekas24","isPartOf":{"@id":"https:\/\/staging.genekas24.ee\/#website"},"primaryImageOfPage":{"@id":"https:\/\/staging.genekas24.ee\/toode\/hss-g-70-osaline-koobaltpuuride-komplekt-1-102-mm\/#primaryimage"},"image":{"@id":"https:\/\/staging.genekas24.ee\/toode\/hss-g-70-osaline-koobaltpuuride-komplekt-1-102-mm\/#primaryimage"},"thumbnailUrl":"https:\/\/staging.genekas24.ee\/wp-content\/uploads\/2025\/06\/B830-Cobolt-Drill-Set-1-10.2.jpg","datePublished":"2025-06-13T07:55:11+00:00","dateModified":"2025-09-05T09:10:16+00:00","breadcrumb":{"@id":"https:\/\/staging.genekas24.ee\/toode\/hss-g-70-osaline-koobaltpuuride-komplekt-1-102-mm\/#breadcrumb"},"inLanguage":"en-GB","potentialAction":[{"@type":"ReadAction","target":["https:\/\/staging.genekas24.ee\/toode\/hss-g-70-osaline-koobaltpuuride-komplekt-1-102-mm\/"]}]},{"@type":"ImageObject","inLanguage":"en-GB","@id":"https:\/\/staging.genekas24.ee\/toode\/hss-g-70-osaline-koobaltpuuride-komplekt-1-102-mm\/#primaryimage","url":"https:\/\/staging.genekas24.ee\/wp-content\/uploads\/2025\/06\/B830-Cobolt-Drill-Set-1-10.2.jpg","contentUrl":"https:\/\/staging.genekas24.ee\/wp-content\/uploads\/2025\/06\/B830-Cobolt-Drill-Set-1-10.2.jpg","width":1600,"height":1600},{"@type":"BreadcrumbList","@id":"https:\/\/staging.genekas24.ee\/toode\/hss-g-70-osaline-koobaltpuuride-komplekt-1-102-mm\/#breadcrumb","itemListElement":[{"@type":"ListItem","position":1,"name":"Home","item":"https:\/\/staging.genekas24.ee\/"},{"@type":"ListItem","position":2,"name":"Pood","item":"https:\/\/staging.genekas24.ee\/pood\/"},{"@type":"ListItem","position":3,"name":"Gson HSS-G 70-osaline koobaltpuuride komplekt 1\u201310,2 mm"}]},{"@type":"WebSite","@id":"https:\/\/staging.genekas24.ee\/#website","url":"https:\/\/staging.genekas24.ee\/","name":"Genekas24","description":"Generaatorid | K&ouml;nner S&ouml;hnen tooted | Genekas24","publisher":{"@id":"https:\/\/staging.genekas24.ee\/#organization"},"potentialAction":[{"@type":"SearchAction","target":{"@type":"EntryPoint","urlTemplate":"https:\/\/staging.genekas24.ee\/?s={search_term_string}"},"query-input":{"@type":"PropertyValueSpecification","valueRequired":true,"valueName":"search_term_string"}}],"inLanguage":"en-GB"},{"@type":"Organization","@id":"https:\/\/staging.genekas24.ee\/#organization","name":"Genekas24","url":"https:\/\/staging.genekas24.ee\/","logo":{"@type":"ImageObject","inLanguage":"en-GB","@id":"https:\/\/staging.genekas24.ee\/#\/schema\/logo\/image\/","url":"https:\/\/staging.genekas24.ee\/wp-content\/uploads\/2026\/01\/genekas24-logo_black.svg","contentUrl":"https:\/\/staging.genekas24.ee\/wp-content\/uploads\/2026\/01\/genekas24-logo_black.svg","width":840,"height":131,"caption":"Genekas24"},"image":{"@id":"https:\/\/staging.genekas24.ee\/#\/schema\/logo\/image\/"}}]}},"_links":{"self":[{"href":"https:\/\/staging.genekas24.ee\/en\/wp-json\/wp\/v2\/product\/19335","targetHints":{"allow":["GET"]}}],"collection":[{"href":"https:\/\/staging.genekas24.ee\/en\/wp-json\/wp\/v2\/product"}],"about":[{"href":"https:\/\/staging.genekas24.ee\/en\/wp-json\/wp\/v2\/types\/product"}],"version-history":[{"count":2,"href":"https:\/\/staging.genekas24.ee\/en\/wp-json\/wp\/v2\/product\/19335\/revisions"}],"predecessor-version":[{"id":19541,"href":"https:\/\/staging.genekas24.ee\/en\/wp-json\/wp\/v2\/product\/19335\/revisions\/19541"}],"wp:featuredmedia":[{"embeddable":true,"href":"https:\/\/staging.genekas24.ee\/en\/wp-json\/wp\/v2\/media\/19336"}],"wp:attachment":[{"href":"https:\/\/staging.genekas24.ee\/en\/wp-json\/wp\/v2\/media?parent=19335"}],"wp:term":[{"taxonomy":"product_brand","embeddable":true,"href":"https:\/\/staging.genekas24.ee\/en\/wp-json\/wp\/v2\/product_brand?post=19335"},{"taxonomy":"product_cat","embeddable":true,"href":"https:\/\/staging.genekas24.ee\/en\/wp-json\/wp\/v2\/product_cat?post=19335"},{"taxonomy":"product_tag","embeddable":true,"href":"https:\/\/staging.genekas24.ee\/en\/wp-json\/wp\/v2\/product_tag?post=19335"}],"curies":[{"name":"wp","href":"https:\/\/api.w.org\/{rel}","templated":true}]}}