{"id":19331,"date":"2025-06-13T07:55:00","date_gmt":"2025-06-13T07:55:00","guid":{"rendered":"https:\/\/staging.genekas24.ee\/?post_type=product&#038;p=19331"},"modified":"2025-09-05T09:13:16","modified_gmt":"2025-09-05T09:13:16","slug":"hss-g-tin-220-osaline-puurkomplekt-1-13-mm","status":"publish","type":"product","link":"https:\/\/staging.genekas24.ee\/en\/product\/hss-g-tin-220-osaline-puurkomplekt-1-13-mm\/","title":{"rendered":"Gson HSS-G TiN 220-osaline puurkomplekt 1\u201313 mm"},"content":{"rendered":"<p>Kvaliteetsest HSS-G terasest puuritera parima v\u00f5imaliku teravuse ja vastupidavuse tagamiseks. Titaanisulamist DIN 338 spiraalpuur. Puur on v\u00e4ga purunemiskindel ja sobib enamiku materjalide puurimiseks. Optimaalne laastueemaldus ja teraviku nurk 118\u00b0 kuni 2,5 mm ja 135\u00b0 alates 3,0 mm. Spetsiaalselt loodud legeer- ja legeerimata terase, valandite, paagutatud metalli, grafiidi, pronksi ja messingi puurimiseks.<\/p>\n<p data-start=\"29\" data-end=\"39\">Sisaldab:<\/p>\n<ul data-start=\"40\" data-end=\"162\" data-is-last-node=\"\" data-is-only-node=\"\">\n<li data-start=\"40\" data-end=\"84\">\n<p data-start=\"42\" data-end=\"84\">10 tk l\u00e4bim\u00f5\u00f5duga 1\u20138 mm, 0,5 mm sammuga suuremaks<\/p>\n<\/li>\n<li data-start=\"85\" data-end=\"117\">\n<p data-start=\"87\" data-end=\"117\">10 tk l\u00e4bim\u00f5\u00f5duga 3,3\u20134,2 mm<\/p>\n<\/li>\n<li data-start=\"118\" data-end=\"162\" data-is-last-node=\"\">\n<p data-start=\"120\" data-end=\"162\" data-is-last-node=\"\">5 tk l\u00e4bim\u00f5\u00f5duga 8,5\u201313 mm, 0,5 mm\u00a0 sammuga suuremaks<\/p>\n<\/li>\n<\/ul>","protected":false},"excerpt":{"rendered":"<p>Kvaliteetsest HSS-G terasest puuritera parima v\u00f5imaliku teravuse ja vastupidavuse tagamiseks. Titaanisulamist DIN 338 spiraalpuur. Puur on v\u00e4ga purunemiskindel ja sobib enamiku materjalide puurimiseks. Optimaalne laastueemaldus ja teraviku nurk 118\u00b0 kuni 2,5 mm ja 135\u00b0 alates 3,0 mm. Spetsiaalselt loodud legeer- ja legeerimata terase, valandite, paagutatud metalli, grafiidi, pronksi ja messingi puurimiseks. Sisaldab: 10 tk l\u00e4bim\u00f5\u00f5duga [&hellip;]<\/p>","protected":false},"featured_media":19332,"template":"","meta":{"_acf_changed":false,"inline_featured_image":false},"product_brand":[],"product_cat":[149],"product_tag":[],"class_list":{"0":"post-19331","1":"product","2":"type-product","3":"status-publish","4":"has-post-thumbnail","6":"product_cat-puurid-ja-padrunid","7":"product_shipping_class-vaikepakk","8":"brand-gson","10":"first","11":"instock","12":"taxable","13":"shipping-taxable","14":"purchasable","15":"product-type-simple"},"acf":[],"yoast_head":"<!-- This site is optimized with the Yoast SEO plugin v26.2 - https:\/\/yoast.com\/wordpress\/plugins\/seo\/ -->\n<title>Gson HSS-G TiN 220-osaline puurkomplekt 1\u201313 mm - Genekas24<\/title>\n<meta name=\"robots\" content=\"index, follow, max-snippet:-1, max-image-preview:large, max-video-preview:-1\" \/>\n<link rel=\"canonical\" href=\"https:\/\/staging.genekas24.ee\/en\/product\/hss-g-tin-220-osaline-puurkomplekt-1-13-mm\/\" \/>\n<meta property=\"og:locale\" content=\"en_GB\" \/>\n<meta property=\"og:type\" content=\"article\" \/>\n<meta property=\"og:title\" content=\"Gson HSS-G TiN 220-osaline puurkomplekt 1\u201313 mm - Genekas24\" \/>\n<meta property=\"og:description\" content=\"Kvaliteetsest HSS-G terasest puuritera parima v\u00f5imaliku teravuse ja vastupidavuse tagamiseks. Titaanisulamist DIN 338 spiraalpuur. Puur on v\u00e4ga purunemiskindel ja sobib enamiku materjalide puurimiseks. Optimaalne laastueemaldus ja teraviku nurk 118\u00b0 kuni 2,5 mm ja 135\u00b0 alates 3,0 mm. Spetsiaalselt loodud legeer- ja legeerimata terase, valandite, paagutatud metalli, grafiidi, pronksi ja messingi puurimiseks. Sisaldab: 10 tk l\u00e4bim\u00f5\u00f5duga [&hellip;]\" \/>\n<meta property=\"og:url\" content=\"https:\/\/staging.genekas24.ee\/en\/product\/hss-g-tin-220-osaline-puurkomplekt-1-13-mm\/\" \/>\n<meta property=\"og:site_name\" content=\"Genekas24\" \/>\n<meta property=\"article:modified_time\" content=\"2025-09-05T09:13:16+00:00\" \/>\n<meta property=\"og:image\" content=\"https:\/\/staging.genekas24.ee\/wp-content\/uploads\/2025\/06\/B230-HSS-G-TiN-Drill-Set-1-13.jpg\" \/>\n\t<meta property=\"og:image:width\" content=\"1600\" \/>\n\t<meta property=\"og:image:height\" content=\"1600\" \/>\n\t<meta property=\"og:image:type\" content=\"image\/jpeg\" \/>\n<meta name=\"twitter:card\" content=\"summary_large_image\" \/>\n<meta name=\"twitter:label1\" content=\"Estimated reading time\" \/>\n\t<meta name=\"twitter:data1\" content=\"1 minute\" \/>\n<script type=\"application\/ld+json\" class=\"yoast-schema-graph\">{\"@context\":\"https:\/\/schema.org\",\"@graph\":[{\"@type\":\"WebPage\",\"@id\":\"https:\/\/staging.genekas24.ee\/toode\/hss-g-tin-220-osaline-puurkomplekt-1-13-mm\/\",\"url\":\"https:\/\/staging.genekas24.ee\/toode\/hss-g-tin-220-osaline-puurkomplekt-1-13-mm\/\",\"name\":\"Gson HSS-G TiN 220-osaline puurkomplekt 1\u201313 mm - Genekas24\",\"isPartOf\":{\"@id\":\"https:\/\/staging.genekas24.ee\/#website\"},\"primaryImageOfPage\":{\"@id\":\"https:\/\/staging.genekas24.ee\/toode\/hss-g-tin-220-osaline-puurkomplekt-1-13-mm\/#primaryimage\"},\"image\":{\"@id\":\"https:\/\/staging.genekas24.ee\/toode\/hss-g-tin-220-osaline-puurkomplekt-1-13-mm\/#primaryimage\"},\"thumbnailUrl\":\"https:\/\/staging.genekas24.ee\/wp-content\/uploads\/2025\/06\/B230-HSS-G-TiN-Drill-Set-1-13.jpg\",\"datePublished\":\"2025-06-13T07:55:00+00:00\",\"dateModified\":\"2025-09-05T09:13:16+00:00\",\"breadcrumb\":{\"@id\":\"https:\/\/staging.genekas24.ee\/toode\/hss-g-tin-220-osaline-puurkomplekt-1-13-mm\/#breadcrumb\"},\"inLanguage\":\"en-GB\",\"potentialAction\":[{\"@type\":\"ReadAction\",\"target\":[\"https:\/\/staging.genekas24.ee\/toode\/hss-g-tin-220-osaline-puurkomplekt-1-13-mm\/\"]}]},{\"@type\":\"ImageObject\",\"inLanguage\":\"en-GB\",\"@id\":\"https:\/\/staging.genekas24.ee\/toode\/hss-g-tin-220-osaline-puurkomplekt-1-13-mm\/#primaryimage\",\"url\":\"https:\/\/staging.genekas24.ee\/wp-content\/uploads\/2025\/06\/B230-HSS-G-TiN-Drill-Set-1-13.jpg\",\"contentUrl\":\"https:\/\/staging.genekas24.ee\/wp-content\/uploads\/2025\/06\/B230-HSS-G-TiN-Drill-Set-1-13.jpg\",\"width\":1600,\"height\":1600},{\"@type\":\"BreadcrumbList\",\"@id\":\"https:\/\/staging.genekas24.ee\/toode\/hss-g-tin-220-osaline-puurkomplekt-1-13-mm\/#breadcrumb\",\"itemListElement\":[{\"@type\":\"ListItem\",\"position\":1,\"name\":\"Home\",\"item\":\"https:\/\/staging.genekas24.ee\/\"},{\"@type\":\"ListItem\",\"position\":2,\"name\":\"Pood\",\"item\":\"https:\/\/staging.genekas24.ee\/pood\/\"},{\"@type\":\"ListItem\",\"position\":3,\"name\":\"Gson HSS-G TiN 220-osaline puurkomplekt 1\u201313 mm\"}]},{\"@type\":\"WebSite\",\"@id\":\"https:\/\/staging.genekas24.ee\/#website\",\"url\":\"https:\/\/staging.genekas24.ee\/\",\"name\":\"Genekas24\",\"description\":\"Generaatorid | K&ouml;nner S&ouml;hnen tooted | Genekas24\",\"publisher\":{\"@id\":\"https:\/\/staging.genekas24.ee\/#organization\"},\"potentialAction\":[{\"@type\":\"SearchAction\",\"target\":{\"@type\":\"EntryPoint\",\"urlTemplate\":\"https:\/\/staging.genekas24.ee\/?s={search_term_string}\"},\"query-input\":{\"@type\":\"PropertyValueSpecification\",\"valueRequired\":true,\"valueName\":\"search_term_string\"}}],\"inLanguage\":\"en-GB\"},{\"@type\":\"Organization\",\"@id\":\"https:\/\/staging.genekas24.ee\/#organization\",\"name\":\"Genekas24\",\"url\":\"https:\/\/staging.genekas24.ee\/\",\"logo\":{\"@type\":\"ImageObject\",\"inLanguage\":\"en-GB\",\"@id\":\"https:\/\/staging.genekas24.ee\/#\/schema\/logo\/image\/\",\"url\":\"https:\/\/staging.genekas24.ee\/wp-content\/uploads\/2026\/01\/genekas24-logo_black.svg\",\"contentUrl\":\"https:\/\/staging.genekas24.ee\/wp-content\/uploads\/2026\/01\/genekas24-logo_black.svg\",\"width\":840,\"height\":131,\"caption\":\"Genekas24\"},\"image\":{\"@id\":\"https:\/\/staging.genekas24.ee\/#\/schema\/logo\/image\/\"}}]}<\/script>\n<!-- \/ Yoast SEO plugin. -->","yoast_head_json":{"title":"Gson HSS-G TiN 220-osaline puurkomplekt 1\u201313 mm - Genekas24","robots":{"index":"index","follow":"follow","max-snippet":"max-snippet:-1","max-image-preview":"max-image-preview:large","max-video-preview":"max-video-preview:-1"},"canonical":"https:\/\/staging.genekas24.ee\/en\/product\/hss-g-tin-220-osaline-puurkomplekt-1-13-mm\/","og_locale":"en_GB","og_type":"article","og_title":"Gson HSS-G TiN 220-osaline puurkomplekt 1\u201313 mm - Genekas24","og_description":"Kvaliteetsest HSS-G terasest puuritera parima v\u00f5imaliku teravuse ja vastupidavuse tagamiseks. Titaanisulamist DIN 338 spiraalpuur. Puur on v\u00e4ga purunemiskindel ja sobib enamiku materjalide puurimiseks. Optimaalne laastueemaldus ja teraviku nurk 118\u00b0 kuni 2,5 mm ja 135\u00b0 alates 3,0 mm. Spetsiaalselt loodud legeer- ja legeerimata terase, valandite, paagutatud metalli, grafiidi, pronksi ja messingi puurimiseks. Sisaldab: 10 tk l\u00e4bim\u00f5\u00f5duga [&hellip;]","og_url":"https:\/\/staging.genekas24.ee\/en\/product\/hss-g-tin-220-osaline-puurkomplekt-1-13-mm\/","og_site_name":"Genekas24","article_modified_time":"2025-09-05T09:13:16+00:00","og_image":[{"width":1600,"height":1600,"url":"https:\/\/staging.genekas24.ee\/wp-content\/uploads\/2025\/06\/B230-HSS-G-TiN-Drill-Set-1-13.jpg","type":"image\/jpeg"}],"twitter_card":"summary_large_image","twitter_misc":{"Estimated reading time":"1 minute"},"schema":{"@context":"https:\/\/schema.org","@graph":[{"@type":"WebPage","@id":"https:\/\/staging.genekas24.ee\/toode\/hss-g-tin-220-osaline-puurkomplekt-1-13-mm\/","url":"https:\/\/staging.genekas24.ee\/toode\/hss-g-tin-220-osaline-puurkomplekt-1-13-mm\/","name":"Gson HSS-G TiN 220-osaline puurkomplekt 1\u201313 mm - Genekas24","isPartOf":{"@id":"https:\/\/staging.genekas24.ee\/#website"},"primaryImageOfPage":{"@id":"https:\/\/staging.genekas24.ee\/toode\/hss-g-tin-220-osaline-puurkomplekt-1-13-mm\/#primaryimage"},"image":{"@id":"https:\/\/staging.genekas24.ee\/toode\/hss-g-tin-220-osaline-puurkomplekt-1-13-mm\/#primaryimage"},"thumbnailUrl":"https:\/\/staging.genekas24.ee\/wp-content\/uploads\/2025\/06\/B230-HSS-G-TiN-Drill-Set-1-13.jpg","datePublished":"2025-06-13T07:55:00+00:00","dateModified":"2025-09-05T09:13:16+00:00","breadcrumb":{"@id":"https:\/\/staging.genekas24.ee\/toode\/hss-g-tin-220-osaline-puurkomplekt-1-13-mm\/#breadcrumb"},"inLanguage":"en-GB","potentialAction":[{"@type":"ReadAction","target":["https:\/\/staging.genekas24.ee\/toode\/hss-g-tin-220-osaline-puurkomplekt-1-13-mm\/"]}]},{"@type":"ImageObject","inLanguage":"en-GB","@id":"https:\/\/staging.genekas24.ee\/toode\/hss-g-tin-220-osaline-puurkomplekt-1-13-mm\/#primaryimage","url":"https:\/\/staging.genekas24.ee\/wp-content\/uploads\/2025\/06\/B230-HSS-G-TiN-Drill-Set-1-13.jpg","contentUrl":"https:\/\/staging.genekas24.ee\/wp-content\/uploads\/2025\/06\/B230-HSS-G-TiN-Drill-Set-1-13.jpg","width":1600,"height":1600},{"@type":"BreadcrumbList","@id":"https:\/\/staging.genekas24.ee\/toode\/hss-g-tin-220-osaline-puurkomplekt-1-13-mm\/#breadcrumb","itemListElement":[{"@type":"ListItem","position":1,"name":"Home","item":"https:\/\/staging.genekas24.ee\/"},{"@type":"ListItem","position":2,"name":"Pood","item":"https:\/\/staging.genekas24.ee\/pood\/"},{"@type":"ListItem","position":3,"name":"Gson HSS-G TiN 220-osaline puurkomplekt 1\u201313 mm"}]},{"@type":"WebSite","@id":"https:\/\/staging.genekas24.ee\/#website","url":"https:\/\/staging.genekas24.ee\/","name":"Genekas24","description":"Generaatorid | K&ouml;nner S&ouml;hnen tooted | Genekas24","publisher":{"@id":"https:\/\/staging.genekas24.ee\/#organization"},"potentialAction":[{"@type":"SearchAction","target":{"@type":"EntryPoint","urlTemplate":"https:\/\/staging.genekas24.ee\/?s={search_term_string}"},"query-input":{"@type":"PropertyValueSpecification","valueRequired":true,"valueName":"search_term_string"}}],"inLanguage":"en-GB"},{"@type":"Organization","@id":"https:\/\/staging.genekas24.ee\/#organization","name":"Genekas24","url":"https:\/\/staging.genekas24.ee\/","logo":{"@type":"ImageObject","inLanguage":"en-GB","@id":"https:\/\/staging.genekas24.ee\/#\/schema\/logo\/image\/","url":"https:\/\/staging.genekas24.ee\/wp-content\/uploads\/2026\/01\/genekas24-logo_black.svg","contentUrl":"https:\/\/staging.genekas24.ee\/wp-content\/uploads\/2026\/01\/genekas24-logo_black.svg","width":840,"height":131,"caption":"Genekas24"},"image":{"@id":"https:\/\/staging.genekas24.ee\/#\/schema\/logo\/image\/"}}]}},"_links":{"self":[{"href":"https:\/\/staging.genekas24.ee\/en\/wp-json\/wp\/v2\/product\/19331","targetHints":{"allow":["GET"]}}],"collection":[{"href":"https:\/\/staging.genekas24.ee\/en\/wp-json\/wp\/v2\/product"}],"about":[{"href":"https:\/\/staging.genekas24.ee\/en\/wp-json\/wp\/v2\/types\/product"}],"version-history":[{"count":3,"href":"https:\/\/staging.genekas24.ee\/en\/wp-json\/wp\/v2\/product\/19331\/revisions"}],"predecessor-version":[{"id":19542,"href":"https:\/\/staging.genekas24.ee\/en\/wp-json\/wp\/v2\/product\/19331\/revisions\/19542"}],"wp:featuredmedia":[{"embeddable":true,"href":"https:\/\/staging.genekas24.ee\/en\/wp-json\/wp\/v2\/media\/19332"}],"wp:attachment":[{"href":"https:\/\/staging.genekas24.ee\/en\/wp-json\/wp\/v2\/media?parent=19331"}],"wp:term":[{"taxonomy":"product_brand","embeddable":true,"href":"https:\/\/staging.genekas24.ee\/en\/wp-json\/wp\/v2\/product_brand?post=19331"},{"taxonomy":"product_cat","embeddable":true,"href":"https:\/\/staging.genekas24.ee\/en\/wp-json\/wp\/v2\/product_cat?post=19331"},{"taxonomy":"product_tag","embeddable":true,"href":"https:\/\/staging.genekas24.ee\/en\/wp-json\/wp\/v2\/product_tag?post=19331"}],"curies":[{"name":"wp","href":"https:\/\/api.w.org\/{rel}","templated":true}]}}