{"id":19310,"date":"2025-06-13T07:56:05","date_gmt":"2025-06-13T07:56:05","guid":{"rendered":"https:\/\/staging.genekas24.ee\/?post_type=product&#038;p=19310"},"modified":"2025-09-05T09:06:26","modified_gmt":"2025-09-05T09:06:26","slug":"led-pealamp-v5","status":"publish","type":"product","link":"https:\/\/staging.genekas24.ee\/en\/product\/led-pealamp-v5\/","title":{"rendered":"Gson LED-pealamp V5"},"content":{"rendered":"<p>Suure j\u00f5udlusega Cree LED-pealamp USB kaudu laetava aku ja aku oleku indikaatoriga. Lampi saab vastavalt vajadusele reguleerida ja sellel on lai valgusvihk. Peav\u00f5rul on ohutuse tagamiseks helkurtekst ja sisek\u00fcljel silikoon hea haarduvuse tagamiseks kiivril. 3 re\u017eiimi (madal\/keskmine\/k\u00f5rge).<\/p>\n<p>\u2022 M\u00f5\u00f5tmed: 83 x 45,5 x 28,6 mm<br \/>\n\u2022 Kaal: 153 g (ilma akuta)<\/p>","protected":false},"excerpt":{"rendered":"<table class=\"w-fit min-w-(--thread-content-width)\" data-start=\"29\" data-end=\"492\">\n<tbody data-start=\"162\" data-end=\"492\">\n<tr data-start=\"162\" data-end=\"227\">\n<td data-start=\"162\" data-end=\"189\" data-col-size=\"sm\">Valguskaugus<\/td>\n<td data-start=\"189\" data-end=\"227\" data-col-size=\"sm\">49 m<\/td>\n<\/tr>\n<tr data-start=\"228\" data-end=\"293\">\n<td data-start=\"228\" data-end=\"255\" data-col-size=\"sm\">LED<\/td>\n<td data-start=\"255\" data-end=\"293\" data-col-size=\"sm\">CREE XPL HD V5<\/td>\n<\/tr>\n<tr data-start=\"294\" data-end=\"360\">\n<td data-start=\"294\" data-end=\"322\" data-col-size=\"sm\">Aku t\u00f6\u00f6aeg (k\u00f5rge v\u00f5imsus)<\/td>\n<td data-start=\"322\" data-end=\"360\" data-col-size=\"sm\">8 \/ 2,5 \/ 2 tundi<\/td>\n<\/tr>\n<tr data-start=\"361\" data-end=\"426\">\n<td data-start=\"361\" data-end=\"388\" data-col-size=\"sm\">Aku<\/td>\n<td data-start=\"388\" data-end=\"426\" data-col-size=\"sm\">1 \u00d7 18650<\/td>\n<\/tr>\n<tr data-start=\"427\" data-end=\"492\">\n<td data-start=\"427\" data-end=\"454\" data-col-size=\"sm\">Valgustugevus<\/td>\n<td data-start=\"454\" data-end=\"492\" data-col-size=\"sm\">100 \/ 450 \/ 900 luumenit<\/td>\n<\/tr>\n<\/tbody>\n<\/table>","protected":false},"featured_media":19311,"template":"","meta":{"_acf_changed":false,"inline_featured_image":false},"product_brand":[],"product_cat":[152],"product_tag":[],"class_list":{"0":"post-19310","1":"product","2":"type-product","3":"status-publish","4":"has-post-thumbnail","6":"product_cat-lambid","7":"product_shipping_class-vaikepakk","8":"brand-gson","10":"first","11":"instock","12":"taxable","13":"shipping-taxable","14":"purchasable","15":"product-type-simple"},"acf":[],"yoast_head":"<!-- This site is optimized with the Yoast SEO plugin v26.2 - https:\/\/yoast.com\/wordpress\/plugins\/seo\/ -->\n<title>Gson LED-pealamp V5 - Genekas24<\/title>\n<meta name=\"robots\" content=\"index, follow, max-snippet:-1, max-image-preview:large, max-video-preview:-1\" \/>\n<link rel=\"canonical\" href=\"https:\/\/staging.genekas24.ee\/en\/product\/led-pealamp-v5\/\" \/>\n<meta property=\"og:locale\" content=\"en_GB\" \/>\n<meta property=\"og:type\" content=\"article\" \/>\n<meta property=\"og:title\" content=\"Gson LED-pealamp V5 - Genekas24\" \/>\n<meta property=\"og:description\" content=\"Valguskaugus 49 m   LED CREE XPL HD V5   Aku t\u00f6\u00f6aeg (k\u00f5rge v\u00f5imsus) 8 \/ 2,5 \/ 2 tundi   Aku 1 \u00d7 18650   Valgustugevus 100 \/ 450 \/ 900 luumenit\" \/>\n<meta property=\"og:url\" content=\"https:\/\/staging.genekas24.ee\/en\/product\/led-pealamp-v5\/\" \/>\n<meta property=\"og:site_name\" content=\"Genekas24\" \/>\n<meta property=\"article:modified_time\" content=\"2025-09-05T09:06:26+00:00\" \/>\n<meta property=\"og:image\" content=\"https:\/\/staging.genekas24.ee\/wp-content\/uploads\/2025\/06\/T272-LED-Head-Light-V5.jpg\" \/>\n\t<meta property=\"og:image:width\" content=\"1600\" \/>\n\t<meta property=\"og:image:height\" content=\"1600\" \/>\n\t<meta property=\"og:image:type\" content=\"image\/jpeg\" \/>\n<meta name=\"twitter:card\" content=\"summary_large_image\" \/>\n<meta name=\"twitter:label1\" content=\"Estimated reading time\" \/>\n\t<meta name=\"twitter:data1\" content=\"1 minute\" \/>\n<script type=\"application\/ld+json\" class=\"yoast-schema-graph\">{\"@context\":\"https:\/\/schema.org\",\"@graph\":[{\"@type\":\"WebPage\",\"@id\":\"https:\/\/staging.genekas24.ee\/toode\/led-pealamp-v5\/\",\"url\":\"https:\/\/staging.genekas24.ee\/toode\/led-pealamp-v5\/\",\"name\":\"Gson LED-pealamp V5 - Genekas24\",\"isPartOf\":{\"@id\":\"https:\/\/staging.genekas24.ee\/#website\"},\"primaryImageOfPage\":{\"@id\":\"https:\/\/staging.genekas24.ee\/toode\/led-pealamp-v5\/#primaryimage\"},\"image\":{\"@id\":\"https:\/\/staging.genekas24.ee\/toode\/led-pealamp-v5\/#primaryimage\"},\"thumbnailUrl\":\"https:\/\/staging.genekas24.ee\/wp-content\/uploads\/2025\/06\/T272-LED-Head-Light-V5.jpg\",\"datePublished\":\"2025-06-13T07:56:05+00:00\",\"dateModified\":\"2025-09-05T09:06:26+00:00\",\"breadcrumb\":{\"@id\":\"https:\/\/staging.genekas24.ee\/toode\/led-pealamp-v5\/#breadcrumb\"},\"inLanguage\":\"en-GB\",\"potentialAction\":[{\"@type\":\"ReadAction\",\"target\":[\"https:\/\/staging.genekas24.ee\/toode\/led-pealamp-v5\/\"]}]},{\"@type\":\"ImageObject\",\"inLanguage\":\"en-GB\",\"@id\":\"https:\/\/staging.genekas24.ee\/toode\/led-pealamp-v5\/#primaryimage\",\"url\":\"https:\/\/staging.genekas24.ee\/wp-content\/uploads\/2025\/06\/T272-LED-Head-Light-V5.jpg\",\"contentUrl\":\"https:\/\/staging.genekas24.ee\/wp-content\/uploads\/2025\/06\/T272-LED-Head-Light-V5.jpg\",\"width\":1600,\"height\":1600},{\"@type\":\"BreadcrumbList\",\"@id\":\"https:\/\/staging.genekas24.ee\/toode\/led-pealamp-v5\/#breadcrumb\",\"itemListElement\":[{\"@type\":\"ListItem\",\"position\":1,\"name\":\"Home\",\"item\":\"https:\/\/staging.genekas24.ee\/\"},{\"@type\":\"ListItem\",\"position\":2,\"name\":\"Pood\",\"item\":\"https:\/\/staging.genekas24.ee\/pood\/\"},{\"@type\":\"ListItem\",\"position\":3,\"name\":\"Gson LED-pealamp V5\"}]},{\"@type\":\"WebSite\",\"@id\":\"https:\/\/staging.genekas24.ee\/#website\",\"url\":\"https:\/\/staging.genekas24.ee\/\",\"name\":\"Genekas24\",\"description\":\"Generaatorid | K&ouml;nner S&ouml;hnen tooted | Genekas24\",\"publisher\":{\"@id\":\"https:\/\/staging.genekas24.ee\/#organization\"},\"potentialAction\":[{\"@type\":\"SearchAction\",\"target\":{\"@type\":\"EntryPoint\",\"urlTemplate\":\"https:\/\/staging.genekas24.ee\/?s={search_term_string}\"},\"query-input\":{\"@type\":\"PropertyValueSpecification\",\"valueRequired\":true,\"valueName\":\"search_term_string\"}}],\"inLanguage\":\"en-GB\"},{\"@type\":\"Organization\",\"@id\":\"https:\/\/staging.genekas24.ee\/#organization\",\"name\":\"Genekas24\",\"url\":\"https:\/\/staging.genekas24.ee\/\",\"logo\":{\"@type\":\"ImageObject\",\"inLanguage\":\"en-GB\",\"@id\":\"https:\/\/staging.genekas24.ee\/#\/schema\/logo\/image\/\",\"url\":\"https:\/\/staging.genekas24.ee\/wp-content\/uploads\/2026\/01\/genekas24-logo_black.svg\",\"contentUrl\":\"https:\/\/staging.genekas24.ee\/wp-content\/uploads\/2026\/01\/genekas24-logo_black.svg\",\"width\":840,\"height\":131,\"caption\":\"Genekas24\"},\"image\":{\"@id\":\"https:\/\/staging.genekas24.ee\/#\/schema\/logo\/image\/\"}}]}<\/script>\n<!-- \/ Yoast SEO plugin. -->","yoast_head_json":{"title":"Gson LED-pealamp V5 - Genekas24","robots":{"index":"index","follow":"follow","max-snippet":"max-snippet:-1","max-image-preview":"max-image-preview:large","max-video-preview":"max-video-preview:-1"},"canonical":"https:\/\/staging.genekas24.ee\/en\/product\/led-pealamp-v5\/","og_locale":"en_GB","og_type":"article","og_title":"Gson LED-pealamp V5 - Genekas24","og_description":"Valguskaugus 49 m   LED CREE XPL HD V5   Aku t\u00f6\u00f6aeg (k\u00f5rge v\u00f5imsus) 8 \/ 2,5 \/ 2 tundi   Aku 1 \u00d7 18650   Valgustugevus 100 \/ 450 \/ 900 luumenit","og_url":"https:\/\/staging.genekas24.ee\/en\/product\/led-pealamp-v5\/","og_site_name":"Genekas24","article_modified_time":"2025-09-05T09:06:26+00:00","og_image":[{"width":1600,"height":1600,"url":"https:\/\/staging.genekas24.ee\/wp-content\/uploads\/2025\/06\/T272-LED-Head-Light-V5.jpg","type":"image\/jpeg"}],"twitter_card":"summary_large_image","twitter_misc":{"Estimated reading time":"1 minute"},"schema":{"@context":"https:\/\/schema.org","@graph":[{"@type":"WebPage","@id":"https:\/\/staging.genekas24.ee\/toode\/led-pealamp-v5\/","url":"https:\/\/staging.genekas24.ee\/toode\/led-pealamp-v5\/","name":"Gson LED-pealamp V5 - Genekas24","isPartOf":{"@id":"https:\/\/staging.genekas24.ee\/#website"},"primaryImageOfPage":{"@id":"https:\/\/staging.genekas24.ee\/toode\/led-pealamp-v5\/#primaryimage"},"image":{"@id":"https:\/\/staging.genekas24.ee\/toode\/led-pealamp-v5\/#primaryimage"},"thumbnailUrl":"https:\/\/staging.genekas24.ee\/wp-content\/uploads\/2025\/06\/T272-LED-Head-Light-V5.jpg","datePublished":"2025-06-13T07:56:05+00:00","dateModified":"2025-09-05T09:06:26+00:00","breadcrumb":{"@id":"https:\/\/staging.genekas24.ee\/toode\/led-pealamp-v5\/#breadcrumb"},"inLanguage":"en-GB","potentialAction":[{"@type":"ReadAction","target":["https:\/\/staging.genekas24.ee\/toode\/led-pealamp-v5\/"]}]},{"@type":"ImageObject","inLanguage":"en-GB","@id":"https:\/\/staging.genekas24.ee\/toode\/led-pealamp-v5\/#primaryimage","url":"https:\/\/staging.genekas24.ee\/wp-content\/uploads\/2025\/06\/T272-LED-Head-Light-V5.jpg","contentUrl":"https:\/\/staging.genekas24.ee\/wp-content\/uploads\/2025\/06\/T272-LED-Head-Light-V5.jpg","width":1600,"height":1600},{"@type":"BreadcrumbList","@id":"https:\/\/staging.genekas24.ee\/toode\/led-pealamp-v5\/#breadcrumb","itemListElement":[{"@type":"ListItem","position":1,"name":"Home","item":"https:\/\/staging.genekas24.ee\/"},{"@type":"ListItem","position":2,"name":"Pood","item":"https:\/\/staging.genekas24.ee\/pood\/"},{"@type":"ListItem","position":3,"name":"Gson LED-pealamp V5"}]},{"@type":"WebSite","@id":"https:\/\/staging.genekas24.ee\/#website","url":"https:\/\/staging.genekas24.ee\/","name":"Genekas24","description":"Generaatorid | K&ouml;nner S&ouml;hnen tooted | Genekas24","publisher":{"@id":"https:\/\/staging.genekas24.ee\/#organization"},"potentialAction":[{"@type":"SearchAction","target":{"@type":"EntryPoint","urlTemplate":"https:\/\/staging.genekas24.ee\/?s={search_term_string}"},"query-input":{"@type":"PropertyValueSpecification","valueRequired":true,"valueName":"search_term_string"}}],"inLanguage":"en-GB"},{"@type":"Organization","@id":"https:\/\/staging.genekas24.ee\/#organization","name":"Genekas24","url":"https:\/\/staging.genekas24.ee\/","logo":{"@type":"ImageObject","inLanguage":"en-GB","@id":"https:\/\/staging.genekas24.ee\/#\/schema\/logo\/image\/","url":"https:\/\/staging.genekas24.ee\/wp-content\/uploads\/2026\/01\/genekas24-logo_black.svg","contentUrl":"https:\/\/staging.genekas24.ee\/wp-content\/uploads\/2026\/01\/genekas24-logo_black.svg","width":840,"height":131,"caption":"Genekas24"},"image":{"@id":"https:\/\/staging.genekas24.ee\/#\/schema\/logo\/image\/"}}]}},"_links":{"self":[{"href":"https:\/\/staging.genekas24.ee\/en\/wp-json\/wp\/v2\/product\/19310","targetHints":{"allow":["GET"]}}],"collection":[{"href":"https:\/\/staging.genekas24.ee\/en\/wp-json\/wp\/v2\/product"}],"about":[{"href":"https:\/\/staging.genekas24.ee\/en\/wp-json\/wp\/v2\/types\/product"}],"version-history":[{"count":3,"href":"https:\/\/staging.genekas24.ee\/en\/wp-json\/wp\/v2\/product\/19310\/revisions"}],"predecessor-version":[{"id":19537,"href":"https:\/\/staging.genekas24.ee\/en\/wp-json\/wp\/v2\/product\/19310\/revisions\/19537"}],"wp:featuredmedia":[{"embeddable":true,"href":"https:\/\/staging.genekas24.ee\/en\/wp-json\/wp\/v2\/media\/19311"}],"wp:attachment":[{"href":"https:\/\/staging.genekas24.ee\/en\/wp-json\/wp\/v2\/media?parent=19310"}],"wp:term":[{"taxonomy":"product_brand","embeddable":true,"href":"https:\/\/staging.genekas24.ee\/en\/wp-json\/wp\/v2\/product_brand?post=19310"},{"taxonomy":"product_cat","embeddable":true,"href":"https:\/\/staging.genekas24.ee\/en\/wp-json\/wp\/v2\/product_cat?post=19310"},{"taxonomy":"product_tag","embeddable":true,"href":"https:\/\/staging.genekas24.ee\/en\/wp-json\/wp\/v2\/product_tag?post=19310"}],"curies":[{"name":"wp","href":"https:\/\/api.w.org\/{rel}","templated":true}]}}