{"id":19287,"date":"2025-06-13T07:56:48","date_gmt":"2025-06-13T07:56:48","guid":{"rendered":"https:\/\/staging.genekas24.ee\/?post_type=product&#038;p=19287"},"modified":"2025-09-05T09:04:31","modified_gmt":"2025-09-05T09:04:31","slug":"multiteri-starlock-puidule-jaapani-hambaga","status":"publish","type":"product","link":"https:\/\/staging.genekas24.ee\/en\/product\/multiteri-starlock-puidule-jaapani-hambaga\/","title":{"rendered":"Gson Multiblade Starlock puidule Jaapani hambaga"},"content":{"rendered":"<p>Kaherealiste \u201eJaapani hammastega\u201c v\u00f5nkuv saeketas k\u00f5ikide puitmaterjalide, kipsplaatide ja pehmete plastide l\u00f5ikamiseks. V\u00e4ga kiire l\u00f5ikekiirus ja maksimaalne t\u00e4psus. Kitsas ja kitsas saeleht optimaalse l\u00f5ikekiiruse ja hea laastueemalduse tagamiseks. Starlock Multiblade on varustatud Starlock-tehnoloogiaga, mis on tuntud oma k\u00f5rge kvaliteedi ja j\u00f5udluse poolest. Selle terad on spetsiaalselt loodud selliste materjalide nagu puit, metall ja plastik t\u00f5husaks l\u00f5ikamiseks.<\/p>","protected":false},"excerpt":{"rendered":"<table class=\"w-fit min-w-(--thread-content-width)\" style=\"width: 15.5423%;\" data-start=\"38\" data-end=\"435\">\n<tbody data-start=\"238\" data-end=\"435\">\n<tr data-start=\"238\" data-end=\"336\">\n<td style=\"width: 61.7284%;\" data-start=\"238\" data-end=\"282\" data-col-size=\"sm\">Laius<\/td>\n<td style=\"width: 61.7955%;\" data-start=\"282\" data-end=\"336\" data-col-size=\"md\">35mm<\/td>\n<\/tr>\n<tr data-start=\"337\" data-end=\"435\">\n<td style=\"width: 61.7284%;\" data-start=\"337\" data-end=\"381\" data-col-size=\"sm\">L\u00f5ikes\u00fcgavus<\/td>\n<td style=\"width: 61.7955%;\" data-start=\"381\" data-end=\"435\" data-col-size=\"md\">42mm<\/td>\n<\/tr>\n<\/tbody>\n<\/table>","protected":false},"featured_media":19288,"template":"","meta":{"_acf_changed":false,"inline_featured_image":false},"product_brand":[],"product_cat":[148],"product_tag":[],"class_list":{"0":"post-19287","1":"product","2":"type-product","3":"status-publish","4":"has-post-thumbnail","6":"product_cat-saeterad","7":"product_shipping_class-vaikepakk","8":"brand-gson","10":"first","11":"instock","12":"taxable","13":"shipping-taxable","14":"purchasable","15":"product-type-simple"},"acf":[],"yoast_head":"<!-- This site is optimized with the Yoast SEO plugin v26.2 - https:\/\/yoast.com\/wordpress\/plugins\/seo\/ -->\n<title>Gson Multiblade Starlock puidule Jaapani hambaga - Genekas24<\/title>\n<meta name=\"robots\" content=\"index, follow, max-snippet:-1, max-image-preview:large, max-video-preview:-1\" \/>\n<link rel=\"canonical\" href=\"https:\/\/staging.genekas24.ee\/en\/product\/multiteri-starlock-puidule-jaapani-hambaga\/\" \/>\n<meta property=\"og:locale\" content=\"en_GB\" \/>\n<meta property=\"og:type\" content=\"article\" \/>\n<meta property=\"og:title\" content=\"Gson Multiblade Starlock puidule Jaapani hambaga - Genekas24\" \/>\n<meta property=\"og:description\" content=\"Laius 35mm   L\u00f5ikes\u00fcgavus 42mm\" \/>\n<meta property=\"og:url\" content=\"https:\/\/staging.genekas24.ee\/en\/product\/multiteri-starlock-puidule-jaapani-hambaga\/\" \/>\n<meta property=\"og:site_name\" content=\"Genekas24\" \/>\n<meta property=\"article:modified_time\" content=\"2025-09-05T09:04:31+00:00\" \/>\n<meta property=\"og:image\" content=\"https:\/\/staging.genekas24.ee\/wp-content\/uploads\/2025\/06\/M620-Multiblade-Starlock-Wood-Japanese.jpg\" \/>\n\t<meta property=\"og:image:width\" content=\"1600\" \/>\n\t<meta property=\"og:image:height\" content=\"1600\" \/>\n\t<meta property=\"og:image:type\" content=\"image\/jpeg\" \/>\n<meta name=\"twitter:card\" content=\"summary_large_image\" \/>\n<meta name=\"twitter:label1\" content=\"Estimated reading time\" \/>\n\t<meta name=\"twitter:data1\" content=\"1 minute\" \/>\n<script type=\"application\/ld+json\" class=\"yoast-schema-graph\">{\"@context\":\"https:\/\/schema.org\",\"@graph\":[{\"@type\":\"WebPage\",\"@id\":\"https:\/\/staging.genekas24.ee\/toode\/multiteri-starlock-puidule-jaapani-hambaga\/\",\"url\":\"https:\/\/staging.genekas24.ee\/toode\/multiteri-starlock-puidule-jaapani-hambaga\/\",\"name\":\"Gson Multiblade Starlock puidule Jaapani hambaga - Genekas24\",\"isPartOf\":{\"@id\":\"https:\/\/staging.genekas24.ee\/#website\"},\"primaryImageOfPage\":{\"@id\":\"https:\/\/staging.genekas24.ee\/toode\/multiteri-starlock-puidule-jaapani-hambaga\/#primaryimage\"},\"image\":{\"@id\":\"https:\/\/staging.genekas24.ee\/toode\/multiteri-starlock-puidule-jaapani-hambaga\/#primaryimage\"},\"thumbnailUrl\":\"https:\/\/staging.genekas24.ee\/wp-content\/uploads\/2025\/06\/M620-Multiblade-Starlock-Wood-Japanese.jpg\",\"datePublished\":\"2025-06-13T07:56:48+00:00\",\"dateModified\":\"2025-09-05T09:04:31+00:00\",\"breadcrumb\":{\"@id\":\"https:\/\/staging.genekas24.ee\/toode\/multiteri-starlock-puidule-jaapani-hambaga\/#breadcrumb\"},\"inLanguage\":\"en-GB\",\"potentialAction\":[{\"@type\":\"ReadAction\",\"target\":[\"https:\/\/staging.genekas24.ee\/toode\/multiteri-starlock-puidule-jaapani-hambaga\/\"]}]},{\"@type\":\"ImageObject\",\"inLanguage\":\"en-GB\",\"@id\":\"https:\/\/staging.genekas24.ee\/toode\/multiteri-starlock-puidule-jaapani-hambaga\/#primaryimage\",\"url\":\"https:\/\/staging.genekas24.ee\/wp-content\/uploads\/2025\/06\/M620-Multiblade-Starlock-Wood-Japanese.jpg\",\"contentUrl\":\"https:\/\/staging.genekas24.ee\/wp-content\/uploads\/2025\/06\/M620-Multiblade-Starlock-Wood-Japanese.jpg\",\"width\":1600,\"height\":1600},{\"@type\":\"BreadcrumbList\",\"@id\":\"https:\/\/staging.genekas24.ee\/toode\/multiteri-starlock-puidule-jaapani-hambaga\/#breadcrumb\",\"itemListElement\":[{\"@type\":\"ListItem\",\"position\":1,\"name\":\"Home\",\"item\":\"https:\/\/staging.genekas24.ee\/\"},{\"@type\":\"ListItem\",\"position\":2,\"name\":\"Pood\",\"item\":\"https:\/\/staging.genekas24.ee\/pood\/\"},{\"@type\":\"ListItem\",\"position\":3,\"name\":\"Gson Multiblade Starlock puidule Jaapani hambaga\"}]},{\"@type\":\"WebSite\",\"@id\":\"https:\/\/staging.genekas24.ee\/#website\",\"url\":\"https:\/\/staging.genekas24.ee\/\",\"name\":\"Genekas24\",\"description\":\"Generaatorid | K&ouml;nner S&ouml;hnen tooted | Genekas24\",\"publisher\":{\"@id\":\"https:\/\/staging.genekas24.ee\/#organization\"},\"potentialAction\":[{\"@type\":\"SearchAction\",\"target\":{\"@type\":\"EntryPoint\",\"urlTemplate\":\"https:\/\/staging.genekas24.ee\/?s={search_term_string}\"},\"query-input\":{\"@type\":\"PropertyValueSpecification\",\"valueRequired\":true,\"valueName\":\"search_term_string\"}}],\"inLanguage\":\"en-GB\"},{\"@type\":\"Organization\",\"@id\":\"https:\/\/staging.genekas24.ee\/#organization\",\"name\":\"Genekas24\",\"url\":\"https:\/\/staging.genekas24.ee\/\",\"logo\":{\"@type\":\"ImageObject\",\"inLanguage\":\"en-GB\",\"@id\":\"https:\/\/staging.genekas24.ee\/#\/schema\/logo\/image\/\",\"url\":\"https:\/\/staging.genekas24.ee\/wp-content\/uploads\/2026\/01\/genekas24-logo_black.svg\",\"contentUrl\":\"https:\/\/staging.genekas24.ee\/wp-content\/uploads\/2026\/01\/genekas24-logo_black.svg\",\"width\":840,\"height\":131,\"caption\":\"Genekas24\"},\"image\":{\"@id\":\"https:\/\/staging.genekas24.ee\/#\/schema\/logo\/image\/\"}}]}<\/script>\n<!-- \/ Yoast SEO plugin. -->","yoast_head_json":{"title":"Gson Multiblade Starlock puidule Jaapani hambaga - Genekas24","robots":{"index":"index","follow":"follow","max-snippet":"max-snippet:-1","max-image-preview":"max-image-preview:large","max-video-preview":"max-video-preview:-1"},"canonical":"https:\/\/staging.genekas24.ee\/en\/product\/multiteri-starlock-puidule-jaapani-hambaga\/","og_locale":"en_GB","og_type":"article","og_title":"Gson Multiblade Starlock puidule Jaapani hambaga - Genekas24","og_description":"Laius 35mm   L\u00f5ikes\u00fcgavus 42mm","og_url":"https:\/\/staging.genekas24.ee\/en\/product\/multiteri-starlock-puidule-jaapani-hambaga\/","og_site_name":"Genekas24","article_modified_time":"2025-09-05T09:04:31+00:00","og_image":[{"width":1600,"height":1600,"url":"https:\/\/staging.genekas24.ee\/wp-content\/uploads\/2025\/06\/M620-Multiblade-Starlock-Wood-Japanese.jpg","type":"image\/jpeg"}],"twitter_card":"summary_large_image","twitter_misc":{"Estimated reading time":"1 minute"},"schema":{"@context":"https:\/\/schema.org","@graph":[{"@type":"WebPage","@id":"https:\/\/staging.genekas24.ee\/toode\/multiteri-starlock-puidule-jaapani-hambaga\/","url":"https:\/\/staging.genekas24.ee\/toode\/multiteri-starlock-puidule-jaapani-hambaga\/","name":"Gson Multiblade Starlock puidule Jaapani hambaga - Genekas24","isPartOf":{"@id":"https:\/\/staging.genekas24.ee\/#website"},"primaryImageOfPage":{"@id":"https:\/\/staging.genekas24.ee\/toode\/multiteri-starlock-puidule-jaapani-hambaga\/#primaryimage"},"image":{"@id":"https:\/\/staging.genekas24.ee\/toode\/multiteri-starlock-puidule-jaapani-hambaga\/#primaryimage"},"thumbnailUrl":"https:\/\/staging.genekas24.ee\/wp-content\/uploads\/2025\/06\/M620-Multiblade-Starlock-Wood-Japanese.jpg","datePublished":"2025-06-13T07:56:48+00:00","dateModified":"2025-09-05T09:04:31+00:00","breadcrumb":{"@id":"https:\/\/staging.genekas24.ee\/toode\/multiteri-starlock-puidule-jaapani-hambaga\/#breadcrumb"},"inLanguage":"en-GB","potentialAction":[{"@type":"ReadAction","target":["https:\/\/staging.genekas24.ee\/toode\/multiteri-starlock-puidule-jaapani-hambaga\/"]}]},{"@type":"ImageObject","inLanguage":"en-GB","@id":"https:\/\/staging.genekas24.ee\/toode\/multiteri-starlock-puidule-jaapani-hambaga\/#primaryimage","url":"https:\/\/staging.genekas24.ee\/wp-content\/uploads\/2025\/06\/M620-Multiblade-Starlock-Wood-Japanese.jpg","contentUrl":"https:\/\/staging.genekas24.ee\/wp-content\/uploads\/2025\/06\/M620-Multiblade-Starlock-Wood-Japanese.jpg","width":1600,"height":1600},{"@type":"BreadcrumbList","@id":"https:\/\/staging.genekas24.ee\/toode\/multiteri-starlock-puidule-jaapani-hambaga\/#breadcrumb","itemListElement":[{"@type":"ListItem","position":1,"name":"Home","item":"https:\/\/staging.genekas24.ee\/"},{"@type":"ListItem","position":2,"name":"Pood","item":"https:\/\/staging.genekas24.ee\/pood\/"},{"@type":"ListItem","position":3,"name":"Gson Multiblade Starlock puidule Jaapani hambaga"}]},{"@type":"WebSite","@id":"https:\/\/staging.genekas24.ee\/#website","url":"https:\/\/staging.genekas24.ee\/","name":"Genekas24","description":"Generaatorid | K&ouml;nner S&ouml;hnen tooted | Genekas24","publisher":{"@id":"https:\/\/staging.genekas24.ee\/#organization"},"potentialAction":[{"@type":"SearchAction","target":{"@type":"EntryPoint","urlTemplate":"https:\/\/staging.genekas24.ee\/?s={search_term_string}"},"query-input":{"@type":"PropertyValueSpecification","valueRequired":true,"valueName":"search_term_string"}}],"inLanguage":"en-GB"},{"@type":"Organization","@id":"https:\/\/staging.genekas24.ee\/#organization","name":"Genekas24","url":"https:\/\/staging.genekas24.ee\/","logo":{"@type":"ImageObject","inLanguage":"en-GB","@id":"https:\/\/staging.genekas24.ee\/#\/schema\/logo\/image\/","url":"https:\/\/staging.genekas24.ee\/wp-content\/uploads\/2026\/01\/genekas24-logo_black.svg","contentUrl":"https:\/\/staging.genekas24.ee\/wp-content\/uploads\/2026\/01\/genekas24-logo_black.svg","width":840,"height":131,"caption":"Genekas24"},"image":{"@id":"https:\/\/staging.genekas24.ee\/#\/schema\/logo\/image\/"}}]}},"_links":{"self":[{"href":"https:\/\/staging.genekas24.ee\/en\/wp-json\/wp\/v2\/product\/19287","targetHints":{"allow":["GET"]}}],"collection":[{"href":"https:\/\/staging.genekas24.ee\/en\/wp-json\/wp\/v2\/product"}],"about":[{"href":"https:\/\/staging.genekas24.ee\/en\/wp-json\/wp\/v2\/types\/product"}],"version-history":[{"count":6,"href":"https:\/\/staging.genekas24.ee\/en\/wp-json\/wp\/v2\/product\/19287\/revisions"}],"predecessor-version":[{"id":19544,"href":"https:\/\/staging.genekas24.ee\/en\/wp-json\/wp\/v2\/product\/19287\/revisions\/19544"}],"wp:featuredmedia":[{"embeddable":true,"href":"https:\/\/staging.genekas24.ee\/en\/wp-json\/wp\/v2\/media\/19288"}],"wp:attachment":[{"href":"https:\/\/staging.genekas24.ee\/en\/wp-json\/wp\/v2\/media?parent=19287"}],"wp:term":[{"taxonomy":"product_brand","embeddable":true,"href":"https:\/\/staging.genekas24.ee\/en\/wp-json\/wp\/v2\/product_brand?post=19287"},{"taxonomy":"product_cat","embeddable":true,"href":"https:\/\/staging.genekas24.ee\/en\/wp-json\/wp\/v2\/product_cat?post=19287"},{"taxonomy":"product_tag","embeddable":true,"href":"https:\/\/staging.genekas24.ee\/en\/wp-json\/wp\/v2\/product_tag?post=19287"}],"curies":[{"name":"wp","href":"https:\/\/api.w.org\/{rel}","templated":true}]}}