{"id":19286,"date":"2025-06-13T07:40:44","date_gmt":"2025-06-13T07:40:44","guid":{"rendered":"https:\/\/staging.genekas24.ee\/?post_type=product&#038;p=19286"},"modified":"2025-09-05T10:14:21","modified_gmt":"2025-09-05T10:14:21","slug":"led-pealamp-xpe","status":"publish","type":"product","link":"https:\/\/staging.genekas24.ee\/en\/product\/led-pealamp-xpe\/","title":{"rendered":"Gson LED pealamp XPE"},"content":{"rendered":"<p data-start=\"0\" data-end=\"267\">Paindlik pealamp kahe erineva LED-dioodiga: \u00fcks WPE LED ja \u00fcks COB LED. Andurid v\u00f5imaldavad valgust lihtsalt sisse ja v\u00e4lja l\u00fclitada. 4 erinevat re\u017eiimi (n\u00f5rk\/tugev\/vilkuv\/SOS). Lampi saab kallutada kuni 60\u00b0 ulatuses. Taga punane tuli n\u00e4htavuse ja ohutuse tagamiseks.<\/p>\n<p data-start=\"269\" data-end=\"373\" data-is-last-node=\"\" data-is-only-node=\"\">\u2022 Esitule m\u00f5\u00f5tmed: 68 \u00d7 31 \u00d7 30 mm<br data-start=\"303\" data-end=\"306\" \/>\u2022 Tagatule m\u00f5\u00f5tmed: 83 \u00d7 47 \u00d7 24 mm<br data-start=\"341\" data-end=\"344\" \/>\u2022 Kaal: 80 g (ilma patareita)<\/p>","protected":false},"excerpt":{"rendered":"<table style=\"border-collapse: collapse; width: 98.522%;\">\n<tbody>\n<tr>\n<td style=\"width: 50%;\">Toode:<\/td>\n<td style=\"width: 50%;\">LED pealamp XPE<\/td>\n<\/tr>\n<tr>\n<td style=\"width: 50%;\">Ulatus:<\/td>\n<td style=\"width: 50%;\">100m<\/td>\n<\/tr>\n<tr>\n<td style=\"width: 50%;\">Funktsioon:<\/td>\n<td style=\"width: 50%;\">LEB+COB+SENSOR<\/td>\n<\/tr>\n<tr>\n<td style=\"width: 50%;\">Patarei kestvus:<\/td>\n<td style=\"width: 50%;\">5h<\/td>\n<\/tr>\n<tr>\n<td style=\"width: 50%;\">Patarei:<\/td>\n<td style=\"width: 50%;\">AAA<\/td>\n<\/tr>\n<tr>\n<td style=\"width: 50%;\">Valgustatavus:<\/td>\n<td style=\"width: 50%;\">200 Lumen<\/td>\n<\/tr>\n<\/tbody>\n<\/table>","protected":false},"featured_media":19295,"template":"","meta":{"_acf_changed":false,"inline_featured_image":false},"product_brand":[],"product_cat":[152],"product_tag":[],"class_list":{"0":"post-19286","1":"product","2":"type-product","3":"status-publish","4":"has-post-thumbnail","6":"product_cat-lambid","7":"product_shipping_class-vaikepakk","8":"brand-gson","10":"first","11":"instock","12":"taxable","13":"shipping-taxable","14":"purchasable","15":"product-type-simple"},"acf":[],"yoast_head":"<!-- This site is optimized with the Yoast SEO plugin v26.2 - https:\/\/yoast.com\/wordpress\/plugins\/seo\/ -->\n<title>Gson LED pealamp XPE - Genekas24<\/title>\n<meta name=\"robots\" content=\"index, follow, max-snippet:-1, max-image-preview:large, max-video-preview:-1\" \/>\n<link rel=\"canonical\" href=\"https:\/\/staging.genekas24.ee\/en\/product\/led-pealamp-xpe\/\" \/>\n<meta property=\"og:locale\" content=\"en_GB\" \/>\n<meta property=\"og:type\" content=\"article\" \/>\n<meta property=\"og:title\" content=\"Gson LED pealamp XPE - Genekas24\" \/>\n<meta property=\"og:description\" content=\"Toode: LED pealamp XPE   Ulatus: 100m   Funktsioon: LEB+COB+SENSOR   Patarei kestvus: 5h   Patarei: AAA   Valgustatavus: 200 Lumen\" \/>\n<meta property=\"og:url\" content=\"https:\/\/staging.genekas24.ee\/en\/product\/led-pealamp-xpe\/\" \/>\n<meta property=\"og:site_name\" content=\"Genekas24\" \/>\n<meta property=\"article:modified_time\" content=\"2025-09-05T10:14:21+00:00\" \/>\n<meta property=\"og:image\" content=\"https:\/\/staging.genekas24.ee\/wp-content\/uploads\/2025\/06\/T273-LED-Headlight-XPE1.jpg\" \/>\n\t<meta property=\"og:image:width\" content=\"1600\" \/>\n\t<meta property=\"og:image:height\" content=\"1600\" \/>\n\t<meta property=\"og:image:type\" content=\"image\/jpeg\" \/>\n<meta name=\"twitter:card\" content=\"summary_large_image\" \/>\n<meta name=\"twitter:label1\" content=\"Estimated reading time\" \/>\n\t<meta name=\"twitter:data1\" content=\"1 minute\" \/>\n<script type=\"application\/ld+json\" class=\"yoast-schema-graph\">{\"@context\":\"https:\/\/schema.org\",\"@graph\":[{\"@type\":\"WebPage\",\"@id\":\"https:\/\/staging.genekas24.ee\/toode\/led-pealamp-xpe\/\",\"url\":\"https:\/\/staging.genekas24.ee\/toode\/led-pealamp-xpe\/\",\"name\":\"Gson LED pealamp XPE - Genekas24\",\"isPartOf\":{\"@id\":\"https:\/\/staging.genekas24.ee\/#website\"},\"primaryImageOfPage\":{\"@id\":\"https:\/\/staging.genekas24.ee\/toode\/led-pealamp-xpe\/#primaryimage\"},\"image\":{\"@id\":\"https:\/\/staging.genekas24.ee\/toode\/led-pealamp-xpe\/#primaryimage\"},\"thumbnailUrl\":\"https:\/\/staging.genekas24.ee\/wp-content\/uploads\/2025\/06\/T273-LED-Headlight-XPE1.jpg\",\"datePublished\":\"2025-06-13T07:40:44+00:00\",\"dateModified\":\"2025-09-05T10:14:21+00:00\",\"breadcrumb\":{\"@id\":\"https:\/\/staging.genekas24.ee\/toode\/led-pealamp-xpe\/#breadcrumb\"},\"inLanguage\":\"en-GB\",\"potentialAction\":[{\"@type\":\"ReadAction\",\"target\":[\"https:\/\/staging.genekas24.ee\/toode\/led-pealamp-xpe\/\"]}]},{\"@type\":\"ImageObject\",\"inLanguage\":\"en-GB\",\"@id\":\"https:\/\/staging.genekas24.ee\/toode\/led-pealamp-xpe\/#primaryimage\",\"url\":\"https:\/\/staging.genekas24.ee\/wp-content\/uploads\/2025\/06\/T273-LED-Headlight-XPE1.jpg\",\"contentUrl\":\"https:\/\/staging.genekas24.ee\/wp-content\/uploads\/2025\/06\/T273-LED-Headlight-XPE1.jpg\",\"width\":1600,\"height\":1600},{\"@type\":\"BreadcrumbList\",\"@id\":\"https:\/\/staging.genekas24.ee\/toode\/led-pealamp-xpe\/#breadcrumb\",\"itemListElement\":[{\"@type\":\"ListItem\",\"position\":1,\"name\":\"Home\",\"item\":\"https:\/\/staging.genekas24.ee\/\"},{\"@type\":\"ListItem\",\"position\":2,\"name\":\"Pood\",\"item\":\"https:\/\/staging.genekas24.ee\/pood\/\"},{\"@type\":\"ListItem\",\"position\":3,\"name\":\"Gson LED pealamp XPE\"}]},{\"@type\":\"WebSite\",\"@id\":\"https:\/\/staging.genekas24.ee\/#website\",\"url\":\"https:\/\/staging.genekas24.ee\/\",\"name\":\"Genekas24\",\"description\":\"Generaatorid | K&ouml;nner S&ouml;hnen tooted | Genekas24\",\"publisher\":{\"@id\":\"https:\/\/staging.genekas24.ee\/#organization\"},\"potentialAction\":[{\"@type\":\"SearchAction\",\"target\":{\"@type\":\"EntryPoint\",\"urlTemplate\":\"https:\/\/staging.genekas24.ee\/?s={search_term_string}\"},\"query-input\":{\"@type\":\"PropertyValueSpecification\",\"valueRequired\":true,\"valueName\":\"search_term_string\"}}],\"inLanguage\":\"en-GB\"},{\"@type\":\"Organization\",\"@id\":\"https:\/\/staging.genekas24.ee\/#organization\",\"name\":\"Genekas24\",\"url\":\"https:\/\/staging.genekas24.ee\/\",\"logo\":{\"@type\":\"ImageObject\",\"inLanguage\":\"en-GB\",\"@id\":\"https:\/\/staging.genekas24.ee\/#\/schema\/logo\/image\/\",\"url\":\"https:\/\/staging.genekas24.ee\/wp-content\/uploads\/2026\/01\/genekas24-logo_black.svg\",\"contentUrl\":\"https:\/\/staging.genekas24.ee\/wp-content\/uploads\/2026\/01\/genekas24-logo_black.svg\",\"width\":840,\"height\":131,\"caption\":\"Genekas24\"},\"image\":{\"@id\":\"https:\/\/staging.genekas24.ee\/#\/schema\/logo\/image\/\"}}]}<\/script>\n<!-- \/ Yoast SEO plugin. -->","yoast_head_json":{"title":"Gson LED pealamp XPE - Genekas24","robots":{"index":"index","follow":"follow","max-snippet":"max-snippet:-1","max-image-preview":"max-image-preview:large","max-video-preview":"max-video-preview:-1"},"canonical":"https:\/\/staging.genekas24.ee\/en\/product\/led-pealamp-xpe\/","og_locale":"en_GB","og_type":"article","og_title":"Gson LED pealamp XPE - Genekas24","og_description":"Toode: LED pealamp XPE   Ulatus: 100m   Funktsioon: LEB+COB+SENSOR   Patarei kestvus: 5h   Patarei: AAA   Valgustatavus: 200 Lumen","og_url":"https:\/\/staging.genekas24.ee\/en\/product\/led-pealamp-xpe\/","og_site_name":"Genekas24","article_modified_time":"2025-09-05T10:14:21+00:00","og_image":[{"width":1600,"height":1600,"url":"https:\/\/staging.genekas24.ee\/wp-content\/uploads\/2025\/06\/T273-LED-Headlight-XPE1.jpg","type":"image\/jpeg"}],"twitter_card":"summary_large_image","twitter_misc":{"Estimated reading time":"1 minute"},"schema":{"@context":"https:\/\/schema.org","@graph":[{"@type":"WebPage","@id":"https:\/\/staging.genekas24.ee\/toode\/led-pealamp-xpe\/","url":"https:\/\/staging.genekas24.ee\/toode\/led-pealamp-xpe\/","name":"Gson LED pealamp XPE - Genekas24","isPartOf":{"@id":"https:\/\/staging.genekas24.ee\/#website"},"primaryImageOfPage":{"@id":"https:\/\/staging.genekas24.ee\/toode\/led-pealamp-xpe\/#primaryimage"},"image":{"@id":"https:\/\/staging.genekas24.ee\/toode\/led-pealamp-xpe\/#primaryimage"},"thumbnailUrl":"https:\/\/staging.genekas24.ee\/wp-content\/uploads\/2025\/06\/T273-LED-Headlight-XPE1.jpg","datePublished":"2025-06-13T07:40:44+00:00","dateModified":"2025-09-05T10:14:21+00:00","breadcrumb":{"@id":"https:\/\/staging.genekas24.ee\/toode\/led-pealamp-xpe\/#breadcrumb"},"inLanguage":"en-GB","potentialAction":[{"@type":"ReadAction","target":["https:\/\/staging.genekas24.ee\/toode\/led-pealamp-xpe\/"]}]},{"@type":"ImageObject","inLanguage":"en-GB","@id":"https:\/\/staging.genekas24.ee\/toode\/led-pealamp-xpe\/#primaryimage","url":"https:\/\/staging.genekas24.ee\/wp-content\/uploads\/2025\/06\/T273-LED-Headlight-XPE1.jpg","contentUrl":"https:\/\/staging.genekas24.ee\/wp-content\/uploads\/2025\/06\/T273-LED-Headlight-XPE1.jpg","width":1600,"height":1600},{"@type":"BreadcrumbList","@id":"https:\/\/staging.genekas24.ee\/toode\/led-pealamp-xpe\/#breadcrumb","itemListElement":[{"@type":"ListItem","position":1,"name":"Home","item":"https:\/\/staging.genekas24.ee\/"},{"@type":"ListItem","position":2,"name":"Pood","item":"https:\/\/staging.genekas24.ee\/pood\/"},{"@type":"ListItem","position":3,"name":"Gson LED pealamp XPE"}]},{"@type":"WebSite","@id":"https:\/\/staging.genekas24.ee\/#website","url":"https:\/\/staging.genekas24.ee\/","name":"Genekas24","description":"Generaatorid | K&ouml;nner S&ouml;hnen tooted | Genekas24","publisher":{"@id":"https:\/\/staging.genekas24.ee\/#organization"},"potentialAction":[{"@type":"SearchAction","target":{"@type":"EntryPoint","urlTemplate":"https:\/\/staging.genekas24.ee\/?s={search_term_string}"},"query-input":{"@type":"PropertyValueSpecification","valueRequired":true,"valueName":"search_term_string"}}],"inLanguage":"en-GB"},{"@type":"Organization","@id":"https:\/\/staging.genekas24.ee\/#organization","name":"Genekas24","url":"https:\/\/staging.genekas24.ee\/","logo":{"@type":"ImageObject","inLanguage":"en-GB","@id":"https:\/\/staging.genekas24.ee\/#\/schema\/logo\/image\/","url":"https:\/\/staging.genekas24.ee\/wp-content\/uploads\/2026\/01\/genekas24-logo_black.svg","contentUrl":"https:\/\/staging.genekas24.ee\/wp-content\/uploads\/2026\/01\/genekas24-logo_black.svg","width":840,"height":131,"caption":"Genekas24"},"image":{"@id":"https:\/\/staging.genekas24.ee\/#\/schema\/logo\/image\/"}}]}},"_links":{"self":[{"href":"https:\/\/staging.genekas24.ee\/en\/wp-json\/wp\/v2\/product\/19286","targetHints":{"allow":["GET"]}}],"collection":[{"href":"https:\/\/staging.genekas24.ee\/en\/wp-json\/wp\/v2\/product"}],"about":[{"href":"https:\/\/staging.genekas24.ee\/en\/wp-json\/wp\/v2\/types\/product"}],"version-history":[{"count":2,"href":"https:\/\/staging.genekas24.ee\/en\/wp-json\/wp\/v2\/product\/19286\/revisions"}],"predecessor-version":[{"id":19580,"href":"https:\/\/staging.genekas24.ee\/en\/wp-json\/wp\/v2\/product\/19286\/revisions\/19580"}],"wp:featuredmedia":[{"embeddable":true,"href":"https:\/\/staging.genekas24.ee\/en\/wp-json\/wp\/v2\/media\/19295"}],"wp:attachment":[{"href":"https:\/\/staging.genekas24.ee\/en\/wp-json\/wp\/v2\/media?parent=19286"}],"wp:term":[{"taxonomy":"product_brand","embeddable":true,"href":"https:\/\/staging.genekas24.ee\/en\/wp-json\/wp\/v2\/product_brand?post=19286"},{"taxonomy":"product_cat","embeddable":true,"href":"https:\/\/staging.genekas24.ee\/en\/wp-json\/wp\/v2\/product_cat?post=19286"},{"taxonomy":"product_tag","embeddable":true,"href":"https:\/\/staging.genekas24.ee\/en\/wp-json\/wp\/v2\/product_tag?post=19286"}],"curies":[{"name":"wp","href":"https:\/\/api.w.org\/{rel}","templated":true}]}}