{"id":19256,"date":"2025-06-13T07:58:15","date_gmt":"2025-06-13T07:58:15","guid":{"rendered":"https:\/\/staging.genekas24.ee\/?post_type=product&#038;p=19256"},"modified":"2025-09-05T09:03:03","modified_gmt":"2025-09-05T09:03:03","slug":"talvine-tookinnas","status":"publish","type":"product","link":"https:\/\/staging.genekas24.ee\/en\/product\/talvine-tookinnas\/","title":{"rendered":"Gson talvine t\u00f6\u00f6kinnas"},"content":{"rendered":"<p>Topeltkattega ja talvevoodriga kootud kinnas. Kaks latekskihti muudavad kinda veekindlaks ja soojaks. Teine kiht \u201esandy grip\u201d annab hea haarduvuse ka m\u00e4rgades ja \u00f5listes tingimustes. Elastne akr\u00fc\u00fclvooder muudab kinda mugavaks ja laseb sellel hingata.<\/p>","protected":false},"excerpt":{"rendered":"<p>Topeltkattega ja talvevoodriga kootud kinnas. Kaks latekskihti muudavad kinda veekindlaks ja soojaks. Teine kiht \u201esandy grip\u201d annab hea haarduvuse ka m\u00e4rgades ja \u00f5listes tingimustes. Elastne akr\u00fc\u00fclvooder muudab kinda mugavaks ja laseb sellel hingata.<\/p>","protected":false},"featured_media":19261,"template":"","meta":{"_acf_changed":false,"inline_featured_image":false},"product_brand":[],"product_cat":[153],"product_tag":[],"class_list":{"0":"post-19256","1":"product","2":"type-product","3":"status-publish","4":"has-post-thumbnail","6":"product_cat-kindad","7":"product_shipping_class-vaikepakk","8":"brand-gson","10":"first","11":"instock","12":"taxable","13":"shipping-taxable","14":"purchasable","15":"product-type-variable"},"acf":[],"yoast_head":"<!-- This site is optimized with the Yoast SEO plugin v26.2 - https:\/\/yoast.com\/wordpress\/plugins\/seo\/ -->\n<title>Gson talvine t\u00f6\u00f6kinnas - Genekas24<\/title>\n<meta name=\"robots\" content=\"index, follow, max-snippet:-1, max-image-preview:large, max-video-preview:-1\" \/>\n<link rel=\"canonical\" href=\"https:\/\/staging.genekas24.ee\/en\/product\/talvine-tookinnas\/\" \/>\n<meta property=\"og:locale\" content=\"en_GB\" \/>\n<meta property=\"og:type\" content=\"article\" \/>\n<meta property=\"og:title\" content=\"Gson talvine t\u00f6\u00f6kinnas - Genekas24\" \/>\n<meta property=\"og:description\" content=\"Topeltkattega ja talvevoodriga kootud kinnas. Kaks latekskihti muudavad kinda veekindlaks ja soojaks. Teine kiht \u201esandy grip\u201d annab hea haarduvuse ka m\u00e4rgades ja \u00f5listes tingimustes. Elastne akr\u00fc\u00fclvooder muudab kinda mugavaks ja laseb sellel hingata.\" \/>\n<meta property=\"og:url\" content=\"https:\/\/staging.genekas24.ee\/en\/product\/talvine-tookinnas\/\" \/>\n<meta property=\"og:site_name\" content=\"Genekas24\" \/>\n<meta property=\"article:modified_time\" content=\"2025-09-05T09:03:03+00:00\" \/>\n<meta property=\"og:image\" content=\"https:\/\/staging.genekas24.ee\/wp-content\/uploads\/2025\/06\/GV790-Double-Winter-Grip-utsida-_1.png\" \/>\n\t<meta property=\"og:image:width\" content=\"1600\" \/>\n\t<meta property=\"og:image:height\" content=\"1600\" \/>\n\t<meta property=\"og:image:type\" content=\"image\/png\" \/>\n<meta name=\"twitter:card\" content=\"summary_large_image\" \/>\n<meta name=\"twitter:label1\" content=\"Estimated reading time\" \/>\n\t<meta name=\"twitter:data1\" content=\"1 minute\" \/>\n<script type=\"application\/ld+json\" class=\"yoast-schema-graph\">{\"@context\":\"https:\/\/schema.org\",\"@graph\":[{\"@type\":\"WebPage\",\"@id\":\"https:\/\/staging.genekas24.ee\/toode\/talvine-tookinnas\/\",\"url\":\"https:\/\/staging.genekas24.ee\/toode\/talvine-tookinnas\/\",\"name\":\"Gson talvine t\u00f6\u00f6kinnas - Genekas24\",\"isPartOf\":{\"@id\":\"https:\/\/staging.genekas24.ee\/#website\"},\"primaryImageOfPage\":{\"@id\":\"https:\/\/staging.genekas24.ee\/toode\/talvine-tookinnas\/#primaryimage\"},\"image\":{\"@id\":\"https:\/\/staging.genekas24.ee\/toode\/talvine-tookinnas\/#primaryimage\"},\"thumbnailUrl\":\"https:\/\/staging.genekas24.ee\/wp-content\/uploads\/2025\/06\/GV790-Double-Winter-Grip-utsida-_1.png\",\"datePublished\":\"2025-06-13T07:58:15+00:00\",\"dateModified\":\"2025-09-05T09:03:03+00:00\",\"breadcrumb\":{\"@id\":\"https:\/\/staging.genekas24.ee\/toode\/talvine-tookinnas\/#breadcrumb\"},\"inLanguage\":\"en-GB\",\"potentialAction\":[{\"@type\":\"ReadAction\",\"target\":[\"https:\/\/staging.genekas24.ee\/toode\/talvine-tookinnas\/\"]}]},{\"@type\":\"ImageObject\",\"inLanguage\":\"en-GB\",\"@id\":\"https:\/\/staging.genekas24.ee\/toode\/talvine-tookinnas\/#primaryimage\",\"url\":\"https:\/\/staging.genekas24.ee\/wp-content\/uploads\/2025\/06\/GV790-Double-Winter-Grip-utsida-_1.png\",\"contentUrl\":\"https:\/\/staging.genekas24.ee\/wp-content\/uploads\/2025\/06\/GV790-Double-Winter-Grip-utsida-_1.png\",\"width\":1600,\"height\":1600},{\"@type\":\"BreadcrumbList\",\"@id\":\"https:\/\/staging.genekas24.ee\/toode\/talvine-tookinnas\/#breadcrumb\",\"itemListElement\":[{\"@type\":\"ListItem\",\"position\":1,\"name\":\"Home\",\"item\":\"https:\/\/staging.genekas24.ee\/\"},{\"@type\":\"ListItem\",\"position\":2,\"name\":\"Pood\",\"item\":\"https:\/\/staging.genekas24.ee\/pood\/\"},{\"@type\":\"ListItem\",\"position\":3,\"name\":\"Gson talvine t\u00f6\u00f6kinnas\"}]},{\"@type\":\"WebSite\",\"@id\":\"https:\/\/staging.genekas24.ee\/#website\",\"url\":\"https:\/\/staging.genekas24.ee\/\",\"name\":\"Genekas24\",\"description\":\"Generaatorid | K&ouml;nner S&ouml;hnen tooted | Genekas24\",\"publisher\":{\"@id\":\"https:\/\/staging.genekas24.ee\/#organization\"},\"potentialAction\":[{\"@type\":\"SearchAction\",\"target\":{\"@type\":\"EntryPoint\",\"urlTemplate\":\"https:\/\/staging.genekas24.ee\/?s={search_term_string}\"},\"query-input\":{\"@type\":\"PropertyValueSpecification\",\"valueRequired\":true,\"valueName\":\"search_term_string\"}}],\"inLanguage\":\"en-GB\"},{\"@type\":\"Organization\",\"@id\":\"https:\/\/staging.genekas24.ee\/#organization\",\"name\":\"Genekas24\",\"url\":\"https:\/\/staging.genekas24.ee\/\",\"logo\":{\"@type\":\"ImageObject\",\"inLanguage\":\"en-GB\",\"@id\":\"https:\/\/staging.genekas24.ee\/#\/schema\/logo\/image\/\",\"url\":\"https:\/\/staging.genekas24.ee\/wp-content\/uploads\/2026\/01\/genekas24-logo_black.svg\",\"contentUrl\":\"https:\/\/staging.genekas24.ee\/wp-content\/uploads\/2026\/01\/genekas24-logo_black.svg\",\"width\":840,\"height\":131,\"caption\":\"Genekas24\"},\"image\":{\"@id\":\"https:\/\/staging.genekas24.ee\/#\/schema\/logo\/image\/\"}}]}<\/script>\n<!-- \/ Yoast SEO plugin. -->","yoast_head_json":{"title":"Gson talvine t\u00f6\u00f6kinnas - Genekas24","robots":{"index":"index","follow":"follow","max-snippet":"max-snippet:-1","max-image-preview":"max-image-preview:large","max-video-preview":"max-video-preview:-1"},"canonical":"https:\/\/staging.genekas24.ee\/en\/product\/talvine-tookinnas\/","og_locale":"en_GB","og_type":"article","og_title":"Gson talvine t\u00f6\u00f6kinnas - Genekas24","og_description":"Topeltkattega ja talvevoodriga kootud kinnas. Kaks latekskihti muudavad kinda veekindlaks ja soojaks. Teine kiht \u201esandy grip\u201d annab hea haarduvuse ka m\u00e4rgades ja \u00f5listes tingimustes. Elastne akr\u00fc\u00fclvooder muudab kinda mugavaks ja laseb sellel hingata.","og_url":"https:\/\/staging.genekas24.ee\/en\/product\/talvine-tookinnas\/","og_site_name":"Genekas24","article_modified_time":"2025-09-05T09:03:03+00:00","og_image":[{"width":1600,"height":1600,"url":"https:\/\/staging.genekas24.ee\/wp-content\/uploads\/2025\/06\/GV790-Double-Winter-Grip-utsida-_1.png","type":"image\/png"}],"twitter_card":"summary_large_image","twitter_misc":{"Estimated reading time":"1 minute"},"schema":{"@context":"https:\/\/schema.org","@graph":[{"@type":"WebPage","@id":"https:\/\/staging.genekas24.ee\/toode\/talvine-tookinnas\/","url":"https:\/\/staging.genekas24.ee\/toode\/talvine-tookinnas\/","name":"Gson talvine t\u00f6\u00f6kinnas - Genekas24","isPartOf":{"@id":"https:\/\/staging.genekas24.ee\/#website"},"primaryImageOfPage":{"@id":"https:\/\/staging.genekas24.ee\/toode\/talvine-tookinnas\/#primaryimage"},"image":{"@id":"https:\/\/staging.genekas24.ee\/toode\/talvine-tookinnas\/#primaryimage"},"thumbnailUrl":"https:\/\/staging.genekas24.ee\/wp-content\/uploads\/2025\/06\/GV790-Double-Winter-Grip-utsida-_1.png","datePublished":"2025-06-13T07:58:15+00:00","dateModified":"2025-09-05T09:03:03+00:00","breadcrumb":{"@id":"https:\/\/staging.genekas24.ee\/toode\/talvine-tookinnas\/#breadcrumb"},"inLanguage":"en-GB","potentialAction":[{"@type":"ReadAction","target":["https:\/\/staging.genekas24.ee\/toode\/talvine-tookinnas\/"]}]},{"@type":"ImageObject","inLanguage":"en-GB","@id":"https:\/\/staging.genekas24.ee\/toode\/talvine-tookinnas\/#primaryimage","url":"https:\/\/staging.genekas24.ee\/wp-content\/uploads\/2025\/06\/GV790-Double-Winter-Grip-utsida-_1.png","contentUrl":"https:\/\/staging.genekas24.ee\/wp-content\/uploads\/2025\/06\/GV790-Double-Winter-Grip-utsida-_1.png","width":1600,"height":1600},{"@type":"BreadcrumbList","@id":"https:\/\/staging.genekas24.ee\/toode\/talvine-tookinnas\/#breadcrumb","itemListElement":[{"@type":"ListItem","position":1,"name":"Home","item":"https:\/\/staging.genekas24.ee\/"},{"@type":"ListItem","position":2,"name":"Pood","item":"https:\/\/staging.genekas24.ee\/pood\/"},{"@type":"ListItem","position":3,"name":"Gson talvine t\u00f6\u00f6kinnas"}]},{"@type":"WebSite","@id":"https:\/\/staging.genekas24.ee\/#website","url":"https:\/\/staging.genekas24.ee\/","name":"Genekas24","description":"Generaatorid | K&ouml;nner S&ouml;hnen tooted | Genekas24","publisher":{"@id":"https:\/\/staging.genekas24.ee\/#organization"},"potentialAction":[{"@type":"SearchAction","target":{"@type":"EntryPoint","urlTemplate":"https:\/\/staging.genekas24.ee\/?s={search_term_string}"},"query-input":{"@type":"PropertyValueSpecification","valueRequired":true,"valueName":"search_term_string"}}],"inLanguage":"en-GB"},{"@type":"Organization","@id":"https:\/\/staging.genekas24.ee\/#organization","name":"Genekas24","url":"https:\/\/staging.genekas24.ee\/","logo":{"@type":"ImageObject","inLanguage":"en-GB","@id":"https:\/\/staging.genekas24.ee\/#\/schema\/logo\/image\/","url":"https:\/\/staging.genekas24.ee\/wp-content\/uploads\/2026\/01\/genekas24-logo_black.svg","contentUrl":"https:\/\/staging.genekas24.ee\/wp-content\/uploads\/2026\/01\/genekas24-logo_black.svg","width":840,"height":131,"caption":"Genekas24"},"image":{"@id":"https:\/\/staging.genekas24.ee\/#\/schema\/logo\/image\/"}}]}},"_links":{"self":[{"href":"https:\/\/staging.genekas24.ee\/en\/wp-json\/wp\/v2\/product\/19256","targetHints":{"allow":["GET"]}}],"collection":[{"href":"https:\/\/staging.genekas24.ee\/en\/wp-json\/wp\/v2\/product"}],"about":[{"href":"https:\/\/staging.genekas24.ee\/en\/wp-json\/wp\/v2\/types\/product"}],"version-history":[{"count":2,"href":"https:\/\/staging.genekas24.ee\/en\/wp-json\/wp\/v2\/product\/19256\/revisions"}],"predecessor-version":[{"id":19531,"href":"https:\/\/staging.genekas24.ee\/en\/wp-json\/wp\/v2\/product\/19256\/revisions\/19531"}],"wp:featuredmedia":[{"embeddable":true,"href":"https:\/\/staging.genekas24.ee\/en\/wp-json\/wp\/v2\/media\/19261"}],"wp:attachment":[{"href":"https:\/\/staging.genekas24.ee\/en\/wp-json\/wp\/v2\/media?parent=19256"}],"wp:term":[{"taxonomy":"product_brand","embeddable":true,"href":"https:\/\/staging.genekas24.ee\/en\/wp-json\/wp\/v2\/product_brand?post=19256"},{"taxonomy":"product_cat","embeddable":true,"href":"https:\/\/staging.genekas24.ee\/en\/wp-json\/wp\/v2\/product_cat?post=19256"},{"taxonomy":"product_tag","embeddable":true,"href":"https:\/\/staging.genekas24.ee\/en\/wp-json\/wp\/v2\/product_tag?post=19256"}],"curies":[{"name":"wp","href":"https:\/\/api.w.org\/{rel}","templated":true}]}}