{"id":19252,"date":"2025-06-13T07:58:05","date_gmt":"2025-06-13T07:58:05","guid":{"rendered":"https:\/\/staging.genekas24.ee\/?post_type=product&#038;p=19252"},"modified":"2025-09-05T09:03:23","modified_gmt":"2025-09-05T09:03:23","slug":"super-green-lihvimisketas-125-x-5-x-2223-mm","status":"publish","type":"product","link":"https:\/\/staging.genekas24.ee\/en\/product\/super-green-lihvimisketas-125-x-5-x-2223-mm\/","title":{"rendered":"Gson Super Green lihvimisketas 125 \u00d7 5 \u00d7 22,23 mm"},"content":{"rendered":"<p>Tsirkoonist\/keraamilisest alumiiniumoksiidist lihvketas \u00e4\u00e4rmiselt suure efektiivsusega n\u00e4iteks roostevabade keevisliidete t\u00f6\u00f6tlemiseks. T\u00f6\u00f6tab sujuvamalt, k\u00fclmemalt ja vaiksemalt kui tavalised abrasiivid, mis annab eriti pika eluea. Lihvib roostevaba terast, terast, alumiiniumi ja valusid.<br \/>\nMaksimaalne perifeerne kiirus 80 m\/s. P\u00f6\u00f6rdeid minutis 12200. Karedus- 36.<\/p>","protected":false},"excerpt":{"rendered":"<p>Tsirkoonist\/keraamilisest alumiiniumoksiidist lihvketas \u00e4\u00e4rmiselt suure efektiivsusega n\u00e4iteks roostevabade keevisliidete t\u00f6\u00f6tlemiseks. T\u00f6\u00f6tab sujuvamalt, k\u00fclmemalt ja vaiksemalt kui tavalised abrasiivid, mis annab eriti pika eluea. Lihvib roostevaba terast, terast, alumiiniumi ja valusid. Maksimaalne perifeerne kiirus 80 m\/s. P\u00f6\u00f6rdeid minutis 12200. Karedus- 36.<\/p>","protected":false},"featured_media":19253,"template":"","meta":{"_acf_changed":false,"inline_featured_image":false},"product_brand":[],"product_cat":[147],"product_tag":[],"class_list":{"0":"post-19252","1":"product","2":"type-product","3":"status-publish","4":"has-post-thumbnail","6":"product_cat-abrassiivid","7":"product_shipping_class-vaikepakk","8":"brand-gson","10":"first","11":"instock","12":"taxable","13":"shipping-taxable","14":"purchasable","15":"product-type-simple"},"acf":[],"yoast_head":"<!-- This site is optimized with the Yoast SEO plugin v26.2 - https:\/\/yoast.com\/wordpress\/plugins\/seo\/ -->\n<title>Gson Super Green lihvimisketas 125 \u00d7 5 \u00d7 22,23 mm - Genekas24<\/title>\n<meta name=\"robots\" content=\"index, follow, max-snippet:-1, max-image-preview:large, max-video-preview:-1\" \/>\n<link rel=\"canonical\" href=\"https:\/\/staging.genekas24.ee\/en\/product\/super-green-lihvimisketas-125-x-5-x-2223-mm\/\" \/>\n<meta property=\"og:locale\" content=\"en_GB\" \/>\n<meta property=\"og:type\" content=\"article\" \/>\n<meta property=\"og:title\" content=\"Gson Super Green lihvimisketas 125 \u00d7 5 \u00d7 22,23 mm - Genekas24\" \/>\n<meta property=\"og:description\" content=\"Tsirkoonist\/keraamilisest alumiiniumoksiidist lihvketas \u00e4\u00e4rmiselt suure efektiivsusega n\u00e4iteks roostevabade keevisliidete t\u00f6\u00f6tlemiseks. T\u00f6\u00f6tab sujuvamalt, k\u00fclmemalt ja vaiksemalt kui tavalised abrasiivid, mis annab eriti pika eluea. Lihvib roostevaba terast, terast, alumiiniumi ja valusid. Maksimaalne perifeerne kiirus 80 m\/s. P\u00f6\u00f6rdeid minutis 12200. Karedus- 36.\" \/>\n<meta property=\"og:url\" content=\"https:\/\/staging.genekas24.ee\/en\/product\/super-green-lihvimisketas-125-x-5-x-2223-mm\/\" \/>\n<meta property=\"og:site_name\" content=\"Genekas24\" \/>\n<meta property=\"article:modified_time\" content=\"2025-09-05T09:03:23+00:00\" \/>\n<meta property=\"og:image\" content=\"https:\/\/staging.genekas24.ee\/wp-content\/uploads\/2025\/06\/K540-Super-Green-125x5x22-23-mm.jpg\" \/>\n\t<meta property=\"og:image:width\" content=\"1600\" \/>\n\t<meta property=\"og:image:height\" content=\"1600\" \/>\n\t<meta property=\"og:image:type\" content=\"image\/jpeg\" \/>\n<meta name=\"twitter:card\" content=\"summary_large_image\" \/>\n<meta name=\"twitter:label1\" content=\"Estimated reading time\" \/>\n\t<meta name=\"twitter:data1\" content=\"1 minute\" \/>\n<script type=\"application\/ld+json\" class=\"yoast-schema-graph\">{\"@context\":\"https:\/\/schema.org\",\"@graph\":[{\"@type\":\"WebPage\",\"@id\":\"https:\/\/staging.genekas24.ee\/toode\/super-green-lihvimisketas-125-x-5-x-2223-mm\/\",\"url\":\"https:\/\/staging.genekas24.ee\/toode\/super-green-lihvimisketas-125-x-5-x-2223-mm\/\",\"name\":\"Gson Super Green lihvimisketas 125 \u00d7 5 \u00d7 22,23 mm - Genekas24\",\"isPartOf\":{\"@id\":\"https:\/\/staging.genekas24.ee\/#website\"},\"primaryImageOfPage\":{\"@id\":\"https:\/\/staging.genekas24.ee\/toode\/super-green-lihvimisketas-125-x-5-x-2223-mm\/#primaryimage\"},\"image\":{\"@id\":\"https:\/\/staging.genekas24.ee\/toode\/super-green-lihvimisketas-125-x-5-x-2223-mm\/#primaryimage\"},\"thumbnailUrl\":\"https:\/\/staging.genekas24.ee\/wp-content\/uploads\/2025\/06\/K540-Super-Green-125x5x22-23-mm.jpg\",\"datePublished\":\"2025-06-13T07:58:05+00:00\",\"dateModified\":\"2025-09-05T09:03:23+00:00\",\"breadcrumb\":{\"@id\":\"https:\/\/staging.genekas24.ee\/toode\/super-green-lihvimisketas-125-x-5-x-2223-mm\/#breadcrumb\"},\"inLanguage\":\"en-GB\",\"potentialAction\":[{\"@type\":\"ReadAction\",\"target\":[\"https:\/\/staging.genekas24.ee\/toode\/super-green-lihvimisketas-125-x-5-x-2223-mm\/\"]}]},{\"@type\":\"ImageObject\",\"inLanguage\":\"en-GB\",\"@id\":\"https:\/\/staging.genekas24.ee\/toode\/super-green-lihvimisketas-125-x-5-x-2223-mm\/#primaryimage\",\"url\":\"https:\/\/staging.genekas24.ee\/wp-content\/uploads\/2025\/06\/K540-Super-Green-125x5x22-23-mm.jpg\",\"contentUrl\":\"https:\/\/staging.genekas24.ee\/wp-content\/uploads\/2025\/06\/K540-Super-Green-125x5x22-23-mm.jpg\",\"width\":1600,\"height\":1600},{\"@type\":\"BreadcrumbList\",\"@id\":\"https:\/\/staging.genekas24.ee\/toode\/super-green-lihvimisketas-125-x-5-x-2223-mm\/#breadcrumb\",\"itemListElement\":[{\"@type\":\"ListItem\",\"position\":1,\"name\":\"Home\",\"item\":\"https:\/\/staging.genekas24.ee\/\"},{\"@type\":\"ListItem\",\"position\":2,\"name\":\"Pood\",\"item\":\"https:\/\/staging.genekas24.ee\/pood\/\"},{\"@type\":\"ListItem\",\"position\":3,\"name\":\"Gson Super Green lihvimisketas 125 \u00d7 5 \u00d7 22,23 mm\"}]},{\"@type\":\"WebSite\",\"@id\":\"https:\/\/staging.genekas24.ee\/#website\",\"url\":\"https:\/\/staging.genekas24.ee\/\",\"name\":\"Genekas24\",\"description\":\"Generaatorid | K&ouml;nner S&ouml;hnen tooted | Genekas24\",\"publisher\":{\"@id\":\"https:\/\/staging.genekas24.ee\/#organization\"},\"potentialAction\":[{\"@type\":\"SearchAction\",\"target\":{\"@type\":\"EntryPoint\",\"urlTemplate\":\"https:\/\/staging.genekas24.ee\/?s={search_term_string}\"},\"query-input\":{\"@type\":\"PropertyValueSpecification\",\"valueRequired\":true,\"valueName\":\"search_term_string\"}}],\"inLanguage\":\"en-GB\"},{\"@type\":\"Organization\",\"@id\":\"https:\/\/staging.genekas24.ee\/#organization\",\"name\":\"Genekas24\",\"url\":\"https:\/\/staging.genekas24.ee\/\",\"logo\":{\"@type\":\"ImageObject\",\"inLanguage\":\"en-GB\",\"@id\":\"https:\/\/staging.genekas24.ee\/#\/schema\/logo\/image\/\",\"url\":\"https:\/\/staging.genekas24.ee\/wp-content\/uploads\/2026\/01\/genekas24-logo_black.svg\",\"contentUrl\":\"https:\/\/staging.genekas24.ee\/wp-content\/uploads\/2026\/01\/genekas24-logo_black.svg\",\"width\":840,\"height\":131,\"caption\":\"Genekas24\"},\"image\":{\"@id\":\"https:\/\/staging.genekas24.ee\/#\/schema\/logo\/image\/\"}}]}<\/script>\n<!-- \/ Yoast SEO plugin. -->","yoast_head_json":{"title":"Gson Super Green lihvimisketas 125 \u00d7 5 \u00d7 22,23 mm - Genekas24","robots":{"index":"index","follow":"follow","max-snippet":"max-snippet:-1","max-image-preview":"max-image-preview:large","max-video-preview":"max-video-preview:-1"},"canonical":"https:\/\/staging.genekas24.ee\/en\/product\/super-green-lihvimisketas-125-x-5-x-2223-mm\/","og_locale":"en_GB","og_type":"article","og_title":"Gson Super Green lihvimisketas 125 \u00d7 5 \u00d7 22,23 mm - Genekas24","og_description":"Tsirkoonist\/keraamilisest alumiiniumoksiidist lihvketas \u00e4\u00e4rmiselt suure efektiivsusega n\u00e4iteks roostevabade keevisliidete t\u00f6\u00f6tlemiseks. T\u00f6\u00f6tab sujuvamalt, k\u00fclmemalt ja vaiksemalt kui tavalised abrasiivid, mis annab eriti pika eluea. Lihvib roostevaba terast, terast, alumiiniumi ja valusid. Maksimaalne perifeerne kiirus 80 m\/s. P\u00f6\u00f6rdeid minutis 12200. Karedus- 36.","og_url":"https:\/\/staging.genekas24.ee\/en\/product\/super-green-lihvimisketas-125-x-5-x-2223-mm\/","og_site_name":"Genekas24","article_modified_time":"2025-09-05T09:03:23+00:00","og_image":[{"width":1600,"height":1600,"url":"https:\/\/staging.genekas24.ee\/wp-content\/uploads\/2025\/06\/K540-Super-Green-125x5x22-23-mm.jpg","type":"image\/jpeg"}],"twitter_card":"summary_large_image","twitter_misc":{"Estimated reading time":"1 minute"},"schema":{"@context":"https:\/\/schema.org","@graph":[{"@type":"WebPage","@id":"https:\/\/staging.genekas24.ee\/toode\/super-green-lihvimisketas-125-x-5-x-2223-mm\/","url":"https:\/\/staging.genekas24.ee\/toode\/super-green-lihvimisketas-125-x-5-x-2223-mm\/","name":"Gson Super Green lihvimisketas 125 \u00d7 5 \u00d7 22,23 mm - Genekas24","isPartOf":{"@id":"https:\/\/staging.genekas24.ee\/#website"},"primaryImageOfPage":{"@id":"https:\/\/staging.genekas24.ee\/toode\/super-green-lihvimisketas-125-x-5-x-2223-mm\/#primaryimage"},"image":{"@id":"https:\/\/staging.genekas24.ee\/toode\/super-green-lihvimisketas-125-x-5-x-2223-mm\/#primaryimage"},"thumbnailUrl":"https:\/\/staging.genekas24.ee\/wp-content\/uploads\/2025\/06\/K540-Super-Green-125x5x22-23-mm.jpg","datePublished":"2025-06-13T07:58:05+00:00","dateModified":"2025-09-05T09:03:23+00:00","breadcrumb":{"@id":"https:\/\/staging.genekas24.ee\/toode\/super-green-lihvimisketas-125-x-5-x-2223-mm\/#breadcrumb"},"inLanguage":"en-GB","potentialAction":[{"@type":"ReadAction","target":["https:\/\/staging.genekas24.ee\/toode\/super-green-lihvimisketas-125-x-5-x-2223-mm\/"]}]},{"@type":"ImageObject","inLanguage":"en-GB","@id":"https:\/\/staging.genekas24.ee\/toode\/super-green-lihvimisketas-125-x-5-x-2223-mm\/#primaryimage","url":"https:\/\/staging.genekas24.ee\/wp-content\/uploads\/2025\/06\/K540-Super-Green-125x5x22-23-mm.jpg","contentUrl":"https:\/\/staging.genekas24.ee\/wp-content\/uploads\/2025\/06\/K540-Super-Green-125x5x22-23-mm.jpg","width":1600,"height":1600},{"@type":"BreadcrumbList","@id":"https:\/\/staging.genekas24.ee\/toode\/super-green-lihvimisketas-125-x-5-x-2223-mm\/#breadcrumb","itemListElement":[{"@type":"ListItem","position":1,"name":"Home","item":"https:\/\/staging.genekas24.ee\/"},{"@type":"ListItem","position":2,"name":"Pood","item":"https:\/\/staging.genekas24.ee\/pood\/"},{"@type":"ListItem","position":3,"name":"Gson Super Green lihvimisketas 125 \u00d7 5 \u00d7 22,23 mm"}]},{"@type":"WebSite","@id":"https:\/\/staging.genekas24.ee\/#website","url":"https:\/\/staging.genekas24.ee\/","name":"Genekas24","description":"Generaatorid | K&ouml;nner S&ouml;hnen tooted | Genekas24","publisher":{"@id":"https:\/\/staging.genekas24.ee\/#organization"},"potentialAction":[{"@type":"SearchAction","target":{"@type":"EntryPoint","urlTemplate":"https:\/\/staging.genekas24.ee\/?s={search_term_string}"},"query-input":{"@type":"PropertyValueSpecification","valueRequired":true,"valueName":"search_term_string"}}],"inLanguage":"en-GB"},{"@type":"Organization","@id":"https:\/\/staging.genekas24.ee\/#organization","name":"Genekas24","url":"https:\/\/staging.genekas24.ee\/","logo":{"@type":"ImageObject","inLanguage":"en-GB","@id":"https:\/\/staging.genekas24.ee\/#\/schema\/logo\/image\/","url":"https:\/\/staging.genekas24.ee\/wp-content\/uploads\/2026\/01\/genekas24-logo_black.svg","contentUrl":"https:\/\/staging.genekas24.ee\/wp-content\/uploads\/2026\/01\/genekas24-logo_black.svg","width":840,"height":131,"caption":"Genekas24"},"image":{"@id":"https:\/\/staging.genekas24.ee\/#\/schema\/logo\/image\/"}}]}},"_links":{"self":[{"href":"https:\/\/staging.genekas24.ee\/en\/wp-json\/wp\/v2\/product\/19252","targetHints":{"allow":["GET"]}}],"collection":[{"href":"https:\/\/staging.genekas24.ee\/en\/wp-json\/wp\/v2\/product"}],"about":[{"href":"https:\/\/staging.genekas24.ee\/en\/wp-json\/wp\/v2\/types\/product"}],"version-history":[{"count":4,"href":"https:\/\/staging.genekas24.ee\/en\/wp-json\/wp\/v2\/product\/19252\/revisions"}],"predecessor-version":[{"id":19532,"href":"https:\/\/staging.genekas24.ee\/en\/wp-json\/wp\/v2\/product\/19252\/revisions\/19532"}],"wp:featuredmedia":[{"embeddable":true,"href":"https:\/\/staging.genekas24.ee\/en\/wp-json\/wp\/v2\/media\/19253"}],"wp:attachment":[{"href":"https:\/\/staging.genekas24.ee\/en\/wp-json\/wp\/v2\/media?parent=19252"}],"wp:term":[{"taxonomy":"product_brand","embeddable":true,"href":"https:\/\/staging.genekas24.ee\/en\/wp-json\/wp\/v2\/product_brand?post=19252"},{"taxonomy":"product_cat","embeddable":true,"href":"https:\/\/staging.genekas24.ee\/en\/wp-json\/wp\/v2\/product_cat?post=19252"},{"taxonomy":"product_tag","embeddable":true,"href":"https:\/\/staging.genekas24.ee\/en\/wp-json\/wp\/v2\/product_tag?post=19252"}],"curies":[{"name":"wp","href":"https:\/\/api.w.org\/{rel}","templated":true}]}}