{"id":19221,"date":"2025-06-13T07:58:53","date_gmt":"2025-06-13T07:58:53","guid":{"rendered":"https:\/\/staging.genekas24.ee\/?post_type=product&#038;p=19221"},"modified":"2025-06-17T11:40:09","modified_gmt":"2025-06-17T11:40:09","slug":"240-osaline-tooriistakapp-ratastel","status":"publish","type":"product","link":"https:\/\/staging.genekas24.ee\/en\/product\/240-osaline-tooriistakapp-ratastel\/","title":{"rendered":"Gson 240-osaline t\u00f6\u00f6riistakapp ratastel"},"content":{"rendered":"<p>T\u00f6\u00f6riistakapp ratastel seitsme turvalukustusega sahtli ja k\u00fclgkapiga t\u00f6\u00f6riistade ja aerosoolide h\u00f5lpsaks hoiustamiseks. Igal kroomvanaadiumterasest t\u00f6\u00f6riistal on oma kindel ja t\u00e4histatud koht korrastatuks hoidmiseks. Integreeritud lukk v\u00f5imaldab k\u00f5iki sahtleid korraga lukustada, v\u00e4ltides juhuslikku avanemist kapi liigutamisel. T\u00f6\u00f6riistakapi \u00fclaosas on sektsioonid sageli kasutatavate t\u00f6\u00f6riistade h\u00f5lpsaks ligip\u00e4\u00e4suks. T\u00f6\u00f6riistakapil on ka k\u00fclgmine k\u00e4epide, mis h\u00f5lbustab liigutamist, ja \u00fcks ratas on lukustatav.<\/p>\n<p>Sahtlite arv: 7<br \/>\nSahtlite 1\u20135 maksimaalne kandev\u00f5ime: 25 kg\/t\u00fckk<br \/>\nSahtlite 6\u20137 maksimaalne kandev\u00f5ime: 35 kg\/t\u00fckk<br \/>\nKogu maksimaalne kandev\u00f5ime: 400 kg<\/p>","protected":false},"excerpt":{"rendered":"<table data-pm-slice=\"3 1 []\">\n<tbody>\n<tr>\n<td>M\u00f5\u00f5dud (K x L x S)<\/td>\n<td>96 x 77 x 47 cm<\/td>\n<\/tr>\n<tr>\n<td>Netokaal<\/td>\n<td>51 kg<\/td>\n<\/tr>\n<tr>\n<td>Brutokaal<\/td>\n<td>85,6 kg<\/td>\n<\/tr>\n<tr>\n<td>Alusel kogus<\/td>\n<td>2 tk<\/td>\n<\/tr>\n<tr>\n<td>Sahtel 1 \u2013 osad<\/td>\n<td>93 tk<\/td>\n<\/tr>\n<tr>\n<td>1\/2\u201d Dr. Hex padrunid<\/td>\n<td>10\u201332 mm (16 tk)<\/td>\n<\/tr>\n<tr>\n<td>1\/2\u201d Dr. universaalliigend<\/td>\n<td>1 tk<\/td>\n<\/tr>\n<tr>\n<td>1\/2\u201d Dr. pikendusvarras<\/td>\n<td>125 mm ja 250 mm (2 tk)<\/td>\n<\/tr>\n<tr>\n<td>1\/2\u201d T-kujuline k\u00e4epide<\/td>\n<td>250 mm (1 tk)<\/td>\n<\/tr>\n<tr>\n<td>1\/2\u201d Dr. r\u00e4tselk\u00e4epide<\/td>\n<td>1 tk<\/td>\n<\/tr>\n<tr>\n<td>3\/8\u201d Dr. padrunid<\/td>\n<td>6\u201322 mm (17 tk)<\/td>\n<\/tr>\n<tr>\n<td>3\/8\u201d Dr. universaalliigend<\/td>\n<td>1 tk<\/td>\n<\/tr>\n<tr>\n<td>3\/8\u201d Dr. pikendusvarras<\/td>\n<td>75 mm ja 100 mm (2 tk)<\/td>\n<\/tr>\n<tr>\n<td>3\/8\u201d TX padrunid<\/td>\n<td>E10\u2013E20 (7 tk)<\/td>\n<\/tr>\n<tr>\n<td>3\/8\u201d T-kujuline k\u00e4epide<\/td>\n<td>165 mm (1 tk)<\/td>\n<\/tr>\n<tr>\n<td>3\/8\u201d Dr. r\u00e4tselk\u00e4epide<\/td>\n<td>1 tk<\/td>\n<\/tr>\n<tr>\n<td>1\/4\u201d Dr. padrunid<\/td>\n<td>4\u201314 mm (11 tk)<\/td>\n<\/tr>\n<tr>\n<td>1\/4\u201d Dr. universaalliigend<\/td>\n<td>1 tk<\/td>\n<\/tr>\n<tr>\n<td>1\/4\u201d Dr. pikendusvarras<\/td>\n<td>50 mm ja 100 mm (2 tk)<\/td>\n<\/tr>\n<tr>\n<td>1\/4\u201d T-kujuline k\u00e4epide<\/td>\n<td>115 mm (1 tk)<\/td>\n<\/tr>\n<tr>\n<td>1\/4\u201d Spinner k\u00e4epide<\/td>\n<td>1 tk<\/td>\n<\/tr>\n<tr>\n<td>1\/4\u201d Dr. r\u00e4tselk\u00e4epide<\/td>\n<td>1 tk<\/td>\n<\/tr>\n<tr>\n<td>1\/4\u201d Bitpadrunid Hex<\/td>\n<td>3\u20138 mm (6 tk)<\/td>\n<\/tr>\n<tr>\n<td>1\/4\u201d Bitpadrunid Slotted<\/td>\n<td>4, 5.5, 7 mm (3 tk)<\/td>\n<\/tr>\n<tr>\n<td>1\/4\u201d Bitpadrunid Phillips<\/td>\n<td>PH1, PH2, PH3 (3 tk)<\/td>\n<\/tr>\n<tr>\n<td>1\/4\u201d Bitpadrunid Pozidrive<\/td>\n<td>PZ1, PZ2, PZ3 (3 tk)<\/td>\n<\/tr>\n<tr>\n<td>1\/4\u201d Bitpadrunid Torx<\/td>\n<td>T8\u2013T40 (8 tk)<\/td>\n<\/tr>\n<tr>\n<td>Sahtel 2 \u2013 osad<\/td>\n<td>58 tk<\/td>\n<\/tr>\n<tr>\n<td>1\/2\u201d S\u00fcvapadrunid<\/td>\n<td>10\u201324 mm (15 tk)<\/td>\n<\/tr>\n<tr>\n<td>3\/8\u201d S\u00fcvapadrunid<\/td>\n<td>8\u201324 mm (17 tk)<\/td>\n<\/tr>\n<tr>\n<td>1\/4\u201d S\u00fcvapadrunid<\/td>\n<td>5\u201313 mm (9 tk)<\/td>\n<\/tr>\n<tr>\n<td>Painduvad padrunv\u00f5tmed<\/td>\n<td>8&#215;9 \u2013 18&#215;19 mm (6 tk)<\/td>\n<\/tr>\n<tr>\n<td>S\u00fc\u00fctek\u00fc\u00fcnla padrunid<\/td>\n<td>16 mm ja 21 mm (2 tk)<\/td>\n<\/tr>\n<tr>\n<td>Kuuskantv\u00f5tmete komplekt<\/td>\n<td>1.5\u201310 mm (9 tk)<\/td>\n<\/tr>\n<tr>\n<td>Sahtel 3 \u2013 osad<\/td>\n<td>32 tk<\/td>\n<\/tr>\n<tr>\n<td>Kombinatsioonv\u00f5tmed<\/td>\n<td>6\u201332 mm (20 tk)<\/td>\n<\/tr>\n<tr>\n<td>R\u00e4tselv\u00f5tmed<\/td>\n<td>8\u201319 mm (12 tk)<\/td>\n<\/tr>\n<tr>\n<td>Sahtel 4 \u2013 osad<\/td>\n<td>10 tk<\/td>\n<\/tr>\n<tr>\n<td>Lame viil<\/td>\n<td>200 mm (1 tk)<\/td>\n<\/tr>\n<tr>\n<td>Pool\u00fcmar viil<\/td>\n<td>200 mm (1 tk)<\/td>\n<\/tr>\n<tr>\n<td>Ruutviil<\/td>\n<td>200 mm (1 tk)<\/td>\n<\/tr>\n<tr>\n<td>\u00dcmaraotsaline viil<\/td>\n<td>200 mm (1 tk)<\/td>\n<\/tr>\n<tr>\n<td>Kolmnurkne viil<\/td>\n<td>200 mm (1 tk)<\/td>\n<\/tr>\n<tr>\n<td>Seegeritangid sirged ja k\u00f5verad<\/td>\n<td>Sise- ja v\u00e4listangid (4 tk)<\/td>\n<\/tr>\n<tr>\n<td>Lukustuv tang<\/td>\n<td>250 mm (1 tk)<\/td>\n<\/tr>\n<tr>\n<td>3\/4\u201d Dr. padrunid<\/td>\n<td>19\u201350 mm (11 tk)<\/td>\n<\/tr>\n<tr>\n<td>Pikendusvardad<\/td>\n<td>100 mm ja 200 mm (2 tk)<\/td>\n<\/tr>\n<tr>\n<td>T-kujuline varras<\/td>\n<td>450 mm (1 tk)<\/td>\n<\/tr>\n<tr>\n<td>3\/4\u201d Dr. r\u00e4tselk\u00e4epide<\/td>\n<td>500 mm (1 tk)<\/td>\n<\/tr>\n<tr>\n<td>1\/2\u201d L\u00f6\u00f6gipadrunid<\/td>\n<td>10\u201324 mm (10 tk)<\/td>\n<\/tr>\n<tr>\n<td>1\/2\u201d S\u00fcval\u00f6\u00f6gipadrunid<\/td>\n<td>10\u201324 mm (10 tk)<\/td>\n<\/tr>\n<tr>\n<td>Pneumov\u00f5ti<\/td>\n<td>1\/2\u201d 1600 Nm (1 tk)<\/td>\n<\/tr>\n<tr>\n<td>Lame kruvikeerajad<\/td>\n<td>3&#215;75, 4&#215;100, 5&#215;125, 6&#215;150 mm (4 tk)<\/td>\n<\/tr>\n<tr>\n<td>Philips kruvikeerajad<\/td>\n<td>PH1x75, PH2x100, PH3x150 mm (3 tk)<\/td>\n<\/tr>\n<tr>\n<td>Pozidriv kruvikeerajad<\/td>\n<td>PZ1x100, PZ2x100, PZ3x150 mm (3 tk)<\/td>\n<\/tr>\n<\/tbody>\n<\/table>\n<p>&nbsp;<\/p>","protected":false},"featured_media":19229,"template":"","meta":{"_acf_changed":false,"inline_featured_image":false},"product_brand":[],"product_cat":[154],"product_tag":[],"class_list":{"0":"post-19221","1":"product","2":"type-product","3":"status-publish","4":"has-post-thumbnail","6":"product_cat-tooriistakapid","7":"product_shipping_class-euroalus","9":"first","10":"instock","11":"taxable","12":"shipping-taxable","13":"purchasable","14":"product-type-simple"},"acf":[],"yoast_head":"<!-- This site is optimized with the Yoast SEO plugin v26.2 - https:\/\/yoast.com\/wordpress\/plugins\/seo\/ -->\n<title>Gson 240-osaline t\u00f6\u00f6riistakapp ratastel - Genekas24<\/title>\n<meta name=\"robots\" content=\"index, follow, max-snippet:-1, max-image-preview:large, max-video-preview:-1\" \/>\n<link rel=\"canonical\" href=\"https:\/\/staging.genekas24.ee\/en\/product\/240-osaline-tooriistakapp-ratastel\/\" \/>\n<meta property=\"og:locale\" content=\"en_GB\" \/>\n<meta property=\"og:type\" content=\"article\" \/>\n<meta property=\"og:title\" content=\"Gson 240-osaline t\u00f6\u00f6riistakapp ratastel - Genekas24\" \/>\n<meta property=\"og:description\" content=\"M\u00f5\u00f5dud (K x L x S) 96 x 77 x 47 cm   Netokaal 51 kg   Brutokaal 85,6 kg   Alusel kogus 2 tk   Sahtel 1 \u2013 osad 93 tk   1\/2\u201d Dr. Hex padrunid 10\u201332 mm (16 tk)   1\/2\u201d Dr. universaalliigend 1 tk   1\/2\u201d Dr. pikendusvarras 125 mm ja 250 mm (2 tk)   1\/2\u201d T-kujuline k\u00e4epide 250 mm (1 tk)   1\/2\u201d Dr. r\u00e4tselk\u00e4epide 1 tk   3\/8\u201d Dr. padrunid 6\u201322 mm (17 tk)   3\/8\u201d Dr. universaalliigend 1 tk   3\/8\u201d Dr. pikendusvarras 75 mm ja 100 mm (2 tk)   3\/8\u201d TX padrunid E10\u2013E20 (7 tk)   3\/8\u201d T-kujuline k\u00e4epide 165 mm (1 tk)   3\/8\u201d Dr. r\u00e4tselk\u00e4epide 1 tk   1\/4\u201d Dr. padrunid 4\u201314 mm (11 tk)   1\/4\u201d Dr. universaalliigend 1 tk   1\/4\u201d Dr. pikendusvarras 50 mm ja 100 mm (2 tk)   1\/4\u201d T-kujuline k\u00e4epide 115 mm (1 tk)   1\/4\u201d Spinner k\u00e4epide 1 tk   1\/4\u201d Dr. r\u00e4tselk\u00e4epide 1 tk   1\/4\u201d Bitpadrunid Hex 3\u20138 mm (6 tk)   1\/4\u201d Bitpadrunid Slotted 4, 5.5, 7 mm (3 tk)   1\/4\u201d Bitpadrunid Phillips PH1, PH2, PH3 (3 tk)   1\/4\u201d Bitpadrunid Pozidrive PZ1, PZ2, PZ3 (3 tk)   1\/4\u201d Bitpadrunid Torx T8\u2013T40 (8 tk)   Sahtel 2 \u2013 osad 58 tk   1\/2\u201d S\u00fcvapadrunid 10\u201324 mm (15 tk)   3\/8\u201d S\u00fcvapadrunid 8\u201324 mm (17 tk)   1\/4\u201d S\u00fcvapadrunid 5\u201313 mm (9 tk)   Painduvad padrunv\u00f5tmed 8x9 \u2013 18x19 mm (6 tk)   S\u00fc\u00fctek\u00fc\u00fcnla padrunid 16 mm ja 21 mm (2 tk)   Kuuskantv\u00f5tmete komplekt 1.5\u201310 mm (9 tk)   Sahtel 3 \u2013 osad 32 tk   Kombinatsioonv\u00f5tmed 6\u201332 mm (20 tk)   R\u00e4tselv\u00f5tmed 8\u201319 mm (12 tk)   Sahtel 4 \u2013 osad 10 tk   Lame viil 200 mm (1 tk)   Pool\u00fcmar viil 200 mm (1 tk)   Ruutviil 200 mm (1 tk)   \u00dcmaraotsaline viil 200 mm (1 tk)   Kolmnurkne viil 200 mm (1 tk)   Seegeritangid sirged ja k\u00f5verad Sise- ja v\u00e4listangid (4 tk)   Lukustuv tang 250 mm (1 tk)   3\/4\u201d Dr. padrunid 19\u201350 mm (11 tk)   Pikendusvardad 100 mm ja 200 mm (2 tk)   T-kujuline varras 450 mm (1 tk)   3\/4\u201d Dr. r\u00e4tselk\u00e4epide 500 mm (1 tk)   1\/2\u201d L\u00f6\u00f6gipadrunid 10\u201324 mm (10 tk)   1\/2\u201d S\u00fcval\u00f6\u00f6gipadrunid 10\u201324 mm (10 tk)   Pneumov\u00f5ti 1\/2\u201d 1600 Nm (1 tk)   Lame kruvikeerajad 3x75, 4x100, 5x125, 6x150 mm (4 tk)   Philips kruvikeerajad PH1x75, PH2x100, PH3x150 mm (3 tk)   Pozidriv kruvikeerajad PZ1x100, PZ2x100, PZ3x150 mm (3 tk)    &nbsp;\" \/>\n<meta property=\"og:url\" content=\"https:\/\/staging.genekas24.ee\/en\/product\/240-osaline-tooriistakapp-ratastel\/\" \/>\n<meta property=\"og:site_name\" content=\"Genekas24\" \/>\n<meta property=\"article:modified_time\" content=\"2025-06-17T11:40:09+00:00\" \/>\n<meta property=\"og:image\" content=\"https:\/\/staging.genekas24.ee\/wp-content\/uploads\/2025\/06\/500025-Roller-Cabinet-Tool-Set.jpg\" \/>\n\t<meta property=\"og:image:width\" content=\"1600\" \/>\n\t<meta property=\"og:image:height\" content=\"1600\" \/>\n\t<meta property=\"og:image:type\" content=\"image\/jpeg\" \/>\n<meta name=\"twitter:card\" content=\"summary_large_image\" \/>\n<meta name=\"twitter:label1\" content=\"Estimated reading time\" \/>\n\t<meta name=\"twitter:data1\" content=\"1 minute\" \/>\n<script type=\"application\/ld+json\" class=\"yoast-schema-graph\">{\"@context\":\"https:\/\/schema.org\",\"@graph\":[{\"@type\":\"WebPage\",\"@id\":\"https:\/\/staging.genekas24.ee\/toode\/240-osaline-tooriistakapp-ratastel\/\",\"url\":\"https:\/\/staging.genekas24.ee\/toode\/240-osaline-tooriistakapp-ratastel\/\",\"name\":\"Gson 240-osaline t\u00f6\u00f6riistakapp ratastel - Genekas24\",\"isPartOf\":{\"@id\":\"https:\/\/staging.genekas24.ee\/#website\"},\"primaryImageOfPage\":{\"@id\":\"https:\/\/staging.genekas24.ee\/toode\/240-osaline-tooriistakapp-ratastel\/#primaryimage\"},\"image\":{\"@id\":\"https:\/\/staging.genekas24.ee\/toode\/240-osaline-tooriistakapp-ratastel\/#primaryimage\"},\"thumbnailUrl\":\"https:\/\/staging.genekas24.ee\/wp-content\/uploads\/2025\/06\/500025-Roller-Cabinet-Tool-Set.jpg\",\"datePublished\":\"2025-06-13T07:58:53+00:00\",\"dateModified\":\"2025-06-17T11:40:09+00:00\",\"breadcrumb\":{\"@id\":\"https:\/\/staging.genekas24.ee\/toode\/240-osaline-tooriistakapp-ratastel\/#breadcrumb\"},\"inLanguage\":\"en-GB\",\"potentialAction\":[{\"@type\":\"ReadAction\",\"target\":[\"https:\/\/staging.genekas24.ee\/toode\/240-osaline-tooriistakapp-ratastel\/\"]}]},{\"@type\":\"ImageObject\",\"inLanguage\":\"en-GB\",\"@id\":\"https:\/\/staging.genekas24.ee\/toode\/240-osaline-tooriistakapp-ratastel\/#primaryimage\",\"url\":\"https:\/\/staging.genekas24.ee\/wp-content\/uploads\/2025\/06\/500025-Roller-Cabinet-Tool-Set.jpg\",\"contentUrl\":\"https:\/\/staging.genekas24.ee\/wp-content\/uploads\/2025\/06\/500025-Roller-Cabinet-Tool-Set.jpg\",\"width\":1600,\"height\":1600},{\"@type\":\"BreadcrumbList\",\"@id\":\"https:\/\/staging.genekas24.ee\/toode\/240-osaline-tooriistakapp-ratastel\/#breadcrumb\",\"itemListElement\":[{\"@type\":\"ListItem\",\"position\":1,\"name\":\"Home\",\"item\":\"https:\/\/staging.genekas24.ee\/\"},{\"@type\":\"ListItem\",\"position\":2,\"name\":\"Pood\",\"item\":\"https:\/\/staging.genekas24.ee\/pood\/\"},{\"@type\":\"ListItem\",\"position\":3,\"name\":\"Gson 240-osaline t\u00f6\u00f6riistakapp ratastel\"}]},{\"@type\":\"WebSite\",\"@id\":\"https:\/\/staging.genekas24.ee\/#website\",\"url\":\"https:\/\/staging.genekas24.ee\/\",\"name\":\"Genekas24\",\"description\":\"Generaatorid | K&ouml;nner S&ouml;hnen tooted | Genekas24\",\"publisher\":{\"@id\":\"https:\/\/staging.genekas24.ee\/#organization\"},\"potentialAction\":[{\"@type\":\"SearchAction\",\"target\":{\"@type\":\"EntryPoint\",\"urlTemplate\":\"https:\/\/staging.genekas24.ee\/?s={search_term_string}\"},\"query-input\":{\"@type\":\"PropertyValueSpecification\",\"valueRequired\":true,\"valueName\":\"search_term_string\"}}],\"inLanguage\":\"en-GB\"},{\"@type\":\"Organization\",\"@id\":\"https:\/\/staging.genekas24.ee\/#organization\",\"name\":\"Genekas24\",\"url\":\"https:\/\/staging.genekas24.ee\/\",\"logo\":{\"@type\":\"ImageObject\",\"inLanguage\":\"en-GB\",\"@id\":\"https:\/\/staging.genekas24.ee\/#\/schema\/logo\/image\/\",\"url\":\"https:\/\/staging.genekas24.ee\/wp-content\/uploads\/2026\/01\/genekas24-logo_black.svg\",\"contentUrl\":\"https:\/\/staging.genekas24.ee\/wp-content\/uploads\/2026\/01\/genekas24-logo_black.svg\",\"width\":840,\"height\":131,\"caption\":\"Genekas24\"},\"image\":{\"@id\":\"https:\/\/staging.genekas24.ee\/#\/schema\/logo\/image\/\"}}]}<\/script>\n<!-- \/ Yoast SEO plugin. -->","yoast_head_json":{"title":"Gson 240-osaline t\u00f6\u00f6riistakapp ratastel - Genekas24","robots":{"index":"index","follow":"follow","max-snippet":"max-snippet:-1","max-image-preview":"max-image-preview:large","max-video-preview":"max-video-preview:-1"},"canonical":"https:\/\/staging.genekas24.ee\/en\/product\/240-osaline-tooriistakapp-ratastel\/","og_locale":"en_GB","og_type":"article","og_title":"Gson 240-osaline t\u00f6\u00f6riistakapp ratastel - Genekas24","og_description":"M\u00f5\u00f5dud (K x L x S) 96 x 77 x 47 cm   Netokaal 51 kg   Brutokaal 85,6 kg   Alusel kogus 2 tk   Sahtel 1 \u2013 osad 93 tk   1\/2\u201d Dr. Hex padrunid 10\u201332 mm (16 tk)   1\/2\u201d Dr. universaalliigend 1 tk   1\/2\u201d Dr. pikendusvarras 125 mm ja 250 mm (2 tk)   1\/2\u201d T-kujuline k\u00e4epide 250 mm (1 tk)   1\/2\u201d Dr. r\u00e4tselk\u00e4epide 1 tk   3\/8\u201d Dr. padrunid 6\u201322 mm (17 tk)   3\/8\u201d Dr. universaalliigend 1 tk   3\/8\u201d Dr. pikendusvarras 75 mm ja 100 mm (2 tk)   3\/8\u201d TX padrunid E10\u2013E20 (7 tk)   3\/8\u201d T-kujuline k\u00e4epide 165 mm (1 tk)   3\/8\u201d Dr. r\u00e4tselk\u00e4epide 1 tk   1\/4\u201d Dr. padrunid 4\u201314 mm (11 tk)   1\/4\u201d Dr. universaalliigend 1 tk   1\/4\u201d Dr. pikendusvarras 50 mm ja 100 mm (2 tk)   1\/4\u201d T-kujuline k\u00e4epide 115 mm (1 tk)   1\/4\u201d Spinner k\u00e4epide 1 tk   1\/4\u201d Dr. r\u00e4tselk\u00e4epide 1 tk   1\/4\u201d Bitpadrunid Hex 3\u20138 mm (6 tk)   1\/4\u201d Bitpadrunid Slotted 4, 5.5, 7 mm (3 tk)   1\/4\u201d Bitpadrunid Phillips PH1, PH2, PH3 (3 tk)   1\/4\u201d Bitpadrunid Pozidrive PZ1, PZ2, PZ3 (3 tk)   1\/4\u201d Bitpadrunid Torx T8\u2013T40 (8 tk)   Sahtel 2 \u2013 osad 58 tk   1\/2\u201d S\u00fcvapadrunid 10\u201324 mm (15 tk)   3\/8\u201d S\u00fcvapadrunid 8\u201324 mm (17 tk)   1\/4\u201d S\u00fcvapadrunid 5\u201313 mm (9 tk)   Painduvad padrunv\u00f5tmed 8x9 \u2013 18x19 mm (6 tk)   S\u00fc\u00fctek\u00fc\u00fcnla padrunid 16 mm ja 21 mm (2 tk)   Kuuskantv\u00f5tmete komplekt 1.5\u201310 mm (9 tk)   Sahtel 3 \u2013 osad 32 tk   Kombinatsioonv\u00f5tmed 6\u201332 mm (20 tk)   R\u00e4tselv\u00f5tmed 8\u201319 mm (12 tk)   Sahtel 4 \u2013 osad 10 tk   Lame viil 200 mm (1 tk)   Pool\u00fcmar viil 200 mm (1 tk)   Ruutviil 200 mm (1 tk)   \u00dcmaraotsaline viil 200 mm (1 tk)   Kolmnurkne viil 200 mm (1 tk)   Seegeritangid sirged ja k\u00f5verad Sise- ja v\u00e4listangid (4 tk)   Lukustuv tang 250 mm (1 tk)   3\/4\u201d Dr. padrunid 19\u201350 mm (11 tk)   Pikendusvardad 100 mm ja 200 mm (2 tk)   T-kujuline varras 450 mm (1 tk)   3\/4\u201d Dr. r\u00e4tselk\u00e4epide 500 mm (1 tk)   1\/2\u201d L\u00f6\u00f6gipadrunid 10\u201324 mm (10 tk)   1\/2\u201d S\u00fcval\u00f6\u00f6gipadrunid 10\u201324 mm (10 tk)   Pneumov\u00f5ti 1\/2\u201d 1600 Nm (1 tk)   Lame kruvikeerajad 3x75, 4x100, 5x125, 6x150 mm (4 tk)   Philips kruvikeerajad PH1x75, PH2x100, PH3x150 mm (3 tk)   Pozidriv kruvikeerajad PZ1x100, PZ2x100, PZ3x150 mm (3 tk)    &nbsp;","og_url":"https:\/\/staging.genekas24.ee\/en\/product\/240-osaline-tooriistakapp-ratastel\/","og_site_name":"Genekas24","article_modified_time":"2025-06-17T11:40:09+00:00","og_image":[{"width":1600,"height":1600,"url":"https:\/\/staging.genekas24.ee\/wp-content\/uploads\/2025\/06\/500025-Roller-Cabinet-Tool-Set.jpg","type":"image\/jpeg"}],"twitter_card":"summary_large_image","twitter_misc":{"Estimated reading time":"1 minute"},"schema":{"@context":"https:\/\/schema.org","@graph":[{"@type":"WebPage","@id":"https:\/\/staging.genekas24.ee\/toode\/240-osaline-tooriistakapp-ratastel\/","url":"https:\/\/staging.genekas24.ee\/toode\/240-osaline-tooriistakapp-ratastel\/","name":"Gson 240-osaline t\u00f6\u00f6riistakapp ratastel - Genekas24","isPartOf":{"@id":"https:\/\/staging.genekas24.ee\/#website"},"primaryImageOfPage":{"@id":"https:\/\/staging.genekas24.ee\/toode\/240-osaline-tooriistakapp-ratastel\/#primaryimage"},"image":{"@id":"https:\/\/staging.genekas24.ee\/toode\/240-osaline-tooriistakapp-ratastel\/#primaryimage"},"thumbnailUrl":"https:\/\/staging.genekas24.ee\/wp-content\/uploads\/2025\/06\/500025-Roller-Cabinet-Tool-Set.jpg","datePublished":"2025-06-13T07:58:53+00:00","dateModified":"2025-06-17T11:40:09+00:00","breadcrumb":{"@id":"https:\/\/staging.genekas24.ee\/toode\/240-osaline-tooriistakapp-ratastel\/#breadcrumb"},"inLanguage":"en-GB","potentialAction":[{"@type":"ReadAction","target":["https:\/\/staging.genekas24.ee\/toode\/240-osaline-tooriistakapp-ratastel\/"]}]},{"@type":"ImageObject","inLanguage":"en-GB","@id":"https:\/\/staging.genekas24.ee\/toode\/240-osaline-tooriistakapp-ratastel\/#primaryimage","url":"https:\/\/staging.genekas24.ee\/wp-content\/uploads\/2025\/06\/500025-Roller-Cabinet-Tool-Set.jpg","contentUrl":"https:\/\/staging.genekas24.ee\/wp-content\/uploads\/2025\/06\/500025-Roller-Cabinet-Tool-Set.jpg","width":1600,"height":1600},{"@type":"BreadcrumbList","@id":"https:\/\/staging.genekas24.ee\/toode\/240-osaline-tooriistakapp-ratastel\/#breadcrumb","itemListElement":[{"@type":"ListItem","position":1,"name":"Home","item":"https:\/\/staging.genekas24.ee\/"},{"@type":"ListItem","position":2,"name":"Pood","item":"https:\/\/staging.genekas24.ee\/pood\/"},{"@type":"ListItem","position":3,"name":"Gson 240-osaline t\u00f6\u00f6riistakapp ratastel"}]},{"@type":"WebSite","@id":"https:\/\/staging.genekas24.ee\/#website","url":"https:\/\/staging.genekas24.ee\/","name":"Genekas24","description":"Generaatorid | K&ouml;nner S&ouml;hnen tooted | Genekas24","publisher":{"@id":"https:\/\/staging.genekas24.ee\/#organization"},"potentialAction":[{"@type":"SearchAction","target":{"@type":"EntryPoint","urlTemplate":"https:\/\/staging.genekas24.ee\/?s={search_term_string}"},"query-input":{"@type":"PropertyValueSpecification","valueRequired":true,"valueName":"search_term_string"}}],"inLanguage":"en-GB"},{"@type":"Organization","@id":"https:\/\/staging.genekas24.ee\/#organization","name":"Genekas24","url":"https:\/\/staging.genekas24.ee\/","logo":{"@type":"ImageObject","inLanguage":"en-GB","@id":"https:\/\/staging.genekas24.ee\/#\/schema\/logo\/image\/","url":"https:\/\/staging.genekas24.ee\/wp-content\/uploads\/2026\/01\/genekas24-logo_black.svg","contentUrl":"https:\/\/staging.genekas24.ee\/wp-content\/uploads\/2026\/01\/genekas24-logo_black.svg","width":840,"height":131,"caption":"Genekas24"},"image":{"@id":"https:\/\/staging.genekas24.ee\/#\/schema\/logo\/image\/"}}]}},"_links":{"self":[{"href":"https:\/\/staging.genekas24.ee\/en\/wp-json\/wp\/v2\/product\/19221","targetHints":{"allow":["GET"]}}],"collection":[{"href":"https:\/\/staging.genekas24.ee\/en\/wp-json\/wp\/v2\/product"}],"about":[{"href":"https:\/\/staging.genekas24.ee\/en\/wp-json\/wp\/v2\/types\/product"}],"version-history":[{"count":4,"href":"https:\/\/staging.genekas24.ee\/en\/wp-json\/wp\/v2\/product\/19221\/revisions"}],"predecessor-version":[{"id":19529,"href":"https:\/\/staging.genekas24.ee\/en\/wp-json\/wp\/v2\/product\/19221\/revisions\/19529"}],"wp:featuredmedia":[{"embeddable":true,"href":"https:\/\/staging.genekas24.ee\/en\/wp-json\/wp\/v2\/media\/19229"}],"wp:attachment":[{"href":"https:\/\/staging.genekas24.ee\/en\/wp-json\/wp\/v2\/media?parent=19221"}],"wp:term":[{"taxonomy":"product_brand","embeddable":true,"href":"https:\/\/staging.genekas24.ee\/en\/wp-json\/wp\/v2\/product_brand?post=19221"},{"taxonomy":"product_cat","embeddable":true,"href":"https:\/\/staging.genekas24.ee\/en\/wp-json\/wp\/v2\/product_cat?post=19221"},{"taxonomy":"product_tag","embeddable":true,"href":"https:\/\/staging.genekas24.ee\/en\/wp-json\/wp\/v2\/product_tag?post=19221"}],"curies":[{"name":"wp","href":"https:\/\/api.w.org\/{rel}","templated":true}]}}