{"id":19155,"date":"2025-06-12T07:37:45","date_gmt":"2025-06-12T07:37:45","guid":{"rendered":"https:\/\/staging.genekas24.ee\/?post_type=product&#038;p=19155"},"modified":"2025-09-05T10:16:00","modified_gmt":"2025-09-05T10:16:00","slug":"turbo-polumeer-valge-290ml","status":"publish","type":"product","link":"https:\/\/staging.genekas24.ee\/en\/product\/turbo-polumeer-valge-290ml\/","title":{"rendered":"Gson Turbo pol\u00fcmeer valge 290ml"},"content":{"rendered":"<p>\u00dchekomponentne kiirelt nakkuv kinnitusliim\/hermeetik. Elastne uue p\u00f5lvkonna pol\u00fcmeer.<\/p>\n<p>Range of use<br \/>\nK\u00f5ikide materjalide kiireks nakkumiseks nii sise- kui ka v\u00e4listingimustes, nakkub ka m\u00e4rgade pindadega ja igasuguse ilmaga. Kiire, tugev, vastupidav ja elastne kivi, tellise, betooni, klaasi, plaatide, alumiiniumi, raua, terase, tsingi, PVC, plasti, puidu jne liimimiseks.<\/p>\n<p>Ei ole soovitatav PE, PP ja PTFE materjalide jaoks.<\/p>\n<p>\u2022 \u00c4\u00e4rmuslik haarduvus ja kiire kuivamine<br \/>\n\u2022 Suurep\u00e4rane esmane haarduvus<br \/>\n\u2022 Lihtne peale kanda<br \/>\n\u2022 P\u00e4rast kuivamist p\u00fcsivalt elastne<br \/>\n\u2022 Ideaalne vertikaalseks ja horisontaalseks kasutamiseks<br \/>\n\u2022 Suur vastupidavus UV-kiirgusele<br \/>\n\u2022 Ei kolletu<br \/>\n\u2022 L\u00f5hna- ja m\u00fcrgivaba<br \/>\n\u2022 Toimib m\u00e4rgadel pindadel<br \/>\n\u2022 \u00dclev\u00e4rvitav<br \/>\n\u2022 Sise- ja v\u00e4listingimustes kasutamiseks.<\/p>","protected":false},"excerpt":{"rendered":"<table style=\"border-collapse: collapse; width: 100%;\">\n<tbody>\n<tr>\n<td style=\"width: 50%;\">V\u00e4rv<\/td>\n<td style=\"width: 50%;\">Valge<\/td>\n<\/tr>\n<tr>\n<td style=\"width: 50%;\">Temperatuuritaluvus<\/td>\n<td style=\"width: 50%;\">-40\u202f\u00b0C kuni +90\u202f\u00b0C<\/td>\n<\/tr>\n<tr>\n<td style=\"width: 50%;\">Paigaldustemperatuur<\/td>\n<td style=\"width: 50%;\">+5\u202f\u00b0C kuni +40\u202f\u00b0C<\/td>\n<\/tr>\n<tr>\n<td style=\"width: 50%;\">Vuugi laius<\/td>\n<td style=\"width: 50%;\">3\u201325 mm<\/td>\n<\/tr>\n<tr>\n<td style=\"width: 50%;\">Kelmestumise aeg<\/td>\n<td style=\"width: 50%;\">8 minutit<\/td>\n<\/tr>\n<tr>\n<td style=\"width: 50%;\">K\u00f5venemisaeg<\/td>\n<td style=\"width: 50%;\">2 mm \/ 60 minutit<\/td>\n<\/tr>\n<tr>\n<td style=\"width: 50%;\">Viskoossus<\/td>\n<td style=\"width: 50%;\">Tiksotroopne pasta<\/td>\n<\/tr>\n<tr>\n<td style=\"width: 50%;\">K\u00f5vadus<\/td>\n<td style=\"width: 50%;\">U\u202f65 Shore A<\/td>\n<\/tr>\n<tr>\n<td style=\"width: 50%;\">Suurus<\/td>\n<td style=\"width: 50%;\">290ml<\/td>\n<\/tr>\n<\/tbody>\n<\/table>","protected":false},"featured_media":19159,"template":"","meta":{"_acf_changed":false,"inline_featured_image":false},"product_brand":[],"product_cat":[151],"product_tag":[],"class_list":{"0":"post-19155","1":"product","2":"type-product","3":"status-publish","4":"has-post-thumbnail","6":"product_cat-liimid-ja-hermeetikud","7":"product_shipping_class-vaikepakk","8":"brand-gson","10":"first","11":"instock","12":"taxable","13":"shipping-taxable","14":"purchasable","15":"product-type-simple"},"acf":[],"yoast_head":"<!-- This site is optimized with the Yoast SEO plugin v26.2 - https:\/\/yoast.com\/wordpress\/plugins\/seo\/ -->\n<title>Gson Turbo pol\u00fcmeer valge 290ml - Genekas24<\/title>\n<meta name=\"description\" content=\"Turbo pol\u00fcmeer White - \u00fchekomponentne kiirelt nakkuv montaa\u017eiliim\/hermeetik. Elastne uue p\u00f5lvkonna pol\u00fcmeer.\" \/>\n<meta name=\"robots\" content=\"index, follow, max-snippet:-1, max-image-preview:large, max-video-preview:-1\" \/>\n<link rel=\"canonical\" href=\"https:\/\/staging.genekas24.ee\/en\/product\/turbo-polumeer-valge-290ml\/\" \/>\n<meta property=\"og:locale\" content=\"en_GB\" \/>\n<meta property=\"og:type\" content=\"article\" \/>\n<meta property=\"og:title\" content=\"Gson Turbo pol\u00fcmeer valge 290ml - Genekas24\" \/>\n<meta property=\"og:description\" content=\"Turbo pol\u00fcmeer White - \u00fchekomponentne kiirelt nakkuv montaa\u017eiliim\/hermeetik. Elastne uue p\u00f5lvkonna pol\u00fcmeer.\" \/>\n<meta property=\"og:url\" content=\"https:\/\/staging.genekas24.ee\/en\/product\/turbo-polumeer-valge-290ml\/\" \/>\n<meta property=\"og:site_name\" content=\"Genekas24\" \/>\n<meta property=\"article:modified_time\" content=\"2025-09-05T10:16:00+00:00\" \/>\n<meta property=\"og:image\" content=\"https:\/\/staging.genekas24.ee\/wp-content\/uploads\/2025\/06\/T146-Turbo-Polymer.jpg\" \/>\n\t<meta property=\"og:image:width\" content=\"1600\" \/>\n\t<meta property=\"og:image:height\" content=\"1600\" \/>\n\t<meta property=\"og:image:type\" content=\"image\/jpeg\" \/>\n<meta name=\"twitter:card\" content=\"summary_large_image\" \/>\n<meta name=\"twitter:label1\" content=\"Estimated reading time\" \/>\n\t<meta name=\"twitter:data1\" content=\"1 minute\" \/>\n<script type=\"application\/ld+json\" class=\"yoast-schema-graph\">{\"@context\":\"https:\/\/schema.org\",\"@graph\":[{\"@type\":\"WebPage\",\"@id\":\"https:\/\/staging.genekas24.ee\/toode\/turbo-polumeer-valge-290ml\/\",\"url\":\"https:\/\/staging.genekas24.ee\/toode\/turbo-polumeer-valge-290ml\/\",\"name\":\"Gson Turbo pol\u00fcmeer valge 290ml - Genekas24\",\"isPartOf\":{\"@id\":\"https:\/\/staging.genekas24.ee\/#website\"},\"primaryImageOfPage\":{\"@id\":\"https:\/\/staging.genekas24.ee\/toode\/turbo-polumeer-valge-290ml\/#primaryimage\"},\"image\":{\"@id\":\"https:\/\/staging.genekas24.ee\/toode\/turbo-polumeer-valge-290ml\/#primaryimage\"},\"thumbnailUrl\":\"https:\/\/staging.genekas24.ee\/wp-content\/uploads\/2025\/06\/T146-Turbo-Polymer.jpg\",\"datePublished\":\"2025-06-12T07:37:45+00:00\",\"dateModified\":\"2025-09-05T10:16:00+00:00\",\"description\":\"Turbo pol\u00fcmeer White - \u00fchekomponentne kiirelt nakkuv montaa\u017eiliim\/hermeetik. Elastne uue p\u00f5lvkonna pol\u00fcmeer.\",\"breadcrumb\":{\"@id\":\"https:\/\/staging.genekas24.ee\/toode\/turbo-polumeer-valge-290ml\/#breadcrumb\"},\"inLanguage\":\"en-GB\",\"potentialAction\":[{\"@type\":\"ReadAction\",\"target\":[\"https:\/\/staging.genekas24.ee\/toode\/turbo-polumeer-valge-290ml\/\"]}]},{\"@type\":\"ImageObject\",\"inLanguage\":\"en-GB\",\"@id\":\"https:\/\/staging.genekas24.ee\/toode\/turbo-polumeer-valge-290ml\/#primaryimage\",\"url\":\"https:\/\/staging.genekas24.ee\/wp-content\/uploads\/2025\/06\/T146-Turbo-Polymer.jpg\",\"contentUrl\":\"https:\/\/staging.genekas24.ee\/wp-content\/uploads\/2025\/06\/T146-Turbo-Polymer.jpg\",\"width\":1600,\"height\":1600},{\"@type\":\"BreadcrumbList\",\"@id\":\"https:\/\/staging.genekas24.ee\/toode\/turbo-polumeer-valge-290ml\/#breadcrumb\",\"itemListElement\":[{\"@type\":\"ListItem\",\"position\":1,\"name\":\"Home\",\"item\":\"https:\/\/staging.genekas24.ee\/\"},{\"@type\":\"ListItem\",\"position\":2,\"name\":\"Pood\",\"item\":\"https:\/\/staging.genekas24.ee\/pood\/\"},{\"@type\":\"ListItem\",\"position\":3,\"name\":\"Gson Turbo pol\u00fcmeer valge 290ml\"}]},{\"@type\":\"WebSite\",\"@id\":\"https:\/\/staging.genekas24.ee\/#website\",\"url\":\"https:\/\/staging.genekas24.ee\/\",\"name\":\"Genekas24\",\"description\":\"Generaatorid | K&ouml;nner S&ouml;hnen tooted | Genekas24\",\"publisher\":{\"@id\":\"https:\/\/staging.genekas24.ee\/#organization\"},\"potentialAction\":[{\"@type\":\"SearchAction\",\"target\":{\"@type\":\"EntryPoint\",\"urlTemplate\":\"https:\/\/staging.genekas24.ee\/?s={search_term_string}\"},\"query-input\":{\"@type\":\"PropertyValueSpecification\",\"valueRequired\":true,\"valueName\":\"search_term_string\"}}],\"inLanguage\":\"en-GB\"},{\"@type\":\"Organization\",\"@id\":\"https:\/\/staging.genekas24.ee\/#organization\",\"name\":\"Genekas24\",\"url\":\"https:\/\/staging.genekas24.ee\/\",\"logo\":{\"@type\":\"ImageObject\",\"inLanguage\":\"en-GB\",\"@id\":\"https:\/\/staging.genekas24.ee\/#\/schema\/logo\/image\/\",\"url\":\"https:\/\/staging.genekas24.ee\/wp-content\/uploads\/2026\/01\/genekas24-logo_black.svg\",\"contentUrl\":\"https:\/\/staging.genekas24.ee\/wp-content\/uploads\/2026\/01\/genekas24-logo_black.svg\",\"width\":840,\"height\":131,\"caption\":\"Genekas24\"},\"image\":{\"@id\":\"https:\/\/staging.genekas24.ee\/#\/schema\/logo\/image\/\"}}]}<\/script>\n<!-- \/ Yoast SEO plugin. -->","yoast_head_json":{"title":"Gson Turbo pol\u00fcmeer valge 290ml - Genekas24","description":"Turbo pol\u00fcmeer White - \u00fchekomponentne kiirelt nakkuv montaa\u017eiliim\/hermeetik. Elastne uue p\u00f5lvkonna pol\u00fcmeer.","robots":{"index":"index","follow":"follow","max-snippet":"max-snippet:-1","max-image-preview":"max-image-preview:large","max-video-preview":"max-video-preview:-1"},"canonical":"https:\/\/staging.genekas24.ee\/en\/product\/turbo-polumeer-valge-290ml\/","og_locale":"en_GB","og_type":"article","og_title":"Gson Turbo pol\u00fcmeer valge 290ml - Genekas24","og_description":"Turbo pol\u00fcmeer White - \u00fchekomponentne kiirelt nakkuv montaa\u017eiliim\/hermeetik. Elastne uue p\u00f5lvkonna pol\u00fcmeer.","og_url":"https:\/\/staging.genekas24.ee\/en\/product\/turbo-polumeer-valge-290ml\/","og_site_name":"Genekas24","article_modified_time":"2025-09-05T10:16:00+00:00","og_image":[{"width":1600,"height":1600,"url":"https:\/\/staging.genekas24.ee\/wp-content\/uploads\/2025\/06\/T146-Turbo-Polymer.jpg","type":"image\/jpeg"}],"twitter_card":"summary_large_image","twitter_misc":{"Estimated reading time":"1 minute"},"schema":{"@context":"https:\/\/schema.org","@graph":[{"@type":"WebPage","@id":"https:\/\/staging.genekas24.ee\/toode\/turbo-polumeer-valge-290ml\/","url":"https:\/\/staging.genekas24.ee\/toode\/turbo-polumeer-valge-290ml\/","name":"Gson Turbo pol\u00fcmeer valge 290ml - Genekas24","isPartOf":{"@id":"https:\/\/staging.genekas24.ee\/#website"},"primaryImageOfPage":{"@id":"https:\/\/staging.genekas24.ee\/toode\/turbo-polumeer-valge-290ml\/#primaryimage"},"image":{"@id":"https:\/\/staging.genekas24.ee\/toode\/turbo-polumeer-valge-290ml\/#primaryimage"},"thumbnailUrl":"https:\/\/staging.genekas24.ee\/wp-content\/uploads\/2025\/06\/T146-Turbo-Polymer.jpg","datePublished":"2025-06-12T07:37:45+00:00","dateModified":"2025-09-05T10:16:00+00:00","description":"Turbo pol\u00fcmeer White - \u00fchekomponentne kiirelt nakkuv montaa\u017eiliim\/hermeetik. Elastne uue p\u00f5lvkonna pol\u00fcmeer.","breadcrumb":{"@id":"https:\/\/staging.genekas24.ee\/toode\/turbo-polumeer-valge-290ml\/#breadcrumb"},"inLanguage":"en-GB","potentialAction":[{"@type":"ReadAction","target":["https:\/\/staging.genekas24.ee\/toode\/turbo-polumeer-valge-290ml\/"]}]},{"@type":"ImageObject","inLanguage":"en-GB","@id":"https:\/\/staging.genekas24.ee\/toode\/turbo-polumeer-valge-290ml\/#primaryimage","url":"https:\/\/staging.genekas24.ee\/wp-content\/uploads\/2025\/06\/T146-Turbo-Polymer.jpg","contentUrl":"https:\/\/staging.genekas24.ee\/wp-content\/uploads\/2025\/06\/T146-Turbo-Polymer.jpg","width":1600,"height":1600},{"@type":"BreadcrumbList","@id":"https:\/\/staging.genekas24.ee\/toode\/turbo-polumeer-valge-290ml\/#breadcrumb","itemListElement":[{"@type":"ListItem","position":1,"name":"Home","item":"https:\/\/staging.genekas24.ee\/"},{"@type":"ListItem","position":2,"name":"Pood","item":"https:\/\/staging.genekas24.ee\/pood\/"},{"@type":"ListItem","position":3,"name":"Gson Turbo pol\u00fcmeer valge 290ml"}]},{"@type":"WebSite","@id":"https:\/\/staging.genekas24.ee\/#website","url":"https:\/\/staging.genekas24.ee\/","name":"Genekas24","description":"Generaatorid | K&ouml;nner S&ouml;hnen tooted | Genekas24","publisher":{"@id":"https:\/\/staging.genekas24.ee\/#organization"},"potentialAction":[{"@type":"SearchAction","target":{"@type":"EntryPoint","urlTemplate":"https:\/\/staging.genekas24.ee\/?s={search_term_string}"},"query-input":{"@type":"PropertyValueSpecification","valueRequired":true,"valueName":"search_term_string"}}],"inLanguage":"en-GB"},{"@type":"Organization","@id":"https:\/\/staging.genekas24.ee\/#organization","name":"Genekas24","url":"https:\/\/staging.genekas24.ee\/","logo":{"@type":"ImageObject","inLanguage":"en-GB","@id":"https:\/\/staging.genekas24.ee\/#\/schema\/logo\/image\/","url":"https:\/\/staging.genekas24.ee\/wp-content\/uploads\/2026\/01\/genekas24-logo_black.svg","contentUrl":"https:\/\/staging.genekas24.ee\/wp-content\/uploads\/2026\/01\/genekas24-logo_black.svg","width":840,"height":131,"caption":"Genekas24"},"image":{"@id":"https:\/\/staging.genekas24.ee\/#\/schema\/logo\/image\/"}}]}},"_links":{"self":[{"href":"https:\/\/staging.genekas24.ee\/en\/wp-json\/wp\/v2\/product\/19155","targetHints":{"allow":["GET"]}}],"collection":[{"href":"https:\/\/staging.genekas24.ee\/en\/wp-json\/wp\/v2\/product"}],"about":[{"href":"https:\/\/staging.genekas24.ee\/en\/wp-json\/wp\/v2\/types\/product"}],"version-history":[{"count":3,"href":"https:\/\/staging.genekas24.ee\/en\/wp-json\/wp\/v2\/product\/19155\/revisions"}],"predecessor-version":[{"id":19573,"href":"https:\/\/staging.genekas24.ee\/en\/wp-json\/wp\/v2\/product\/19155\/revisions\/19573"}],"wp:featuredmedia":[{"embeddable":true,"href":"https:\/\/staging.genekas24.ee\/en\/wp-json\/wp\/v2\/media\/19159"}],"wp:attachment":[{"href":"https:\/\/staging.genekas24.ee\/en\/wp-json\/wp\/v2\/media?parent=19155"}],"wp:term":[{"taxonomy":"product_brand","embeddable":true,"href":"https:\/\/staging.genekas24.ee\/en\/wp-json\/wp\/v2\/product_brand?post=19155"},{"taxonomy":"product_cat","embeddable":true,"href":"https:\/\/staging.genekas24.ee\/en\/wp-json\/wp\/v2\/product_cat?post=19155"},{"taxonomy":"product_tag","embeddable":true,"href":"https:\/\/staging.genekas24.ee\/en\/wp-json\/wp\/v2\/product_tag?post=19155"}],"curies":[{"name":"wp","href":"https:\/\/api.w.org\/{rel}","templated":true}]}}