{"id":18979,"date":"2025-05-22T13:08:12","date_gmt":"2025-05-22T13:08:12","guid":{"rendered":"https:\/\/staging.genekas24.ee\/?post_type=product&#038;p=18979"},"modified":"2025-12-31T08:46:16","modified_gmt":"2025-12-31T08:46:16","slug":"bensiinigeneraator-f-9540-tra","status":"publish","type":"product","link":"https:\/\/staging.genekas24.ee\/en\/product\/bensiinigeneraator-f-9540-tra\/","title":{"rendered":"Bensiinigeneraator F 9540 TRA"},"content":{"rendered":"<p>Fogo generaatorid tagavad pika ja t\u00f5husa t\u00f6\u00f6. Generaatorid on kavandatud ja valmistatud k\u00f5rgeima kvaliteediga komponentide p\u00f5hjal, t\u00e4ites rangeid standardite ja eeskirjade n\u00f5udeid. K\u00f5rge tootmiskvaliteet saavutatakse automatiseeritud ja robotiseeritud tootmisprotsessidest.<\/p>\n<article class=\"text-token-text-primary w-full\" dir=\"auto\" data-testid=\"conversation-turn-48\" data-scroll-anchor=\"true\">\n<div class=\"text-base my-auto mx-auto py-5 [--thread-content-margin:--spacing(4)] @[37rem]:[--thread-content-margin:--spacing(6)] @[72rem]:[--thread-content-margin:--spacing(16)] px-(--thread-content-margin)\">\n<div class=\"[--thread-content-max-width:32rem] @[34rem]:[--thread-content-max-width:40rem] @[64rem]:[--thread-content-max-width:48rem] mx-auto flex max-w-(--thread-content-max-width) flex-1 text-base gap-4 md:gap-5 lg:gap-6 group\/turn-messages focus-visible:outline-hidden\" tabindex=\"-1\">\n<div class=\"group\/conversation-turn relative flex w-full min-w-0 flex-col agent-turn\">\n<div class=\"relative flex-col gap-1 md:gap-3\">\n<div class=\"flex max-w-full flex-col grow\">\n<div class=\"min-h-8 text-message relative flex w-full flex-col items-end gap-2 text-start break-words whitespace-normal [.text-message+&amp;]:mt-5\" dir=\"auto\" data-message-author-role=\"assistant\" data-message-id=\"3509d4ce-8aa3-4843-90f2-c36eded3ca78\" data-message-model-slug=\"gpt-4o\">\n<div class=\"flex w-full flex-col gap-1 empty:hidden first:pt-[3px]\">\n<div class=\"markdown prose dark:prose-invert w-full break-words dark\">\n<p data-start=\"0\" data-end=\"360\" data-is-last-node=\"\" data-is-only-node=\"\">Seade tagab t\u00e4pse pingestabiliseerimise (\u00b12%) ja madala harmoonmoonutuse taseme (THD \u2264 4%). Generaator toetab \u00fcle 350% k\u00e4ivitusvoolu, omab H-klassi isolatsiooni ja IP54 kaitseastet. T\u00e4is \u00fchefaasiline v\u00f5imsus on saadaval 32 A pistikupesast. Seade t\u00f6\u00f6tab 75% koormusel kuni 16,7 tundi, m\u00fcratase on v\u00e4hendatud 97 dB(A) \u2192 96 dB(A) ning raamitoru l\u00e4bim\u00f5\u00f5t on 38 mm.<\/p>\n<\/div>\n<\/div>\n<\/div>\n<\/div>\n<\/div>\n<\/div>\n<\/div>\n<\/div>\n<\/article>\n<table style=\"border-collapse: collapse; width: 100%;\">\n<tbody>\n<tr>\n<td style=\"width: 50%; text-align: center;\" colspan=\"2\"><strong>Standard varustus<\/strong><\/td>\n<\/tr>\n<tr>\n<td style=\"width: 50%;\"><strong>AVR<\/strong> &#8211; automaatne pingeregulaator<\/td>\n<td style=\"width: 50%;\">400V 16A pistikupesa<\/td>\n<\/tr>\n<tr>\n<td style=\"width: 50%;\">230V 16A pistikupesa<\/td>\n<td style=\"width: 50%;\">230V 32A pistikupesa<\/td>\n<\/tr>\n<tr>\n<td style=\"width: 50%;\">\u00dclekoormuskaitse<\/td>\n<td style=\"width: 50%;\">\u00d5litaseme andur<\/td>\n<\/tr>\n<tr>\n<td style=\"width: 50%;\">Tunnilugeja<\/td>\n<td style=\"width: 50%;\">Aku<\/td>\n<\/tr>\n<tr>\n<td style=\"width: 50%; text-align: center;\" colspan=\"2\">Summuti koos heitgaasitoru adapteriga<\/td>\n<\/tr>\n<\/tbody>\n<\/table>\n<table style=\"border-collapse: collapse; width: 100%;\">\n<tbody>\n<tr>\n<td style=\"width: 50%; text-align: center;\" colspan=\"2\"><strong>Lisa- ja hooldusvarustus<\/strong><\/td>\n<\/tr>\n<tr>\n<td style=\"width: 50%;\">Heitgaasi toru<\/td>\n<td style=\"width: 50%;\">Transpordikomplekt<\/td>\n<\/tr>\n<tr>\n<td style=\"width: 50%;\">ATS paneel<\/td>\n<td style=\"width: 50%;\">Hoolduskomplekt(\u00f5hu filter, s\u00fc\u00fctek\u00fc\u00fcnal, mootori\u00f5li)<\/td>\n<\/tr>\n<\/tbody>\n<\/table>","protected":false},"excerpt":{"rendered":"<table style=\"border-collapse: collapse; width: 88.0117%; height: 432px;\">\n<tbody>\n<tr style=\"height: 24px;\">\n<td style=\"width: 53.1288%; height: 24px;\">Frequency, Hz<\/td>\n<td style=\"width: 78.5989%; height: 24px;\">50<\/td>\n<\/tr>\n<tr style=\"height: 24px;\">\n<td style=\"width: 53.1288%; height: 24px;\">Voltage, V<\/td>\n<td style=\"width: 78.5989%; height: 24px;\">230\/400<\/td>\n<\/tr>\n<tr style=\"height: 24px;\">\n<td style=\"width: 53.1288%; height: 24px;\">Max v\u00f5imsus, kW (230V\/400V)<\/td>\n<td style=\"width: 78.5989%; height: 24px;\">5.0\/6.6<\/td>\n<\/tr>\n<tr style=\"height: 24px;\">\n<td style=\"width: 53.1288%; height: 24px;\">Nominaalne v\u00f5imsus, kW (230V\/400V)<\/td>\n<td style=\"width: 78.5989%; height: 24px;\">4.5\/6.0<\/td>\n<\/tr>\n<tr style=\"height: 24px;\">\n<td style=\"width: 53.1288%; height: 24px;\">Vool(max) (230V\/400V), A<\/td>\n<td style=\"width: 78.5989%; height: 24px;\">19.6\/10.9<\/td>\n<\/tr>\n<tr style=\"height: 24px;\">\n<td style=\"width: 53.1288%; height: 24px;\">Mootor<\/td>\n<td style=\"width: 78.5989%; height: 24px;\">Rato<\/td>\n<\/tr>\n<tr style=\"height: 24px;\">\n<td style=\"width: 53.1288%; height: 24px;\">Mudel<\/td>\n<td style=\"width: 78.5989%; height: 24px;\">R 420<\/td>\n<\/tr>\n<tr style=\"height: 24px;\">\n<td style=\"width: 53.1288%; height: 24px;\">Crank case volume, L<\/td>\n<td style=\"width: 78.5989%; height: 24px;\">1.1<\/td>\n<\/tr>\n<tr style=\"height: 24px;\">\n<td style=\"width: 53.1288%; height: 24px;\">Jahutus<\/td>\n<td style=\"width: 78.5989%; height: 24px;\">\u00d5hk<\/td>\n<\/tr>\n<tr style=\"height: 24px;\">\n<td style=\"width: 53.1288%; height: 24px;\">Engine type<\/td>\n<td style=\"width: 78.5989%; height: 24px;\">1-silindriline, 4-taktiline<\/td>\n<\/tr>\n<tr style=\"height: 24px;\">\n<td style=\"width: 53.1288%; height: 24px;\">K\u00e4ivitust\u00fc\u00fcp<\/td>\n<td style=\"width: 78.5989%; height: 24px;\">Manual<\/td>\n<\/tr>\n<tr style=\"height: 24px;\">\n<td style=\"width: 53.1288%; height: 24px;\">K\u00fctus<\/td>\n<td style=\"width: 78.5989%; height: 24px;\">Bensiin<\/td>\n<\/tr>\n<tr style=\"height: 24px;\">\n<td style=\"width: 53.1288%; height: 24px;\">K\u00fctusepaak, l<\/td>\n<td style=\"width: 78.5989%; height: 24px;\">45<\/td>\n<\/tr>\n<tr style=\"height: 24px;\">\n<td style=\"width: 53.1288%; height: 24px;\">K\u00fctusekulu (75% koormuse juuures), l\/h<\/td>\n<td style=\"width: 78.5989%; height: 24px;\">2.9<\/td>\n<\/tr>\n<tr style=\"height: 24px;\">\n<td style=\"width: 53.1288%; height: 24px;\">M\u00fcratase, dB(A)<\/td>\n<td style=\"width: 78.5989%; height: 24px;\">99<\/td>\n<\/tr>\n<tr style=\"height: 24px;\">\n<td style=\"width: 53.1288%; height: 24px;\">Weight, kg<\/td>\n<td style=\"width: 78.5989%; height: 24px;\">123<\/td>\n<\/tr>\n<tr style=\"height: 24px;\">\n<td style=\"width: 53.1288%; height: 24px;\">M\u00f5\u00f5tmed (P,L,K), mm<\/td>\n<td style=\"width: 78.5989%; height: 24px;\">790x580x765<\/td>\n<\/tr>\n<tr style=\"height: 24px;\">\n<td style=\"width: 53.1288%; height: 24px;\">Protection class<\/td>\n<td style=\"width: 78.5989%; height: 24px;\">IP54<\/td>\n<\/tr>\n<\/tbody>\n<\/table>","protected":false},"featured_media":18980,"template":"","meta":{"_acf_changed":false,"inline_featured_image":false},"product_brand":[],"product_cat":[179,94,21],"product_tag":[],"class_list":{"0":"post-18979","1":"product","2":"type-product","3":"status-publish","4":"has-post-thumbnail","6":"product_cat-allahinnatud","7":"product_cat-generaatorid","8":"product_cat-bensiinigeneraatorid","9":"product_shipping_class-poolalus","10":"brand-fogo","12":"first","13":"instock","14":"sale","15":"taxable","16":"shipping-taxable","17":"purchasable","18":"product-type-simple"},"acf":[],"yoast_head":"<!-- This site is optimized with the Yoast SEO plugin v26.2 - https:\/\/yoast.com\/wordpress\/plugins\/seo\/ -->\n<title>Bensiinigeneraator F 9540 TRA - Genekas24<\/title>\n<meta name=\"robots\" content=\"index, follow, max-snippet:-1, max-image-preview:large, max-video-preview:-1\" \/>\n<link rel=\"canonical\" href=\"https:\/\/staging.genekas24.ee\/en\/product\/bensiinigeneraator-f-9540-tra\/\" \/>\n<meta property=\"og:locale\" content=\"en_GB\" \/>\n<meta property=\"og:type\" content=\"article\" \/>\n<meta property=\"og:title\" content=\"Bensiinigeneraator F 9540 TRA - Genekas24\" \/>\n<meta property=\"og:description\" content=\"Sagedus, Hz 50   Pinge, V 230\/400   Max v\u00f5imsus, kW (230V\/400V) 5.0\/6.6   Nominaalne v\u00f5imsus, kW (230V\/400V) 4.5\/6.0   Vool(max) (230V\/400V), A 19.6\/10.9   Mootor Rato   Mudel R 420   Karteri maht, l 1.1   Jahutus \u00d5hk   Mootori t\u00fc\u00fcp 1-silindriline, 4-taktiline   K\u00e4ivitust\u00fc\u00fcp Manuaalne   K\u00fctus Bensiin   K\u00fctusepaak, l 45   K\u00fctusekulu (75% koormuse juuures), l\/h 2.9   M\u00fcratase, dB(A) 99   Kaal, kg 123   M\u00f5\u00f5tmed (P,L,K), mm 790x580x765   Kaitseklass IP54\" \/>\n<meta property=\"og:url\" content=\"https:\/\/staging.genekas24.ee\/en\/product\/bensiinigeneraator-f-9540-tra\/\" \/>\n<meta property=\"og:site_name\" content=\"Genekas24\" \/>\n<meta property=\"article:modified_time\" content=\"2025-12-31T08:46:16+00:00\" \/>\n<meta property=\"og:image\" content=\"https:\/\/staging.genekas24.ee\/wp-content\/uploads\/2025\/05\/F-9540-TRA.png\" \/>\n\t<meta property=\"og:image:width\" content=\"1459\" \/>\n\t<meta property=\"og:image:height\" content=\"834\" \/>\n\t<meta property=\"og:image:type\" content=\"image\/png\" \/>\n<meta name=\"twitter:card\" content=\"summary_large_image\" \/>\n<meta name=\"twitter:label1\" content=\"Estimated reading time\" \/>\n\t<meta name=\"twitter:data1\" content=\"1 minute\" \/>\n<script type=\"application\/ld+json\" class=\"yoast-schema-graph\">{\"@context\":\"https:\/\/schema.org\",\"@graph\":[{\"@type\":\"WebPage\",\"@id\":\"https:\/\/staging.genekas24.ee\/toode\/bensiinigeneraator-f-9540-tra\/\",\"url\":\"https:\/\/staging.genekas24.ee\/toode\/bensiinigeneraator-f-9540-tra\/\",\"name\":\"Bensiinigeneraator F 9540 TRA - Genekas24\",\"isPartOf\":{\"@id\":\"https:\/\/staging.genekas24.ee\/#website\"},\"primaryImageOfPage\":{\"@id\":\"https:\/\/staging.genekas24.ee\/toode\/bensiinigeneraator-f-9540-tra\/#primaryimage\"},\"image\":{\"@id\":\"https:\/\/staging.genekas24.ee\/toode\/bensiinigeneraator-f-9540-tra\/#primaryimage\"},\"thumbnailUrl\":\"https:\/\/staging.genekas24.ee\/wp-content\/uploads\/2025\/05\/F-9540-TRA.png\",\"datePublished\":\"2025-05-22T13:08:12+00:00\",\"dateModified\":\"2025-12-31T08:46:16+00:00\",\"breadcrumb\":{\"@id\":\"https:\/\/staging.genekas24.ee\/toode\/bensiinigeneraator-f-9540-tra\/#breadcrumb\"},\"inLanguage\":\"en-GB\",\"potentialAction\":[{\"@type\":\"ReadAction\",\"target\":[\"https:\/\/staging.genekas24.ee\/toode\/bensiinigeneraator-f-9540-tra\/\"]}]},{\"@type\":\"ImageObject\",\"inLanguage\":\"en-GB\",\"@id\":\"https:\/\/staging.genekas24.ee\/toode\/bensiinigeneraator-f-9540-tra\/#primaryimage\",\"url\":\"https:\/\/staging.genekas24.ee\/wp-content\/uploads\/2025\/05\/F-9540-TRA.png\",\"contentUrl\":\"https:\/\/staging.genekas24.ee\/wp-content\/uploads\/2025\/05\/F-9540-TRA.png\",\"width\":1459,\"height\":834},{\"@type\":\"BreadcrumbList\",\"@id\":\"https:\/\/staging.genekas24.ee\/toode\/bensiinigeneraator-f-9540-tra\/#breadcrumb\",\"itemListElement\":[{\"@type\":\"ListItem\",\"position\":1,\"name\":\"Home\",\"item\":\"https:\/\/staging.genekas24.ee\/\"},{\"@type\":\"ListItem\",\"position\":2,\"name\":\"Pood\",\"item\":\"https:\/\/staging.genekas24.ee\/pood\/\"},{\"@type\":\"ListItem\",\"position\":3,\"name\":\"Bensiinigeneraator F 9540 TRA\"}]},{\"@type\":\"WebSite\",\"@id\":\"https:\/\/staging.genekas24.ee\/#website\",\"url\":\"https:\/\/staging.genekas24.ee\/\",\"name\":\"Genekas24\",\"description\":\"Generaatorid | K&ouml;nner S&ouml;hnen tooted | Genekas24\",\"publisher\":{\"@id\":\"https:\/\/staging.genekas24.ee\/#organization\"},\"potentialAction\":[{\"@type\":\"SearchAction\",\"target\":{\"@type\":\"EntryPoint\",\"urlTemplate\":\"https:\/\/staging.genekas24.ee\/?s={search_term_string}\"},\"query-input\":{\"@type\":\"PropertyValueSpecification\",\"valueRequired\":true,\"valueName\":\"search_term_string\"}}],\"inLanguage\":\"en-GB\"},{\"@type\":\"Organization\",\"@id\":\"https:\/\/staging.genekas24.ee\/#organization\",\"name\":\"Genekas24\",\"url\":\"https:\/\/staging.genekas24.ee\/\",\"logo\":{\"@type\":\"ImageObject\",\"inLanguage\":\"en-GB\",\"@id\":\"https:\/\/staging.genekas24.ee\/#\/schema\/logo\/image\/\",\"url\":\"https:\/\/staging.genekas24.ee\/wp-content\/uploads\/2026\/01\/genekas24-logo_black.svg\",\"contentUrl\":\"https:\/\/staging.genekas24.ee\/wp-content\/uploads\/2026\/01\/genekas24-logo_black.svg\",\"width\":840,\"height\":131,\"caption\":\"Genekas24\"},\"image\":{\"@id\":\"https:\/\/staging.genekas24.ee\/#\/schema\/logo\/image\/\"}}]}<\/script>\n<!-- \/ Yoast SEO plugin. -->","yoast_head_json":{"title":"Bensiinigeneraator F 9540 TRA - Genekas24","robots":{"index":"index","follow":"follow","max-snippet":"max-snippet:-1","max-image-preview":"max-image-preview:large","max-video-preview":"max-video-preview:-1"},"canonical":"https:\/\/staging.genekas24.ee\/en\/product\/bensiinigeneraator-f-9540-tra\/","og_locale":"en_GB","og_type":"article","og_title":"Bensiinigeneraator F 9540 TRA - Genekas24","og_description":"Sagedus, Hz 50   Pinge, V 230\/400   Max v\u00f5imsus, kW (230V\/400V) 5.0\/6.6   Nominaalne v\u00f5imsus, kW (230V\/400V) 4.5\/6.0   Vool(max) (230V\/400V), A 19.6\/10.9   Mootor Rato   Mudel R 420   Karteri maht, l 1.1   Jahutus \u00d5hk   Mootori t\u00fc\u00fcp 1-silindriline, 4-taktiline   K\u00e4ivitust\u00fc\u00fcp Manuaalne   K\u00fctus Bensiin   K\u00fctusepaak, l 45   K\u00fctusekulu (75% koormuse juuures), l\/h 2.9   M\u00fcratase, dB(A) 99   Kaal, kg 123   M\u00f5\u00f5tmed (P,L,K), mm 790x580x765   Kaitseklass IP54","og_url":"https:\/\/staging.genekas24.ee\/en\/product\/bensiinigeneraator-f-9540-tra\/","og_site_name":"Genekas24","article_modified_time":"2025-12-31T08:46:16+00:00","og_image":[{"width":1459,"height":834,"url":"https:\/\/staging.genekas24.ee\/wp-content\/uploads\/2025\/05\/F-9540-TRA.png","type":"image\/png"}],"twitter_card":"summary_large_image","twitter_misc":{"Estimated reading time":"1 minute"},"schema":{"@context":"https:\/\/schema.org","@graph":[{"@type":"WebPage","@id":"https:\/\/staging.genekas24.ee\/toode\/bensiinigeneraator-f-9540-tra\/","url":"https:\/\/staging.genekas24.ee\/toode\/bensiinigeneraator-f-9540-tra\/","name":"Bensiinigeneraator F 9540 TRA - Genekas24","isPartOf":{"@id":"https:\/\/staging.genekas24.ee\/#website"},"primaryImageOfPage":{"@id":"https:\/\/staging.genekas24.ee\/toode\/bensiinigeneraator-f-9540-tra\/#primaryimage"},"image":{"@id":"https:\/\/staging.genekas24.ee\/toode\/bensiinigeneraator-f-9540-tra\/#primaryimage"},"thumbnailUrl":"https:\/\/staging.genekas24.ee\/wp-content\/uploads\/2025\/05\/F-9540-TRA.png","datePublished":"2025-05-22T13:08:12+00:00","dateModified":"2025-12-31T08:46:16+00:00","breadcrumb":{"@id":"https:\/\/staging.genekas24.ee\/toode\/bensiinigeneraator-f-9540-tra\/#breadcrumb"},"inLanguage":"en-GB","potentialAction":[{"@type":"ReadAction","target":["https:\/\/staging.genekas24.ee\/toode\/bensiinigeneraator-f-9540-tra\/"]}]},{"@type":"ImageObject","inLanguage":"en-GB","@id":"https:\/\/staging.genekas24.ee\/toode\/bensiinigeneraator-f-9540-tra\/#primaryimage","url":"https:\/\/staging.genekas24.ee\/wp-content\/uploads\/2025\/05\/F-9540-TRA.png","contentUrl":"https:\/\/staging.genekas24.ee\/wp-content\/uploads\/2025\/05\/F-9540-TRA.png","width":1459,"height":834},{"@type":"BreadcrumbList","@id":"https:\/\/staging.genekas24.ee\/toode\/bensiinigeneraator-f-9540-tra\/#breadcrumb","itemListElement":[{"@type":"ListItem","position":1,"name":"Home","item":"https:\/\/staging.genekas24.ee\/"},{"@type":"ListItem","position":2,"name":"Pood","item":"https:\/\/staging.genekas24.ee\/pood\/"},{"@type":"ListItem","position":3,"name":"Bensiinigeneraator F 9540 TRA"}]},{"@type":"WebSite","@id":"https:\/\/staging.genekas24.ee\/#website","url":"https:\/\/staging.genekas24.ee\/","name":"Genekas24","description":"Generaatorid | K&ouml;nner S&ouml;hnen tooted | Genekas24","publisher":{"@id":"https:\/\/staging.genekas24.ee\/#organization"},"potentialAction":[{"@type":"SearchAction","target":{"@type":"EntryPoint","urlTemplate":"https:\/\/staging.genekas24.ee\/?s={search_term_string}"},"query-input":{"@type":"PropertyValueSpecification","valueRequired":true,"valueName":"search_term_string"}}],"inLanguage":"en-GB"},{"@type":"Organization","@id":"https:\/\/staging.genekas24.ee\/#organization","name":"Genekas24","url":"https:\/\/staging.genekas24.ee\/","logo":{"@type":"ImageObject","inLanguage":"en-GB","@id":"https:\/\/staging.genekas24.ee\/#\/schema\/logo\/image\/","url":"https:\/\/staging.genekas24.ee\/wp-content\/uploads\/2026\/01\/genekas24-logo_black.svg","contentUrl":"https:\/\/staging.genekas24.ee\/wp-content\/uploads\/2026\/01\/genekas24-logo_black.svg","width":840,"height":131,"caption":"Genekas24"},"image":{"@id":"https:\/\/staging.genekas24.ee\/#\/schema\/logo\/image\/"}}]}},"_links":{"self":[{"href":"https:\/\/staging.genekas24.ee\/en\/wp-json\/wp\/v2\/product\/18979","targetHints":{"allow":["GET"]}}],"collection":[{"href":"https:\/\/staging.genekas24.ee\/en\/wp-json\/wp\/v2\/product"}],"about":[{"href":"https:\/\/staging.genekas24.ee\/en\/wp-json\/wp\/v2\/types\/product"}],"version-history":[{"count":4,"href":"https:\/\/staging.genekas24.ee\/en\/wp-json\/wp\/v2\/product\/18979\/revisions"}],"predecessor-version":[{"id":19900,"href":"https:\/\/staging.genekas24.ee\/en\/wp-json\/wp\/v2\/product\/18979\/revisions\/19900"}],"wp:featuredmedia":[{"embeddable":true,"href":"https:\/\/staging.genekas24.ee\/en\/wp-json\/wp\/v2\/media\/18980"}],"wp:attachment":[{"href":"https:\/\/staging.genekas24.ee\/en\/wp-json\/wp\/v2\/media?parent=18979"}],"wp:term":[{"taxonomy":"product_brand","embeddable":true,"href":"https:\/\/staging.genekas24.ee\/en\/wp-json\/wp\/v2\/product_brand?post=18979"},{"taxonomy":"product_cat","embeddable":true,"href":"https:\/\/staging.genekas24.ee\/en\/wp-json\/wp\/v2\/product_cat?post=18979"},{"taxonomy":"product_tag","embeddable":true,"href":"https:\/\/staging.genekas24.ee\/en\/wp-json\/wp\/v2\/product_tag?post=18979"}],"curies":[{"name":"wp","href":"https:\/\/api.w.org\/{rel}","templated":true}]}}