{"id":18868,"date":"2025-05-21T13:21:16","date_gmt":"2025-05-21T13:21:16","guid":{"rendered":"https:\/\/staging.genekas24.ee\/?post_type=product&#038;p=18868"},"modified":"2025-12-31T08:46:27","modified_gmt":"2025-12-31T08:46:27","slug":"bensiinigeneraator-fh-8220-twe","status":"publish","type":"product","link":"https:\/\/staging.genekas24.ee\/en\/product\/bensiinigeneraator-fh-8220-twe\/","title":{"rendered":"Keevitus-bensiinigeneraator FH 8220 TWE"},"content":{"rendered":"<p>Fogo generaatorid tagavad pika ja t\u00f5husa t\u00f6\u00f6. Generaatorid on kavandatud ja valmistatud k\u00f5rgeima kvaliteediga komponentide p\u00f5hjal, t\u00e4ites rangeid standardite ja eeskirjade n\u00f5udeid. K\u00f5rge tootmiskvaliteet saavutatakse automatiseeritud ja robotiseeritud tootmisprotsessidest.<\/p>\n<p class=\"\" data-start=\"79\" data-end=\"666\"><strong data-start=\"79\" data-end=\"199\">Keevitusgeneraator on m\u00f5eldud professionaalseks kasutamiseks, pakkudes laia t\u00f6\u00f6vahemikku ja usaldusv\u00e4\u00e4rset j\u00f5udlust.<\/strong> Keevitusvoolu reguleerimisvahemik on 40\u2013220 A, kusjuures pidev t\u00f6\u00f6ts\u00fckkel on 130 A juures 100%, 170 A juures 60% ja 220 A juures 35%. Seade v\u00f5imaldab pingereguleerimist (+5% \/ -8%) ning tagab madala h\u00e4iringutaseme (THD &lt; 5%). Generaatoril on H-klassi isolatsioon ja kaitseaste IP23. 75% koormusel on t\u00f6\u00f6aeg kuni 16,7 tundi. M\u00fcra tase on alandatud 96 dB(A)-ni ning raam on tugevast 38 mm profiiltorust, tagades vastupidavuse ja stabiilsuse ka rasketes t\u00f6\u00f6tingimustes.<\/p>\n<table style=\"border-collapse: collapse; width: 100%;\">\n<tbody>\n<tr>\n<td style=\"width: 100%; text-align: center;\" colspan=\"2\"><strong>Standard varustus<\/strong><\/td>\n<\/tr>\n<tr>\n<td style=\"width: 50%;\">Keevituskaablite pesad<\/td>\n<td style=\"width: 50%;\">400V 16A pistikupesa<\/td>\n<\/tr>\n<tr>\n<td style=\"width: 50%;\">230V 16A pistikupesa<\/td>\n<td style=\"width: 50%;\"><strong>CVR<\/strong> &#8211; Kompaund pingeregulaator<\/td>\n<\/tr>\n<tr>\n<td style=\"width: 50%;\">\u00d5litaseme andur<\/td>\n<td style=\"width: 50%;\">Aku<\/td>\n<\/tr>\n<tr>\n<td style=\"width: 50%; text-align: left;\">Summuti koos heitgaasitoru \u00fchendusega<\/td>\n<td style=\"width: 50%; text-align: left;\">\u00dclekoormuskaitse<\/td>\n<\/tr>\n<\/tbody>\n<\/table>\n<table style=\"border-collapse: collapse; width: 100%;\">\n<tbody>\n<tr>\n<td style=\"width: 50%; text-align: center;\" colspan=\"2\"><strong>Lisa- ja hooldusvarustus<\/strong><\/td>\n<\/tr>\n<tr>\n<td style=\"width: 50%;\">Keevituskaablid 3m &#8211; 35mm<\/td>\n<td style=\"width: 50%;\">Keevituskaablid 10m &#8211; 35mm<\/td>\n<\/tr>\n<tr>\n<td style=\"width: 50%;\">Heitgaasitoru<\/td>\n<td style=\"width: 50%;\">Tunnilugeja<\/td>\n<\/tr>\n<tr>\n<td style=\"width: 50%;\">Transpordikomplekt<\/td>\n<td style=\"width: 50%;\">Hoolduskomplekt(\u00f5hufilter, s\u00fc\u00fctek\u00fc\u00fcnal, mootori\u00f5li)<\/td>\n<\/tr>\n<\/tbody>\n<\/table>\n<p class=\"\" data-start=\"1124\" data-end=\"1230\">","protected":false},"excerpt":{"rendered":"<table style=\"border-collapse: collapse; width: 88.0117%; height: 432px;\">\n<tbody>\n<tr style=\"height: 24px;\">\n<td style=\"width: 53.1288%; height: 24px;\">Frequency, Hz<\/td>\n<td style=\"width: 78.5989%; height: 24px;\">50<\/td>\n<\/tr>\n<tr style=\"height: 24px;\">\n<td style=\"width: 53.1288%; height: 24px;\">Voltage, V<\/td>\n<td style=\"width: 78.5989%; height: 24px;\">230\/400<\/td>\n<\/tr>\n<tr style=\"height: 24px;\">\n<td style=\"width: 53.1288%; height: 24px;\">Max v\u00f5imsus, kW (230V\/400V)<\/td>\n<td style=\"width: 78.5989%; height: 24px;\">3.9\/5.7<\/td>\n<\/tr>\n<tr style=\"height: 24px;\">\n<td style=\"width: 53.1288%; height: 24px;\">Nominaalne v\u00f5imsus, kW (230V\/400V)<\/td>\n<td style=\"width: 78.5989%; height: 24px;\">3.5\/5.2<\/td>\n<\/tr>\n<tr style=\"height: 24px;\">\n<td style=\"width: 53.1288%; height: 24px;\">Vool(max) (230V\/400V), A<\/td>\n<td style=\"width: 78.5989%; height: 24px;\">15.2\/9.4<\/td>\n<\/tr>\n<tr style=\"height: 24px;\">\n<td style=\"width: 53.1288%; height: 24px;\">Mootor<\/td>\n<td style=\"width: 78.5989%; height: 24px;\">Honda<\/td>\n<\/tr>\n<tr style=\"height: 24px;\">\n<td style=\"width: 53.1288%; height: 24px;\">Mudel<\/td>\n<td style=\"width: 78.5989%; height: 24px;\">GX 390<\/td>\n<\/tr>\n<tr style=\"height: 24px;\">\n<td style=\"width: 53.1288%; height: 24px;\">Crank case volume, L<\/td>\n<td style=\"width: 78.5989%; height: 24px;\">1.1<\/td>\n<\/tr>\n<tr style=\"height: 24px;\">\n<td style=\"width: 53.1288%; height: 24px;\">Jahutus<\/td>\n<td style=\"width: 78.5989%; height: 24px;\">\u00d5hk<\/td>\n<\/tr>\n<tr style=\"height: 24px;\">\n<td style=\"width: 53.1288%; height: 24px;\">Engine type<\/td>\n<td style=\"width: 78.5989%; height: 24px;\">1-silindriline, 4-taktiline<\/td>\n<\/tr>\n<tr style=\"height: 24px;\">\n<td style=\"width: 53.1288%; height: 24px;\">K\u00e4ivitust\u00fc\u00fcp<\/td>\n<td style=\"width: 78.5989%; height: 24px;\">Manuaalne + elektriline<\/td>\n<\/tr>\n<tr style=\"height: 24px;\">\n<td style=\"width: 53.1288%; height: 24px;\">K\u00fctus<\/td>\n<td style=\"width: 78.5989%; height: 24px;\">Bensiin<\/td>\n<\/tr>\n<tr style=\"height: 24px;\">\n<td style=\"width: 53.1288%; height: 24px;\">K\u00fctusepaak, l<\/td>\n<td style=\"width: 78.5989%; height: 24px;\">45<\/td>\n<\/tr>\n<tr style=\"height: 24px;\">\n<td style=\"width: 53.1288%; height: 24px;\">K\u00fctusekulu (75% koormuse juuures), l\/h<\/td>\n<td style=\"width: 78.5989%; height: 24px;\">2.7<\/td>\n<\/tr>\n<tr style=\"height: 24px;\">\n<td style=\"width: 53.1288%; height: 24px;\">M\u00fcratase, dB(A)<\/td>\n<td style=\"width: 78.5989%; height: 24px;\">96<\/td>\n<\/tr>\n<tr style=\"height: 24px;\">\n<td style=\"width: 53.1288%; height: 24px;\">Weight, kg<\/td>\n<td style=\"width: 78.5989%; height: 24px;\">115<\/td>\n<\/tr>\n<tr style=\"height: 24px;\">\n<td style=\"width: 53.1288%; height: 24px;\">M\u00f5\u00f5tmed (P,L,K), mm<\/td>\n<td style=\"width: 78.5989%; height: 24px;\">790x580x650<\/td>\n<\/tr>\n<tr style=\"height: 24px;\">\n<td style=\"width: 53.1288%; height: 24px;\">Protection class<\/td>\n<td style=\"width: 78.5989%; height: 24px;\">IP23<\/td>\n<\/tr>\n<\/tbody>\n<\/table>","protected":false},"featured_media":18870,"template":"","meta":{"_acf_changed":false,"inline_featured_image":false},"product_brand":[],"product_cat":[179,137,94,21],"product_tag":[],"class_list":{"0":"post-18868","1":"product","2":"type-product","3":"status-publish","4":"has-post-thumbnail","6":"product_cat-allahinnatud","7":"product_cat-keevitusgeneraator","8":"product_cat-generaatorid","9":"product_cat-bensiinigeneraatorid","10":"product_shipping_class-poolalus","11":"brand-fogo","13":"first","14":"instock","15":"sale","16":"taxable","17":"shipping-taxable","18":"purchasable","19":"product-type-simple"},"acf":[],"yoast_head":"<!-- This site is optimized with the Yoast SEO plugin v26.2 - https:\/\/yoast.com\/wordpress\/plugins\/seo\/ -->\n<title>Keevitus-bensiinigeneraator FH 8220 TWE - Genekas24<\/title>\n<meta name=\"robots\" content=\"index, follow, max-snippet:-1, max-image-preview:large, max-video-preview:-1\" \/>\n<link rel=\"canonical\" href=\"https:\/\/staging.genekas24.ee\/en\/product\/bensiinigeneraator-fh-8220-twe\/\" \/>\n<meta property=\"og:locale\" content=\"en_GB\" \/>\n<meta property=\"og:type\" content=\"article\" \/>\n<meta property=\"og:title\" content=\"Keevitus-bensiinigeneraator FH 8220 TWE - Genekas24\" \/>\n<meta property=\"og:description\" content=\"Sagedus, Hz 50   Pinge, V 230\/400   Max v\u00f5imsus, kW (230V\/400V) 3.9\/5.7   Nominaalne v\u00f5imsus, kW (230V\/400V) 3.5\/5.2   Vool(max) (230V\/400V), A 15.2\/9.4   Mootor Honda   Mudel GX 390   Karteri maht, l 1.1   Jahutus \u00d5hk   Mootori t\u00fc\u00fcp 1-silindriline, 4-taktiline   K\u00e4ivitust\u00fc\u00fcp Manuaalne + elektriline   K\u00fctus Bensiin   K\u00fctusepaak, l 45   K\u00fctusekulu (75% koormuse juuures), l\/h 2.7   M\u00fcratase, dB(A) 96   Kaal, kg 115   M\u00f5\u00f5tmed (P,L,K), mm 790x580x650   Kaitseklass IP23\" \/>\n<meta property=\"og:url\" content=\"https:\/\/staging.genekas24.ee\/en\/product\/bensiinigeneraator-fh-8220-twe\/\" \/>\n<meta property=\"og:site_name\" content=\"Genekas24\" \/>\n<meta property=\"article:modified_time\" content=\"2025-12-31T08:46:27+00:00\" \/>\n<meta property=\"og:image\" content=\"https:\/\/staging.genekas24.ee\/wp-content\/uploads\/2025\/05\/FH-8220-TWE.png\" \/>\n\t<meta property=\"og:image:width\" content=\"1459\" \/>\n\t<meta property=\"og:image:height\" content=\"834\" \/>\n\t<meta property=\"og:image:type\" content=\"image\/png\" \/>\n<meta name=\"twitter:card\" content=\"summary_large_image\" \/>\n<meta name=\"twitter:label1\" content=\"Estimated reading time\" \/>\n\t<meta name=\"twitter:data1\" content=\"1 minute\" \/>\n<script type=\"application\/ld+json\" class=\"yoast-schema-graph\">{\"@context\":\"https:\/\/schema.org\",\"@graph\":[{\"@type\":\"WebPage\",\"@id\":\"https:\/\/staging.genekas24.ee\/toode\/bensiinigeneraator-fh-8220-twe\/\",\"url\":\"https:\/\/staging.genekas24.ee\/toode\/bensiinigeneraator-fh-8220-twe\/\",\"name\":\"Keevitus-bensiinigeneraator FH 8220 TWE - Genekas24\",\"isPartOf\":{\"@id\":\"https:\/\/staging.genekas24.ee\/#website\"},\"primaryImageOfPage\":{\"@id\":\"https:\/\/staging.genekas24.ee\/toode\/bensiinigeneraator-fh-8220-twe\/#primaryimage\"},\"image\":{\"@id\":\"https:\/\/staging.genekas24.ee\/toode\/bensiinigeneraator-fh-8220-twe\/#primaryimage\"},\"thumbnailUrl\":\"https:\/\/staging.genekas24.ee\/wp-content\/uploads\/2025\/05\/FH-8220-TWE.png\",\"datePublished\":\"2025-05-21T13:21:16+00:00\",\"dateModified\":\"2025-12-31T08:46:27+00:00\",\"breadcrumb\":{\"@id\":\"https:\/\/staging.genekas24.ee\/toode\/bensiinigeneraator-fh-8220-twe\/#breadcrumb\"},\"inLanguage\":\"en-GB\",\"potentialAction\":[{\"@type\":\"ReadAction\",\"target\":[\"https:\/\/staging.genekas24.ee\/toode\/bensiinigeneraator-fh-8220-twe\/\"]}]},{\"@type\":\"ImageObject\",\"inLanguage\":\"en-GB\",\"@id\":\"https:\/\/staging.genekas24.ee\/toode\/bensiinigeneraator-fh-8220-twe\/#primaryimage\",\"url\":\"https:\/\/staging.genekas24.ee\/wp-content\/uploads\/2025\/05\/FH-8220-TWE.png\",\"contentUrl\":\"https:\/\/staging.genekas24.ee\/wp-content\/uploads\/2025\/05\/FH-8220-TWE.png\",\"width\":1459,\"height\":834},{\"@type\":\"BreadcrumbList\",\"@id\":\"https:\/\/staging.genekas24.ee\/toode\/bensiinigeneraator-fh-8220-twe\/#breadcrumb\",\"itemListElement\":[{\"@type\":\"ListItem\",\"position\":1,\"name\":\"Home\",\"item\":\"https:\/\/staging.genekas24.ee\/\"},{\"@type\":\"ListItem\",\"position\":2,\"name\":\"Pood\",\"item\":\"https:\/\/staging.genekas24.ee\/pood\/\"},{\"@type\":\"ListItem\",\"position\":3,\"name\":\"Keevitus-bensiinigeneraator FH 8220 TWE\"}]},{\"@type\":\"WebSite\",\"@id\":\"https:\/\/staging.genekas24.ee\/#website\",\"url\":\"https:\/\/staging.genekas24.ee\/\",\"name\":\"Genekas24\",\"description\":\"Generaatorid | K&ouml;nner S&ouml;hnen tooted | Genekas24\",\"publisher\":{\"@id\":\"https:\/\/staging.genekas24.ee\/#organization\"},\"potentialAction\":[{\"@type\":\"SearchAction\",\"target\":{\"@type\":\"EntryPoint\",\"urlTemplate\":\"https:\/\/staging.genekas24.ee\/?s={search_term_string}\"},\"query-input\":{\"@type\":\"PropertyValueSpecification\",\"valueRequired\":true,\"valueName\":\"search_term_string\"}}],\"inLanguage\":\"en-GB\"},{\"@type\":\"Organization\",\"@id\":\"https:\/\/staging.genekas24.ee\/#organization\",\"name\":\"Genekas24\",\"url\":\"https:\/\/staging.genekas24.ee\/\",\"logo\":{\"@type\":\"ImageObject\",\"inLanguage\":\"en-GB\",\"@id\":\"https:\/\/staging.genekas24.ee\/#\/schema\/logo\/image\/\",\"url\":\"https:\/\/staging.genekas24.ee\/wp-content\/uploads\/2026\/01\/genekas24-logo_black.svg\",\"contentUrl\":\"https:\/\/staging.genekas24.ee\/wp-content\/uploads\/2026\/01\/genekas24-logo_black.svg\",\"width\":840,\"height\":131,\"caption\":\"Genekas24\"},\"image\":{\"@id\":\"https:\/\/staging.genekas24.ee\/#\/schema\/logo\/image\/\"}}]}<\/script>\n<!-- \/ Yoast SEO plugin. -->","yoast_head_json":{"title":"Keevitus-bensiinigeneraator FH 8220 TWE - Genekas24","robots":{"index":"index","follow":"follow","max-snippet":"max-snippet:-1","max-image-preview":"max-image-preview:large","max-video-preview":"max-video-preview:-1"},"canonical":"https:\/\/staging.genekas24.ee\/en\/product\/bensiinigeneraator-fh-8220-twe\/","og_locale":"en_GB","og_type":"article","og_title":"Keevitus-bensiinigeneraator FH 8220 TWE - Genekas24","og_description":"Sagedus, Hz 50   Pinge, V 230\/400   Max v\u00f5imsus, kW (230V\/400V) 3.9\/5.7   Nominaalne v\u00f5imsus, kW (230V\/400V) 3.5\/5.2   Vool(max) (230V\/400V), A 15.2\/9.4   Mootor Honda   Mudel GX 390   Karteri maht, l 1.1   Jahutus \u00d5hk   Mootori t\u00fc\u00fcp 1-silindriline, 4-taktiline   K\u00e4ivitust\u00fc\u00fcp Manuaalne + elektriline   K\u00fctus Bensiin   K\u00fctusepaak, l 45   K\u00fctusekulu (75% koormuse juuures), l\/h 2.7   M\u00fcratase, dB(A) 96   Kaal, kg 115   M\u00f5\u00f5tmed (P,L,K), mm 790x580x650   Kaitseklass IP23","og_url":"https:\/\/staging.genekas24.ee\/en\/product\/bensiinigeneraator-fh-8220-twe\/","og_site_name":"Genekas24","article_modified_time":"2025-12-31T08:46:27+00:00","og_image":[{"width":1459,"height":834,"url":"https:\/\/staging.genekas24.ee\/wp-content\/uploads\/2025\/05\/FH-8220-TWE.png","type":"image\/png"}],"twitter_card":"summary_large_image","twitter_misc":{"Estimated reading time":"1 minute"},"schema":{"@context":"https:\/\/schema.org","@graph":[{"@type":"WebPage","@id":"https:\/\/staging.genekas24.ee\/toode\/bensiinigeneraator-fh-8220-twe\/","url":"https:\/\/staging.genekas24.ee\/toode\/bensiinigeneraator-fh-8220-twe\/","name":"Keevitus-bensiinigeneraator FH 8220 TWE - Genekas24","isPartOf":{"@id":"https:\/\/staging.genekas24.ee\/#website"},"primaryImageOfPage":{"@id":"https:\/\/staging.genekas24.ee\/toode\/bensiinigeneraator-fh-8220-twe\/#primaryimage"},"image":{"@id":"https:\/\/staging.genekas24.ee\/toode\/bensiinigeneraator-fh-8220-twe\/#primaryimage"},"thumbnailUrl":"https:\/\/staging.genekas24.ee\/wp-content\/uploads\/2025\/05\/FH-8220-TWE.png","datePublished":"2025-05-21T13:21:16+00:00","dateModified":"2025-12-31T08:46:27+00:00","breadcrumb":{"@id":"https:\/\/staging.genekas24.ee\/toode\/bensiinigeneraator-fh-8220-twe\/#breadcrumb"},"inLanguage":"en-GB","potentialAction":[{"@type":"ReadAction","target":["https:\/\/staging.genekas24.ee\/toode\/bensiinigeneraator-fh-8220-twe\/"]}]},{"@type":"ImageObject","inLanguage":"en-GB","@id":"https:\/\/staging.genekas24.ee\/toode\/bensiinigeneraator-fh-8220-twe\/#primaryimage","url":"https:\/\/staging.genekas24.ee\/wp-content\/uploads\/2025\/05\/FH-8220-TWE.png","contentUrl":"https:\/\/staging.genekas24.ee\/wp-content\/uploads\/2025\/05\/FH-8220-TWE.png","width":1459,"height":834},{"@type":"BreadcrumbList","@id":"https:\/\/staging.genekas24.ee\/toode\/bensiinigeneraator-fh-8220-twe\/#breadcrumb","itemListElement":[{"@type":"ListItem","position":1,"name":"Home","item":"https:\/\/staging.genekas24.ee\/"},{"@type":"ListItem","position":2,"name":"Pood","item":"https:\/\/staging.genekas24.ee\/pood\/"},{"@type":"ListItem","position":3,"name":"Keevitus-bensiinigeneraator FH 8220 TWE"}]},{"@type":"WebSite","@id":"https:\/\/staging.genekas24.ee\/#website","url":"https:\/\/staging.genekas24.ee\/","name":"Genekas24","description":"Generaatorid | K&ouml;nner S&ouml;hnen tooted | Genekas24","publisher":{"@id":"https:\/\/staging.genekas24.ee\/#organization"},"potentialAction":[{"@type":"SearchAction","target":{"@type":"EntryPoint","urlTemplate":"https:\/\/staging.genekas24.ee\/?s={search_term_string}"},"query-input":{"@type":"PropertyValueSpecification","valueRequired":true,"valueName":"search_term_string"}}],"inLanguage":"en-GB"},{"@type":"Organization","@id":"https:\/\/staging.genekas24.ee\/#organization","name":"Genekas24","url":"https:\/\/staging.genekas24.ee\/","logo":{"@type":"ImageObject","inLanguage":"en-GB","@id":"https:\/\/staging.genekas24.ee\/#\/schema\/logo\/image\/","url":"https:\/\/staging.genekas24.ee\/wp-content\/uploads\/2026\/01\/genekas24-logo_black.svg","contentUrl":"https:\/\/staging.genekas24.ee\/wp-content\/uploads\/2026\/01\/genekas24-logo_black.svg","width":840,"height":131,"caption":"Genekas24"},"image":{"@id":"https:\/\/staging.genekas24.ee\/#\/schema\/logo\/image\/"}}]}},"_links":{"self":[{"href":"https:\/\/staging.genekas24.ee\/en\/wp-json\/wp\/v2\/product\/18868","targetHints":{"allow":["GET"]}}],"collection":[{"href":"https:\/\/staging.genekas24.ee\/en\/wp-json\/wp\/v2\/product"}],"about":[{"href":"https:\/\/staging.genekas24.ee\/en\/wp-json\/wp\/v2\/types\/product"}],"version-history":[{"count":8,"href":"https:\/\/staging.genekas24.ee\/en\/wp-json\/wp\/v2\/product\/18868\/revisions"}],"predecessor-version":[{"id":19913,"href":"https:\/\/staging.genekas24.ee\/en\/wp-json\/wp\/v2\/product\/18868\/revisions\/19913"}],"wp:featuredmedia":[{"embeddable":true,"href":"https:\/\/staging.genekas24.ee\/en\/wp-json\/wp\/v2\/media\/18870"}],"wp:attachment":[{"href":"https:\/\/staging.genekas24.ee\/en\/wp-json\/wp\/v2\/media?parent=18868"}],"wp:term":[{"taxonomy":"product_brand","embeddable":true,"href":"https:\/\/staging.genekas24.ee\/en\/wp-json\/wp\/v2\/product_brand?post=18868"},{"taxonomy":"product_cat","embeddable":true,"href":"https:\/\/staging.genekas24.ee\/en\/wp-json\/wp\/v2\/product_cat?post=18868"},{"taxonomy":"product_tag","embeddable":true,"href":"https:\/\/staging.genekas24.ee\/en\/wp-json\/wp\/v2\/product_tag?post=18868"}],"curies":[{"name":"wp","href":"https:\/\/api.w.org\/{rel}","templated":true}]}}