{"id":17328,"date":"2024-12-10T09:34:40","date_gmt":"2024-12-10T09:34:40","guid":{"rendered":"https:\/\/staging.genekas24.ee\/?post_type=product&#038;p=17328"},"modified":"2025-12-02T09:59:02","modified_gmt":"2025-12-02T09:59:02","slug":"liitiumaku-ks-lb-48-100","status":"publish","type":"product","link":"https:\/\/staging.genekas24.ee\/en\/product\/liitiumaku-ks-lb-48-100\/","title":{"rendered":"Lithium battery KS LB 48-100"},"content":{"rendered":"<p>The KS LB 48-100 lithium iron phosphate battery is a new energy storage product that can provide reliable and stable power to various devices and systems.<br \/>\nThe use of LiFePO4 batteries allows you to store the energy produced by solar panels and other energy systems, making it available for use at any time of the day, optimizing energy consumption. Thanks to their technical characteristics, KS LB 48-100 batteries are an ideal solution for providing energy in a wide range of applications - from creating backup power for homes and summer cottages to powering commercial facilities, medical institutions, sports complexes and other infrastructure.<\/p>\n<p>\u2714 ENERGY STORAGE. Lithium iron phosphate LiFePO4 batteries have a high charging speed and a powerful 100A (1C) discharge current, which has significantly more charge-discharge cycles compared to other types of batteries, which significantly extends their service life.<br \/>\nHooldusvaba.<\/p>\n<p>\u2714 BMS MANAGEMENT AND MONITORING SYSTEM. The smart BMS system ensures safe and efficient operation of batteries by controlling key parameters and protecting them from damage: overvoltage protection, overheating, deep discharge, short circuit protection.<\/p>\n<p>\u2714 MULTIPLE BATTERY PARALLEL CONNECTION SUPPORT. The modular design allows for easy capacity expansion by adding modules for a longer power supply, allowing the system to be precisely tailored to specific energy needs. This is especially important for energy systems using renewable energy sources.<\/p>\n<p>\u2714 COMPATIBILITY WITH VARIOUS DEVICES. Built-in Wi-Fi allows you to monitor the main battery parameters. RS232\/RS485\/CAN communication ports provide extensive communication options: for remote monitoring, data download and displaying the status of all connected batteries.<\/p>\n<p>\u2714 LCD SCREEN provides valuable information about the battery status and helps the user to monitor its operation more effectively.<\/p>\n<p>The use of LiFePO4 opens up new possibilities and offers several important advantages:<\/p>\n<p>\u2013 Long service life: The batteries can withstand a high number of charge-discharge cycles (up to 6000* cycles) without significant loss of capacity, allowing them to be used for years.<\/p>\n<p>\u2013 High level of safety: They have high chemical stability, which reduces the risk of overheating, explosion or fire. They operate effectively over a wide temperature range, allowing them to be used in different climatic conditions.<\/p>\n<p>\u2013 Fast charging: significantly reduces charging time, which is a big advantage for many applications. They have high efficiency, which means less energy loss during charging and discharging.<\/p>\n<p>\u2013 High energy density: They have a high energy density, which allows them to store more energy in a smaller volume.<\/p>\n<p>\u2013 Environmentally friendly energy source: they do not pollute the environment with harmful emissions during operation and do not affect the local climate. They can be used anywhere without disturbing others. They do not emit harmful gases during operation, making them suitable for installation in enclosed spaces.<\/p>\n<p>Very easy to use. They are easy to maintain: they do not require constant refueling, lubrication, filter replacement or electrolyte refilling.<br \/>\nThe battery has a built-in management and monitoring system (BMS) that allows you to control and monitor voltage, current and temperature, ensuring its long-term operation. By comprehensively controlling all battery parameters, the BMS significantly increases its safety.<\/p>\n<p>Main advantages of BMS:<\/p>\n<p>\u2013 Overvoltage protection: BMS prevents the battery from being overcharged, which can cause it to degrade or even explode.<\/p>\n<p>\u2013 Deep discharge protection: This monitors the battery's charge level and prevents it from discharging below the allowable level, which also negatively affects its life cycle.<\/p>\n<p>\u2013 Cell balancing: The BMS ensures battery balancing, maintaining an equal charge level for each cell, which extends its lifespan.<\/p>\n<p>\u2013 Thermal protection: The BMS monitors the battery temperature and shuts it down if it overheats or overcools, which can cause damage.<\/p>\n<p>\u2013 Short circuit protection: In the event of a short circuit, the BMS quickly disconnects the battery, preventing damage and possible fire.<\/p>\n<p>\u2013 Charging and discharging optimization: BMS controls charging and discharging parameters within optimal ranges, extending lifespan and protecting against damage.<\/p>\n<p>\u2013 Battery status monitoring: The BMS collects information about the battery status (voltage, current, temperature, etc.) and transmits it to external devices.<\/p>\n<p>The case has an LCD display that shows battery parameters and provides information about its status.<\/p>\n<p>The KS LB 48-100 also has the advantage of being able to connect multiple batteries in parallel, which allows you to increase the overall capacity of the energy storage system and extend the system's operating time. CAN, RS232 and RS485 communication ports offer a wide range of communication options with other devices, allowing configuration, remote monitoring, data download, status display and access to other information from all connected batteries.<\/p>\n<p>Considering the above: KS LB 48-100 batteries are the optimal solution for creating modern energy systems that meet the requirements of efficiency, reliability and flexibility.<\/p>","protected":false},"excerpt":{"rendered":"<p>&nbsp;<\/p>\n<table>\n<tbody>\n<tr class=\"odd\">\n<td>\n<div class=\"col-xs-6\">Battery capacity<\/div>\n<\/td>\n<td>\n<div class=\"attribute row\">\n<div class=\"col-xs-6\">100 Ah\/ 5120Wh<\/div>\n<\/div>\n<\/td>\n<\/tr>\n<tr class=\"even\">\n<td width=\"60%\">Battery type<\/td>\n<td>LiFePO\u2084 (lithium iron phosphate battery)<\/td>\n<\/tr>\n<tr class=\"odd\">\n<td>Rated voltage, V<\/td>\n<td>51.2<\/td>\n<\/tr>\n<tr class=\"even\">\n<td>\n<div class=\"col-xs-6\">Discharge voltage, V<\/div>\n<\/td>\n<td>43.2-58.4<\/td>\n<\/tr>\n<tr class=\"odd\">\n<td>\n<div class=\"col-xs-6\">Charging voltage, V<\/div>\n<\/td>\n<td>58.4<\/td>\n<\/tr>\n<tr class=\"even\">\n<td>\n<div class=\"col-xs-6\">Reccommended charging\/discharging current<\/div>\n<\/td>\n<td>\n<div class=\"attribute row\">\n<div class=\"col-xs-6\">50A (0.5C)<\/div>\n<\/div>\n<\/td>\n<\/tr>\n<tr class=\"odd\">\n<td>\n<div class=\"col-xs-6\">Maximum charging\/discharging current<\/div>\n<\/td>\n<td>\n<div class=\"attribute row\">\n<div class=\"col-xs-6\">100A (1C)<\/div>\n<\/div>\n<\/td>\n<\/tr>\n<tr class=\"even\">\n<td>\n<div class=\"col-xs-6\">Communication<\/div>\n<\/td>\n<td>\n<div class=\"attribute row\">\n<div class=\"col-xs-6\">RS-485 \/ RS-232 \/ CAN-bus<\/div>\n<\/div>\n<\/td>\n<\/tr>\n<tr class=\"even\">\n<td>\n<div class=\"col-xs-6\">Depth of discharge<\/div>\n<\/td>\n<td>\n<div class=\"attribute row\">\n<div class=\"col-xs-6\">95%<\/div>\n<\/div>\n<\/td>\n<\/tr>\n<tr class=\"odd\">\n<td>\n<div class=\"col-xs-6\">Protection class<\/div>\n<\/td>\n<td>\n<div class=\"attribute row\">\n<div class=\"col-xs-6\">IP21<\/div>\n<\/div>\n<\/td>\n<\/tr>\n<tr class=\"even\">\n<td>\n<div class=\"col-xs-6\">Operation temperature, \u00b0C<\/div>\n<\/td>\n<td>\n<div class=\"attribute row\">\n<div class=\"col-xs-6\">0 \u00b0C to 45 \u00b0C Charge, -10 \u00b0C to 45 \u00b0C Discharge<\/div>\n<\/div>\n<\/td>\n<\/tr>\n<tr class=\"odd\">\n<td>\n<div class=\"col-xs-6\">Net dimensions (LxWxH), mm<\/div>\n<\/td>\n<td>700 x 569 x 327<\/td>\n<\/tr>\n<tr class=\"even\">\n<td>\n<div class=\"col-xs-6\">Weight, kg<\/div>\n<\/td>\n<td>45<\/td>\n<\/tr>\n<tr class=\"odd\">\n<td>\n<div class=\"col-xs-6\">EAN code<\/div>\n<\/td>\n<td>4260405368020<\/td>\n<\/tr>\n<\/tbody>\n<\/table>\n<p>Assembled in PRC.<\/p>","protected":false},"featured_media":17329,"template":"","meta":{"_acf_changed":false,"inline_featured_image":false},"product_brand":[],"product_cat":[116],"product_tag":[],"class_list":{"0":"post-17328","1":"product","2":"type-product","3":"status-publish","4":"has-post-thumbnail","6":"product_cat-akud","7":"brand-konner-sohnen","9":"first","10":"onbackorder","11":"taxable","12":"shipping-taxable","13":"purchasable","14":"product-type-simple"},"acf":[],"yoast_head":"<!-- This site is optimized with the Yoast SEO plugin v26.2 - https:\/\/yoast.com\/wordpress\/plugins\/seo\/ -->\n<title>Liitiumaku KS LB 48-100 - Genekas24<\/title>\n<meta name=\"robots\" content=\"index, follow, max-snippet:-1, max-image-preview:large, max-video-preview:-1\" \/>\n<link rel=\"canonical\" href=\"https:\/\/staging.genekas24.ee\/en\/product\/liitiumaku-ks-lb-48-100\/\" \/>\n<meta property=\"og:locale\" content=\"en_GB\" \/>\n<meta property=\"og:type\" content=\"article\" \/>\n<meta property=\"og:title\" content=\"Liitiumaku KS LB 48-100 - Genekas24\" \/>\n<meta property=\"og:description\" content=\"&nbsp;     Aku mahutavus   100 Ah\/ 5120Wh    Akut\u00fc\u00fcp LiFePO\u2084 (liitium raud fosfaat aku)   Nimipinge, V 51.2    V\u00e4ljavoolu pinge, V 43.2-58.4    Laadimispinge, V 58.4    Soovitatav laadimis-\/v\u00e4ljavool   50A (0.5C)     Maksimum laadimis-\/v\u00e4ljavool   100A (1C)     Suhtlus   RS-485 \/ RS-232 \/ CAN-bus     T\u00fchjendamise s\u00fcgavus   95%     Kaitseklass   IP21     T\u00f6\u00f6tamistemperatuur, \u00b0C   0 \u00b0C to 45 \u00b0C Charge, -10 \u00b0C to 45 \u00b0C Discharge     M\u00f5\u00f5dud (LxWxH), mm 700 x 569 x 327    Kaal, kg 45    EAN kood 4260405368020    Kokku pandud HRV-s.\" \/>\n<meta property=\"og:url\" content=\"https:\/\/staging.genekas24.ee\/en\/product\/liitiumaku-ks-lb-48-100\/\" \/>\n<meta property=\"og:site_name\" content=\"Genekas24\" \/>\n<meta property=\"article:modified_time\" content=\"2025-12-02T09:59:02+00:00\" \/>\n<meta property=\"og:image\" content=\"https:\/\/staging.genekas24.ee\/wp-content\/uploads\/2024\/12\/ks-lb-48-100-01.jpg\" \/>\n\t<meta property=\"og:image:width\" content=\"1600\" \/>\n\t<meta property=\"og:image:height\" content=\"1200\" \/>\n\t<meta property=\"og:image:type\" content=\"image\/jpeg\" \/>\n<meta name=\"twitter:card\" content=\"summary_large_image\" \/>\n<meta name=\"twitter:label1\" content=\"Estimated reading time\" \/>\n\t<meta name=\"twitter:data1\" content=\"4 minutes\" \/>\n<script type=\"application\/ld+json\" class=\"yoast-schema-graph\">{\"@context\":\"https:\/\/schema.org\",\"@graph\":[{\"@type\":\"WebPage\",\"@id\":\"https:\/\/staging.genekas24.ee\/toode\/liitiumaku-ks-lb-48-100\/\",\"url\":\"https:\/\/staging.genekas24.ee\/toode\/liitiumaku-ks-lb-48-100\/\",\"name\":\"Liitiumaku KS LB 48-100 - Genekas24\",\"isPartOf\":{\"@id\":\"https:\/\/staging.genekas24.ee\/#website\"},\"primaryImageOfPage\":{\"@id\":\"https:\/\/staging.genekas24.ee\/toode\/liitiumaku-ks-lb-48-100\/#primaryimage\"},\"image\":{\"@id\":\"https:\/\/staging.genekas24.ee\/toode\/liitiumaku-ks-lb-48-100\/#primaryimage\"},\"thumbnailUrl\":\"https:\/\/staging.genekas24.ee\/wp-content\/uploads\/2024\/12\/ks-lb-48-100-01.jpg\",\"datePublished\":\"2024-12-10T09:34:40+00:00\",\"dateModified\":\"2025-12-02T09:59:02+00:00\",\"breadcrumb\":{\"@id\":\"https:\/\/staging.genekas24.ee\/toode\/liitiumaku-ks-lb-48-100\/#breadcrumb\"},\"inLanguage\":\"en-GB\",\"potentialAction\":[{\"@type\":\"ReadAction\",\"target\":[\"https:\/\/staging.genekas24.ee\/toode\/liitiumaku-ks-lb-48-100\/\"]}]},{\"@type\":\"ImageObject\",\"inLanguage\":\"en-GB\",\"@id\":\"https:\/\/staging.genekas24.ee\/toode\/liitiumaku-ks-lb-48-100\/#primaryimage\",\"url\":\"https:\/\/staging.genekas24.ee\/wp-content\/uploads\/2024\/12\/ks-lb-48-100-01.jpg\",\"contentUrl\":\"https:\/\/staging.genekas24.ee\/wp-content\/uploads\/2024\/12\/ks-lb-48-100-01.jpg\",\"width\":1600,\"height\":1200},{\"@type\":\"BreadcrumbList\",\"@id\":\"https:\/\/staging.genekas24.ee\/toode\/liitiumaku-ks-lb-48-100\/#breadcrumb\",\"itemListElement\":[{\"@type\":\"ListItem\",\"position\":1,\"name\":\"Home\",\"item\":\"https:\/\/staging.genekas24.ee\/\"},{\"@type\":\"ListItem\",\"position\":2,\"name\":\"Pood\",\"item\":\"https:\/\/staging.genekas24.ee\/pood\/\"},{\"@type\":\"ListItem\",\"position\":3,\"name\":\"Liitiumaku KS LB 48-100\"}]},{\"@type\":\"WebSite\",\"@id\":\"https:\/\/staging.genekas24.ee\/#website\",\"url\":\"https:\/\/staging.genekas24.ee\/\",\"name\":\"Genekas24\",\"description\":\"Generaatorid | K&ouml;nner S&ouml;hnen tooted | Genekas24\",\"publisher\":{\"@id\":\"https:\/\/staging.genekas24.ee\/#organization\"},\"potentialAction\":[{\"@type\":\"SearchAction\",\"target\":{\"@type\":\"EntryPoint\",\"urlTemplate\":\"https:\/\/staging.genekas24.ee\/?s={search_term_string}\"},\"query-input\":{\"@type\":\"PropertyValueSpecification\",\"valueRequired\":true,\"valueName\":\"search_term_string\"}}],\"inLanguage\":\"en-GB\"},{\"@type\":\"Organization\",\"@id\":\"https:\/\/staging.genekas24.ee\/#organization\",\"name\":\"Genekas24\",\"url\":\"https:\/\/staging.genekas24.ee\/\",\"logo\":{\"@type\":\"ImageObject\",\"inLanguage\":\"en-GB\",\"@id\":\"https:\/\/staging.genekas24.ee\/#\/schema\/logo\/image\/\",\"url\":\"https:\/\/staging.genekas24.ee\/wp-content\/uploads\/2026\/01\/genekas24-logo_black.svg\",\"contentUrl\":\"https:\/\/staging.genekas24.ee\/wp-content\/uploads\/2026\/01\/genekas24-logo_black.svg\",\"width\":840,\"height\":131,\"caption\":\"Genekas24\"},\"image\":{\"@id\":\"https:\/\/staging.genekas24.ee\/#\/schema\/logo\/image\/\"}}]}<\/script>\n<!-- \/ Yoast SEO plugin. -->","yoast_head_json":{"title":"Liitiumaku KS LB 48-100 - Genekas24","robots":{"index":"index","follow":"follow","max-snippet":"max-snippet:-1","max-image-preview":"max-image-preview:large","max-video-preview":"max-video-preview:-1"},"canonical":"https:\/\/staging.genekas24.ee\/en\/product\/liitiumaku-ks-lb-48-100\/","og_locale":"en_GB","og_type":"article","og_title":"Liitiumaku KS LB 48-100 - Genekas24","og_description":"&nbsp;     Aku mahutavus   100 Ah\/ 5120Wh    Akut\u00fc\u00fcp LiFePO\u2084 (liitium raud fosfaat aku)   Nimipinge, V 51.2    V\u00e4ljavoolu pinge, V 43.2-58.4    Laadimispinge, V 58.4    Soovitatav laadimis-\/v\u00e4ljavool   50A (0.5C)     Maksimum laadimis-\/v\u00e4ljavool   100A (1C)     Suhtlus   RS-485 \/ RS-232 \/ CAN-bus     T\u00fchjendamise s\u00fcgavus   95%     Kaitseklass   IP21     T\u00f6\u00f6tamistemperatuur, \u00b0C   0 \u00b0C to 45 \u00b0C Charge, -10 \u00b0C to 45 \u00b0C Discharge     M\u00f5\u00f5dud (LxWxH), mm 700 x 569 x 327    Kaal, kg 45    EAN kood 4260405368020    Kokku pandud HRV-s.","og_url":"https:\/\/staging.genekas24.ee\/en\/product\/liitiumaku-ks-lb-48-100\/","og_site_name":"Genekas24","article_modified_time":"2025-12-02T09:59:02+00:00","og_image":[{"width":1600,"height":1200,"url":"https:\/\/staging.genekas24.ee\/wp-content\/uploads\/2024\/12\/ks-lb-48-100-01.jpg","type":"image\/jpeg"}],"twitter_card":"summary_large_image","twitter_misc":{"Estimated reading time":"4 minutes"},"schema":{"@context":"https:\/\/schema.org","@graph":[{"@type":"WebPage","@id":"https:\/\/staging.genekas24.ee\/toode\/liitiumaku-ks-lb-48-100\/","url":"https:\/\/staging.genekas24.ee\/toode\/liitiumaku-ks-lb-48-100\/","name":"Liitiumaku KS LB 48-100 - Genekas24","isPartOf":{"@id":"https:\/\/staging.genekas24.ee\/#website"},"primaryImageOfPage":{"@id":"https:\/\/staging.genekas24.ee\/toode\/liitiumaku-ks-lb-48-100\/#primaryimage"},"image":{"@id":"https:\/\/staging.genekas24.ee\/toode\/liitiumaku-ks-lb-48-100\/#primaryimage"},"thumbnailUrl":"https:\/\/staging.genekas24.ee\/wp-content\/uploads\/2024\/12\/ks-lb-48-100-01.jpg","datePublished":"2024-12-10T09:34:40+00:00","dateModified":"2025-12-02T09:59:02+00:00","breadcrumb":{"@id":"https:\/\/staging.genekas24.ee\/toode\/liitiumaku-ks-lb-48-100\/#breadcrumb"},"inLanguage":"en-GB","potentialAction":[{"@type":"ReadAction","target":["https:\/\/staging.genekas24.ee\/toode\/liitiumaku-ks-lb-48-100\/"]}]},{"@type":"ImageObject","inLanguage":"en-GB","@id":"https:\/\/staging.genekas24.ee\/toode\/liitiumaku-ks-lb-48-100\/#primaryimage","url":"https:\/\/staging.genekas24.ee\/wp-content\/uploads\/2024\/12\/ks-lb-48-100-01.jpg","contentUrl":"https:\/\/staging.genekas24.ee\/wp-content\/uploads\/2024\/12\/ks-lb-48-100-01.jpg","width":1600,"height":1200},{"@type":"BreadcrumbList","@id":"https:\/\/staging.genekas24.ee\/toode\/liitiumaku-ks-lb-48-100\/#breadcrumb","itemListElement":[{"@type":"ListItem","position":1,"name":"Home","item":"https:\/\/staging.genekas24.ee\/"},{"@type":"ListItem","position":2,"name":"Pood","item":"https:\/\/staging.genekas24.ee\/pood\/"},{"@type":"ListItem","position":3,"name":"Liitiumaku KS LB 48-100"}]},{"@type":"WebSite","@id":"https:\/\/staging.genekas24.ee\/#website","url":"https:\/\/staging.genekas24.ee\/","name":"Genekas24","description":"Generaatorid | K&ouml;nner S&ouml;hnen tooted | Genekas24","publisher":{"@id":"https:\/\/staging.genekas24.ee\/#organization"},"potentialAction":[{"@type":"SearchAction","target":{"@type":"EntryPoint","urlTemplate":"https:\/\/staging.genekas24.ee\/?s={search_term_string}"},"query-input":{"@type":"PropertyValueSpecification","valueRequired":true,"valueName":"search_term_string"}}],"inLanguage":"en-GB"},{"@type":"Organization","@id":"https:\/\/staging.genekas24.ee\/#organization","name":"Genekas24","url":"https:\/\/staging.genekas24.ee\/","logo":{"@type":"ImageObject","inLanguage":"en-GB","@id":"https:\/\/staging.genekas24.ee\/#\/schema\/logo\/image\/","url":"https:\/\/staging.genekas24.ee\/wp-content\/uploads\/2026\/01\/genekas24-logo_black.svg","contentUrl":"https:\/\/staging.genekas24.ee\/wp-content\/uploads\/2026\/01\/genekas24-logo_black.svg","width":840,"height":131,"caption":"Genekas24"},"image":{"@id":"https:\/\/staging.genekas24.ee\/#\/schema\/logo\/image\/"}}]}},"_links":{"self":[{"href":"https:\/\/staging.genekas24.ee\/en\/wp-json\/wp\/v2\/product\/17328","targetHints":{"allow":["GET"]}}],"collection":[{"href":"https:\/\/staging.genekas24.ee\/en\/wp-json\/wp\/v2\/product"}],"about":[{"href":"https:\/\/staging.genekas24.ee\/en\/wp-json\/wp\/v2\/types\/product"}],"version-history":[{"count":4,"href":"https:\/\/staging.genekas24.ee\/en\/wp-json\/wp\/v2\/product\/17328\/revisions"}],"predecessor-version":[{"id":19096,"href":"https:\/\/staging.genekas24.ee\/en\/wp-json\/wp\/v2\/product\/17328\/revisions\/19096"}],"wp:featuredmedia":[{"embeddable":true,"href":"https:\/\/staging.genekas24.ee\/en\/wp-json\/wp\/v2\/media\/17329"}],"wp:attachment":[{"href":"https:\/\/staging.genekas24.ee\/en\/wp-json\/wp\/v2\/media?parent=17328"}],"wp:term":[{"taxonomy":"product_brand","embeddable":true,"href":"https:\/\/staging.genekas24.ee\/en\/wp-json\/wp\/v2\/product_brand?post=17328"},{"taxonomy":"product_cat","embeddable":true,"href":"https:\/\/staging.genekas24.ee\/en\/wp-json\/wp\/v2\/product_cat?post=17328"},{"taxonomy":"product_tag","embeddable":true,"href":"https:\/\/staging.genekas24.ee\/en\/wp-json\/wp\/v2\/product_tag?post=17328"}],"curies":[{"name":"wp","href":"https:\/\/api.w.org\/{rel}","templated":true}]}}