{"id":17145,"date":"2024-12-05T12:39:42","date_gmt":"2024-12-05T12:39:42","guid":{"rendered":"https:\/\/staging.genekas24.ee\/?post_type=product&#038;p=17145"},"modified":"2025-12-02T09:59:44","modified_gmt":"2025-12-02T09:59:44","slug":"pto-generaator-av-27","status":"publish","type":"product","link":"https:\/\/staging.genekas24.ee\/en\/product\/pto-generaator-av-27\/","title":{"rendered":"PTO generaator AV 27"},"content":{"rendered":"<table>\n<tbody>\n<tr>\n<td><strong>Tavavarustus<\/strong><\/td>\n<\/tr>\n<tr>\n<td>1x 63A 400V pistikupesa<\/td>\n<\/tr>\n<tr>\n<td>Alapinge vabastamine<\/td>\n<\/tr>\n<tr>\n<td>2x 16A 230V Schuko<\/td>\n<\/tr>\n<tr>\n<td>Automaatkaitsmed 400V<\/td>\n<\/tr>\n<tr>\n<td>Automaatkaitsmed 230V<\/td>\n<\/tr>\n<tr>\n<td>Rikkevoolukaitse<\/td>\n<\/tr>\n<tr>\n<td>Taimer V, Hz, A, kVA<\/td>\n<\/tr>\n<tr>\n<td>Traktoriga \u00fchendamise komplekt<\/td>\n<\/tr>\n<tr>\n<td>K\u00e4igukast t\u00e4idetud \u00f5liga<\/td>\n<\/tr>\n<\/tbody>\n<\/table>\n<table style=\"border-collapse: collapse;\">\n<tbody>\n<tr style=\"height: 24px;\">\n<td style=\"width: 100%; height: 24px;\"><strong>Standardid ja direktiivid<\/strong><\/td>\n<\/tr>\n<tr style=\"height: 24px;\">\n<td style=\"width: 100%; height: 24px;\"><strong>\u00a7 2000\/14\/WE &#8211; <\/strong>M\u00fcraemissiooni direktiiv ja selle muudatus 2005\/88\/WE<\/td>\n<\/tr>\n<tr style=\"height: 24px;\">\n<td style=\"width: 100%; height: 24px;\"><strong>\u00a7 2006\/42\/WE &#8211; <\/strong>Masinate direktiiv<strong><br \/>\n<\/strong><\/td>\n<\/tr>\n<tr>\n<td style=\"width: 100%;\"><strong>\u00a7 2014\/35\/WE &#8211;\u00a0<\/strong>Madalpinge direktiiv<\/td>\n<\/tr>\n<tr>\n<td style=\"width: 100%;\"><strong>\u00a7 2014\/30\/WE &#8211;<\/strong> Elektromagnetilise \u00fchilduvuse direktiiv<\/td>\n<\/tr>\n<\/tbody>\n<\/table>","protected":false},"excerpt":{"rendered":"<table style=\"width: 100%; height: 644px;\">\n<tbody>\n<tr class=\"even\" style=\"height: 24px;\">\n<td style=\"height: 24px;\" width=\"60%\">Pinge regulaator<\/td>\n<td style=\"height: 24px;\">Standard CVR<\/td>\n<\/tr>\n<tr class=\"odd\" style=\"height: 24px;\">\n<td style=\"height: 24px;\">\n<div class=\"col-xs-6\">Pinge stabilisatsioon<\/div>\n<\/td>\n<td style=\"height: 24px;\">\u00b14 %<\/td>\n<\/tr>\n<tr class=\"even\" style=\"height: 24px;\">\n<td style=\"height: 24px;\">\n<div class=\"col-xs-6\">Frequency, Hz<\/div>\n<\/td>\n<td style=\"height: 24px;\">50<\/td>\n<\/tr>\n<tr class=\"odd\" style=\"height: 24px;\">\n<td style=\"height: 24px;\"><strong>Kolmefaasiline pinge, V<\/strong><\/td>\n<td style=\"height: 24px;\">400<\/td>\n<\/tr>\n<tr class=\"even\" style=\"height: 24px;\">\n<td style=\"height: 24px;\">\n<div class=\"col-xs-6\">V\u00f5imustegur, cos \u2c77<\/div>\n<\/td>\n<td style=\"height: 24px;\">0,8<\/td>\n<\/tr>\n<tr class=\"odd\" style=\"height: 48px;\">\n<td style=\"height: 48px;\">Maksimaalne v\u00f5imus, kVA<\/td>\n<td style=\"height: 48px;\">\n<div class=\"attribute row\">\n<div class=\"col-xs-6\">29.7<\/div>\n<\/div>\n<\/td>\n<\/tr>\n<tr class=\"odd\" style=\"height: 24px;\">\n<td style=\"height: 10px;\">Nimiv\u00f5imus, kVA<\/td>\n<td style=\"height: 10px;\">27<\/td>\n<\/tr>\n<tr class=\"even\" style=\"height: 24px;\">\n<td style=\"height: 10px;\">Nimivool, A,<\/td>\n<td style=\"height: 10px;\">39.1<\/td>\n<\/tr>\n<tr class=\"odd\" style=\"height: 48px;\">\n<td style=\"height: 48px;\"><strong>\u00dchefaasiline pinge, V<\/strong><\/td>\n<td style=\"height: 48px;\">\n<div class=\"attribute row\">\n<div class=\"col-xs-6\">230<\/div>\n<\/div>\n<\/td>\n<\/tr>\n<tr class=\"even\" style=\"height: 24px;\">\n<td style=\"height: 24px;\">\n<div class=\"col-xs-6\">V\u00f5imustegur, cos \u2c77<\/div>\n<\/td>\n<td style=\"height: 24px;\">\n<div class=\"attribute row\">\n<div class=\"col-xs-6\">1<\/div>\n<\/div>\n<\/td>\n<\/tr>\n<tr class=\"odd\" style=\"height: 24px;\">\n<td style=\"height: 24px;\">\n<div class=\"col-xs-6\">Maksimaalne v\u00f5imus, kVA<\/div>\n<\/td>\n<td style=\"height: 24px;\">\n<div class=\"attribute row\">\n<div class=\"col-xs-6\">11.9<\/div>\n<\/div>\n<\/td>\n<\/tr>\n<tr class=\"even\" style=\"height: 72px;\">\n<td style=\"height: 24px;\">\n<div class=\"col-xs-6\">Nimiv\u00f5imus, kVA<\/div>\n<\/td>\n<td style=\"height: 24px;\">10,8<\/td>\n<\/tr>\n<tr class=\"odd\" style=\"height: 24px;\">\n<td style=\"height: 24px;\">\n<div class=\"col-xs-6\">Rated current, \u0410<\/div>\n<\/td>\n<td style=\"height: 24px;\">\n<div class=\"attribute row\">\n<div class=\"col-xs-6\">47<\/div>\n<\/div>\n<\/td>\n<\/tr>\n<tr class=\"even\" style=\"height: 24px;\">\n<td style=\"height: 24px;\">\n<div class=\"col-xs-6\">Weight, kg<\/div>\n<\/td>\n<td style=\"height: 24px;\">149<\/td>\n<\/tr>\n<tr class=\"odd\" style=\"height: 24px;\">\n<td style=\"height: 24px;\">\n<div class=\"col-xs-6\">M\u00f5\u00f5dud (PxLxK), mm<\/div>\n<\/td>\n<td style=\"height: 24px;\">\n<div class=\"attribute row\">\n<div class=\"col-xs-6\">950x800x933<\/div>\n<\/div>\n<\/td>\n<\/tr>\n<tr style=\"height: 24px;\">\n<td style=\"height: 24px;\">\n<div class=\"col-xs-6\">Alternaator<\/div>\n<\/td>\n<td style=\"height: 24px;\">\n<div class=\"attribute row\">\n<div class=\"col-xs-6\">S\u00fcnkroonne<\/div>\n<\/div>\n<\/td>\n<\/tr>\n<tr class=\"even\" style=\"height: 24px;\">\n<td style=\"height: 24px;\">\n<div class=\"col-xs-6\">Protection class<\/div>\n<\/td>\n<td style=\"height: 24px;\">IP23<\/td>\n<\/tr>\n<tr class=\"odd\" style=\"height: 24px;\">\n<td style=\"height: 24px;\">\n<div class=\"col-xs-6\">P\u00f6\u00f6rded, rpm<\/div>\n<\/td>\n<td style=\"height: 24px;\">3000<\/td>\n<\/tr>\n<tr class=\"even\" style=\"height: 24px;\">\n<td style=\"height: 24px;\" width=\"60%\">K\u00e4igukast<\/td>\n<td style=\"height: 24px;\">1:7<\/td>\n<\/tr>\n<tr class=\"even\" style=\"height: 24px;\">\n<td style=\"height: 24px;\">\n<div class=\"col-xs-6\">\u00d5li t\u00fc\u00fcp<\/div>\n<\/td>\n<td style=\"height: 24px;\">SAE 80W-90<\/td>\n<\/tr>\n<tr class=\"odd\" style=\"height: 24px;\">\n<td style=\"height: 24px;\">\n<div class=\"col-xs-6\">\u00d5li kogus, l<\/div>\n<\/td>\n<td style=\"height: 24px;\">\n<div class=\"attribute row\">\n<div class=\"col-xs-6\">0.9<\/div>\n<\/div>\n<\/td>\n<\/tr>\n<tr style=\"height: 24px;\">\n<td style=\"height: 24px;\">\n<div class=\"col-xs-6\"><strong>N\u00f5uded traktorile<\/strong><\/div>\n<\/td>\n<td style=\"height: 24px;\">\n<div class=\"attribute row\">\n<div class=\"col-xs-6\"><\/div>\n<\/div>\n<\/td>\n<\/tr>\n<tr style=\"height: 24px;\">\n<td style=\"height: 24px;\">\n<div class=\"col-xs-6\">PTO kiirus<\/div>\n<\/td>\n<td style=\"height: 24px;\">\n<div class=\"attribute row\">\n<div class=\"col-xs-6\">430 p\u00f6\u00f6ret\/min<\/div>\n<\/div>\n<\/td>\n<\/tr>\n<tr style=\"height: 24px;\">\n<td style=\"height: 24px;\">\n<div class=\"col-xs-6\">PTO j\u00f5ud<\/div>\n<\/td>\n<td style=\"height: 24px;\">\n<div class=\"attribute row\">\n<div class=\"col-xs-6\">26\/36 kW\/HP<\/div>\n<\/div>\n<\/td>\n<\/tr>\n<tr style=\"height: 24px;\">\n<td style=\"height: 24px;\">\n<div class=\"col-xs-6\">PTO v\u00f5lli m\u00f5\u00f5tmed<\/div>\n<\/td>\n<td style=\"height: 24px;\">\n<div class=\"attribute row\">\n<div class=\"col-xs-6\">43\/58 kW\/HP<\/div>\n<\/div>\n<\/td>\n<\/tr>\n<tr style=\"height: 24px;\">\n<td style=\"height: 24px;\">\n<div class=\"col-xs-6\">PTO v\u00f5lli m\u00f5\u00f5tmed<\/div>\n<\/td>\n<td style=\"height: 24px;\">\n<div class=\"attribute row\">\n<div class=\"col-xs-6\">762 Nm<\/div>\n<\/div>\n<\/td>\n<\/tr>\n<\/tbody>\n<\/table>","protected":false},"featured_media":17733,"template":"","meta":{"_acf_changed":false,"inline_featured_image":false},"product_brand":[],"product_cat":[115,94],"product_tag":[],"class_list":{"0":"post-17145","1":"product","2":"type-product","3":"status-publish","4":"has-post-thumbnail","6":"product_cat-pto-generaatorid","7":"product_cat-generaatorid","8":"product_shipping_class-euroalus","9":"brand-fogo","11":"first","12":"instock","13":"taxable","14":"shipping-taxable","15":"purchasable","16":"product-type-simple"},"acf":[],"yoast_head":"<!-- This site is optimized with the Yoast SEO plugin v26.2 - https:\/\/yoast.com\/wordpress\/plugins\/seo\/ -->\n<title>PTO generaator AV 27 - Genekas24<\/title>\n<meta name=\"description\" content=\"PTO generaatorid pakuvad usaldusv\u00e4\u00e4rset ja t\u00f5husat elektritootmist traktori j\u00f5u\u00fclekande kaudu, sobides ideaalselt p\u00f5llumajandus- ja t\u00f6\u00f6stusotstarbeks.\" \/>\n<meta name=\"robots\" content=\"index, follow, max-snippet:-1, max-image-preview:large, max-video-preview:-1\" \/>\n<link rel=\"canonical\" href=\"https:\/\/staging.genekas24.ee\/en\/product\/pto-generaator-av-27\/\" \/>\n<meta property=\"og:locale\" content=\"en_GB\" \/>\n<meta property=\"og:type\" content=\"article\" \/>\n<meta property=\"og:title\" content=\"PTO generaator AV 27 - Genekas24\" \/>\n<meta property=\"og:description\" content=\"PTO generaatorid pakuvad usaldusv\u00e4\u00e4rset ja t\u00f5husat elektritootmist traktori j\u00f5u\u00fclekande kaudu, sobides ideaalselt p\u00f5llumajandus- ja t\u00f6\u00f6stusotstarbeks.\" \/>\n<meta property=\"og:url\" content=\"https:\/\/staging.genekas24.ee\/en\/product\/pto-generaator-av-27\/\" \/>\n<meta property=\"og:site_name\" content=\"Genekas24\" \/>\n<meta property=\"article:modified_time\" content=\"2025-12-02T09:59:44+00:00\" \/>\n<meta property=\"og:image\" content=\"https:\/\/staging.genekas24.ee\/wp-content\/uploads\/2024\/12\/AV-27.png\" \/>\n\t<meta property=\"og:image:width\" content=\"1459\" \/>\n\t<meta property=\"og:image:height\" content=\"834\" \/>\n\t<meta property=\"og:image:type\" content=\"image\/png\" \/>\n<meta name=\"twitter:card\" content=\"summary_large_image\" \/>\n<meta name=\"twitter:label1\" content=\"Estimated reading time\" \/>\n\t<meta name=\"twitter:data1\" content=\"1 minute\" \/>\n<script type=\"application\/ld+json\" class=\"yoast-schema-graph\">{\"@context\":\"https:\/\/schema.org\",\"@graph\":[{\"@type\":\"WebPage\",\"@id\":\"https:\/\/staging.genekas24.ee\/toode\/pto-generaator-av-27\/\",\"url\":\"https:\/\/staging.genekas24.ee\/toode\/pto-generaator-av-27\/\",\"name\":\"PTO generaator AV 27 - Genekas24\",\"isPartOf\":{\"@id\":\"https:\/\/staging.genekas24.ee\/#website\"},\"primaryImageOfPage\":{\"@id\":\"https:\/\/staging.genekas24.ee\/toode\/pto-generaator-av-27\/#primaryimage\"},\"image\":{\"@id\":\"https:\/\/staging.genekas24.ee\/toode\/pto-generaator-av-27\/#primaryimage\"},\"thumbnailUrl\":\"https:\/\/staging.genekas24.ee\/wp-content\/uploads\/2024\/12\/AV-27.png\",\"datePublished\":\"2024-12-05T12:39:42+00:00\",\"dateModified\":\"2025-12-02T09:59:44+00:00\",\"description\":\"PTO generaatorid pakuvad usaldusv\u00e4\u00e4rset ja t\u00f5husat elektritootmist traktori j\u00f5u\u00fclekande kaudu, sobides ideaalselt p\u00f5llumajandus- ja t\u00f6\u00f6stusotstarbeks.\",\"breadcrumb\":{\"@id\":\"https:\/\/staging.genekas24.ee\/toode\/pto-generaator-av-27\/#breadcrumb\"},\"inLanguage\":\"en-GB\",\"potentialAction\":[{\"@type\":\"ReadAction\",\"target\":[\"https:\/\/staging.genekas24.ee\/toode\/pto-generaator-av-27\/\"]}]},{\"@type\":\"ImageObject\",\"inLanguage\":\"en-GB\",\"@id\":\"https:\/\/staging.genekas24.ee\/toode\/pto-generaator-av-27\/#primaryimage\",\"url\":\"https:\/\/staging.genekas24.ee\/wp-content\/uploads\/2024\/12\/AV-27.png\",\"contentUrl\":\"https:\/\/staging.genekas24.ee\/wp-content\/uploads\/2024\/12\/AV-27.png\",\"width\":1459,\"height\":834},{\"@type\":\"BreadcrumbList\",\"@id\":\"https:\/\/staging.genekas24.ee\/toode\/pto-generaator-av-27\/#breadcrumb\",\"itemListElement\":[{\"@type\":\"ListItem\",\"position\":1,\"name\":\"Home\",\"item\":\"https:\/\/staging.genekas24.ee\/\"},{\"@type\":\"ListItem\",\"position\":2,\"name\":\"Pood\",\"item\":\"https:\/\/staging.genekas24.ee\/pood\/\"},{\"@type\":\"ListItem\",\"position\":3,\"name\":\"PTO generaator AV 27\"}]},{\"@type\":\"WebSite\",\"@id\":\"https:\/\/staging.genekas24.ee\/#website\",\"url\":\"https:\/\/staging.genekas24.ee\/\",\"name\":\"Genekas24\",\"description\":\"Generaatorid | K&ouml;nner S&ouml;hnen tooted | Genekas24\",\"publisher\":{\"@id\":\"https:\/\/staging.genekas24.ee\/#organization\"},\"potentialAction\":[{\"@type\":\"SearchAction\",\"target\":{\"@type\":\"EntryPoint\",\"urlTemplate\":\"https:\/\/staging.genekas24.ee\/?s={search_term_string}\"},\"query-input\":{\"@type\":\"PropertyValueSpecification\",\"valueRequired\":true,\"valueName\":\"search_term_string\"}}],\"inLanguage\":\"en-GB\"},{\"@type\":\"Organization\",\"@id\":\"https:\/\/staging.genekas24.ee\/#organization\",\"name\":\"Genekas24\",\"url\":\"https:\/\/staging.genekas24.ee\/\",\"logo\":{\"@type\":\"ImageObject\",\"inLanguage\":\"en-GB\",\"@id\":\"https:\/\/staging.genekas24.ee\/#\/schema\/logo\/image\/\",\"url\":\"https:\/\/staging.genekas24.ee\/wp-content\/uploads\/2026\/01\/genekas24-logo_black.svg\",\"contentUrl\":\"https:\/\/staging.genekas24.ee\/wp-content\/uploads\/2026\/01\/genekas24-logo_black.svg\",\"width\":840,\"height\":131,\"caption\":\"Genekas24\"},\"image\":{\"@id\":\"https:\/\/staging.genekas24.ee\/#\/schema\/logo\/image\/\"}}]}<\/script>\n<!-- \/ Yoast SEO plugin. -->","yoast_head_json":{"title":"PTO generaator AV 27 - Genekas24","description":"PTO generaatorid pakuvad usaldusv\u00e4\u00e4rset ja t\u00f5husat elektritootmist traktori j\u00f5u\u00fclekande kaudu, sobides ideaalselt p\u00f5llumajandus- ja t\u00f6\u00f6stusotstarbeks.","robots":{"index":"index","follow":"follow","max-snippet":"max-snippet:-1","max-image-preview":"max-image-preview:large","max-video-preview":"max-video-preview:-1"},"canonical":"https:\/\/staging.genekas24.ee\/en\/product\/pto-generaator-av-27\/","og_locale":"en_GB","og_type":"article","og_title":"PTO generaator AV 27 - Genekas24","og_description":"PTO generaatorid pakuvad usaldusv\u00e4\u00e4rset ja t\u00f5husat elektritootmist traktori j\u00f5u\u00fclekande kaudu, sobides ideaalselt p\u00f5llumajandus- ja t\u00f6\u00f6stusotstarbeks.","og_url":"https:\/\/staging.genekas24.ee\/en\/product\/pto-generaator-av-27\/","og_site_name":"Genekas24","article_modified_time":"2025-12-02T09:59:44+00:00","og_image":[{"width":1459,"height":834,"url":"https:\/\/staging.genekas24.ee\/wp-content\/uploads\/2024\/12\/AV-27.png","type":"image\/png"}],"twitter_card":"summary_large_image","twitter_misc":{"Estimated reading time":"1 minute"},"schema":{"@context":"https:\/\/schema.org","@graph":[{"@type":"WebPage","@id":"https:\/\/staging.genekas24.ee\/toode\/pto-generaator-av-27\/","url":"https:\/\/staging.genekas24.ee\/toode\/pto-generaator-av-27\/","name":"PTO generaator AV 27 - Genekas24","isPartOf":{"@id":"https:\/\/staging.genekas24.ee\/#website"},"primaryImageOfPage":{"@id":"https:\/\/staging.genekas24.ee\/toode\/pto-generaator-av-27\/#primaryimage"},"image":{"@id":"https:\/\/staging.genekas24.ee\/toode\/pto-generaator-av-27\/#primaryimage"},"thumbnailUrl":"https:\/\/staging.genekas24.ee\/wp-content\/uploads\/2024\/12\/AV-27.png","datePublished":"2024-12-05T12:39:42+00:00","dateModified":"2025-12-02T09:59:44+00:00","description":"PTO generaatorid pakuvad usaldusv\u00e4\u00e4rset ja t\u00f5husat elektritootmist traktori j\u00f5u\u00fclekande kaudu, sobides ideaalselt p\u00f5llumajandus- ja t\u00f6\u00f6stusotstarbeks.","breadcrumb":{"@id":"https:\/\/staging.genekas24.ee\/toode\/pto-generaator-av-27\/#breadcrumb"},"inLanguage":"en-GB","potentialAction":[{"@type":"ReadAction","target":["https:\/\/staging.genekas24.ee\/toode\/pto-generaator-av-27\/"]}]},{"@type":"ImageObject","inLanguage":"en-GB","@id":"https:\/\/staging.genekas24.ee\/toode\/pto-generaator-av-27\/#primaryimage","url":"https:\/\/staging.genekas24.ee\/wp-content\/uploads\/2024\/12\/AV-27.png","contentUrl":"https:\/\/staging.genekas24.ee\/wp-content\/uploads\/2024\/12\/AV-27.png","width":1459,"height":834},{"@type":"BreadcrumbList","@id":"https:\/\/staging.genekas24.ee\/toode\/pto-generaator-av-27\/#breadcrumb","itemListElement":[{"@type":"ListItem","position":1,"name":"Home","item":"https:\/\/staging.genekas24.ee\/"},{"@type":"ListItem","position":2,"name":"Pood","item":"https:\/\/staging.genekas24.ee\/pood\/"},{"@type":"ListItem","position":3,"name":"PTO generaator AV 27"}]},{"@type":"WebSite","@id":"https:\/\/staging.genekas24.ee\/#website","url":"https:\/\/staging.genekas24.ee\/","name":"Genekas24","description":"Generaatorid | K&ouml;nner S&ouml;hnen tooted | Genekas24","publisher":{"@id":"https:\/\/staging.genekas24.ee\/#organization"},"potentialAction":[{"@type":"SearchAction","target":{"@type":"EntryPoint","urlTemplate":"https:\/\/staging.genekas24.ee\/?s={search_term_string}"},"query-input":{"@type":"PropertyValueSpecification","valueRequired":true,"valueName":"search_term_string"}}],"inLanguage":"en-GB"},{"@type":"Organization","@id":"https:\/\/staging.genekas24.ee\/#organization","name":"Genekas24","url":"https:\/\/staging.genekas24.ee\/","logo":{"@type":"ImageObject","inLanguage":"en-GB","@id":"https:\/\/staging.genekas24.ee\/#\/schema\/logo\/image\/","url":"https:\/\/staging.genekas24.ee\/wp-content\/uploads\/2026\/01\/genekas24-logo_black.svg","contentUrl":"https:\/\/staging.genekas24.ee\/wp-content\/uploads\/2026\/01\/genekas24-logo_black.svg","width":840,"height":131,"caption":"Genekas24"},"image":{"@id":"https:\/\/staging.genekas24.ee\/#\/schema\/logo\/image\/"}}]}},"_links":{"self":[{"href":"https:\/\/staging.genekas24.ee\/en\/wp-json\/wp\/v2\/product\/17145","targetHints":{"allow":["GET"]}}],"collection":[{"href":"https:\/\/staging.genekas24.ee\/en\/wp-json\/wp\/v2\/product"}],"about":[{"href":"https:\/\/staging.genekas24.ee\/en\/wp-json\/wp\/v2\/types\/product"}],"version-history":[{"count":8,"href":"https:\/\/staging.genekas24.ee\/en\/wp-json\/wp\/v2\/product\/17145\/revisions"}],"predecessor-version":[{"id":20111,"href":"https:\/\/staging.genekas24.ee\/en\/wp-json\/wp\/v2\/product\/17145\/revisions\/20111"}],"wp:featuredmedia":[{"embeddable":true,"href":"https:\/\/staging.genekas24.ee\/en\/wp-json\/wp\/v2\/media\/17733"}],"wp:attachment":[{"href":"https:\/\/staging.genekas24.ee\/en\/wp-json\/wp\/v2\/media?parent=17145"}],"wp:term":[{"taxonomy":"product_brand","embeddable":true,"href":"https:\/\/staging.genekas24.ee\/en\/wp-json\/wp\/v2\/product_brand?post=17145"},{"taxonomy":"product_cat","embeddable":true,"href":"https:\/\/staging.genekas24.ee\/en\/wp-json\/wp\/v2\/product_cat?post=17145"},{"taxonomy":"product_tag","embeddable":true,"href":"https:\/\/staging.genekas24.ee\/en\/wp-json\/wp\/v2\/product_tag?post=17145"}],"curies":[{"name":"wp","href":"https:\/\/api.w.org\/{rel}","templated":true}]}}