{"id":16688,"date":"2024-09-05T18:08:25","date_gmt":"2024-09-05T18:08:25","guid":{"rendered":"https:\/\/staging.genekas24.ee\/?post_type=product&#038;p=16688"},"modified":"2025-12-10T09:34:59","modified_gmt":"2025-12-10T09:34:59","slug":"ats-seade-ks-ats-4-63d-inverter","status":"publish","type":"product","link":"https:\/\/staging.genekas24.ee\/en\/product\/ats-seade-ks-ats-4-63d-inverter\/","title":{"rendered":"Automatic Transfer Switch KS ATS 4\/63D-Inverter"},"content":{"rendered":"<p>The Automatic Transfer Switch (ATS) KS ATS 4\/63D-Inverter by the German brand K\u00f6nner &amp; S\u00f6hnen automatically starts the generator, switches the load to it when the main power source is disconnected, and automatically stops the generator when the central grid is restored.<\/p>\n<p>The ATS unit features summer and winter operating modes that enable you to select the heating time for the air heating system. It has a voltmeter and an emergency stop button for the generator. The ATS unit can operate in both automatic and manual modes.<\/p>\n<p>The model KS ATS 4\/63D-Inverter is suitable for the diesel inverter generators \u201cK\u00f6nner&amp;S\u00f6hnen\u201d KS 6100iDE ATSR and KS 9500iDE ATSR.<\/p>\n<p>Advantages:<\/p>\n<ul class=\"ticks\">\n<li>The universal design enables the ATS to be used in single-phase and three-phase networks, with an 8-pin control cable connector.<\/li>\n<li>Equipped with a voltmeter.<\/li>\n<li>Emergency stop button for the generator, which provides an additional protection option.<\/li>\n<li>Keeps the battery charged.<\/li>\n<li>Summer and winter operating modes.<\/li>\n<\/ul>","protected":false},"excerpt":{"rendered":"<table>\n<tbody>\n<tr class=\"even\">\n<td width=\"60%\">Voltage<\/td>\n<td>230V\/ 400V<\/td>\n<\/tr>\n<tr class=\"odd\">\n<td>Power (230V), kW<\/td>\n<td>14,5<\/td>\n<\/tr>\n<tr class=\"even\">\n<td>Current (max) 230 V, A<\/td>\n<td>63<\/td>\n<\/tr>\n<tr class=\"odd\">\n<td>Power 400V, kW<\/td>\n<td>41,5<\/td>\n<\/tr>\n<tr class=\"odd\">\n<td>Current (max) 400 V, A<\/td>\n<td>63<\/td>\n<\/tr>\n<tr class=\"odd\">\n<td>\n<div class=\"col-xs-6\">Working environment<\/div>\n<\/td>\n<td>\n<div class=\"attribute row\">\n<div class=\"col-xs-6\">from -10\u00b0C to +55\u00b0C; humidity: \u2a7d60%<\/div>\n<\/div>\n<\/td>\n<\/tr>\n<tr class=\"odd\">\n<td>Storage environment<\/td>\n<td>from -10\u00b0C to +70\u00b0C; humidity: \u2a7d60%<\/td>\n<\/tr>\n<tr class=\"odd\">\n<td>IP protection class<\/td>\n<td>IP21<\/td>\n<\/tr>\n<tr class=\"odd\">\n<td>Insulation class<\/td>\n<td>F<\/td>\n<\/tr>\n<tr class=\"odd\">\n<td>Maximum battery charging current from the built-in power supply, A<\/td>\n<td>3A<\/td>\n<\/tr>\n<tr class=\"odd\">\n<td>Control cable length, m<\/td>\n<td>10<\/td>\n<\/tr>\n<tr>\n<td>Net dimensions (LxWxH), mm<\/td>\n<td>430 \u0445 195 \u0445 393<\/td>\n<\/tr>\n<tr>\n<td>Gross dimensions (LxWxH), mm<\/td>\n<td>450 \u0445 215 \u0445 415<\/td>\n<\/tr>\n<tr>\n<td>Net weight, kg<\/td>\n<td>9,3<\/td>\n<\/tr>\n<tr>\n<td>Gross weight, kg<\/td>\n<td>10<\/td>\n<\/tr>\n<\/tbody>\n<\/table>\n<p>&nbsp;<\/p>\n<p>Assembled in PRC.<\/p>","protected":false},"featured_media":16693,"template":"","meta":{"_acf_changed":false,"inline_featured_image":false},"product_brand":[],"product_cat":[158,156,181],"product_tag":[],"class_list":{"0":"post-16688","1":"product","2":"type-product","3":"status-publish","4":"has-post-thumbnail","6":"product_cat-ats-seadmed","7":"product_cat-generaatori-tarvikud","8":"product_cat-laos-olemas","9":"product_shipping_class-vaikepakk","10":"brand-konner-sohnen","12":"first","13":"instock","14":"taxable","15":"shipping-taxable","16":"purchasable","17":"product-type-simple"},"acf":[],"yoast_head":"<!-- This site is optimized with the Yoast SEO plugin v26.2 - https:\/\/yoast.com\/wordpress\/plugins\/seo\/ -->\n<title>ATS-seade KS ATS 4\/63D-Inverter - Genekas24<\/title>\n<meta name=\"robots\" content=\"index, follow, max-snippet:-1, max-image-preview:large, max-video-preview:-1\" \/>\n<link rel=\"canonical\" href=\"https:\/\/staging.genekas24.ee\/en\/product\/ats-seade-ks-ats-4-63d-inverter\/\" \/>\n<meta property=\"og:locale\" content=\"en_GB\" \/>\n<meta property=\"og:type\" content=\"article\" \/>\n<meta property=\"og:title\" content=\"ATS-seade KS ATS 4\/63D-Inverter - Genekas24\" \/>\n<meta property=\"og:description\" content=\"Pinge 230V\/ 400V   V\u00f5imsus 230V, kW 14,5   V\u00f5imsus (max) 230 V, A 63   V\u00f5imsus 400V, kW 41,5   Vool (max) 400 V, A 63    T\u00f6\u00f6keskkond   alates -10\u00b0C kuni 55\u00b0C; \u00f5huniiskus: \u2a7d60%    S\u00e4ilituskeskkond alates-10\u00b0C kuni 70\u00b0C; \u00f5huniiskus: \u2a7d60%   IP kaitse klass IP21   Isolatsiooniklass F   Maksimaalne aku laadimisvool sisseehitatud toiteallikast, A 3A   Juhtkaabli pikkus, m 10   Neto m\u00f5\u00f5dud (PxLxK), mm 430 \u0445 195 \u0445 393   Bruto m\u00f5\u00f5dud (PxLxK), mm 450 \u0445 215 \u0445 415   Netokaal, kg 9,3   Brutokaal, kg 10    &nbsp;  Kokku pandud HRV-s.\" \/>\n<meta property=\"og:url\" content=\"https:\/\/staging.genekas24.ee\/en\/product\/ats-seade-ks-ats-4-63d-inverter\/\" \/>\n<meta property=\"og:site_name\" content=\"Genekas24\" \/>\n<meta property=\"article:modified_time\" content=\"2025-12-10T09:34:59+00:00\" \/>\n<meta property=\"og:image\" content=\"https:\/\/staging.genekas24.ee\/wp-content\/uploads\/2024\/09\/ks-ats-4_63d-inverter-01.jpg\" \/>\n\t<meta property=\"og:image:width\" content=\"1600\" \/>\n\t<meta property=\"og:image:height\" content=\"1200\" \/>\n\t<meta property=\"og:image:type\" content=\"image\/jpeg\" \/>\n<meta name=\"twitter:card\" content=\"summary_large_image\" \/>\n<meta name=\"twitter:label1\" content=\"Estimated reading time\" \/>\n\t<meta name=\"twitter:data1\" content=\"1 minute\" \/>\n<script type=\"application\/ld+json\" class=\"yoast-schema-graph\">{\"@context\":\"https:\/\/schema.org\",\"@graph\":[{\"@type\":\"WebPage\",\"@id\":\"https:\/\/staging.genekas24.ee\/toode\/ats-seade-ks-ats-4-63d-inverter\/\",\"url\":\"https:\/\/staging.genekas24.ee\/toode\/ats-seade-ks-ats-4-63d-inverter\/\",\"name\":\"ATS-seade KS ATS 4\/63D-Inverter - Genekas24\",\"isPartOf\":{\"@id\":\"https:\/\/staging.genekas24.ee\/#website\"},\"primaryImageOfPage\":{\"@id\":\"https:\/\/staging.genekas24.ee\/toode\/ats-seade-ks-ats-4-63d-inverter\/#primaryimage\"},\"image\":{\"@id\":\"https:\/\/staging.genekas24.ee\/toode\/ats-seade-ks-ats-4-63d-inverter\/#primaryimage\"},\"thumbnailUrl\":\"https:\/\/staging.genekas24.ee\/wp-content\/uploads\/2024\/09\/ks-ats-4_63d-inverter-01.jpg\",\"datePublished\":\"2024-09-05T18:08:25+00:00\",\"dateModified\":\"2025-12-10T09:34:59+00:00\",\"breadcrumb\":{\"@id\":\"https:\/\/staging.genekas24.ee\/toode\/ats-seade-ks-ats-4-63d-inverter\/#breadcrumb\"},\"inLanguage\":\"en-GB\",\"potentialAction\":[{\"@type\":\"ReadAction\",\"target\":[\"https:\/\/staging.genekas24.ee\/toode\/ats-seade-ks-ats-4-63d-inverter\/\"]}]},{\"@type\":\"ImageObject\",\"inLanguage\":\"en-GB\",\"@id\":\"https:\/\/staging.genekas24.ee\/toode\/ats-seade-ks-ats-4-63d-inverter\/#primaryimage\",\"url\":\"https:\/\/staging.genekas24.ee\/wp-content\/uploads\/2024\/09\/ks-ats-4_63d-inverter-01.jpg\",\"contentUrl\":\"https:\/\/staging.genekas24.ee\/wp-content\/uploads\/2024\/09\/ks-ats-4_63d-inverter-01.jpg\",\"width\":1600,\"height\":1200},{\"@type\":\"BreadcrumbList\",\"@id\":\"https:\/\/staging.genekas24.ee\/toode\/ats-seade-ks-ats-4-63d-inverter\/#breadcrumb\",\"itemListElement\":[{\"@type\":\"ListItem\",\"position\":1,\"name\":\"Home\",\"item\":\"https:\/\/staging.genekas24.ee\/\"},{\"@type\":\"ListItem\",\"position\":2,\"name\":\"Pood\",\"item\":\"https:\/\/staging.genekas24.ee\/pood\/\"},{\"@type\":\"ListItem\",\"position\":3,\"name\":\"ATS-seade KS ATS 4\/63D-Inverter\"}]},{\"@type\":\"WebSite\",\"@id\":\"https:\/\/staging.genekas24.ee\/#website\",\"url\":\"https:\/\/staging.genekas24.ee\/\",\"name\":\"Genekas24\",\"description\":\"Generaatorid | K&ouml;nner S&ouml;hnen tooted | Genekas24\",\"publisher\":{\"@id\":\"https:\/\/staging.genekas24.ee\/#organization\"},\"potentialAction\":[{\"@type\":\"SearchAction\",\"target\":{\"@type\":\"EntryPoint\",\"urlTemplate\":\"https:\/\/staging.genekas24.ee\/?s={search_term_string}\"},\"query-input\":{\"@type\":\"PropertyValueSpecification\",\"valueRequired\":true,\"valueName\":\"search_term_string\"}}],\"inLanguage\":\"en-GB\"},{\"@type\":\"Organization\",\"@id\":\"https:\/\/staging.genekas24.ee\/#organization\",\"name\":\"Genekas24\",\"url\":\"https:\/\/staging.genekas24.ee\/\",\"logo\":{\"@type\":\"ImageObject\",\"inLanguage\":\"en-GB\",\"@id\":\"https:\/\/staging.genekas24.ee\/#\/schema\/logo\/image\/\",\"url\":\"https:\/\/staging.genekas24.ee\/wp-content\/uploads\/2026\/01\/genekas24-logo_black.svg\",\"contentUrl\":\"https:\/\/staging.genekas24.ee\/wp-content\/uploads\/2026\/01\/genekas24-logo_black.svg\",\"width\":840,\"height\":131,\"caption\":\"Genekas24\"},\"image\":{\"@id\":\"https:\/\/staging.genekas24.ee\/#\/schema\/logo\/image\/\"}}]}<\/script>\n<!-- \/ Yoast SEO plugin. -->","yoast_head_json":{"title":"ATS-seade KS ATS 4\/63D-Inverter - Genekas24","robots":{"index":"index","follow":"follow","max-snippet":"max-snippet:-1","max-image-preview":"max-image-preview:large","max-video-preview":"max-video-preview:-1"},"canonical":"https:\/\/staging.genekas24.ee\/en\/product\/ats-seade-ks-ats-4-63d-inverter\/","og_locale":"en_GB","og_type":"article","og_title":"ATS-seade KS ATS 4\/63D-Inverter - Genekas24","og_description":"Pinge 230V\/ 400V   V\u00f5imsus 230V, kW 14,5   V\u00f5imsus (max) 230 V, A 63   V\u00f5imsus 400V, kW 41,5   Vool (max) 400 V, A 63    T\u00f6\u00f6keskkond   alates -10\u00b0C kuni 55\u00b0C; \u00f5huniiskus: \u2a7d60%    S\u00e4ilituskeskkond alates-10\u00b0C kuni 70\u00b0C; \u00f5huniiskus: \u2a7d60%   IP kaitse klass IP21   Isolatsiooniklass F   Maksimaalne aku laadimisvool sisseehitatud toiteallikast, A 3A   Juhtkaabli pikkus, m 10   Neto m\u00f5\u00f5dud (PxLxK), mm 430 \u0445 195 \u0445 393   Bruto m\u00f5\u00f5dud (PxLxK), mm 450 \u0445 215 \u0445 415   Netokaal, kg 9,3   Brutokaal, kg 10    &nbsp;  Kokku pandud HRV-s.","og_url":"https:\/\/staging.genekas24.ee\/en\/product\/ats-seade-ks-ats-4-63d-inverter\/","og_site_name":"Genekas24","article_modified_time":"2025-12-10T09:34:59+00:00","og_image":[{"width":1600,"height":1200,"url":"https:\/\/staging.genekas24.ee\/wp-content\/uploads\/2024\/09\/ks-ats-4_63d-inverter-01.jpg","type":"image\/jpeg"}],"twitter_card":"summary_large_image","twitter_misc":{"Estimated reading time":"1 minute"},"schema":{"@context":"https:\/\/schema.org","@graph":[{"@type":"WebPage","@id":"https:\/\/staging.genekas24.ee\/toode\/ats-seade-ks-ats-4-63d-inverter\/","url":"https:\/\/staging.genekas24.ee\/toode\/ats-seade-ks-ats-4-63d-inverter\/","name":"ATS-seade KS ATS 4\/63D-Inverter - Genekas24","isPartOf":{"@id":"https:\/\/staging.genekas24.ee\/#website"},"primaryImageOfPage":{"@id":"https:\/\/staging.genekas24.ee\/toode\/ats-seade-ks-ats-4-63d-inverter\/#primaryimage"},"image":{"@id":"https:\/\/staging.genekas24.ee\/toode\/ats-seade-ks-ats-4-63d-inverter\/#primaryimage"},"thumbnailUrl":"https:\/\/staging.genekas24.ee\/wp-content\/uploads\/2024\/09\/ks-ats-4_63d-inverter-01.jpg","datePublished":"2024-09-05T18:08:25+00:00","dateModified":"2025-12-10T09:34:59+00:00","breadcrumb":{"@id":"https:\/\/staging.genekas24.ee\/toode\/ats-seade-ks-ats-4-63d-inverter\/#breadcrumb"},"inLanguage":"en-GB","potentialAction":[{"@type":"ReadAction","target":["https:\/\/staging.genekas24.ee\/toode\/ats-seade-ks-ats-4-63d-inverter\/"]}]},{"@type":"ImageObject","inLanguage":"en-GB","@id":"https:\/\/staging.genekas24.ee\/toode\/ats-seade-ks-ats-4-63d-inverter\/#primaryimage","url":"https:\/\/staging.genekas24.ee\/wp-content\/uploads\/2024\/09\/ks-ats-4_63d-inverter-01.jpg","contentUrl":"https:\/\/staging.genekas24.ee\/wp-content\/uploads\/2024\/09\/ks-ats-4_63d-inverter-01.jpg","width":1600,"height":1200},{"@type":"BreadcrumbList","@id":"https:\/\/staging.genekas24.ee\/toode\/ats-seade-ks-ats-4-63d-inverter\/#breadcrumb","itemListElement":[{"@type":"ListItem","position":1,"name":"Home","item":"https:\/\/staging.genekas24.ee\/"},{"@type":"ListItem","position":2,"name":"Pood","item":"https:\/\/staging.genekas24.ee\/pood\/"},{"@type":"ListItem","position":3,"name":"ATS-seade KS ATS 4\/63D-Inverter"}]},{"@type":"WebSite","@id":"https:\/\/staging.genekas24.ee\/#website","url":"https:\/\/staging.genekas24.ee\/","name":"Genekas24","description":"Generaatorid | K&ouml;nner S&ouml;hnen tooted | Genekas24","publisher":{"@id":"https:\/\/staging.genekas24.ee\/#organization"},"potentialAction":[{"@type":"SearchAction","target":{"@type":"EntryPoint","urlTemplate":"https:\/\/staging.genekas24.ee\/?s={search_term_string}"},"query-input":{"@type":"PropertyValueSpecification","valueRequired":true,"valueName":"search_term_string"}}],"inLanguage":"en-GB"},{"@type":"Organization","@id":"https:\/\/staging.genekas24.ee\/#organization","name":"Genekas24","url":"https:\/\/staging.genekas24.ee\/","logo":{"@type":"ImageObject","inLanguage":"en-GB","@id":"https:\/\/staging.genekas24.ee\/#\/schema\/logo\/image\/","url":"https:\/\/staging.genekas24.ee\/wp-content\/uploads\/2026\/01\/genekas24-logo_black.svg","contentUrl":"https:\/\/staging.genekas24.ee\/wp-content\/uploads\/2026\/01\/genekas24-logo_black.svg","width":840,"height":131,"caption":"Genekas24"},"image":{"@id":"https:\/\/staging.genekas24.ee\/#\/schema\/logo\/image\/"}}]}},"_links":{"self":[{"href":"https:\/\/staging.genekas24.ee\/en\/wp-json\/wp\/v2\/product\/16688","targetHints":{"allow":["GET"]}}],"collection":[{"href":"https:\/\/staging.genekas24.ee\/en\/wp-json\/wp\/v2\/product"}],"about":[{"href":"https:\/\/staging.genekas24.ee\/en\/wp-json\/wp\/v2\/types\/product"}],"version-history":[{"count":8,"href":"https:\/\/staging.genekas24.ee\/en\/wp-json\/wp\/v2\/product\/16688\/revisions"}],"predecessor-version":[{"id":21247,"href":"https:\/\/staging.genekas24.ee\/en\/wp-json\/wp\/v2\/product\/16688\/revisions\/21247"}],"wp:featuredmedia":[{"embeddable":true,"href":"https:\/\/staging.genekas24.ee\/en\/wp-json\/wp\/v2\/media\/16693"}],"wp:attachment":[{"href":"https:\/\/staging.genekas24.ee\/en\/wp-json\/wp\/v2\/media?parent=16688"}],"wp:term":[{"taxonomy":"product_brand","embeddable":true,"href":"https:\/\/staging.genekas24.ee\/en\/wp-json\/wp\/v2\/product_brand?post=16688"},{"taxonomy":"product_cat","embeddable":true,"href":"https:\/\/staging.genekas24.ee\/en\/wp-json\/wp\/v2\/product_cat?post=16688"},{"taxonomy":"product_tag","embeddable":true,"href":"https:\/\/staging.genekas24.ee\/en\/wp-json\/wp\/v2\/product_tag?post=16688"}],"curies":[{"name":"wp","href":"https:\/\/api.w.org\/{rel}","templated":true}]}}