{"id":16612,"date":"2024-07-08T09:44:04","date_gmt":"2024-07-08T09:44:04","guid":{"rendered":"https:\/\/staging.genekas24.ee\/?post_type=product&#038;p=16612"},"modified":"2025-12-08T15:01:03","modified_gmt":"2025-12-08T15:01:03","slug":"ats-seade-ks-ats-4-25-inverter","status":"publish","type":"product","link":"https:\/\/staging.genekas24.ee\/en\/product\/ks-ats-425-inverter\/","title":{"rendered":"Automatic Transfer Switch KS ATS 4\/25 Inverter"},"content":{"rendered":"<p>The KS ATS 4\/25 Inverter ATS (Automatic Transfer Switch) unit from the German brand \u201cK\u00f6nner &amp; S\u00f6hnen\u201d automatically starts the generator and transfers load to it when the main power source is turned off and automatically stops the generator when the central power supply is restored. It is compatible with the \"K\u00f6nner &amp; S\u00f6hnen\" KS 5500iES ATSR inverter generator with integrated 7-pin ATS connector. The ATS unit has a PLC for programming the engine starting time after power outage, the engine warm-up time before connecting power consumers as well as for signaling errors. It has a generator emergency stop button. The ATS unit can operate both in automatic and in manual mode.<\/p>\n<p><strong>PROGRAMMABLE LOGIC CONTROLLER OF THE ATS UNIT:<\/strong><\/p>\n<ul>\n<li>Universal design allows use in single-phase and three-phase networks<\/li>\n<li>Automatic\/manual operation<\/li>\n<li>Generator emergency stop button<\/li>\n<li>Keeps the battery charged<\/li>\n<li>7-pin control cable connector<\/li>\n<\/ul>\n<p>It is compatible with the \"K\u00f6nner &amp; S\u00f6hnen\" KS 5500iES ATSR inverter generator with integrated 7-pin ATS connector.<\/p>","protected":false},"excerpt":{"rendered":"<table>\n<tbody>\n<tr class=\"even\">\n<td width=\"60%\">Peak power demand, W<\/td>\n<td>in standby mode: 0.36 W, in operating mode: 1.2 W<\/td>\n<\/tr>\n<tr class=\"even\">\n<td width=\"60%\">Voltage<\/td>\n<td>230V\/ 400V<\/td>\n<\/tr>\n<tr class=\"odd\">\n<td>Power (230V), kW<\/td>\n<td>5.75 (11.5)<\/td>\n<\/tr>\n<tr class=\"even\">\n<td>Current (max) 230 V, A<\/td>\n<td>25(50)<\/td>\n<\/tr>\n<tr class=\"odd\">\n<td>Power 400V, kW<\/td>\n<td>13<\/td>\n<\/tr>\n<tr class=\"odd\">\n<td>Current (max) 400 V, A<\/td>\n<td>25<\/td>\n<\/tr>\n<tr class=\"odd\">\n<td>\n<div class=\"col-xs-6\">Working environment<\/div>\n<\/td>\n<td>\n<div class=\"attribute row\">\n<div class=\"col-xs-6\">from -10\u00b0C to +55\u00b0C; humidity: \u2a7d60%<\/div>\n<\/div>\n<\/td>\n<\/tr>\n<tr class=\"odd\">\n<td>Storage environment<\/td>\n<td>from -10\u00b0C to +70\u00b0C; humidity: \u2a7d60%<\/td>\n<\/tr>\n<tr class=\"odd\">\n<td>IP protection class<\/td>\n<td>IP41<\/td>\n<\/tr>\n<tr class=\"odd\">\n<td>Insulation class<\/td>\n<td>AC1.0KV \/ 1min 1mA<\/td>\n<\/tr>\n<tr class=\"odd\">\n<td>Maximum battery charging current from the built-in power supply, A<\/td>\n<td>2<\/td>\n<\/tr>\n<tr class=\"odd\">\n<td>Control cable length<\/td>\n<td>5m<\/td>\n<\/tr>\n<tr>\n<td>Net dimensions (LxWxH), mm<\/td>\n<td>250 \u0445 140 \u0445 320<\/td>\n<\/tr>\n<tr>\n<td>Gross dimensions (LxWxH), mm<\/td>\n<td>325 \u0445 200 \u0445 405<\/td>\n<\/tr>\n<tr>\n<td>Net weight, kg<\/td>\n<td>4.9<\/td>\n<\/tr>\n<tr>\n<td>Gross weight, kg<\/td>\n<td>5.75<\/td>\n<\/tr>\n<tr class=\"even\">\n<td>EAN code<\/td>\n<td>4260405365678<\/td>\n<\/tr>\n<\/tbody>\n<\/table>\n<p>&nbsp;<\/p>\n<p>Assembled in PRC.<\/p>","protected":false},"featured_media":16613,"template":"","meta":{"_acf_changed":false,"inline_featured_image":false},"product_brand":[],"product_cat":[158,156,181],"product_tag":[],"class_list":{"0":"post-16612","1":"product","2":"type-product","3":"status-publish","4":"has-post-thumbnail","6":"product_cat-ats-seadmed","7":"product_cat-generaatori-tarvikud","8":"product_cat-laos-olemas","9":"product_shipping_class-vaikepakk","10":"brand-konner-sohnen","12":"first","13":"instock","14":"taxable","15":"shipping-taxable","16":"purchasable","17":"product-type-simple"},"acf":[],"yoast_head":"<!-- This site is optimized with the Yoast SEO plugin v26.2 - https:\/\/yoast.com\/wordpress\/plugins\/seo\/ -->\n<title>ATS-seade KS ATS 4\/25 Inverter - Genekas24<\/title>\n<meta name=\"robots\" content=\"index, follow, max-snippet:-1, max-image-preview:large, max-video-preview:-1\" \/>\n<link rel=\"canonical\" href=\"https:\/\/staging.genekas24.ee\/en\/product\/ks-ats-425-inverter\/\" \/>\n<meta property=\"og:locale\" content=\"en_GB\" \/>\n<meta property=\"og:type\" content=\"article\" \/>\n<meta property=\"og:title\" content=\"ATS-seade KS ATS 4\/25 Inverter - Genekas24\" \/>\n<meta property=\"og:description\" content=\"Tippv\u00f5imsuse n\u00f5udlus, W ootere\u017eiimis: 0,36 W, t\u00f6\u00f6re\u017eiimis: 1,2 W   Pinge 230V\/ 400V   V\u00f5imsus 230V, kW 5.75 (11.5)   V\u00f5imsus (max) 230 V, A 25(50)   V\u00f5imsus 400V, kW 13   Vool (max) 400 V, A 25    T\u00f6\u00f6keskkond   from -10\u00b0C to 55\u00b0C; humidity: \u2a7d60%    S\u00e4ilituskeskkond from -10\u00b0C to 70\u00b0C; humidity: \u2a7d60%   IP kaitse klass IP41   Isolatsiooniklass AC1.0KV \/ 1min 1mA   Maksimaalne aku laadimisvool sisseehitatud toiteallikast, A 2   Juhtkaabli pikkus 5m   Neto m\u00f5\u00f5dud (PxLxK), mm 250 \u0445 140 \u0445 320   Bruto m\u00f5\u00f5dud (PxLxK), mm 325 \u0445 200 \u0445 405   Netokaal, kg 4.9   Brutokaal, kg 5.75   EAN kood 4260405365678    &nbsp;  Kokku pandud HRV-s.\" \/>\n<meta property=\"og:url\" content=\"https:\/\/staging.genekas24.ee\/en\/product\/ks-ats-425-inverter\/\" \/>\n<meta property=\"og:site_name\" content=\"Genekas24\" \/>\n<meta property=\"article:modified_time\" content=\"2025-12-08T15:01:03+00:00\" \/>\n<meta property=\"og:image\" content=\"https:\/\/staging.genekas24.ee\/wp-content\/uploads\/2024\/07\/ks-ats-4-25-inverter-01-1.jpg\" \/>\n\t<meta property=\"og:image:width\" content=\"1600\" \/>\n\t<meta property=\"og:image:height\" content=\"1200\" \/>\n\t<meta property=\"og:image:type\" content=\"image\/jpeg\" \/>\n<meta name=\"twitter:card\" content=\"summary_large_image\" \/>\n<meta name=\"twitter:label1\" content=\"Estimated reading time\" \/>\n\t<meta name=\"twitter:data1\" content=\"1 minute\" \/>\n<script type=\"application\/ld+json\" class=\"yoast-schema-graph\">{\"@context\":\"https:\/\/schema.org\",\"@graph\":[{\"@type\":\"WebPage\",\"@id\":\"https:\/\/staging.genekas24.ee\/toode\/ats-seade-ks-ats-4-25-inverter\/\",\"url\":\"https:\/\/staging.genekas24.ee\/toode\/ats-seade-ks-ats-4-25-inverter\/\",\"name\":\"ATS-seade KS ATS 4\/25 Inverter - Genekas24\",\"isPartOf\":{\"@id\":\"https:\/\/staging.genekas24.ee\/#website\"},\"primaryImageOfPage\":{\"@id\":\"https:\/\/staging.genekas24.ee\/toode\/ats-seade-ks-ats-4-25-inverter\/#primaryimage\"},\"image\":{\"@id\":\"https:\/\/staging.genekas24.ee\/toode\/ats-seade-ks-ats-4-25-inverter\/#primaryimage\"},\"thumbnailUrl\":\"https:\/\/staging.genekas24.ee\/wp-content\/uploads\/2024\/07\/ks-ats-4-25-inverter-01-1.jpg\",\"datePublished\":\"2024-07-08T09:44:04+00:00\",\"dateModified\":\"2025-12-08T15:01:03+00:00\",\"breadcrumb\":{\"@id\":\"https:\/\/staging.genekas24.ee\/toode\/ats-seade-ks-ats-4-25-inverter\/#breadcrumb\"},\"inLanguage\":\"en-GB\",\"potentialAction\":[{\"@type\":\"ReadAction\",\"target\":[\"https:\/\/staging.genekas24.ee\/toode\/ats-seade-ks-ats-4-25-inverter\/\"]}]},{\"@type\":\"ImageObject\",\"inLanguage\":\"en-GB\",\"@id\":\"https:\/\/staging.genekas24.ee\/toode\/ats-seade-ks-ats-4-25-inverter\/#primaryimage\",\"url\":\"https:\/\/staging.genekas24.ee\/wp-content\/uploads\/2024\/07\/ks-ats-4-25-inverter-01-1.jpg\",\"contentUrl\":\"https:\/\/staging.genekas24.ee\/wp-content\/uploads\/2024\/07\/ks-ats-4-25-inverter-01-1.jpg\",\"width\":1600,\"height\":1200},{\"@type\":\"BreadcrumbList\",\"@id\":\"https:\/\/staging.genekas24.ee\/toode\/ats-seade-ks-ats-4-25-inverter\/#breadcrumb\",\"itemListElement\":[{\"@type\":\"ListItem\",\"position\":1,\"name\":\"Home\",\"item\":\"https:\/\/staging.genekas24.ee\/\"},{\"@type\":\"ListItem\",\"position\":2,\"name\":\"Pood\",\"item\":\"https:\/\/staging.genekas24.ee\/pood\/\"},{\"@type\":\"ListItem\",\"position\":3,\"name\":\"ATS-seade KS ATS 4\/25 Inverter\"}]},{\"@type\":\"WebSite\",\"@id\":\"https:\/\/staging.genekas24.ee\/#website\",\"url\":\"https:\/\/staging.genekas24.ee\/\",\"name\":\"Genekas24\",\"description\":\"Generaatorid | K&ouml;nner S&ouml;hnen tooted | Genekas24\",\"publisher\":{\"@id\":\"https:\/\/staging.genekas24.ee\/#organization\"},\"potentialAction\":[{\"@type\":\"SearchAction\",\"target\":{\"@type\":\"EntryPoint\",\"urlTemplate\":\"https:\/\/staging.genekas24.ee\/?s={search_term_string}\"},\"query-input\":{\"@type\":\"PropertyValueSpecification\",\"valueRequired\":true,\"valueName\":\"search_term_string\"}}],\"inLanguage\":\"en-GB\"},{\"@type\":\"Organization\",\"@id\":\"https:\/\/staging.genekas24.ee\/#organization\",\"name\":\"Genekas24\",\"url\":\"https:\/\/staging.genekas24.ee\/\",\"logo\":{\"@type\":\"ImageObject\",\"inLanguage\":\"en-GB\",\"@id\":\"https:\/\/staging.genekas24.ee\/#\/schema\/logo\/image\/\",\"url\":\"https:\/\/staging.genekas24.ee\/wp-content\/uploads\/2026\/01\/genekas24-logo_black.svg\",\"contentUrl\":\"https:\/\/staging.genekas24.ee\/wp-content\/uploads\/2026\/01\/genekas24-logo_black.svg\",\"width\":840,\"height\":131,\"caption\":\"Genekas24\"},\"image\":{\"@id\":\"https:\/\/staging.genekas24.ee\/#\/schema\/logo\/image\/\"}}]}<\/script>\n<!-- \/ Yoast SEO plugin. -->","yoast_head_json":{"title":"Automatic Transfer Switch KS ATS 4\/25 Inverter","robots":{"index":"index","follow":"follow","max-snippet":"max-snippet:-1","max-image-preview":"max-image-preview:large","max-video-preview":"max-video-preview:-1"},"canonical":"https:\/\/staging.genekas24.ee\/en\/product\/ks-ats-425-inverter\/","og_locale":"en_GB","og_type":"article","og_title":"ATS-seade KS ATS 4\/25 Inverter - Genekas24","og_description":"Tippv\u00f5imsuse n\u00f5udlus, W ootere\u017eiimis: 0,36 W, t\u00f6\u00f6re\u017eiimis: 1,2 W   Pinge 230V\/ 400V   V\u00f5imsus 230V, kW 5.75 (11.5)   V\u00f5imsus (max) 230 V, A 25(50)   V\u00f5imsus 400V, kW 13   Vool (max) 400 V, A 25    T\u00f6\u00f6keskkond   from -10\u00b0C to 55\u00b0C; humidity: \u2a7d60%    S\u00e4ilituskeskkond from -10\u00b0C to 70\u00b0C; humidity: \u2a7d60%   IP kaitse klass IP41   Isolatsiooniklass AC1.0KV \/ 1min 1mA   Maksimaalne aku laadimisvool sisseehitatud toiteallikast, A 2   Juhtkaabli pikkus 5m   Neto m\u00f5\u00f5dud (PxLxK), mm 250 \u0445 140 \u0445 320   Bruto m\u00f5\u00f5dud (PxLxK), mm 325 \u0445 200 \u0445 405   Netokaal, kg 4.9   Brutokaal, kg 5.75   EAN kood 4260405365678    &nbsp;  Kokku pandud HRV-s.","og_url":"https:\/\/staging.genekas24.ee\/en\/product\/ks-ats-425-inverter\/","og_site_name":"Genekas24","article_modified_time":"2025-12-08T15:01:03+00:00","og_image":[{"width":1600,"height":1200,"url":"https:\/\/staging.genekas24.ee\/wp-content\/uploads\/2024\/07\/ks-ats-4-25-inverter-01-1.jpg","type":"image\/jpeg"}],"twitter_card":"summary_large_image","twitter_misc":{"Estimated reading time":"1 minute"},"schema":{"@context":"https:\/\/schema.org","@graph":[{"@type":"WebPage","@id":"https:\/\/staging.genekas24.ee\/toode\/ats-seade-ks-ats-4-25-inverter\/","url":"https:\/\/staging.genekas24.ee\/toode\/ats-seade-ks-ats-4-25-inverter\/","name":"Automatic Transfer Switch KS ATS 4\/25 Inverter","isPartOf":{"@id":"https:\/\/staging.genekas24.ee\/#website"},"primaryImageOfPage":{"@id":"https:\/\/staging.genekas24.ee\/toode\/ats-seade-ks-ats-4-25-inverter\/#primaryimage"},"image":{"@id":"https:\/\/staging.genekas24.ee\/toode\/ats-seade-ks-ats-4-25-inverter\/#primaryimage"},"thumbnailUrl":"https:\/\/staging.genekas24.ee\/wp-content\/uploads\/2024\/07\/ks-ats-4-25-inverter-01-1.jpg","datePublished":"2024-07-08T09:44:04+00:00","dateModified":"2025-12-08T15:01:03+00:00","breadcrumb":{"@id":"https:\/\/staging.genekas24.ee\/toode\/ats-seade-ks-ats-4-25-inverter\/#breadcrumb"},"inLanguage":"en-GB","potentialAction":[{"@type":"ReadAction","target":["https:\/\/staging.genekas24.ee\/toode\/ats-seade-ks-ats-4-25-inverter\/"]}]},{"@type":"ImageObject","inLanguage":"en-GB","@id":"https:\/\/staging.genekas24.ee\/toode\/ats-seade-ks-ats-4-25-inverter\/#primaryimage","url":"https:\/\/staging.genekas24.ee\/wp-content\/uploads\/2024\/07\/ks-ats-4-25-inverter-01-1.jpg","contentUrl":"https:\/\/staging.genekas24.ee\/wp-content\/uploads\/2024\/07\/ks-ats-4-25-inverter-01-1.jpg","width":1600,"height":1200},{"@type":"BreadcrumbList","@id":"https:\/\/staging.genekas24.ee\/toode\/ats-seade-ks-ats-4-25-inverter\/#breadcrumb","itemListElement":[{"@type":"ListItem","position":1,"name":"Home","item":"https:\/\/staging.genekas24.ee\/"},{"@type":"ListItem","position":2,"name":"Pood","item":"https:\/\/staging.genekas24.ee\/pood\/"},{"@type":"ListItem","position":3,"name":"ATS-seade KS ATS 4\/25 Inverter"}]},{"@type":"WebSite","@id":"https:\/\/staging.genekas24.ee\/#website","url":"https:\/\/staging.genekas24.ee\/","name":"Genekas24","description":"Generaatorid | K&ouml;nner S&ouml;hnen tooted | Genekas24","publisher":{"@id":"https:\/\/staging.genekas24.ee\/#organization"},"potentialAction":[{"@type":"SearchAction","target":{"@type":"EntryPoint","urlTemplate":"https:\/\/staging.genekas24.ee\/?s={search_term_string}"},"query-input":{"@type":"PropertyValueSpecification","valueRequired":true,"valueName":"search_term_string"}}],"inLanguage":"en-GB"},{"@type":"Organization","@id":"https:\/\/staging.genekas24.ee\/#organization","name":"Genekas24","url":"https:\/\/staging.genekas24.ee\/","logo":{"@type":"ImageObject","inLanguage":"en-GB","@id":"https:\/\/staging.genekas24.ee\/#\/schema\/logo\/image\/","url":"https:\/\/staging.genekas24.ee\/wp-content\/uploads\/2026\/01\/genekas24-logo_black.svg","contentUrl":"https:\/\/staging.genekas24.ee\/wp-content\/uploads\/2026\/01\/genekas24-logo_black.svg","width":840,"height":131,"caption":"Genekas24"},"image":{"@id":"https:\/\/staging.genekas24.ee\/#\/schema\/logo\/image\/"}}]}},"_links":{"self":[{"href":"https:\/\/staging.genekas24.ee\/en\/wp-json\/wp\/v2\/product\/16612","targetHints":{"allow":["GET"]}}],"collection":[{"href":"https:\/\/staging.genekas24.ee\/en\/wp-json\/wp\/v2\/product"}],"about":[{"href":"https:\/\/staging.genekas24.ee\/en\/wp-json\/wp\/v2\/types\/product"}],"version-history":[{"count":4,"href":"https:\/\/staging.genekas24.ee\/en\/wp-json\/wp\/v2\/product\/16612\/revisions"}],"predecessor-version":[{"id":20454,"href":"https:\/\/staging.genekas24.ee\/en\/wp-json\/wp\/v2\/product\/16612\/revisions\/20454"}],"wp:featuredmedia":[{"embeddable":true,"href":"https:\/\/staging.genekas24.ee\/en\/wp-json\/wp\/v2\/media\/16613"}],"wp:attachment":[{"href":"https:\/\/staging.genekas24.ee\/en\/wp-json\/wp\/v2\/media?parent=16612"}],"wp:term":[{"taxonomy":"product_brand","embeddable":true,"href":"https:\/\/staging.genekas24.ee\/en\/wp-json\/wp\/v2\/product_brand?post=16612"},{"taxonomy":"product_cat","embeddable":true,"href":"https:\/\/staging.genekas24.ee\/en\/wp-json\/wp\/v2\/product_cat?post=16612"},{"taxonomy":"product_tag","embeddable":true,"href":"https:\/\/staging.genekas24.ee\/en\/wp-json\/wp\/v2\/product_tag?post=16612"}],"curies":[{"name":"wp","href":"https:\/\/api.w.org\/{rel}","templated":true}]}}