{"id":16580,"date":"2024-07-08T09:07:19","date_gmt":"2024-07-08T09:07:19","guid":{"rendered":"https:\/\/staging.genekas24.ee\/?post_type=product&#038;p=16580"},"modified":"2025-12-31T11:19:09","modified_gmt":"2025-12-31T11:19:09","slug":"invertergeneraator-ks-5500ie-s-atsr","status":"publish","type":"product","link":"https:\/\/staging.genekas24.ee\/en\/product\/inverter-generator-ks-5500ies-atsr\/","title":{"rendered":"Inverter generator KS 5500iES ATSR"},"content":{"rendered":"<p>The KS 5500iEG S LPG\/gasoline inverter generator of the German brand \u201cK\u00f6nner &amp; S\u00f6hnen\u201d is a convenient and compact source of electric power with a low noise level. One of the main features of this model is that it produces electric current with the pure sine wave.<\/p>\n<p>All models are based on robust engines, which meet all European quality standards, including EURO V. Engines of K&amp;S inverter generators have an Economy mode, which allows using the generator at low speeds and reduces fuel consumption by up to 50%. Alternator with copper winding and high-performance K&amp;S engine guarantee trouble-free and long-term operation and meet all European quality standards. The LED display makes it possible to monitor the operation of the generator and to carry out its maintenance in time.<\/p>\n<table>\n<tbody>\n<tr class=\"even\">\n<td><img fetchpriority=\"high\" decoding=\"async\" class=\"alignnone size-medium wp-image-2887\" src=\"https:\/\/staging.genekas24.ee\/wp-content\/uploads\/2021\/12\/Pure-sine-wave-300x237.jpg\" alt=\"\" width=\"300\" height=\"237\" srcset=\"https:\/\/staging.genekas24.ee\/wp-content\/uploads\/2021\/12\/Pure-sine-wave-300x237.jpg 300w, https:\/\/staging.genekas24.ee\/wp-content\/uploads\/2021\/12\/Pure-sine-wave-600x474.jpg 600w, https:\/\/staging.genekas24.ee\/wp-content\/uploads\/2021\/12\/Pure-sine-wave-768x607.jpg 768w, https:\/\/staging.genekas24.ee\/wp-content\/uploads\/2021\/12\/Pure-sine-wave-15x12.jpg 15w, https:\/\/staging.genekas24.ee\/wp-content\/uploads\/2021\/12\/Pure-sine-wave.jpg 1013w\" sizes=\"(max-width: 300px) 100vw, 300px\" \/><\/td>\n<td>\n<p class=\"h3\"><strong>PURE SINE WAVE<\/strong><\/p>\n<p class=\"h3\">The built-in electronic unit with microprocessor control monitors the operation of the generator and provides a stable output voltage of 230V 50Hz sinusoidal form, which is suitable for the reliable operation of sensitive electronics.<\/p>\n<\/td>\n<\/tr>\n<tr class=\"even\">\n<td><img decoding=\"async\" class=\"alignnone wp-image-10181 size-medium\" src=\"https:\/\/staging.genekas24.ee\/wp-content\/uploads\/2023\/03\/dvigun-300x300.png\" alt=\"\" width=\"300\" height=\"300\" \/><\/td>\n<td><strong>ROBUST ENGINE<\/strong><\/p>\n<p>The K\u00f6nner &amp; S\u00f6hnen reliable engine is characterized by increased durability, long and stable operation, and meets all European quality standards, including EURO V.<\/td>\n<\/tr>\n<tr class=\"even\">\n<td><img decoding=\"async\" class=\"alignnone wp-image-10370 size-medium\" src=\"https:\/\/staging.genekas24.ee\/wp-content\/uploads\/2023\/03\/ks-6000ie-s_eco-mode-300x300.jpg\" alt=\"\" width=\"300\" height=\"300\" \/><\/td>\n<td><strong>ECONOMY MODE<\/strong><\/p>\n<p>The ergonomic control panel is equipped with a fuel economy mode switch. This mode reduces fuel consumption by up to 50% at small loads due to lower engine revolutions.<\/td>\n<\/tr>\n<tr class=\"even\">\n<td><img loading=\"lazy\" decoding=\"async\" class=\"alignnone wp-image-10964 size-medium\" src=\"https:\/\/staging.genekas24.ee\/wp-content\/uploads\/2023\/03\/ks-6000ie-s-ats_built-in-ats-300x300.jpg\" alt=\"\" width=\"300\" height=\"300\" \/><\/td>\n<td>\n<div class=\"feature-title\">\n<div class=\"feature-title\">\n<p><strong>AUTOMATIC TRANSFER SWITCH<\/strong><\/p>\n<p>ATS (Automatic Transfer Switch) seade k\u00e4ivitab automaatselt generaatori ja edastab sellele koormuse, kui p\u00f5hitoiteallikas on lahti \u00fchendatud, ning peatab generaatori automaatselt, kui tsentraalne toiteallikas taastub. ATS-v\u00e4ljundil on 7-kontaktiline pistik ATS-seadme KS ATS 4\/25 inverteri \u00fchendamiseks.<\/p>\n<\/div>\n<\/div>\n<\/td>\n<\/tr>\n<tr class=\"odd\">\n<td><img loading=\"lazy\" decoding=\"async\" class=\"alignnone wp-image-10382 size-medium\" src=\"https:\/\/staging.genekas24.ee\/wp-content\/uploads\/2023\/03\/ks-6000ie-s_panel-300x300.jpg\" alt=\"\" width=\"300\" height=\"300\" \/><\/td>\n<td>\n<p class=\"h3\"><strong>ERGONOMIC CONTROL PANEL<\/strong><\/p>\n<p class=\"h3\">Convenient location of all functions: multifunction LED display (hour meter, frequency, voltage), working mode indicator, overload and short circuit protection, low oil level sensor, Reset button to reset the control system and restore voltage supply, connector for parallel connection of generators, two USB outputs (5V\/1A, 5V\/2.1A) for a wide range of gadgets, 230 V sockets and grounding terminal.<\/p>\n<\/td>\n<\/tr>\n<tr class=\"even\">\n<td><img loading=\"lazy\" decoding=\"async\" class=\"alignnone wp-image-10388 size-medium\" src=\"https:\/\/staging.genekas24.ee\/wp-content\/uploads\/2023\/03\/ks-6000ie-s_soundproof-300x300.jpg\" alt=\"\" width=\"300\" height=\"300\" \/><\/td>\n<td>\n<p class=\"h3\"><strong>LOW NOISE LEVEL<\/strong><\/p>\n<p class=\"h3\">T\u00e4nu spetsiaalsele kaitsekorpusele, mis tagab minimaalse m\u00fcrataseme 66 dB, on seadme t\u00f6\u00f6 v\u00f5imalikult mugav ega h\u00e4iri teisi.\u00a0Toode on varustatud transpordis\u00fcsteemiga.<\/p>\n<\/td>\n<\/tr>\n<tr class=\"odd\">\n<td><img loading=\"lazy\" decoding=\"async\" class=\"alignnone wp-image-10193 size-medium\" src=\"https:\/\/staging.genekas24.ee\/wp-content\/uploads\/2023\/03\/alternator-inverter-300x300.png\" alt=\"\" width=\"300\" height=\"300\" \/><\/td>\n<td>\n<p class=\"h3\"><strong>HIGH QUALITY ALTERNATOR<\/strong><\/p>\n<p class=\"h3\">TM K\u00f6nner &amp; S\u00f6hnen generators are equipped with a high-end synchronous alternator with 100% copper winding. It is only the copper winding that can withstand maximum loads without any damage to ensure long-term reliable operation of the generator set.<\/p>\n<\/td>\n<\/tr>\n<tr class=\"even\">\n<td><img decoding=\"async\" src=\"C:\\Users\\buss1\\OneDrive\\Desktop\\T\u00f6\u00f6\\Uuued tooted\\Inverterid\\KS 5500iES ATSR\\Features\\Features Pildid\" alt=\"\" \/>\u00a0<img loading=\"lazy\" decoding=\"async\" class=\"alignnone size-medium wp-image-16583\" src=\"https:\/\/staging.genekas24.ee\/wp-content\/uploads\/2024\/07\/ks5500-inverter-parallel-300x300.jpg\" alt=\"\" width=\"300\" height=\"300\" srcset=\"https:\/\/staging.genekas24.ee\/wp-content\/uploads\/2024\/07\/ks5500-inverter-parallel-300x300.jpg 300w, https:\/\/staging.genekas24.ee\/wp-content\/uploads\/2024\/07\/ks5500-inverter-parallel-150x150.jpg 150w, https:\/\/staging.genekas24.ee\/wp-content\/uploads\/2024\/07\/ks5500-inverter-parallel-768x768.jpg 768w, https:\/\/staging.genekas24.ee\/wp-content\/uploads\/2024\/07\/ks5500-inverter-parallel-12x12.jpg 12w, https:\/\/staging.genekas24.ee\/wp-content\/uploads\/2024\/07\/ks5500-inverter-parallel-600x600.jpg 600w, https:\/\/staging.genekas24.ee\/wp-content\/uploads\/2024\/07\/ks5500-inverter-parallel-100x100.jpg 100w, https:\/\/staging.genekas24.ee\/wp-content\/uploads\/2024\/07\/ks5500-inverter-parallel.jpg 1000w\" sizes=\"(max-width: 300px) 100vw, 300px\" \/><\/td>\n<td>\n<p class=\"h3\"><strong>PARALLEELS\u00dcHEND<\/strong><\/p>\n<p class=\"h3\">Kahe generaatori paralleel\u00fchenduse v\u00f5imalus koguv\u00f5imsuse suurendamiseks ja v\u00f5imsamate seadmete kasutamise v\u00f5imalus. Komplektis oleva paralleel\u00fchenduse kaabliga saate \u00fchendada kaks invertergeneraatorit ja saada v\u00e4ljundv\u00f5imsust, mis on v\u00f5rdne nende mudelite nimiv\u00f5imsuse summaga.<\/p>\n<\/td>\n<\/tr>\n<tr class=\"odd\">\n<td><img loading=\"lazy\" decoding=\"async\" class=\"alignnone size-medium wp-image-16582\" src=\"https:\/\/staging.genekas24.ee\/wp-content\/uploads\/2024\/07\/ks-5500ie-s-atsr_kit-300x300.jpg\" alt=\"\" width=\"300\" height=\"300\" srcset=\"https:\/\/staging.genekas24.ee\/wp-content\/uploads\/2024\/07\/ks-5500ie-s-atsr_kit-300x300.jpg 300w, https:\/\/staging.genekas24.ee\/wp-content\/uploads\/2024\/07\/ks-5500ie-s-atsr_kit-150x150.jpg 150w, https:\/\/staging.genekas24.ee\/wp-content\/uploads\/2024\/07\/ks-5500ie-s-atsr_kit-768x768.jpg 768w, https:\/\/staging.genekas24.ee\/wp-content\/uploads\/2024\/07\/ks-5500ie-s-atsr_kit-12x12.jpg 12w, https:\/\/staging.genekas24.ee\/wp-content\/uploads\/2024\/07\/ks-5500ie-s-atsr_kit-600x600.jpg 600w, https:\/\/staging.genekas24.ee\/wp-content\/uploads\/2024\/07\/ks-5500ie-s-atsr_kit-100x100.jpg 100w, https:\/\/staging.genekas24.ee\/wp-content\/uploads\/2024\/07\/ks-5500ie-s-atsr_kit.jpg 1000w\" sizes=\"(max-width: 300px) 100vw, 300px\" \/><\/td>\n<td><strong>ACCESSORIES SET<\/strong><br \/>\nGeneraator on varustatud lisatarvikutega: s\u00fc\u00fctek\u00fc\u00fcnla mutriv\u00f5ti, t\u00e4itelehter, paralleel\u00fchenduskaabel, 16 \u0410 Schuko pistik, PH2 kruvikeeraja 6,0 mm, 32 \u0410 CEE pistik.<\/td>\n<\/tr>\n<\/tbody>\n<\/table>","protected":false},"excerpt":{"rendered":"<table>\n<tbody>\n<tr class=\"even\">\n<td width=\"60%\">Voltage<\/td>\n<td>230<\/td>\n<\/tr>\n<tr class=\"odd\">\n<td>\n<div class=\"col-xs-6\">Max power, kW<\/div>\n<\/td>\n<td>5.5<\/td>\n<\/tr>\n<tr class=\"even\">\n<td>\n<div class=\"col-xs-6\">Nominal power, kW<\/div>\n<\/td>\n<td>\n<div class=\"attribute row\">\n<div class=\"col-xs-6\">5.0<\/div>\n<\/div>\n<\/td>\n<\/tr>\n<tr class=\"odd\">\n<td>\n<div class=\"col-xs-6\">Frequency, Hz<\/div>\n<\/td>\n<td>50<\/td>\n<\/tr>\n<tr class=\"even\">\n<td>\n<div class=\"col-xs-6\">Current (max), \u0410<\/div>\n<\/td>\n<td>23.9<\/td>\n<\/tr>\n<tr class=\"odd\">\n<td>Outlets<\/td>\n<td>\n<div class=\"attribute row\">\n<div class=\"col-xs-6\">\n<div class=\"attribute row\">\n<div class=\"col-xs-6\">\n<div class=\"attribute row\">\n<div class=\"col-xs-6\">1 x Schuko 230V, 1 x CEE 230 V 32 A<\/div>\n<\/div>\n<\/div>\n<\/div>\n<\/div>\n<\/div>\n<\/td>\n<\/tr>\n<tr class=\"even\">\n<td>\n<div class=\"col-xs-6\">Engine start<\/div>\n<\/td>\n<td>\n<div class=\"attribute row\">\n<div class=\"col-xs-6\">Manual\/electric<\/div>\n<\/div>\n<\/td>\n<\/tr>\n<tr class=\"odd\">\n<td>\n<div class=\"col-xs-6\">Fuel tank volume, l<\/div>\n<\/td>\n<td>\n<div class=\"attribute row\">\n<div class=\"col-xs-6\">13.5<\/div>\n<\/div>\n<\/td>\n<\/tr>\n<tr class=\"even\">\n<td>LED display<\/td>\n<td>\n<div class=\"attribute row\">\n<div class=\"col-xs-6\">Load, fuel level, voltage, frequency, working hours; overload indicator, voltage indicator, oil level indicator.<\/div>\n<\/div>\n<\/td>\n<\/tr>\n<tr class=\"odd\">\n<td>Noise level Lpa (7m)\/Lwa, dB<\/td>\n<td>\n<div class=\"attribute row\">\n<div class=\"col-xs-6\">66\/91<\/div>\n<\/div>\n<\/td>\n<\/tr>\n<tr class=\"even\">\n<td>Engine model<\/td>\n<td>KS 330i<\/td>\n<\/tr>\n<tr class=\"odd\">\n<td>Engine cylinder volume, cm3<\/td>\n<td>312<\/td>\n<\/tr>\n<tr class=\"even\">\n<td>Engine type<\/td>\n<td>\n<div class=\"attribute row\">\n<div class=\"col-xs-6\">Gasoline powered one-cylinder, four-stroke air-cooled<\/div>\n<\/div>\n<\/td>\n<\/tr>\n<tr class=\"odd\">\n<td>Engine power, hp<\/td>\n<td>9.5<\/td>\n<\/tr>\n<tr class=\"even\">\n<td>Possibility of parallel connection<\/td>\n<td>+<\/td>\n<\/tr>\n<tr class=\"odd\">\n<td>Output for ATS<\/td>\n<td>\n<div class=\"attribute row\">\n<div class=\"col-xs-6\">A+<\/div>\n<\/div>\n<\/td>\n<\/tr>\n<tr class=\"even\">\n<td>Crank case volume, L<\/td>\n<td>\n<div class=\"attribute row\">\n<div class=\"col-xs-6\">0.85<\/div>\n<\/div>\n<\/td>\n<\/tr>\n<tr class=\"even\">\n<td>\n<div class=\"col-xs-6\">Accumulator, A\u00b7h<\/div>\n<\/td>\n<td>\n<div class=\"attribute row\">\n<div class=\"col-xs-6\">\n<div class=\"attribute row\">\n<div class=\"col-xs-6\">1.6<\/div>\n<\/div>\n<\/div>\n<\/div>\n<\/td>\n<\/tr>\n<tr class=\"even\">\n<td>\n<div class=\"col-xs-6\">Alternator winding<\/div>\n<\/td>\n<td>\n<div class=\"attribute row\">\n<div class=\"col-xs-6\">Copper<\/div>\n<\/div>\n<\/td>\n<\/tr>\n<tr>\n<td>\n<div class=\"col-xs-6\">Protection class<\/div>\n<\/td>\n<td>\n<div class=\"attribute row\">\n<div class=\"col-xs-6\">IP23M<\/div>\n<\/div>\n<\/td>\n<\/tr>\n<tr class=\"odd\">\n<td>Bruto m\u00f5\u00f5dud\u00a0(LxWxH), mm<\/td>\n<td>680\u0445510\u0445605<\/td>\n<\/tr>\n<tr class=\"even\">\n<td>Net weight, kg<\/td>\n<td>52<\/td>\n<\/tr>\n<tr class=\"odd\">\n<td>Gross weight, kg<\/td>\n<td>57.8<\/td>\n<\/tr>\n<tr class=\"even\">\n<td>EAN code<\/td>\n<td>4260405365579<\/td>\n<\/tr>\n<\/tbody>\n<\/table>\n<p>Assembled in PRC.<\/p>\n<p>*** Fuel consumption depends on many factors, such as load, fuel quality, season, altitude, technical condition of the generator.<\/p>","protected":false},"featured_media":17664,"template":"","meta":{"_acf_changed":false,"inline_featured_image":false},"product_brand":[],"product_cat":[179,94,23],"product_tag":[],"class_list":{"0":"post-16580","1":"product","2":"type-product","3":"status-publish","4":"has-post-thumbnail","6":"product_cat-allahinnatud","7":"product_cat-generaatorid","8":"product_cat-invertergeneraatorid","9":"product_shipping_class-poolalus","10":"brand-konner-sohnen","12":"first","13":"onbackorder","14":"sale","15":"sold-individually","16":"taxable","17":"shipping-taxable","18":"purchasable","19":"product-type-simple"},"acf":[],"yoast_head":"<!-- This site is optimized with the Yoast SEO plugin v26.2 - https:\/\/yoast.com\/wordpress\/plugins\/seo\/ -->\n<title>Invertergeneraator KS 5500iE S ATSR - Genekas24<\/title>\n<meta name=\"robots\" content=\"index, follow, max-snippet:-1, max-image-preview:large, max-video-preview:-1\" \/>\n<link rel=\"canonical\" href=\"https:\/\/staging.genekas24.ee\/en\/product\/inverter-generator-ks-5500ies-atsr\/\" \/>\n<meta property=\"og:locale\" content=\"en_GB\" \/>\n<meta property=\"og:type\" content=\"article\" \/>\n<meta property=\"og:title\" content=\"Invertergeneraator KS 5500iE S ATSR - Genekas24\" \/>\n<meta property=\"og:description\" content=\"Pinge 230    Max v\u00f5imsus, kW 5.5    Nominaalne v\u00f5imsus, kW   5.0     Sagedus, Hz 50    Vool (max), \u0410 23.9   Pistikupesad       1 x Schuko 230V, 1 x CEE 230 V 32 A         Mootori k\u00e4ivitamine   Manuaalne\/elektriline     K\u00fctusepaagi maht, l   13.5    LED-ekraan   Koormus, k\u00fctusetase, pinge, sagedus, t\u00f6\u00f6aeg; \u00fclekoormuse indikaator, pingeindikaator, \u00f5litaseme indikaator    M\u00fcratase Lpa (7m)\/Lwa, dB   66\/91    Mootori mudel KS 330i   Mootori silindri maht, cm3 312   Mootori t\u00fc\u00fcp   Bensiinimootoriga \u00fchesilindriline, neljataktiline, \u00f5hkjahutusega    Mootori v\u00f5imus, hp 9.5   Paralleel\u00fchenduse v\u00f5imalus +   ATS- v\u00e4ljund   A+    Karteri maht, l   0.85     Accumulator, A\u00b7h     1.6       Alternator winding   Copper     Kaitseklass   IP23M    Bruto m\u00f5\u00f5dud\u00a0(LxWxH), mm 680\u0445510\u0445605   Neto kaal, kg 52   Bruto kaal, kg 57.8   EAN kood 4260405365579    Kokku pandud HRV-s.  ***K\u00fctusekulu s\u00f5ltub paljudest teguritest, nagu koormus, k\u00fctuse kvaliteet, aastaaeg, k\u00f5rgus merepinnast, generaatori tehniline seisukord.\" \/>\n<meta property=\"og:url\" content=\"https:\/\/staging.genekas24.ee\/en\/product\/inverter-generator-ks-5500ies-atsr\/\" \/>\n<meta property=\"og:site_name\" content=\"Genekas24\" \/>\n<meta property=\"article:modified_time\" content=\"2025-12-31T11:19:09+00:00\" \/>\n<meta property=\"og:image\" content=\"https:\/\/staging.genekas24.ee\/wp-content\/uploads\/2024\/07\/KS-5500iES-ATSR.png\" \/>\n\t<meta property=\"og:image:width\" content=\"768\" \/>\n\t<meta property=\"og:image:height\" content=\"608\" \/>\n\t<meta property=\"og:image:type\" content=\"image\/png\" \/>\n<meta name=\"twitter:card\" content=\"summary_large_image\" \/>\n<meta name=\"twitter:label1\" content=\"Estimated reading time\" \/>\n\t<meta name=\"twitter:data1\" content=\"5 minutes\" \/>\n<script type=\"application\/ld+json\" class=\"yoast-schema-graph\">{\"@context\":\"https:\/\/schema.org\",\"@graph\":[{\"@type\":\"WebPage\",\"@id\":\"https:\/\/staging.genekas24.ee\/toode\/invertergeneraator-ks-5500ie-s-atsr\/\",\"url\":\"https:\/\/staging.genekas24.ee\/toode\/invertergeneraator-ks-5500ie-s-atsr\/\",\"name\":\"Invertergeneraator KS 5500iE S ATSR - Genekas24\",\"isPartOf\":{\"@id\":\"https:\/\/staging.genekas24.ee\/#website\"},\"primaryImageOfPage\":{\"@id\":\"https:\/\/staging.genekas24.ee\/toode\/invertergeneraator-ks-5500ie-s-atsr\/#primaryimage\"},\"image\":{\"@id\":\"https:\/\/staging.genekas24.ee\/toode\/invertergeneraator-ks-5500ie-s-atsr\/#primaryimage\"},\"thumbnailUrl\":\"https:\/\/staging.genekas24.ee\/wp-content\/uploads\/2024\/07\/KS-5500iES-ATSR.png\",\"datePublished\":\"2024-07-08T09:07:19+00:00\",\"dateModified\":\"2025-12-31T11:19:09+00:00\",\"breadcrumb\":{\"@id\":\"https:\/\/staging.genekas24.ee\/toode\/invertergeneraator-ks-5500ie-s-atsr\/#breadcrumb\"},\"inLanguage\":\"en-GB\",\"potentialAction\":[{\"@type\":\"ReadAction\",\"target\":[\"https:\/\/staging.genekas24.ee\/toode\/invertergeneraator-ks-5500ie-s-atsr\/\"]}]},{\"@type\":\"ImageObject\",\"inLanguage\":\"en-GB\",\"@id\":\"https:\/\/staging.genekas24.ee\/toode\/invertergeneraator-ks-5500ie-s-atsr\/#primaryimage\",\"url\":\"https:\/\/staging.genekas24.ee\/wp-content\/uploads\/2024\/07\/KS-5500iES-ATSR.png\",\"contentUrl\":\"https:\/\/staging.genekas24.ee\/wp-content\/uploads\/2024\/07\/KS-5500iES-ATSR.png\",\"width\":768,\"height\":608},{\"@type\":\"BreadcrumbList\",\"@id\":\"https:\/\/staging.genekas24.ee\/toode\/invertergeneraator-ks-5500ie-s-atsr\/#breadcrumb\",\"itemListElement\":[{\"@type\":\"ListItem\",\"position\":1,\"name\":\"Home\",\"item\":\"https:\/\/staging.genekas24.ee\/\"},{\"@type\":\"ListItem\",\"position\":2,\"name\":\"Pood\",\"item\":\"https:\/\/staging.genekas24.ee\/pood\/\"},{\"@type\":\"ListItem\",\"position\":3,\"name\":\"Invertergeneraator KS 5500iE S ATSR\"}]},{\"@type\":\"WebSite\",\"@id\":\"https:\/\/staging.genekas24.ee\/#website\",\"url\":\"https:\/\/staging.genekas24.ee\/\",\"name\":\"Genekas24\",\"description\":\"Generaatorid | K&ouml;nner S&ouml;hnen tooted | Genekas24\",\"publisher\":{\"@id\":\"https:\/\/staging.genekas24.ee\/#organization\"},\"potentialAction\":[{\"@type\":\"SearchAction\",\"target\":{\"@type\":\"EntryPoint\",\"urlTemplate\":\"https:\/\/staging.genekas24.ee\/?s={search_term_string}\"},\"query-input\":{\"@type\":\"PropertyValueSpecification\",\"valueRequired\":true,\"valueName\":\"search_term_string\"}}],\"inLanguage\":\"en-GB\"},{\"@type\":\"Organization\",\"@id\":\"https:\/\/staging.genekas24.ee\/#organization\",\"name\":\"Genekas24\",\"url\":\"https:\/\/staging.genekas24.ee\/\",\"logo\":{\"@type\":\"ImageObject\",\"inLanguage\":\"en-GB\",\"@id\":\"https:\/\/staging.genekas24.ee\/#\/schema\/logo\/image\/\",\"url\":\"https:\/\/staging.genekas24.ee\/wp-content\/uploads\/2026\/01\/genekas24-logo_black.svg\",\"contentUrl\":\"https:\/\/staging.genekas24.ee\/wp-content\/uploads\/2026\/01\/genekas24-logo_black.svg\",\"width\":840,\"height\":131,\"caption\":\"Genekas24\"},\"image\":{\"@id\":\"https:\/\/staging.genekas24.ee\/#\/schema\/logo\/image\/\"}}]}<\/script>\n<!-- \/ Yoast SEO plugin. -->","yoast_head_json":{"title":"Inverter generator KS 5500iES ATSR - Genekas24","robots":{"index":"index","follow":"follow","max-snippet":"max-snippet:-1","max-image-preview":"max-image-preview:large","max-video-preview":"max-video-preview:-1"},"canonical":"https:\/\/staging.genekas24.ee\/en\/product\/inverter-generator-ks-5500ies-atsr\/","og_locale":"en_GB","og_type":"article","og_title":"Invertergeneraator KS 5500iE S ATSR - Genekas24","og_description":"Pinge 230    Max v\u00f5imsus, kW 5.5    Nominaalne v\u00f5imsus, kW   5.0     Sagedus, Hz 50    Vool (max), \u0410 23.9   Pistikupesad       1 x Schuko 230V, 1 x CEE 230 V 32 A         Mootori k\u00e4ivitamine   Manuaalne\/elektriline     K\u00fctusepaagi maht, l   13.5    LED-ekraan   Koormus, k\u00fctusetase, pinge, sagedus, t\u00f6\u00f6aeg; \u00fclekoormuse indikaator, pingeindikaator, \u00f5litaseme indikaator    M\u00fcratase Lpa (7m)\/Lwa, dB   66\/91    Mootori mudel KS 330i   Mootori silindri maht, cm3 312   Mootori t\u00fc\u00fcp   Bensiinimootoriga \u00fchesilindriline, neljataktiline, \u00f5hkjahutusega    Mootori v\u00f5imus, hp 9.5   Paralleel\u00fchenduse v\u00f5imalus +   ATS- v\u00e4ljund   A+    Karteri maht, l   0.85     Accumulator, A\u00b7h     1.6       Alternator winding   Copper     Kaitseklass   IP23M    Bruto m\u00f5\u00f5dud\u00a0(LxWxH), mm 680\u0445510\u0445605   Neto kaal, kg 52   Bruto kaal, kg 57.8   EAN kood 4260405365579    Kokku pandud HRV-s.  ***K\u00fctusekulu s\u00f5ltub paljudest teguritest, nagu koormus, k\u00fctuse kvaliteet, aastaaeg, k\u00f5rgus merepinnast, generaatori tehniline seisukord.","og_url":"https:\/\/staging.genekas24.ee\/en\/product\/inverter-generator-ks-5500ies-atsr\/","og_site_name":"Genekas24","article_modified_time":"2025-12-31T11:19:09+00:00","og_image":[{"width":768,"height":608,"url":"https:\/\/staging.genekas24.ee\/wp-content\/uploads\/2024\/07\/KS-5500iES-ATSR.png","type":"image\/png"}],"twitter_card":"summary_large_image","twitter_misc":{"Estimated reading time":"5 minutes"},"schema":{"@context":"https:\/\/schema.org","@graph":[{"@type":"WebPage","@id":"https:\/\/staging.genekas24.ee\/toode\/invertergeneraator-ks-5500ie-s-atsr\/","url":"https:\/\/staging.genekas24.ee\/toode\/invertergeneraator-ks-5500ie-s-atsr\/","name":"Inverter generator KS 5500iES ATSR - Genekas24","isPartOf":{"@id":"https:\/\/staging.genekas24.ee\/#website"},"primaryImageOfPage":{"@id":"https:\/\/staging.genekas24.ee\/toode\/invertergeneraator-ks-5500ie-s-atsr\/#primaryimage"},"image":{"@id":"https:\/\/staging.genekas24.ee\/toode\/invertergeneraator-ks-5500ie-s-atsr\/#primaryimage"},"thumbnailUrl":"https:\/\/staging.genekas24.ee\/wp-content\/uploads\/2024\/07\/KS-5500iES-ATSR.png","datePublished":"2024-07-08T09:07:19+00:00","dateModified":"2025-12-31T11:19:09+00:00","breadcrumb":{"@id":"https:\/\/staging.genekas24.ee\/toode\/invertergeneraator-ks-5500ie-s-atsr\/#breadcrumb"},"inLanguage":"en-GB","potentialAction":[{"@type":"ReadAction","target":["https:\/\/staging.genekas24.ee\/toode\/invertergeneraator-ks-5500ie-s-atsr\/"]}]},{"@type":"ImageObject","inLanguage":"en-GB","@id":"https:\/\/staging.genekas24.ee\/toode\/invertergeneraator-ks-5500ie-s-atsr\/#primaryimage","url":"https:\/\/staging.genekas24.ee\/wp-content\/uploads\/2024\/07\/KS-5500iES-ATSR.png","contentUrl":"https:\/\/staging.genekas24.ee\/wp-content\/uploads\/2024\/07\/KS-5500iES-ATSR.png","width":768,"height":608},{"@type":"BreadcrumbList","@id":"https:\/\/staging.genekas24.ee\/toode\/invertergeneraator-ks-5500ie-s-atsr\/#breadcrumb","itemListElement":[{"@type":"ListItem","position":1,"name":"Home","item":"https:\/\/staging.genekas24.ee\/"},{"@type":"ListItem","position":2,"name":"Pood","item":"https:\/\/staging.genekas24.ee\/pood\/"},{"@type":"ListItem","position":3,"name":"Invertergeneraator KS 5500iE S ATSR"}]},{"@type":"WebSite","@id":"https:\/\/staging.genekas24.ee\/#website","url":"https:\/\/staging.genekas24.ee\/","name":"Genekas24","description":"Generaatorid | K&ouml;nner S&ouml;hnen tooted | Genekas24","publisher":{"@id":"https:\/\/staging.genekas24.ee\/#organization"},"potentialAction":[{"@type":"SearchAction","target":{"@type":"EntryPoint","urlTemplate":"https:\/\/staging.genekas24.ee\/?s={search_term_string}"},"query-input":{"@type":"PropertyValueSpecification","valueRequired":true,"valueName":"search_term_string"}}],"inLanguage":"en-GB"},{"@type":"Organization","@id":"https:\/\/staging.genekas24.ee\/#organization","name":"Genekas24","url":"https:\/\/staging.genekas24.ee\/","logo":{"@type":"ImageObject","inLanguage":"en-GB","@id":"https:\/\/staging.genekas24.ee\/#\/schema\/logo\/image\/","url":"https:\/\/staging.genekas24.ee\/wp-content\/uploads\/2026\/01\/genekas24-logo_black.svg","contentUrl":"https:\/\/staging.genekas24.ee\/wp-content\/uploads\/2026\/01\/genekas24-logo_black.svg","width":840,"height":131,"caption":"Genekas24"},"image":{"@id":"https:\/\/staging.genekas24.ee\/#\/schema\/logo\/image\/"}}]}},"_links":{"self":[{"href":"https:\/\/staging.genekas24.ee\/en\/wp-json\/wp\/v2\/product\/16580","targetHints":{"allow":["GET"]}}],"collection":[{"href":"https:\/\/staging.genekas24.ee\/en\/wp-json\/wp\/v2\/product"}],"about":[{"href":"https:\/\/staging.genekas24.ee\/en\/wp-json\/wp\/v2\/types\/product"}],"version-history":[{"count":7,"href":"https:\/\/staging.genekas24.ee\/en\/wp-json\/wp\/v2\/product\/16580\/revisions"}],"predecessor-version":[{"id":19752,"href":"https:\/\/staging.genekas24.ee\/en\/wp-json\/wp\/v2\/product\/16580\/revisions\/19752"}],"wp:featuredmedia":[{"embeddable":true,"href":"https:\/\/staging.genekas24.ee\/en\/wp-json\/wp\/v2\/media\/17664"}],"wp:attachment":[{"href":"https:\/\/staging.genekas24.ee\/en\/wp-json\/wp\/v2\/media?parent=16580"}],"wp:term":[{"taxonomy":"product_brand","embeddable":true,"href":"https:\/\/staging.genekas24.ee\/en\/wp-json\/wp\/v2\/product_brand?post=16580"},{"taxonomy":"product_cat","embeddable":true,"href":"https:\/\/staging.genekas24.ee\/en\/wp-json\/wp\/v2\/product_cat?post=16580"},{"taxonomy":"product_tag","embeddable":true,"href":"https:\/\/staging.genekas24.ee\/en\/wp-json\/wp\/v2\/product_tag?post=16580"}],"curies":[{"name":"wp","href":"https:\/\/api.w.org\/{rel}","templated":true}]}}