{"id":16293,"date":"2024-05-29T09:33:06","date_gmt":"2024-05-29T09:33:06","guid":{"rendered":"https:\/\/staging.genekas24.ee\/?post_type=product&#038;p=16293"},"modified":"2025-12-02T10:00:38","modified_gmt":"2025-12-02T10:00:38","slug":"kaasaskantav-paikesepaneel-ks-sp210w-4","status":"publish","type":"product","link":"https:\/\/staging.genekas24.ee\/en\/product\/solar-panel-ks-sp210w_4\/","title":{"rendered":"Portable solar panel KS SP210W-4"},"content":{"rendered":"<p>Ko\u0308nner &amp; So\u0308hnen\u00ae portable solar panels are lightweight and compact devices that use renewable energy from sunlight. With them at hand, you can conveniently travel around and charge your devices for free multiple times.<\/p>\n<p>The high-quality monocrystalline solar cells provide high efficiency of conversion of solar energy into electric energy (up to 23%) and long service life.<\/p>\n<p>The environmentally friendly, practical, and handy solar panel is suitable for outdoor activities, emergencies, and working outdoors. It provides uninterrupted power even on cloudy days. It does not harm the environment during operation.<\/p>\n<p><strong>HIGH-QUALITY MONOCRYSTALLINE ELEMENTS <\/strong><\/p>\n<p>Modern monocrystalline silicon has an energy conversion efficiency of about 20%. Energy generation is possible even on a cloudy day and with a partial layout.<\/p>\n<div class=\"container-fluid\">\n<div class=\"row main-content\">\n<section class=\"product-page container\">\n<div class=\"product-details\">\n<div class=\"tab-content\">\n<div id=\"description\" class=\"tab-pane active\" role=\"tabpanel\">\n<div class=\"below_features\"><strong>USER-FRIENDLY<\/strong><br \/>\nFoldable design with portable size, easy to carry with just a single hand. The ability to operate in a partially unfolded state enables the portable solar panel to be used in confined spaces or on the move. Panels feature additional stands for vertical deployment to maximize sun ray interception.<\/div>\n<\/div>\n<div><\/div>\n<div><strong>FOLDABLE DESIGN, COMPACT DIMENSIONS<\/strong><\/div>\n<div>Foldable design with compact dimensions, convenient for one-handed transport.<\/div>\n<\/div>\n<\/div>\n<\/section>\n<\/div>\n<\/div>","protected":false},"excerpt":{"rendered":"<table>\n<tbody>\n<tr class=\"even\">\n<td width=\"60%\">Solar panel<\/td>\n<td>210 W monocrystalline silicon (x4)<\/td>\n<\/tr>\n<tr class=\"odd\">\n<td>Solar panel output<\/td>\n<td>MC4 Solar Port to Output Chainable up to 600W<\/td>\n<\/tr>\n<tr class=\"even\">\n<td>Folded dimensions (L x W x H), mm<\/td>\n<td>681 \u00d7 555 \u00d7 65<\/td>\n<\/tr>\n<tr class=\"odd\">\n<td>Unfolded dimensions (L x W x H), mm<\/td>\n<td>2070 \u00d7 681 \u00d7 3<\/td>\n<\/tr>\n<tr class=\"even\">\n<td>Voltage, V<\/td>\n<td>19.44<\/td>\n<\/tr>\n<tr class=\"odd\">\n<td>Current , A<\/td>\n<td>10.8<\/td>\n<\/tr>\n<tr class=\"even\">\n<td>Includes<\/td>\n<td>MC4 to XT60 Cable<\/td>\n<\/tr>\n<tr class=\"odd\">\n<td>Weight, kg<\/td>\n<td>5.3<\/td>\n<\/tr>\n<tr class=\"even\">\n<td>EAN code<\/td>\n<td>4260405366972<\/td>\n<\/tr>\n<\/tbody>\n<\/table>\n<p>Assembled in PRC.<\/p>","protected":false},"featured_media":16294,"template":"","meta":{"_acf_changed":false,"inline_featured_image":false},"product_brand":[],"product_cat":[44],"product_tag":[],"class_list":{"0":"post-16293","1":"product","2":"type-product","3":"status-publish","4":"has-post-thumbnail","6":"product_cat-kaasaskantavad-paikesepaneelid","7":"product_shipping_class-vaikepakk","8":"brand-konner-sohnen","10":"first","11":"instock","12":"taxable","13":"shipping-taxable","14":"purchasable","15":"product-type-simple"},"acf":[],"yoast_head":"<!-- This site is optimized with the Yoast SEO plugin v26.2 - https:\/\/yoast.com\/wordpress\/plugins\/seo\/ -->\n<title>Monokristalliline silikoon kaasaskantav p\u00e4ikesepaneel KS SP210W-4 - Genekas24<\/title>\n<meta name=\"robots\" content=\"index, follow, max-snippet:-1, max-image-preview:large, max-video-preview:-1\" \/>\n<link rel=\"canonical\" href=\"https:\/\/staging.genekas24.ee\/en\/product\/solar-panel-ks-sp210w_4\/\" \/>\n<meta property=\"og:locale\" content=\"en_GB\" \/>\n<meta property=\"og:type\" content=\"article\" \/>\n<meta property=\"og:title\" content=\"Monokristalliline silikoon kaasaskantav p\u00e4ikesepaneel KS SP210W-4 - Genekas24\" \/>\n<meta property=\"og:description\" content=\"P\u00e4ikesepaneel 4x 210 W monokristalliline r\u00e4ni   P\u00e4ikesepaneeli v\u00e4ljund MC4 Solar Porti saab \u00fchendada j\u00e4rjestikku 600W paneele   M\u00f5\u00f5tmed volditult, mm 681 \u00d7 555 \u00d7 65   M\u00f5\u00f5tmed lahtivolditult, mm 2070 \u00d7 681 \u00d7 3   Pinge, V 19.44   Vool, A 10.8   Kaasas MC4 to XT60 kaabel   Kaal, kg 5.3   EAN kood 4260405366972    Kokkupandud HRV-s.\" \/>\n<meta property=\"og:url\" content=\"https:\/\/staging.genekas24.ee\/en\/product\/solar-panel-ks-sp210w_4\/\" \/>\n<meta property=\"og:site_name\" content=\"Genekas24\" \/>\n<meta property=\"article:modified_time\" content=\"2025-12-02T10:00:38+00:00\" \/>\n<meta property=\"og:image\" content=\"https:\/\/staging.genekas24.ee\/wp-content\/uploads\/2024\/05\/ks-sp210w-4-01.jpg\" \/>\n\t<meta property=\"og:image:width\" content=\"1600\" \/>\n\t<meta property=\"og:image:height\" content=\"1200\" \/>\n\t<meta property=\"og:image:type\" content=\"image\/jpeg\" \/>\n<meta name=\"twitter:card\" content=\"summary_large_image\" \/>\n<meta name=\"twitter:label1\" content=\"Estimated reading time\" \/>\n\t<meta name=\"twitter:data1\" content=\"1 minute\" \/>\n<script type=\"application\/ld+json\" class=\"yoast-schema-graph\">{\"@context\":\"https:\/\/schema.org\",\"@graph\":[{\"@type\":\"WebPage\",\"@id\":\"https:\/\/staging.genekas24.ee\/toode\/kaasaskantav-paikesepaneel-ks-sp210w-4\/\",\"url\":\"https:\/\/staging.genekas24.ee\/toode\/kaasaskantav-paikesepaneel-ks-sp210w-4\/\",\"name\":\"Monokristalliline silikoon kaasaskantav p\u00e4ikesepaneel KS SP210W-4 - Genekas24\",\"isPartOf\":{\"@id\":\"https:\/\/staging.genekas24.ee\/#website\"},\"primaryImageOfPage\":{\"@id\":\"https:\/\/staging.genekas24.ee\/toode\/kaasaskantav-paikesepaneel-ks-sp210w-4\/#primaryimage\"},\"image\":{\"@id\":\"https:\/\/staging.genekas24.ee\/toode\/kaasaskantav-paikesepaneel-ks-sp210w-4\/#primaryimage\"},\"thumbnailUrl\":\"https:\/\/staging.genekas24.ee\/wp-content\/uploads\/2024\/05\/ks-sp210w-4-01.jpg\",\"datePublished\":\"2024-05-29T09:33:06+00:00\",\"dateModified\":\"2025-12-02T10:00:38+00:00\",\"breadcrumb\":{\"@id\":\"https:\/\/staging.genekas24.ee\/toode\/kaasaskantav-paikesepaneel-ks-sp210w-4\/#breadcrumb\"},\"inLanguage\":\"en-GB\",\"potentialAction\":[{\"@type\":\"ReadAction\",\"target\":[\"https:\/\/staging.genekas24.ee\/toode\/kaasaskantav-paikesepaneel-ks-sp210w-4\/\"]}]},{\"@type\":\"ImageObject\",\"inLanguage\":\"en-GB\",\"@id\":\"https:\/\/staging.genekas24.ee\/toode\/kaasaskantav-paikesepaneel-ks-sp210w-4\/#primaryimage\",\"url\":\"https:\/\/staging.genekas24.ee\/wp-content\/uploads\/2024\/05\/ks-sp210w-4-01.jpg\",\"contentUrl\":\"https:\/\/staging.genekas24.ee\/wp-content\/uploads\/2024\/05\/ks-sp210w-4-01.jpg\",\"width\":1600,\"height\":1200},{\"@type\":\"BreadcrumbList\",\"@id\":\"https:\/\/staging.genekas24.ee\/toode\/kaasaskantav-paikesepaneel-ks-sp210w-4\/#breadcrumb\",\"itemListElement\":[{\"@type\":\"ListItem\",\"position\":1,\"name\":\"Home\",\"item\":\"https:\/\/staging.genekas24.ee\/\"},{\"@type\":\"ListItem\",\"position\":2,\"name\":\"Pood\",\"item\":\"https:\/\/staging.genekas24.ee\/pood\/\"},{\"@type\":\"ListItem\",\"position\":3,\"name\":\"Monokristalliline silikoon kaasaskantav p\u00e4ikesepaneel KS SP210W-4\"}]},{\"@type\":\"WebSite\",\"@id\":\"https:\/\/staging.genekas24.ee\/#website\",\"url\":\"https:\/\/staging.genekas24.ee\/\",\"name\":\"Genekas24\",\"description\":\"Generaatorid | K&ouml;nner S&ouml;hnen tooted | Genekas24\",\"publisher\":{\"@id\":\"https:\/\/staging.genekas24.ee\/#organization\"},\"potentialAction\":[{\"@type\":\"SearchAction\",\"target\":{\"@type\":\"EntryPoint\",\"urlTemplate\":\"https:\/\/staging.genekas24.ee\/?s={search_term_string}\"},\"query-input\":{\"@type\":\"PropertyValueSpecification\",\"valueRequired\":true,\"valueName\":\"search_term_string\"}}],\"inLanguage\":\"en-GB\"},{\"@type\":\"Organization\",\"@id\":\"https:\/\/staging.genekas24.ee\/#organization\",\"name\":\"Genekas24\",\"url\":\"https:\/\/staging.genekas24.ee\/\",\"logo\":{\"@type\":\"ImageObject\",\"inLanguage\":\"en-GB\",\"@id\":\"https:\/\/staging.genekas24.ee\/#\/schema\/logo\/image\/\",\"url\":\"https:\/\/staging.genekas24.ee\/wp-content\/uploads\/2026\/01\/genekas24-logo_black.svg\",\"contentUrl\":\"https:\/\/staging.genekas24.ee\/wp-content\/uploads\/2026\/01\/genekas24-logo_black.svg\",\"width\":840,\"height\":131,\"caption\":\"Genekas24\"},\"image\":{\"@id\":\"https:\/\/staging.genekas24.ee\/#\/schema\/logo\/image\/\"}}]}<\/script>\n<!-- \/ Yoast SEO plugin. -->","yoast_head_json":{"title":"Portable solar panel KS SP210W-4 - Genekas24","robots":{"index":"index","follow":"follow","max-snippet":"max-snippet:-1","max-image-preview":"max-image-preview:large","max-video-preview":"max-video-preview:-1"},"canonical":"https:\/\/staging.genekas24.ee\/en\/product\/solar-panel-ks-sp210w_4\/","og_locale":"en_GB","og_type":"article","og_title":"Monokristalliline silikoon kaasaskantav p\u00e4ikesepaneel KS SP210W-4 - Genekas24","og_description":"P\u00e4ikesepaneel 4x 210 W monokristalliline r\u00e4ni   P\u00e4ikesepaneeli v\u00e4ljund MC4 Solar Porti saab \u00fchendada j\u00e4rjestikku 600W paneele   M\u00f5\u00f5tmed volditult, mm 681 \u00d7 555 \u00d7 65   M\u00f5\u00f5tmed lahtivolditult, mm 2070 \u00d7 681 \u00d7 3   Pinge, V 19.44   Vool, A 10.8   Kaasas MC4 to XT60 kaabel   Kaal, kg 5.3   EAN kood 4260405366972    Kokkupandud HRV-s.","og_url":"https:\/\/staging.genekas24.ee\/en\/product\/solar-panel-ks-sp210w_4\/","og_site_name":"Genekas24","article_modified_time":"2025-12-02T10:00:38+00:00","og_image":[{"width":1600,"height":1200,"url":"https:\/\/staging.genekas24.ee\/wp-content\/uploads\/2024\/05\/ks-sp210w-4-01.jpg","type":"image\/jpeg"}],"twitter_card":"summary_large_image","twitter_misc":{"Estimated reading time":"1 minute"},"schema":{"@context":"https:\/\/schema.org","@graph":[{"@type":"WebPage","@id":"https:\/\/staging.genekas24.ee\/toode\/kaasaskantav-paikesepaneel-ks-sp210w-4\/","url":"https:\/\/staging.genekas24.ee\/toode\/kaasaskantav-paikesepaneel-ks-sp210w-4\/","name":"Portable solar panel KS SP210W-4 - Genekas24","isPartOf":{"@id":"https:\/\/staging.genekas24.ee\/#website"},"primaryImageOfPage":{"@id":"https:\/\/staging.genekas24.ee\/toode\/kaasaskantav-paikesepaneel-ks-sp210w-4\/#primaryimage"},"image":{"@id":"https:\/\/staging.genekas24.ee\/toode\/kaasaskantav-paikesepaneel-ks-sp210w-4\/#primaryimage"},"thumbnailUrl":"https:\/\/staging.genekas24.ee\/wp-content\/uploads\/2024\/05\/ks-sp210w-4-01.jpg","datePublished":"2024-05-29T09:33:06+00:00","dateModified":"2025-12-02T10:00:38+00:00","breadcrumb":{"@id":"https:\/\/staging.genekas24.ee\/toode\/kaasaskantav-paikesepaneel-ks-sp210w-4\/#breadcrumb"},"inLanguage":"en-GB","potentialAction":[{"@type":"ReadAction","target":["https:\/\/staging.genekas24.ee\/toode\/kaasaskantav-paikesepaneel-ks-sp210w-4\/"]}]},{"@type":"ImageObject","inLanguage":"en-GB","@id":"https:\/\/staging.genekas24.ee\/toode\/kaasaskantav-paikesepaneel-ks-sp210w-4\/#primaryimage","url":"https:\/\/staging.genekas24.ee\/wp-content\/uploads\/2024\/05\/ks-sp210w-4-01.jpg","contentUrl":"https:\/\/staging.genekas24.ee\/wp-content\/uploads\/2024\/05\/ks-sp210w-4-01.jpg","width":1600,"height":1200},{"@type":"BreadcrumbList","@id":"https:\/\/staging.genekas24.ee\/toode\/kaasaskantav-paikesepaneel-ks-sp210w-4\/#breadcrumb","itemListElement":[{"@type":"ListItem","position":1,"name":"Home","item":"https:\/\/staging.genekas24.ee\/"},{"@type":"ListItem","position":2,"name":"Pood","item":"https:\/\/staging.genekas24.ee\/pood\/"},{"@type":"ListItem","position":3,"name":"Monokristalliline silikoon kaasaskantav p\u00e4ikesepaneel KS SP210W-4"}]},{"@type":"WebSite","@id":"https:\/\/staging.genekas24.ee\/#website","url":"https:\/\/staging.genekas24.ee\/","name":"Genekas24","description":"Generaatorid | K&ouml;nner S&ouml;hnen tooted | Genekas24","publisher":{"@id":"https:\/\/staging.genekas24.ee\/#organization"},"potentialAction":[{"@type":"SearchAction","target":{"@type":"EntryPoint","urlTemplate":"https:\/\/staging.genekas24.ee\/?s={search_term_string}"},"query-input":{"@type":"PropertyValueSpecification","valueRequired":true,"valueName":"search_term_string"}}],"inLanguage":"en-GB"},{"@type":"Organization","@id":"https:\/\/staging.genekas24.ee\/#organization","name":"Genekas24","url":"https:\/\/staging.genekas24.ee\/","logo":{"@type":"ImageObject","inLanguage":"en-GB","@id":"https:\/\/staging.genekas24.ee\/#\/schema\/logo\/image\/","url":"https:\/\/staging.genekas24.ee\/wp-content\/uploads\/2026\/01\/genekas24-logo_black.svg","contentUrl":"https:\/\/staging.genekas24.ee\/wp-content\/uploads\/2026\/01\/genekas24-logo_black.svg","width":840,"height":131,"caption":"Genekas24"},"image":{"@id":"https:\/\/staging.genekas24.ee\/#\/schema\/logo\/image\/"}}]}},"_links":{"self":[{"href":"https:\/\/staging.genekas24.ee\/en\/wp-json\/wp\/v2\/product\/16293","targetHints":{"allow":["GET"]}}],"collection":[{"href":"https:\/\/staging.genekas24.ee\/en\/wp-json\/wp\/v2\/product"}],"about":[{"href":"https:\/\/staging.genekas24.ee\/en\/wp-json\/wp\/v2\/types\/product"}],"version-history":[{"count":3,"href":"https:\/\/staging.genekas24.ee\/en\/wp-json\/wp\/v2\/product\/16293\/revisions"}],"predecessor-version":[{"id":20724,"href":"https:\/\/staging.genekas24.ee\/en\/wp-json\/wp\/v2\/product\/16293\/revisions\/20724"}],"wp:featuredmedia":[{"embeddable":true,"href":"https:\/\/staging.genekas24.ee\/en\/wp-json\/wp\/v2\/media\/16294"}],"wp:attachment":[{"href":"https:\/\/staging.genekas24.ee\/en\/wp-json\/wp\/v2\/media?parent=16293"}],"wp:term":[{"taxonomy":"product_brand","embeddable":true,"href":"https:\/\/staging.genekas24.ee\/en\/wp-json\/wp\/v2\/product_brand?post=16293"},{"taxonomy":"product_cat","embeddable":true,"href":"https:\/\/staging.genekas24.ee\/en\/wp-json\/wp\/v2\/product_cat?post=16293"},{"taxonomy":"product_tag","embeddable":true,"href":"https:\/\/staging.genekas24.ee\/en\/wp-json\/wp\/v2\/product_tag?post=16293"}],"curies":[{"name":"wp","href":"https:\/\/api.w.org\/{rel}","templated":true}]}}