{"id":15405,"date":"2023-11-13T12:41:26","date_gmt":"2023-11-13T12:41:26","guid":{"rendered":"https:\/\/staging.genekas24.ee\/?post_type=product&#038;p=15405"},"modified":"2025-12-22T15:28:46","modified_gmt":"2025-12-22T15:28:46","slug":"invertergeneraator-ks-6000ie-s","status":"publish","type":"product","link":"https:\/\/staging.genekas24.ee\/en\/product\/inverter-generator-ks-6000ie-s\/","title":{"rendered":"Inverter generator KS 6000iE S"},"content":{"rendered":"<p>&nbsp;<\/p>\n<table>\n<tbody>\n<tr class=\"even\">\n<td><img fetchpriority=\"high\" decoding=\"async\" class=\"alignnone size-medium wp-image-2887\" src=\"https:\/\/staging.genekas24.ee\/wp-content\/uploads\/2021\/12\/Pure-sine-wave-300x237.jpg\" alt=\"\" width=\"300\" height=\"237\" srcset=\"https:\/\/staging.genekas24.ee\/wp-content\/uploads\/2021\/12\/Pure-sine-wave-300x237.jpg 300w, https:\/\/staging.genekas24.ee\/wp-content\/uploads\/2021\/12\/Pure-sine-wave-600x474.jpg 600w, https:\/\/staging.genekas24.ee\/wp-content\/uploads\/2021\/12\/Pure-sine-wave-768x607.jpg 768w, https:\/\/staging.genekas24.ee\/wp-content\/uploads\/2021\/12\/Pure-sine-wave-15x12.jpg 15w, https:\/\/staging.genekas24.ee\/wp-content\/uploads\/2021\/12\/Pure-sine-wave.jpg 1013w\" sizes=\"(max-width: 300px) 100vw, 300px\" \/><\/td>\n<td>\n<p class=\"h3\"><strong>PURE SINE WAVE<\/strong><\/p>\n<p class=\"h3\">The built-in electronic unit with microprocessor control monitors the operation of the generator and provides a stable output voltage of 230V 50Hz sinusoidal form, which is suitable for the reliable operation of sensitive electronics.<\/p>\n<\/td>\n<\/tr>\n<tr class=\"even\">\n<td><img decoding=\"async\" class=\"alignnone wp-image-10181 size-medium\" src=\"https:\/\/staging.genekas24.ee\/wp-content\/uploads\/2023\/03\/dvigun-300x300.png\" alt=\"\" width=\"300\" height=\"300\" \/><\/td>\n<td><strong>ROBUST ENGINE<\/strong><\/p>\n<p>The K\u00f6nner &amp; S\u00f6hnen reliable engine is characterized by increased durability, long and stable operation, and meets all European quality standards, including EURO V.<\/td>\n<\/tr>\n<tr class=\"even\">\n<td><img decoding=\"async\" class=\"alignnone wp-image-10370 size-medium\" src=\"https:\/\/staging.genekas24.ee\/wp-content\/uploads\/2023\/03\/ks-6000ie-s_eco-mode-300x300.jpg\" alt=\"\" width=\"300\" height=\"300\" \/><\/td>\n<td><strong>ECONOMY MODE<\/strong><\/p>\n<p>The ergonomic control panel is equipped with a fuel economy mode switch. This mode reduces fuel consumption by up to 50% at small loads due to lower engine revolutions.<\/td>\n<\/tr>\n<tr class=\"odd\">\n<td><img loading=\"lazy\" decoding=\"async\" class=\"alignnone size-medium wp-image-3724\" src=\"https:\/\/staging.genekas24.ee\/wp-content\/uploads\/2022\/02\/automatic-transfer-swithc-300x300.png\" alt=\"\" width=\"300\" height=\"300\" srcset=\"https:\/\/staging.genekas24.ee\/wp-content\/uploads\/2022\/02\/automatic-transfer-swithc-300x300.png 300w, https:\/\/staging.genekas24.ee\/wp-content\/uploads\/2022\/02\/automatic-transfer-swithc-100x100.png 100w, https:\/\/staging.genekas24.ee\/wp-content\/uploads\/2022\/02\/automatic-transfer-swithc-150x150.png 150w, https:\/\/staging.genekas24.ee\/wp-content\/uploads\/2022\/02\/automatic-transfer-swithc-12x12.png 12w, https:\/\/staging.genekas24.ee\/wp-content\/uploads\/2022\/02\/automatic-transfer-swithc.png 400w\" sizes=\"(max-width: 300px) 100vw, 300px\" \/><\/td>\n<td><strong>AUTOMATIC TRANSFER SWITCH<\/strong><\/p>\n<p class=\"translation-block\">The ATS (Automatic Transfer Switch) unit automatically starts the generator and transfers load to it when the main power supply is disconnected and automatically stops the generator when the central power supply is restored. The ATS outlet has an 8-pin connector for connecting the ATS device KS ATS 4\/25 gasoline.<\/td>\n<\/tr>\n<tr class=\"even\">\n<td><img loading=\"lazy\" decoding=\"async\" class=\"alignnone size-medium wp-image-15406\" src=\"https:\/\/staging.genekas24.ee\/wp-content\/uploads\/2023\/11\/ks-6000ie-s_display-300x300.jpg\" alt=\"\" width=\"300\" height=\"300\" srcset=\"https:\/\/staging.genekas24.ee\/wp-content\/uploads\/2023\/11\/ks-6000ie-s_display-300x300.jpg 300w, https:\/\/staging.genekas24.ee\/wp-content\/uploads\/2023\/11\/ks-6000ie-s_display-150x150.jpg 150w, https:\/\/staging.genekas24.ee\/wp-content\/uploads\/2023\/11\/ks-6000ie-s_display-12x12.jpg 12w, https:\/\/staging.genekas24.ee\/wp-content\/uploads\/2023\/11\/ks-6000ie-s_display-600x599.jpg 600w, https:\/\/staging.genekas24.ee\/wp-content\/uploads\/2023\/11\/ks-6000ie-s_display-100x100.jpg 100w, https:\/\/staging.genekas24.ee\/wp-content\/uploads\/2023\/11\/ks-6000ie-s_display.jpg 700w\" sizes=\"(max-width: 300px) 100vw, 300px\" \/><\/td>\n<td>\n<div class=\"feature-title\">\n<div class=\"feature-title\">\n<p><strong>6-IN-1 MULTIFUNCTION LED DISPLAY<\/strong><\/p>\n<\/div>\n<\/div>\n<div class=\"product-feature row\">\n<div class=\"feature-content col-xs-12 col-sm-8 col-md-9\">\n<div class=\"feature-description\">\n<p>The 6-in-1 multifunction LED display has the following indicators: load indicator, fuel level indicator, hour meter, voltage, frequency, oil level indicator, overload indicator, working mode indicator.<\/p>\n<\/div>\n<\/div>\n<\/div>\n<\/td>\n<\/tr>\n<tr class=\"odd\">\n<td><img loading=\"lazy\" decoding=\"async\" class=\"alignnone wp-image-10382 size-medium\" src=\"https:\/\/staging.genekas24.ee\/wp-content\/uploads\/2023\/03\/ks-6000ie-s_panel-300x300.jpg\" alt=\"\" width=\"300\" height=\"300\" \/><\/td>\n<td>\n<p class=\"h3\"><strong>ERGONOMIC CONTROL PANEL<\/strong><\/p>\n<p class=\"h3\">Convenient location of all functions: working mode indicator, overload and short circuit protection, low oil level sensor, Reset button to reset the control system and restore voltage supply, connector for parallel connection of generators, typical 12 V car socket for a wide range of car devices, gadgets and battery charging, 230 V sockets and grounding terminal.<\/p>\n<\/td>\n<\/tr>\n<tr class=\"even\">\n<td><img loading=\"lazy\" decoding=\"async\" class=\"alignnone wp-image-10388 size-medium\" src=\"https:\/\/staging.genekas24.ee\/wp-content\/uploads\/2023\/03\/ks-6000ie-s_soundproof-300x300.jpg\" alt=\"\" width=\"300\" height=\"300\" \/><\/td>\n<td>\n<p class=\"h3\"><strong>LOW NOISE LEVEL<\/strong><\/p>\n<p class=\"h3\">Thanks to the special protective case, which ensures a minimum noise level of 70 dB (Lpa 7 m), convenient to use and transport. The product is equipped with a transport system.<\/p>\n<\/td>\n<\/tr>\n<tr class=\"odd\">\n<td><img loading=\"lazy\" decoding=\"async\" class=\"alignnone wp-image-10193 size-medium\" src=\"https:\/\/staging.genekas24.ee\/wp-content\/uploads\/2023\/03\/alternator-inverter-300x300.png\" alt=\"\" width=\"300\" height=\"300\" \/><\/td>\n<td>\n<p class=\"h3\"><strong>HIGH QUALITY ALTERNATOR<\/strong><\/p>\n<p class=\"h3\">TM K\u00f6nner &amp; S\u00f6hnen generators are equipped with a high-end synchronous alternator with 100% copper winding. It is only the copper winding that can withstand maximum loads without any damage to ensure long-term reliable operation of the generator set.<\/p>\n<\/td>\n<\/tr>\n<tr class=\"even\">\n<td><img loading=\"lazy\" decoding=\"async\" class=\"alignnone size-medium wp-image-5588\" src=\"https:\/\/staging.genekas24.ee\/wp-content\/uploads\/2022\/09\/2000i_s2000ig_s_parallel-300x274.jpg\" alt=\"\" width=\"300\" height=\"274\" srcset=\"https:\/\/staging.genekas24.ee\/wp-content\/uploads\/2022\/09\/2000i_s2000ig_s_parallel-300x274.jpg 300w, https:\/\/staging.genekas24.ee\/wp-content\/uploads\/2022\/09\/2000i_s2000ig_s_parallel-600x548.jpg 600w, https:\/\/staging.genekas24.ee\/wp-content\/uploads\/2022\/09\/2000i_s2000ig_s_parallel-13x12.jpg 13w, https:\/\/staging.genekas24.ee\/wp-content\/uploads\/2022\/09\/2000i_s2000ig_s_parallel.jpg 756w\" sizes=\"(max-width: 300px) 100vw, 300px\" \/><\/td>\n<td>\n<p class=\"h3\"><strong>PARALLEL CONNECTION<\/strong><\/p>\n<p class=\"translation-block\">KS PU1 generator parallel unit from K\u00f6nner &amp; S\u00f6hnen\u00ae allows to increase the total output power of generators by connecting two inverter generators together. Parallel connection of any two generator models provides output power equal to the combined rated powers of these models. At the same time, parallel connection of generators entails a power loss of 0.2 kW of the aggregate rated power which can be obtained. It is suitable for all K\u00f6nner &amp; S\u00f6hnen\u00ae inverter generators which are parallel ready: KS 2000i S, KS 2000iG S, KS 4000iE S, KS 4000iEG S, KS 4100iEG, KS 6000iE S<\/td>\n<\/tr>\n<tr class=\"odd\">\n<td><img loading=\"lazy\" decoding=\"async\" class=\"alignnone wp-image-10400 size-medium\" src=\"https:\/\/staging.genekas24.ee\/wp-content\/uploads\/2023\/03\/ks-6000ie-s_wheels-300x300.jpg\" alt=\"\" width=\"300\" height=\"300\" \/><\/td>\n<td>\n<p class=\"h3\"><strong>TRANSPORT KIT<\/strong><\/p>\n<p class=\"h3\">K\u00f6nner &amp; S\u00f6hnen Inverter generators are equipped with a transport system for easy movement. Two wheels and a handle that lifts when the generator is moved ensure comfortable transportation and mobility.<\/p>\n<\/td>\n<\/tr>\n<\/tbody>\n<\/table>","protected":false},"excerpt":{"rendered":"<table>\n<tbody>\n<tr class=\"odd\">\n<td>Voltage, V<\/td>\n<td>230<\/td>\n<\/tr>\n<tr class=\"even\">\n<td width=\"60%\">Max power, kW<\/td>\n<td>5.5<\/td>\n<\/tr>\n<tr class=\"odd\">\n<td>Nominal power, kW<\/td>\n<td>5.0<\/td>\n<\/tr>\n<tr class=\"even\">\n<td>Frequency, Hz<\/td>\n<td>50<\/td>\n<\/tr>\n<tr class=\"odd\">\n<td>Current (max), \u0410<\/td>\n<td>23.9<\/td>\n<\/tr>\n<tr class=\"even\">\n<td>Outlets<\/td>\n<td>1 x Schuko 230 V, 1 x CEE 230 V 32 A<\/td>\n<\/tr>\n<tr class=\"odd\">\n<td>Engine start<\/td>\n<td>Manual\/electric<\/td>\n<\/tr>\n<tr class=\"even\">\n<td>Fuel tank volume, l<\/td>\n<td>11<\/td>\n<\/tr>\n<tr class=\"odd\">\n<td>LED display<\/td>\n<td>Load, fuel level, voltage, frequency, working hours; overload indicator, voltage indicator, oil level indicator.<\/td>\n<\/tr>\n<tr class=\"even\">\n<td>Noise level Lpa (7m)\/Lwa, dB<\/td>\n<td>70\/95<\/td>\n<\/tr>\n<tr class=\"odd\">\n<td>Power output DC, V\/\u0410<\/td>\n<td>12V\/8.3A<\/td>\n<\/tr>\n<tr class=\"even\">\n<td>USB-Outputs<\/td>\n<td>5V\/1A, 5V\/2.1A<\/td>\n<\/tr>\n<tr class=\"odd\">\n<td>Engine model<\/td>\n<td>KS 240i<\/td>\n<\/tr>\n<tr class=\"even\">\n<td>Engine cylinder volume, cm3<\/td>\n<td>3223<\/td>\n<\/tr>\n<tr class=\"odd\">\n<td>Engine type<\/td>\n<td>Gasoline powered one-cylinder, four-stroke air-cooled<\/td>\n<\/tr>\n<tr class=\"even\">\n<td>Engine power, hp<\/td>\n<td>7.5<\/td>\n<\/tr>\n<tr class=\"odd\">\n<td>Possibility of parallel connection<\/td>\n<td>+<\/td>\n<\/tr>\n<tr class=\"even\">\n<td>Output for ATS<\/td>\n<td>+<\/td>\n<\/tr>\n<tr class=\"even\">\n<td>Crank case volume, L<\/td>\n<td>0.7<\/td>\n<\/tr>\n<tr class=\"even\">\n<td>Alternator winding<\/td>\n<td>Copper<\/td>\n<\/tr>\n<tr>\n<td>Protection class<\/td>\n<td>IP23M<\/td>\n<\/tr>\n<tr class=\"odd\">\n<td>Gross dimensions (LxWxH), mm<\/td>\n<td>640\u0445425\u0445600<\/td>\n<\/tr>\n<tr class=\"even\">\n<td>Net weight, kg<\/td>\n<td>39.5<\/td>\n<\/tr>\n<tr class=\"odd\">\n<td>Gross weight, kg<\/td>\n<td>43.4<\/td>\n<\/tr>\n<tr class=\"even\">\n<td>EAN code<\/td>\n<td>4260405365791<\/td>\n<\/tr>\n<\/tbody>\n<\/table>\n<p>Assembled in PRC.<\/p>\n<p>*** Fuel consumption depends on many factors, such as load, fuel quality, season, altitude, technical condition of the generator.<\/p>","protected":false},"featured_media":17670,"template":"","meta":{"_acf_changed":false,"inline_featured_image":false},"product_brand":[],"product_cat":[179,94,23],"product_tag":[],"class_list":{"0":"post-15405","1":"product","2":"type-product","3":"status-publish","4":"has-post-thumbnail","6":"product_cat-allahinnatud","7":"product_cat-generaatorid","8":"product_cat-invertergeneraatorid","9":"product_shipping_class-poolalus","10":"brand-konner-sohnen","12":"first","13":"instock","14":"sale","15":"taxable","16":"shipping-taxable","17":"purchasable","18":"product-type-simple"},"acf":[],"yoast_head":"<!-- This site is optimized with the Yoast SEO plugin v26.2 - https:\/\/yoast.com\/wordpress\/plugins\/seo\/ -->\n<title>Invertergeneraator KS 6000iE S - Genekas24<\/title>\n<meta name=\"robots\" content=\"index, follow, max-snippet:-1, max-image-preview:large, max-video-preview:-1\" \/>\n<link rel=\"canonical\" href=\"https:\/\/staging.genekas24.ee\/en\/product\/inverter-generator-ks-6000ie-s\/\" \/>\n<meta property=\"og:locale\" content=\"en_GB\" \/>\n<meta property=\"og:type\" content=\"article\" \/>\n<meta property=\"og:title\" content=\"Invertergeneraator KS 6000iE S - Genekas24\" \/>\n<meta property=\"og:description\" content=\"Pinge, V 230   Max v\u00f5imsus, kW 5.5   Nominaalne v\u00f5imsus, kW 5.0   Sagedus, Hz 50   Vool(max), \u0410 23.9   Pistikupesad 1 x Schuko 230 V, 1 x CEE 230 V 32 A   Mootori k\u00e4ivitamine Manuaalne\/elektriline   K\u00fctusepaagi maht, l 11   LED-ekraan Koormus, k\u00fctusetase, pinge, sagedus, t\u00f6\u00f6aeg; \u00fclekoormuse indikaator, pingeindikaator, \u00f5litaseme indikaator   M\u00fcratase Lpa (7m)\/Lwa, dB 70\/95   V\u00f5imsus DC, V\/\u0410 12V\/8.3A   USB-v\u00e4ljund 5V\/1A, 5V\/2.1A   Mootori mudel KS 240i   Mootori silindri maht, cm3 3223   Mootori t\u00fc\u00fcp Bensiinimootoriga \u00fchesilindriline, neljataktiline, \u00f5hkjahutusega   Mootori v\u00f5imus, hp 7.5   Paralleel\u00fchenduse v\u00f5imalus +   ATS- v\u00e4ljund +   Karteri maht, l 0.7   Alternator winding Vask   Kaitseklass IP23M   Bruto m\u00f5\u00f5dud\u00a0 (LxWxH), mm 640\u0445425\u0445600   Neto kaal, kg 39.5   Bruto kaal, kg 43.4   EAN kood 4260405365791    Kokku pandud HRV-s.  ***K\u00fctusekulu s\u00f5ltub paljudest teguritest, nagu koormus, k\u00fctuse kvaliteet, aastaaeg, k\u00f5rgus merepinnast, generaatori tehniline seisukord.\" \/>\n<meta property=\"og:url\" content=\"https:\/\/staging.genekas24.ee\/en\/product\/inverter-generator-ks-6000ie-s\/\" \/>\n<meta property=\"og:site_name\" content=\"Genekas24\" \/>\n<meta property=\"article:modified_time\" content=\"2025-12-22T15:28:46+00:00\" \/>\n<meta property=\"og:image\" content=\"https:\/\/staging.genekas24.ee\/wp-content\/uploads\/2023\/11\/KS-6000iE-S.png\" \/>\n\t<meta property=\"og:image:width\" content=\"768\" \/>\n\t<meta property=\"og:image:height\" content=\"576\" \/>\n\t<meta property=\"og:image:type\" content=\"image\/png\" \/>\n<meta name=\"twitter:card\" content=\"summary_large_image\" \/>\n<meta name=\"twitter:label1\" content=\"Estimated reading time\" \/>\n\t<meta name=\"twitter:data1\" content=\"4 minutes\" \/>\n<script type=\"application\/ld+json\" class=\"yoast-schema-graph\">{\"@context\":\"https:\/\/schema.org\",\"@graph\":[{\"@type\":\"WebPage\",\"@id\":\"https:\/\/staging.genekas24.ee\/toode\/invertergeneraator-ks-6000ie-s\/\",\"url\":\"https:\/\/staging.genekas24.ee\/toode\/invertergeneraator-ks-6000ie-s\/\",\"name\":\"Invertergeneraator KS 6000iE S - Genekas24\",\"isPartOf\":{\"@id\":\"https:\/\/staging.genekas24.ee\/#website\"},\"primaryImageOfPage\":{\"@id\":\"https:\/\/staging.genekas24.ee\/toode\/invertergeneraator-ks-6000ie-s\/#primaryimage\"},\"image\":{\"@id\":\"https:\/\/staging.genekas24.ee\/toode\/invertergeneraator-ks-6000ie-s\/#primaryimage\"},\"thumbnailUrl\":\"https:\/\/staging.genekas24.ee\/wp-content\/uploads\/2023\/11\/KS-6000iE-S.png\",\"datePublished\":\"2023-11-13T12:41:26+00:00\",\"dateModified\":\"2025-12-22T15:28:46+00:00\",\"breadcrumb\":{\"@id\":\"https:\/\/staging.genekas24.ee\/toode\/invertergeneraator-ks-6000ie-s\/#breadcrumb\"},\"inLanguage\":\"en-GB\",\"potentialAction\":[{\"@type\":\"ReadAction\",\"target\":[\"https:\/\/staging.genekas24.ee\/toode\/invertergeneraator-ks-6000ie-s\/\"]}]},{\"@type\":\"ImageObject\",\"inLanguage\":\"en-GB\",\"@id\":\"https:\/\/staging.genekas24.ee\/toode\/invertergeneraator-ks-6000ie-s\/#primaryimage\",\"url\":\"https:\/\/staging.genekas24.ee\/wp-content\/uploads\/2023\/11\/KS-6000iE-S.png\",\"contentUrl\":\"https:\/\/staging.genekas24.ee\/wp-content\/uploads\/2023\/11\/KS-6000iE-S.png\",\"width\":768,\"height\":576},{\"@type\":\"BreadcrumbList\",\"@id\":\"https:\/\/staging.genekas24.ee\/toode\/invertergeneraator-ks-6000ie-s\/#breadcrumb\",\"itemListElement\":[{\"@type\":\"ListItem\",\"position\":1,\"name\":\"Home\",\"item\":\"https:\/\/staging.genekas24.ee\/\"},{\"@type\":\"ListItem\",\"position\":2,\"name\":\"Pood\",\"item\":\"https:\/\/staging.genekas24.ee\/pood\/\"},{\"@type\":\"ListItem\",\"position\":3,\"name\":\"Invertergeneraator KS 6000iE S\"}]},{\"@type\":\"WebSite\",\"@id\":\"https:\/\/staging.genekas24.ee\/#website\",\"url\":\"https:\/\/staging.genekas24.ee\/\",\"name\":\"Genekas24\",\"description\":\"Generaatorid | K&ouml;nner S&ouml;hnen tooted | Genekas24\",\"publisher\":{\"@id\":\"https:\/\/staging.genekas24.ee\/#organization\"},\"potentialAction\":[{\"@type\":\"SearchAction\",\"target\":{\"@type\":\"EntryPoint\",\"urlTemplate\":\"https:\/\/staging.genekas24.ee\/?s={search_term_string}\"},\"query-input\":{\"@type\":\"PropertyValueSpecification\",\"valueRequired\":true,\"valueName\":\"search_term_string\"}}],\"inLanguage\":\"en-GB\"},{\"@type\":\"Organization\",\"@id\":\"https:\/\/staging.genekas24.ee\/#organization\",\"name\":\"Genekas24\",\"url\":\"https:\/\/staging.genekas24.ee\/\",\"logo\":{\"@type\":\"ImageObject\",\"inLanguage\":\"en-GB\",\"@id\":\"https:\/\/staging.genekas24.ee\/#\/schema\/logo\/image\/\",\"url\":\"https:\/\/staging.genekas24.ee\/wp-content\/uploads\/2026\/01\/genekas24-logo_black.svg\",\"contentUrl\":\"https:\/\/staging.genekas24.ee\/wp-content\/uploads\/2026\/01\/genekas24-logo_black.svg\",\"width\":840,\"height\":131,\"caption\":\"Genekas24\"},\"image\":{\"@id\":\"https:\/\/staging.genekas24.ee\/#\/schema\/logo\/image\/\"}}]}<\/script>\n<!-- \/ Yoast SEO plugin. -->","yoast_head_json":{"title":"Inverter generator KS 6000iE S ATS - Genekas24","robots":{"index":"index","follow":"follow","max-snippet":"max-snippet:-1","max-image-preview":"max-image-preview:large","max-video-preview":"max-video-preview:-1"},"canonical":"https:\/\/staging.genekas24.ee\/en\/product\/inverter-generator-ks-6000ie-s\/","og_locale":"en_GB","og_type":"article","og_title":"Invertergeneraator KS 6000iE S - Genekas24","og_description":"Pinge, V 230   Max v\u00f5imsus, kW 5.5   Nominaalne v\u00f5imsus, kW 5.0   Sagedus, Hz 50   Vool(max), \u0410 23.9   Pistikupesad 1 x Schuko 230 V, 1 x CEE 230 V 32 A   Mootori k\u00e4ivitamine Manuaalne\/elektriline   K\u00fctusepaagi maht, l 11   LED-ekraan Koormus, k\u00fctusetase, pinge, sagedus, t\u00f6\u00f6aeg; \u00fclekoormuse indikaator, pingeindikaator, \u00f5litaseme indikaator   M\u00fcratase Lpa (7m)\/Lwa, dB 70\/95   V\u00f5imsus DC, V\/\u0410 12V\/8.3A   USB-v\u00e4ljund 5V\/1A, 5V\/2.1A   Mootori mudel KS 240i   Mootori silindri maht, cm3 3223   Mootori t\u00fc\u00fcp Bensiinimootoriga \u00fchesilindriline, neljataktiline, \u00f5hkjahutusega   Mootori v\u00f5imus, hp 7.5   Paralleel\u00fchenduse v\u00f5imalus +   ATS- v\u00e4ljund +   Karteri maht, l 0.7   Alternator winding Vask   Kaitseklass IP23M   Bruto m\u00f5\u00f5dud\u00a0 (LxWxH), mm 640\u0445425\u0445600   Neto kaal, kg 39.5   Bruto kaal, kg 43.4   EAN kood 4260405365791    Kokku pandud HRV-s.  ***K\u00fctusekulu s\u00f5ltub paljudest teguritest, nagu koormus, k\u00fctuse kvaliteet, aastaaeg, k\u00f5rgus merepinnast, generaatori tehniline seisukord.","og_url":"https:\/\/staging.genekas24.ee\/en\/product\/inverter-generator-ks-6000ie-s\/","og_site_name":"Genekas24","article_modified_time":"2025-12-22T15:28:46+00:00","og_image":[{"width":768,"height":576,"url":"https:\/\/staging.genekas24.ee\/wp-content\/uploads\/2023\/11\/KS-6000iE-S.png","type":"image\/png"}],"twitter_card":"summary_large_image","twitter_misc":{"Estimated reading time":"4 minutes"},"schema":{"@context":"https:\/\/schema.org","@graph":[{"@type":"WebPage","@id":"https:\/\/staging.genekas24.ee\/toode\/invertergeneraator-ks-6000ie-s\/","url":"https:\/\/staging.genekas24.ee\/toode\/invertergeneraator-ks-6000ie-s\/","name":"Inverter generator KS 6000iE S ATS - Genekas24","isPartOf":{"@id":"https:\/\/staging.genekas24.ee\/#website"},"primaryImageOfPage":{"@id":"https:\/\/staging.genekas24.ee\/toode\/invertergeneraator-ks-6000ie-s\/#primaryimage"},"image":{"@id":"https:\/\/staging.genekas24.ee\/toode\/invertergeneraator-ks-6000ie-s\/#primaryimage"},"thumbnailUrl":"https:\/\/staging.genekas24.ee\/wp-content\/uploads\/2023\/11\/KS-6000iE-S.png","datePublished":"2023-11-13T12:41:26+00:00","dateModified":"2025-12-22T15:28:46+00:00","breadcrumb":{"@id":"https:\/\/staging.genekas24.ee\/toode\/invertergeneraator-ks-6000ie-s\/#breadcrumb"},"inLanguage":"en-GB","potentialAction":[{"@type":"ReadAction","target":["https:\/\/staging.genekas24.ee\/toode\/invertergeneraator-ks-6000ie-s\/"]}]},{"@type":"ImageObject","inLanguage":"en-GB","@id":"https:\/\/staging.genekas24.ee\/toode\/invertergeneraator-ks-6000ie-s\/#primaryimage","url":"https:\/\/staging.genekas24.ee\/wp-content\/uploads\/2023\/11\/KS-6000iE-S.png","contentUrl":"https:\/\/staging.genekas24.ee\/wp-content\/uploads\/2023\/11\/KS-6000iE-S.png","width":768,"height":576},{"@type":"BreadcrumbList","@id":"https:\/\/staging.genekas24.ee\/toode\/invertergeneraator-ks-6000ie-s\/#breadcrumb","itemListElement":[{"@type":"ListItem","position":1,"name":"Home","item":"https:\/\/staging.genekas24.ee\/"},{"@type":"ListItem","position":2,"name":"Pood","item":"https:\/\/staging.genekas24.ee\/pood\/"},{"@type":"ListItem","position":3,"name":"Invertergeneraator KS 6000iE S"}]},{"@type":"WebSite","@id":"https:\/\/staging.genekas24.ee\/#website","url":"https:\/\/staging.genekas24.ee\/","name":"Genekas24","description":"Generaatorid | K&ouml;nner S&ouml;hnen tooted | Genekas24","publisher":{"@id":"https:\/\/staging.genekas24.ee\/#organization"},"potentialAction":[{"@type":"SearchAction","target":{"@type":"EntryPoint","urlTemplate":"https:\/\/staging.genekas24.ee\/?s={search_term_string}"},"query-input":{"@type":"PropertyValueSpecification","valueRequired":true,"valueName":"search_term_string"}}],"inLanguage":"en-GB"},{"@type":"Organization","@id":"https:\/\/staging.genekas24.ee\/#organization","name":"Genekas24","url":"https:\/\/staging.genekas24.ee\/","logo":{"@type":"ImageObject","inLanguage":"en-GB","@id":"https:\/\/staging.genekas24.ee\/#\/schema\/logo\/image\/","url":"https:\/\/staging.genekas24.ee\/wp-content\/uploads\/2026\/01\/genekas24-logo_black.svg","contentUrl":"https:\/\/staging.genekas24.ee\/wp-content\/uploads\/2026\/01\/genekas24-logo_black.svg","width":840,"height":131,"caption":"Genekas24"},"image":{"@id":"https:\/\/staging.genekas24.ee\/#\/schema\/logo\/image\/"}}]}},"_links":{"self":[{"href":"https:\/\/staging.genekas24.ee\/en\/wp-json\/wp\/v2\/product\/15405","targetHints":{"allow":["GET"]}}],"collection":[{"href":"https:\/\/staging.genekas24.ee\/en\/wp-json\/wp\/v2\/product"}],"about":[{"href":"https:\/\/staging.genekas24.ee\/en\/wp-json\/wp\/v2\/types\/product"}],"version-history":[{"count":14,"href":"https:\/\/staging.genekas24.ee\/en\/wp-json\/wp\/v2\/product\/15405\/revisions"}],"predecessor-version":[{"id":19751,"href":"https:\/\/staging.genekas24.ee\/en\/wp-json\/wp\/v2\/product\/15405\/revisions\/19751"}],"wp:featuredmedia":[{"embeddable":true,"href":"https:\/\/staging.genekas24.ee\/en\/wp-json\/wp\/v2\/media\/17670"}],"wp:attachment":[{"href":"https:\/\/staging.genekas24.ee\/en\/wp-json\/wp\/v2\/media?parent=15405"}],"wp:term":[{"taxonomy":"product_brand","embeddable":true,"href":"https:\/\/staging.genekas24.ee\/en\/wp-json\/wp\/v2\/product_brand?post=15405"},{"taxonomy":"product_cat","embeddable":true,"href":"https:\/\/staging.genekas24.ee\/en\/wp-json\/wp\/v2\/product_cat?post=15405"},{"taxonomy":"product_tag","embeddable":true,"href":"https:\/\/staging.genekas24.ee\/en\/wp-json\/wp\/v2\/product_tag?post=15405"}],"curies":[{"name":"wp","href":"https:\/\/api.w.org\/{rel}","templated":true}]}}