{"id":14715,"date":"2023-10-03T14:12:23","date_gmt":"2023-10-03T14:12:23","guid":{"rendered":"https:\/\/staging.genekas24.ee\/?post_type=product&#038;p=14715"},"modified":"2025-12-10T09:36:06","modified_gmt":"2025-12-10T09:36:06","slug":"laadimisjaam-elektrisoidukile-ks-slc","status":"publish","type":"product","link":"https:\/\/staging.genekas24.ee\/en\/product\/charging-station-for-electric-vehicle-ks-slc\/","title":{"rendered":"Charging station for electric vehicle KS SLC"},"content":{"rendered":"<p>We recommend using the KS SLC smart load controller from Ko\u0308nner &amp; So\u0308hnen\u00ae to protect the grid from overloading during peak electricity consumption hours when multiple power consumers other than the charging station are connected to the grid at the same time.<\/p>\n<p>This device monitors the total current input to the grid online, and if the total input current exceeds the permissible limit while charging your vehicle, the KS SLC smart load controller will automatically reduce the output current of the EV charging station to ensure stable operation of your household appliances. Now that the power consumption of your household appliances has decreased, your electric vehicle will start charging again in normal mode, i.e. the charging output current for the electric vehicle will increase again automatically.<\/p>\n<p>&nbsp;<\/p>\n<table style=\"height: auto;\" width=\"100%\">\n<tbody>\n<tr class=\"even\">\n<td style=\"height: auto;\" width=\"20%\"><img fetchpriority=\"high\" decoding=\"async\" class=\"alignnone size-full wp-image-14717\" src=\"https:\/\/staging.genekas24.ee\/wp-content\/uploads\/2023\/10\/ks-slc_current-sensor.jpg\" alt=\"\" width=\"1200\" height=\"1200\" \/><\/td>\n<td>\n<div>\n<p><strong>CURRENT SENSORS<\/strong><\/p>\n<\/div>\n<div>\n<p>Smart load controller KS SLC chose an CT (current transformer) as the current sensor, which has the advantage of open and close installation, convenient and fast wiring. One Smart load controller KS SLC is equipped with 3 open type CTs for total input current detection.<\/p>\n<\/div>\n<\/td>\n<\/tr>\n<\/tbody>\n<\/table>","protected":false},"excerpt":{"rendered":"<p>&nbsp;<\/p>\n<table>\n<tbody>\n<tr class=\"odd\">\n<td>\n<div class=\"col-xs-6\">Rated voltage, V<\/div>\n<\/td>\n<td>\n<div class=\"attribute row\">\n<div class=\"col-xs-6\">230\/400<\/div>\n<\/div>\n<\/td>\n<\/tr>\n<tr class=\"even\">\n<td width=\"60%\">Display<\/td>\n<td>1.3-inch OLED screen<\/td>\n<\/tr>\n<tr class=\"odd\">\n<td>CT\u2019s hole diameter, mm<\/td>\n<td>16<\/td>\n<\/tr>\n<tr class=\"even\">\n<td>\n<div class=\"col-xs-6\">Current detection, A<\/div>\n<\/td>\n<td>0~ 100<\/td>\n<\/tr>\n<tr class=\"odd\">\n<td>Communication<\/td>\n<td>PLC (Power Line Communication)<\/td>\n<\/tr>\n<tr class=\"even\">\n<td>\n<div class=\"col-xs-6\">Matching quantity<\/div>\n<\/td>\n<td>\u22643<\/td>\n<\/tr>\n<tr class=\"odd\">\n<td>\n<div class=\"col-xs-6\">Installation location<\/div>\n<\/td>\n<td>\n<div class=\"attribute row\">\n<div class=\"col-xs-6\">Indoor<\/div>\n<\/div>\n<\/td>\n<\/tr>\n<tr class=\"even\">\n<td>\n<div class=\"col-xs-6\">Altitude, mm<\/div>\n<\/td>\n<td>\n<div class=\"attribute row\">\n<div class=\"col-xs-6\">\u2264 2000<\/div>\n<\/div>\n<\/td>\n<\/tr>\n<tr class=\"odd\">\n<td>\n<div class=\"col-xs-6\">Operation temperature, \u00b0C<\/div>\n<\/td>\n<td>\n<div class=\"attribute row\">\n<div class=\"col-xs-6\">-20&#8230;+55<\/div>\n<\/div>\n<\/td>\n<\/tr>\n<tr class=\"even\">\n<td>\n<div class=\"col-xs-6\">Humidity<\/div>\n<\/td>\n<td>\n<div class=\"attribute row\">\n<div class=\"col-xs-6\">\u2264 95%RH, without condensation<\/div>\n<\/div>\n<\/td>\n<\/tr>\n<tr class=\"odd\">\n<td>\n<div class=\"col-xs-6\">Net dimensions (LxWxH), mm<\/div>\n<\/td>\n<td>\n<div class=\"attribute row\">\n<div class=\"col-xs-6\">76x89x76<\/div>\n<\/div>\n<\/td>\n<\/tr>\n<tr class=\"even\">\n<td>\n<div class=\"col-xs-6\">Net weight, kg<\/div>\n<\/td>\n<td>&lt; 0.5<\/td>\n<\/tr>\n<tr class=\"odd\">\n<td>\n<div class=\"col-xs-6\">Protection class<\/div>\n<\/td>\n<td>IP00<\/td>\n<\/tr>\n<tr class=\"even\">\n<td>\n<div class=\"col-xs-6\">EAN code<\/div>\n<\/td>\n<td>4260405366415<\/td>\n<\/tr>\n<\/tbody>\n<\/table>\n<p>Assembled in PRC.<\/p>\n<p>&nbsp;<\/p>","protected":false},"featured_media":14716,"template":"","meta":{"_acf_changed":false,"inline_featured_image":false},"product_brand":[],"product_cat":[92,181],"product_tag":[],"class_list":{"0":"post-14715","1":"product","2":"type-product","3":"status-publish","4":"has-post-thumbnail","6":"product_cat-laadimisjaamad","7":"product_cat-laos-olemas","8":"product_shipping_class-vaikepakk","9":"brand-konner-sohnen","11":"first","12":"instock","13":"taxable","14":"shipping-taxable","15":"purchasable","16":"product-type-simple"},"acf":[],"yoast_head":"<!-- This site is optimized with the Yoast SEO plugin v26.2 - https:\/\/yoast.com\/wordpress\/plugins\/seo\/ -->\n<title>Laadimisjaam elektris\u00f5idukile KS SLC - Genekas24<\/title>\n<meta name=\"robots\" content=\"index, follow, max-snippet:-1, max-image-preview:large, max-video-preview:-1\" \/>\n<link rel=\"canonical\" href=\"https:\/\/staging.genekas24.ee\/en\/product\/charging-station-for-electric-vehicle-ks-slc\/\" \/>\n<meta property=\"og:locale\" content=\"en_GB\" \/>\n<meta property=\"og:type\" content=\"article\" \/>\n<meta property=\"og:title\" content=\"Laadimisjaam elektris\u00f5idukile KS SLC - Genekas24\" \/>\n<meta property=\"og:description\" content=\"&nbsp;     Nimipinge, V   230\/400    Ekraan 1,3-tolline OLED ekraan   CT ava l\u00e4bim\u00f5\u00f5t, mm 16    Voolu tuvastamine, A 0~ 100   Side PLC (Power Line Communication)    Sobiv kogus \u22643    Paigalduskoht   Siseruumides     K\u00f5rgus, mm   \u2264 2000     T\u00f6\u00f6temperatuur, \u00b0C   -20...+55     Niiskus   \u2264 95% suhteline \u00f5huniiskus, ilma kondenseerumiseta     Neto m\u00f5\u00f5dud (PxLxK), mm   76x89x76     Netokaal, kg &lt; 0.5    Kaitseklass IP00    EAN kood 4260405366415    Kokku pandud HRV-s.  &nbsp;\" \/>\n<meta property=\"og:url\" content=\"https:\/\/staging.genekas24.ee\/en\/product\/charging-station-for-electric-vehicle-ks-slc\/\" \/>\n<meta property=\"og:site_name\" content=\"Genekas24\" \/>\n<meta property=\"article:modified_time\" content=\"2025-12-10T09:36:06+00:00\" \/>\n<meta property=\"og:image\" content=\"https:\/\/staging.genekas24.ee\/wp-content\/uploads\/2023\/10\/ks-slc.jpg\" \/>\n\t<meta property=\"og:image:width\" content=\"1600\" \/>\n\t<meta property=\"og:image:height\" content=\"1200\" \/>\n\t<meta property=\"og:image:type\" content=\"image\/jpeg\" \/>\n<meta name=\"twitter:card\" content=\"summary_large_image\" \/>\n<meta name=\"twitter:label1\" content=\"Estimated reading time\" \/>\n\t<meta name=\"twitter:data1\" content=\"2 minutes\" \/>\n<script type=\"application\/ld+json\" class=\"yoast-schema-graph\">{\"@context\":\"https:\/\/schema.org\",\"@graph\":[{\"@type\":\"WebPage\",\"@id\":\"https:\/\/staging.genekas24.ee\/toode\/laadimisjaam-elektrisoidukile-ks-slc\/\",\"url\":\"https:\/\/staging.genekas24.ee\/toode\/laadimisjaam-elektrisoidukile-ks-slc\/\",\"name\":\"Laadimisjaam elektris\u00f5idukile KS SLC - Genekas24\",\"isPartOf\":{\"@id\":\"https:\/\/staging.genekas24.ee\/#website\"},\"primaryImageOfPage\":{\"@id\":\"https:\/\/staging.genekas24.ee\/toode\/laadimisjaam-elektrisoidukile-ks-slc\/#primaryimage\"},\"image\":{\"@id\":\"https:\/\/staging.genekas24.ee\/toode\/laadimisjaam-elektrisoidukile-ks-slc\/#primaryimage\"},\"thumbnailUrl\":\"https:\/\/staging.genekas24.ee\/wp-content\/uploads\/2023\/10\/ks-slc.jpg\",\"datePublished\":\"2023-10-03T14:12:23+00:00\",\"dateModified\":\"2025-12-10T09:36:06+00:00\",\"breadcrumb\":{\"@id\":\"https:\/\/staging.genekas24.ee\/toode\/laadimisjaam-elektrisoidukile-ks-slc\/#breadcrumb\"},\"inLanguage\":\"en-GB\",\"potentialAction\":[{\"@type\":\"ReadAction\",\"target\":[\"https:\/\/staging.genekas24.ee\/toode\/laadimisjaam-elektrisoidukile-ks-slc\/\"]}]},{\"@type\":\"ImageObject\",\"inLanguage\":\"en-GB\",\"@id\":\"https:\/\/staging.genekas24.ee\/toode\/laadimisjaam-elektrisoidukile-ks-slc\/#primaryimage\",\"url\":\"https:\/\/staging.genekas24.ee\/wp-content\/uploads\/2023\/10\/ks-slc.jpg\",\"contentUrl\":\"https:\/\/staging.genekas24.ee\/wp-content\/uploads\/2023\/10\/ks-slc.jpg\",\"width\":1600,\"height\":1200},{\"@type\":\"BreadcrumbList\",\"@id\":\"https:\/\/staging.genekas24.ee\/toode\/laadimisjaam-elektrisoidukile-ks-slc\/#breadcrumb\",\"itemListElement\":[{\"@type\":\"ListItem\",\"position\":1,\"name\":\"Home\",\"item\":\"https:\/\/staging.genekas24.ee\/\"},{\"@type\":\"ListItem\",\"position\":2,\"name\":\"Pood\",\"item\":\"https:\/\/staging.genekas24.ee\/pood\/\"},{\"@type\":\"ListItem\",\"position\":3,\"name\":\"Laadimisjaam elektris\u00f5idukile KS SLC\"}]},{\"@type\":\"WebSite\",\"@id\":\"https:\/\/staging.genekas24.ee\/#website\",\"url\":\"https:\/\/staging.genekas24.ee\/\",\"name\":\"Genekas24\",\"description\":\"Generaatorid | K&ouml;nner S&ouml;hnen tooted | Genekas24\",\"publisher\":{\"@id\":\"https:\/\/staging.genekas24.ee\/#organization\"},\"potentialAction\":[{\"@type\":\"SearchAction\",\"target\":{\"@type\":\"EntryPoint\",\"urlTemplate\":\"https:\/\/staging.genekas24.ee\/?s={search_term_string}\"},\"query-input\":{\"@type\":\"PropertyValueSpecification\",\"valueRequired\":true,\"valueName\":\"search_term_string\"}}],\"inLanguage\":\"en-GB\"},{\"@type\":\"Organization\",\"@id\":\"https:\/\/staging.genekas24.ee\/#organization\",\"name\":\"Genekas24\",\"url\":\"https:\/\/staging.genekas24.ee\/\",\"logo\":{\"@type\":\"ImageObject\",\"inLanguage\":\"en-GB\",\"@id\":\"https:\/\/staging.genekas24.ee\/#\/schema\/logo\/image\/\",\"url\":\"https:\/\/staging.genekas24.ee\/wp-content\/uploads\/2026\/01\/genekas24-logo_black.svg\",\"contentUrl\":\"https:\/\/staging.genekas24.ee\/wp-content\/uploads\/2026\/01\/genekas24-logo_black.svg\",\"width\":840,\"height\":131,\"caption\":\"Genekas24\"},\"image\":{\"@id\":\"https:\/\/staging.genekas24.ee\/#\/schema\/logo\/image\/\"}}]}<\/script>\n<!-- \/ Yoast SEO plugin. -->","yoast_head_json":{"title":"Laadimisjaam elektris\u00f5idukile KS SLC - Genekas24","robots":{"index":"index","follow":"follow","max-snippet":"max-snippet:-1","max-image-preview":"max-image-preview:large","max-video-preview":"max-video-preview:-1"},"canonical":"https:\/\/staging.genekas24.ee\/en\/product\/charging-station-for-electric-vehicle-ks-slc\/","og_locale":"en_GB","og_type":"article","og_title":"Laadimisjaam elektris\u00f5idukile KS SLC - Genekas24","og_description":"&nbsp;     Nimipinge, V   230\/400    Ekraan 1,3-tolline OLED ekraan   CT ava l\u00e4bim\u00f5\u00f5t, mm 16    Voolu tuvastamine, A 0~ 100   Side PLC (Power Line Communication)    Sobiv kogus \u22643    Paigalduskoht   Siseruumides     K\u00f5rgus, mm   \u2264 2000     T\u00f6\u00f6temperatuur, \u00b0C   -20...+55     Niiskus   \u2264 95% suhteline \u00f5huniiskus, ilma kondenseerumiseta     Neto m\u00f5\u00f5dud (PxLxK), mm   76x89x76     Netokaal, kg &lt; 0.5    Kaitseklass IP00    EAN kood 4260405366415    Kokku pandud HRV-s.  &nbsp;","og_url":"https:\/\/staging.genekas24.ee\/en\/product\/charging-station-for-electric-vehicle-ks-slc\/","og_site_name":"Genekas24","article_modified_time":"2025-12-10T09:36:06+00:00","og_image":[{"width":1600,"height":1200,"url":"https:\/\/staging.genekas24.ee\/wp-content\/uploads\/2023\/10\/ks-slc.jpg","type":"image\/jpeg"}],"twitter_card":"summary_large_image","twitter_misc":{"Estimated reading time":"2 minutes"},"schema":{"@context":"https:\/\/schema.org","@graph":[{"@type":"WebPage","@id":"https:\/\/staging.genekas24.ee\/toode\/laadimisjaam-elektrisoidukile-ks-slc\/","url":"https:\/\/staging.genekas24.ee\/toode\/laadimisjaam-elektrisoidukile-ks-slc\/","name":"Laadimisjaam elektris\u00f5idukile KS SLC - Genekas24","isPartOf":{"@id":"https:\/\/staging.genekas24.ee\/#website"},"primaryImageOfPage":{"@id":"https:\/\/staging.genekas24.ee\/toode\/laadimisjaam-elektrisoidukile-ks-slc\/#primaryimage"},"image":{"@id":"https:\/\/staging.genekas24.ee\/toode\/laadimisjaam-elektrisoidukile-ks-slc\/#primaryimage"},"thumbnailUrl":"https:\/\/staging.genekas24.ee\/wp-content\/uploads\/2023\/10\/ks-slc.jpg","datePublished":"2023-10-03T14:12:23+00:00","dateModified":"2025-12-10T09:36:06+00:00","breadcrumb":{"@id":"https:\/\/staging.genekas24.ee\/toode\/laadimisjaam-elektrisoidukile-ks-slc\/#breadcrumb"},"inLanguage":"en-GB","potentialAction":[{"@type":"ReadAction","target":["https:\/\/staging.genekas24.ee\/toode\/laadimisjaam-elektrisoidukile-ks-slc\/"]}]},{"@type":"ImageObject","inLanguage":"en-GB","@id":"https:\/\/staging.genekas24.ee\/toode\/laadimisjaam-elektrisoidukile-ks-slc\/#primaryimage","url":"https:\/\/staging.genekas24.ee\/wp-content\/uploads\/2023\/10\/ks-slc.jpg","contentUrl":"https:\/\/staging.genekas24.ee\/wp-content\/uploads\/2023\/10\/ks-slc.jpg","width":1600,"height":1200},{"@type":"BreadcrumbList","@id":"https:\/\/staging.genekas24.ee\/toode\/laadimisjaam-elektrisoidukile-ks-slc\/#breadcrumb","itemListElement":[{"@type":"ListItem","position":1,"name":"Home","item":"https:\/\/staging.genekas24.ee\/"},{"@type":"ListItem","position":2,"name":"Pood","item":"https:\/\/staging.genekas24.ee\/pood\/"},{"@type":"ListItem","position":3,"name":"Laadimisjaam elektris\u00f5idukile KS SLC"}]},{"@type":"WebSite","@id":"https:\/\/staging.genekas24.ee\/#website","url":"https:\/\/staging.genekas24.ee\/","name":"Genekas24","description":"Generaatorid | K&ouml;nner S&ouml;hnen tooted | Genekas24","publisher":{"@id":"https:\/\/staging.genekas24.ee\/#organization"},"potentialAction":[{"@type":"SearchAction","target":{"@type":"EntryPoint","urlTemplate":"https:\/\/staging.genekas24.ee\/?s={search_term_string}"},"query-input":{"@type":"PropertyValueSpecification","valueRequired":true,"valueName":"search_term_string"}}],"inLanguage":"en-GB"},{"@type":"Organization","@id":"https:\/\/staging.genekas24.ee\/#organization","name":"Genekas24","url":"https:\/\/staging.genekas24.ee\/","logo":{"@type":"ImageObject","inLanguage":"en-GB","@id":"https:\/\/staging.genekas24.ee\/#\/schema\/logo\/image\/","url":"https:\/\/staging.genekas24.ee\/wp-content\/uploads\/2026\/01\/genekas24-logo_black.svg","contentUrl":"https:\/\/staging.genekas24.ee\/wp-content\/uploads\/2026\/01\/genekas24-logo_black.svg","width":840,"height":131,"caption":"Genekas24"},"image":{"@id":"https:\/\/staging.genekas24.ee\/#\/schema\/logo\/image\/"}}]}},"_links":{"self":[{"href":"https:\/\/staging.genekas24.ee\/en\/wp-json\/wp\/v2\/product\/14715","targetHints":{"allow":["GET"]}}],"collection":[{"href":"https:\/\/staging.genekas24.ee\/en\/wp-json\/wp\/v2\/product"}],"about":[{"href":"https:\/\/staging.genekas24.ee\/en\/wp-json\/wp\/v2\/types\/product"}],"version-history":[{"count":10,"href":"https:\/\/staging.genekas24.ee\/en\/wp-json\/wp\/v2\/product\/14715\/revisions"}],"predecessor-version":[{"id":21249,"href":"https:\/\/staging.genekas24.ee\/en\/wp-json\/wp\/v2\/product\/14715\/revisions\/21249"}],"wp:featuredmedia":[{"embeddable":true,"href":"https:\/\/staging.genekas24.ee\/en\/wp-json\/wp\/v2\/media\/14716"}],"wp:attachment":[{"href":"https:\/\/staging.genekas24.ee\/en\/wp-json\/wp\/v2\/media?parent=14715"}],"wp:term":[{"taxonomy":"product_brand","embeddable":true,"href":"https:\/\/staging.genekas24.ee\/en\/wp-json\/wp\/v2\/product_brand?post=14715"},{"taxonomy":"product_cat","embeddable":true,"href":"https:\/\/staging.genekas24.ee\/en\/wp-json\/wp\/v2\/product_cat?post=14715"},{"taxonomy":"product_tag","embeddable":true,"href":"https:\/\/staging.genekas24.ee\/en\/wp-json\/wp\/v2\/product_tag?post=14715"}],"curies":[{"name":"wp","href":"https:\/\/api.w.org\/{rel}","templated":true}]}}