{"id":14342,"date":"2023-08-30T13:45:54","date_gmt":"2023-08-30T13:45:54","guid":{"rendered":"https:\/\/staging.genekas24.ee\/?post_type=product&#038;p=14342"},"modified":"2025-12-23T10:10:09","modified_gmt":"2025-12-23T10:10:09","slug":"pikendusjuhe-rull-ks-crm-30m","status":"publish","type":"product","link":"https:\/\/staging.genekas24.ee\/en\/product\/extension-cord-ks-crm-30m\/","title":{"rendered":"Extension cord KS CRM-30M"},"content":{"rendered":"<p><span data-sheets-value=\"{&quot;1&quot;:2,&quot;2&quot;:&quot;Pikendusjuhe rull KS CRM-30M kaabli pikkusega 30 meetrit sobib kuni 4 elektriseadme \u00fcheaegseks kaug\u00fchendamiseks 230 V v\u00f5rku. Sellel on IP44 kaitseklass, mis v\u00f5imaldab kasutada nii v\u00e4litingimustes kui ka k\u00f5rge \u00f5huniiskusega, kuna see on kaitstud juhuslike veepiiskade ja tahkete osakeste sissetungimise eest.&quot;}\" data-sheets-userformat=\"{&quot;2&quot;:9089,&quot;3&quot;:{&quot;1&quot;:0},&quot;10&quot;:0,&quot;11&quot;:4,&quot;12&quot;:0,&quot;16&quot;:9}\">Cord reel KS CRM-30M with a cable length of 30 meters is suitable for remote connection of up to 4 electrical appliances simultaneously to a 230 V network. It has an IP44 protection class, which makes it possible to use outdoors, as well as in high humidity, thanks to the protection against the ingress of accidental drops of water and from the penetration of solid particles.<\/span><\/p>\n<table>\n<tbody>\n<tr class=\"even\">\n<td><img fetchpriority=\"high\" decoding=\"async\" class=\"alignnone size-medium wp-image-20431\" src=\"https:\/\/staging.genekas24.ee\/wp-content\/uploads\/2023\/08\/cord-reel_rubber30m-300x300.webp\" alt=\"\" width=\"300\" height=\"300\" srcset=\"https:\/\/staging.genekas24.ee\/wp-content\/uploads\/2023\/08\/cord-reel_rubber30m-300x300.webp 300w, https:\/\/staging.genekas24.ee\/wp-content\/uploads\/2023\/08\/cord-reel_rubber30m-150x150.webp 150w, https:\/\/staging.genekas24.ee\/wp-content\/uploads\/2023\/08\/cord-reel_rubber30m-12x12.webp 12w, https:\/\/staging.genekas24.ee\/wp-content\/uploads\/2023\/08\/cord-reel_rubber30m-100x100.webp 100w, https:\/\/staging.genekas24.ee\/wp-content\/uploads\/2023\/08\/cord-reel_rubber30m.webp 500w\" sizes=\"(max-width: 300px) 100vw, 300px\" \/><\/td>\n<td><strong>FULL PROTECTION<\/strong><\/p>\n<p>Rubber extension cable is completely protected from moisture, industrial and agricultural chemicals, sunlight and solid particles. Retains its elasticity at any temperature, which allows using it at any time of year both indoors and outdoors. The reel sockets are equipped with protective covers.<\/td>\n<\/tr>\n<tr class=\"even\">\n<td><img decoding=\"async\" class=\"alignnone size-medium wp-image-20430\" src=\"https:\/\/staging.genekas24.ee\/wp-content\/uploads\/2023\/08\/cord-reel_kscrm30m-300x300.webp\" alt=\"\" width=\"300\" height=\"300\" srcset=\"https:\/\/staging.genekas24.ee\/wp-content\/uploads\/2023\/08\/cord-reel_kscrm30m-300x300.webp 300w, https:\/\/staging.genekas24.ee\/wp-content\/uploads\/2023\/08\/cord-reel_kscrm30m-150x150.webp 150w, https:\/\/staging.genekas24.ee\/wp-content\/uploads\/2023\/08\/cord-reel_kscrm30m-12x12.webp 12w, https:\/\/staging.genekas24.ee\/wp-content\/uploads\/2023\/08\/cord-reel_kscrm30m-100x100.webp 100w, https:\/\/staging.genekas24.ee\/wp-content\/uploads\/2023\/08\/cord-reel_kscrm30m.webp 500w\" sizes=\"(max-width: 300px) 100vw, 300px\" \/><\/td>\n<td><strong>CABLE LENGTH<\/strong><\/p>\n<p>The extension cord on the reel has a cable length of 30 meters and is suitable for remote connection of 4 electrical appliances simultaneously. It can be used for construction and repair works, agrocultural industry, factories and warehouses. Will be a reliable assistant in camping and in the country.<\/td>\n<\/tr>\n<tr class=\"even\">\n<td><img decoding=\"async\" class=\"alignnone size-medium wp-image-20432\" src=\"https:\/\/staging.genekas24.ee\/wp-content\/uploads\/2023\/08\/cord-reel_handle30-300x300.webp\" alt=\"\" width=\"300\" height=\"300\" srcset=\"https:\/\/staging.genekas24.ee\/wp-content\/uploads\/2023\/08\/cord-reel_handle30-300x300.webp 300w, https:\/\/staging.genekas24.ee\/wp-content\/uploads\/2023\/08\/cord-reel_handle30-150x150.webp 150w, https:\/\/staging.genekas24.ee\/wp-content\/uploads\/2023\/08\/cord-reel_handle30-12x12.webp 12w, https:\/\/staging.genekas24.ee\/wp-content\/uploads\/2023\/08\/cord-reel_handle30-100x100.webp 100w, https:\/\/staging.genekas24.ee\/wp-content\/uploads\/2023\/08\/cord-reel_handle30.webp 500w\" sizes=\"(max-width: 300px) 100vw, 300px\" \/><\/td>\n<td><strong>ERGONOMIC HANDLE<\/strong><\/p>\n<p>The soft handle, covered with rubber, makes transportation of the reel simple and comfortable. The embossed rubber texture prevents the reel from slipping.<\/td>\n<\/tr>\n<tr class=\"even\">\n<td><img loading=\"lazy\" decoding=\"async\" class=\"alignnone size-medium wp-image-20434\" src=\"https:\/\/staging.genekas24.ee\/wp-content\/uploads\/2023\/08\/ks-crm-30m_02-300x238.webp\" alt=\"\" width=\"300\" height=\"238\" srcset=\"https:\/\/staging.genekas24.ee\/wp-content\/uploads\/2023\/08\/ks-crm-30m_02-300x238.webp 300w, https:\/\/staging.genekas24.ee\/wp-content\/uploads\/2023\/08\/ks-crm-30m_02-768x608.webp 768w, https:\/\/staging.genekas24.ee\/wp-content\/uploads\/2023\/08\/ks-crm-30m_02-15x12.webp 15w, https:\/\/staging.genekas24.ee\/wp-content\/uploads\/2023\/08\/ks-crm-30m_02-600x475.webp 600w, https:\/\/staging.genekas24.ee\/wp-content\/uploads\/2023\/08\/ks-crm-30m_02.webp 900w\" sizes=\"(max-width: 300px) 100vw, 300px\" \/><\/td>\n<td><strong>CABLE HOLDER<\/strong><\/p>\n<p>Cable holder, located on the bottom part of the reel frame, allows you to easily and safely unwind and rewind the cable, as well as securely and quickly secure the cable during transportation or for compact storage of the device.<\/td>\n<\/tr>\n<tr class=\"even\">\n<td><img loading=\"lazy\" decoding=\"async\" class=\"alignnone size-medium wp-image-20433\" src=\"https:\/\/staging.genekas24.ee\/wp-content\/uploads\/2023\/08\/cord-reel_copper-300x300.webp\" alt=\"\" width=\"300\" height=\"300\" srcset=\"https:\/\/staging.genekas24.ee\/wp-content\/uploads\/2023\/08\/cord-reel_copper-300x300.webp 300w, https:\/\/staging.genekas24.ee\/wp-content\/uploads\/2023\/08\/cord-reel_copper-150x150.webp 150w, https:\/\/staging.genekas24.ee\/wp-content\/uploads\/2023\/08\/cord-reel_copper-12x12.webp 12w, https:\/\/staging.genekas24.ee\/wp-content\/uploads\/2023\/08\/cord-reel_copper-100x100.webp 100w, https:\/\/staging.genekas24.ee\/wp-content\/uploads\/2023\/08\/cord-reel_copper.webp 500w\" sizes=\"(max-width: 300px) 100vw, 300px\" \/><\/td>\n<td><strong>100% COPPER<\/strong><\/p>\n<p>Reel is equipped with a 100% copper cable 3\u00d71.5 mm2. Only copper is able to withstand long-term maximum loads, which makes the cable durable and extends its service life.<\/td>\n<\/tr>\n<\/tbody>\n<\/table>","protected":false},"excerpt":{"rendered":"<table>\n<tbody>\n<tr class=\"even\">\n<td>Total power (wound cable)<\/td>\n<td>1200 W<\/td>\n<\/tr>\n<tr class=\"even\">\n<td>Total power (unwound cable)<\/td>\n<td>3600 W<\/td>\n<\/tr>\n<tr class=\"odd\">\n<td>Plug<\/td>\n<td>1*16\u0410\/230V<\/td>\n<\/tr>\n<tr class=\"even\">\n<td>Sockets with protective cap<\/td>\n<td>4*16\u0410\/230V<\/td>\n<\/tr>\n<tr class=\"odd\">\n<td>Cable length<\/td>\n<td>30 m<\/td>\n<\/tr>\n<tr class=\"even\">\n<td>Cable (100% copper)<\/td>\n<td>3*2.5 mm<sup>2<\/sup><\/td>\n<\/tr>\n<tr class=\"odd\">\n<td>Material of extension board reel<\/td>\n<td>Metal<\/td>\n<\/tr>\n<tr class=\"even\">\n<td>Protection class<\/td>\n<td>IP44<\/td>\n<\/tr>\n<\/tbody>\n<\/table>","protected":false},"featured_media":14345,"template":"","meta":{"_acf_changed":false,"inline_featured_image":false},"product_brand":[],"product_cat":[179,156,181,28],"product_tag":[],"class_list":{"0":"post-14342","1":"product","2":"type-product","3":"status-publish","4":"has-post-thumbnail","6":"product_cat-allahinnatud","7":"product_cat-generaatori-tarvikud","8":"product_cat-laos-olemas","9":"product_cat-kaablid","10":"product_shipping_class-vaikepakk","11":"brand-konner-sohnen","13":"first","14":"instock","15":"sale","16":"taxable","17":"shipping-taxable","18":"purchasable","19":"product-type-simple"},"acf":[],"yoast_head":"<!-- This site is optimized with the Yoast SEO plugin v26.2 - https:\/\/yoast.com\/wordpress\/plugins\/seo\/ -->\n<title>Pikendusjuhe rull KS CRM-30M - Genekas24<\/title>\n<meta name=\"robots\" content=\"index, follow, max-snippet:-1, max-image-preview:large, max-video-preview:-1\" \/>\n<link rel=\"canonical\" href=\"https:\/\/staging.genekas24.ee\/en\/product\/extension-cord-ks-crm-30m\/\" \/>\n<meta property=\"og:locale\" content=\"en_GB\" \/>\n<meta property=\"og:type\" content=\"article\" \/>\n<meta property=\"og:title\" content=\"Pikendusjuhe rull KS CRM-30M - Genekas24\" \/>\n<meta property=\"og:description\" content=\"Koguv\u00f5imsus (rullis kaabel) 1200 W   Koguv\u00f5imsus (lahti keritud kaabel) 3600 W   Pistik 1*16\u0410\/230V   Kaitsekorgiga pistikupesad 4*16\u0410\/230V   Kaabli pikkus 30 m   Kaabel (100% vask) 3*2.5 mm2   Pikendusplaadi rulli materjal Metall   Kaitseklass IP44\" \/>\n<meta property=\"og:url\" content=\"https:\/\/staging.genekas24.ee\/en\/product\/extension-cord-ks-crm-30m\/\" \/>\n<meta property=\"og:site_name\" content=\"Genekas24\" \/>\n<meta property=\"article:modified_time\" content=\"2025-12-23T10:10:09+00:00\" \/>\n<meta property=\"og:image\" content=\"https:\/\/staging.genekas24.ee\/wp-content\/uploads\/2023\/08\/KS-CRM-30M.png\" \/>\n\t<meta property=\"og:image:width\" content=\"900\" \/>\n\t<meta property=\"og:image:height\" content=\"713\" \/>\n\t<meta property=\"og:image:type\" content=\"image\/png\" \/>\n<meta name=\"twitter:card\" content=\"summary_large_image\" \/>\n<meta name=\"twitter:label1\" content=\"Estimated reading time\" \/>\n\t<meta name=\"twitter:data1\" content=\"3 minutes\" \/>\n<script type=\"application\/ld+json\" class=\"yoast-schema-graph\">{\"@context\":\"https:\/\/schema.org\",\"@graph\":[{\"@type\":\"WebPage\",\"@id\":\"https:\/\/staging.genekas24.ee\/toode\/pikendusjuhe-rull-ks-crm-30m\/\",\"url\":\"https:\/\/staging.genekas24.ee\/toode\/pikendusjuhe-rull-ks-crm-30m\/\",\"name\":\"Pikendusjuhe rull KS CRM-30M - Genekas24\",\"isPartOf\":{\"@id\":\"https:\/\/staging.genekas24.ee\/#website\"},\"primaryImageOfPage\":{\"@id\":\"https:\/\/staging.genekas24.ee\/toode\/pikendusjuhe-rull-ks-crm-30m\/#primaryimage\"},\"image\":{\"@id\":\"https:\/\/staging.genekas24.ee\/toode\/pikendusjuhe-rull-ks-crm-30m\/#primaryimage\"},\"thumbnailUrl\":\"https:\/\/staging.genekas24.ee\/wp-content\/uploads\/2023\/08\/KS-CRM-30M.png\",\"datePublished\":\"2023-08-30T13:45:54+00:00\",\"dateModified\":\"2025-12-23T10:10:09+00:00\",\"breadcrumb\":{\"@id\":\"https:\/\/staging.genekas24.ee\/toode\/pikendusjuhe-rull-ks-crm-30m\/#breadcrumb\"},\"inLanguage\":\"en-GB\",\"potentialAction\":[{\"@type\":\"ReadAction\",\"target\":[\"https:\/\/staging.genekas24.ee\/toode\/pikendusjuhe-rull-ks-crm-30m\/\"]}]},{\"@type\":\"ImageObject\",\"inLanguage\":\"en-GB\",\"@id\":\"https:\/\/staging.genekas24.ee\/toode\/pikendusjuhe-rull-ks-crm-30m\/#primaryimage\",\"url\":\"https:\/\/staging.genekas24.ee\/wp-content\/uploads\/2023\/08\/KS-CRM-30M.png\",\"contentUrl\":\"https:\/\/staging.genekas24.ee\/wp-content\/uploads\/2023\/08\/KS-CRM-30M.png\",\"width\":900,\"height\":713},{\"@type\":\"BreadcrumbList\",\"@id\":\"https:\/\/staging.genekas24.ee\/toode\/pikendusjuhe-rull-ks-crm-30m\/#breadcrumb\",\"itemListElement\":[{\"@type\":\"ListItem\",\"position\":1,\"name\":\"Home\",\"item\":\"https:\/\/staging.genekas24.ee\/\"},{\"@type\":\"ListItem\",\"position\":2,\"name\":\"Pood\",\"item\":\"https:\/\/staging.genekas24.ee\/pood\/\"},{\"@type\":\"ListItem\",\"position\":3,\"name\":\"Pikendusjuhe rull KS CRM-30M\"}]},{\"@type\":\"WebSite\",\"@id\":\"https:\/\/staging.genekas24.ee\/#website\",\"url\":\"https:\/\/staging.genekas24.ee\/\",\"name\":\"Genekas24\",\"description\":\"Generaatorid | K&ouml;nner S&ouml;hnen tooted | Genekas24\",\"publisher\":{\"@id\":\"https:\/\/staging.genekas24.ee\/#organization\"},\"potentialAction\":[{\"@type\":\"SearchAction\",\"target\":{\"@type\":\"EntryPoint\",\"urlTemplate\":\"https:\/\/staging.genekas24.ee\/?s={search_term_string}\"},\"query-input\":{\"@type\":\"PropertyValueSpecification\",\"valueRequired\":true,\"valueName\":\"search_term_string\"}}],\"inLanguage\":\"en-GB\"},{\"@type\":\"Organization\",\"@id\":\"https:\/\/staging.genekas24.ee\/#organization\",\"name\":\"Genekas24\",\"url\":\"https:\/\/staging.genekas24.ee\/\",\"logo\":{\"@type\":\"ImageObject\",\"inLanguage\":\"en-GB\",\"@id\":\"https:\/\/staging.genekas24.ee\/#\/schema\/logo\/image\/\",\"url\":\"https:\/\/staging.genekas24.ee\/wp-content\/uploads\/2026\/01\/genekas24-logo_black.svg\",\"contentUrl\":\"https:\/\/staging.genekas24.ee\/wp-content\/uploads\/2026\/01\/genekas24-logo_black.svg\",\"width\":840,\"height\":131,\"caption\":\"Genekas24\"},\"image\":{\"@id\":\"https:\/\/staging.genekas24.ee\/#\/schema\/logo\/image\/\"}}]}<\/script>\n<!-- \/ Yoast SEO plugin. -->","yoast_head_json":{"title":"Pikendusjuhe rull KS CRM-30M - Genekas24","robots":{"index":"index","follow":"follow","max-snippet":"max-snippet:-1","max-image-preview":"max-image-preview:large","max-video-preview":"max-video-preview:-1"},"canonical":"https:\/\/staging.genekas24.ee\/en\/product\/extension-cord-ks-crm-30m\/","og_locale":"en_GB","og_type":"article","og_title":"Pikendusjuhe rull KS CRM-30M - Genekas24","og_description":"Koguv\u00f5imsus (rullis kaabel) 1200 W   Koguv\u00f5imsus (lahti keritud kaabel) 3600 W   Pistik 1*16\u0410\/230V   Kaitsekorgiga pistikupesad 4*16\u0410\/230V   Kaabli pikkus 30 m   Kaabel (100% vask) 3*2.5 mm2   Pikendusplaadi rulli materjal Metall   Kaitseklass IP44","og_url":"https:\/\/staging.genekas24.ee\/en\/product\/extension-cord-ks-crm-30m\/","og_site_name":"Genekas24","article_modified_time":"2025-12-23T10:10:09+00:00","og_image":[{"width":900,"height":713,"url":"https:\/\/staging.genekas24.ee\/wp-content\/uploads\/2023\/08\/KS-CRM-30M.png","type":"image\/png"}],"twitter_card":"summary_large_image","twitter_misc":{"Estimated reading time":"3 minutes"},"schema":{"@context":"https:\/\/schema.org","@graph":[{"@type":"WebPage","@id":"https:\/\/staging.genekas24.ee\/toode\/pikendusjuhe-rull-ks-crm-30m\/","url":"https:\/\/staging.genekas24.ee\/toode\/pikendusjuhe-rull-ks-crm-30m\/","name":"Pikendusjuhe rull KS CRM-30M - Genekas24","isPartOf":{"@id":"https:\/\/staging.genekas24.ee\/#website"},"primaryImageOfPage":{"@id":"https:\/\/staging.genekas24.ee\/toode\/pikendusjuhe-rull-ks-crm-30m\/#primaryimage"},"image":{"@id":"https:\/\/staging.genekas24.ee\/toode\/pikendusjuhe-rull-ks-crm-30m\/#primaryimage"},"thumbnailUrl":"https:\/\/staging.genekas24.ee\/wp-content\/uploads\/2023\/08\/KS-CRM-30M.png","datePublished":"2023-08-30T13:45:54+00:00","dateModified":"2025-12-23T10:10:09+00:00","breadcrumb":{"@id":"https:\/\/staging.genekas24.ee\/toode\/pikendusjuhe-rull-ks-crm-30m\/#breadcrumb"},"inLanguage":"en-GB","potentialAction":[{"@type":"ReadAction","target":["https:\/\/staging.genekas24.ee\/toode\/pikendusjuhe-rull-ks-crm-30m\/"]}]},{"@type":"ImageObject","inLanguage":"en-GB","@id":"https:\/\/staging.genekas24.ee\/toode\/pikendusjuhe-rull-ks-crm-30m\/#primaryimage","url":"https:\/\/staging.genekas24.ee\/wp-content\/uploads\/2023\/08\/KS-CRM-30M.png","contentUrl":"https:\/\/staging.genekas24.ee\/wp-content\/uploads\/2023\/08\/KS-CRM-30M.png","width":900,"height":713},{"@type":"BreadcrumbList","@id":"https:\/\/staging.genekas24.ee\/toode\/pikendusjuhe-rull-ks-crm-30m\/#breadcrumb","itemListElement":[{"@type":"ListItem","position":1,"name":"Home","item":"https:\/\/staging.genekas24.ee\/"},{"@type":"ListItem","position":2,"name":"Pood","item":"https:\/\/staging.genekas24.ee\/pood\/"},{"@type":"ListItem","position":3,"name":"Pikendusjuhe rull KS CRM-30M"}]},{"@type":"WebSite","@id":"https:\/\/staging.genekas24.ee\/#website","url":"https:\/\/staging.genekas24.ee\/","name":"Genekas24","description":"Generaatorid | K&ouml;nner S&ouml;hnen tooted | Genekas24","publisher":{"@id":"https:\/\/staging.genekas24.ee\/#organization"},"potentialAction":[{"@type":"SearchAction","target":{"@type":"EntryPoint","urlTemplate":"https:\/\/staging.genekas24.ee\/?s={search_term_string}"},"query-input":{"@type":"PropertyValueSpecification","valueRequired":true,"valueName":"search_term_string"}}],"inLanguage":"en-GB"},{"@type":"Organization","@id":"https:\/\/staging.genekas24.ee\/#organization","name":"Genekas24","url":"https:\/\/staging.genekas24.ee\/","logo":{"@type":"ImageObject","inLanguage":"en-GB","@id":"https:\/\/staging.genekas24.ee\/#\/schema\/logo\/image\/","url":"https:\/\/staging.genekas24.ee\/wp-content\/uploads\/2026\/01\/genekas24-logo_black.svg","contentUrl":"https:\/\/staging.genekas24.ee\/wp-content\/uploads\/2026\/01\/genekas24-logo_black.svg","width":840,"height":131,"caption":"Genekas24"},"image":{"@id":"https:\/\/staging.genekas24.ee\/#\/schema\/logo\/image\/"}}]}},"_links":{"self":[{"href":"https:\/\/staging.genekas24.ee\/en\/wp-json\/wp\/v2\/product\/14342","targetHints":{"allow":["GET"]}}],"collection":[{"href":"https:\/\/staging.genekas24.ee\/en\/wp-json\/wp\/v2\/product"}],"about":[{"href":"https:\/\/staging.genekas24.ee\/en\/wp-json\/wp\/v2\/types\/product"}],"version-history":[{"count":6,"href":"https:\/\/staging.genekas24.ee\/en\/wp-json\/wp\/v2\/product\/14342\/revisions"}],"predecessor-version":[{"id":20436,"href":"https:\/\/staging.genekas24.ee\/en\/wp-json\/wp\/v2\/product\/14342\/revisions\/20436"}],"wp:featuredmedia":[{"embeddable":true,"href":"https:\/\/staging.genekas24.ee\/en\/wp-json\/wp\/v2\/media\/14345"}],"wp:attachment":[{"href":"https:\/\/staging.genekas24.ee\/en\/wp-json\/wp\/v2\/media?parent=14342"}],"wp:term":[{"taxonomy":"product_brand","embeddable":true,"href":"https:\/\/staging.genekas24.ee\/en\/wp-json\/wp\/v2\/product_brand?post=14342"},{"taxonomy":"product_cat","embeddable":true,"href":"https:\/\/staging.genekas24.ee\/en\/wp-json\/wp\/v2\/product_cat?post=14342"},{"taxonomy":"product_tag","embeddable":true,"href":"https:\/\/staging.genekas24.ee\/en\/wp-json\/wp\/v2\/product_tag?post=14342"}],"curies":[{"name":"wp","href":"https:\/\/api.w.org\/{rel}","templated":true}]}}