{"id":12187,"date":"2023-01-23T21:10:14","date_gmt":"2023-01-23T21:10:14","guid":{"rendered":"https:\/\/staging.genekas24.ee\/?post_type=product&#038;p=12187"},"modified":"2025-12-17T16:31:34","modified_gmt":"2025-12-17T16:31:34","slug":"kaasaskantav-joujaam-ks-200ps","status":"publish","type":"product","link":"https:\/\/staging.genekas24.ee\/en\/product\/portable-power-station-ks-200ps\/","title":{"rendered":"Portable power station KS 200PS"},"content":{"rendered":"<div class=\"product-description text-content\">\n<p>The noise-free KS 200PS portable power station is ideal for camping, fishing, outdoor activities, short power outages and emergencies. It works quietly and efficiently powers up your electrical devices as you enjoy your time without any disturbing noise.<\/p>\n<p>\u200b<\/p>\n<table>\n<tbody>\n<tr class=\"even\">\n<td><img fetchpriority=\"high\" decoding=\"async\" class=\"alignnone size-medium wp-image-20443\" src=\"https:\/\/staging.genekas24.ee\/wp-content\/uploads\/2023\/01\/KS-200PS-macro-01-300x300.jpg\" alt=\"\" width=\"300\" height=\"300\" srcset=\"https:\/\/staging.genekas24.ee\/wp-content\/uploads\/2023\/01\/KS-200PS-macro-01-300x300.jpg 300w, https:\/\/staging.genekas24.ee\/wp-content\/uploads\/2023\/01\/KS-200PS-macro-01-150x150.jpg 150w, https:\/\/staging.genekas24.ee\/wp-content\/uploads\/2023\/01\/KS-200PS-macro-01-12x12.jpg 12w, https:\/\/staging.genekas24.ee\/wp-content\/uploads\/2023\/01\/KS-200PS-macro-01-100x100.jpg 100w, https:\/\/staging.genekas24.ee\/wp-content\/uploads\/2023\/01\/KS-200PS-macro-01.jpg 500w\" sizes=\"(max-width: 300px) 100vw, 300px\" \/><\/td>\n<td>\n<div class=\"product-feature row\">\n<div class=\"feature-content col-xs-12 col-sm-8 col-md-9\">\n<div class=\"feature-title\">\n<div class=\"feature-title\">\n<p><strong>HIGH QUALITY LITHIUM BATTERY<\/strong><\/p>\n<\/div>\n<\/div>\n<div class=\"feature-description\">\n<p>The portable power station is equipped with high quality lithium batteries that have a high capacity but at the same time are slim and lightweight and have a long lifespan and multi-safety features. The portable power station is equipped with a built-in BMS (Battery Management System) controlled by a smart power control processor. The multi-safety features ensure durable and safe operation.<\/p>\n<\/div>\n<\/div>\n<\/div>\n<\/td>\n<\/tr>\n<tr class=\"odd\">\n<td><img decoding=\"async\" class=\"alignnone size-medium wp-image-20448\" src=\"https:\/\/staging.genekas24.ee\/wp-content\/uploads\/2023\/01\/KS-200PS-macro-02-300x300.jpg\" alt=\"\" width=\"300\" height=\"300\" srcset=\"https:\/\/staging.genekas24.ee\/wp-content\/uploads\/2023\/01\/KS-200PS-macro-02-300x300.jpg 300w, https:\/\/staging.genekas24.ee\/wp-content\/uploads\/2023\/01\/KS-200PS-macro-02-150x150.jpg 150w, https:\/\/staging.genekas24.ee\/wp-content\/uploads\/2023\/01\/KS-200PS-macro-02-12x12.jpg 12w, https:\/\/staging.genekas24.ee\/wp-content\/uploads\/2023\/01\/KS-200PS-macro-02-100x100.jpg 100w, https:\/\/staging.genekas24.ee\/wp-content\/uploads\/2023\/01\/KS-200PS-macro-02.jpg 500w\" sizes=\"(max-width: 300px) 100vw, 300px\" \/><\/td>\n<td>\n<div class=\"product-feature row\">\n<div class=\"feature-content col-xs-12 col-sm-8 col-md-9\">\n<div class=\"feature-title\">\n<p><strong>V\u00d5IMSUSE EDASTAMISE TEHNOLOOGIA<\/strong><\/p>\n<\/div>\n<div class=\"feature-description\">\n<p>All K\u00f6nner &amp; S\u00f6hnen portable charging stations are equipped with Power Delivery technology, which ensures fast charging of batteries of modern smartphones and even laptops. Multi-port, compatible with many devices and includes: 1 direct current DC port, 1 alternating current AC port, 1 USB PD Quick Charge 3.0 port, 2 USB 2.1 ports, 1 USB Type-C port, convenient for powering a variety of electronic devices.<\/p>\n<\/div>\n<\/div>\n<\/div>\n<div class=\"product-feature row\"><\/div>\n<\/td>\n<\/tr>\n<tr class=\"even\">\n<td><img decoding=\"async\" class=\"alignnone size-medium wp-image-20444\" src=\"https:\/\/staging.genekas24.ee\/wp-content\/uploads\/2023\/01\/KS-200PS-macro-03-300x300.jpg\" alt=\"\" width=\"300\" height=\"300\" srcset=\"https:\/\/staging.genekas24.ee\/wp-content\/uploads\/2023\/01\/KS-200PS-macro-03-300x300.jpg 300w, https:\/\/staging.genekas24.ee\/wp-content\/uploads\/2023\/01\/KS-200PS-macro-03-150x150.jpg 150w, https:\/\/staging.genekas24.ee\/wp-content\/uploads\/2023\/01\/KS-200PS-macro-03-12x12.jpg 12w, https:\/\/staging.genekas24.ee\/wp-content\/uploads\/2023\/01\/KS-200PS-macro-03-100x100.jpg 100w, https:\/\/staging.genekas24.ee\/wp-content\/uploads\/2023\/01\/KS-200PS-macro-03.jpg 500w\" sizes=\"(max-width: 300px) 100vw, 300px\" \/><\/td>\n<td>\n<div class=\"feature-title\">\n<p><strong>REINFORCED PLASTIC CASE<\/strong><\/p>\n<\/div>\n<div class=\"feature-description\">\n<p>Korpus on valmistatud vastupidavast ABS plastikust- see on k\u00f5rgendatud l\u00f6\u00f6gikindluse ja vetruvusega materjal, mis garanteerib pikaajalise kasutamise. J\u00f5ujaam on varustatud sisseehitatud ventilaatoriga, mis t\u00f5hustab soojuse eemaldamist ja maksimaalset jahutamist. Toote kerel on kandesang transportimiseks.<\/p>\n<\/div>\n<\/td>\n<\/tr>\n<tr class=\"odd\">\n<td><img loading=\"lazy\" decoding=\"async\" class=\"alignnone size-medium wp-image-20445\" src=\"https:\/\/staging.genekas24.ee\/wp-content\/uploads\/2023\/01\/KS-200PS-macro-04-300x300.jpg\" alt=\"\" width=\"300\" height=\"300\" srcset=\"https:\/\/staging.genekas24.ee\/wp-content\/uploads\/2023\/01\/KS-200PS-macro-04-300x300.jpg 300w, https:\/\/staging.genekas24.ee\/wp-content\/uploads\/2023\/01\/KS-200PS-macro-04-150x150.jpg 150w, https:\/\/staging.genekas24.ee\/wp-content\/uploads\/2023\/01\/KS-200PS-macro-04-12x12.jpg 12w, https:\/\/staging.genekas24.ee\/wp-content\/uploads\/2023\/01\/KS-200PS-macro-04-100x100.jpg 100w, https:\/\/staging.genekas24.ee\/wp-content\/uploads\/2023\/01\/KS-200PS-macro-04.jpg 500w\" sizes=\"(max-width: 300px) 100vw, 300px\" \/><\/td>\n<td>\n<div class=\"product-feature row\">\n<div class=\"feature-content col-xs-12 col-sm-8 col-md-9\">\n<div class=\"feature-title\">\n<p><strong>LED DISPLAY<\/strong><\/p>\n<\/div>\n<div class=\"feature-description\">\n<p>The display shows several indicators, including: information about the current battery charge level, a charging progress indicator, as well as indicators for turning on the USB connectors, DC 12V and AC 230V outputs.<\/p>\n<\/div>\n<\/div>\n<\/div>\n<\/td>\n<\/tr>\n<tr class=\"even\">\n<td><img loading=\"lazy\" decoding=\"async\" class=\"alignnone size-medium wp-image-20446\" src=\"https:\/\/staging.genekas24.ee\/wp-content\/uploads\/2023\/01\/KS-200PS-macro-05-300x300.jpg\" alt=\"\" width=\"300\" height=\"300\" srcset=\"https:\/\/staging.genekas24.ee\/wp-content\/uploads\/2023\/01\/KS-200PS-macro-05-300x300.jpg 300w, https:\/\/staging.genekas24.ee\/wp-content\/uploads\/2023\/01\/KS-200PS-macro-05-150x150.jpg 150w, https:\/\/staging.genekas24.ee\/wp-content\/uploads\/2023\/01\/KS-200PS-macro-05-12x12.jpg 12w, https:\/\/staging.genekas24.ee\/wp-content\/uploads\/2023\/01\/KS-200PS-macro-05-100x100.jpg 100w, https:\/\/staging.genekas24.ee\/wp-content\/uploads\/2023\/01\/KS-200PS-macro-05.jpg 500w\" sizes=\"(max-width: 300px) 100vw, 300px\" \/><\/td>\n<td>\n<div class=\"feature-title\">\n<p><strong>LED LAMP<\/strong><\/p>\n<\/div>\n<div class=\"feature-description\">\n<p>Has a built-in ultra-bright LED lamp with three modes: LED lighting mode, LED SOS mode, LED flashing mode.<\/p>\n<\/div>\n<\/td>\n<\/tr>\n<tr class=\"odd\">\n<td><img loading=\"lazy\" decoding=\"async\" class=\"alignnone size-medium wp-image-20447\" src=\"https:\/\/staging.genekas24.ee\/wp-content\/uploads\/2023\/01\/KS-200PS-macro-06-300x300.webp\" alt=\"\" width=\"300\" height=\"300\" srcset=\"https:\/\/staging.genekas24.ee\/wp-content\/uploads\/2023\/01\/KS-200PS-macro-06-300x300.webp 300w, https:\/\/staging.genekas24.ee\/wp-content\/uploads\/2023\/01\/KS-200PS-macro-06-150x150.webp 150w, https:\/\/staging.genekas24.ee\/wp-content\/uploads\/2023\/01\/KS-200PS-macro-06-12x12.webp 12w, https:\/\/staging.genekas24.ee\/wp-content\/uploads\/2023\/01\/KS-200PS-macro-06-100x100.webp 100w, https:\/\/staging.genekas24.ee\/wp-content\/uploads\/2023\/01\/KS-200PS-macro-06.webp 500w\" sizes=\"(max-width: 300px) 100vw, 300px\" \/><\/td>\n<td>\n<div class=\"feature-title\">\n<p><strong>SEVERAL CHARGING OPTIONS<\/strong><\/p>\n<\/div>\n<div class=\"feature-description\">\n<p>There are several ways to charge the power station: from a solar panel using solar power (optional), from an AC mains socket using an adapter and a 12 V car cigarette lighter.<\/p>\n<\/div>\n<\/td>\n<\/tr>\n<\/tbody>\n<\/table>\n<\/div>","protected":false},"excerpt":{"rendered":"<div class=\"attributes\">\n<div class=\"attribute row\">\n<div class=\"col-xs-6\">\n<div class=\"attribute row\">\n<div class=\"col-xs-6\">\n<table>\n<tbody>\n<tr class=\"even\">\n<td width=\"60%\">\n<div class=\"col-xs-6\">Rated power, W<\/div>\n<\/td>\n<td>200<\/td>\n<\/tr>\n<tr class=\"odd\">\n<td>\n<div class=\"col-xs-6\">\n<div class=\"col-xs-6\">Peak power, W<\/div>\n<\/div>\n<\/td>\n<td>\n<div class=\"attribute row\">\n<div class=\"col-xs-6\">\n<div class=\"attribute row\">\n<div class=\"col-xs-6\">320 (3-5 sec.)<\/div>\n<\/div>\n<\/div>\n<\/div>\n<\/td>\n<\/tr>\n<tr class=\"even\">\n<td>\n<div class=\"col-xs-6\">\n<div class=\"col-xs-6\">Battery capacity<\/div>\n<\/div>\n<\/td>\n<td>\n<div class=\"attribute row\">\n<div class=\"col-xs-6\">222 W\u22c5h (20 \u0410\u22c5h, 11.1 V)<\/div>\n<\/div>\n<\/td>\n<\/tr>\n<tr class=\"odd\">\n<td>\n<div class=\"col-xs-6\">\n<div class=\"col-xs-6\">Battery Type<\/div>\n<\/div>\n<\/td>\n<td>\n<div class=\"attribute row\">\n<div class=\"col-xs-6\">\n<div class=\"attribute row\">\n<div class=\"col-xs-6\">Lithium-ion rechargeable battery<\/div>\n<\/div>\n<\/div>\n<\/div>\n<\/td>\n<\/tr>\n<tr class=\"even\">\n<td>\n<div class=\"col-xs-6\">\n<div class=\"col-xs-6\">Charge input<\/div>\n<\/div>\n<\/td>\n<td>\n<div class=\"attribute row\">\n<div class=\"col-xs-6\">15 V\/3 A<\/div>\n<\/div>\n<\/td>\n<\/tr>\n<tr class=\"odd\">\n<td>\n<div class=\"col-xs-6\">\n<div class=\"col-xs-6\">AC output<\/div>\n<\/div>\n<\/td>\n<td>\n<div class=\"attribute row\">\n<div class=\"col-xs-6\">\n<div class=\"attribute row\">\n<div class=\"col-xs-6\">1 x Schuko 230 V\/50 Hz (Modified Sine Wave)<\/div>\n<\/div>\n<\/div>\n<\/div>\n<\/td>\n<\/tr>\n<tr class=\"even\">\n<td>\n<div class=\"col-xs-6\">\n<div class=\"col-xs-6\">DC output<\/div>\n<\/div>\n<\/td>\n<td>\n<div class=\"attribute row\">\n<div class=\"col-xs-6\">\n<div class=\"attribute row\">\n<div class=\"col-xs-6\">2xDC 9~12.5 V\/10 A (15 \u0410 max.)<\/div>\n<\/div>\n<\/div>\n<\/div>\n<\/td>\n<\/tr>\n<tr class=\"odd\">\n<td>\n<div class=\"col-xs-6\">\n<div class=\"col-xs-6\">USB output<\/div>\n<\/div>\n<\/td>\n<td>\n<div class=\"attribute row\">\n<div class=\"col-xs-6\">\n<div class=\"attribute row\">\n<div class=\"col-xs-6\">2&#215;5 V\/2.1 A max.<\/div>\n<\/div>\n<\/div>\n<\/div>\n<\/td>\n<\/tr>\n<tr class=\"even\">\n<td>\n<div class=\"col-xs-6\">\n<div class=\"col-xs-6\">USB (Quick Charge 3.0)<\/div>\n<\/div>\n<\/td>\n<td>\n<div class=\"attribute row\">\n<div class=\"col-xs-6\">\n<div class=\"attribute row\">\n<div class=\"col-xs-6\">5~9 V\/2 A<\/div>\n<\/div>\n<\/div>\n<\/div>\n<\/td>\n<\/tr>\n<tr class=\"odd\">\n<td>\n<div class=\"col-xs-6\">\n<div class=\"col-xs-6\">Type-C output<\/div>\n<\/div>\n<\/td>\n<td>\n<div class=\"attribute row\">\n<div class=\"col-xs-6\">\n<div class=\"attribute row\">\n<div class=\"col-xs-6\">5~9 V\/2 A (PD 18 W)<\/div>\n<\/div>\n<\/div>\n<\/div>\n<\/td>\n<\/tr>\n<tr class=\"even\">\n<td>\n<div class=\"col-xs-6\">\n<div class=\"col-xs-6\">Solar charge input (PV-Input Anderson 1)<\/div>\n<\/div>\n<\/td>\n<td>\n<div class=\"attribute row\">\n<div class=\"col-xs-6\">&#8211;<\/div>\n<\/div>\n<\/td>\n<\/tr>\n<tr class=\"odd\">\n<td>\n<div class=\"col-xs-6\">\n<div class=\"col-xs-6\">LED flashlight<\/div>\n<\/div>\n<\/td>\n<td>\n<div class=\"attribute row\">\n<div class=\"col-xs-6\">\n<div class=\"attribute row\">\n<div class=\"col-xs-6\">+<\/div>\n<\/div>\n<\/div>\n<\/div>\n<\/td>\n<\/tr>\n<tr class=\"even\">\n<td>\n<div class=\"col-xs-6\">\n<div class=\"col-xs-6\">Operation temperature, \u00b0C<\/div>\n<\/div>\n<\/td>\n<td>\n<div class=\"attribute row\">\n<div class=\"col-xs-6\">-10 \u00b0C &#8230; 40 \u00b0C<\/div>\n<\/div>\n<\/td>\n<\/tr>\n<tr class=\"odd\">\n<td>\n<div class=\"col-xs-6\">\n<div class=\"col-xs-6\">Net dimensions (LxWxH), mm<\/div>\n<\/div>\n<\/td>\n<td>\n<div class=\"attribute row\">\n<div class=\"col-xs-6\">213 x 106 x 180<\/div>\n<\/div>\n<\/td>\n<\/tr>\n<tr class=\"even\">\n<td>\n<div class=\"col-xs-6\">\n<div class=\"col-xs-6\">Gross dimensions (LxWxH), mm<\/div>\n<\/div>\n<\/td>\n<td>\n<div class=\"attribute row\">\n<div class=\"col-xs-6\">325 \u0445 170 \u0445 245<\/div>\n<\/div>\n<\/td>\n<\/tr>\n<tr class=\"odd\">\n<td>\n<div class=\"col-xs-6\">\n<div class=\"col-xs-6\">Net weight, kg<\/div>\n<\/div>\n<\/td>\n<td>\n<div class=\"attribute row\">\n<div class=\"col-xs-6\">2.4<\/div>\n<\/div>\n<\/td>\n<\/tr>\n<tr class=\"even\">\n<td>\n<div class=\"col-xs-6\">\n<div class=\"col-xs-6\">Gross weight, kg<\/div>\n<\/div>\n<\/td>\n<td>\n<div class=\"attributes\">\n<div class=\"attribute row\">\n<div class=\"col-xs-6\">3.1<\/div>\n<\/div>\n<\/div>\n<\/td>\n<\/tr>\n<\/tbody>\n<\/table>\n<p>Assembled in PRC.<\/p>\n<\/div>\n<\/div>\n<\/div>\n<\/div>\n<\/div>","protected":false},"featured_media":12932,"template":"","meta":{"_acf_changed":false,"inline_featured_image":false},"product_brand":[],"product_cat":[179,181,41],"product_tag":[],"class_list":{"0":"post-12187","1":"product","2":"type-product","3":"status-publish","4":"has-post-thumbnail","6":"product_cat-allahinnatud","7":"product_cat-laos-olemas","8":"product_cat-kaasaskantavad-joujaamad","9":"product_shipping_class-vaikepakk","10":"brand-konner-sohnen","12":"first","13":"instock","14":"sale","15":"taxable","16":"shipping-taxable","17":"purchasable","18":"product-type-simple"},"acf":[],"yoast_head":"<!-- This site is optimized with the Yoast SEO plugin v26.2 - https:\/\/yoast.com\/wordpress\/plugins\/seo\/ -->\n<title>Kaasaskantav j\u00f5ujaam KS 200PS - Genekas24<\/title>\n<meta name=\"robots\" content=\"index, follow, max-snippet:-1, max-image-preview:large, max-video-preview:-1\" \/>\n<link rel=\"canonical\" href=\"https:\/\/staging.genekas24.ee\/en\/product\/portable-power-station-ks-200ps\/\" \/>\n<meta property=\"og:locale\" content=\"en_GB\" \/>\n<meta property=\"og:type\" content=\"article\" \/>\n<meta property=\"og:title\" content=\"Kaasaskantav j\u00f5ujaam KS 200PS - Genekas24\" \/>\n<meta property=\"og:description\" content=\"Hinnatud v\u00f5imsus, W 200     Tippv\u00f5imsus, W      320 (3-5 sec.)        Aku maht    222 W\u22c5h (20 \u0410\u22c5h, 11.1 V)      Aku t\u00fc\u00fcp      Lithium-ion laetav aku        Laadimissisend    15 V\/3 A      AC v\u00e4ljund      1 x Schuko 230 V\/50 Hz (Modified Sine Wave)        DC v\u00e4ljund      2xDC 9~12.5 V\/10 A (15 \u0410 max.)        USB v\u00e4ljund      2x5 V\/2.1 A max.        USB (Quick Charge 3.0)      5~9 V\/2 A        Type-C v\u00e4ljund      5~9 V\/2 A (PD 18 W)        P\u00e4ikesepaneeli sisend (PV-Input Anderson 1)    -      LED lamp      +        T\u00f6\u00f6temperatuur, \u00b0C    -10 \u00b0C ... 40 \u00b0C      Netom\u00f5\u00f5tmed (LxWxH), mm    213 x 106 x 180      Brutom\u00f5\u00f5tmed (LxWxH), mm    325 \u0445 170 \u0445 245      Netokaal, kg    2.4      Brutokaal, kg     3.1      Kokku pandud HRV-s.\" \/>\n<meta property=\"og:url\" content=\"https:\/\/staging.genekas24.ee\/en\/product\/portable-power-station-ks-200ps\/\" \/>\n<meta property=\"og:site_name\" content=\"Genekas24\" \/>\n<meta property=\"article:modified_time\" content=\"2025-12-17T16:31:34+00:00\" \/>\n<meta property=\"og:image\" content=\"https:\/\/staging.genekas24.ee\/wp-content\/uploads\/2023\/01\/ks-200ps_01-1.jpg\" \/>\n\t<meta property=\"og:image:width\" content=\"1600\" \/>\n\t<meta property=\"og:image:height\" content=\"1200\" \/>\n\t<meta property=\"og:image:type\" content=\"image\/jpeg\" \/>\n<meta name=\"twitter:card\" content=\"summary_large_image\" \/>\n<meta name=\"twitter:label1\" content=\"Estimated reading time\" \/>\n\t<meta name=\"twitter:data1\" content=\"3 minutes\" \/>\n<script type=\"application\/ld+json\" class=\"yoast-schema-graph\">{\"@context\":\"https:\/\/schema.org\",\"@graph\":[{\"@type\":\"WebPage\",\"@id\":\"https:\/\/staging.genekas24.ee\/toode\/kaasaskantav-joujaam-ks-200ps\/\",\"url\":\"https:\/\/staging.genekas24.ee\/toode\/kaasaskantav-joujaam-ks-200ps\/\",\"name\":\"Kaasaskantav j\u00f5ujaam KS 200PS - Genekas24\",\"isPartOf\":{\"@id\":\"https:\/\/staging.genekas24.ee\/#website\"},\"primaryImageOfPage\":{\"@id\":\"https:\/\/staging.genekas24.ee\/toode\/kaasaskantav-joujaam-ks-200ps\/#primaryimage\"},\"image\":{\"@id\":\"https:\/\/staging.genekas24.ee\/toode\/kaasaskantav-joujaam-ks-200ps\/#primaryimage\"},\"thumbnailUrl\":\"https:\/\/staging.genekas24.ee\/wp-content\/uploads\/2023\/01\/ks-200ps_01-1.jpg\",\"datePublished\":\"2023-01-23T21:10:14+00:00\",\"dateModified\":\"2025-12-17T16:31:34+00:00\",\"breadcrumb\":{\"@id\":\"https:\/\/staging.genekas24.ee\/toode\/kaasaskantav-joujaam-ks-200ps\/#breadcrumb\"},\"inLanguage\":\"en-GB\",\"potentialAction\":[{\"@type\":\"ReadAction\",\"target\":[\"https:\/\/staging.genekas24.ee\/toode\/kaasaskantav-joujaam-ks-200ps\/\"]}]},{\"@type\":\"ImageObject\",\"inLanguage\":\"en-GB\",\"@id\":\"https:\/\/staging.genekas24.ee\/toode\/kaasaskantav-joujaam-ks-200ps\/#primaryimage\",\"url\":\"https:\/\/staging.genekas24.ee\/wp-content\/uploads\/2023\/01\/ks-200ps_01-1.jpg\",\"contentUrl\":\"https:\/\/staging.genekas24.ee\/wp-content\/uploads\/2023\/01\/ks-200ps_01-1.jpg\",\"width\":1600,\"height\":1200},{\"@type\":\"BreadcrumbList\",\"@id\":\"https:\/\/staging.genekas24.ee\/toode\/kaasaskantav-joujaam-ks-200ps\/#breadcrumb\",\"itemListElement\":[{\"@type\":\"ListItem\",\"position\":1,\"name\":\"Home\",\"item\":\"https:\/\/staging.genekas24.ee\/\"},{\"@type\":\"ListItem\",\"position\":2,\"name\":\"Pood\",\"item\":\"https:\/\/staging.genekas24.ee\/pood\/\"},{\"@type\":\"ListItem\",\"position\":3,\"name\":\"Kaasaskantav j\u00f5ujaam KS 200PS\"}]},{\"@type\":\"WebSite\",\"@id\":\"https:\/\/staging.genekas24.ee\/#website\",\"url\":\"https:\/\/staging.genekas24.ee\/\",\"name\":\"Genekas24\",\"description\":\"Generaatorid | K&ouml;nner S&ouml;hnen tooted | Genekas24\",\"publisher\":{\"@id\":\"https:\/\/staging.genekas24.ee\/#organization\"},\"potentialAction\":[{\"@type\":\"SearchAction\",\"target\":{\"@type\":\"EntryPoint\",\"urlTemplate\":\"https:\/\/staging.genekas24.ee\/?s={search_term_string}\"},\"query-input\":{\"@type\":\"PropertyValueSpecification\",\"valueRequired\":true,\"valueName\":\"search_term_string\"}}],\"inLanguage\":\"en-GB\"},{\"@type\":\"Organization\",\"@id\":\"https:\/\/staging.genekas24.ee\/#organization\",\"name\":\"Genekas24\",\"url\":\"https:\/\/staging.genekas24.ee\/\",\"logo\":{\"@type\":\"ImageObject\",\"inLanguage\":\"en-GB\",\"@id\":\"https:\/\/staging.genekas24.ee\/#\/schema\/logo\/image\/\",\"url\":\"https:\/\/staging.genekas24.ee\/wp-content\/uploads\/2026\/01\/genekas24-logo_black.svg\",\"contentUrl\":\"https:\/\/staging.genekas24.ee\/wp-content\/uploads\/2026\/01\/genekas24-logo_black.svg\",\"width\":840,\"height\":131,\"caption\":\"Genekas24\"},\"image\":{\"@id\":\"https:\/\/staging.genekas24.ee\/#\/schema\/logo\/image\/\"}}]}<\/script>\n<!-- \/ Yoast SEO plugin. -->","yoast_head_json":{"title":"Kaasaskantav j\u00f5ujaam KS 200PS - Genekas24","robots":{"index":"index","follow":"follow","max-snippet":"max-snippet:-1","max-image-preview":"max-image-preview:large","max-video-preview":"max-video-preview:-1"},"canonical":"https:\/\/staging.genekas24.ee\/en\/product\/portable-power-station-ks-200ps\/","og_locale":"en_GB","og_type":"article","og_title":"Kaasaskantav j\u00f5ujaam KS 200PS - Genekas24","og_description":"Hinnatud v\u00f5imsus, W 200     Tippv\u00f5imsus, W      320 (3-5 sec.)        Aku maht    222 W\u22c5h (20 \u0410\u22c5h, 11.1 V)      Aku t\u00fc\u00fcp      Lithium-ion laetav aku        Laadimissisend    15 V\/3 A      AC v\u00e4ljund      1 x Schuko 230 V\/50 Hz (Modified Sine Wave)        DC v\u00e4ljund      2xDC 9~12.5 V\/10 A (15 \u0410 max.)        USB v\u00e4ljund      2x5 V\/2.1 A max.        USB (Quick Charge 3.0)      5~9 V\/2 A        Type-C v\u00e4ljund      5~9 V\/2 A (PD 18 W)        P\u00e4ikesepaneeli sisend (PV-Input Anderson 1)    -      LED lamp      +        T\u00f6\u00f6temperatuur, \u00b0C    -10 \u00b0C ... 40 \u00b0C      Netom\u00f5\u00f5tmed (LxWxH), mm    213 x 106 x 180      Brutom\u00f5\u00f5tmed (LxWxH), mm    325 \u0445 170 \u0445 245      Netokaal, kg    2.4      Brutokaal, kg     3.1      Kokku pandud HRV-s.","og_url":"https:\/\/staging.genekas24.ee\/en\/product\/portable-power-station-ks-200ps\/","og_site_name":"Genekas24","article_modified_time":"2025-12-17T16:31:34+00:00","og_image":[{"width":1600,"height":1200,"url":"https:\/\/staging.genekas24.ee\/wp-content\/uploads\/2023\/01\/ks-200ps_01-1.jpg","type":"image\/jpeg"}],"twitter_card":"summary_large_image","twitter_misc":{"Estimated reading time":"3 minutes"},"schema":{"@context":"https:\/\/schema.org","@graph":[{"@type":"WebPage","@id":"https:\/\/staging.genekas24.ee\/toode\/kaasaskantav-joujaam-ks-200ps\/","url":"https:\/\/staging.genekas24.ee\/toode\/kaasaskantav-joujaam-ks-200ps\/","name":"Kaasaskantav j\u00f5ujaam KS 200PS - Genekas24","isPartOf":{"@id":"https:\/\/staging.genekas24.ee\/#website"},"primaryImageOfPage":{"@id":"https:\/\/staging.genekas24.ee\/toode\/kaasaskantav-joujaam-ks-200ps\/#primaryimage"},"image":{"@id":"https:\/\/staging.genekas24.ee\/toode\/kaasaskantav-joujaam-ks-200ps\/#primaryimage"},"thumbnailUrl":"https:\/\/staging.genekas24.ee\/wp-content\/uploads\/2023\/01\/ks-200ps_01-1.jpg","datePublished":"2023-01-23T21:10:14+00:00","dateModified":"2025-12-17T16:31:34+00:00","breadcrumb":{"@id":"https:\/\/staging.genekas24.ee\/toode\/kaasaskantav-joujaam-ks-200ps\/#breadcrumb"},"inLanguage":"en-GB","potentialAction":[{"@type":"ReadAction","target":["https:\/\/staging.genekas24.ee\/toode\/kaasaskantav-joujaam-ks-200ps\/"]}]},{"@type":"ImageObject","inLanguage":"en-GB","@id":"https:\/\/staging.genekas24.ee\/toode\/kaasaskantav-joujaam-ks-200ps\/#primaryimage","url":"https:\/\/staging.genekas24.ee\/wp-content\/uploads\/2023\/01\/ks-200ps_01-1.jpg","contentUrl":"https:\/\/staging.genekas24.ee\/wp-content\/uploads\/2023\/01\/ks-200ps_01-1.jpg","width":1600,"height":1200},{"@type":"BreadcrumbList","@id":"https:\/\/staging.genekas24.ee\/toode\/kaasaskantav-joujaam-ks-200ps\/#breadcrumb","itemListElement":[{"@type":"ListItem","position":1,"name":"Home","item":"https:\/\/staging.genekas24.ee\/"},{"@type":"ListItem","position":2,"name":"Pood","item":"https:\/\/staging.genekas24.ee\/pood\/"},{"@type":"ListItem","position":3,"name":"Kaasaskantav j\u00f5ujaam KS 200PS"}]},{"@type":"WebSite","@id":"https:\/\/staging.genekas24.ee\/#website","url":"https:\/\/staging.genekas24.ee\/","name":"Genekas24","description":"Generaatorid | K&ouml;nner S&ouml;hnen tooted | Genekas24","publisher":{"@id":"https:\/\/staging.genekas24.ee\/#organization"},"potentialAction":[{"@type":"SearchAction","target":{"@type":"EntryPoint","urlTemplate":"https:\/\/staging.genekas24.ee\/?s={search_term_string}"},"query-input":{"@type":"PropertyValueSpecification","valueRequired":true,"valueName":"search_term_string"}}],"inLanguage":"en-GB"},{"@type":"Organization","@id":"https:\/\/staging.genekas24.ee\/#organization","name":"Genekas24","url":"https:\/\/staging.genekas24.ee\/","logo":{"@type":"ImageObject","inLanguage":"en-GB","@id":"https:\/\/staging.genekas24.ee\/#\/schema\/logo\/image\/","url":"https:\/\/staging.genekas24.ee\/wp-content\/uploads\/2026\/01\/genekas24-logo_black.svg","contentUrl":"https:\/\/staging.genekas24.ee\/wp-content\/uploads\/2026\/01\/genekas24-logo_black.svg","width":840,"height":131,"caption":"Genekas24"},"image":{"@id":"https:\/\/staging.genekas24.ee\/#\/schema\/logo\/image\/"}}]}},"_links":{"self":[{"href":"https:\/\/staging.genekas24.ee\/en\/wp-json\/wp\/v2\/product\/12187","targetHints":{"allow":["GET"]}}],"collection":[{"href":"https:\/\/staging.genekas24.ee\/en\/wp-json\/wp\/v2\/product"}],"about":[{"href":"https:\/\/staging.genekas24.ee\/en\/wp-json\/wp\/v2\/types\/product"}],"version-history":[{"count":10,"href":"https:\/\/staging.genekas24.ee\/en\/wp-json\/wp\/v2\/product\/12187\/revisions"}],"predecessor-version":[{"id":21246,"href":"https:\/\/staging.genekas24.ee\/en\/wp-json\/wp\/v2\/product\/12187\/revisions\/21246"}],"wp:featuredmedia":[{"embeddable":true,"href":"https:\/\/staging.genekas24.ee\/en\/wp-json\/wp\/v2\/media\/12932"}],"wp:attachment":[{"href":"https:\/\/staging.genekas24.ee\/en\/wp-json\/wp\/v2\/media?parent=12187"}],"wp:term":[{"taxonomy":"product_brand","embeddable":true,"href":"https:\/\/staging.genekas24.ee\/en\/wp-json\/wp\/v2\/product_brand?post=12187"},{"taxonomy":"product_cat","embeddable":true,"href":"https:\/\/staging.genekas24.ee\/en\/wp-json\/wp\/v2\/product_cat?post=12187"},{"taxonomy":"product_tag","embeddable":true,"href":"https:\/\/staging.genekas24.ee\/en\/wp-json\/wp\/v2\/product_tag?post=12187"}],"curies":[{"name":"wp","href":"https:\/\/api.w.org\/{rel}","templated":true}]}}