{"id":11880,"date":"2023-10-03T14:07:24","date_gmt":"2023-10-03T14:07:24","guid":{"rendered":"https:\/\/staging.genekas24.ee\/?post_type=product&#038;p=11880"},"modified":"2025-05-13T11:01:49","modified_gmt":"2025-05-13T11:01:49","slug":"laadimisjaam-elektrisoidukile-ks-p32-3","status":"publish","type":"product","link":"https:\/\/staging.genekas24.ee\/en\/product\/charging-station-for-electric-vehicle-ks-p32-3\/","title":{"rendered":"Charging station for electric vehicle KS P32\/3"},"content":{"rendered":"<p>The  KS P32\/3 charging station is a handy and reliable solution for charging electric vehicles. In addition, the charging process is faster and safer. The charging station has built-in overload protection as well as leakage current protection in case of insulation failure and direct contact with a live part.<\/p>\n<table style=\"height: auto;\" width=\"100%\">\n<tbody>\n<tr class=\"even\">\n<td style=\"height: auto;\" width=\"20%\"><img fetchpriority=\"high\" decoding=\"async\" class=\"alignnone size-medium wp-image-14947\" src=\"https:\/\/staging.genekas24.ee\/wp-content\/uploads\/2023\/10\/ks-x32-1_macro-1-1-300x300.jpg\" alt=\"\" width=\"300\" height=\"300\" srcset=\"https:\/\/staging.genekas24.ee\/wp-content\/uploads\/2023\/10\/ks-x32-1_macro-1-1-300x300.jpg 300w, https:\/\/staging.genekas24.ee\/wp-content\/uploads\/2023\/10\/ks-x32-1_macro-1-1-150x150.jpg 150w, https:\/\/staging.genekas24.ee\/wp-content\/uploads\/2023\/10\/ks-x32-1_macro-1-1-768x768.jpg 768w, https:\/\/staging.genekas24.ee\/wp-content\/uploads\/2023\/10\/ks-x32-1_macro-1-1-12x12.jpg 12w, https:\/\/staging.genekas24.ee\/wp-content\/uploads\/2023\/10\/ks-x32-1_macro-1-1-600x600.jpg 600w, https:\/\/staging.genekas24.ee\/wp-content\/uploads\/2023\/10\/ks-x32-1_macro-1-1-100x100.jpg 100w, https:\/\/staging.genekas24.ee\/wp-content\/uploads\/2023\/10\/ks-x32-1_macro-1-1.jpg 1000w\" sizes=\"(max-width: 300px) 100vw, 300px\" \/><\/td>\n<td>\n<div>\n<p><strong>FAST AND SAFE<\/strong><\/p>\n<\/div>\n<div>\n<p class=\"translation-block\">The charging station is designed for fast charging of electric cars and has <strong>multi-level protection:<\/strong> overheating, unstable voltage, overcurrent, overload, short circuit, adverse weather conditions, and dust. <strong>Features:<\/strong> MCB (Miniature Circuit Breaker), grounding connector, monitoring of leakage current due to insulation failure, fault monitoring, IP65 protection class. <br>\nUnlike the charging controllers that are plugged into a regular power outlet, the charging station allows charging electric car batteries with a higher capacity.<\/p>\n<\/div>\n<\/td>\n<\/tr>\n<tr class=\"even\">\n<td style=\"height: auto;\" width=\"20%\"><img decoding=\"async\" class=\"alignnone size-medium wp-image-14948\" src=\"https:\/\/staging.genekas24.ee\/wp-content\/uploads\/2023\/10\/ks-x32-1_macro-2-1-300x300.jpg\" alt=\"\" width=\"300\" height=\"300\" srcset=\"https:\/\/staging.genekas24.ee\/wp-content\/uploads\/2023\/10\/ks-x32-1_macro-2-1-300x300.jpg 300w, https:\/\/staging.genekas24.ee\/wp-content\/uploads\/2023\/10\/ks-x32-1_macro-2-1-150x150.jpg 150w, https:\/\/staging.genekas24.ee\/wp-content\/uploads\/2023\/10\/ks-x32-1_macro-2-1-768x768.jpg 768w, https:\/\/staging.genekas24.ee\/wp-content\/uploads\/2023\/10\/ks-x32-1_macro-2-1-12x12.jpg 12w, https:\/\/staging.genekas24.ee\/wp-content\/uploads\/2023\/10\/ks-x32-1_macro-2-1-600x600.jpg 600w, https:\/\/staging.genekas24.ee\/wp-content\/uploads\/2023\/10\/ks-x32-1_macro-2-1-100x100.jpg 100w, https:\/\/staging.genekas24.ee\/wp-content\/uploads\/2023\/10\/ks-x32-1_macro-2-1.jpg 1000w\" sizes=\"(max-width: 300px) 100vw, 300px\" \/><\/td>\n<td>\n<div class=\"feature-title\">\n<p><strong>EV Laadimispistiku T\u00dc\u00dcP 2<\/strong><\/p>\n<\/div>\n<div class=\"feature-description\">\n<p>Laadimisjaam on varustatud DIN EN 62196-2 t\u00fc\u00fcpi 2 pistikuga, mis sobib enamiku elektris\u00f5idukite jaoks. 5 m pikkune laadimiskaabel pakub mitmeid parkimisv\u00f5imalusi.<\/p>\n<p>Audi Etron, BMW i3, Hyundai, Jaguar, KIA, Ranger Rover, Renault, Mercedes Benz EQC, Mini Countryman, Nissan Leaf 2018, Porsche, Smart, Tesla, Toyota, Volkswagen, Volvo XC T8<\/p>\n<\/div>\n<\/td>\n<\/tr>\n<tr class=\"even\">\n<td style=\"height: auto;\" width=\"20%\"><img decoding=\"async\" class=\"alignnone size-medium wp-image-14949\" src=\"https:\/\/staging.genekas24.ee\/wp-content\/uploads\/2023\/10\/ks-p32-1_macro-3-300x300.jpg\" alt=\"\" width=\"300\" height=\"300\" srcset=\"https:\/\/staging.genekas24.ee\/wp-content\/uploads\/2023\/10\/ks-p32-1_macro-3-300x300.jpg 300w, https:\/\/staging.genekas24.ee\/wp-content\/uploads\/2023\/10\/ks-p32-1_macro-3-1024x1024.jpg 1024w, https:\/\/staging.genekas24.ee\/wp-content\/uploads\/2023\/10\/ks-p32-1_macro-3-150x150.jpg 150w, https:\/\/staging.genekas24.ee\/wp-content\/uploads\/2023\/10\/ks-p32-1_macro-3-768x768.jpg 768w, https:\/\/staging.genekas24.ee\/wp-content\/uploads\/2023\/10\/ks-p32-1_macro-3-12x12.jpg 12w, https:\/\/staging.genekas24.ee\/wp-content\/uploads\/2023\/10\/ks-p32-1_macro-3-600x600.jpg 600w, https:\/\/staging.genekas24.ee\/wp-content\/uploads\/2023\/10\/ks-p32-1_macro-3-100x100.jpg 100w, https:\/\/staging.genekas24.ee\/wp-content\/uploads\/2023\/10\/ks-p32-1_macro-3.jpg 1493w\" sizes=\"(max-width: 300px) 100vw, 300px\" \/><\/td>\n<td>\n<div class=\"feature-title\">\n<p><strong>RFID CARD READER FOR PROTECTION AGAINST ELECTRICITY THEFT<\/strong><\/p>\n<p><span style=\"font-family: inherit; font-size: inherit;\">Only the RFID card holder can use the RFID card reader to initiate charging. Two RFID cards are included. With the RFID cards and Card Management mode, your charging station is reliably protected from unauthorized use.<\/span><\/p>\n<p>Audi Etron, BMW i3, Hyundai, Jaguar, KIA, Ranger Rover, Renault, Mercedes Benz EQC, Mini Countryman, Nissan Leaf 2018, Porsche, Smart, Tesla, Toyota, Volkswagen, Volvo XC T8<\/p>\n<\/div>\n<\/td>\n<\/tr>\n<tr class=\"odd\">\n<td style=\"height: auto;\" width=\"20%\"><img loading=\"lazy\" decoding=\"async\" class=\"alignnone size-medium wp-image-14950\" src=\"https:\/\/staging.genekas24.ee\/wp-content\/uploads\/2023\/10\/ks-x32-1_macro-4-1-300x300.jpg\" alt=\"\" width=\"300\" height=\"300\" srcset=\"https:\/\/staging.genekas24.ee\/wp-content\/uploads\/2023\/10\/ks-x32-1_macro-4-1-300x300.jpg 300w, https:\/\/staging.genekas24.ee\/wp-content\/uploads\/2023\/10\/ks-x32-1_macro-4-1-150x150.jpg 150w, https:\/\/staging.genekas24.ee\/wp-content\/uploads\/2023\/10\/ks-x32-1_macro-4-1-768x768.jpg 768w, https:\/\/staging.genekas24.ee\/wp-content\/uploads\/2023\/10\/ks-x32-1_macro-4-1-12x12.jpg 12w, https:\/\/staging.genekas24.ee\/wp-content\/uploads\/2023\/10\/ks-x32-1_macro-4-1-600x600.jpg 600w, https:\/\/staging.genekas24.ee\/wp-content\/uploads\/2023\/10\/ks-x32-1_macro-4-1-100x100.jpg 100w, https:\/\/staging.genekas24.ee\/wp-content\/uploads\/2023\/10\/ks-x32-1_macro-4-1.jpg 1000w\" sizes=\"(max-width: 300px) 100vw, 300px\" \/><\/td>\n<td>\n<div class=\"feature-title\">\n<p><strong>WE E-CHARGE APP<\/strong><\/p>\n<\/div>\n<div class=\"feature-description\">\n<p>The app is available for iOS and Android OS users and includes features such as remote charging enable\/disable, charging status monitoring, energy demand control, and reporting of the charging station\u2019s electricity consumption. It supports 10 languages.<\/p>\n<\/div>\n<\/td>\n<\/tr>\n<tr class=\"even\">\n<td style=\"height: auto;\" width=\"20%\"><img loading=\"lazy\" decoding=\"async\" class=\"alignnone size-medium wp-image-14951\" src=\"https:\/\/staging.genekas24.ee\/wp-content\/uploads\/2023\/10\/ks-p32-1_macro-5-300x300.jpg\" alt=\"\" width=\"300\" height=\"300\" srcset=\"https:\/\/staging.genekas24.ee\/wp-content\/uploads\/2023\/10\/ks-p32-1_macro-5-300x300.jpg 300w, https:\/\/staging.genekas24.ee\/wp-content\/uploads\/2023\/10\/ks-p32-1_macro-5-1024x1024.jpg 1024w, https:\/\/staging.genekas24.ee\/wp-content\/uploads\/2023\/10\/ks-p32-1_macro-5-150x150.jpg 150w, https:\/\/staging.genekas24.ee\/wp-content\/uploads\/2023\/10\/ks-p32-1_macro-5-768x768.jpg 768w, https:\/\/staging.genekas24.ee\/wp-content\/uploads\/2023\/10\/ks-p32-1_macro-5-12x12.jpg 12w, https:\/\/staging.genekas24.ee\/wp-content\/uploads\/2023\/10\/ks-p32-1_macro-5-600x600.jpg 600w, https:\/\/staging.genekas24.ee\/wp-content\/uploads\/2023\/10\/ks-p32-1_macro-5-100x100.jpg 100w, https:\/\/staging.genekas24.ee\/wp-content\/uploads\/2023\/10\/ks-p32-1_macro-5.jpg 1166w\" sizes=\"(max-width: 300px) 100vw, 300px\" \/><\/td>\n<td>\n<div class=\"feature-title\">\n<div class=\"feature-title\"><strong>CHARGING CONTROL BUTTON WITH LED INDICATOR<\/strong><\/div>\n<div class=\"feature-title\">The rugged case is made of high-grade materials, has a control button. Light indicators on the front panel notify about power, standby mode (green light), charging mode (blue light) and possible errors.<\/div>\n<\/div>\n<\/td>\n<\/tr>\n<tr class=\"odd\">\n<td style=\"height: auto;\" width=\"20%\"><img loading=\"lazy\" decoding=\"async\" class=\"alignnone size-medium wp-image-14952\" src=\"https:\/\/staging.genekas24.ee\/wp-content\/uploads\/2023\/10\/ks-p32-1_macro-6-300x300.jpg\" alt=\"\" width=\"300\" height=\"300\" srcset=\"https:\/\/staging.genekas24.ee\/wp-content\/uploads\/2023\/10\/ks-p32-1_macro-6-300x300.jpg 300w, https:\/\/staging.genekas24.ee\/wp-content\/uploads\/2023\/10\/ks-p32-1_macro-6-150x150.jpg 150w, https:\/\/staging.genekas24.ee\/wp-content\/uploads\/2023\/10\/ks-p32-1_macro-6-768x768.jpg 768w, https:\/\/staging.genekas24.ee\/wp-content\/uploads\/2023\/10\/ks-p32-1_macro-6-12x12.jpg 12w, https:\/\/staging.genekas24.ee\/wp-content\/uploads\/2023\/10\/ks-p32-1_macro-6-600x600.jpg 600w, https:\/\/staging.genekas24.ee\/wp-content\/uploads\/2023\/10\/ks-p32-1_macro-6-100x100.jpg 100w, https:\/\/staging.genekas24.ee\/wp-content\/uploads\/2023\/10\/ks-p32-1_macro-6.jpg 1000w\" sizes=\"(max-width: 300px) 100vw, 300px\" \/><\/td>\n<td>\n<div class=\"feature-title\">\n<p><strong>ENCLOSURE WITH THE HIGHEST DEGREE OF PROTECTION<\/strong><\/p>\n<\/div>\n<div class=\"feature-description\">\n<p>K\u00f6nner &amp; S\u00f6hnen<sup>\u00ae<\/sup> KS P series electric vehicle charging stations feature an IP65 case that provides complete protection against dust ingress and protection against low-pressure jets of directed water from any angle. This device is suitable for outdoor use in all weather conditions.<\/p>\n<\/div>\n<\/td>\n<\/tr>\n<tr class=\"even\">\n<td style=\"height: auto;\" width=\"20%\"><img loading=\"lazy\" decoding=\"async\" class=\"alignnone size-medium wp-image-14953\" src=\"https:\/\/staging.genekas24.ee\/wp-content\/uploads\/2023\/10\/ks-p32-1_macro-7-300x300.jpg\" alt=\"\" width=\"300\" height=\"300\" srcset=\"https:\/\/staging.genekas24.ee\/wp-content\/uploads\/2023\/10\/ks-p32-1_macro-7-300x300.jpg 300w, https:\/\/staging.genekas24.ee\/wp-content\/uploads\/2023\/10\/ks-p32-1_macro-7-150x150.jpg 150w, https:\/\/staging.genekas24.ee\/wp-content\/uploads\/2023\/10\/ks-p32-1_macro-7-768x768.jpg 768w, https:\/\/staging.genekas24.ee\/wp-content\/uploads\/2023\/10\/ks-p32-1_macro-7-12x12.jpg 12w, https:\/\/staging.genekas24.ee\/wp-content\/uploads\/2023\/10\/ks-p32-1_macro-7-600x600.jpg 600w, https:\/\/staging.genekas24.ee\/wp-content\/uploads\/2023\/10\/ks-p32-1_macro-7-100x100.jpg 100w, https:\/\/staging.genekas24.ee\/wp-content\/uploads\/2023\/10\/ks-p32-1_macro-7.jpg 1000w\" sizes=\"(max-width: 300px) 100vw, 300px\" \/><\/td>\n<td>\n<div class=\"feature-title\">\n<p><strong>CABLE HOLDER AND CHARGING CONNECTOR HOLDER INCLUDED<\/strong><\/p>\n<\/div>\n<div class=\"feature-description\">A cable holder and charging connector holder are included in a charging station set, which allows you to protect the charging plug from damage in standby mode.<\/div>\n<\/td>\n<\/tr>\n<\/tbody>\n<\/table>","protected":false},"excerpt":{"rendered":"<p>&nbsp;<\/p>\n<table>\n<tbody>\n<tr class=\"odd\">\n<td>\n<div class=\"col-xs-6\">Rated voltage, V<\/div>\n<\/td>\n<td>\n<div class=\"attribute row\">\n<div class=\"col-xs-6\">3<\/div>\n<\/div>\n<\/td>\n<\/tr>\n<tr class=\"even\">\n<td width=\"60%\">Rated voltage, V<\/td>\n<td>400<\/td>\n<\/tr>\n<tr class=\"odd\">\n<td>Rated current, \u0410<\/td>\n<td>32<\/td>\n<\/tr>\n<tr class=\"even\">\n<td>\n<div class=\"col-xs-6\">Rated power, kW<\/div>\n<\/td>\n<td>22<\/td>\n<\/tr>\n<tr class=\"odd\">\n<td>\n<div class=\"col-xs-6\">Cable length, m<\/div>\n<\/td>\n<td>5<\/td>\n<\/tr>\n<tr class=\"even\">\n<td>\n<div class=\"col-xs-6\">Recommended power supply cable (copper), mm2<\/div>\n<\/td>\n<td>\n<div class=\"attribute row\">\n<div class=\"col-xs-6\">5\u04454, 5\u04456<\/div>\n<\/div>\n<\/td>\n<\/tr>\n<tr class=\"odd\">\n<td>\n<div class=\"col-xs-6\">Input terminals<\/div>\n<\/td>\n<td>\n<div class=\"attribute row\">\n<div class=\"col-xs-6\">L1\/L2\/L3\/N\/PE<\/div>\n<\/div>\n<\/td>\n<\/tr>\n<tr class=\"even\">\n<td>\n<div class=\"col-xs-6\">Charging connector type<\/div>\n<\/td>\n<td>\n<div class=\"attribute row\">\n<div class=\"col-xs-6\">Type 2<\/div>\n<\/div>\n<\/td>\n<\/tr>\n<tr class=\"odd\">\n<td>\n<div class=\"col-xs-6\">Net dimensions (LxWxH), mm<\/div>\n<\/td>\n<td>\n<div class=\"attribute row\">\n<div class=\"col-xs-6\">180 x 180 x 65<\/div>\n<\/div>\n<\/td>\n<\/tr>\n<tr class=\"even\">\n<td>\n<div class=\"col-xs-6\">Gross dimensions (LxWxH), mm<\/div>\n<\/td>\n<td>\n<div class=\"attribute row\">\n<div class=\"col-xs-6\">450 \u0445 380 \u0445 150<\/div>\n<\/div>\n<\/td>\n<\/tr>\n<tr class=\"odd\">\n<td>\n<div class=\"col-xs-6\">Net weight, kg<\/div>\n<\/td>\n<td>6<\/td>\n<\/tr>\n<tr class=\"even\">\n<td>\n<div class=\"col-xs-6\">Protection class<\/div>\n<\/td>\n<td>IP65<\/td>\n<\/tr>\n<tr class=\"odd\">\n<td>\n<div class=\"col-xs-6\">EAN code<\/div>\n<\/td>\n<td>4260405366361<\/td>\n<\/tr>\n<\/tbody>\n<\/table>\n<p>Assembled in PRC.<\/p>","protected":false},"featured_media":14689,"template":"","meta":{"_acf_changed":false,"inline_featured_image":false},"product_brand":[],"product_cat":[92],"product_tag":[],"class_list":{"0":"post-11880","1":"product","2":"type-product","3":"status-publish","4":"has-post-thumbnail","6":"product_cat-laadimisjaamad","7":"product_shipping_class-vaikepakk","8":"brand-konner-sohnen","10":"first","11":"instock","12":"taxable","13":"shipping-taxable","14":"purchasable","15":"product-type-simple"},"acf":[],"yoast_head":"<!-- This site is optimized with the Yoast SEO plugin v26.2 - https:\/\/yoast.com\/wordpress\/plugins\/seo\/ -->\n<title>Laadimisjaam elektris\u00f5idukile KS P32\/3 - Genekas24<\/title>\n<meta name=\"robots\" content=\"index, follow, max-snippet:-1, max-image-preview:large, max-video-preview:-1\" \/>\n<link rel=\"canonical\" href=\"https:\/\/staging.genekas24.ee\/en\/product\/charging-station-for-electric-vehicle-ks-p32-3\/\" \/>\n<meta property=\"og:locale\" content=\"en_GB\" \/>\n<meta property=\"og:type\" content=\"article\" \/>\n<meta property=\"og:title\" content=\"Laadimisjaam elektris\u00f5idukile KS P32\/3 - Genekas24\" \/>\n<meta property=\"og:description\" content=\"&nbsp;     Faaside arv   3    Nimipinge, V 400   Nimivool, A 32    Nimiv\u00f5imsus, kW 22    Kaabli pikkus, m 5    Soovitatav toitekaabel (vask), mm2   5\u04454, 5\u04456     Sisendklemmid   L1\/L2\/L3\/N\/PE     Laadimispistiku t\u00fc\u00fcp   T\u00fc\u00fcp 2     Neto m\u00f5\u00f5dud (PxLxK), mm   180 x 180 x 65     Brutom\u00f5\u00f5tmed (PxLxK), mm   450 \u0445 380 \u0445 150     Netokaal, kg 6    Kaitseklass IP65    EAN kood 4260405366361    Assembled in PRC.\" \/>\n<meta property=\"og:url\" content=\"https:\/\/staging.genekas24.ee\/en\/product\/charging-station-for-electric-vehicle-ks-p32-3\/\" \/>\n<meta property=\"og:site_name\" content=\"Genekas24\" \/>\n<meta property=\"article:modified_time\" content=\"2025-05-13T11:01:49+00:00\" \/>\n<meta property=\"og:image\" content=\"https:\/\/staging.genekas24.ee\/wp-content\/uploads\/2023\/10\/ks-p32-1_01-1.jpg\" \/>\n\t<meta property=\"og:image:width\" content=\"1600\" \/>\n\t<meta property=\"og:image:height\" content=\"1200\" \/>\n\t<meta property=\"og:image:type\" content=\"image\/jpeg\" \/>\n<meta name=\"twitter:card\" content=\"summary_large_image\" \/>\n<meta name=\"twitter:label1\" content=\"Estimated reading time\" \/>\n\t<meta name=\"twitter:data1\" content=\"4 minutes\" \/>\n<script type=\"application\/ld+json\" class=\"yoast-schema-graph\">{\"@context\":\"https:\/\/schema.org\",\"@graph\":[{\"@type\":\"WebPage\",\"@id\":\"https:\/\/staging.genekas24.ee\/toode\/laadimisjaam-elektrisoidukile-ks-p32-3\/\",\"url\":\"https:\/\/staging.genekas24.ee\/toode\/laadimisjaam-elektrisoidukile-ks-p32-3\/\",\"name\":\"Laadimisjaam elektris\u00f5idukile KS P32\/3 - Genekas24\",\"isPartOf\":{\"@id\":\"https:\/\/staging.genekas24.ee\/#website\"},\"primaryImageOfPage\":{\"@id\":\"https:\/\/staging.genekas24.ee\/toode\/laadimisjaam-elektrisoidukile-ks-p32-3\/#primaryimage\"},\"image\":{\"@id\":\"https:\/\/staging.genekas24.ee\/toode\/laadimisjaam-elektrisoidukile-ks-p32-3\/#primaryimage\"},\"thumbnailUrl\":\"https:\/\/staging.genekas24.ee\/wp-content\/uploads\/2023\/10\/ks-p32-1_01-1.jpg\",\"datePublished\":\"2023-10-03T14:07:24+00:00\",\"dateModified\":\"2025-05-13T11:01:49+00:00\",\"breadcrumb\":{\"@id\":\"https:\/\/staging.genekas24.ee\/toode\/laadimisjaam-elektrisoidukile-ks-p32-3\/#breadcrumb\"},\"inLanguage\":\"en-GB\",\"potentialAction\":[{\"@type\":\"ReadAction\",\"target\":[\"https:\/\/staging.genekas24.ee\/toode\/laadimisjaam-elektrisoidukile-ks-p32-3\/\"]}]},{\"@type\":\"ImageObject\",\"inLanguage\":\"en-GB\",\"@id\":\"https:\/\/staging.genekas24.ee\/toode\/laadimisjaam-elektrisoidukile-ks-p32-3\/#primaryimage\",\"url\":\"https:\/\/staging.genekas24.ee\/wp-content\/uploads\/2023\/10\/ks-p32-1_01-1.jpg\",\"contentUrl\":\"https:\/\/staging.genekas24.ee\/wp-content\/uploads\/2023\/10\/ks-p32-1_01-1.jpg\",\"width\":1600,\"height\":1200},{\"@type\":\"BreadcrumbList\",\"@id\":\"https:\/\/staging.genekas24.ee\/toode\/laadimisjaam-elektrisoidukile-ks-p32-3\/#breadcrumb\",\"itemListElement\":[{\"@type\":\"ListItem\",\"position\":1,\"name\":\"Home\",\"item\":\"https:\/\/staging.genekas24.ee\/\"},{\"@type\":\"ListItem\",\"position\":2,\"name\":\"Pood\",\"item\":\"https:\/\/staging.genekas24.ee\/pood\/\"},{\"@type\":\"ListItem\",\"position\":3,\"name\":\"Laadimisjaam elektris\u00f5idukile KS P32\/3\"}]},{\"@type\":\"WebSite\",\"@id\":\"https:\/\/staging.genekas24.ee\/#website\",\"url\":\"https:\/\/staging.genekas24.ee\/\",\"name\":\"Genekas24\",\"description\":\"Generaatorid | K&ouml;nner S&ouml;hnen tooted | Genekas24\",\"publisher\":{\"@id\":\"https:\/\/staging.genekas24.ee\/#organization\"},\"potentialAction\":[{\"@type\":\"SearchAction\",\"target\":{\"@type\":\"EntryPoint\",\"urlTemplate\":\"https:\/\/staging.genekas24.ee\/?s={search_term_string}\"},\"query-input\":{\"@type\":\"PropertyValueSpecification\",\"valueRequired\":true,\"valueName\":\"search_term_string\"}}],\"inLanguage\":\"en-GB\"},{\"@type\":\"Organization\",\"@id\":\"https:\/\/staging.genekas24.ee\/#organization\",\"name\":\"Genekas24\",\"url\":\"https:\/\/staging.genekas24.ee\/\",\"logo\":{\"@type\":\"ImageObject\",\"inLanguage\":\"en-GB\",\"@id\":\"https:\/\/staging.genekas24.ee\/#\/schema\/logo\/image\/\",\"url\":\"https:\/\/staging.genekas24.ee\/wp-content\/uploads\/2026\/01\/genekas24-logo_black.svg\",\"contentUrl\":\"https:\/\/staging.genekas24.ee\/wp-content\/uploads\/2026\/01\/genekas24-logo_black.svg\",\"width\":840,\"height\":131,\"caption\":\"Genekas24\"},\"image\":{\"@id\":\"https:\/\/staging.genekas24.ee\/#\/schema\/logo\/image\/\"}}]}<\/script>\n<!-- \/ Yoast SEO plugin. -->","yoast_head_json":{"title":"Laadimisjaam elektris\u00f5idukile KS P32\/3 - Genekas24","robots":{"index":"index","follow":"follow","max-snippet":"max-snippet:-1","max-image-preview":"max-image-preview:large","max-video-preview":"max-video-preview:-1"},"canonical":"https:\/\/staging.genekas24.ee\/en\/product\/charging-station-for-electric-vehicle-ks-p32-3\/","og_locale":"en_GB","og_type":"article","og_title":"Laadimisjaam elektris\u00f5idukile KS P32\/3 - Genekas24","og_description":"&nbsp;     Faaside arv   3    Nimipinge, V 400   Nimivool, A 32    Nimiv\u00f5imsus, kW 22    Kaabli pikkus, m 5    Soovitatav toitekaabel (vask), mm2   5\u04454, 5\u04456     Sisendklemmid   L1\/L2\/L3\/N\/PE     Laadimispistiku t\u00fc\u00fcp   T\u00fc\u00fcp 2     Neto m\u00f5\u00f5dud (PxLxK), mm   180 x 180 x 65     Brutom\u00f5\u00f5tmed (PxLxK), mm   450 \u0445 380 \u0445 150     Netokaal, kg 6    Kaitseklass IP65    EAN kood 4260405366361    Assembled in PRC.","og_url":"https:\/\/staging.genekas24.ee\/en\/product\/charging-station-for-electric-vehicle-ks-p32-3\/","og_site_name":"Genekas24","article_modified_time":"2025-05-13T11:01:49+00:00","og_image":[{"width":1600,"height":1200,"url":"https:\/\/staging.genekas24.ee\/wp-content\/uploads\/2023\/10\/ks-p32-1_01-1.jpg","type":"image\/jpeg"}],"twitter_card":"summary_large_image","twitter_misc":{"Estimated reading time":"4 minutes"},"schema":{"@context":"https:\/\/schema.org","@graph":[{"@type":"WebPage","@id":"https:\/\/staging.genekas24.ee\/toode\/laadimisjaam-elektrisoidukile-ks-p32-3\/","url":"https:\/\/staging.genekas24.ee\/toode\/laadimisjaam-elektrisoidukile-ks-p32-3\/","name":"Laadimisjaam elektris\u00f5idukile KS P32\/3 - Genekas24","isPartOf":{"@id":"https:\/\/staging.genekas24.ee\/#website"},"primaryImageOfPage":{"@id":"https:\/\/staging.genekas24.ee\/toode\/laadimisjaam-elektrisoidukile-ks-p32-3\/#primaryimage"},"image":{"@id":"https:\/\/staging.genekas24.ee\/toode\/laadimisjaam-elektrisoidukile-ks-p32-3\/#primaryimage"},"thumbnailUrl":"https:\/\/staging.genekas24.ee\/wp-content\/uploads\/2023\/10\/ks-p32-1_01-1.jpg","datePublished":"2023-10-03T14:07:24+00:00","dateModified":"2025-05-13T11:01:49+00:00","breadcrumb":{"@id":"https:\/\/staging.genekas24.ee\/toode\/laadimisjaam-elektrisoidukile-ks-p32-3\/#breadcrumb"},"inLanguage":"en-GB","potentialAction":[{"@type":"ReadAction","target":["https:\/\/staging.genekas24.ee\/toode\/laadimisjaam-elektrisoidukile-ks-p32-3\/"]}]},{"@type":"ImageObject","inLanguage":"en-GB","@id":"https:\/\/staging.genekas24.ee\/toode\/laadimisjaam-elektrisoidukile-ks-p32-3\/#primaryimage","url":"https:\/\/staging.genekas24.ee\/wp-content\/uploads\/2023\/10\/ks-p32-1_01-1.jpg","contentUrl":"https:\/\/staging.genekas24.ee\/wp-content\/uploads\/2023\/10\/ks-p32-1_01-1.jpg","width":1600,"height":1200},{"@type":"BreadcrumbList","@id":"https:\/\/staging.genekas24.ee\/toode\/laadimisjaam-elektrisoidukile-ks-p32-3\/#breadcrumb","itemListElement":[{"@type":"ListItem","position":1,"name":"Home","item":"https:\/\/staging.genekas24.ee\/"},{"@type":"ListItem","position":2,"name":"Pood","item":"https:\/\/staging.genekas24.ee\/pood\/"},{"@type":"ListItem","position":3,"name":"Laadimisjaam elektris\u00f5idukile KS P32\/3"}]},{"@type":"WebSite","@id":"https:\/\/staging.genekas24.ee\/#website","url":"https:\/\/staging.genekas24.ee\/","name":"Genekas24","description":"Generaatorid | K&ouml;nner S&ouml;hnen tooted | Genekas24","publisher":{"@id":"https:\/\/staging.genekas24.ee\/#organization"},"potentialAction":[{"@type":"SearchAction","target":{"@type":"EntryPoint","urlTemplate":"https:\/\/staging.genekas24.ee\/?s={search_term_string}"},"query-input":{"@type":"PropertyValueSpecification","valueRequired":true,"valueName":"search_term_string"}}],"inLanguage":"en-GB"},{"@type":"Organization","@id":"https:\/\/staging.genekas24.ee\/#organization","name":"Genekas24","url":"https:\/\/staging.genekas24.ee\/","logo":{"@type":"ImageObject","inLanguage":"en-GB","@id":"https:\/\/staging.genekas24.ee\/#\/schema\/logo\/image\/","url":"https:\/\/staging.genekas24.ee\/wp-content\/uploads\/2026\/01\/genekas24-logo_black.svg","contentUrl":"https:\/\/staging.genekas24.ee\/wp-content\/uploads\/2026\/01\/genekas24-logo_black.svg","width":840,"height":131,"caption":"Genekas24"},"image":{"@id":"https:\/\/staging.genekas24.ee\/#\/schema\/logo\/image\/"}}]}},"_links":{"self":[{"href":"https:\/\/staging.genekas24.ee\/en\/wp-json\/wp\/v2\/product\/11880","targetHints":{"allow":["GET"]}}],"collection":[{"href":"https:\/\/staging.genekas24.ee\/en\/wp-json\/wp\/v2\/product"}],"about":[{"href":"https:\/\/staging.genekas24.ee\/en\/wp-json\/wp\/v2\/types\/product"}],"version-history":[{"count":11,"href":"https:\/\/staging.genekas24.ee\/en\/wp-json\/wp\/v2\/product\/11880\/revisions"}],"predecessor-version":[{"id":15550,"href":"https:\/\/staging.genekas24.ee\/en\/wp-json\/wp\/v2\/product\/11880\/revisions\/15550"}],"wp:featuredmedia":[{"embeddable":true,"href":"https:\/\/staging.genekas24.ee\/en\/wp-json\/wp\/v2\/media\/14689"}],"wp:attachment":[{"href":"https:\/\/staging.genekas24.ee\/en\/wp-json\/wp\/v2\/media?parent=11880"}],"wp:term":[{"taxonomy":"product_brand","embeddable":true,"href":"https:\/\/staging.genekas24.ee\/en\/wp-json\/wp\/v2\/product_brand?post=11880"},{"taxonomy":"product_cat","embeddable":true,"href":"https:\/\/staging.genekas24.ee\/en\/wp-json\/wp\/v2\/product_cat?post=11880"},{"taxonomy":"product_tag","embeddable":true,"href":"https:\/\/staging.genekas24.ee\/en\/wp-json\/wp\/v2\/product_tag?post=11880"}],"curies":[{"name":"wp","href":"https:\/\/api.w.org\/{rel}","templated":true}]}}