{"id":11582,"date":"2021-11-13T20:32:23","date_gmt":"2021-11-13T20:32:23","guid":{"rendered":"https:\/\/staging.genekas24.ee\/?post_type=product&#038;p=11582"},"modified":"2025-12-31T08:48:41","modified_gmt":"2025-12-31T08:48:41","slug":"bensiinigeneraator-ks-10000e","status":"publish","type":"product","link":"https:\/\/staging.genekas24.ee\/en\/product\/gasoline-generator-ks-10000e\/","title":{"rendered":"Gasoline generator KS 10000E"},"content":{"rendered":"<p>Bensiinigeneraatoril KS 10000E on tagatud pikaajaline t\u00f6\u00f6kindlus t\u00e4nu sellele, et see on varustatud 100% vaskm\u00e4hisega kvaliteetse s\u00fcnkroonse vahelduvvoolugeneraatoriga ning K&amp;S-seeria mootoriga. Lihtne k\u00e4ivituss\u00fcsteem ja ergonoomiline juhtpaneel teevad kasutamise mugavaks.<\/p>\n<p>\u200b<\/p>\n<table>\n<tbody>\n<tr class=\"even\">\n<td><img fetchpriority=\"high\" decoding=\"async\" class=\"alignnone size-full wp-image-15097\" src=\"https:\/\/staging.genekas24.ee\/wp-content\/uploads\/2021\/12\/Dlya-tmKS1-300x300-1.png\" alt=\"\" width=\"300\" height=\"300\" srcset=\"https:\/\/staging.genekas24.ee\/wp-content\/uploads\/2021\/12\/Dlya-tmKS1-300x300-1.png 300w, https:\/\/staging.genekas24.ee\/wp-content\/uploads\/2021\/12\/Dlya-tmKS1-300x300-1-150x150.png 150w, https:\/\/staging.genekas24.ee\/wp-content\/uploads\/2021\/12\/Dlya-tmKS1-300x300-1-12x12.png 12w, https:\/\/staging.genekas24.ee\/wp-content\/uploads\/2021\/12\/Dlya-tmKS1-300x300-1-100x100.png 100w\" sizes=\"(max-width: 300px) 100vw, 300px\" \/><\/td>\n<td><strong>K\u00d6NNER &amp; S\u00d6HNEN ENGINES<\/strong><\/p>\n<p>Specially for the K\u00f6nner &amp; S\u00f6hnen trademark German engineers have created K&amp;S series engines, that have passed multi-hour and multi-level tests, that\u2019s why they are so reliable.<\/td>\n<\/tr>\n<tr class=\"odd\">\n<td><img decoding=\"async\" class=\"alignnone size-full wp-image-15098\" src=\"https:\/\/staging.genekas24.ee\/wp-content\/uploads\/2021\/12\/ks-germany1-300x300-1.png\" alt=\"\" width=\"300\" height=\"300\" srcset=\"https:\/\/staging.genekas24.ee\/wp-content\/uploads\/2021\/12\/ks-germany1-300x300-1.png 300w, https:\/\/staging.genekas24.ee\/wp-content\/uploads\/2021\/12\/ks-germany1-300x300-1-150x150.png 150w, https:\/\/staging.genekas24.ee\/wp-content\/uploads\/2021\/12\/ks-germany1-300x300-1-12x12.png 12w, https:\/\/staging.genekas24.ee\/wp-content\/uploads\/2021\/12\/ks-germany1-300x300-1-100x100.png 100w\" sizes=\"(max-width: 300px) 100vw, 300px\" \/><\/td>\n<td><strong>INDIVIDUAL SERIAL NUMBERS ON ENGINES<\/strong><\/p>\n<p>Specially for the K\u00f6nner &amp; S\u00f6hnen trademark German engineers have created K&amp;S series engines, that have passed multi-hour and multi-level tests, that\u2019s why they are so reliable.<\/td>\n<\/tr>\n<tr class=\"even\">\n<td><img decoding=\"async\" class=\"alignnone size-medium wp-image-15131\" src=\"https:\/\/staging.genekas24.ee\/wp-content\/uploads\/2021\/12\/led-230-300x300.png\" alt=\"\" width=\"300\" height=\"300\" srcset=\"https:\/\/staging.genekas24.ee\/wp-content\/uploads\/2021\/12\/led-230-300x300.png 300w, https:\/\/staging.genekas24.ee\/wp-content\/uploads\/2021\/12\/led-230-150x150.png 150w, https:\/\/staging.genekas24.ee\/wp-content\/uploads\/2021\/12\/led-230-768x768.png 768w, https:\/\/staging.genekas24.ee\/wp-content\/uploads\/2021\/12\/led-230-12x12.png 12w, https:\/\/staging.genekas24.ee\/wp-content\/uploads\/2021\/12\/led-230-600x600.png 600w, https:\/\/staging.genekas24.ee\/wp-content\/uploads\/2021\/12\/led-230-100x100.png 100w, https:\/\/staging.genekas24.ee\/wp-content\/uploads\/2021\/12\/led-230.png 1000w\" sizes=\"(max-width: 300px) 100vw, 300px\" \/><\/td>\n<td><strong>CONVENIENT ERGONOMIC CONTROL PANEL WITH ELECTRIC START<\/strong><\/p>\n<p>Generator\u2019s ergonomic control panel allows you to easily control its operation due to the convenient functions location: a modern LED display (counter hours, frequency, voltage), electric start, emergency (circuit breaker) switch, low oil level sensor, outlets, terminals and more.<\/td>\n<\/tr>\n<tr class=\"odd\">\n<td><img loading=\"lazy\" decoding=\"async\" class=\"alignnone size-full wp-image-15100\" src=\"https:\/\/staging.genekas24.ee\/wp-content\/uploads\/2021\/12\/alternator.jpg\" alt=\"\" width=\"288\" height=\"300\" srcset=\"https:\/\/staging.genekas24.ee\/wp-content\/uploads\/2021\/12\/alternator.jpg 288w, https:\/\/staging.genekas24.ee\/wp-content\/uploads\/2021\/12\/alternator-12x12.jpg 12w\" sizes=\"(max-width: 288px) 100vw, 288px\" \/><\/td>\n<td><strong>ALTERNATOR WITH 100% COPPER WINDING<\/strong><\/p>\n<p>TM K\u00f6nner &amp; S\u00f6hnen generators are equipped with a high-end synchronous alternator with 100% copper winding. It is only the copper winding that can withstand maximum loads without any damage to ensure long-term reliable operation of the generator set.<\/td>\n<\/tr>\n<tr class=\"even\">\n<td><img loading=\"lazy\" decoding=\"async\" class=\"alignnone size-full wp-image-15121\" src=\"https:\/\/staging.genekas24.ee\/wp-content\/uploads\/2021\/12\/KS-10000E-ATS-6-1-300x255-1.jpg\" alt=\"\" width=\"300\" height=\"255\" srcset=\"https:\/\/staging.genekas24.ee\/wp-content\/uploads\/2021\/12\/KS-10000E-ATS-6-1-300x255-1.jpg 300w, https:\/\/staging.genekas24.ee\/wp-content\/uploads\/2021\/12\/KS-10000E-ATS-6-1-300x255-1-14x12.jpg 14w\" sizes=\"(max-width: 300px) 100vw, 300px\" \/><\/td>\n<td><strong>EASY START SYSTEM<\/strong><\/p>\n<p>Easy start system system allows you to start the engine quickly and to do this without much effort. For ease of use, generators of this type have two types of startup \u2013 manual and electric. More powerful models are additionally equipped with an electric start system.<\/td>\n<\/tr>\n<tr class=\"odd\">\n<td><img loading=\"lazy\" decoding=\"async\" class=\"alignnone size-medium wp-image-15101\" src=\"https:\/\/staging.genekas24.ee\/wp-content\/uploads\/2021\/12\/Bak1-300x300.png\" alt=\"\" width=\"300\" height=\"300\" srcset=\"https:\/\/staging.genekas24.ee\/wp-content\/uploads\/2021\/12\/Bak1-300x300.png 300w, https:\/\/staging.genekas24.ee\/wp-content\/uploads\/2021\/12\/Bak1-150x150.png 150w, https:\/\/staging.genekas24.ee\/wp-content\/uploads\/2021\/12\/Bak1-768x768.png 768w, https:\/\/staging.genekas24.ee\/wp-content\/uploads\/2021\/12\/Bak1-12x12.png 12w, https:\/\/staging.genekas24.ee\/wp-content\/uploads\/2021\/12\/Bak1-600x600.png 600w, https:\/\/staging.genekas24.ee\/wp-content\/uploads\/2021\/12\/Bak1-100x100.png 100w, https:\/\/staging.genekas24.ee\/wp-content\/uploads\/2021\/12\/Bak1.png 800w\" sizes=\"(max-width: 300px) 100vw, 300px\" \/><\/td>\n<td><strong>STEEL TANK<\/strong><\/p>\n<p>\u201cK\u00f6nner &amp; S\u00f6hnen\u201d generators are equipped with an enlarged steel fuel tank, which extends the generator\u2019s operating time without refueling. The fuel level indicator is located on the tank for ease of use.<\/td>\n<\/tr>\n<tr class=\"even\">\n<td><img loading=\"lazy\" decoding=\"async\" class=\"alignnone size-medium wp-image-15102\" src=\"https:\/\/staging.genekas24.ee\/wp-content\/uploads\/2021\/12\/reduced-vibration-300x276.jpg\" alt=\"\" width=\"300\" height=\"276\" srcset=\"https:\/\/staging.genekas24.ee\/wp-content\/uploads\/2021\/12\/reduced-vibration-300x276.jpg 300w, https:\/\/staging.genekas24.ee\/wp-content\/uploads\/2021\/12\/reduced-vibration-13x12.jpg 13w, https:\/\/staging.genekas24.ee\/wp-content\/uploads\/2021\/12\/reduced-vibration.jpg 522w\" sizes=\"(max-width: 300px) 100vw, 300px\" \/><\/td>\n<td><strong>DAMPERS TO LOWER VIBRATION<\/strong><\/p>\n<p>All models of the K\u00f6nner &amp; S\u00f6hnen generators are equipped with rubber feet to reduce vibrations. Thanks to the rubber damper, the working generator will not damage the floor covering, and the frame coating will not be scratched.<\/td>\n<\/tr>\n<\/tbody>\n<\/table>\n<p><em><span style=\"font-size: 14px;\">***Fuel consumption depends on many factors: load, fuel quality, season, altitude and generator technical condition.<\/span><\/em><\/p>","protected":false},"excerpt":{"rendered":"<table>\n<tbody>\n<tr class=\"even\">\n<td width=\"60%\">Voltage<\/td>\n<td>230<\/td>\n<\/tr>\n<tr class=\"odd\">\n<td>Max power, kW<\/td>\n<td>8.0<\/td>\n<\/tr>\n<tr class=\"even\">\n<td>Nominal power, kW<\/td>\n<td>7.5<\/td>\n<\/tr>\n<tr class=\"odd\">\n<td>Frequency, Hz<\/td>\n<td>50<\/td>\n<\/tr>\n<tr class=\"even\">\n<td>Current (max), \u0410<\/td>\n<td>34.78<\/td>\n<\/tr>\n<tr class=\"odd\">\n<td>Outlets<\/td>\n<td>1 x Schuko 230 V<br \/>\n1 x CEE 230 V 32 A<\/td>\n<\/tr>\n<tr class=\"even\">\n<td>Fuel tank volume, l<\/td>\n<td>25<\/td>\n<\/tr>\n<tr class=\"odd\">\n<td>Avg. working time (power 50%), h***<\/td>\n<td>15<\/td>\n<\/tr>\n<tr class=\"even\">\n<td>LED display<\/td>\n<td>Voltage, frequency, working hours<\/td>\n<\/tr>\n<tr class=\"odd\">\n<td>Noise level Lpa (7m)\/Lwa, dB<\/td>\n<td>71\/96<\/td>\n<\/tr>\n<tr class=\"even\">\n<td>Power output DC, V\/\u0410<\/td>\n<td>12\/8.3<\/td>\n<\/tr>\n<tr class=\"odd\">\n<td>Engine model<\/td>\n<td>KS\u00a0440<\/td>\n<\/tr>\n<tr class=\"even\">\n<td>Engine type<\/td>\n<td>Gasoline powered one-cylinder, four-stroke air-cooled<\/td>\n<\/tr>\n<tr class=\"odd\">\n<td>Engine power, hp\/kW<\/td>\n<td>18.0\/13.24<\/td>\n<\/tr>\n<tr class=\"even\">\n<td>Crank case volume, L<\/td>\n<td>1.2<\/td>\n<\/tr>\n<tr class=\"odd\">\n<td>Engine cylinder volume, cm3<\/td>\n<td>440<\/td>\n<\/tr>\n<tr class=\"even\">\n<td>Power output controller<\/td>\n<td>Intelligent voltage stabilization system AVR<\/td>\n<\/tr>\n<tr class=\"odd\">\n<td>Engine start<\/td>\n<td>Manual\/electric<\/td>\n<\/tr>\n<tr class=\"even\">\n<td>Protection class<\/td>\n<td>IP23M<\/td>\n<\/tr>\n<tr>\n<td>Net dimensions (LxWxH), mm<\/td>\n<td>680x545x550<\/td>\n<\/tr>\n<tr>\n<td>Gross dimensions (LxWxH), mm<\/td>\n<td>700x545x590<\/td>\n<\/tr>\n<tr>\n<td>Net weight, kg<\/td>\n<td>85.5<\/td>\n<\/tr>\n<tr>\n<td>Gross weight, kg<\/td>\n<td>87.9<\/td>\n<\/tr>\n<tr>\n<td>EAN code<\/td>\n<td>4260405361168<\/td>\n<\/tr>\n<\/tbody>\n<\/table>\n<p>Assembled in PRC.<\/p>\n<p>*** Fuel consumption depends on many factors, such as load, fuel quality, season, altitude, technical condition of the generator.<\/p>","protected":false},"featured_media":17712,"template":"","meta":{"_acf_changed":false,"inline_featured_image":false},"product_brand":[],"product_cat":[179,94,21],"product_tag":[],"class_list":{"0":"post-11582","1":"product","2":"type-product","3":"status-publish","4":"has-post-thumbnail","6":"product_cat-allahinnatud","7":"product_cat-generaatorid","8":"product_cat-bensiinigeneraatorid","9":"product_shipping_class-poolalus","10":"brand-konner-sohnen","12":"first","13":"instock","14":"sale","15":"featured","16":"taxable","17":"shipping-taxable","18":"purchasable","19":"product-type-simple"},"acf":[],"yoast_head":"<!-- This site is optimized with the Yoast SEO plugin v26.2 - https:\/\/yoast.com\/wordpress\/plugins\/seo\/ -->\n<title>Bensiinigeneraator KS 10000E - Genekas24<\/title>\n<meta name=\"robots\" content=\"index, follow, max-snippet:-1, max-image-preview:large, max-video-preview:-1\" \/>\n<link rel=\"canonical\" href=\"https:\/\/staging.genekas24.ee\/en\/product\/gasoline-generator-ks-10000e\/\" \/>\n<meta property=\"og:locale\" content=\"en_GB\" \/>\n<meta property=\"og:type\" content=\"article\" \/>\n<meta property=\"og:title\" content=\"Bensiinigeneraator KS 10000E - Genekas24\" \/>\n<meta property=\"og:description\" content=\"Pinge 230   Max v\u00f5imsus, kW 8.0   Nominaalne v\u00f5imsus, kW 7.5   Sagedus, Hz 50   Vool (max), \u0410 34.78   Pistikupesad 1 x Schuko 230 V 1 x CEE 230 V 32 A   K\u00fctusepaagi maht, l 25   Keskmine t\u00f6\u00f6aeg (power 50%), h*** 15   LED ekraan Pinge, sagedus, t\u00f6\u00f6aeg   M\u00fcratase Lpa (7m)\/Lwa, dB 71\/96   V\u00f5imsus DC, V\/\u0410 12\/8.3   Mootori mudel KS\u00a0440   Mootori t\u00fc\u00fcp Bensiinimootoriga \u00fchesilindriline, neljataktiline \u00f5hkjahutusega   Mootori v\u00f5imsus, hp\/kW 18.0\/13.24   Karteri maht, l 1.2   Mootori silindri maht, cm3 440   Toitev\u00e4ljundi kontroller Pinge stabiliseerimiss\u00fcsteem AVR   Mootori k\u00e4ivitamine Manuaal\/elektriline   Kaitseklass IP23M   Neto m\u00f5\u00f5dud (PxLxK), mm 680x545x550   Bruto m\u00f5\u00f5dud (PxLxK), mm 700x545x590   Netokaal, kg 85.5   Brutokaal, kg 87.9   EAN kood 4260405361168    Kokku pandud HRV-s.  *** K\u00fctusekulu s\u00f5ltub paljudest teguritest, nagu koormus, k\u00fctuse kvaliteet, aastaaeg, k\u00f5rgus merepinnast, generaatori tehniline seisukord.\" \/>\n<meta property=\"og:url\" content=\"https:\/\/staging.genekas24.ee\/en\/product\/gasoline-generator-ks-10000e\/\" \/>\n<meta property=\"og:site_name\" content=\"Genekas24\" \/>\n<meta property=\"article:modified_time\" content=\"2025-12-31T08:48:41+00:00\" \/>\n<meta property=\"og:image\" content=\"https:\/\/staging.genekas24.ee\/wp-content\/uploads\/2021\/11\/KS-10000E.png\" \/>\n\t<meta property=\"og:image:width\" content=\"900\" \/>\n\t<meta property=\"og:image:height\" content=\"713\" \/>\n\t<meta property=\"og:image:type\" content=\"image\/png\" \/>\n<meta name=\"twitter:card\" content=\"summary_large_image\" \/>\n<meta name=\"twitter:label1\" content=\"Estimated reading time\" \/>\n\t<meta name=\"twitter:data1\" content=\"3 minutes\" \/>\n<script type=\"application\/ld+json\" class=\"yoast-schema-graph\">{\"@context\":\"https:\/\/schema.org\",\"@graph\":[{\"@type\":\"WebPage\",\"@id\":\"https:\/\/staging.genekas24.ee\/toode\/bensiinigeneraator-ks-10000e\/\",\"url\":\"https:\/\/staging.genekas24.ee\/toode\/bensiinigeneraator-ks-10000e\/\",\"name\":\"Bensiinigeneraator KS 10000E - Genekas24\",\"isPartOf\":{\"@id\":\"https:\/\/staging.genekas24.ee\/#website\"},\"primaryImageOfPage\":{\"@id\":\"https:\/\/staging.genekas24.ee\/toode\/bensiinigeneraator-ks-10000e\/#primaryimage\"},\"image\":{\"@id\":\"https:\/\/staging.genekas24.ee\/toode\/bensiinigeneraator-ks-10000e\/#primaryimage\"},\"thumbnailUrl\":\"https:\/\/staging.genekas24.ee\/wp-content\/uploads\/2021\/11\/KS-10000E.png\",\"datePublished\":\"2021-11-13T20:32:23+00:00\",\"dateModified\":\"2025-12-31T08:48:41+00:00\",\"breadcrumb\":{\"@id\":\"https:\/\/staging.genekas24.ee\/toode\/bensiinigeneraator-ks-10000e\/#breadcrumb\"},\"inLanguage\":\"en-GB\",\"potentialAction\":[{\"@type\":\"ReadAction\",\"target\":[\"https:\/\/staging.genekas24.ee\/toode\/bensiinigeneraator-ks-10000e\/\"]}]},{\"@type\":\"ImageObject\",\"inLanguage\":\"en-GB\",\"@id\":\"https:\/\/staging.genekas24.ee\/toode\/bensiinigeneraator-ks-10000e\/#primaryimage\",\"url\":\"https:\/\/staging.genekas24.ee\/wp-content\/uploads\/2021\/11\/KS-10000E.png\",\"contentUrl\":\"https:\/\/staging.genekas24.ee\/wp-content\/uploads\/2021\/11\/KS-10000E.png\",\"width\":900,\"height\":713},{\"@type\":\"BreadcrumbList\",\"@id\":\"https:\/\/staging.genekas24.ee\/toode\/bensiinigeneraator-ks-10000e\/#breadcrumb\",\"itemListElement\":[{\"@type\":\"ListItem\",\"position\":1,\"name\":\"Home\",\"item\":\"https:\/\/staging.genekas24.ee\/\"},{\"@type\":\"ListItem\",\"position\":2,\"name\":\"Pood\",\"item\":\"https:\/\/staging.genekas24.ee\/pood\/\"},{\"@type\":\"ListItem\",\"position\":3,\"name\":\"Bensiinigeneraator KS 10000E\"}]},{\"@type\":\"WebSite\",\"@id\":\"https:\/\/staging.genekas24.ee\/#website\",\"url\":\"https:\/\/staging.genekas24.ee\/\",\"name\":\"Genekas24\",\"description\":\"Generaatorid | K&ouml;nner S&ouml;hnen tooted | Genekas24\",\"publisher\":{\"@id\":\"https:\/\/staging.genekas24.ee\/#organization\"},\"potentialAction\":[{\"@type\":\"SearchAction\",\"target\":{\"@type\":\"EntryPoint\",\"urlTemplate\":\"https:\/\/staging.genekas24.ee\/?s={search_term_string}\"},\"query-input\":{\"@type\":\"PropertyValueSpecification\",\"valueRequired\":true,\"valueName\":\"search_term_string\"}}],\"inLanguage\":\"en-GB\"},{\"@type\":\"Organization\",\"@id\":\"https:\/\/staging.genekas24.ee\/#organization\",\"name\":\"Genekas24\",\"url\":\"https:\/\/staging.genekas24.ee\/\",\"logo\":{\"@type\":\"ImageObject\",\"inLanguage\":\"en-GB\",\"@id\":\"https:\/\/staging.genekas24.ee\/#\/schema\/logo\/image\/\",\"url\":\"https:\/\/staging.genekas24.ee\/wp-content\/uploads\/2026\/01\/genekas24-logo_black.svg\",\"contentUrl\":\"https:\/\/staging.genekas24.ee\/wp-content\/uploads\/2026\/01\/genekas24-logo_black.svg\",\"width\":840,\"height\":131,\"caption\":\"Genekas24\"},\"image\":{\"@id\":\"https:\/\/staging.genekas24.ee\/#\/schema\/logo\/image\/\"}}]}<\/script>\n<!-- \/ Yoast SEO plugin. -->","yoast_head_json":{"title":"Bensiinigeneraator KS 10000E - Genekas24","robots":{"index":"index","follow":"follow","max-snippet":"max-snippet:-1","max-image-preview":"max-image-preview:large","max-video-preview":"max-video-preview:-1"},"canonical":"https:\/\/staging.genekas24.ee\/en\/product\/gasoline-generator-ks-10000e\/","og_locale":"en_GB","og_type":"article","og_title":"Bensiinigeneraator KS 10000E - Genekas24","og_description":"Pinge 230   Max v\u00f5imsus, kW 8.0   Nominaalne v\u00f5imsus, kW 7.5   Sagedus, Hz 50   Vool (max), \u0410 34.78   Pistikupesad 1 x Schuko 230 V 1 x CEE 230 V 32 A   K\u00fctusepaagi maht, l 25   Keskmine t\u00f6\u00f6aeg (power 50%), h*** 15   LED ekraan Pinge, sagedus, t\u00f6\u00f6aeg   M\u00fcratase Lpa (7m)\/Lwa, dB 71\/96   V\u00f5imsus DC, V\/\u0410 12\/8.3   Mootori mudel KS\u00a0440   Mootori t\u00fc\u00fcp Bensiinimootoriga \u00fchesilindriline, neljataktiline \u00f5hkjahutusega   Mootori v\u00f5imsus, hp\/kW 18.0\/13.24   Karteri maht, l 1.2   Mootori silindri maht, cm3 440   Toitev\u00e4ljundi kontroller Pinge stabiliseerimiss\u00fcsteem AVR   Mootori k\u00e4ivitamine Manuaal\/elektriline   Kaitseklass IP23M   Neto m\u00f5\u00f5dud (PxLxK), mm 680x545x550   Bruto m\u00f5\u00f5dud (PxLxK), mm 700x545x590   Netokaal, kg 85.5   Brutokaal, kg 87.9   EAN kood 4260405361168    Kokku pandud HRV-s.  *** K\u00fctusekulu s\u00f5ltub paljudest teguritest, nagu koormus, k\u00fctuse kvaliteet, aastaaeg, k\u00f5rgus merepinnast, generaatori tehniline seisukord.","og_url":"https:\/\/staging.genekas24.ee\/en\/product\/gasoline-generator-ks-10000e\/","og_site_name":"Genekas24","article_modified_time":"2025-12-31T08:48:41+00:00","og_image":[{"width":900,"height":713,"url":"https:\/\/staging.genekas24.ee\/wp-content\/uploads\/2021\/11\/KS-10000E.png","type":"image\/png"}],"twitter_card":"summary_large_image","twitter_misc":{"Estimated reading time":"3 minutes"},"schema":{"@context":"https:\/\/schema.org","@graph":[{"@type":"WebPage","@id":"https:\/\/staging.genekas24.ee\/toode\/bensiinigeneraator-ks-10000e\/","url":"https:\/\/staging.genekas24.ee\/toode\/bensiinigeneraator-ks-10000e\/","name":"Bensiinigeneraator KS 10000E - Genekas24","isPartOf":{"@id":"https:\/\/staging.genekas24.ee\/#website"},"primaryImageOfPage":{"@id":"https:\/\/staging.genekas24.ee\/toode\/bensiinigeneraator-ks-10000e\/#primaryimage"},"image":{"@id":"https:\/\/staging.genekas24.ee\/toode\/bensiinigeneraator-ks-10000e\/#primaryimage"},"thumbnailUrl":"https:\/\/staging.genekas24.ee\/wp-content\/uploads\/2021\/11\/KS-10000E.png","datePublished":"2021-11-13T20:32:23+00:00","dateModified":"2025-12-31T08:48:41+00:00","breadcrumb":{"@id":"https:\/\/staging.genekas24.ee\/toode\/bensiinigeneraator-ks-10000e\/#breadcrumb"},"inLanguage":"en-GB","potentialAction":[{"@type":"ReadAction","target":["https:\/\/staging.genekas24.ee\/toode\/bensiinigeneraator-ks-10000e\/"]}]},{"@type":"ImageObject","inLanguage":"en-GB","@id":"https:\/\/staging.genekas24.ee\/toode\/bensiinigeneraator-ks-10000e\/#primaryimage","url":"https:\/\/staging.genekas24.ee\/wp-content\/uploads\/2021\/11\/KS-10000E.png","contentUrl":"https:\/\/staging.genekas24.ee\/wp-content\/uploads\/2021\/11\/KS-10000E.png","width":900,"height":713},{"@type":"BreadcrumbList","@id":"https:\/\/staging.genekas24.ee\/toode\/bensiinigeneraator-ks-10000e\/#breadcrumb","itemListElement":[{"@type":"ListItem","position":1,"name":"Home","item":"https:\/\/staging.genekas24.ee\/"},{"@type":"ListItem","position":2,"name":"Pood","item":"https:\/\/staging.genekas24.ee\/pood\/"},{"@type":"ListItem","position":3,"name":"Bensiinigeneraator KS 10000E"}]},{"@type":"WebSite","@id":"https:\/\/staging.genekas24.ee\/#website","url":"https:\/\/staging.genekas24.ee\/","name":"Genekas24","description":"Generaatorid | K&ouml;nner S&ouml;hnen tooted | Genekas24","publisher":{"@id":"https:\/\/staging.genekas24.ee\/#organization"},"potentialAction":[{"@type":"SearchAction","target":{"@type":"EntryPoint","urlTemplate":"https:\/\/staging.genekas24.ee\/?s={search_term_string}"},"query-input":{"@type":"PropertyValueSpecification","valueRequired":true,"valueName":"search_term_string"}}],"inLanguage":"en-GB"},{"@type":"Organization","@id":"https:\/\/staging.genekas24.ee\/#organization","name":"Genekas24","url":"https:\/\/staging.genekas24.ee\/","logo":{"@type":"ImageObject","inLanguage":"en-GB","@id":"https:\/\/staging.genekas24.ee\/#\/schema\/logo\/image\/","url":"https:\/\/staging.genekas24.ee\/wp-content\/uploads\/2026\/01\/genekas24-logo_black.svg","contentUrl":"https:\/\/staging.genekas24.ee\/wp-content\/uploads\/2026\/01\/genekas24-logo_black.svg","width":840,"height":131,"caption":"Genekas24"},"image":{"@id":"https:\/\/staging.genekas24.ee\/#\/schema\/logo\/image\/"}}]}},"_links":{"self":[{"href":"https:\/\/staging.genekas24.ee\/en\/wp-json\/wp\/v2\/product\/11582","targetHints":{"allow":["GET"]}}],"collection":[{"href":"https:\/\/staging.genekas24.ee\/en\/wp-json\/wp\/v2\/product"}],"about":[{"href":"https:\/\/staging.genekas24.ee\/en\/wp-json\/wp\/v2\/types\/product"}],"version-history":[{"count":11,"href":"https:\/\/staging.genekas24.ee\/en\/wp-json\/wp\/v2\/product\/11582\/revisions"}],"predecessor-version":[{"id":20781,"href":"https:\/\/staging.genekas24.ee\/en\/wp-json\/wp\/v2\/product\/11582\/revisions\/20781"}],"wp:featuredmedia":[{"embeddable":true,"href":"https:\/\/staging.genekas24.ee\/en\/wp-json\/wp\/v2\/media\/17712"}],"wp:attachment":[{"href":"https:\/\/staging.genekas24.ee\/en\/wp-json\/wp\/v2\/media?parent=11582"}],"wp:term":[{"taxonomy":"product_brand","embeddable":true,"href":"https:\/\/staging.genekas24.ee\/en\/wp-json\/wp\/v2\/product_brand?post=11582"},{"taxonomy":"product_cat","embeddable":true,"href":"https:\/\/staging.genekas24.ee\/en\/wp-json\/wp\/v2\/product_cat?post=11582"},{"taxonomy":"product_tag","embeddable":true,"href":"https:\/\/staging.genekas24.ee\/en\/wp-json\/wp\/v2\/product_tag?post=11582"}],"curies":[{"name":"wp","href":"https:\/\/api.w.org\/{rel}","templated":true}]}}