{"id":11551,"date":"2023-01-25T21:17:51","date_gmt":"2023-01-25T21:17:51","guid":{"rendered":"https:\/\/staging.genekas24.ee\/?post_type=product&#038;p=11551"},"modified":"2025-12-02T10:02:59","modified_gmt":"2025-12-02T10:02:59","slug":"monokristalliline-silikoon-kaasaskantav-paikesepaneel-ks-sp28w-4","status":"publish","type":"product","link":"https:\/\/staging.genekas24.ee\/en\/product\/monocrystalline-silicon-portable-solar-panel-ks-sp28w-4\/","title":{"rendered":"Monocrystalline silicon portable solar panel KS SP28W-4"},"content":{"rendered":"<p>The KS SP28W-4 portable solar panel charger from German brand K\u00f6nner &amp; S\u00f6hnen comes in handy for charging devices during outdoor activities, long hikes and all applications in areas exposed to sunlight. This solar panel charger is suitable for charging cell phones, tablets, GPS, power banks, and other devices. High-quality monocrystalline elements of the solar panel ensure a high conversion rate of light energy into electricity and a long service life. Charge your devices quickly with unlimited, clean and free solar power.<\/p>\n<div class=\"container-fluid\">\n<div class=\"row main-content\">\n<section class=\"product-page container\">\n<div class=\"product-details\">\n<div class=\"tab-content\">\n<div id=\"description\" class=\"tab-pane active\" role=\"tabpanel\">\n<div class=\"product-description text-content\">\n<p>The charger is easy and safe to use, environmentally friendly and energy efficient. The portable solar panel charger comes with an adapter with a USB port. A LED light on the adapter tells you there is enough solar power to charge your devices.\n\nThe extremely compact foldable design allows for easy carrying with one hand. The device has two holes with eyelets on the corners allowing easy attachment to backpacks, trees or tents with carabiners. Devices to be charged fit into the zippered pocket while keeping them safe and clean. The ability to operate in a partially unfolded state allows the solar panel charger to be used in confined spaces or on the move.\n\nWe offer customers and partners comprehensive after-sales support and an international warranty.\n\nWe make high quality, reliability and operational safety of our products our highest priority. The K\u00f6nner &amp; S\u00f6hnen portable solar panel charger is your decent investment in a sustainable future and your lifeline in case of emergencies.<\/p>\n<p><strong>The model has the following features:<\/strong><\/p>\n<ul class=\"ticks\">\n<li>noiseless portable solar panel charger is powered by clean and free solar energy<\/li>\n<li>solar panel elements are made of high-quality monocrystalline silicon, which ensures high efficiency of converting light energy into electricity and a long service life<\/li>\n<li>thanks to a variety of available connector sizes, the unit is compatible with various devices<\/li>\n<li>extremely compact foldable lightweight design<\/li>\n<li>two holes with eyelets on the corners for easy attachment to backpacks, trees or tents.<\/li>\n<\/ul>\n<\/div>\n<div class=\"below_features\"><\/div>\n<\/div>\n<\/div>\n<\/div>\n<\/section>\n<\/div>\n<\/div>","protected":false},"excerpt":{"rendered":"<table>\n<tbody>\n<tr class=\"even\">\n<td width=\"60%\">Solar panel<\/td>\n<td>4x 28 W monocrystalline silicon<\/td>\n<\/tr>\n<tr class=\"odd\">\n<td>Conversion efficiency<\/td>\n<td>&gt; 20%<\/td>\n<\/tr>\n<tr class=\"even\">\n<td>Solar panel output<\/td>\n<td>max. 18 V\/1,55 A<\/td>\n<\/tr>\n<tr class=\"odd\">\n<td>USB output (adapter)<\/td>\n<td>5 V\/2,4 A<\/td>\n<\/tr>\n<tr class=\"even\">\n<td>USB QC 3.0 output (adapter)<\/td>\n<td>5 V\/3 A, 9 V\/2 A, 12 V\/1,5 A<\/td>\n<\/tr>\n<tr class=\"odd\">\n<td>Folded dimensions (L x W x H), mm<\/td>\n<td>290 x 200 x 29<\/td>\n<\/tr>\n<tr class=\"even\">\n<td>Unfolded dimensions (L x W x H), mm<\/td>\n<td>1050 x 29 x 40<\/td>\n<\/tr>\n<tr class=\"odd\">\n<td>Weight, kg<\/td>\n<td>1,1<\/td>\n<\/tr>\n<tr class=\"even\">\n<td>Operation temperature, \u00b0C<\/td>\n<td>-20 \u00b0C \u2013 85 \u00b0C<\/td>\n<\/tr>\n<\/tbody>\n<\/table>\n<p>Assembled in PRC.<\/p>","protected":false},"featured_media":14292,"template":"","meta":{"_acf_changed":false,"inline_featured_image":false},"product_brand":[],"product_cat":[44],"product_tag":[],"class_list":{"0":"post-11551","1":"product","2":"type-product","3":"status-publish","4":"has-post-thumbnail","6":"product_cat-kaasaskantavad-paikesepaneelid","7":"product_shipping_class-vaikepakk","8":"brand-konner-sohnen","10":"first","11":"instock","12":"taxable","13":"shipping-taxable","14":"purchasable","15":"product-type-simple"},"acf":[],"yoast_head":"<!-- This site is optimized with the Yoast SEO plugin v26.2 - https:\/\/yoast.com\/wordpress\/plugins\/seo\/ -->\n<title>Monokristalliline silikoon kaasaskantav p\u00e4ikesepaneel KS SP28W-4 - Genekas24<\/title>\n<meta name=\"robots\" content=\"index, follow, max-snippet:-1, max-image-preview:large, max-video-preview:-1\" \/>\n<link rel=\"canonical\" href=\"https:\/\/staging.genekas24.ee\/en\/product\/monocrystalline-silicon-portable-solar-panel-ks-sp28w-4\/\" \/>\n<meta property=\"og:locale\" content=\"en_GB\" \/>\n<meta property=\"og:type\" content=\"article\" \/>\n<meta property=\"og:title\" content=\"Monokristalliline silikoon kaasaskantav p\u00e4ikesepaneel KS SP28W-4 - Genekas24\" \/>\n<meta property=\"og:description\" content=\"P\u00e4ikesepaneel 4x 28 W monokristalliline r\u00e4ni   Konversiooni efektiivsus &gt; 20%   P\u00e4ikesepaneeli v\u00e4ljund max. 18 V\/1,55 A   USB v\u00e4ljund (adapter) 5 V\/2,4 A   USB QC 3.0 v\u00e4ljund(adapter) 5 V\/3 A, 9 V\/2 A, 12 V\/1,5 A   Kokkupandud m\u00f5\u00f5dud (P x L x K), mm 290 x 200 x 29   M\u00f5\u00f5dud lahtivoldituna (P x L x K), mm 1050 x 29 x 40   Kaal, kg 1,1   T\u00f6\u00f6temperatuur, \u00b0C -20 \u00b0C \u2013 85 \u00b0C    Kokkupandud HRV-s.\" \/>\n<meta property=\"og:url\" content=\"https:\/\/staging.genekas24.ee\/en\/product\/monocrystalline-silicon-portable-solar-panel-ks-sp28w-4\/\" \/>\n<meta property=\"og:site_name\" content=\"Genekas24\" \/>\n<meta property=\"article:modified_time\" content=\"2025-12-02T10:02:59+00:00\" \/>\n<meta property=\"og:image\" content=\"https:\/\/staging.genekas24.ee\/wp-content\/uploads\/2023\/01\/ks-sp28w4-01-1.jpg\" \/>\n\t<meta property=\"og:image:width\" content=\"1600\" \/>\n\t<meta property=\"og:image:height\" content=\"1200\" \/>\n\t<meta property=\"og:image:type\" content=\"image\/jpeg\" \/>\n<meta name=\"twitter:card\" content=\"summary_large_image\" \/>\n<meta name=\"twitter:label1\" content=\"Estimated reading time\" \/>\n\t<meta name=\"twitter:data1\" content=\"2 minutes\" \/>\n<script type=\"application\/ld+json\" class=\"yoast-schema-graph\">{\"@context\":\"https:\/\/schema.org\",\"@graph\":[{\"@type\":\"WebPage\",\"@id\":\"https:\/\/staging.genekas24.ee\/toode\/monokristalliline-silikoon-kaasaskantav-paikesepaneel-ks-sp28w-4\/\",\"url\":\"https:\/\/staging.genekas24.ee\/toode\/monokristalliline-silikoon-kaasaskantav-paikesepaneel-ks-sp28w-4\/\",\"name\":\"Monokristalliline silikoon kaasaskantav p\u00e4ikesepaneel KS SP28W-4 - Genekas24\",\"isPartOf\":{\"@id\":\"https:\/\/staging.genekas24.ee\/#website\"},\"primaryImageOfPage\":{\"@id\":\"https:\/\/staging.genekas24.ee\/toode\/monokristalliline-silikoon-kaasaskantav-paikesepaneel-ks-sp28w-4\/#primaryimage\"},\"image\":{\"@id\":\"https:\/\/staging.genekas24.ee\/toode\/monokristalliline-silikoon-kaasaskantav-paikesepaneel-ks-sp28w-4\/#primaryimage\"},\"thumbnailUrl\":\"https:\/\/staging.genekas24.ee\/wp-content\/uploads\/2023\/01\/ks-sp28w4-01-1.jpg\",\"datePublished\":\"2023-01-25T21:17:51+00:00\",\"dateModified\":\"2025-12-02T10:02:59+00:00\",\"breadcrumb\":{\"@id\":\"https:\/\/staging.genekas24.ee\/toode\/monokristalliline-silikoon-kaasaskantav-paikesepaneel-ks-sp28w-4\/#breadcrumb\"},\"inLanguage\":\"en-GB\",\"potentialAction\":[{\"@type\":\"ReadAction\",\"target\":[\"https:\/\/staging.genekas24.ee\/toode\/monokristalliline-silikoon-kaasaskantav-paikesepaneel-ks-sp28w-4\/\"]}]},{\"@type\":\"ImageObject\",\"inLanguage\":\"en-GB\",\"@id\":\"https:\/\/staging.genekas24.ee\/toode\/monokristalliline-silikoon-kaasaskantav-paikesepaneel-ks-sp28w-4\/#primaryimage\",\"url\":\"https:\/\/staging.genekas24.ee\/wp-content\/uploads\/2023\/01\/ks-sp28w4-01-1.jpg\",\"contentUrl\":\"https:\/\/staging.genekas24.ee\/wp-content\/uploads\/2023\/01\/ks-sp28w4-01-1.jpg\",\"width\":1600,\"height\":1200},{\"@type\":\"BreadcrumbList\",\"@id\":\"https:\/\/staging.genekas24.ee\/toode\/monokristalliline-silikoon-kaasaskantav-paikesepaneel-ks-sp28w-4\/#breadcrumb\",\"itemListElement\":[{\"@type\":\"ListItem\",\"position\":1,\"name\":\"Home\",\"item\":\"https:\/\/staging.genekas24.ee\/\"},{\"@type\":\"ListItem\",\"position\":2,\"name\":\"Pood\",\"item\":\"https:\/\/staging.genekas24.ee\/pood\/\"},{\"@type\":\"ListItem\",\"position\":3,\"name\":\"Monokristalliline silikoon kaasaskantav p\u00e4ikesepaneel KS SP28W-4\"}]},{\"@type\":\"WebSite\",\"@id\":\"https:\/\/staging.genekas24.ee\/#website\",\"url\":\"https:\/\/staging.genekas24.ee\/\",\"name\":\"Genekas24\",\"description\":\"Generaatorid | K&ouml;nner S&ouml;hnen tooted | Genekas24\",\"publisher\":{\"@id\":\"https:\/\/staging.genekas24.ee\/#organization\"},\"potentialAction\":[{\"@type\":\"SearchAction\",\"target\":{\"@type\":\"EntryPoint\",\"urlTemplate\":\"https:\/\/staging.genekas24.ee\/?s={search_term_string}\"},\"query-input\":{\"@type\":\"PropertyValueSpecification\",\"valueRequired\":true,\"valueName\":\"search_term_string\"}}],\"inLanguage\":\"en-GB\"},{\"@type\":\"Organization\",\"@id\":\"https:\/\/staging.genekas24.ee\/#organization\",\"name\":\"Genekas24\",\"url\":\"https:\/\/staging.genekas24.ee\/\",\"logo\":{\"@type\":\"ImageObject\",\"inLanguage\":\"en-GB\",\"@id\":\"https:\/\/staging.genekas24.ee\/#\/schema\/logo\/image\/\",\"url\":\"https:\/\/staging.genekas24.ee\/wp-content\/uploads\/2026\/01\/genekas24-logo_black.svg\",\"contentUrl\":\"https:\/\/staging.genekas24.ee\/wp-content\/uploads\/2026\/01\/genekas24-logo_black.svg\",\"width\":840,\"height\":131,\"caption\":\"Genekas24\"},\"image\":{\"@id\":\"https:\/\/staging.genekas24.ee\/#\/schema\/logo\/image\/\"}}]}<\/script>\n<!-- \/ Yoast SEO plugin. -->","yoast_head_json":{"title":"Monocrystalline silicon portable solar panel KS SP28W-4 \u2013 Genekas24","robots":{"index":"index","follow":"follow","max-snippet":"max-snippet:-1","max-image-preview":"max-image-preview:large","max-video-preview":"max-video-preview:-1"},"canonical":"https:\/\/staging.genekas24.ee\/en\/product\/monocrystalline-silicon-portable-solar-panel-ks-sp28w-4\/","og_locale":"en_GB","og_type":"article","og_title":"Monokristalliline silikoon kaasaskantav p\u00e4ikesepaneel KS SP28W-4 - Genekas24","og_description":"P\u00e4ikesepaneel 4x 28 W monokristalliline r\u00e4ni   Konversiooni efektiivsus &gt; 20%   P\u00e4ikesepaneeli v\u00e4ljund max. 18 V\/1,55 A   USB v\u00e4ljund (adapter) 5 V\/2,4 A   USB QC 3.0 v\u00e4ljund(adapter) 5 V\/3 A, 9 V\/2 A, 12 V\/1,5 A   Kokkupandud m\u00f5\u00f5dud (P x L x K), mm 290 x 200 x 29   M\u00f5\u00f5dud lahtivoldituna (P x L x K), mm 1050 x 29 x 40   Kaal, kg 1,1   T\u00f6\u00f6temperatuur, \u00b0C -20 \u00b0C \u2013 85 \u00b0C    Kokkupandud HRV-s.","og_url":"https:\/\/staging.genekas24.ee\/en\/product\/monocrystalline-silicon-portable-solar-panel-ks-sp28w-4\/","og_site_name":"Genekas24","article_modified_time":"2025-12-02T10:02:59+00:00","og_image":[{"width":1600,"height":1200,"url":"https:\/\/staging.genekas24.ee\/wp-content\/uploads\/2023\/01\/ks-sp28w4-01-1.jpg","type":"image\/jpeg"}],"twitter_card":"summary_large_image","twitter_misc":{"Estimated reading time":"2 minutes"},"schema":{"@context":"https:\/\/schema.org","@graph":[{"@type":"WebPage","@id":"https:\/\/staging.genekas24.ee\/toode\/monokristalliline-silikoon-kaasaskantav-paikesepaneel-ks-sp28w-4\/","url":"https:\/\/staging.genekas24.ee\/toode\/monokristalliline-silikoon-kaasaskantav-paikesepaneel-ks-sp28w-4\/","name":"Monocrystalline silicon portable solar panel KS SP28W-4 \u2013 Genekas24","isPartOf":{"@id":"https:\/\/staging.genekas24.ee\/#website"},"primaryImageOfPage":{"@id":"https:\/\/staging.genekas24.ee\/toode\/monokristalliline-silikoon-kaasaskantav-paikesepaneel-ks-sp28w-4\/#primaryimage"},"image":{"@id":"https:\/\/staging.genekas24.ee\/toode\/monokristalliline-silikoon-kaasaskantav-paikesepaneel-ks-sp28w-4\/#primaryimage"},"thumbnailUrl":"https:\/\/staging.genekas24.ee\/wp-content\/uploads\/2023\/01\/ks-sp28w4-01-1.jpg","datePublished":"2023-01-25T21:17:51+00:00","dateModified":"2025-12-02T10:02:59+00:00","breadcrumb":{"@id":"https:\/\/staging.genekas24.ee\/toode\/monokristalliline-silikoon-kaasaskantav-paikesepaneel-ks-sp28w-4\/#breadcrumb"},"inLanguage":"en-GB","potentialAction":[{"@type":"ReadAction","target":["https:\/\/staging.genekas24.ee\/toode\/monokristalliline-silikoon-kaasaskantav-paikesepaneel-ks-sp28w-4\/"]}]},{"@type":"ImageObject","inLanguage":"en-GB","@id":"https:\/\/staging.genekas24.ee\/toode\/monokristalliline-silikoon-kaasaskantav-paikesepaneel-ks-sp28w-4\/#primaryimage","url":"https:\/\/staging.genekas24.ee\/wp-content\/uploads\/2023\/01\/ks-sp28w4-01-1.jpg","contentUrl":"https:\/\/staging.genekas24.ee\/wp-content\/uploads\/2023\/01\/ks-sp28w4-01-1.jpg","width":1600,"height":1200},{"@type":"BreadcrumbList","@id":"https:\/\/staging.genekas24.ee\/toode\/monokristalliline-silikoon-kaasaskantav-paikesepaneel-ks-sp28w-4\/#breadcrumb","itemListElement":[{"@type":"ListItem","position":1,"name":"Home","item":"https:\/\/staging.genekas24.ee\/"},{"@type":"ListItem","position":2,"name":"Pood","item":"https:\/\/staging.genekas24.ee\/pood\/"},{"@type":"ListItem","position":3,"name":"Monokristalliline silikoon kaasaskantav p\u00e4ikesepaneel KS SP28W-4"}]},{"@type":"WebSite","@id":"https:\/\/staging.genekas24.ee\/#website","url":"https:\/\/staging.genekas24.ee\/","name":"Genekas24","description":"Generaatorid | K&ouml;nner S&ouml;hnen tooted | Genekas24","publisher":{"@id":"https:\/\/staging.genekas24.ee\/#organization"},"potentialAction":[{"@type":"SearchAction","target":{"@type":"EntryPoint","urlTemplate":"https:\/\/staging.genekas24.ee\/?s={search_term_string}"},"query-input":{"@type":"PropertyValueSpecification","valueRequired":true,"valueName":"search_term_string"}}],"inLanguage":"en-GB"},{"@type":"Organization","@id":"https:\/\/staging.genekas24.ee\/#organization","name":"Genekas24","url":"https:\/\/staging.genekas24.ee\/","logo":{"@type":"ImageObject","inLanguage":"en-GB","@id":"https:\/\/staging.genekas24.ee\/#\/schema\/logo\/image\/","url":"https:\/\/staging.genekas24.ee\/wp-content\/uploads\/2026\/01\/genekas24-logo_black.svg","contentUrl":"https:\/\/staging.genekas24.ee\/wp-content\/uploads\/2026\/01\/genekas24-logo_black.svg","width":840,"height":131,"caption":"Genekas24"},"image":{"@id":"https:\/\/staging.genekas24.ee\/#\/schema\/logo\/image\/"}}]}},"_links":{"self":[{"href":"https:\/\/staging.genekas24.ee\/en\/wp-json\/wp\/v2\/product\/11551","targetHints":{"allow":["GET"]}}],"collection":[{"href":"https:\/\/staging.genekas24.ee\/en\/wp-json\/wp\/v2\/product"}],"about":[{"href":"https:\/\/staging.genekas24.ee\/en\/wp-json\/wp\/v2\/types\/product"}],"version-history":[{"count":7,"href":"https:\/\/staging.genekas24.ee\/en\/wp-json\/wp\/v2\/product\/11551\/revisions"}],"predecessor-version":[{"id":20717,"href":"https:\/\/staging.genekas24.ee\/en\/wp-json\/wp\/v2\/product\/11551\/revisions\/20717"}],"wp:featuredmedia":[{"embeddable":true,"href":"https:\/\/staging.genekas24.ee\/en\/wp-json\/wp\/v2\/media\/14292"}],"wp:attachment":[{"href":"https:\/\/staging.genekas24.ee\/en\/wp-json\/wp\/v2\/media?parent=11551"}],"wp:term":[{"taxonomy":"product_brand","embeddable":true,"href":"https:\/\/staging.genekas24.ee\/en\/wp-json\/wp\/v2\/product_brand?post=11551"},{"taxonomy":"product_cat","embeddable":true,"href":"https:\/\/staging.genekas24.ee\/en\/wp-json\/wp\/v2\/product_cat?post=11551"},{"taxonomy":"product_tag","embeddable":true,"href":"https:\/\/staging.genekas24.ee\/en\/wp-json\/wp\/v2\/product_tag?post=11551"}],"curies":[{"name":"wp","href":"https:\/\/api.w.org\/{rel}","templated":true}]}}