{"id":10521,"date":"2023-03-18T13:07:36","date_gmt":"2023-03-18T13:07:36","guid":{"rendered":"https:\/\/staging.genekas24.ee\/?post_type=product&#038;p=10521"},"modified":"2025-12-22T15:28:48","modified_gmt":"2025-12-22T15:28:48","slug":"invertergeneraator-ks-4000ie-s-ats","status":"publish","type":"product","link":"https:\/\/staging.genekas24.ee\/en\/product\/inverter-generator-ks-4000ie-s-ats\/","title":{"rendered":"Inverter generator KS 4000iE S ATS"},"content":{"rendered":"<p><strong>For individual electricity consumers only<\/strong><\/p>\n<p>Inverter generator KS 4000iE S ATS has a built-in ATS unit and can be operated both manually and automatically.<\/p>\n<p>The OFF-RUN rotary switch on the right side of the generator combines the fuel tap, the switch for the internal 12V power supply and the ignition switch. When the generator is not in use, it should remain OFF so that the lithium battery installed in the generator does not discharge. The generator comes with a disconnected battery, which must be connected under the left side cover when first used. The battery is recharged by the internal charging module as soon as the generator is running or the 230V voltage comes to the MAINS INPUT (regardless of the position of the rotary switch).<\/p>\n<p>The MAINS INPUT 230V connection is monitored as soon as you set the rotary switch to RUN and switch the ATS SWITCH to ON. If the 230V voltage at the MAINS INPUT fails, the ATS controller starts the generator and switches its 230V output sockets to the inverter module.<\/p>\n<p>The KS 4000iE S ATS has 2 x 230V sockets, which are switched differently depending on the version of the generator.<\/p>\n<p><strong>For individual electricity consumers only<\/strong><\/p>\n<p><img fetchpriority=\"high\" decoding=\"async\" class=\"alignnone wp-image-10938 size-large\" src=\"https:\/\/staging.genekas24.ee\/wp-content\/uploads\/2023\/03\/inverter-generators-ks-4000ie-s-ats-version-1-1024x393.jpg\" alt=\"\" width=\"1024\" height=\"393\" \/><\/p>\n<div class=\"product-description text-content\">\n<p>The two 230V sockets are active both when operating from the MAINS INPUT and when operating from the generator.<\/p>\n<p>When operated from the MAINS INPUT, the two 230V sockets supply the same system (IT, TN, TT) as MAINS INPUT. The generator must be earthed in TT and TN systems with a copper cable 6-10 mm\u00b2 (depending on local regulations) by connecting its earth screw to the same earth bar to which the MAINS 230V power source is earthed.<\/p>\n<p>The two outlets after switching power to the generator supply only IT system without the grounded neutral conductor. Regulations and protective measures for the IT system must be observed.<\/p>\n<p>With this version of the generator it is possible to supply electricity consumers that can work both in the TN and in the IT system. It is not possible to supply the house completely in automatic mode!<\/p>\n<p><strong>Disclaimer:<\/strong><\/p>\n<p><strong>These instructions can only be taken as a recommendation, are illustrative and must be adapted to the exact local circumstances and conditions during installation.<\/strong><\/p>\n<p><strong>The installation itself should be made by a licensed electrician and in accordance with all local standards and regulations. We take no responsibility for the wrong installations and their consequences.<\/strong><\/p>\n<\/div>\n<div class=\"product-features\">\n<div class=\"product-feature row\"><\/div>\n<\/div>\n<table>\n<tbody>\n<tr class=\"even\">\n<td><img decoding=\"async\" class=\"alignnone size-medium wp-image-2887\" src=\"https:\/\/staging.genekas24.ee\/wp-content\/uploads\/2021\/12\/Pure-sine-wave-300x237.jpg\" alt=\"\" width=\"300\" height=\"237\" srcset=\"https:\/\/staging.genekas24.ee\/wp-content\/uploads\/2021\/12\/Pure-sine-wave-300x237.jpg 300w, https:\/\/staging.genekas24.ee\/wp-content\/uploads\/2021\/12\/Pure-sine-wave-600x474.jpg 600w, https:\/\/staging.genekas24.ee\/wp-content\/uploads\/2021\/12\/Pure-sine-wave-768x607.jpg 768w, https:\/\/staging.genekas24.ee\/wp-content\/uploads\/2021\/12\/Pure-sine-wave-15x12.jpg 15w, https:\/\/staging.genekas24.ee\/wp-content\/uploads\/2021\/12\/Pure-sine-wave.jpg 1013w\" sizes=\"(max-width: 300px) 100vw, 300px\" \/><\/td>\n<td><strong>PURE SINE WAVE<\/strong><\/p>\n<p>The built-in electronic unit with microprocessor control monitors the operation of the generator and provides a stable output voltage of 230V 50Hz sinusoidal form, which is suitable for the reliable operation of sensitive electronics.<\/td>\n<\/tr>\n<tr class=\"even\">\n<td><img decoding=\"async\" class=\"alignnone wp-image-10181 size-medium\" src=\"https:\/\/staging.genekas24.ee\/wp-content\/uploads\/2023\/03\/dvigun-300x300.png\" alt=\"\" width=\"300\" height=\"300\" \/><\/td>\n<td><strong>ROBUST ENGINE<\/strong><\/p>\n<p>The K\u00f6nner &amp; S\u00f6hnen reliable engine is characterized by increased durability, long and stable operation, and meets all European quality standards, including EURO V.<\/td>\n<\/tr>\n<tr class=\"even\">\n<td><img loading=\"lazy\" decoding=\"async\" class=\"alignnone wp-image-10945 size-medium\" src=\"https:\/\/staging.genekas24.ee\/wp-content\/uploads\/2023\/03\/ks-4000ie-s-ats_economy-mode-300x300.jpg\" alt=\"\" width=\"300\" height=\"300\" \/><\/td>\n<td><strong>ECONOMY MODE<\/strong><\/p>\n<p>The ergonomic control panel is equipped with a fuel economy mode switch. This mode reduces fuel consumption by up to 50% at small loads due to lower engine revolutions.<\/td>\n<\/tr>\n<tr class=\"odd\">\n<td><\/td>\n<td><\/td>\n<\/tr>\n<tr class=\"even\">\n<td><img loading=\"lazy\" decoding=\"async\" class=\"alignnone wp-image-10951 size-medium\" src=\"https:\/\/staging.genekas24.ee\/wp-content\/uploads\/2023\/03\/ks-4000ie-s-ats_built-in-ats-300x300.jpg\" alt=\"\" width=\"300\" height=\"300\" \/><\/td>\n<td><strong>BUILT-IN ATS SYSTEM<\/strong><\/p>\n<div class=\"product-feature row\">\n<div class=\"feature-content col-xs-12 col-sm-8 col-md-9\">\n<div class=\"feature-description\">\n<p>Built-in ATS (automatic transfer switch) system \u2013 the generator is equipped with an automatic transfer switch function. The built-in ATS unit allows the generator to monitor the incoming mains supply, automatically starts the generator when the mains supply is disconnected and then automatically stops the generator when the mains supply is restored with no user intervention.<\/p>\n<\/div>\n<\/div>\n<\/div>\n<\/td>\n<\/tr>\n<tr class=\"odd\">\n<td><img loading=\"lazy\" decoding=\"async\" class=\"alignnone wp-image-10285 size-medium\" src=\"https:\/\/staging.genekas24.ee\/wp-content\/uploads\/2023\/03\/economy_panel_4000-300x300.jpg\" alt=\"\" width=\"300\" height=\"300\" \/><\/td>\n<td><strong>ERGONOMIC CONTROL PANEL<\/strong><\/p>\n<p>Convenient location of all functions: working mode indicator, overload and short circuit protection, low oil level sensor, Reset button to reset the control system and restore voltage supply, connector for parallel connection of generators, typical 12 V car socket for a wide range of car devices, gadgets and battery charging, 230 V sockets and grounding terminal.<\/td>\n<\/tr>\n<tr class=\"even\">\n<td><img loading=\"lazy\" decoding=\"async\" class=\"alignnone wp-image-10291 size-medium\" src=\"https:\/\/staging.genekas24.ee\/wp-content\/uploads\/2023\/03\/ks-4000ie-s-noise-300x300.jpg\" alt=\"\" width=\"300\" height=\"300\" \/><\/td>\n<td><strong>LOW NOISE LEVEL<\/strong><\/p>\n<p>T\u00e4nu spetsiaalsele kaitsekorpusele, mis tagab minimaalse m\u00fcrataseme 66 dB, mugav kasutada ja transportida. Toode on varustatud transpordis\u00fcsteemiga.<\/td>\n<\/tr>\n<tr class=\"odd\">\n<td><img loading=\"lazy\" decoding=\"async\" class=\"alignnone wp-image-10193 size-medium\" src=\"https:\/\/staging.genekas24.ee\/wp-content\/uploads\/2023\/03\/alternator-inverter-300x300.png\" alt=\"\" width=\"300\" height=\"300\" \/><\/td>\n<td><strong>HIGH QUALITY ALTERNATOR<\/strong><\/p>\n<p>TM K\u00f6nner &amp; S\u00f6hnen generators are equipped with a high-end synchronous alternator with 100% copper winding. It is only the copper winding that can withstand maximum loads without any damage to ensure long-term reliable operation of the generator set.<\/td>\n<\/tr>\n<tr class=\"even\">\n<td><\/td>\n<td><\/td>\n<\/tr>\n<tr class=\"odd\">\n<td><img loading=\"lazy\" decoding=\"async\" class=\"alignnone wp-image-10303 size-medium\" src=\"https:\/\/staging.genekas24.ee\/wp-content\/uploads\/2023\/03\/ks-4000ie-s_wheels-300x300.jpg\" alt=\"\" width=\"300\" height=\"300\" \/><\/td>\n<td><strong>TRANSPORT KIT<\/strong><\/p>\n<p>K\u00f6nner &amp; S\u00f6hnen Inverter generators are equipped with a transport system for easy movement. Two wheels and a handle that lifts when the generator is moved ensure comfortable transportation and mobility.<\/td>\n<\/tr>\n<\/tbody>\n<\/table>","protected":false},"excerpt":{"rendered":"<table>\n<tbody>\n<tr class=\"even\">\n<td width=\"60%\">\n<div class=\"col-xs-6\">Possible use<\/div>\n<\/td>\n<td>\n<div class=\"attribute row\">\n<div class=\"col-xs-6\">For individual electricity consumers only<\/div>\n<\/div>\n<\/td>\n<\/tr>\n<tr class=\"even\">\n<td width=\"60%\">Voltage<\/td>\n<td>230<\/td>\n<\/tr>\n<tr class=\"odd\">\n<td>\n<div class=\"col-xs-6\">Max power, kW<\/div>\n<\/td>\n<td>4.0<\/td>\n<\/tr>\n<tr class=\"even\">\n<td>\n<div class=\"col-xs-6\">Nominal power, kW<\/div>\n<\/td>\n<td>\n<div class=\"attribute row\">\n<div class=\"col-xs-6\">3.5<\/div>\n<\/div>\n<\/td>\n<\/tr>\n<tr class=\"odd\">\n<td>\n<div class=\"col-xs-6\">Frequency, Hz<\/div>\n<\/td>\n<td>50<\/td>\n<\/tr>\n<tr class=\"even\">\n<td>\n<div class=\"col-xs-6\">Current (max), \u0410<\/div>\n<\/td>\n<td>17.4<\/td>\n<\/tr>\n<tr class=\"odd\">\n<td>Outlets<\/td>\n<td>\n<div class=\"attribute row\">\n<div class=\"col-xs-6\">\n<div class=\"attribute row\">\n<div class=\"col-xs-6\">2 x Schuko 230 V<\/div>\n<\/div>\n<\/div>\n<\/div>\n<\/td>\n<\/tr>\n<tr class=\"even\">\n<td>\n<div class=\"col-xs-6\">Engine start<\/div>\n<\/td>\n<td>Manuaalne\/elektriline\/auto<\/td>\n<\/tr>\n<tr class=\"odd\">\n<td>\n<div class=\"col-xs-6\">Fuel tank volume, l<\/div>\n<\/td>\n<td>\n<div class=\"attribute row\">\n<div class=\"col-xs-6\">12<\/div>\n<\/div>\n<\/td>\n<\/tr>\n<tr class=\"odd\">\n<td>\n<div class=\"col-xs-6\">LED display<\/div>\n<\/td>\n<td>\n<div class=\"attribute row\">\n<div class=\"col-xs-6\">\n<div class=\"attribute row\">\n<div class=\"col-xs-6\">\n<div class=\"attribute row\">\n<div class=\"col-xs-6\">Voltage, frequency, working hours<\/div>\n<\/div>\n<\/div>\n<\/div>\n<\/div>\n<\/div>\n<\/td>\n<\/tr>\n<tr class=\"even\">\n<td>M\u00fcratase l Lpa (7m)\/Lwa, dB<\/td>\n<td>66\/91<\/td>\n<\/tr>\n<tr class=\"odd\">\n<td>Engine model<\/td>\n<td>\n<div class=\"attribute row\">\n<div class=\"col-xs-6\">KS 240i<\/div>\n<\/div>\n<\/td>\n<\/tr>\n<tr class=\"even\">\n<td>Engine cylinder volume, cm3<\/td>\n<td>223<\/td>\n<\/tr>\n<tr class=\"odd\">\n<td>Engine type<\/td>\n<td>\n<div class=\"attribute row\">\n<div class=\"col-xs-6\">Gasoline powered one-cylinder, four-stroke air-cooled<\/div>\n<\/div>\n<\/td>\n<\/tr>\n<tr class=\"even\">\n<td>Engine power, hp<\/td>\n<td>7.5<\/td>\n<\/tr>\n<tr class=\"odd\">\n<td>Possibility of parallel connection<\/td>\n<td>&#8211;<\/td>\n<\/tr>\n<tr class=\"even\">\n<td>Output for ATS<\/td>\n<td>\n<div class=\"attribute row\">\n<div class=\"col-xs-6\">ATS sisseehitatud<\/div>\n<\/div>\n<\/td>\n<\/tr>\n<tr class=\"odd\">\n<td>\n<div class=\"col-xs-6\">Crank case volume, L<\/div>\n<\/td>\n<td>0.6<\/td>\n<\/tr>\n<tr class=\"even\">\n<td>Accumulator, A\u00b7h<\/td>\n<td>1.6<\/td>\n<\/tr>\n<tr class=\"odd\">\n<td>\n<div class=\"col-xs-6\">Alternator winding<\/div>\n<\/td>\n<td>Copper<\/td>\n<\/tr>\n<tr>\n<td>\n<div class=\"col-xs-6\">Protection class<\/div>\n<\/td>\n<td>IP23M<\/td>\n<\/tr>\n<tr class=\"even\">\n<td>Net dimensions (LxWxH), mm<\/td>\n<td>\n<div class=\"attribute row\">\n<div class=\"col-xs-6\">620\u0445440\u0445510<\/div>\n<\/div>\n<\/td>\n<\/tr>\n<tr class=\"odd\">\n<td>Gross dimensions (LxWxH), mm<\/td>\n<td>630\u0445475\u0445570<\/td>\n<\/tr>\n<tr class=\"even\">\n<td>Net weight, kg<\/td>\n<td>40<\/td>\n<\/tr>\n<tr class=\"odd\">\n<td>Bruokaal, kg<\/td>\n<td>43.4<\/td>\n<\/tr>\n<tr class=\"even\">\n<td>EAN code<\/td>\n<td>4260405365784<\/td>\n<\/tr>\n<\/tbody>\n<\/table>\n<p>*** Fuel consumption depends on many factors, such as load, fuel quality, season, altitude, technical condition of the generator.<\/p>\n<p>Assembled in PRC.<\/p>","protected":false},"featured_media":17672,"template":"","meta":{"_acf_changed":false,"inline_featured_image":false},"product_brand":[],"product_cat":[179,94,23],"product_tag":[],"class_list":{"0":"post-10521","1":"product","2":"type-product","3":"status-publish","4":"has-post-thumbnail","6":"product_cat-allahinnatud","7":"product_cat-generaatorid","8":"product_cat-invertergeneraatorid","9":"product_shipping_class-poolalus","10":"brand-konner-sohnen","12":"first","13":"instock","14":"sale","15":"taxable","16":"shipping-taxable","17":"purchasable","18":"product-type-simple"},"acf":[],"yoast_head":"<!-- This site is optimized with the Yoast SEO plugin v26.2 - https:\/\/yoast.com\/wordpress\/plugins\/seo\/ -->\n<title>Invertergeneraator KS 4000iE S ATS - Genekas24<\/title>\n<meta name=\"robots\" content=\"index, follow, max-snippet:-1, max-image-preview:large, max-video-preview:-1\" \/>\n<link rel=\"canonical\" href=\"https:\/\/staging.genekas24.ee\/en\/product\/inverter-generator-ks-4000ie-s-ats\/\" \/>\n<meta property=\"og:locale\" content=\"en_GB\" \/>\n<meta property=\"og:type\" content=\"article\" \/>\n<meta property=\"og:title\" content=\"Invertergeneraator KS 4000iE S ATS - Genekas24\" \/>\n<meta property=\"og:description\" content=\"Kasutus   Ainult individuaal elektri tarbijatele    Pinge 230    Max v\u00f5imsus, kW 4.0    Nominaalne v\u00f5imsus, kW   3.5     Sagedus, Hz 50    Vool (max), \u0410 17.4   Pistikupesad     2 x Schuko 230 V       Mootori k\u00e4ivitamine Manuaalne\/elektriline\/auto    K\u00fctusepaagi maht, l   12     LED-ekraan       Pinge, sagedus, t\u00f6\u00f6aeg        M\u00fcratase l Lpa (7m)\/Lwa, dB 66\/91   Mootori mudel   KS 240i    Mootori silindri maht, cm3 223   Mootori t\u00fc\u00fcp   Bensiinimootoriga \u00fchesilindriline, neljataktiline \u00f5hkjahutusega    Mootori v\u00f5imus, hp 7.5   Paralleel\u00fchenduse v\u00f5imalus -   ATS- v\u00e4ljund   ATS sisseehitatud     Karteri maht, l 0.6   Aku, A\u00b7h 1.6    Alternator winding Copper    Kaitseklass IP23M   Neto m\u00f5\u00f5dud (PxLxK), mm   620\u0445440\u0445510    Bruto m\u00f5\u00f5dud (PxLxK), mm 630\u0445475\u0445570   Netokaal, kg 40   Bruokaal, kg 43.4   EAN kood 4260405365784    *** K\u00fctusekulu s\u00f5ltub paljudest teguritest:\u00a0 koormus, k\u00fctuse kvaliteet, aastaaeg, k\u00f5rgus merepinnast, generaatori tehniline seisukord.  Kokku pandud HRV-s.\" \/>\n<meta property=\"og:url\" content=\"https:\/\/staging.genekas24.ee\/en\/product\/inverter-generator-ks-4000ie-s-ats\/\" \/>\n<meta property=\"og:site_name\" content=\"Genekas24\" \/>\n<meta property=\"article:modified_time\" content=\"2025-12-22T15:28:48+00:00\" \/>\n<meta property=\"og:image\" content=\"https:\/\/staging.genekas24.ee\/wp-content\/uploads\/2023\/03\/KS-4000iE-S-ATS.png\" \/>\n\t<meta property=\"og:image:width\" content=\"600\" \/>\n\t<meta property=\"og:image:height\" content=\"450\" \/>\n\t<meta property=\"og:image:type\" content=\"image\/png\" \/>\n<meta name=\"twitter:card\" content=\"summary_large_image\" \/>\n<meta name=\"twitter:label1\" content=\"Estimated reading time\" \/>\n\t<meta name=\"twitter:data1\" content=\"5 minutes\" \/>\n<script type=\"application\/ld+json\" class=\"yoast-schema-graph\">{\"@context\":\"https:\/\/schema.org\",\"@graph\":[{\"@type\":\"WebPage\",\"@id\":\"https:\/\/staging.genekas24.ee\/toode\/invertergeneraator-ks-4000ie-s-ats\/\",\"url\":\"https:\/\/staging.genekas24.ee\/toode\/invertergeneraator-ks-4000ie-s-ats\/\",\"name\":\"Invertergeneraator KS 4000iE S ATS - Genekas24\",\"isPartOf\":{\"@id\":\"https:\/\/staging.genekas24.ee\/#website\"},\"primaryImageOfPage\":{\"@id\":\"https:\/\/staging.genekas24.ee\/toode\/invertergeneraator-ks-4000ie-s-ats\/#primaryimage\"},\"image\":{\"@id\":\"https:\/\/staging.genekas24.ee\/toode\/invertergeneraator-ks-4000ie-s-ats\/#primaryimage\"},\"thumbnailUrl\":\"https:\/\/staging.genekas24.ee\/wp-content\/uploads\/2023\/03\/KS-4000iE-S-ATS.png\",\"datePublished\":\"2023-03-18T13:07:36+00:00\",\"dateModified\":\"2025-12-22T15:28:48+00:00\",\"breadcrumb\":{\"@id\":\"https:\/\/staging.genekas24.ee\/toode\/invertergeneraator-ks-4000ie-s-ats\/#breadcrumb\"},\"inLanguage\":\"en-GB\",\"potentialAction\":[{\"@type\":\"ReadAction\",\"target\":[\"https:\/\/staging.genekas24.ee\/toode\/invertergeneraator-ks-4000ie-s-ats\/\"]}]},{\"@type\":\"ImageObject\",\"inLanguage\":\"en-GB\",\"@id\":\"https:\/\/staging.genekas24.ee\/toode\/invertergeneraator-ks-4000ie-s-ats\/#primaryimage\",\"url\":\"https:\/\/staging.genekas24.ee\/wp-content\/uploads\/2023\/03\/KS-4000iE-S-ATS.png\",\"contentUrl\":\"https:\/\/staging.genekas24.ee\/wp-content\/uploads\/2023\/03\/KS-4000iE-S-ATS.png\",\"width\":600,\"height\":450},{\"@type\":\"BreadcrumbList\",\"@id\":\"https:\/\/staging.genekas24.ee\/toode\/invertergeneraator-ks-4000ie-s-ats\/#breadcrumb\",\"itemListElement\":[{\"@type\":\"ListItem\",\"position\":1,\"name\":\"Home\",\"item\":\"https:\/\/staging.genekas24.ee\/\"},{\"@type\":\"ListItem\",\"position\":2,\"name\":\"Pood\",\"item\":\"https:\/\/staging.genekas24.ee\/pood\/\"},{\"@type\":\"ListItem\",\"position\":3,\"name\":\"Invertergeneraator KS 4000iE S ATS\"}]},{\"@type\":\"WebSite\",\"@id\":\"https:\/\/staging.genekas24.ee\/#website\",\"url\":\"https:\/\/staging.genekas24.ee\/\",\"name\":\"Genekas24\",\"description\":\"Generaatorid | K&ouml;nner S&ouml;hnen tooted | Genekas24\",\"publisher\":{\"@id\":\"https:\/\/staging.genekas24.ee\/#organization\"},\"potentialAction\":[{\"@type\":\"SearchAction\",\"target\":{\"@type\":\"EntryPoint\",\"urlTemplate\":\"https:\/\/staging.genekas24.ee\/?s={search_term_string}\"},\"query-input\":{\"@type\":\"PropertyValueSpecification\",\"valueRequired\":true,\"valueName\":\"search_term_string\"}}],\"inLanguage\":\"en-GB\"},{\"@type\":\"Organization\",\"@id\":\"https:\/\/staging.genekas24.ee\/#organization\",\"name\":\"Genekas24\",\"url\":\"https:\/\/staging.genekas24.ee\/\",\"logo\":{\"@type\":\"ImageObject\",\"inLanguage\":\"en-GB\",\"@id\":\"https:\/\/staging.genekas24.ee\/#\/schema\/logo\/image\/\",\"url\":\"https:\/\/staging.genekas24.ee\/wp-content\/uploads\/2026\/01\/genekas24-logo_black.svg\",\"contentUrl\":\"https:\/\/staging.genekas24.ee\/wp-content\/uploads\/2026\/01\/genekas24-logo_black.svg\",\"width\":840,\"height\":131,\"caption\":\"Genekas24\"},\"image\":{\"@id\":\"https:\/\/staging.genekas24.ee\/#\/schema\/logo\/image\/\"}}]}<\/script>\n<!-- \/ Yoast SEO plugin. -->","yoast_head_json":{"title":"Inverter generator KS 4000iE S ATS - Genekas24","robots":{"index":"index","follow":"follow","max-snippet":"max-snippet:-1","max-image-preview":"max-image-preview:large","max-video-preview":"max-video-preview:-1"},"canonical":"https:\/\/staging.genekas24.ee\/en\/product\/inverter-generator-ks-4000ie-s-ats\/","og_locale":"en_GB","og_type":"article","og_title":"Invertergeneraator KS 4000iE S ATS - Genekas24","og_description":"Kasutus   Ainult individuaal elektri tarbijatele    Pinge 230    Max v\u00f5imsus, kW 4.0    Nominaalne v\u00f5imsus, kW   3.5     Sagedus, Hz 50    Vool (max), \u0410 17.4   Pistikupesad     2 x Schuko 230 V       Mootori k\u00e4ivitamine Manuaalne\/elektriline\/auto    K\u00fctusepaagi maht, l   12     LED-ekraan       Pinge, sagedus, t\u00f6\u00f6aeg        M\u00fcratase l Lpa (7m)\/Lwa, dB 66\/91   Mootori mudel   KS 240i    Mootori silindri maht, cm3 223   Mootori t\u00fc\u00fcp   Bensiinimootoriga \u00fchesilindriline, neljataktiline \u00f5hkjahutusega    Mootori v\u00f5imus, hp 7.5   Paralleel\u00fchenduse v\u00f5imalus -   ATS- v\u00e4ljund   ATS sisseehitatud     Karteri maht, l 0.6   Aku, A\u00b7h 1.6    Alternator winding Copper    Kaitseklass IP23M   Neto m\u00f5\u00f5dud (PxLxK), mm   620\u0445440\u0445510    Bruto m\u00f5\u00f5dud (PxLxK), mm 630\u0445475\u0445570   Netokaal, kg 40   Bruokaal, kg 43.4   EAN kood 4260405365784    *** K\u00fctusekulu s\u00f5ltub paljudest teguritest:\u00a0 koormus, k\u00fctuse kvaliteet, aastaaeg, k\u00f5rgus merepinnast, generaatori tehniline seisukord.  Kokku pandud HRV-s.","og_url":"https:\/\/staging.genekas24.ee\/en\/product\/inverter-generator-ks-4000ie-s-ats\/","og_site_name":"Genekas24","article_modified_time":"2025-12-22T15:28:48+00:00","og_image":[{"width":600,"height":450,"url":"https:\/\/staging.genekas24.ee\/wp-content\/uploads\/2023\/03\/KS-4000iE-S-ATS.png","type":"image\/png"}],"twitter_card":"summary_large_image","twitter_misc":{"Estimated reading time":"5 minutes"},"schema":{"@context":"https:\/\/schema.org","@graph":[{"@type":"WebPage","@id":"https:\/\/staging.genekas24.ee\/toode\/invertergeneraator-ks-4000ie-s-ats\/","url":"https:\/\/staging.genekas24.ee\/toode\/invertergeneraator-ks-4000ie-s-ats\/","name":"Inverter generator KS 4000iE S ATS - Genekas24","isPartOf":{"@id":"https:\/\/staging.genekas24.ee\/#website"},"primaryImageOfPage":{"@id":"https:\/\/staging.genekas24.ee\/toode\/invertergeneraator-ks-4000ie-s-ats\/#primaryimage"},"image":{"@id":"https:\/\/staging.genekas24.ee\/toode\/invertergeneraator-ks-4000ie-s-ats\/#primaryimage"},"thumbnailUrl":"https:\/\/staging.genekas24.ee\/wp-content\/uploads\/2023\/03\/KS-4000iE-S-ATS.png","datePublished":"2023-03-18T13:07:36+00:00","dateModified":"2025-12-22T15:28:48+00:00","breadcrumb":{"@id":"https:\/\/staging.genekas24.ee\/toode\/invertergeneraator-ks-4000ie-s-ats\/#breadcrumb"},"inLanguage":"en-GB","potentialAction":[{"@type":"ReadAction","target":["https:\/\/staging.genekas24.ee\/toode\/invertergeneraator-ks-4000ie-s-ats\/"]}]},{"@type":"ImageObject","inLanguage":"en-GB","@id":"https:\/\/staging.genekas24.ee\/toode\/invertergeneraator-ks-4000ie-s-ats\/#primaryimage","url":"https:\/\/staging.genekas24.ee\/wp-content\/uploads\/2023\/03\/KS-4000iE-S-ATS.png","contentUrl":"https:\/\/staging.genekas24.ee\/wp-content\/uploads\/2023\/03\/KS-4000iE-S-ATS.png","width":600,"height":450},{"@type":"BreadcrumbList","@id":"https:\/\/staging.genekas24.ee\/toode\/invertergeneraator-ks-4000ie-s-ats\/#breadcrumb","itemListElement":[{"@type":"ListItem","position":1,"name":"Home","item":"https:\/\/staging.genekas24.ee\/"},{"@type":"ListItem","position":2,"name":"Pood","item":"https:\/\/staging.genekas24.ee\/pood\/"},{"@type":"ListItem","position":3,"name":"Invertergeneraator KS 4000iE S ATS"}]},{"@type":"WebSite","@id":"https:\/\/staging.genekas24.ee\/#website","url":"https:\/\/staging.genekas24.ee\/","name":"Genekas24","description":"Generaatorid | K&ouml;nner S&ouml;hnen tooted | Genekas24","publisher":{"@id":"https:\/\/staging.genekas24.ee\/#organization"},"potentialAction":[{"@type":"SearchAction","target":{"@type":"EntryPoint","urlTemplate":"https:\/\/staging.genekas24.ee\/?s={search_term_string}"},"query-input":{"@type":"PropertyValueSpecification","valueRequired":true,"valueName":"search_term_string"}}],"inLanguage":"en-GB"},{"@type":"Organization","@id":"https:\/\/staging.genekas24.ee\/#organization","name":"Genekas24","url":"https:\/\/staging.genekas24.ee\/","logo":{"@type":"ImageObject","inLanguage":"en-GB","@id":"https:\/\/staging.genekas24.ee\/#\/schema\/logo\/image\/","url":"https:\/\/staging.genekas24.ee\/wp-content\/uploads\/2026\/01\/genekas24-logo_black.svg","contentUrl":"https:\/\/staging.genekas24.ee\/wp-content\/uploads\/2026\/01\/genekas24-logo_black.svg","width":840,"height":131,"caption":"Genekas24"},"image":{"@id":"https:\/\/staging.genekas24.ee\/#\/schema\/logo\/image\/"}}]}},"_links":{"self":[{"href":"https:\/\/staging.genekas24.ee\/en\/wp-json\/wp\/v2\/product\/10521","targetHints":{"allow":["GET"]}}],"collection":[{"href":"https:\/\/staging.genekas24.ee\/en\/wp-json\/wp\/v2\/product"}],"about":[{"href":"https:\/\/staging.genekas24.ee\/en\/wp-json\/wp\/v2\/types\/product"}],"version-history":[{"count":16,"href":"https:\/\/staging.genekas24.ee\/en\/wp-json\/wp\/v2\/product\/10521\/revisions"}],"predecessor-version":[{"id":20629,"href":"https:\/\/staging.genekas24.ee\/en\/wp-json\/wp\/v2\/product\/10521\/revisions\/20629"}],"wp:featuredmedia":[{"embeddable":true,"href":"https:\/\/staging.genekas24.ee\/en\/wp-json\/wp\/v2\/media\/17672"}],"wp:attachment":[{"href":"https:\/\/staging.genekas24.ee\/en\/wp-json\/wp\/v2\/media?parent=10521"}],"wp:term":[{"taxonomy":"product_brand","embeddable":true,"href":"https:\/\/staging.genekas24.ee\/en\/wp-json\/wp\/v2\/product_brand?post=10521"},{"taxonomy":"product_cat","embeddable":true,"href":"https:\/\/staging.genekas24.ee\/en\/wp-json\/wp\/v2\/product_cat?post=10521"},{"taxonomy":"product_tag","embeddable":true,"href":"https:\/\/staging.genekas24.ee\/en\/wp-json\/wp\/v2\/product_tag?post=10521"}],"curies":[{"name":"wp","href":"https:\/\/api.w.org\/{rel}","templated":true}]}}